{"id":39,"date":"2020-11-30T01:55:39","date_gmt":"2020-11-30T01:55:39","guid":{"rendered":"https:\/\/demoapus2.com\/uomo-import\/?page_id=39"},"modified":"2024-11-27T17:36:10","modified_gmt":"2024-11-27T16:36:10","slug":"about-us","status":"publish","type":"page","link":"https:\/\/www.parisheure.com\/en\/about-us\/","title":{"rendered":"About us"},"content":{"rendered":"<div data-elementor-type=\"wp-page\" data-elementor-id=\"39\" class=\"elementor elementor-39\">\n\t\t\t\t\t\t<section class=\"elementor-section elementor-top-section elementor-element elementor-element-7b875e0 elementor-section-stretched elementor-section-boxed elementor-section-height-default elementor-section-height-default\" data-id=\"7b875e0\" data-element_type=\"section\" data-e-type=\"section\" data-settings=\"{&quot;stretch_section&quot;:&quot;section-stretched&quot;}\">\n\t\t\t\t\t\t<div class=\"elementor-container elementor-column-gap-extended\">\n\t\t\t\t\t<div class=\"elementor-column elementor-col-100 elementor-top-column elementor-element elementor-element-71cbfdb\" data-id=\"71cbfdb\" data-element_type=\"column\" data-e-type=\"column\">\n\t\t\t<div class=\"elementor-widget-wrap elementor-element-populated\">\n\t\t\t\t\t\t<div class=\"elementor-element elementor-element-baf2d6b elementor-widget elementor-widget-heading\" data-id=\"baf2d6b\" data-element_type=\"widget\" data-e-type=\"widget\" data-widget_type=\"heading.default\">\n\t\t\t\t<div class=\"elementor-widget-container\">\n\t\t\t\t\t<h1 class=\"elementor-heading-title elementor-size-default\">ABOUT PARIS HEURE<\/h1>\t\t\t\t<\/div>\n\t\t\t\t<\/div>\n\t\t\t\t\t<\/div>\n\t\t<\/div>\n\t\t\t\t\t<\/div>\n\t\t<\/section>\n\t\t\t\t<section class=\"elementor-section elementor-top-section elementor-element elementor-element-794874d elementor-section-stretched elementor-section-full_width elementor-section-height-default elementor-section-height-default\" data-id=\"794874d\" data-element_type=\"section\" data-e-type=\"section\" data-settings=\"{&quot;stretch_section&quot;:&quot;section-stretched&quot;}\">\n\t\t\t\t\t\t<div class=\"elementor-container elementor-column-gap-extended\">\n\t\t\t\t\t<div class=\"elementor-column elementor-col-100 elementor-top-column elementor-element elementor-element-ca4e23b\" data-id=\"ca4e23b\" data-element_type=\"column\" data-e-type=\"column\">\n\t\t\t<div class=\"elementor-widget-wrap elementor-element-populated\">\n\t\t\t\t\t\t<div class=\"elementor-element elementor-element-de3374e elementor-widget elementor-widget-heading\" data-id=\"de3374e\" data-element_type=\"widget\" data-e-type=\"widget\" data-widget_type=\"heading.default\">\n\t\t\t\t<div class=\"elementor-widget-container\">\n\t\t\t\t\t<h2 class=\"elementor-heading-title elementor-size-default\"> Who we are<\/h2>\t\t\t\t<\/div>\n\t\t\t\t<\/div>\n\t\t\t\t<div class=\"elementor-element elementor-element-e3f5790 elementor-widget elementor-widget-spacer\" data-id=\"e3f5790\" data-element_type=\"widget\" data-e-type=\"widget\" data-widget_type=\"spacer.default\">\n\t\t\t\t<div class=\"elementor-widget-container\">\n\t\t\t\t\t\t\t<div class=\"elementor-spacer\">\n\t\t\t<div class=\"elementor-spacer-inner\"><\/div>\n\t\t<\/div>\n\t\t\t\t\t\t<\/div>\n\t\t\t\t<\/div>\n\t\t\t\t\t<\/div>\n\t\t<\/div>\n\t\t\t\t\t<\/div>\n\t\t<\/section>\n\t\t\t\t<section class=\"elementor-section elementor-top-section elementor-element elementor-element-6901aa6 elementor-section-boxed elementor-section-height-default elementor-section-height-default\" data-id=\"6901aa6\" data-element_type=\"section\" data-e-type=\"section\">\n\t\t\t\t\t\t<div class=\"elementor-container elementor-column-gap-default\">\n\t\t\t\t\t<div class=\"elementor-column elementor-col-100 elementor-top-column elementor-element elementor-element-34f38f5\" data-id=\"34f38f5\" data-element_type=\"column\" data-e-type=\"column\">\n\t\t\t<div class=\"elementor-widget-wrap elementor-element-populated\">\n\t\t\t\t\t\t<div class=\"elementor-element elementor-element-ab84cc6 elementor-widget elementor-widget-text-editor\" data-id=\"ab84cc6\" data-element_type=\"widget\" data-e-type=\"widget\" data-widget_type=\"text-editor.default\">\n\t\t\t\t<div class=\"elementor-widget-container\">\n\t\t\t\t\t\t\t\t\t<p style=\"text-align: center;\"><strong>Paris Heure<\/strong> buys, sells and exchanges <strong>vintage watches<\/strong> of all collector's brands such as <a href=\"https:\/\/www.parisheure.com\/en\/buy\/rolex\/\"><strong>vintage and pre-owned Rolex watches<\/strong><b>\u00a0original<\/b><\/a>, <strong>Omega, Jaeger lecoultre, Cartier, Patek Philippe, Longines, Br\u00e9guet, Herm\u00e8s, Panerai, and Audemars Piguet<\/strong> for over 15 years now.<\/p><p style=\"text-align: center;\" class=\"translation-block\">We target important collectors as well as <strong>new customers of collectible, vintage and second-hand watches<\/strong>.<\/p><p style=\"text-align: center;\" class=\"translation-block\">We specialize in important vintage and collectible models such as <em>Rolex Daytona, Paul newman, Submariner, Seadweller, Daydate, Datejust, Airking, Patek Philippe nautilus, aquanaut, Audemars P\u00efguet royal oak and others\u2026<\/em><\/p><p style=\"text-align: center;\" class=\"translation-block\">Here you will find the <strong>rare piece<\/strong> that you have been looking for for so long. Our <strong>experience of the last 15 years<\/strong> has allowed us to find for you the most beautiful watches in the best conditions and at fair prices. With our <strong>European, American and Asian network<\/strong>, the Paris Heure team can find the special watch that you have been dreaming of for so long. Thanks to this expertise, <strong>we guarantee each watch for 6 months<\/strong>. And of course the authenticity is guaranteed for life, a certificate of authenticity in pdf will be given with each purchase.<\/p><p style=\"text-align: center;\" class=\"translation-block\">The market for collectible watches is now very important. Indeed, over the last 10 years, the global market has exploded for major brands such as <strong>Rolex, Breguet, <a href=\"https:\/\/www.parisheure.com\/en\/buy\/patek-philippe\/\" target=\"_self\">Patek Philippe<\/a>, Omega, Heuer and Audemars Piguet\u2026<\/strong><br>Now, new markets are appearing (Asian, South American), which is why we send our watches fully insured and worldwide with a <strong>3-day return policy<\/strong>. Shipping is free and insured.<\/p><p style=\"text-align: center;\">In store for more than 10 years on rue du Bac in Paris, <a href=\"https:\/\/www.parisheure.com\/en\/\"><strong>Paris heure<\/strong><\/a> you now receive in offices only on <strong>appointment in the 8th arrondissement in Paris5<\/strong><\/p>\t\t\t\t\t\t\t\t<\/div>\n\t\t\t\t<\/div>\n\t\t\t\t<div class=\"elementor-element elementor-element-1170be9 elementor-widget elementor-widget-heading\" data-id=\"1170be9\" data-element_type=\"widget\" data-e-type=\"widget\" data-widget_type=\"heading.default\">\n\t\t\t\t<div class=\"elementor-widget-container\">\n\t\t\t\t\t<h1 class=\"elementor-heading-title elementor-size-default\">Contact us<\/h1>\t\t\t\t<\/div>\n\t\t\t\t<\/div>\n\t\t\t\t\t<\/div>\n\t\t<\/div>\n\t\t\t\t\t<\/div>\n\t\t<\/section>\n\t\t\t\t<section class=\"elementor-section elementor-top-section elementor-element elementor-element-1b5bcc4 elementor-section-boxed elementor-section-height-default elementor-section-height-default\" data-id=\"1b5bcc4\" data-element_type=\"section\" data-e-type=\"section\">\n\t\t\t\t\t\t<div class=\"elementor-container elementor-column-gap-default\">\n\t\t\t\t\t<div class=\"elementor-column elementor-col-100 elementor-top-column elementor-element elementor-element-a8a9583\" data-id=\"a8a9583\" data-element_type=\"column\" data-e-type=\"column\">\n\t\t\t<div class=\"elementor-widget-wrap elementor-element-populated\">\n\t\t\t\t\t\t<div class=\"elementor-element elementor-element-f523f48 elementor-widget elementor-widget-shortcode\" data-id=\"f523f48\" data-element_type=\"widget\" data-e-type=\"widget\" data-widget_type=\"shortcode.default\">\n\t\t\t\t<div class=\"elementor-widget-container\">\n\t\t\t\t\t\t\t<div class=\"elementor-shortcode\">\n<div class=\"wpcf7 no-js\" id=\"wpcf7-f1538-o1\" lang=\"en-US\" dir=\"ltr\" data-wpcf7-id=\"1538\">\n<div class=\"screen-reader-response\"><p role=\"status\" aria-live=\"polite\" aria-atomic=\"true\"><\/p> <ul><\/ul><\/div>\n<form action=\"\/en\/wp-json\/wp\/v2\/pages\/39#wpcf7-f1538-o1\" method=\"post\" class=\"wpcf7-form init\" aria-label=\"Contact form\" novalidate=\"novalidate\" data-status=\"init\" data-trp-original-action=\"\/en\/wp-json\/wp\/v2\/pages\/39#wpcf7-f1538-o1\">\n<fieldset class=\"hidden-fields-container\"><input type=\"hidden\" name=\"_wpcf7\" value=\"1538\" \/><input type=\"hidden\" name=\"_wpcf7_version\" value=\"6.1.5\" \/><input type=\"hidden\" name=\"_wpcf7_locale\" value=\"en_US\" \/><input type=\"hidden\" name=\"_wpcf7_unit_tag\" value=\"wpcf7-f1538-o1\" \/><input type=\"hidden\" name=\"_wpcf7_container_post\" value=\"0\" \/><input type=\"hidden\" name=\"_wpcf7_posted_data_hash\" value=\"\" \/><input type=\"hidden\" name=\"_wpcf7_recaptcha_response\" value=\"\" \/>\n<\/fieldset>\n<p><label> Name<br \/>\n<span class=\"wpcf7-form-control-wrap\" data-name=\"your-name\"><input size=\"40\" maxlength=\"400\" class=\"wpcf7-form-control wpcf7-text wpcf7-validates-as-required\" aria-required=\"true\" aria-invalid=\"false\" value=\"\" type=\"text\" name=\"your-name\" \/><\/span> <\/label>\n<\/p>\n<p><label> E-mail<br \/>\n<span class=\"wpcf7-form-control-wrap\" data-name=\"your-email\"><input size=\"40\" maxlength=\"400\" class=\"wpcf7-form-control wpcf7-email wpcf7-validates-as-required wpcf7-text wpcf7-validates-as-email\" aria-required=\"true\" aria-invalid=\"false\" value=\"\" type=\"email\" name=\"your-email\" \/><\/span> <\/label>\n<\/p>\n<p><span class=\"wpcf7-form-control-wrap\" data-name=\"casesacocher\"><span class=\"wpcf7-form-control wpcf7-checkbox wpcf7-validates-as-required\"><span class=\"wpcf7-list-item first\"><label><span class=\"wpcf7-list-item-label\">Ask for details<\/span><input type=\"checkbox\" name=\"casesacocher[]\" value=\"Demande d&#039;informations\" \/><\/label><\/span><span class=\"wpcf7-list-item\"><label><span class=\"wpcf7-list-item-label\">Sell your watch<\/span><input type=\"checkbox\" name=\"casesacocher[]\" value=\"Vendre votre montre\" \/><\/label><\/span><span class=\"wpcf7-list-item\"><label><span class=\"wpcf7-list-item-label\">Terms &amp; conditions<\/span><input type=\"checkbox\" name=\"casesacocher[]\" value=\"Termes et conditions\" \/><\/label><\/span><span class=\"wpcf7-list-item last\"><label><span class=\"wpcf7-list-item-label\">Looking for a specific watch<\/span><input type=\"checkbox\" name=\"casesacocher[]\" value=\"Rechercher une montre\" \/><\/label><\/span><\/span><\/span>\n<\/p>\n<p><label> Brand and model<br \/>\n<span class=\"wpcf7-form-control-wrap\" data-name=\"your-subject\"><input size=\"40\" maxlength=\"400\" class=\"wpcf7-form-control wpcf7-text wpcf7-validates-as-required\" aria-required=\"true\" aria-invalid=\"false\" value=\"\" type=\"text\" name=\"your-subject\" \/><\/span> <\/label>\n<\/p>\n<p><label> Your message<br \/>\n<span class=\"wpcf7-form-control-wrap\" data-name=\"your-message\"><textarea cols=\"120\" rows=\"3\" maxlength=\"2000\" class=\"wpcf7-form-control wpcf7-textarea\" aria-invalid=\"false\" name=\"your-message\"><\/textarea><\/span> <\/label>\n<\/p>\n<p><input class=\"wpcf7-form-control wpcf7-submit has-spinner\" type=\"submit\" value=\"Send\" \/>\n<\/p><div class=\"wpcf7-response-output\" aria-hidden=\"true\"><\/div>\n<input type=\"hidden\" name=\"trp-form-language\" value=\"en\"\/><\/form>\n<\/div>\n<\/div>\n\t\t\t\t\t\t<\/div>\n\t\t\t\t<\/div>\n\t\t\t\t\t<\/div>\n\t\t<\/div>\n\t\t\t\t\t<\/div>\n\t\t<\/section>\n\t\t\t\t<section class=\"elementor-section elementor-top-section elementor-element elementor-element-869b1e3 elementor-section-stretched elementor-section-boxed elementor-section-height-default elementor-section-height-default\" data-id=\"869b1e3\" data-element_type=\"section\" data-e-type=\"section\" data-settings=\"{&quot;stretch_section&quot;:&quot;section-stretched&quot;}\">\n\t\t\t\t\t\t<div class=\"elementor-container elementor-column-gap-extended\">\n\t\t\t\t\t<div class=\"elementor-column elementor-col-100 elementor-top-column elementor-element elementor-element-352bd4b\" data-id=\"352bd4b\" data-element_type=\"column\" data-e-type=\"column\">\n\t\t\t<div class=\"elementor-widget-wrap elementor-element-populated\">\n\t\t\t\t\t\t<div class=\"elementor-element elementor-element-1315914 elementor-widget elementor-widget-apus_element_features_box\" data-id=\"1315914\" data-element_type=\"widget\" data-e-type=\"widget\" data-settings=\"{&quot;columns&quot;:3,&quot;slides_to_scroll&quot;:3}\" data-widget_type=\"apus_element_features_box.default\">\n\t\t\t\t<div class=\"elementor-widget-container\">\n\t\t\t\t\t            <div class=\"widget-features-box\">\n                                    \n                    <div class=\"slick-carousel hidden-dot\"\n                         data-items=\"3\" data-smallmedium=\"2\" data-extrasmall=\"1\" data-slidestoscroll=\"3\" data-slidestoscroll_smallmedium=\"2\" data-slidestoscroll_extrasmall=\"1\" data-pagination=\"true\" data-nav=\"false\" data-infinite=\"true\" data-autoplay=\"true\">\n\n                                                    <div class=\"item\">\n                                <div class=\"item-inner-features style2\">\n\n                                    <div class=\"features-box-image icon\"><i class=\"flaticon-shipping\"><\/i><\/div><div class=\"features-box-content\"><h3 class=\"title\">FREE SHIPPING 100% INSURED<\/h3><\/div>\n                                <\/div>\n                            <\/div>\n                                                    <div class=\"item\">\n                                <div class=\"item-inner-features style2\">\n\n                                    <div class=\"features-box-image icon\"><i class=\"flaticon-shield\"><\/i><\/div><div class=\"features-box-content\"><h3 class=\"title\">VINTAGE WATCHES VERIFIED AND AUTHENTICATED<\/h3><\/div>\n                                <\/div>\n                            <\/div>\n                                                    <div class=\"item\">\n                                <div class=\"item-inner-features style2\">\n\n                                    <div class=\"features-box-image icon\"><i class=\"flaticon-headphone\"><\/i><\/div><div class=\"features-box-content\"><h3 class=\"title\">3-DAYS RETURN POLICY<\/h3><\/div>\n                                <\/div>\n                            <\/div>\n                                            <\/div>\n                            <\/div>\n            \t\t\t\t<\/div>\n\t\t\t\t<\/div>\n\t\t\t\t\t<\/div>\n\t\t<\/div>\n\t\t\t\t\t<\/div>\n\t\t<\/section>\n\t\t\t\t<\/div>","protected":false},"excerpt":{"rendered":"<p>a propos de paris heure Qui sommes nous Paris Heure ach\u00e8te, vend et \u00e9change des montres vintage de toutes les marques de collection telles que des montres Rolex\u00a0d&rsquo;occasion, Omega, Jaeger lecoultre, Cartier, Patek Philippe, Longines, Br\u00e9guet, Herm\u00e8s, Panerai, et Audemars Piguet depuis maintenant plus de 15 ans. Nous ciblons les collectionneurs importants ainsi que les &hellip; <br \/><a href=\"https:\/\/www.parisheure.com\/en\/about-us\/\" class=\"more-link\">Continue reading <span class=\"screen-reader-text\">About us<\/span><\/a><\/p>","protected":false},"author":1,"featured_media":0,"parent":0,"menu_order":0,"comment_status":"closed","ping_status":"closed","template":"","meta":{"footnotes":""},"class_list":["post-39","page","type-page","status-publish","hentry"],"yoast_head":"<!-- This site is optimized with the Yoast SEO plugin v27.4 - https:\/\/yoast.com\/product\/yoast-seo-wordpress\/ -->\n<title>A Propos &#8226; Paris Heure &#8226; Qui Sommes Nous? 13 ans d&#039;Expertise<\/title>\n<meta name=\"description\" content=\"Paris Heure ach\u00e8te, vend et \u00e9change des montres vintage de luxe telles que Rolex, Omega, Cartier, Patek Philippe, Br\u00e9guet et Audemars Piguet.\" \/>\n<meta name=\"robots\" content=\"index, follow, max-snippet:-1, max-image-preview:large, max-video-preview:-1\" \/>\n<link rel=\"canonical\" href=\"https:\/\/www.parisheure.com\/en\/about-us\/\" \/>\n<meta property=\"og:locale\" content=\"en_US\" \/>\n<meta property=\"og:type\" content=\"article\" \/>\n<meta property=\"og:title\" content=\"A Propos &#8226; Paris Heure &#8226; Qui Sommes Nous? 13 ans d&#039;Expertise\" \/>\n<meta property=\"og:description\" content=\"Paris Heure ach\u00e8te, vend et \u00e9change des montres vintage de luxe telles que Rolex, Omega, Cartier, Patek Philippe, Br\u00e9guet et Audemars Piguet.\" \/>\n<meta property=\"og:url\" content=\"https:\/\/www.parisheure.com\/en\/about-us\/\" \/>\n<meta property=\"og:site_name\" content=\"PARIS HEURE\" \/>\n<meta property=\"article:publisher\" content=\"https:\/\/www.facebook.com\/ParisHeure\" \/>\n<meta property=\"article:modified_time\" content=\"2024-11-27T16:36:10+00:00\" \/>\n<meta name=\"twitter:card\" content=\"summary_large_image\" \/>\n<script type=\"application\/ld+json\" class=\"yoast-schema-graph\">{\"@context\":\"https:\\\/\\\/schema.org\",\"@graph\":[{\"@type\":\"WebPage\",\"@id\":\"https:\\\/\\\/www.parisheure.com\\\/a-propos\\\/\",\"url\":\"https:\\\/\\\/www.parisheure.com\\\/a-propos\\\/\",\"name\":\"A Propos &#8226; Paris Heure &#8226; Qui Sommes Nous? 13 ans d'Expertise\",\"isPartOf\":{\"@id\":\"https:\\\/\\\/www.parisheure.com\\\/#website\"},\"datePublished\":\"2020-11-30T01:55:39+00:00\",\"dateModified\":\"2024-11-27T16:36:10+00:00\",\"description\":\"Paris Heure ach\u00e8te, vend et \u00e9change des montres vintage de luxe telles que Rolex, Omega, Cartier, Patek Philippe, Br\u00e9guet et Audemars Piguet.\",\"breadcrumb\":{\"@id\":\"https:\\\/\\\/www.parisheure.com\\\/a-propos\\\/#breadcrumb\"},\"inLanguage\":\"en-US\",\"potentialAction\":[{\"@type\":\"ReadAction\",\"target\":[\"https:\\\/\\\/www.parisheure.com\\\/a-propos\\\/\"]}]},{\"@type\":\"BreadcrumbList\",\"@id\":\"https:\\\/\\\/www.parisheure.com\\\/a-propos\\\/#breadcrumb\",\"itemListElement\":[{\"@type\":\"ListItem\",\"position\":1,\"name\":\"Accueil\",\"item\":\"https:\\\/\\\/www.parisheure.com\\\/\"},{\"@type\":\"ListItem\",\"position\":2,\"name\":\"About us\"}]},{\"@type\":\"WebSite\",\"@id\":\"https:\\\/\\\/www.parisheure.com\\\/#website\",\"url\":\"https:\\\/\\\/www.parisheure.com\\\/\",\"name\":\"PARIS HEURE\",\"description\":\"Vintage watches Paris\",\"publisher\":{\"@id\":\"https:\\\/\\\/www.parisheure.com\\\/#organization\"},\"potentialAction\":[{\"@type\":\"SearchAction\",\"target\":{\"@type\":\"EntryPoint\",\"urlTemplate\":\"https:\\\/\\\/www.parisheure.com\\\/?s={search_term_string}\"},\"query-input\":{\"@type\":\"PropertyValueSpecification\",\"valueRequired\":true,\"valueName\":\"search_term_string\"}}],\"inLanguage\":\"en-US\"},{\"@type\":\"Organization\",\"@id\":\"https:\\\/\\\/www.parisheure.com\\\/#organization\",\"name\":\"PARIS HEURE\",\"url\":\"https:\\\/\\\/www.parisheure.com\\\/\",\"logo\":{\"@type\":\"ImageObject\",\"inLanguage\":\"en-US\",\"@id\":\"https:\\\/\\\/www.parisheure.com\\\/#\\\/schema\\\/logo\\\/image\\\/\",\"url\":\"https:\\\/\\\/www.parisheure.com\\\/wp-content\\\/uploads\\\/2021\\\/07\\\/cropped-logo-paris-heure.png\",\"contentUrl\":\"https:\\\/\\\/www.parisheure.com\\\/wp-content\\\/uploads\\\/2021\\\/07\\\/cropped-logo-paris-heure.png\",\"width\":512,\"height\":512,\"caption\":\"PARIS HEURE\"},\"image\":{\"@id\":\"https:\\\/\\\/www.parisheure.com\\\/#\\\/schema\\\/logo\\\/image\\\/\"},\"sameAs\":[\"https:\\\/\\\/www.facebook.com\\\/ParisHeure\",\"https:\\\/\\\/www.instagram.com\\\/parisheure\\\/\"]}]}<\/script>\n<!-- \/ Yoast SEO plugin. -->","yoast_head_json":{"title":"A Propos \u2022 Paris Heure \u2022 Qui Sommes Nous? 13 ans d'Expertise","description":"Paris Heure buys, sells and trades luxury vintage watches such as Rolex, Omega, Cartier, Patek Philippe, Br\u00e9guet and Audemars Piguet.","robots":{"index":"index","follow":"follow","max-snippet":"max-snippet:-1","max-image-preview":"max-image-preview:large","max-video-preview":"max-video-preview:-1"},"canonical":"https:\/\/www.parisheure.com\/en\/about-us\/","og_locale":"en_US","og_type":"article","og_title":"A Propos &#8226; Paris Heure &#8226; Qui Sommes Nous? 13 ans d'Expertise","og_description":"Paris Heure ach\u00e8te, vend et \u00e9change des montres vintage de luxe telles que Rolex, Omega, Cartier, Patek Philippe, Br\u00e9guet et Audemars Piguet.","og_url":"https:\/\/www.parisheure.com\/en\/about-us\/","og_site_name":"PARIS HEURE","article_publisher":"https:\/\/www.facebook.com\/ParisHeure","article_modified_time":"2024-11-27T16:36:10+00:00","twitter_card":"summary_large_image","schema":{"@context":"https:\/\/schema.org","@graph":[{"@type":"WebPage","@id":"https:\/\/www.parisheure.com\/a-propos\/","url":"https:\/\/www.parisheure.com\/a-propos\/","name":"A Propos \u2022 Paris Heure \u2022 Qui Sommes Nous? 13 ans d'Expertise","isPartOf":{"@id":"https:\/\/www.parisheure.com\/#website"},"datePublished":"2020-11-30T01:55:39+00:00","dateModified":"2024-11-27T16:36:10+00:00","description":"Paris Heure buys, sells and trades luxury vintage watches such as Rolex, Omega, Cartier, Patek Philippe, Br\u00e9guet and Audemars Piguet.","breadcrumb":{"@id":"https:\/\/www.parisheure.com\/a-propos\/#breadcrumb"},"inLanguage":"en-US","potentialAction":[{"@type":"ReadAction","target":["https:\/\/www.parisheure.com\/a-propos\/"]}]},{"@type":"BreadcrumbList","@id":"https:\/\/www.parisheure.com\/a-propos\/#breadcrumb","itemListElement":[{"@type":"ListItem","position":1,"name":"Accueil","item":"https:\/\/www.parisheure.com\/"},{"@type":"ListItem","position":2,"name":"About us"}]},{"@type":"WebSite","@id":"https:\/\/www.parisheure.com\/#website","url":"https:\/\/www.parisheure.com\/","name":"PARIS HEURE","description":"Vintage watches Paris","publisher":{"@id":"https:\/\/www.parisheure.com\/#organization"},"potentialAction":[{"@type":"SearchAction","target":{"@type":"EntryPoint","urlTemplate":"https:\/\/www.parisheure.com\/?s={search_term_string}"},"query-input":{"@type":"PropertyValueSpecification","valueRequired":true,"valueName":"search_term_string"}}],"inLanguage":"en-US"},{"@type":"Organization","@id":"https:\/\/www.parisheure.com\/#organization","name":"PARIS HEURE","url":"https:\/\/www.parisheure.com\/","logo":{"@type":"ImageObject","inLanguage":"en-US","@id":"https:\/\/www.parisheure.com\/#\/schema\/logo\/image\/","url":"https:\/\/www.parisheure.com\/wp-content\/uploads\/2021\/07\/cropped-logo-paris-heure.png","contentUrl":"https:\/\/www.parisheure.com\/wp-content\/uploads\/2021\/07\/cropped-logo-paris-heure.png","width":512,"height":512,"caption":"PARIS HEURE"},"image":{"@id":"https:\/\/www.parisheure.com\/#\/schema\/logo\/image\/"},"sameAs":["https:\/\/www.facebook.com\/ParisHeure","https:\/\/www.instagram.com\/parisheure\/"]}]}},"jetpack_sharing_enabled":true,"_links":{"self":[{"href":"https:\/\/www.parisheure.com\/en\/wp-json\/wp\/v2\/pages\/39","targetHints":{"allow":["GET"]}}],"collection":[{"href":"https:\/\/www.parisheure.com\/en\/wp-json\/wp\/v2\/pages"}],"about":[{"href":"https:\/\/www.parisheure.com\/en\/wp-json\/wp\/v2\/types\/page"}],"author":[{"embeddable":true,"href":"https:\/\/www.parisheure.com\/en\/wp-json\/wp\/v2\/users\/1"}],"replies":[{"embeddable":true,"href":"https:\/\/www.parisheure.com\/en\/wp-json\/wp\/v2\/comments?post=39"}],"version-history":[{"count":19,"href":"https:\/\/www.parisheure.com\/en\/wp-json\/wp\/v2\/pages\/39\/revisions"}],"predecessor-version":[{"id":14354,"href":"https:\/\/www.parisheure.com\/en\/wp-json\/wp\/v2\/pages\/39\/revisions\/14354"}],"wp:attachment":[{"href":"https:\/\/www.parisheure.com\/en\/wp-json\/wp\/v2\/media?parent=39"}],"curies":[{"name":"wp","href":"https:\/\/api.w.org\/{rel}","templated":true}]}}