{"id":47,"date":"2020-11-30T02:00:16","date_gmt":"2020-11-30T02:00:16","guid":{"rendered":"https:\/\/demoapus2.com\/uomo-import\/?page_id=47"},"modified":"2024-12-04T16:22:27","modified_gmt":"2024-12-04T15:22:27","slug":"conditions-of-sale","status":"publish","type":"page","link":"https:\/\/www.parisheure.com\/en\/conditions-of-sale\/","title":{"rendered":"Conditions"},"content":{"rendered":"<div data-elementor-type=\"wp-page\" data-elementor-id=\"47\" class=\"elementor elementor-47\">\n\t\t\t\t\t\t<section class=\"elementor-section elementor-top-section elementor-element elementor-element-c97e791 elementor-section-full_width elementor-section-stretched elementor-section-height-default elementor-section-height-default\" data-id=\"c97e791\" data-element_type=\"section\" data-e-type=\"section\" data-settings=\"{&quot;stretch_section&quot;:&quot;section-stretched&quot;}\">\n\t\t\t\t\t\t<div class=\"elementor-container elementor-column-gap-default\">\n\t\t\t\t\t<div class=\"elementor-column elementor-col-100 elementor-top-column elementor-element elementor-element-e9c2bb3\" data-id=\"e9c2bb3\" data-element_type=\"column\" data-e-type=\"column\">\n\t\t\t<div class=\"elementor-widget-wrap elementor-element-populated\">\n\t\t\t\t\t\t<div class=\"elementor-element elementor-element-3877a23 elementor-widget elementor-widget-heading\" data-id=\"3877a23\" data-element_type=\"widget\" data-e-type=\"widget\" data-widget_type=\"heading.default\">\n\t\t\t\t<div class=\"elementor-widget-container\">\n\t\t\t\t\t<h2 class=\"elementor-heading-title elementor-size-small\">    <\/h2>\t\t\t\t<\/div>\n\t\t\t\t<\/div>\n\t\t\t\t\t<\/div>\n\t\t<\/div>\n\t\t\t\t\t<\/div>\n\t\t<\/section>\n\t\t\t\t<section class=\"elementor-section elementor-top-section elementor-element elementor-element-00f4d5e elementor-section-stretched elementor-section-boxed elementor-section-height-default elementor-section-height-default\" data-id=\"00f4d5e\" data-element_type=\"section\" data-e-type=\"section\" data-settings=\"{&quot;stretch_section&quot;:&quot;section-stretched&quot;}\">\n\t\t\t\t\t\t<div class=\"elementor-container elementor-column-gap-extended\">\n\t\t\t\t\t<div class=\"elementor-column elementor-col-100 elementor-top-column elementor-element elementor-element-e87471a\" data-id=\"e87471a\" data-element_type=\"column\" data-e-type=\"column\">\n\t\t\t<div class=\"elementor-widget-wrap elementor-element-populated\">\n\t\t\t\t\t\t<div class=\"elementor-element elementor-element-e34d5f8 elementor-widget elementor-widget-heading\" data-id=\"e34d5f8\" data-element_type=\"widget\" data-e-type=\"widget\" data-widget_type=\"heading.default\">\n\t\t\t\t<div class=\"elementor-widget-container\">\n\t\t\t\t\t<h1 class=\"elementor-heading-title elementor-size-default\">TERMS &amp; CONDITIONS<\/h1>\t\t\t\t<\/div>\n\t\t\t\t<\/div>\n\t\t\t\t\t<\/div>\n\t\t<\/div>\n\t\t\t\t\t<\/div>\n\t\t<\/section>\n\t\t\t\t<section class=\"elementor-section elementor-top-section elementor-element elementor-element-7df0d4e elementor-section-boxed elementor-section-height-default elementor-section-height-default\" data-id=\"7df0d4e\" data-element_type=\"section\" data-e-type=\"section\">\n\t\t\t\t\t\t<div class=\"elementor-container elementor-column-gap-default\">\n\t\t\t\t\t<div class=\"elementor-column elementor-col-100 elementor-top-column elementor-element elementor-element-b31d843\" data-id=\"b31d843\" data-element_type=\"column\" data-e-type=\"column\">\n\t\t\t<div class=\"elementor-widget-wrap elementor-element-populated\">\n\t\t\t\t\t\t<div class=\"elementor-element elementor-element-5f3c5d2 elementor-widget elementor-widget-text-editor\" data-id=\"5f3c5d2\" data-element_type=\"widget\" data-e-type=\"widget\" data-widget_type=\"text-editor.default\">\n\t\t\t\t<div class=\"elementor-widget-container\">\n\t\t\t\t\t\t\t\t\t<p class=\"translation-block\"><strong><em><u>Return Policy:<\/u><\/em><\/strong> All watches sold have a 3-day return policy. If you are not satisfied with your purchase, please contact us by email or phone. Then return the watch in exactly the same condition.<\/p>\n<p>Thus, we will reimburse you within 7 days following the complete inspection of the watch after returning it to our offices at your expense.&nbsp;<\/p>\n<p>We will not refund any watch beyond the 3-day inspection period following receipt of the watch. <a href=\"https:\/\/linktr.ee\/parisheure\" target=\"_blank\" rel=\"noopener\">Paris Heure<\/a> cannot be held responsible for any accident or loss from the date of delivery of the watches.<\/p>\n<p>If the returned watch is not in the exact condition in which it was delivered, it cannot be refunded, a monetary resolution may be proposed in the event of possible repair or other damage caused by the purchaser. If parts of the watches are missing the refund will be also void.<\/p>\n<p class=\"translation-block\">From the moment that <span style=\"font-family: var(--uomo-main-font), Helvetica, Arial, sans-serif;font-weight: var(--uomo-main-font-weight)\">the watch<\/span><span style=\"font-family: var(--uomo-main-font), Helvetica, Arial, sans-serif;font-weight: var(--uomo-main-font-weight)\">has been delivered, it is no longer under the responsibility of Paris Heure even in the event of return. The customer is responsible for taking out their own insurance for transport, as it is no longer the property of Paris Heure after delivery to the buyer.<\/span><\/p>\n<p>Returns must be sent by the same way the watch was received.&nbsp;<\/p>\n<p>For a refund, watches must be returned and received in exactly the same condition as shipped. A full inspection will take place before issuing any refund.<\/p>\n<p>Once the watch(s) are in Paris Heure's possession and safe, we will issue a refund.<\/p>\n<p>Please contact us directly for returns outside of Europe due to import taxes, import fees and difference in tax laws and customs.<\/p>\n<p class=\"translation-block\"><strong><em><u>Warranty<\/u>:<\/em><\/strong> All watches are guaranteed for 6 months under normal use.<\/p>\n<p>For non-waterproof vintage watches there is no guarantee of waterproof.&nbsp;<\/p>\n<p class=\"translation-block\"><span style=\"font-family: var(--uomo-main-font), Helvetica, Arial, sans-serif;font-weight: var(--uomo-main-font-weight)\">The warranty is voided in the event of a water-resistance problem caused by the crown not being screwed in.<\/p>\n<p>In the event of shock to the watch, the warranty is voided.&nbsp;<\/p>\n<p>Normal use only allows you to benefit from the warranty.<\/p>\n<p class=\"translation-block\"><strong><em><u>Payments<\/u><\/em><\/strong> <strong>:<\/strong> All payments will be made by bank transfer only.<\/p>\n<p>No items will be sent until full payment is received.&nbsp;<\/p>\n<p>Payment must be received and viewable in full before any item is sent.&nbsp;<\/p>\n<p>All watches remain the property of Paris Heure until payment for the watch has been fully completed and cleared.<\/p>\n<p class=\"translation-block\"><strong><em><u>Shipping<\/u>:<\/em><\/strong> All our watch purchase shipments are free and <span style=\"font-family: var(--uomo-main-font), Helvetica, Arial, sans-serif;font-weight: var(--uomo-main-font-weight)\">fully insured via Malca Amit who mainly uses Fedex and DHL. <\/span><\/p>\n<p><span style=\"color: var(--uomo-text-color); font-family: var(--uomo-main-font), Helvetica, Arial, sans-serif; font-weight: var(--uomo-main-font-weight);\">Buyers are responsible for all additional customs fees, duties, or taxes.&nbsp;<\/span><\/p>\n<p><span style=\"color: var(--uomo-text-color); font-family: var(--uomo-main-font), Helvetica, Arial, sans-serif; font-weight: var(--uomo-main-font-weight);\">A tracking number will be given to you after collection of the package by our carrier.&nbsp;<\/span><\/p>\n<p><span style=\"color: var(--uomo-text-color); font-family: var(--uomo-main-font), Helvetica, Arial, sans-serif; font-weight: var(--uomo-main-font-weight);\">In the event of loss or theft of packages, a refund will only be made after approval of the insurance claim by our insurance provider Malca Amit.<\/span><\/p>\t\t\t\t\t\t\t\t<\/div>\n\t\t\t\t<\/div>\n\t\t\t\t\t<\/div>\n\t\t<\/div>\n\t\t\t\t\t<\/div>\n\t\t<\/section>\n\t\t\t\t<section class=\"elementor-section elementor-top-section elementor-element elementor-element-dddc66a elementor-section-stretched elementor-section-boxed elementor-section-height-default elementor-section-height-default\" data-id=\"dddc66a\" data-element_type=\"section\" data-e-type=\"section\" data-settings=\"{&quot;stretch_section&quot;:&quot;section-stretched&quot;}\">\n\t\t\t\t\t\t<div class=\"elementor-container elementor-column-gap-extended\">\n\t\t\t\t\t<div class=\"elementor-column elementor-col-100 elementor-top-column elementor-element elementor-element-46f42f2\" data-id=\"46f42f2\" data-element_type=\"column\" data-e-type=\"column\">\n\t\t\t<div class=\"elementor-widget-wrap elementor-element-populated\">\n\t\t\t\t\t\t<div class=\"elementor-element elementor-element-ec09dee elementor-widget elementor-widget-apus_element_features_box\" data-id=\"ec09dee\" data-element_type=\"widget\" data-e-type=\"widget\" data-settings=\"{&quot;columns&quot;:3,&quot;slides_to_scroll&quot;:3}\" data-widget_type=\"apus_element_features_box.default\">\n\t\t\t\t<div class=\"elementor-widget-container\">\n\t\t\t\t\t            <div class=\"widget-features-box\">\n                                    \n                    <div class=\"slick-carousel hidden-dot\"\n                         data-items=\"3\" data-smallmedium=\"2\" data-extrasmall=\"1\" data-slidestoscroll=\"3\" data-slidestoscroll_smallmedium=\"2\" data-slidestoscroll_extrasmall=\"1\" data-pagination=\"true\" data-nav=\"false\" data-infinite=\"true\" data-autoplay=\"true\">\n\n                                                    <div class=\"item\">\n                                <div class=\"item-inner-features style2\">\n\n                                    <div class=\"features-box-image icon\"><i class=\"flaticon-shipping\"><\/i><\/div><div class=\"features-box-content\"><h3 class=\"title\">FREE SHIPPING 100% INSURED<\/h3><\/div>\n                                <\/div>\n                            <\/div>\n                                                    <div class=\"item\">\n                                <div class=\"item-inner-features style2\">\n\n                                    <div class=\"features-box-image icon\"><i class=\"flaticon-shield\"><\/i><\/div><div class=\"features-box-content\"><h3 class=\"title\">VINTAGE WATCHES VERIFIED AND AUTHENTICATED<\/h3><\/div>\n                                <\/div>\n                            <\/div>\n                                                    <div class=\"item\">\n                                <div class=\"item-inner-features style2\">\n\n                                    <div class=\"features-box-image icon\"><i class=\"flaticon-headphone\"><\/i><\/div><div class=\"features-box-content\"><h3 class=\"title\">3-DAYS RETURN POLICY <\/h3><\/div>\n                                <\/div>\n                            <\/div>\n                                            <\/div>\n                            <\/div>\n            \t\t\t\t<\/div>\n\t\t\t\t<\/div>\n\t\t\t\t\t<\/div>\n\t\t<\/div>\n\t\t\t\t\t<\/div>\n\t\t<\/section>\n\t\t\t\t<\/div>","protected":false},"excerpt":{"rendered":"<p>TERMeS &amp; CONDITIONS Conditions de retour : Toutes les montres vendues b\u00e9n\u00e9ficient d&rsquo;une politique de retour de 3 jours. Si vous n&rsquo;\u00eates pas satisfait de votre achat, veuillez nous contacter par e-mail ou par t\u00e9l\u00e9phone. Puis retournez la montre exactement dans le m\u00eame \u00e9tat.&nbsp; Ainsi, nous vous rembourserons dans les 7 jours suivant l&rsquo;inspection compl\u00e8te &hellip; <br \/><a href=\"https:\/\/www.parisheure.com\/en\/conditions-of-sale\/\" class=\"more-link\">Continue reading <span class=\"screen-reader-text\">Conditions<\/span><\/a><\/p>","protected":false},"author":1,"featured_media":0,"parent":0,"menu_order":0,"comment_status":"closed","ping_status":"closed","template":"","meta":{"footnotes":""},"class_list":["post-47","page","type-page","status-publish","hentry"],"yoast_head":"<!-- This site is optimized with the Yoast SEO plugin v27.5 - https:\/\/yoast.com\/product\/yoast-seo-wordpress\/ -->\n<title>Conditions De Vente &#8226; Nos termes et conditions de ventes<\/title>\n<meta name=\"description\" content=\"Vous trouverez ici nos termes et conditions de retour 72H , ainsi que notre Garantie de 6 mois, la gestion de nos paiements en virements.\" \/>\n<meta name=\"robots\" content=\"index, follow, max-snippet:-1, max-image-preview:large, max-video-preview:-1\" \/>\n<link rel=\"canonical\" href=\"https:\/\/www.parisheure.com\/en\/conditions-of-sale\/\" \/>\n<meta property=\"og:locale\" content=\"en_US\" \/>\n<meta property=\"og:type\" content=\"article\" \/>\n<meta property=\"og:title\" content=\"Conditions De Vente &#8226; Nos termes et conditions de ventes\" \/>\n<meta property=\"og:description\" content=\"Vous trouverez ici nos termes et conditions de retour 72H , ainsi que notre Garantie de 6 mois, la gestion de nos paiements en virements.\" \/>\n<meta property=\"og:url\" content=\"https:\/\/www.parisheure.com\/en\/conditions-of-sale\/\" \/>\n<meta property=\"og:site_name\" content=\"PARIS HEURE\" \/>\n<meta property=\"article:publisher\" content=\"https:\/\/www.facebook.com\/ParisHeure\" \/>\n<meta property=\"article:modified_time\" content=\"2024-12-04T15:22:27+00:00\" \/>\n<meta name=\"twitter:card\" content=\"summary_large_image\" \/>\n<script type=\"application\/ld+json\" class=\"yoast-schema-graph\">{\"@context\":\"https:\\\/\\\/schema.org\",\"@graph\":[{\"@type\":\"WebPage\",\"@id\":\"https:\\\/\\\/www.parisheure.com\\\/conditions-de-vente\\\/\",\"url\":\"https:\\\/\\\/www.parisheure.com\\\/conditions-de-vente\\\/\",\"name\":\"Conditions De Vente &#8226; Nos termes et conditions de ventes\",\"isPartOf\":{\"@id\":\"https:\\\/\\\/www.parisheure.com\\\/#website\"},\"datePublished\":\"2020-11-30T02:00:16+00:00\",\"dateModified\":\"2024-12-04T15:22:27+00:00\",\"description\":\"Vous trouverez ici nos termes et conditions de retour 72H , ainsi que notre Garantie de 6 mois, la gestion de nos paiements en virements.\",\"breadcrumb\":{\"@id\":\"https:\\\/\\\/www.parisheure.com\\\/conditions-de-vente\\\/#breadcrumb\"},\"inLanguage\":\"en-US\",\"potentialAction\":[{\"@type\":\"ReadAction\",\"target\":[\"https:\\\/\\\/www.parisheure.com\\\/conditions-de-vente\\\/\"]}]},{\"@type\":\"BreadcrumbList\",\"@id\":\"https:\\\/\\\/www.parisheure.com\\\/conditions-de-vente\\\/#breadcrumb\",\"itemListElement\":[{\"@type\":\"ListItem\",\"position\":1,\"name\":\"Accueil\",\"item\":\"https:\\\/\\\/www.parisheure.com\\\/\"},{\"@type\":\"ListItem\",\"position\":2,\"name\":\"Conditions\"}]},{\"@type\":\"WebSite\",\"@id\":\"https:\\\/\\\/www.parisheure.com\\\/#website\",\"url\":\"https:\\\/\\\/www.parisheure.com\\\/\",\"name\":\"PARIS HEURE\",\"description\":\"Vintage watches Paris\",\"publisher\":{\"@id\":\"https:\\\/\\\/www.parisheure.com\\\/#organization\"},\"potentialAction\":[{\"@type\":\"SearchAction\",\"target\":{\"@type\":\"EntryPoint\",\"urlTemplate\":\"https:\\\/\\\/www.parisheure.com\\\/?s={search_term_string}\"},\"query-input\":{\"@type\":\"PropertyValueSpecification\",\"valueRequired\":true,\"valueName\":\"search_term_string\"}}],\"inLanguage\":\"en-US\"},{\"@type\":\"Organization\",\"@id\":\"https:\\\/\\\/www.parisheure.com\\\/#organization\",\"name\":\"PARIS HEURE\",\"url\":\"https:\\\/\\\/www.parisheure.com\\\/\",\"logo\":{\"@type\":\"ImageObject\",\"inLanguage\":\"en-US\",\"@id\":\"https:\\\/\\\/www.parisheure.com\\\/#\\\/schema\\\/logo\\\/image\\\/\",\"url\":\"https:\\\/\\\/www.parisheure.com\\\/wp-content\\\/uploads\\\/2021\\\/07\\\/cropped-logo-paris-heure.png\",\"contentUrl\":\"https:\\\/\\\/www.parisheure.com\\\/wp-content\\\/uploads\\\/2021\\\/07\\\/cropped-logo-paris-heure.png\",\"width\":512,\"height\":512,\"caption\":\"PARIS HEURE\"},\"image\":{\"@id\":\"https:\\\/\\\/www.parisheure.com\\\/#\\\/schema\\\/logo\\\/image\\\/\"},\"sameAs\":[\"https:\\\/\\\/www.facebook.com\\\/ParisHeure\",\"https:\\\/\\\/www.instagram.com\\\/parisheure\\\/\"]}]}<\/script>\n<!-- \/ Yoast SEO plugin. -->","yoast_head_json":{"title":"Conditions De Vente \u2022 Nos termes et conditions de ventes","description":"Here you will find our 72H return terms and conditions, as well as our 6-month guarantee and the management of our bank transfer payments.","robots":{"index":"index","follow":"follow","max-snippet":"max-snippet:-1","max-image-preview":"max-image-preview:large","max-video-preview":"max-video-preview:-1"},"canonical":"https:\/\/www.parisheure.com\/en\/conditions-of-sale\/","og_locale":"en_US","og_type":"article","og_title":"Conditions De Vente &#8226; Nos termes et conditions de ventes","og_description":"Vous trouverez ici nos termes et conditions de retour 72H , ainsi que notre Garantie de 6 mois, la gestion de nos paiements en virements.","og_url":"https:\/\/www.parisheure.com\/en\/conditions-of-sale\/","og_site_name":"PARIS HEURE","article_publisher":"https:\/\/www.facebook.com\/ParisHeure","article_modified_time":"2024-12-04T15:22:27+00:00","twitter_card":"summary_large_image","schema":{"@context":"https:\/\/schema.org","@graph":[{"@type":"WebPage","@id":"https:\/\/www.parisheure.com\/conditions-de-vente\/","url":"https:\/\/www.parisheure.com\/conditions-de-vente\/","name":"Conditions De Vente \u2022 Nos termes et conditions de ventes","isPartOf":{"@id":"https:\/\/www.parisheure.com\/#website"},"datePublished":"2020-11-30T02:00:16+00:00","dateModified":"2024-12-04T15:22:27+00:00","description":"Here you will find our 72H return terms and conditions, as well as our 6-month guarantee and the management of our bank transfer payments.","breadcrumb":{"@id":"https:\/\/www.parisheure.com\/conditions-de-vente\/#breadcrumb"},"inLanguage":"en-US","potentialAction":[{"@type":"ReadAction","target":["https:\/\/www.parisheure.com\/conditions-de-vente\/"]}]},{"@type":"BreadcrumbList","@id":"https:\/\/www.parisheure.com\/conditions-de-vente\/#breadcrumb","itemListElement":[{"@type":"ListItem","position":1,"name":"Accueil","item":"https:\/\/www.parisheure.com\/"},{"@type":"ListItem","position":2,"name":"Conditions"}]},{"@type":"WebSite","@id":"https:\/\/www.parisheure.com\/#website","url":"https:\/\/www.parisheure.com\/","name":"PARIS HEURE","description":"Vintage watches Paris","publisher":{"@id":"https:\/\/www.parisheure.com\/#organization"},"potentialAction":[{"@type":"SearchAction","target":{"@type":"EntryPoint","urlTemplate":"https:\/\/www.parisheure.com\/?s={search_term_string}"},"query-input":{"@type":"PropertyValueSpecification","valueRequired":true,"valueName":"search_term_string"}}],"inLanguage":"en-US"},{"@type":"Organization","@id":"https:\/\/www.parisheure.com\/#organization","name":"PARIS HEURE","url":"https:\/\/www.parisheure.com\/","logo":{"@type":"ImageObject","inLanguage":"en-US","@id":"https:\/\/www.parisheure.com\/#\/schema\/logo\/image\/","url":"https:\/\/www.parisheure.com\/wp-content\/uploads\/2021\/07\/cropped-logo-paris-heure.png","contentUrl":"https:\/\/www.parisheure.com\/wp-content\/uploads\/2021\/07\/cropped-logo-paris-heure.png","width":512,"height":512,"caption":"PARIS HEURE"},"image":{"@id":"https:\/\/www.parisheure.com\/#\/schema\/logo\/image\/"},"sameAs":["https:\/\/www.facebook.com\/ParisHeure","https:\/\/www.instagram.com\/parisheure\/"]}]}},"jetpack_sharing_enabled":true,"_links":{"self":[{"href":"https:\/\/www.parisheure.com\/en\/wp-json\/wp\/v2\/pages\/47","targetHints":{"allow":["GET"]}}],"collection":[{"href":"https:\/\/www.parisheure.com\/en\/wp-json\/wp\/v2\/pages"}],"about":[{"href":"https:\/\/www.parisheure.com\/en\/wp-json\/wp\/v2\/types\/page"}],"author":[{"embeddable":true,"href":"https:\/\/www.parisheure.com\/en\/wp-json\/wp\/v2\/users\/1"}],"replies":[{"embeddable":true,"href":"https:\/\/www.parisheure.com\/en\/wp-json\/wp\/v2\/comments?post=47"}],"version-history":[{"count":12,"href":"https:\/\/www.parisheure.com\/en\/wp-json\/wp\/v2\/pages\/47\/revisions"}],"predecessor-version":[{"id":14369,"href":"https:\/\/www.parisheure.com\/en\/wp-json\/wp\/v2\/pages\/47\/revisions\/14369"}],"wp:attachment":[{"href":"https:\/\/www.parisheure.com\/en\/wp-json\/wp\/v2\/media?parent=47"}],"curies":[{"name":"wp","href":"https:\/\/api.w.org\/{rel}","templated":true}]}}