{"id":7168,"date":"2021-07-27T00:53:24","date_gmt":"2021-07-26T22:53:24","guid":{"rendered":"http:\/\/www.parisheure.com\/?page_id=7168"},"modified":"2024-06-26T16:34:09","modified_gmt":"2024-06-26T14:34:09","slug":"sell-your-watch","status":"publish","type":"page","link":"https:\/\/www.parisheure.com\/en\/sell-your-watch\/","title":{"rendered":"SELL YOUR WATCH"},"content":{"rendered":"<div data-elementor-type=\"wp-page\" data-elementor-id=\"7168\" class=\"elementor elementor-7168\">\n\t\t\t\t\t\t<section class=\"elementor-section elementor-top-section elementor-element elementor-element-533feae elementor-section-full_width elementor-section-stretched elementor-hidden-tablet elementor-hidden-phone elementor-section-height-default elementor-section-height-default\" data-id=\"533feae\" data-element_type=\"section\" data-e-type=\"section\" data-settings=\"{&quot;stretch_section&quot;:&quot;section-stretched&quot;}\">\n\t\t\t\t\t\t<div class=\"elementor-container elementor-column-gap-wider\">\n\t\t\t\t\t<div class=\"elementor-column elementor-col-100 elementor-top-column elementor-element elementor-element-d5d5f9b\" data-id=\"d5d5f9b\" data-element_type=\"column\" data-e-type=\"column\">\n\t\t\t<div class=\"elementor-widget-wrap elementor-element-populated\">\n\t\t\t\t\t\t<div class=\"elementor-element elementor-element-9ea2649 elementor-widget elementor-widget-spacer\" data-id=\"9ea2649\" data-element_type=\"widget\" data-e-type=\"widget\" data-widget_type=\"spacer.default\">\n\t\t\t\t<div class=\"elementor-widget-container\">\n\t\t\t\t\t\t\t<div class=\"elementor-spacer\">\n\t\t\t<div class=\"elementor-spacer-inner\"><\/div>\n\t\t<\/div>\n\t\t\t\t\t\t<\/div>\n\t\t\t\t<\/div>\n\t\t\t\t<div class=\"elementor-element elementor-element-d35ae1f elementor-invisible elementor-widget elementor-widget-image\" data-id=\"d35ae1f\" data-element_type=\"widget\" data-e-type=\"widget\" data-settings=\"{&quot;_animation&quot;:&quot;fadeIn&quot;}\" data-widget_type=\"image.default\">\n\t\t\t\t<div class=\"elementor-widget-container\">\n\t\t\t\t\t\t\t\t\t\t\t\t\t\t\t<img fetchpriority=\"high\" decoding=\"async\" width=\"2048\" height=\"655\" src=\"https:\/\/www.parisheure.com\/wp-content\/uploads\/2021\/08\/BANDEAU-MONTRE-A-COTE-STYLE-4-2048x655.png\" class=\"attachment-2048x2048 size-2048x2048 wp-image-8367\" alt=\"\" srcset=\"https:\/\/www.parisheure.com\/wp-content\/uploads\/2021\/08\/BANDEAU-MONTRE-A-COTE-STYLE-4-2048x655.png 2048w, https:\/\/www.parisheure.com\/wp-content\/uploads\/2021\/08\/BANDEAU-MONTRE-A-COTE-STYLE-4-800x256.png 800w, https:\/\/www.parisheure.com\/wp-content\/uploads\/2021\/08\/BANDEAU-MONTRE-A-COTE-STYLE-4-300x96.png 300w, https:\/\/www.parisheure.com\/wp-content\/uploads\/2021\/08\/BANDEAU-MONTRE-A-COTE-STYLE-4-1024x328.png 1024w, https:\/\/www.parisheure.com\/wp-content\/uploads\/2021\/08\/BANDEAU-MONTRE-A-COTE-STYLE-4-768x246.png 768w, https:\/\/www.parisheure.com\/wp-content\/uploads\/2021\/08\/BANDEAU-MONTRE-A-COTE-STYLE-4-1536x492.png 1536w, https:\/\/www.parisheure.com\/wp-content\/uploads\/2021\/08\/BANDEAU-MONTRE-A-COTE-STYLE-4-1320x422.png 1320w\" sizes=\"(max-width: 2048px) 100vw, 2048px\" \/>\t\t\t\t\t\t\t\t\t\t\t\t\t\t\t<\/div>\n\t\t\t\t<\/div>\n\t\t\t\t\t<\/div>\n\t\t<\/div>\n\t\t\t\t\t<\/div>\n\t\t<\/section>\n\t\t\t\t<section class=\"elementor-section elementor-top-section elementor-element elementor-element-40c288a elementor-section-boxed elementor-section-height-default elementor-section-height-default\" data-id=\"40c288a\" data-element_type=\"section\" data-e-type=\"section\">\n\t\t\t\t\t\t<div class=\"elementor-container elementor-column-gap-default\">\n\t\t\t\t\t<div class=\"elementor-column elementor-col-100 elementor-top-column elementor-element elementor-element-e891c5a\" data-id=\"e891c5a\" data-element_type=\"column\" data-e-type=\"column\">\n\t\t\t<div class=\"elementor-widget-wrap elementor-element-populated\">\n\t\t\t\t\t\t<div class=\"elementor-element elementor-element-6d7e6d8 elementor-widget elementor-widget-spacer\" data-id=\"6d7e6d8\" data-element_type=\"widget\" data-e-type=\"widget\" data-widget_type=\"spacer.default\">\n\t\t\t\t<div class=\"elementor-widget-container\">\n\t\t\t\t\t\t\t<div class=\"elementor-spacer\">\n\t\t\t<div class=\"elementor-spacer-inner\"><\/div>\n\t\t<\/div>\n\t\t\t\t\t\t<\/div>\n\t\t\t\t<\/div>\n\t\t\t\t\t<\/div>\n\t\t<\/div>\n\t\t\t\t\t<\/div>\n\t\t<\/section>\n\t\t\t\t<section class=\"elementor-section elementor-top-section elementor-element elementor-element-f886633 elementor-section-boxed elementor-section-height-default elementor-section-height-default\" data-id=\"f886633\" data-element_type=\"section\" data-e-type=\"section\">\n\t\t\t\t\t\t<div class=\"elementor-container elementor-column-gap-default\">\n\t\t\t\t\t<div class=\"elementor-column elementor-col-100 elementor-top-column elementor-element elementor-element-bbdbb0b\" data-id=\"bbdbb0b\" data-element_type=\"column\" data-e-type=\"column\">\n\t\t\t<div class=\"elementor-widget-wrap elementor-element-populated\">\n\t\t\t\t\t\t<div class=\"elementor-element elementor-element-909de1a elementor-widget elementor-widget-heading\" data-id=\"909de1a\" data-element_type=\"widget\" data-e-type=\"widget\" data-widget_type=\"heading.default\">\n\t\t\t\t<div class=\"elementor-widget-container\">\n\t\t\t\t\t<h1 class=\"elementor-heading-title elementor-size-default\">SELL YOUR WATCH<\/h1>\t\t\t\t<\/div>\n\t\t\t\t<\/div>\n\t\t\t\t<div class=\"elementor-element elementor-element-60c7bac elementor-widget elementor-widget-spacer\" data-id=\"60c7bac\" data-element_type=\"widget\" data-e-type=\"widget\" data-widget_type=\"spacer.default\">\n\t\t\t\t<div class=\"elementor-widget-container\">\n\t\t\t\t\t\t\t<div class=\"elementor-spacer\">\n\t\t\t<div class=\"elementor-spacer-inner\"><\/div>\n\t\t<\/div>\n\t\t\t\t\t\t<\/div>\n\t\t\t\t<\/div>\n\t\t\t\t<div class=\"elementor-element elementor-element-236ed74 elementor-widget elementor-widget-text-editor\" data-id=\"236ed74\" data-element_type=\"widget\" data-e-type=\"widget\" data-widget_type=\"text-editor.default\">\n\t\t\t\t<div class=\"elementor-widget-container\">\n\t\t\t\t\t\t\t\t\t<p id=\"tw-target-text\" class=\"tw-data-text tw-text-large XcVN5d tw-ta\" dir=\"ltr\" style=\"text-align: center;\" data-placeholder=\"Traduction\"><span class=\"Y2IQFc\" lang=\"fr\">Please complete this form if you would like to contact us to sell one or more watches from your collection. <\/span><\/p><p class=\"tw-data-text tw-text-large XcVN5d tw-ta\" dir=\"ltr\" style=\"text-align: center;\" data-placeholder=\"Traduction\"><span class=\"Y2IQFc\" lang=\"fr\">We will be happy to respond to you as soon as possible, in order to offer you the best possible price.<\/span><\/p><p class=\"tw-data-text tw-text-large XcVN5d tw-ta\" dir=\"ltr\" style=\"text-align: center;\" data-placeholder=\"Traduction\"><span class=\"Y2IQFc\" lang=\"fr\">We have specialized for 13 years in luxury watches, mainly vintage and rare.<\/span><\/p><p class=\"tw-data-text tw-text-large XcVN5d tw-ta\" dir=\"ltr\" style=\"text-align: center;\" data-placeholder=\"Traduction\"><span class=\"Y2IQFc\" lang=\"fr\">The appointment is MANDATORY if you wish to see watches in person and it is preferable to make an appointment 24 hours before.\u00a0<\/span><\/p><p id=\"tw-target-text\" class=\"tw-data-text tw-text-large XcVN5d tw-ta\" dir=\"ltr\" style=\"text-align: center;\" data-placeholder=\"Traduction\"><a href=\"mailto:phwatchesofficial@gmail.com\"><span class=\"Y2IQFc\" lang=\"fr\">parisheure@gmail.com\u00a0<\/span><\/a><\/p><p id=\"tw-target-text\" class=\"tw-data-text tw-text-large XcVN5d tw-ta\" dir=\"ltr\" style=\"text-align: center;\" data-placeholder=\"Traduction\"><a href=\"https:\/\/wa.me\/33662007280?text=Je%20suis%20int\u00e9ress\u00e9%20par%20votre%20montre\"><span class=\"Y2IQFc\" lang=\"fr\">+33 6 62 00 72 80<\/span><\/a><\/p>\t\t\t\t\t\t\t\t<\/div>\n\t\t\t\t<\/div>\n\t\t\t\t\t<\/div>\n\t\t<\/div>\n\t\t\t\t\t<\/div>\n\t\t<\/section>\n\t\t\t\t<section class=\"elementor-section elementor-top-section elementor-element elementor-element-b0c0960 elementor-hidden-tablet elementor-hidden-phone elementor-section-boxed elementor-section-height-default elementor-section-height-default\" data-id=\"b0c0960\" data-element_type=\"section\" data-e-type=\"section\">\n\t\t\t\t\t\t<div class=\"elementor-container elementor-column-gap-default\">\n\t\t\t\t\t<div class=\"elementor-column elementor-col-100 elementor-top-column elementor-element elementor-element-b63dd37\" data-id=\"b63dd37\" data-element_type=\"column\" data-e-type=\"column\">\n\t\t\t<div class=\"elementor-widget-wrap elementor-element-populated\">\n\t\t\t\t\t\t<div class=\"elementor-element elementor-element-9e75253 elementor-widget elementor-widget-shortcode\" data-id=\"9e75253\" data-element_type=\"widget\" data-e-type=\"widget\" data-widget_type=\"shortcode.default\">\n\t\t\t\t<div class=\"elementor-widget-container\">\n\t\t\t\t\t\t\t<div class=\"elementor-shortcode\">\n<div class=\"wpcf7 no-js\" id=\"wpcf7-f7724-o1\" lang=\"fr-FR\" dir=\"ltr\" data-wpcf7-id=\"7724\">\n<div class=\"screen-reader-response\"><p role=\"status\" aria-live=\"polite\" aria-atomic=\"true\"><\/p> <ul><\/ul><\/div>\n<form action=\"\/en\/wp-json\/wp\/v2\/pages\/7168#wpcf7-f7724-o1\" method=\"post\" class=\"wpcf7-form init\" aria-label=\"Formulaire de contact\" novalidate=\"novalidate\" data-status=\"init\" data-trp-original-action=\"\/en\/wp-json\/wp\/v2\/pages\/7168#wpcf7-f7724-o1\">\n<fieldset class=\"hidden-fields-container\"><input type=\"hidden\" name=\"_wpcf7\" value=\"7724\" \/><input type=\"hidden\" name=\"_wpcf7_version\" value=\"6.1.5\" \/><input type=\"hidden\" name=\"_wpcf7_locale\" value=\"fr_FR\" \/><input type=\"hidden\" name=\"_wpcf7_unit_tag\" value=\"wpcf7-f7724-o1\" \/><input type=\"hidden\" name=\"_wpcf7_container_post\" value=\"0\" \/><input type=\"hidden\" name=\"_wpcf7_posted_data_hash\" value=\"\" \/><input type=\"hidden\" name=\"_wpcf7_recaptcha_response\" value=\"\" \/>\n<\/fieldset>\n<p><label> Name<br \/>\n<span class=\"wpcf7-form-control-wrap\" data-name=\"your-name\"><input size=\"40\" maxlength=\"400\" class=\"wpcf7-form-control wpcf7-text wpcf7-validates-as-required\" aria-required=\"true\" aria-invalid=\"false\" value=\"\" type=\"text\" name=\"your-name\" \/><\/span> <\/label>\n<\/p>\n<p><label> E-mail<br \/>\n<span class=\"wpcf7-form-control-wrap\" data-name=\"your-email\"><input size=\"40\" maxlength=\"400\" class=\"wpcf7-form-control wpcf7-email wpcf7-validates-as-required wpcf7-text wpcf7-validates-as-email\" aria-required=\"true\" aria-invalid=\"false\" value=\"\" type=\"email\" name=\"your-email\" \/><\/span> <\/label>\n<\/p>\n<p><span class=\"wpcf7-form-control-wrap\" data-name=\"casesacocher\"><span class=\"wpcf7-form-control wpcf7-checkbox wpcf7-validates-as-required\"><span class=\"wpcf7-list-item first\"><label><span class=\"wpcf7-list-item-label\">Sell your watch<\/span><input type=\"checkbox\" name=\"casesacocher[]\" value=\"Vendre votre montre\" \/><\/label><\/span><span class=\"wpcf7-list-item\"><label><span class=\"wpcf7-list-item-label\">Consign my watch<\/span><input type=\"checkbox\" name=\"casesacocher[]\" value=\"Confier ma montre\" \/><\/label><\/span><span class=\"wpcf7-list-item last\"><label><span class=\"wpcf7-list-item-label\">Estimate my watch<\/span><input type=\"checkbox\" name=\"casesacocher[]\" value=\"Estimer ma montre\" \/><\/label><\/span><\/span><\/span>\n<\/p>\n<p><label> Brand and model<br \/>\n<span class=\"wpcf7-form-control-wrap\" data-name=\"your-subject\"><input size=\"40\" maxlength=\"400\" class=\"wpcf7-form-control wpcf7-text wpcf7-validates-as-required\" aria-required=\"true\" aria-invalid=\"false\" value=\"\" type=\"text\" name=\"your-subject\" \/><\/span> <\/label>\n<\/p>\n<p><label> Your message<br \/>\n<span class=\"wpcf7-form-control-wrap\" data-name=\"your-message\"><textarea cols=\"120\" rows=\"3\" maxlength=\"2000\" class=\"wpcf7-form-control wpcf7-textarea\" aria-invalid=\"false\" name=\"your-message\"><\/textarea><\/span> <\/label>\n<\/p>\n<p><label> Please upload at least one picture<br \/>\n<span class=\"wpcf7-form-control-wrap\" data-name=\"upload-file-146\"><input size=\"40\" class=\"wpcf7-form-control wpcf7-drag-n-drop-file d-none\" aria-required=\"true\" aria-invalid=\"false\" type=\"file\" multiple=\"multiple\" data-name=\"upload-file-146\" data-type=\"gif|png|jpg|jpeg|pdf\" data-limit=\"52428800\" data-min=\"1\" data-max=\"10\" data-id=\"7724\" data-version=\"free version 1.3.9.6\" accept=\".gif, .png, .jpg, .jpeg, .pdf\" \/><\/span><br \/>\n<input class=\"wpcf7-form-control wpcf7-submit has-spinner\" type=\"submit\" value=\"SEND\" \/> <\/label>\n<\/p><div class=\"wpcf7-response-output\" aria-hidden=\"true\"><\/div>\n<input type=\"hidden\" name=\"trp-form-language\" value=\"en\"\/><\/form>\n<\/div>\n<\/div>\n\t\t\t\t\t\t<\/div>\n\t\t\t\t<\/div>\n\t\t\t\t\t<\/div>\n\t\t<\/div>\n\t\t\t\t\t<\/div>\n\t\t<\/section>\n\t\t\t\t<section class=\"elementor-section elementor-top-section elementor-element elementor-element-1f0b1af elementor-section-boxed elementor-section-height-default elementor-section-height-default\" data-id=\"1f0b1af\" data-element_type=\"section\" data-e-type=\"section\">\n\t\t\t\t\t\t<div class=\"elementor-container elementor-column-gap-default\">\n\t\t\t\t\t<div class=\"elementor-column elementor-col-100 elementor-top-column elementor-element elementor-element-1a12637\" data-id=\"1a12637\" data-element_type=\"column\" data-e-type=\"column\">\n\t\t\t<div class=\"elementor-widget-wrap elementor-element-populated\">\n\t\t\t\t\t\t<div class=\"elementor-element elementor-element-5d4aceb elementor-widget elementor-widget-spacer\" data-id=\"5d4aceb\" data-element_type=\"widget\" data-e-type=\"widget\" data-widget_type=\"spacer.default\">\n\t\t\t\t<div class=\"elementor-widget-container\">\n\t\t\t\t\t\t\t<div class=\"elementor-spacer\">\n\t\t\t<div class=\"elementor-spacer-inner\"><\/div>\n\t\t<\/div>\n\t\t\t\t\t\t<\/div>\n\t\t\t\t<\/div>\n\t\t\t\t\t<\/div>\n\t\t<\/div>\n\t\t\t\t\t<\/div>\n\t\t<\/section>\n\t\t\t\t<\/div>","protected":false},"excerpt":{"rendered":"<p>VENDEZ VOTRE MONTRE Veuillez remplir ce formulaire si vous souhaitez nous contacter pour vendre une ou plusieurs montres de votre collection. Nous nous ferons un plaisir de vous r\u00e9pondre dans les plus brefs d\u00e9lais, afin de vous offrir la meilleure offre possible. Nous sommes sp\u00e9cialis\u00e9s depuis 13 ans dans les montres de luxe et principalement &hellip; <br \/><a href=\"https:\/\/www.parisheure.com\/en\/sell-your-watch\/\" class=\"more-link\">Continue reading <span class=\"screen-reader-text\">SELL YOUR WATCH<\/span><\/a><\/p>","protected":false},"author":1,"featured_media":0,"parent":0,"menu_order":0,"comment_status":"closed","ping_status":"closed","template":"","meta":{"footnotes":""},"class_list":["post-7168","page","type-page","status-publish","hentry"],"yoast_head":"<!-- This site is optimized with the Yoast SEO plugin v27.4 - https:\/\/yoast.com\/product\/yoast-seo-wordpress\/ -->\n<title>Vendez votre montre &#8226; Rolex, Patek, Cartier, Audemars Piguet<\/title>\n<meta name=\"description\" content=\"Veuillez remplir ce formulaire si vous souhaitez nous contacter pour vendre une ou plusieurs montres de votre collection. Nous vous r\u00e9pondrons en 48H.\" \/>\n<meta name=\"robots\" content=\"index, follow, max-snippet:-1, max-image-preview:large, max-video-preview:-1\" \/>\n<link rel=\"canonical\" href=\"https:\/\/www.parisheure.com\/en\/sell-your-watch\/\" \/>\n<meta property=\"og:locale\" content=\"en_US\" \/>\n<meta property=\"og:type\" content=\"article\" \/>\n<meta property=\"og:title\" content=\"Vendez votre montre &#8226; Rolex, Patek, Cartier, Audemars Piguet\" \/>\n<meta property=\"og:description\" content=\"Veuillez remplir ce formulaire si vous souhaitez nous contacter pour vendre une ou plusieurs montres de votre collection. Nous vous r\u00e9pondrons en 48H.\" \/>\n<meta property=\"og:url\" content=\"https:\/\/www.parisheure.com\/en\/sell-your-watch\/\" \/>\n<meta property=\"og:site_name\" content=\"PARIS HEURE\" \/>\n<meta property=\"article:publisher\" content=\"https:\/\/www.facebook.com\/ParisHeure\" \/>\n<meta property=\"article:modified_time\" content=\"2024-06-26T14:34:09+00:00\" \/>\n<meta property=\"og:image\" content=\"https:\/\/www.parisheure.com\/wp-content\/uploads\/2021\/08\/BANDEAU-MONTRE-A-COTE-STYLE-4-2048x655.png\" \/>\n<meta name=\"twitter:card\" content=\"summary_large_image\" \/>\n<script type=\"application\/ld+json\" class=\"yoast-schema-graph\">{\"@context\":\"https:\\\/\\\/schema.org\",\"@graph\":[{\"@type\":\"WebPage\",\"@id\":\"https:\\\/\\\/www.parisheure.com\\\/vendre-votre-montre\\\/\",\"url\":\"https:\\\/\\\/www.parisheure.com\\\/vendre-votre-montre\\\/\",\"name\":\"Vendez votre montre &#8226; Rolex, Patek, Cartier, Audemars Piguet\",\"isPartOf\":{\"@id\":\"https:\\\/\\\/www.parisheure.com\\\/#website\"},\"primaryImageOfPage\":{\"@id\":\"https:\\\/\\\/www.parisheure.com\\\/vendre-votre-montre\\\/#primaryimage\"},\"image\":{\"@id\":\"https:\\\/\\\/www.parisheure.com\\\/vendre-votre-montre\\\/#primaryimage\"},\"thumbnailUrl\":\"https:\\\/\\\/www.parisheure.com\\\/wp-content\\\/uploads\\\/2021\\\/08\\\/BANDEAU-MONTRE-A-COTE-STYLE-4-2048x655.png\",\"datePublished\":\"2021-07-26T22:53:24+00:00\",\"dateModified\":\"2024-06-26T14:34:09+00:00\",\"description\":\"Veuillez remplir ce formulaire si vous souhaitez nous contacter pour vendre une ou plusieurs montres de votre collection. Nous vous r\u00e9pondrons en 48H.\",\"breadcrumb\":{\"@id\":\"https:\\\/\\\/www.parisheure.com\\\/vendre-votre-montre\\\/#breadcrumb\"},\"inLanguage\":\"en-US\",\"potentialAction\":[{\"@type\":\"ReadAction\",\"target\":[\"https:\\\/\\\/www.parisheure.com\\\/vendre-votre-montre\\\/\"]}]},{\"@type\":\"ImageObject\",\"inLanguage\":\"en-US\",\"@id\":\"https:\\\/\\\/www.parisheure.com\\\/vendre-votre-montre\\\/#primaryimage\",\"url\":\"https:\\\/\\\/www.parisheure.com\\\/wp-content\\\/uploads\\\/2021\\\/08\\\/BANDEAU-MONTRE-A-COTE-STYLE-4-2048x655.png\",\"contentUrl\":\"https:\\\/\\\/www.parisheure.com\\\/wp-content\\\/uploads\\\/2021\\\/08\\\/BANDEAU-MONTRE-A-COTE-STYLE-4-2048x655.png\"},{\"@type\":\"BreadcrumbList\",\"@id\":\"https:\\\/\\\/www.parisheure.com\\\/vendre-votre-montre\\\/#breadcrumb\",\"itemListElement\":[{\"@type\":\"ListItem\",\"position\":1,\"name\":\"Accueil\",\"item\":\"https:\\\/\\\/www.parisheure.com\\\/\"},{\"@type\":\"ListItem\",\"position\":2,\"name\":\"VENDRE VOTRE MONTRE\"}]},{\"@type\":\"WebSite\",\"@id\":\"https:\\\/\\\/www.parisheure.com\\\/#website\",\"url\":\"https:\\\/\\\/www.parisheure.com\\\/\",\"name\":\"PARIS HEURE\",\"description\":\"Vintage watches Paris\",\"publisher\":{\"@id\":\"https:\\\/\\\/www.parisheure.com\\\/#organization\"},\"potentialAction\":[{\"@type\":\"SearchAction\",\"target\":{\"@type\":\"EntryPoint\",\"urlTemplate\":\"https:\\\/\\\/www.parisheure.com\\\/?s={search_term_string}\"},\"query-input\":{\"@type\":\"PropertyValueSpecification\",\"valueRequired\":true,\"valueName\":\"search_term_string\"}}],\"inLanguage\":\"en-US\"},{\"@type\":\"Organization\",\"@id\":\"https:\\\/\\\/www.parisheure.com\\\/#organization\",\"name\":\"PARIS HEURE\",\"url\":\"https:\\\/\\\/www.parisheure.com\\\/\",\"logo\":{\"@type\":\"ImageObject\",\"inLanguage\":\"en-US\",\"@id\":\"https:\\\/\\\/www.parisheure.com\\\/#\\\/schema\\\/logo\\\/image\\\/\",\"url\":\"https:\\\/\\\/www.parisheure.com\\\/wp-content\\\/uploads\\\/2021\\\/07\\\/cropped-logo-paris-heure.png\",\"contentUrl\":\"https:\\\/\\\/www.parisheure.com\\\/wp-content\\\/uploads\\\/2021\\\/07\\\/cropped-logo-paris-heure.png\",\"width\":512,\"height\":512,\"caption\":\"PARIS HEURE\"},\"image\":{\"@id\":\"https:\\\/\\\/www.parisheure.com\\\/#\\\/schema\\\/logo\\\/image\\\/\"},\"sameAs\":[\"https:\\\/\\\/www.facebook.com\\\/ParisHeure\",\"https:\\\/\\\/www.instagram.com\\\/parisheure\\\/\"]}]}<\/script>\n<!-- \/ Yoast SEO plugin. -->","yoast_head_json":{"title":"Vendez votre montre \u2022 Rolex, Patek, Cartier, Audemars Piguet","description":"Please complete this form if you would like to contact us to sell one or more watches from your collection.","robots":{"index":"index","follow":"follow","max-snippet":"max-snippet:-1","max-image-preview":"max-image-preview:large","max-video-preview":"max-video-preview:-1"},"canonical":"https:\/\/www.parisheure.com\/en\/sell-your-watch\/","og_locale":"en_US","og_type":"article","og_title":"Vendez votre montre &#8226; Rolex, Patek, Cartier, Audemars Piguet","og_description":"Veuillez remplir ce formulaire si vous souhaitez nous contacter pour vendre une ou plusieurs montres de votre collection. Nous vous r\u00e9pondrons en 48H.","og_url":"https:\/\/www.parisheure.com\/en\/sell-your-watch\/","og_site_name":"PARIS HEURE","article_publisher":"https:\/\/www.facebook.com\/ParisHeure","article_modified_time":"2024-06-26T14:34:09+00:00","og_image":[{"url":"https:\/\/www.parisheure.com\/wp-content\/uploads\/2021\/08\/BANDEAU-MONTRE-A-COTE-STYLE-4-2048x655.png","type":"","width":"","height":""}],"twitter_card":"summary_large_image","schema":{"@context":"https:\/\/schema.org","@graph":[{"@type":"WebPage","@id":"https:\/\/www.parisheure.com\/vendre-votre-montre\/","url":"https:\/\/www.parisheure.com\/vendre-votre-montre\/","name":"Vendez votre montre \u2022 Rolex, Patek, Cartier, Audemars Piguet","isPartOf":{"@id":"https:\/\/www.parisheure.com\/#website"},"primaryImageOfPage":{"@id":"https:\/\/www.parisheure.com\/vendre-votre-montre\/#primaryimage"},"image":{"@id":"https:\/\/www.parisheure.com\/vendre-votre-montre\/#primaryimage"},"thumbnailUrl":"https:\/\/www.parisheure.com\/wp-content\/uploads\/2021\/08\/BANDEAU-MONTRE-A-COTE-STYLE-4-2048x655.png","datePublished":"2021-07-26T22:53:24+00:00","dateModified":"2024-06-26T14:34:09+00:00","description":"Please complete this form if you would like to contact us to sell one or more watches from your collection.","breadcrumb":{"@id":"https:\/\/www.parisheure.com\/vendre-votre-montre\/#breadcrumb"},"inLanguage":"en-US","potentialAction":[{"@type":"ReadAction","target":["https:\/\/www.parisheure.com\/vendre-votre-montre\/"]}]},{"@type":"ImageObject","inLanguage":"en-US","@id":"https:\/\/www.parisheure.com\/vendre-votre-montre\/#primaryimage","url":"https:\/\/www.parisheure.com\/wp-content\/uploads\/2021\/08\/BANDEAU-MONTRE-A-COTE-STYLE-4-2048x655.png","contentUrl":"https:\/\/www.parisheure.com\/wp-content\/uploads\/2021\/08\/BANDEAU-MONTRE-A-COTE-STYLE-4-2048x655.png"},{"@type":"BreadcrumbList","@id":"https:\/\/www.parisheure.com\/vendre-votre-montre\/#breadcrumb","itemListElement":[{"@type":"ListItem","position":1,"name":"Accueil","item":"https:\/\/www.parisheure.com\/"},{"@type":"ListItem","position":2,"name":"VENDRE VOTRE MONTRE"}]},{"@type":"WebSite","@id":"https:\/\/www.parisheure.com\/#website","url":"https:\/\/www.parisheure.com\/","name":"PARIS HEURE","description":"Vintage watches Paris","publisher":{"@id":"https:\/\/www.parisheure.com\/#organization"},"potentialAction":[{"@type":"SearchAction","target":{"@type":"EntryPoint","urlTemplate":"https:\/\/www.parisheure.com\/?s={search_term_string}"},"query-input":{"@type":"PropertyValueSpecification","valueRequired":true,"valueName":"search_term_string"}}],"inLanguage":"en-US"},{"@type":"Organization","@id":"https:\/\/www.parisheure.com\/#organization","name":"PARIS HEURE","url":"https:\/\/www.parisheure.com\/","logo":{"@type":"ImageObject","inLanguage":"en-US","@id":"https:\/\/www.parisheure.com\/#\/schema\/logo\/image\/","url":"https:\/\/www.parisheure.com\/wp-content\/uploads\/2021\/07\/cropped-logo-paris-heure.png","contentUrl":"https:\/\/www.parisheure.com\/wp-content\/uploads\/2021\/07\/cropped-logo-paris-heure.png","width":512,"height":512,"caption":"PARIS HEURE"},"image":{"@id":"https:\/\/www.parisheure.com\/#\/schema\/logo\/image\/"},"sameAs":["https:\/\/www.facebook.com\/ParisHeure","https:\/\/www.instagram.com\/parisheure\/"]}]}},"jetpack_sharing_enabled":true,"_links":{"self":[{"href":"https:\/\/www.parisheure.com\/en\/wp-json\/wp\/v2\/pages\/7168","targetHints":{"allow":["GET"]}}],"collection":[{"href":"https:\/\/www.parisheure.com\/en\/wp-json\/wp\/v2\/pages"}],"about":[{"href":"https:\/\/www.parisheure.com\/en\/wp-json\/wp\/v2\/types\/page"}],"author":[{"embeddable":true,"href":"https:\/\/www.parisheure.com\/en\/wp-json\/wp\/v2\/users\/1"}],"replies":[{"embeddable":true,"href":"https:\/\/www.parisheure.com\/en\/wp-json\/wp\/v2\/comments?post=7168"}],"version-history":[{"count":3,"href":"https:\/\/www.parisheure.com\/en\/wp-json\/wp\/v2\/pages\/7168\/revisions"}],"predecessor-version":[{"id":13880,"href":"https:\/\/www.parisheure.com\/en\/wp-json\/wp\/v2\/pages\/7168\/revisions\/13880"}],"wp:attachment":[{"href":"https:\/\/www.parisheure.com\/en\/wp-json\/wp\/v2\/media?parent=7168"}],"curies":[{"name":"wp","href":"https:\/\/api.w.org\/{rel}","templated":true}]}}