{"id":10477,"date":"2021-08-04T12:26:56","date_gmt":"2021-08-04T10:26:56","guid":{"rendered":"https:\/\/www.parisheure.com\/?post_type=product&#038;p=10477"},"modified":"2024-10-23T10:31:46","modified_gmt":"2024-10-23T08:31:46","slug":"patek-philippe-aquanaut-acier-ref-5065-full-set-from-2001","status":"publish","type":"product","link":"https:\/\/www.parisheure.com\/en\/buy-watch\/patek-philippe-aquanaut-acier-ref-5065-full-set-from-2001\/","title":{"rendered":"PATEK PHILIPPE AQUANAUT ACIER REF 5065 FULL SET from 2001"},"content":{"rendered":"<p><strong>4Our opinion:<\/strong> Patek Philippe's aquanaut waterproof sport range, automatic movement, Patek Philippe caliber 315 SC. Patek Philippe's first Jumbo ref 5065. They're even cheaper than the modern ones, so don't hesitate - the same phenomenon has already occurred in nautilus with the explosion in price of the old references. This one has the particularity of a tritium dial with a magnificent, sought-after patina, and very, very rare matching hands. A true modern collector's watch in perfect condition! Delivered with its box and papers confirming its sale in 2001 during the last years of production of tritium dials, which are the only ones to take on a vanilla-yellow patina.<\/p>","protected":false},"excerpt":{"rendered":"<p><strong>Brand:<\/strong>\u00a0Patek Philippe<\/p>\n<p><strong>Model:<\/strong>\u00a0Aquanaut<\/p>\n<p><strong>Movement\u00a0: <\/strong>Automatic <em>315 SC<\/em><\/p>\n<p><strong>Reference:<\/strong>\u00a05065A<\/p>\n<p><strong>Diameter\u00a0: <\/strong>39mm<\/p>\n<p><strong>Year:<\/strong>\u00a02001<\/p>\n<p><strong>Case:<\/strong>\u00a0Beautiful, slightly polished case in good condition. The angles are still present. Lightly polished, retaining its factory shape and angles.<\/p>\n<p><strong>Dial:<\/strong>\u00a0Beautiful original black dial with no flaws and very nice, very pronounced patina on the tritium indexes, which is much sought-after. The hands are also tritium and match the indexes quite well, which is very rare as the hands on the 90% 5065s have less patina than the tritium indexes. This makes it an extremely attractive watch.<\/p>\n<p><strong>Bracelet:<\/strong>\u00a0Black rubber Patek Philippe steel folding clasp.<\/p>\n<p><strong>Accessories:<\/strong> Original box and papers.<\/p>","protected":false},"featured_media":10488,"template":"","meta":[],"pwb-brand":[436],"product_brand":[],"product_cat":[107,367,91],"product_tag":[226,225,106,275,118,124,227],"class_list":{"0":"post-10477","1":"product","2":"type-product","3":"status-publish","4":"has-post-thumbnail","6":"pwb-brand-patek-philippe","7":"product_cat-archives","8":"product_cat-montres-paris-heure","9":"product_cat-patek-philippe","10":"product_tag-226","11":"product_tag-aquanaut","12":"product_tag-full-set","13":"product_tag-jumbo","14":"product_tag-patek","15":"product_tag-patek-philippe","16":"product_tag-tritium","18":"first","19":"outofstock","20":"shipping-taxable","21":"product-type-simple"},"yoast_head":"<!-- This site is optimized with the Yoast SEO plugin v27.5 - https:\/\/yoast.com\/product\/yoast-seo-wordpress\/ -->\n<title>PATEK PHILIPPE AQUANAUT ACIER REF 5065 FULL SET from 2001 &#8226; PARIS HEURE<\/title>\n<meta name=\"description\" content=\"Marque:\u00a0Patek Philippe  Mod\u00e8le:\u00a0Aquanaut  Mouvement\u00a0: Automatique 315 SC  R\u00e9f\u00e9rence:\u00a05065A  Diam\u00e8tre\u00a0: 39mm  Ann\u00e9e:\u00a02001  Boite:\u00a0Beau boitier peu polie en bel \u00e9tat de conservation. Les angles restent bien pr\u00e9sents. Peu polie et garde sa forme et ses angles d\u2019usines.  Cadran:\u00a0Beau cadran noir d\u2019origine sans aucuns d\u00e9fauts et tr\u00e8s belle patine des index tritium tr\u00e8s prononc\u00e9e tr\u00e8s recherch\u00e9e. Les aiguilles sont \u00e9galement au tritium et matche assez bien avec les index ce qui est tr\u00e8s rares car les aiguilles sur 90% des 5065 sont moins patin\u00e9e que les index tritium. Cela en fait une montre extr\u00eamement attractive.  Bracelet:\u00a0Caoutchouc noir boucle d\u00e9ployante acier Patek Philippe.  Accessoires: Boite et papiers d\u2019origine.\" \/>\n<meta name=\"robots\" content=\"index, follow, max-snippet:-1, max-image-preview:large, max-video-preview:-1\" \/>\n<link rel=\"canonical\" href=\"https:\/\/www.parisheure.com\/en\/buy-watch\/patek-philippe-aquanaut-acier-ref-5065-full-set-from-2001\/\" \/>\n<meta property=\"og:locale\" content=\"en_US\" \/>\n<meta property=\"og:type\" content=\"article\" \/>\n<meta property=\"og:title\" content=\"PATEK PHILIPPE AQUANAUT ACIER REF 5065 FULL SET from 2001 &#8226; PARIS HEURE\" \/>\n<meta property=\"og:description\" content=\"Marque:\u00a0Patek Philippe  Mod\u00e8le:\u00a0Aquanaut  Mouvement\u00a0: Automatique 315 SC  R\u00e9f\u00e9rence:\u00a05065A  Diam\u00e8tre\u00a0: 39mm  Ann\u00e9e:\u00a02001  Boite:\u00a0Beau boitier peu polie en bel \u00e9tat de conservation. Les angles restent bien pr\u00e9sents. Peu polie et garde sa forme et ses angles d\u2019usines.  Cadran:\u00a0Beau cadran noir d\u2019origine sans aucuns d\u00e9fauts et tr\u00e8s belle patine des index tritium tr\u00e8s prononc\u00e9e tr\u00e8s recherch\u00e9e. Les aiguilles sont \u00e9galement au tritium et matche assez bien avec les index ce qui est tr\u00e8s rares car les aiguilles sur 90% des 5065 sont moins patin\u00e9e que les index tritium. Cela en fait une montre extr\u00eamement attractive.  Bracelet:\u00a0Caoutchouc noir boucle d\u00e9ployante acier Patek Philippe.  Accessoires: Boite et papiers d\u2019origine.\" \/>\n<meta property=\"og:url\" content=\"https:\/\/www.parisheure.com\/en\/buy-watch\/patek-philippe-aquanaut-acier-ref-5065-full-set-from-2001\/\" \/>\n<meta property=\"og:site_name\" content=\"PARIS HEURE\" \/>\n<meta property=\"article:publisher\" content=\"https:\/\/www.facebook.com\/ParisHeure\" \/>\n<meta property=\"article:modified_time\" content=\"2024-10-23T08:31:46+00:00\" \/>\n<meta property=\"og:image\" content=\"https:\/\/www.parisheure.com\/wp-content\/uploads\/2021\/12\/PATEK-PHILIPPE-AQUANAUT-REF-5065-BP-FROM-2001-TRITIUM-_0010_Calque-2-scaled.jpg\" \/>\n\t<meta property=\"og:image:width\" content=\"2560\" \/>\n\t<meta property=\"og:image:height\" content=\"2560\" \/>\n\t<meta property=\"og:image:type\" content=\"image\/jpeg\" \/>\n<meta name=\"twitter:card\" content=\"summary_large_image\" \/>\n<script type=\"application\/ld+json\" class=\"yoast-schema-graph\">{\"@context\":\"https:\\\/\\\/schema.org\",\"@graph\":[{\"@type\":\"WebPage\",\"@id\":\"https:\\\/\\\/www.parisheure.com\\\/acheter-montre\\\/patek-philippe-aquanaut-acier-ref-5065-full-set-from-2001\\\/\",\"url\":\"https:\\\/\\\/www.parisheure.com\\\/acheter-montre\\\/patek-philippe-aquanaut-acier-ref-5065-full-set-from-2001\\\/\",\"name\":\"PATEK PHILIPPE AQUANAUT ACIER REF 5065 FULL SET from 2001 &#8226; PARIS HEURE\",\"isPartOf\":{\"@id\":\"https:\\\/\\\/www.parisheure.com\\\/#website\"},\"primaryImageOfPage\":{\"@id\":\"https:\\\/\\\/www.parisheure.com\\\/acheter-montre\\\/patek-philippe-aquanaut-acier-ref-5065-full-set-from-2001\\\/#primaryimage\"},\"image\":{\"@id\":\"https:\\\/\\\/www.parisheure.com\\\/acheter-montre\\\/patek-philippe-aquanaut-acier-ref-5065-full-set-from-2001\\\/#primaryimage\"},\"thumbnailUrl\":\"https:\\\/\\\/www.parisheure.com\\\/wp-content\\\/uploads\\\/2021\\\/12\\\/PATEK-PHILIPPE-AQUANAUT-REF-5065-BP-FROM-2001-TRITIUM-_0010_Calque-2-scaled.jpg\",\"datePublished\":\"2021-08-04T10:26:56+00:00\",\"dateModified\":\"2024-10-23T08:31:46+00:00\",\"description\":\"Marque:\u00a0Patek Philippe Mod\u00e8le:\u00a0Aquanaut Mouvement\u00a0: Automatique 315 SC R\u00e9f\u00e9rence:\u00a05065A Diam\u00e8tre\u00a0: 39mm Ann\u00e9e:\u00a02001 Boite:\u00a0Beau boitier peu polie en bel \u00e9tat de conservation. Les angles restent bien pr\u00e9sents. Peu polie et garde sa forme et ses angles d\u2019usines. Cadran:\u00a0Beau cadran noir d\u2019origine sans aucuns d\u00e9fauts et tr\u00e8s belle patine des index tritium tr\u00e8s prononc\u00e9e tr\u00e8s recherch\u00e9e. Les aiguilles sont \u00e9galement au tritium et matche assez bien avec les index ce qui est tr\u00e8s rares car les aiguilles sur 90% des 5065 sont moins patin\u00e9e que les index tritium. Cela en fait une montre extr\u00eamement attractive. Bracelet:\u00a0Caoutchouc noir boucle d\u00e9ployante acier Patek Philippe. Accessoires: Boite et papiers d\u2019origine.\",\"breadcrumb\":{\"@id\":\"https:\\\/\\\/www.parisheure.com\\\/acheter-montre\\\/patek-philippe-aquanaut-acier-ref-5065-full-set-from-2001\\\/#breadcrumb\"},\"inLanguage\":\"en-US\",\"potentialAction\":[{\"@type\":\"ReadAction\",\"target\":[\"https:\\\/\\\/www.parisheure.com\\\/acheter-montre\\\/patek-philippe-aquanaut-acier-ref-5065-full-set-from-2001\\\/\"]}]},{\"@type\":\"ImageObject\",\"inLanguage\":\"en-US\",\"@id\":\"https:\\\/\\\/www.parisheure.com\\\/acheter-montre\\\/patek-philippe-aquanaut-acier-ref-5065-full-set-from-2001\\\/#primaryimage\",\"url\":\"https:\\\/\\\/www.parisheure.com\\\/wp-content\\\/uploads\\\/2021\\\/12\\\/PATEK-PHILIPPE-AQUANAUT-REF-5065-BP-FROM-2001-TRITIUM-_0010_Calque-2-scaled.jpg\",\"contentUrl\":\"https:\\\/\\\/www.parisheure.com\\\/wp-content\\\/uploads\\\/2021\\\/12\\\/PATEK-PHILIPPE-AQUANAUT-REF-5065-BP-FROM-2001-TRITIUM-_0010_Calque-2-scaled.jpg\",\"width\":2560,\"height\":2560},{\"@type\":\"BreadcrumbList\",\"@id\":\"https:\\\/\\\/www.parisheure.com\\\/acheter-montre\\\/patek-philippe-aquanaut-acier-ref-5065-full-set-from-2001\\\/#breadcrumb\",\"itemListElement\":[{\"@type\":\"ListItem\",\"position\":1,\"name\":\"Accueil\",\"item\":\"https:\\\/\\\/www.parisheure.com\\\/\"},{\"@type\":\"ListItem\",\"position\":2,\"name\":\"WATCHES\",\"item\":\"https:\\\/\\\/www.parisheure.com\\\/\"},{\"@type\":\"ListItem\",\"position\":3,\"name\":\"PATEK PHILIPPE AQUANAUT ACIER REF 5065 FULL SET from 2001\"}]},{\"@type\":\"WebSite\",\"@id\":\"https:\\\/\\\/www.parisheure.com\\\/#website\",\"url\":\"https:\\\/\\\/www.parisheure.com\\\/\",\"name\":\"PARIS HEURE\",\"description\":\"Vintage watches Paris\",\"publisher\":{\"@id\":\"https:\\\/\\\/www.parisheure.com\\\/#organization\"},\"potentialAction\":[{\"@type\":\"SearchAction\",\"target\":{\"@type\":\"EntryPoint\",\"urlTemplate\":\"https:\\\/\\\/www.parisheure.com\\\/?s={search_term_string}\"},\"query-input\":{\"@type\":\"PropertyValueSpecification\",\"valueRequired\":true,\"valueName\":\"search_term_string\"}}],\"inLanguage\":\"en-US\"},{\"@type\":\"Organization\",\"@id\":\"https:\\\/\\\/www.parisheure.com\\\/#organization\",\"name\":\"PARIS HEURE\",\"url\":\"https:\\\/\\\/www.parisheure.com\\\/\",\"logo\":{\"@type\":\"ImageObject\",\"inLanguage\":\"en-US\",\"@id\":\"https:\\\/\\\/www.parisheure.com\\\/#\\\/schema\\\/logo\\\/image\\\/\",\"url\":\"https:\\\/\\\/www.parisheure.com\\\/wp-content\\\/uploads\\\/2021\\\/07\\\/cropped-logo-paris-heure.png\",\"contentUrl\":\"https:\\\/\\\/www.parisheure.com\\\/wp-content\\\/uploads\\\/2021\\\/07\\\/cropped-logo-paris-heure.png\",\"width\":512,\"height\":512,\"caption\":\"PARIS HEURE\"},\"image\":{\"@id\":\"https:\\\/\\\/www.parisheure.com\\\/#\\\/schema\\\/logo\\\/image\\\/\"},\"sameAs\":[\"https:\\\/\\\/www.facebook.com\\\/ParisHeure\",\"https:\\\/\\\/www.instagram.com\\\/parisheure\\\/\"]}]}<\/script>\n<!-- \/ Yoast SEO plugin. -->","yoast_head_json":{"title":"PATEK PHILIPPE AQUANAUT ACIER REF 5065 FULL SET from 2001 \u2022 PARIS HEURE","description":"Marque:\u00a0Patek Philippe  Mod\u00e8le:\u00a0Aquanaut  Mouvement\u00a0: Automatique 315 SC  R\u00e9f\u00e9rence:\u00a05065A  Diam\u00e8tre\u00a0: 39mm  Ann\u00e9e:\u00a02001  Boite:\u00a0Beau boitier peu polie en bel \u00e9tat de conservation. Les angles restent bien pr\u00e9sents. Peu polie et garde sa forme et ses angles d\u2019usines.  Cadran:\u00a0Beau cadran noir d\u2019origine sans aucuns d\u00e9fauts et tr\u00e8s belle patine des index tritium tr\u00e8s prononc\u00e9e tr\u00e8s recherch\u00e9e. Les aiguilles sont \u00e9galement au tritium et matche assez bien avec les index ce qui est tr\u00e8s rares car les aiguilles sur 90% des 5065 sont moins patin\u00e9e que les index tritium. Cela en fait une montre extr\u00eamement attractive.  Bracelet:\u00a0Caoutchouc noir boucle d\u00e9ployante acier Patek Philippe.  Accessoires: Boite et papiers d\u2019origine.","robots":{"index":"index","follow":"follow","max-snippet":"max-snippet:-1","max-image-preview":"max-image-preview:large","max-video-preview":"max-video-preview:-1"},"canonical":"https:\/\/www.parisheure.com\/en\/buy-watch\/patek-philippe-aquanaut-acier-ref-5065-full-set-from-2001\/","og_locale":"en_US","og_type":"article","og_title":"PATEK PHILIPPE AQUANAUT ACIER REF 5065 FULL SET from 2001 &#8226; PARIS HEURE","og_description":"Marque:\u00a0Patek Philippe  Mod\u00e8le:\u00a0Aquanaut  Mouvement\u00a0: Automatique 315 SC  R\u00e9f\u00e9rence:\u00a05065A  Diam\u00e8tre\u00a0: 39mm  Ann\u00e9e:\u00a02001  Boite:\u00a0Beau boitier peu polie en bel \u00e9tat de conservation. Les angles restent bien pr\u00e9sents. Peu polie et garde sa forme et ses angles d\u2019usines.  Cadran:\u00a0Beau cadran noir d\u2019origine sans aucuns d\u00e9fauts et tr\u00e8s belle patine des index tritium tr\u00e8s prononc\u00e9e tr\u00e8s recherch\u00e9e. Les aiguilles sont \u00e9galement au tritium et matche assez bien avec les index ce qui est tr\u00e8s rares car les aiguilles sur 90% des 5065 sont moins patin\u00e9e que les index tritium. Cela en fait une montre extr\u00eamement attractive.  Bracelet:\u00a0Caoutchouc noir boucle d\u00e9ployante acier Patek Philippe.  Accessoires: Boite et papiers d\u2019origine.","og_url":"https:\/\/www.parisheure.com\/en\/buy-watch\/patek-philippe-aquanaut-acier-ref-5065-full-set-from-2001\/","og_site_name":"PARIS HEURE","article_publisher":"https:\/\/www.facebook.com\/ParisHeure","article_modified_time":"2024-10-23T08:31:46+00:00","og_image":[{"width":2560,"height":2560,"url":"https:\/\/www.parisheure.com\/wp-content\/uploads\/2021\/12\/PATEK-PHILIPPE-AQUANAUT-REF-5065-BP-FROM-2001-TRITIUM-_0010_Calque-2-scaled.jpg","type":"image\/jpeg"}],"twitter_card":"summary_large_image","schema":{"@context":"https:\/\/schema.org","@graph":[{"@type":"WebPage","@id":"https:\/\/www.parisheure.com\/acheter-montre\/patek-philippe-aquanaut-acier-ref-5065-full-set-from-2001\/","url":"https:\/\/www.parisheure.com\/acheter-montre\/patek-philippe-aquanaut-acier-ref-5065-full-set-from-2001\/","name":"PATEK PHILIPPE AQUANAUT ACIER REF 5065 FULL SET from 2001 \u2022 PARIS HEURE","isPartOf":{"@id":"https:\/\/www.parisheure.com\/#website"},"primaryImageOfPage":{"@id":"https:\/\/www.parisheure.com\/acheter-montre\/patek-philippe-aquanaut-acier-ref-5065-full-set-from-2001\/#primaryimage"},"image":{"@id":"https:\/\/www.parisheure.com\/acheter-montre\/patek-philippe-aquanaut-acier-ref-5065-full-set-from-2001\/#primaryimage"},"thumbnailUrl":"https:\/\/www.parisheure.com\/wp-content\/uploads\/2021\/12\/PATEK-PHILIPPE-AQUANAUT-REF-5065-BP-FROM-2001-TRITIUM-_0010_Calque-2-scaled.jpg","datePublished":"2021-08-04T10:26:56+00:00","dateModified":"2024-10-23T08:31:46+00:00","description":"Marque:\u00a0Patek Philippe Mod\u00e8le:\u00a0Aquanaut Mouvement\u00a0: Automatique 315 SC R\u00e9f\u00e9rence:\u00a05065A Diam\u00e8tre\u00a0: 39mm Ann\u00e9e:\u00a02001 Boite:\u00a0Beau boitier peu polie en bel \u00e9tat de conservation. Les angles restent bien pr\u00e9sents. Peu polie et garde sa forme et ses angles d\u2019usines. Cadran:\u00a0Beau cadran noir d\u2019origine sans aucuns d\u00e9fauts et tr\u00e8s belle patine des index tritium tr\u00e8s prononc\u00e9e tr\u00e8s recherch\u00e9e. Les aiguilles sont \u00e9galement au tritium et matche assez bien avec les index ce qui est tr\u00e8s rares car les aiguilles sur 90% des 5065 sont moins patin\u00e9e que les index tritium. Cela en fait une montre extr\u00eamement attractive. Bracelet:\u00a0Caoutchouc noir boucle d\u00e9ployante acier Patek Philippe. Accessoires: Boite et papiers d\u2019origine.","breadcrumb":{"@id":"https:\/\/www.parisheure.com\/acheter-montre\/patek-philippe-aquanaut-acier-ref-5065-full-set-from-2001\/#breadcrumb"},"inLanguage":"en-US","potentialAction":[{"@type":"ReadAction","target":["https:\/\/www.parisheure.com\/acheter-montre\/patek-philippe-aquanaut-acier-ref-5065-full-set-from-2001\/"]}]},{"@type":"ImageObject","inLanguage":"en-US","@id":"https:\/\/www.parisheure.com\/acheter-montre\/patek-philippe-aquanaut-acier-ref-5065-full-set-from-2001\/#primaryimage","url":"https:\/\/www.parisheure.com\/wp-content\/uploads\/2021\/12\/PATEK-PHILIPPE-AQUANAUT-REF-5065-BP-FROM-2001-TRITIUM-_0010_Calque-2-scaled.jpg","contentUrl":"https:\/\/www.parisheure.com\/wp-content\/uploads\/2021\/12\/PATEK-PHILIPPE-AQUANAUT-REF-5065-BP-FROM-2001-TRITIUM-_0010_Calque-2-scaled.jpg","width":2560,"height":2560},{"@type":"BreadcrumbList","@id":"https:\/\/www.parisheure.com\/acheter-montre\/patek-philippe-aquanaut-acier-ref-5065-full-set-from-2001\/#breadcrumb","itemListElement":[{"@type":"ListItem","position":1,"name":"Accueil","item":"https:\/\/www.parisheure.com\/"},{"@type":"ListItem","position":2,"name":"WATCHES","item":"https:\/\/www.parisheure.com\/"},{"@type":"ListItem","position":3,"name":"PATEK PHILIPPE AQUANAUT ACIER REF 5065 FULL SET from 2001"}]},{"@type":"WebSite","@id":"https:\/\/www.parisheure.com\/#website","url":"https:\/\/www.parisheure.com\/","name":"PARIS HEURE","description":"Vintage watches Paris","publisher":{"@id":"https:\/\/www.parisheure.com\/#organization"},"potentialAction":[{"@type":"SearchAction","target":{"@type":"EntryPoint","urlTemplate":"https:\/\/www.parisheure.com\/?s={search_term_string}"},"query-input":{"@type":"PropertyValueSpecification","valueRequired":true,"valueName":"search_term_string"}}],"inLanguage":"en-US"},{"@type":"Organization","@id":"https:\/\/www.parisheure.com\/#organization","name":"PARIS HEURE","url":"https:\/\/www.parisheure.com\/","logo":{"@type":"ImageObject","inLanguage":"en-US","@id":"https:\/\/www.parisheure.com\/#\/schema\/logo\/image\/","url":"https:\/\/www.parisheure.com\/wp-content\/uploads\/2021\/07\/cropped-logo-paris-heure.png","contentUrl":"https:\/\/www.parisheure.com\/wp-content\/uploads\/2021\/07\/cropped-logo-paris-heure.png","width":512,"height":512,"caption":"PARIS HEURE"},"image":{"@id":"https:\/\/www.parisheure.com\/#\/schema\/logo\/image\/"},"sameAs":["https:\/\/www.facebook.com\/ParisHeure","https:\/\/www.instagram.com\/parisheure\/"]}]}},"jetpack_sharing_enabled":true,"brands":[{"id":436,"name":"Patek Philippe","slug":"patek-philippe"}],"_links":{"self":[{"href":"https:\/\/www.parisheure.com\/en\/wp-json\/wp\/v2\/product\/10477","targetHints":{"allow":["GET"]}}],"collection":[{"href":"https:\/\/www.parisheure.com\/en\/wp-json\/wp\/v2\/product"}],"about":[{"href":"https:\/\/www.parisheure.com\/en\/wp-json\/wp\/v2\/types\/product"}],"version-history":[{"count":1,"href":"https:\/\/www.parisheure.com\/en\/wp-json\/wp\/v2\/product\/10477\/revisions"}],"predecessor-version":[{"id":14181,"href":"https:\/\/www.parisheure.com\/en\/wp-json\/wp\/v2\/product\/10477\/revisions\/14181"}],"wp:featuredmedia":[{"embeddable":true,"href":"https:\/\/www.parisheure.com\/en\/wp-json\/wp\/v2\/media\/10488"}],"wp:attachment":[{"href":"https:\/\/www.parisheure.com\/en\/wp-json\/wp\/v2\/media?parent=10477"}],"wp:term":[{"taxonomy":"pwb-brand","embeddable":true,"href":"https:\/\/www.parisheure.com\/en\/wp-json\/wp\/v2\/pwb-brand?post=10477"},{"taxonomy":"product_brand","embeddable":true,"href":"https:\/\/www.parisheure.com\/en\/wp-json\/wp\/v2\/product_brand?post=10477"},{"taxonomy":"product_cat","embeddable":true,"href":"https:\/\/www.parisheure.com\/en\/wp-json\/wp\/v2\/product_cat?post=10477"},{"taxonomy":"product_tag","embeddable":true,"href":"https:\/\/www.parisheure.com\/en\/wp-json\/wp\/v2\/product_tag?post=10477"}],"curies":[{"name":"wp","href":"https:\/\/api.w.org\/{rel}","templated":true}]}}