{"id":10494,"date":"2021-08-04T12:27:41","date_gmt":"2021-08-04T10:27:41","guid":{"rendered":"https:\/\/www.parisheure.com\/?post_type=product&#038;p=10494"},"modified":"2024-10-23T10:33:20","modified_gmt":"2024-10-23T08:33:20","slug":"rolex-daytona-ref-116520-acier-full-set-serie-from-2009","status":"publish","type":"product","link":"https:\/\/www.parisheure.com\/en\/buy-watch\/rolex-daytona-ref-116520-acier-full-set-serie-from-2009\/","title":{"rendered":"ROLEX DAYTONA REF 116520 ACIER FULL SET SERIE from 2009"},"content":{"rendered":"<p><strong><em>Our opinion: <\/em><\/strong>Le seul chrono de chez Rolex, un incontournable de la marque et en plus en version acier fond noir ! Une montre ind\u00e9modable et suivant la tendance horlog\u00e8re actuelle. Les nouvelles s\u2019\u00e9changent presque 3 fois le prix au catalogue. La montre a le mouvement Rolex automatique 4130. En effet celle-ci fait partie de la version ant\u00e9rieure de celle actuellement au catalogue. Les prix grimpent en fl\u00e8che avec le nouveau prix des daytona des g\u00e9n\u00e9rations suivantes. Elle est livr\u00e9e avec sa boite sur boite et sa carte de garantie d\u2019origine.<\/p>","protected":false},"excerpt":{"rendered":"<p><strong><em>Brand :\u00a0\u00a0 <\/em><\/strong>ROLEX<\/p>\n<p><strong><em>Model:\u00a0<\/em><\/strong>DAYTONA<\/p>\n<p><strong><em>Reference :\u00a0<\/em><\/strong>116520<\/p>\n<p><strong><em>Year:\u00a0<\/em><\/strong>2009<\/p>\n<p><strong><em>Serial :\u00a0<\/em><\/strong>VXXXXXX<\/p>\n<p><strong><em>Diameter\u00a0: <\/em><\/strong>40 MM<\/p>\n<p><strong><em>Movement\u00a0:<\/em><\/strong> Automatique cal Rolex 4130<\/p>\n<p><strong><em>Case:\u00a0<\/em><\/strong>Tr\u00e8s beau boitier \u00a0peu polie et bien \u00e9pais et avec des angles parfait, aucun choc ni rayures importantes. Les proportions sont bien conserv\u00e9es. Excellent \u00e9tat de conservation du boitier encore tr\u00e8s \u00e9pais et peu polie. Boitier serial V88 de 2009.<\/p>\n<p><strong><em>Dial:\u00a0<\/em><\/strong>Beau cadran noir d\u2019origine parfait avec des beaux indexes luminova swiss made de chromalight avant la nouvelle r\u00e9f\u00e9rence. Pas de rayures ou taches sur le cadran aiguilles matchant bien la patine des indexs tout au luminova luminescence encore parfaite.<\/p>\n<p><strong><em>Bezel: <\/em><\/strong><em>\u00a0<\/em>Beautiful original bezel in perfect condition and little polished.<\/p>\n<p><strong><em>Bracelet:<\/em><\/strong> :\u00a0Acier blind\u00e9 78590 endlink solid clasp C2H pas du tout d\u00e9tendu.<\/p>\n<p><strong><em>Accessories: <\/em><\/strong>\u00a0Boite sur boite et carte de garantie Rolex<\/p>","protected":false},"featured_media":10518,"template":"","meta":[],"pwb-brand":[432],"product_brand":[],"product_cat":[107,367,90,246],"product_tag":[276,279,277,156,106,278,127],"class_list":{"0":"post-10494","1":"product","2":"type-product","3":"status-publish","4":"has-post-thumbnail","6":"pwb-brand-rolex","7":"product_cat-archives","8":"product_cat-montres-paris-heure","9":"product_cat-rolex","10":"product_cat-rolex-daytona","11":"product_tag-276","12":"product_tag-279","13":"product_tag-boite","14":"product_tag-daytona","15":"product_tag-full-set","16":"product_tag-papiers","17":"product_tag-rolex","19":"first","20":"outofstock","21":"shipping-taxable","22":"product-type-simple"},"yoast_head":"<!-- This site is optimized with the Yoast SEO plugin v27.5 - https:\/\/yoast.com\/product\/yoast-seo-wordpress\/ -->\n<title>ROLEX DAYTONA REF 116520 ACIER FULL SET SERIE from 2009 &#8226; PARIS HEURE<\/title>\n<meta name=\"description\" content=\"Marque :\u00a0\u00a0 ROLEX  Mod\u00e8le :\u00a0DAYTONA  R\u00e9f\u00e9rence :\u00a0116520  Ann\u00e9e :\u00a02009  Serial :\u00a0VXXXXXX  Diam\u00e8tre\u00a0: 40 MM  Mouvement\u00a0: Automatique cal Rolex 4130  Boite:\u00a0Tr\u00e8s beau boitier \u00a0peu polie et bien \u00e9pais et avec des angles parfait, aucun choc ni rayures importantes. Les proportions sont bien conserv\u00e9es. Excellent \u00e9tat de conservation du boitier encore tr\u00e8s \u00e9pais et peu polie. Boitier serial V88 de 2009.  Cadran :\u00a0Beau cadran noir d\u2019origine parfait avec des beaux indexes luminova swiss made de chromalight avant la nouvelle r\u00e9f\u00e9rence. Pas de rayures ou taches sur le cadran aiguilles matchant bien la patine des indexs tout au luminova luminescence encore parfaite.  Lunette\u00a0: \u00a0Belle lunette d\u2019origine en parfait \u00e9tat et peu polie.  Bracelet :\u00a0Acier blind\u00e9 78590 endlink solid clasp C2H pas du tout d\u00e9tendu.  Accessoires\u00a0: \u00a0Boite sur boite et carte de garantie Rolex\" \/>\n<meta name=\"robots\" content=\"index, follow, max-snippet:-1, max-image-preview:large, max-video-preview:-1\" \/>\n<link rel=\"canonical\" href=\"https:\/\/www.parisheure.com\/en\/buy-watch\/rolex-daytona-ref-116520-acier-full-set-serie-from-2009\/\" \/>\n<meta property=\"og:locale\" content=\"en_US\" \/>\n<meta property=\"og:type\" content=\"article\" \/>\n<meta property=\"og:title\" content=\"ROLEX DAYTONA REF 116520 ACIER FULL SET SERIE from 2009 &#8226; PARIS HEURE\" \/>\n<meta property=\"og:description\" content=\"Marque :\u00a0\u00a0 ROLEX  Mod\u00e8le :\u00a0DAYTONA  R\u00e9f\u00e9rence :\u00a0116520  Ann\u00e9e :\u00a02009  Serial :\u00a0VXXXXXX  Diam\u00e8tre\u00a0: 40 MM  Mouvement\u00a0: Automatique cal Rolex 4130  Boite:\u00a0Tr\u00e8s beau boitier \u00a0peu polie et bien \u00e9pais et avec des angles parfait, aucun choc ni rayures importantes. Les proportions sont bien conserv\u00e9es. Excellent \u00e9tat de conservation du boitier encore tr\u00e8s \u00e9pais et peu polie. Boitier serial V88 de 2009.  Cadran :\u00a0Beau cadran noir d\u2019origine parfait avec des beaux indexes luminova swiss made de chromalight avant la nouvelle r\u00e9f\u00e9rence. Pas de rayures ou taches sur le cadran aiguilles matchant bien la patine des indexs tout au luminova luminescence encore parfaite.  Lunette\u00a0: \u00a0Belle lunette d\u2019origine en parfait \u00e9tat et peu polie.  Bracelet :\u00a0Acier blind\u00e9 78590 endlink solid clasp C2H pas du tout d\u00e9tendu.  Accessoires\u00a0: \u00a0Boite sur boite et carte de garantie Rolex\" \/>\n<meta property=\"og:url\" content=\"https:\/\/www.parisheure.com\/en\/buy-watch\/rolex-daytona-ref-116520-acier-full-set-serie-from-2009\/\" \/>\n<meta property=\"og:site_name\" content=\"PARIS HEURE\" \/>\n<meta property=\"article:publisher\" content=\"https:\/\/www.facebook.com\/ParisHeure\" \/>\n<meta property=\"article:modified_time\" content=\"2024-10-23T08:33:20+00:00\" \/>\n<meta property=\"og:image\" content=\"https:\/\/www.parisheure.com\/wp-content\/uploads\/2021\/12\/ROLEX-DAYTONA-REF-116520-BLACK-DIAL-BP-N\u00b0V885XXX-_0023_Calque-2-scaled.jpg\" \/>\n\t<meta property=\"og:image:width\" content=\"2560\" \/>\n\t<meta property=\"og:image:height\" content=\"2560\" \/>\n\t<meta property=\"og:image:type\" content=\"image\/jpeg\" \/>\n<meta name=\"twitter:card\" content=\"summary_large_image\" \/>\n<script type=\"application\/ld+json\" class=\"yoast-schema-graph\">{\"@context\":\"https:\\\/\\\/schema.org\",\"@graph\":[{\"@type\":\"WebPage\",\"@id\":\"https:\\\/\\\/www.parisheure.com\\\/acheter-montre\\\/rolex-daytona-ref-116520-acier-full-set-serie-from-2009\\\/\",\"url\":\"https:\\\/\\\/www.parisheure.com\\\/acheter-montre\\\/rolex-daytona-ref-116520-acier-full-set-serie-from-2009\\\/\",\"name\":\"ROLEX DAYTONA REF 116520 ACIER FULL SET SERIE from 2009 &#8226; PARIS HEURE\",\"isPartOf\":{\"@id\":\"https:\\\/\\\/www.parisheure.com\\\/#website\"},\"primaryImageOfPage\":{\"@id\":\"https:\\\/\\\/www.parisheure.com\\\/acheter-montre\\\/rolex-daytona-ref-116520-acier-full-set-serie-from-2009\\\/#primaryimage\"},\"image\":{\"@id\":\"https:\\\/\\\/www.parisheure.com\\\/acheter-montre\\\/rolex-daytona-ref-116520-acier-full-set-serie-from-2009\\\/#primaryimage\"},\"thumbnailUrl\":\"https:\\\/\\\/www.parisheure.com\\\/wp-content\\\/uploads\\\/2021\\\/12\\\/ROLEX-DAYTONA-REF-116520-BLACK-DIAL-BP-N\u00b0V885XXX-_0023_Calque-2-scaled.jpg\",\"datePublished\":\"2021-08-04T10:27:41+00:00\",\"dateModified\":\"2024-10-23T08:33:20+00:00\",\"description\":\"Marque :\u00a0\u00a0 ROLEX Mod\u00e8le :\u00a0DAYTONA R\u00e9f\u00e9rence :\u00a0116520 Ann\u00e9e :\u00a02009 Serial :\u00a0VXXXXXX Diam\u00e8tre\u00a0: 40 MM Mouvement\u00a0: Automatique cal Rolex 4130 Boite:\u00a0Tr\u00e8s beau boitier \u00a0peu polie et bien \u00e9pais et avec des angles parfait, aucun choc ni rayures importantes. Les proportions sont bien conserv\u00e9es. Excellent \u00e9tat de conservation du boitier encore tr\u00e8s \u00e9pais et peu polie. Boitier serial V88 de 2009. Cadran :\u00a0Beau cadran noir d\u2019origine parfait avec des beaux indexes luminova swiss made de chromalight avant la nouvelle r\u00e9f\u00e9rence. Pas de rayures ou taches sur le cadran aiguilles matchant bien la patine des indexs tout au luminova luminescence encore parfaite. Lunette\u00a0: \u00a0Belle lunette d\u2019origine en parfait \u00e9tat et peu polie. Bracelet :\u00a0Acier blind\u00e9 78590 endlink solid clasp C2H pas du tout d\u00e9tendu. Accessoires\u00a0: \u00a0Boite sur boite et carte de garantie Rolex\",\"breadcrumb\":{\"@id\":\"https:\\\/\\\/www.parisheure.com\\\/acheter-montre\\\/rolex-daytona-ref-116520-acier-full-set-serie-from-2009\\\/#breadcrumb\"},\"inLanguage\":\"en-US\",\"potentialAction\":[{\"@type\":\"ReadAction\",\"target\":[\"https:\\\/\\\/www.parisheure.com\\\/acheter-montre\\\/rolex-daytona-ref-116520-acier-full-set-serie-from-2009\\\/\"]}]},{\"@type\":\"ImageObject\",\"inLanguage\":\"en-US\",\"@id\":\"https:\\\/\\\/www.parisheure.com\\\/acheter-montre\\\/rolex-daytona-ref-116520-acier-full-set-serie-from-2009\\\/#primaryimage\",\"url\":\"https:\\\/\\\/www.parisheure.com\\\/wp-content\\\/uploads\\\/2021\\\/12\\\/ROLEX-DAYTONA-REF-116520-BLACK-DIAL-BP-N\u00b0V885XXX-_0023_Calque-2-scaled.jpg\",\"contentUrl\":\"https:\\\/\\\/www.parisheure.com\\\/wp-content\\\/uploads\\\/2021\\\/12\\\/ROLEX-DAYTONA-REF-116520-BLACK-DIAL-BP-N\u00b0V885XXX-_0023_Calque-2-scaled.jpg\",\"width\":2560,\"height\":2560},{\"@type\":\"BreadcrumbList\",\"@id\":\"https:\\\/\\\/www.parisheure.com\\\/acheter-montre\\\/rolex-daytona-ref-116520-acier-full-set-serie-from-2009\\\/#breadcrumb\",\"itemListElement\":[{\"@type\":\"ListItem\",\"position\":1,\"name\":\"Accueil\",\"item\":\"https:\\\/\\\/www.parisheure.com\\\/\"},{\"@type\":\"ListItem\",\"position\":2,\"name\":\"WATCHES\",\"item\":\"https:\\\/\\\/www.parisheure.com\\\/\"},{\"@type\":\"ListItem\",\"position\":3,\"name\":\"ROLEX DAYTONA REF 116520 ACIER FULL SET SERIE from 2009\"}]},{\"@type\":\"WebSite\",\"@id\":\"https:\\\/\\\/www.parisheure.com\\\/#website\",\"url\":\"https:\\\/\\\/www.parisheure.com\\\/\",\"name\":\"PARIS HEURE\",\"description\":\"Vintage watches Paris\",\"publisher\":{\"@id\":\"https:\\\/\\\/www.parisheure.com\\\/#organization\"},\"potentialAction\":[{\"@type\":\"SearchAction\",\"target\":{\"@type\":\"EntryPoint\",\"urlTemplate\":\"https:\\\/\\\/www.parisheure.com\\\/?s={search_term_string}\"},\"query-input\":{\"@type\":\"PropertyValueSpecification\",\"valueRequired\":true,\"valueName\":\"search_term_string\"}}],\"inLanguage\":\"en-US\"},{\"@type\":\"Organization\",\"@id\":\"https:\\\/\\\/www.parisheure.com\\\/#organization\",\"name\":\"PARIS HEURE\",\"url\":\"https:\\\/\\\/www.parisheure.com\\\/\",\"logo\":{\"@type\":\"ImageObject\",\"inLanguage\":\"en-US\",\"@id\":\"https:\\\/\\\/www.parisheure.com\\\/#\\\/schema\\\/logo\\\/image\\\/\",\"url\":\"https:\\\/\\\/www.parisheure.com\\\/wp-content\\\/uploads\\\/2021\\\/07\\\/cropped-logo-paris-heure.png\",\"contentUrl\":\"https:\\\/\\\/www.parisheure.com\\\/wp-content\\\/uploads\\\/2021\\\/07\\\/cropped-logo-paris-heure.png\",\"width\":512,\"height\":512,\"caption\":\"PARIS HEURE\"},\"image\":{\"@id\":\"https:\\\/\\\/www.parisheure.com\\\/#\\\/schema\\\/logo\\\/image\\\/\"},\"sameAs\":[\"https:\\\/\\\/www.facebook.com\\\/ParisHeure\",\"https:\\\/\\\/www.instagram.com\\\/parisheure\\\/\"]}]}<\/script>\n<!-- \/ Yoast SEO plugin. -->","yoast_head_json":{"title":"ROLEX DAYTONA REF 116520 ACIER FULL SET SERIE from 2009 \u2022 PARIS HEURE","description":"Marque :\u00a0\u00a0 ROLEX  Mod\u00e8le :\u00a0DAYTONA  R\u00e9f\u00e9rence :\u00a0116520  Ann\u00e9e :\u00a02009  Serial :\u00a0VXXXXXX  Diam\u00e8tre\u00a0: 40 MM  Mouvement\u00a0: Automatique cal Rolex 4130  Boite:\u00a0Tr\u00e8s beau boitier \u00a0peu polie et bien \u00e9pais et avec des angles parfait, aucun choc ni rayures importantes. Les proportions sont bien conserv\u00e9es. Excellent \u00e9tat de conservation du boitier encore tr\u00e8s \u00e9pais et peu polie. Boitier serial V88 de 2009.  Cadran :\u00a0Beau cadran noir d\u2019origine parfait avec des beaux indexes luminova swiss made de chromalight avant la nouvelle r\u00e9f\u00e9rence. Pas de rayures ou taches sur le cadran aiguilles matchant bien la patine des indexs tout au luminova luminescence encore parfaite.  Lunette\u00a0: \u00a0Belle lunette d\u2019origine en parfait \u00e9tat et peu polie.  Bracelet :\u00a0Acier blind\u00e9 78590 endlink solid clasp C2H pas du tout d\u00e9tendu.  Accessoires\u00a0: \u00a0Boite sur boite et carte de garantie Rolex","robots":{"index":"index","follow":"follow","max-snippet":"max-snippet:-1","max-image-preview":"max-image-preview:large","max-video-preview":"max-video-preview:-1"},"canonical":"https:\/\/www.parisheure.com\/en\/buy-watch\/rolex-daytona-ref-116520-acier-full-set-serie-from-2009\/","og_locale":"en_US","og_type":"article","og_title":"ROLEX DAYTONA REF 116520 ACIER FULL SET SERIE from 2009 &#8226; PARIS HEURE","og_description":"Marque :\u00a0\u00a0 ROLEX  Mod\u00e8le :\u00a0DAYTONA  R\u00e9f\u00e9rence :\u00a0116520  Ann\u00e9e :\u00a02009  Serial :\u00a0VXXXXXX  Diam\u00e8tre\u00a0: 40 MM  Mouvement\u00a0: Automatique cal Rolex 4130  Boite:\u00a0Tr\u00e8s beau boitier \u00a0peu polie et bien \u00e9pais et avec des angles parfait, aucun choc ni rayures importantes. Les proportions sont bien conserv\u00e9es. Excellent \u00e9tat de conservation du boitier encore tr\u00e8s \u00e9pais et peu polie. Boitier serial V88 de 2009.  Cadran :\u00a0Beau cadran noir d\u2019origine parfait avec des beaux indexes luminova swiss made de chromalight avant la nouvelle r\u00e9f\u00e9rence. Pas de rayures ou taches sur le cadran aiguilles matchant bien la patine des indexs tout au luminova luminescence encore parfaite.  Lunette\u00a0: \u00a0Belle lunette d\u2019origine en parfait \u00e9tat et peu polie.  Bracelet :\u00a0Acier blind\u00e9 78590 endlink solid clasp C2H pas du tout d\u00e9tendu.  Accessoires\u00a0: \u00a0Boite sur boite et carte de garantie Rolex","og_url":"https:\/\/www.parisheure.com\/en\/buy-watch\/rolex-daytona-ref-116520-acier-full-set-serie-from-2009\/","og_site_name":"PARIS HEURE","article_publisher":"https:\/\/www.facebook.com\/ParisHeure","article_modified_time":"2024-10-23T08:33:20+00:00","og_image":[{"width":2560,"height":2560,"url":"https:\/\/www.parisheure.com\/wp-content\/uploads\/2021\/12\/ROLEX-DAYTONA-REF-116520-BLACK-DIAL-BP-N\u00b0V885XXX-_0023_Calque-2-scaled.jpg","type":"image\/jpeg"}],"twitter_card":"summary_large_image","schema":{"@context":"https:\/\/schema.org","@graph":[{"@type":"WebPage","@id":"https:\/\/www.parisheure.com\/acheter-montre\/rolex-daytona-ref-116520-acier-full-set-serie-from-2009\/","url":"https:\/\/www.parisheure.com\/acheter-montre\/rolex-daytona-ref-116520-acier-full-set-serie-from-2009\/","name":"ROLEX DAYTONA REF 116520 ACIER FULL SET SERIE from 2009 \u2022 PARIS HEURE","isPartOf":{"@id":"https:\/\/www.parisheure.com\/#website"},"primaryImageOfPage":{"@id":"https:\/\/www.parisheure.com\/acheter-montre\/rolex-daytona-ref-116520-acier-full-set-serie-from-2009\/#primaryimage"},"image":{"@id":"https:\/\/www.parisheure.com\/acheter-montre\/rolex-daytona-ref-116520-acier-full-set-serie-from-2009\/#primaryimage"},"thumbnailUrl":"https:\/\/www.parisheure.com\/wp-content\/uploads\/2021\/12\/ROLEX-DAYTONA-REF-116520-BLACK-DIAL-BP-N\u00b0V885XXX-_0023_Calque-2-scaled.jpg","datePublished":"2021-08-04T10:27:41+00:00","dateModified":"2024-10-23T08:33:20+00:00","description":"Marque :\u00a0\u00a0 ROLEX Mod\u00e8le :\u00a0DAYTONA R\u00e9f\u00e9rence :\u00a0116520 Ann\u00e9e :\u00a02009 Serial :\u00a0VXXXXXX Diam\u00e8tre\u00a0: 40 MM Mouvement\u00a0: Automatique cal Rolex 4130 Boite:\u00a0Tr\u00e8s beau boitier \u00a0peu polie et bien \u00e9pais et avec des angles parfait, aucun choc ni rayures importantes. Les proportions sont bien conserv\u00e9es. Excellent \u00e9tat de conservation du boitier encore tr\u00e8s \u00e9pais et peu polie. Boitier serial V88 de 2009. Cadran :\u00a0Beau cadran noir d\u2019origine parfait avec des beaux indexes luminova swiss made de chromalight avant la nouvelle r\u00e9f\u00e9rence. Pas de rayures ou taches sur le cadran aiguilles matchant bien la patine des indexs tout au luminova luminescence encore parfaite. Lunette\u00a0: \u00a0Belle lunette d\u2019origine en parfait \u00e9tat et peu polie. Bracelet :\u00a0Acier blind\u00e9 78590 endlink solid clasp C2H pas du tout d\u00e9tendu. Accessoires\u00a0: \u00a0Boite sur boite et carte de garantie Rolex","breadcrumb":{"@id":"https:\/\/www.parisheure.com\/acheter-montre\/rolex-daytona-ref-116520-acier-full-set-serie-from-2009\/#breadcrumb"},"inLanguage":"en-US","potentialAction":[{"@type":"ReadAction","target":["https:\/\/www.parisheure.com\/acheter-montre\/rolex-daytona-ref-116520-acier-full-set-serie-from-2009\/"]}]},{"@type":"ImageObject","inLanguage":"en-US","@id":"https:\/\/www.parisheure.com\/acheter-montre\/rolex-daytona-ref-116520-acier-full-set-serie-from-2009\/#primaryimage","url":"https:\/\/www.parisheure.com\/wp-content\/uploads\/2021\/12\/ROLEX-DAYTONA-REF-116520-BLACK-DIAL-BP-N\u00b0V885XXX-_0023_Calque-2-scaled.jpg","contentUrl":"https:\/\/www.parisheure.com\/wp-content\/uploads\/2021\/12\/ROLEX-DAYTONA-REF-116520-BLACK-DIAL-BP-N\u00b0V885XXX-_0023_Calque-2-scaled.jpg","width":2560,"height":2560},{"@type":"BreadcrumbList","@id":"https:\/\/www.parisheure.com\/acheter-montre\/rolex-daytona-ref-116520-acier-full-set-serie-from-2009\/#breadcrumb","itemListElement":[{"@type":"ListItem","position":1,"name":"Accueil","item":"https:\/\/www.parisheure.com\/"},{"@type":"ListItem","position":2,"name":"WATCHES","item":"https:\/\/www.parisheure.com\/"},{"@type":"ListItem","position":3,"name":"ROLEX DAYTONA REF 116520 ACIER FULL SET SERIE from 2009"}]},{"@type":"WebSite","@id":"https:\/\/www.parisheure.com\/#website","url":"https:\/\/www.parisheure.com\/","name":"PARIS HEURE","description":"Vintage watches Paris","publisher":{"@id":"https:\/\/www.parisheure.com\/#organization"},"potentialAction":[{"@type":"SearchAction","target":{"@type":"EntryPoint","urlTemplate":"https:\/\/www.parisheure.com\/?s={search_term_string}"},"query-input":{"@type":"PropertyValueSpecification","valueRequired":true,"valueName":"search_term_string"}}],"inLanguage":"en-US"},{"@type":"Organization","@id":"https:\/\/www.parisheure.com\/#organization","name":"PARIS HEURE","url":"https:\/\/www.parisheure.com\/","logo":{"@type":"ImageObject","inLanguage":"en-US","@id":"https:\/\/www.parisheure.com\/#\/schema\/logo\/image\/","url":"https:\/\/www.parisheure.com\/wp-content\/uploads\/2021\/07\/cropped-logo-paris-heure.png","contentUrl":"https:\/\/www.parisheure.com\/wp-content\/uploads\/2021\/07\/cropped-logo-paris-heure.png","width":512,"height":512,"caption":"PARIS HEURE"},"image":{"@id":"https:\/\/www.parisheure.com\/#\/schema\/logo\/image\/"},"sameAs":["https:\/\/www.facebook.com\/ParisHeure","https:\/\/www.instagram.com\/parisheure\/"]}]}},"jetpack_sharing_enabled":true,"brands":[{"id":432,"name":"Rolex","slug":"rolex"}],"_links":{"self":[{"href":"https:\/\/www.parisheure.com\/en\/wp-json\/wp\/v2\/product\/10494","targetHints":{"allow":["GET"]}}],"collection":[{"href":"https:\/\/www.parisheure.com\/en\/wp-json\/wp\/v2\/product"}],"about":[{"href":"https:\/\/www.parisheure.com\/en\/wp-json\/wp\/v2\/types\/product"}],"version-history":[{"count":1,"href":"https:\/\/www.parisheure.com\/en\/wp-json\/wp\/v2\/product\/10494\/revisions"}],"predecessor-version":[{"id":14193,"href":"https:\/\/www.parisheure.com\/en\/wp-json\/wp\/v2\/product\/10494\/revisions\/14193"}],"wp:featuredmedia":[{"embeddable":true,"href":"https:\/\/www.parisheure.com\/en\/wp-json\/wp\/v2\/media\/10518"}],"wp:attachment":[{"href":"https:\/\/www.parisheure.com\/en\/wp-json\/wp\/v2\/media?parent=10494"}],"wp:term":[{"taxonomy":"pwb-brand","embeddable":true,"href":"https:\/\/www.parisheure.com\/en\/wp-json\/wp\/v2\/pwb-brand?post=10494"},{"taxonomy":"product_brand","embeddable":true,"href":"https:\/\/www.parisheure.com\/en\/wp-json\/wp\/v2\/product_brand?post=10494"},{"taxonomy":"product_cat","embeddable":true,"href":"https:\/\/www.parisheure.com\/en\/wp-json\/wp\/v2\/product_cat?post=10494"},{"taxonomy":"product_tag","embeddable":true,"href":"https:\/\/www.parisheure.com\/en\/wp-json\/wp\/v2\/product_tag?post=10494"}],"curies":[{"name":"wp","href":"https:\/\/api.w.org\/{rel}","templated":true}]}}