{"id":10539,"date":"2021-08-04T12:26:19","date_gmt":"2021-08-04T10:26:19","guid":{"rendered":"https:\/\/www.parisheure.com\/?post_type=product&#038;p=10539"},"modified":"2024-10-23T10:32:49","modified_gmt":"2024-10-23T08:32:49","slug":"rolex-explorer-ii-ref-1655-mk1-aiguille-droite-from-1972","status":"publish","type":"product","link":"https:\/\/www.parisheure.com\/en\/buy-watch\/rolex-explorer-ii-ref-1655-mk1-aiguille-droite-from-1972\/","title":{"rendered":"ROLEX EXPLORER II REF 1655 MK1 AIGUILLE DROITE from 1972"},"content":{"rendered":"<p><strong><em>Our opinion: <\/em><\/strong>Un mod\u00e8le a part de la collection Rolex avec cette montre \u00e9tudi\u00e9e pour les sp\u00e9l\u00e9ologues. D\u2019o\u00f9 sa lunette 24h qui n\u2019est pas directionnelle afin d\u2019indiquer aux sp\u00e9l\u00e9os s\u2019il \u00e9tait 8 h du matin ou 8 du soir dans une grotte ultra sombre par exemple. M\u00eame base de mouvement que la gmt master I avec la particularit\u00e9 de cette grosse aiguille orange luminescente au tritium indiquant l\u2019heure en 24h. Une montre mythique peu produites et en pus ici dans sa toute premi\u00e8res version cadran mk1, aiguille freccionne jaune et aiguille droite ultra rare. LA toute premi\u00e8re 1655 jamais produites ce qui en fait un mod\u00e8le historique dans la collection Rolex vintage professionnelles de grande collection qui trouvera sa place dans toute collection s\u00e9rieuse.<\/p>","protected":false},"excerpt":{"rendered":"<p><strong><em>Brand :\u00a0\u00a0 <\/em><\/strong>ROLEX<\/p>\n<p><strong><em>Model:\u00a0<\/em><\/strong>EXPLORER II<\/p>\n<p><strong><em>Reference :\u00a0<\/em><\/strong>1655<\/p>\n<p><strong><em>Year:\u00a0<\/em><\/strong>1972<\/p>\n<p><strong><em>Serial :\u00a0<\/em><\/strong><\/p>\n<p><strong><em>Diameter\u00a0: <\/em><\/strong>39 MM<\/p>\n<p><strong><em>Movement\u00a0:<\/em><\/strong> Automatic cal 1570<\/p>\n<p><strong><em>Case:\u00a0<\/em><\/strong>Very nice slighlty polished and very thick case with perfect angles, no shocks or major scratches. The proportions are well preserved. Excellent condition of the case, still very thick. First series thin case with its special winding cover and in perfect condition.<\/p>\n<p><strong><em>Dial:\u00a0<\/em><\/strong>Beau cadran noir d\u2019origine parfait avec des beaux indexes tritium bien patin\u00e9e et son aiguille orange \u00ab\u00a0freccione\u00a0\u00bb qui a vir\u00e9 au jaune clair matchant les premi\u00e8res s\u00e9ries de montres produites qui prenait cette patine si particuli\u00e8re. Aiguille droite ultra rare et cadran mk1 frog foot coronet. Parfaite concordance de la patine des aiguilles et indexs.<\/p>\n<p><strong><em>Bezel: <\/em><\/strong><em>\u00a0<\/em>Belle lunette d\u2019origine en parfait \u00e9tat et peu polie avec les chiffres encore bien imprim\u00e9s.<\/p>\n<p><strong><em>Bracelet:<\/em><\/strong> :\u00a0Acier blind\u00e9 79360 un peu d\u00e9tendue endlink 580 et clasp code<\/p>\n<p><strong><em>Accessories: <\/em><\/strong>\u00a0None<\/p>\n<h3><strong>ON HOLD<\/strong><\/h3>","protected":false},"featured_media":10561,"template":"","meta":[],"pwb-brand":[432],"product_brand":[],"product_cat":[107,367,90,245],"product_tag":[283,285,282,281,150,127,284,101],"class_list":{"0":"post-10539","1":"product","2":"type-product","3":"status-publish","4":"has-post-thumbnail","6":"pwb-brand-rolex","7":"product_cat-archives","8":"product_cat-montres-paris-heure","9":"product_cat-rolex","10":"product_cat-rolex-explorer","11":"product_tag-283","12":"product_tag-aiguille-droite","13":"product_tag-explorer-2","14":"product_tag-explorer-ii","15":"product_tag-mk1","16":"product_tag-rolex","17":"product_tag-staright-hand","18":"product_tag-vintage","20":"first","21":"outofstock","22":"shipping-taxable","23":"product-type-simple"},"yoast_head":"<!-- This site is optimized with the Yoast SEO plugin v27.5 - https:\/\/yoast.com\/product\/yoast-seo-wordpress\/ -->\n<title>ROLEX EXPLORER II REF 1655 MK1 AIGUILLE DROITE from 1972 &#8226; PARIS HEURE<\/title>\n<meta name=\"description\" content=\"Marque :\u00a0\u00a0 ROLEX  Mod\u00e8le :\u00a0EXPLORER II  R\u00e9f\u00e9rence :\u00a01655  Ann\u00e9e :\u00a01972  Serial :\u00a0  Diam\u00e8tre\u00a0: 39 MM  Mouvement\u00a0: Automatique cal Rolex  Boite :\u00a0Tr\u00e8s beau boitier peu polie et bien \u00e9pais et avec des angles parfaits, aucun choc ni rayures importantes. Les proportions sont bien conserv\u00e9es. Excellent \u00e9tat de conservation du boitier encore tr\u00e8s \u00e9pais et peu polie. Boitier thin case premi\u00e8re s\u00e9rie avec son prot\u00e8ge remontoir si particulier et en parfait \u00e9tat.  Cadran :\u00a0Beau cadran noir d\u2019origine parfait avec des beaux indexes tritium bien patin\u00e9e et son aiguille orange \u00ab\u00a0freccione\u00a0\u00bb qui a vir\u00e9 au jaune clair matchant les premi\u00e8res s\u00e9ries de montres produites qui prenait cette patine si particuli\u00e8re. Aiguille droite ultra rare et cadran mk1 frog foot coronet. Parfaite concordance de la patine des aiguilles et indexs.  Lunette\u00a0: \u00a0Belle lunette d\u2019origine en parfait \u00e9tat et peu polie avec les chiffres encore bien imprim\u00e9s.  Bracelet :\u00a0Acier blind\u00e9 79360 un peu d\u00e9tendue endlink 580 et clasp code  Accessoires\u00a0: \u00a0Aucun RESERVEE\" \/>\n<meta name=\"robots\" content=\"index, follow, max-snippet:-1, max-image-preview:large, max-video-preview:-1\" \/>\n<link rel=\"canonical\" href=\"https:\/\/www.parisheure.com\/en\/buy-watch\/rolex-explorer-ii-ref-1655-mk1-aiguille-droite-from-1972\/\" \/>\n<meta property=\"og:locale\" content=\"en_US\" \/>\n<meta property=\"og:type\" content=\"article\" \/>\n<meta property=\"og:title\" content=\"ROLEX EXPLORER II REF 1655 MK1 AIGUILLE DROITE from 1972 &#8226; PARIS HEURE\" \/>\n<meta property=\"og:description\" content=\"Marque :\u00a0\u00a0 ROLEX  Mod\u00e8le :\u00a0EXPLORER II  R\u00e9f\u00e9rence :\u00a01655  Ann\u00e9e :\u00a01972  Serial :\u00a0  Diam\u00e8tre\u00a0: 39 MM  Mouvement\u00a0: Automatique cal Rolex  Boite :\u00a0Tr\u00e8s beau boitier peu polie et bien \u00e9pais et avec des angles parfaits, aucun choc ni rayures importantes. Les proportions sont bien conserv\u00e9es. Excellent \u00e9tat de conservation du boitier encore tr\u00e8s \u00e9pais et peu polie. Boitier thin case premi\u00e8re s\u00e9rie avec son prot\u00e8ge remontoir si particulier et en parfait \u00e9tat.  Cadran :\u00a0Beau cadran noir d\u2019origine parfait avec des beaux indexes tritium bien patin\u00e9e et son aiguille orange \u00ab\u00a0freccione\u00a0\u00bb qui a vir\u00e9 au jaune clair matchant les premi\u00e8res s\u00e9ries de montres produites qui prenait cette patine si particuli\u00e8re. Aiguille droite ultra rare et cadran mk1 frog foot coronet. Parfaite concordance de la patine des aiguilles et indexs.  Lunette\u00a0: \u00a0Belle lunette d\u2019origine en parfait \u00e9tat et peu polie avec les chiffres encore bien imprim\u00e9s.  Bracelet :\u00a0Acier blind\u00e9 79360 un peu d\u00e9tendue endlink 580 et clasp code  Accessoires\u00a0: \u00a0Aucun RESERVEE\" \/>\n<meta property=\"og:url\" content=\"https:\/\/www.parisheure.com\/en\/buy-watch\/rolex-explorer-ii-ref-1655-mk1-aiguille-droite-from-1972\/\" \/>\n<meta property=\"og:site_name\" content=\"PARIS HEURE\" \/>\n<meta property=\"article:publisher\" content=\"https:\/\/www.facebook.com\/ParisHeure\" \/>\n<meta property=\"article:modified_time\" content=\"2024-10-23T08:32:49+00:00\" \/>\n<meta property=\"og:image\" content=\"https:\/\/www.parisheure.com\/wp-content\/uploads\/2021\/12\/ROLEX-EXPMORER-II-REF-1655-MK1-STRAIGHT-HAND-N\u00b0309XXXX-_0021_Calque-19-scaled.jpg\" \/>\n\t<meta property=\"og:image:width\" content=\"2560\" \/>\n\t<meta property=\"og:image:height\" content=\"2560\" \/>\n\t<meta property=\"og:image:type\" content=\"image\/jpeg\" \/>\n<meta name=\"twitter:card\" content=\"summary_large_image\" \/>\n<script type=\"application\/ld+json\" class=\"yoast-schema-graph\">{\"@context\":\"https:\\\/\\\/schema.org\",\"@graph\":[{\"@type\":\"WebPage\",\"@id\":\"https:\\\/\\\/www.parisheure.com\\\/acheter-montre\\\/rolex-explorer-ii-ref-1655-mk1-aiguille-droite-from-1972\\\/\",\"url\":\"https:\\\/\\\/www.parisheure.com\\\/acheter-montre\\\/rolex-explorer-ii-ref-1655-mk1-aiguille-droite-from-1972\\\/\",\"name\":\"ROLEX EXPLORER II REF 1655 MK1 AIGUILLE DROITE from 1972 &#8226; PARIS HEURE\",\"isPartOf\":{\"@id\":\"https:\\\/\\\/www.parisheure.com\\\/#website\"},\"primaryImageOfPage\":{\"@id\":\"https:\\\/\\\/www.parisheure.com\\\/acheter-montre\\\/rolex-explorer-ii-ref-1655-mk1-aiguille-droite-from-1972\\\/#primaryimage\"},\"image\":{\"@id\":\"https:\\\/\\\/www.parisheure.com\\\/acheter-montre\\\/rolex-explorer-ii-ref-1655-mk1-aiguille-droite-from-1972\\\/#primaryimage\"},\"thumbnailUrl\":\"https:\\\/\\\/www.parisheure.com\\\/wp-content\\\/uploads\\\/2021\\\/12\\\/ROLEX-EXPMORER-II-REF-1655-MK1-STRAIGHT-HAND-N\u00b0309XXXX-_0021_Calque-19-scaled.jpg\",\"datePublished\":\"2021-08-04T10:26:19+00:00\",\"dateModified\":\"2024-10-23T08:32:49+00:00\",\"description\":\"Marque :\u00a0\u00a0 ROLEX Mod\u00e8le :\u00a0EXPLORER II R\u00e9f\u00e9rence :\u00a01655 Ann\u00e9e :\u00a01972 Serial :\u00a0 Diam\u00e8tre\u00a0: 39 MM Mouvement\u00a0: Automatique cal Rolex Boite :\u00a0Tr\u00e8s beau boitier peu polie et bien \u00e9pais et avec des angles parfaits, aucun choc ni rayures importantes. Les proportions sont bien conserv\u00e9es. Excellent \u00e9tat de conservation du boitier encore tr\u00e8s \u00e9pais et peu polie. Boitier thin case premi\u00e8re s\u00e9rie avec son prot\u00e8ge remontoir si particulier et en parfait \u00e9tat. Cadran :\u00a0Beau cadran noir d\u2019origine parfait avec des beaux indexes tritium bien patin\u00e9e et son aiguille orange \u00ab\u00a0freccione\u00a0\u00bb qui a vir\u00e9 au jaune clair matchant les premi\u00e8res s\u00e9ries de montres produites qui prenait cette patine si particuli\u00e8re. Aiguille droite ultra rare et cadran mk1 frog foot coronet. Parfaite concordance de la patine des aiguilles et indexs. Lunette\u00a0: \u00a0Belle lunette d\u2019origine en parfait \u00e9tat et peu polie avec les chiffres encore bien imprim\u00e9s. Bracelet :\u00a0Acier blind\u00e9 79360 un peu d\u00e9tendue endlink 580 et clasp code Accessoires\u00a0: \u00a0Aucun RESERVEE\",\"breadcrumb\":{\"@id\":\"https:\\\/\\\/www.parisheure.com\\\/acheter-montre\\\/rolex-explorer-ii-ref-1655-mk1-aiguille-droite-from-1972\\\/#breadcrumb\"},\"inLanguage\":\"en-US\",\"potentialAction\":[{\"@type\":\"ReadAction\",\"target\":[\"https:\\\/\\\/www.parisheure.com\\\/acheter-montre\\\/rolex-explorer-ii-ref-1655-mk1-aiguille-droite-from-1972\\\/\"]}]},{\"@type\":\"ImageObject\",\"inLanguage\":\"en-US\",\"@id\":\"https:\\\/\\\/www.parisheure.com\\\/acheter-montre\\\/rolex-explorer-ii-ref-1655-mk1-aiguille-droite-from-1972\\\/#primaryimage\",\"url\":\"https:\\\/\\\/www.parisheure.com\\\/wp-content\\\/uploads\\\/2021\\\/12\\\/ROLEX-EXPMORER-II-REF-1655-MK1-STRAIGHT-HAND-N\u00b0309XXXX-_0021_Calque-19-scaled.jpg\",\"contentUrl\":\"https:\\\/\\\/www.parisheure.com\\\/wp-content\\\/uploads\\\/2021\\\/12\\\/ROLEX-EXPMORER-II-REF-1655-MK1-STRAIGHT-HAND-N\u00b0309XXXX-_0021_Calque-19-scaled.jpg\",\"width\":2560,\"height\":2560},{\"@type\":\"BreadcrumbList\",\"@id\":\"https:\\\/\\\/www.parisheure.com\\\/acheter-montre\\\/rolex-explorer-ii-ref-1655-mk1-aiguille-droite-from-1972\\\/#breadcrumb\",\"itemListElement\":[{\"@type\":\"ListItem\",\"position\":1,\"name\":\"Accueil\",\"item\":\"https:\\\/\\\/www.parisheure.com\\\/\"},{\"@type\":\"ListItem\",\"position\":2,\"name\":\"WATCHES\",\"item\":\"https:\\\/\\\/www.parisheure.com\\\/\"},{\"@type\":\"ListItem\",\"position\":3,\"name\":\"ROLEX EXPLORER II REF 1655 MK1 AIGUILLE DROITE from 1972\"}]},{\"@type\":\"WebSite\",\"@id\":\"https:\\\/\\\/www.parisheure.com\\\/#website\",\"url\":\"https:\\\/\\\/www.parisheure.com\\\/\",\"name\":\"PARIS HEURE\",\"description\":\"Vintage watches Paris\",\"publisher\":{\"@id\":\"https:\\\/\\\/www.parisheure.com\\\/#organization\"},\"potentialAction\":[{\"@type\":\"SearchAction\",\"target\":{\"@type\":\"EntryPoint\",\"urlTemplate\":\"https:\\\/\\\/www.parisheure.com\\\/?s={search_term_string}\"},\"query-input\":{\"@type\":\"PropertyValueSpecification\",\"valueRequired\":true,\"valueName\":\"search_term_string\"}}],\"inLanguage\":\"en-US\"},{\"@type\":\"Organization\",\"@id\":\"https:\\\/\\\/www.parisheure.com\\\/#organization\",\"name\":\"PARIS HEURE\",\"url\":\"https:\\\/\\\/www.parisheure.com\\\/\",\"logo\":{\"@type\":\"ImageObject\",\"inLanguage\":\"en-US\",\"@id\":\"https:\\\/\\\/www.parisheure.com\\\/#\\\/schema\\\/logo\\\/image\\\/\",\"url\":\"https:\\\/\\\/www.parisheure.com\\\/wp-content\\\/uploads\\\/2021\\\/07\\\/cropped-logo-paris-heure.png\",\"contentUrl\":\"https:\\\/\\\/www.parisheure.com\\\/wp-content\\\/uploads\\\/2021\\\/07\\\/cropped-logo-paris-heure.png\",\"width\":512,\"height\":512,\"caption\":\"PARIS HEURE\"},\"image\":{\"@id\":\"https:\\\/\\\/www.parisheure.com\\\/#\\\/schema\\\/logo\\\/image\\\/\"},\"sameAs\":[\"https:\\\/\\\/www.facebook.com\\\/ParisHeure\",\"https:\\\/\\\/www.instagram.com\\\/parisheure\\\/\"]}]}<\/script>\n<!-- \/ Yoast SEO plugin. -->","yoast_head_json":{"title":"ROLEX EXPLORER II REF 1655 MK1 AIGUILLE DROITE from 1972 \u2022 PARIS HEURE","description":"Marque :\u00a0\u00a0 ROLEX  Mod\u00e8le :\u00a0EXPLORER II  R\u00e9f\u00e9rence :\u00a01655  Ann\u00e9e :\u00a01972  Serial :\u00a0  Diam\u00e8tre\u00a0: 39 MM  Mouvement\u00a0: Automatique cal Rolex  Boite :\u00a0Tr\u00e8s beau boitier peu polie et bien \u00e9pais et avec des angles parfaits, aucun choc ni rayures importantes. Les proportions sont bien conserv\u00e9es. Excellent \u00e9tat de conservation du boitier encore tr\u00e8s \u00e9pais et peu polie. Boitier thin case premi\u00e8re s\u00e9rie avec son prot\u00e8ge remontoir si particulier et en parfait \u00e9tat.  Cadran :\u00a0Beau cadran noir d\u2019origine parfait avec des beaux indexes tritium bien patin\u00e9e et son aiguille orange \u00ab\u00a0freccione\u00a0\u00bb qui a vir\u00e9 au jaune clair matchant les premi\u00e8res s\u00e9ries de montres produites qui prenait cette patine si particuli\u00e8re. Aiguille droite ultra rare et cadran mk1 frog foot coronet. Parfaite concordance de la patine des aiguilles et indexs.  Lunette\u00a0: \u00a0Belle lunette d\u2019origine en parfait \u00e9tat et peu polie avec les chiffres encore bien imprim\u00e9s.  Bracelet :\u00a0Acier blind\u00e9 79360 un peu d\u00e9tendue endlink 580 et clasp code  Accessoires\u00a0: \u00a0Aucun RESERVEE","robots":{"index":"index","follow":"follow","max-snippet":"max-snippet:-1","max-image-preview":"max-image-preview:large","max-video-preview":"max-video-preview:-1"},"canonical":"https:\/\/www.parisheure.com\/en\/buy-watch\/rolex-explorer-ii-ref-1655-mk1-aiguille-droite-from-1972\/","og_locale":"en_US","og_type":"article","og_title":"ROLEX EXPLORER II REF 1655 MK1 AIGUILLE DROITE from 1972 &#8226; PARIS HEURE","og_description":"Marque :\u00a0\u00a0 ROLEX  Mod\u00e8le :\u00a0EXPLORER II  R\u00e9f\u00e9rence :\u00a01655  Ann\u00e9e :\u00a01972  Serial :\u00a0  Diam\u00e8tre\u00a0: 39 MM  Mouvement\u00a0: Automatique cal Rolex  Boite :\u00a0Tr\u00e8s beau boitier peu polie et bien \u00e9pais et avec des angles parfaits, aucun choc ni rayures importantes. Les proportions sont bien conserv\u00e9es. Excellent \u00e9tat de conservation du boitier encore tr\u00e8s \u00e9pais et peu polie. Boitier thin case premi\u00e8re s\u00e9rie avec son prot\u00e8ge remontoir si particulier et en parfait \u00e9tat.  Cadran :\u00a0Beau cadran noir d\u2019origine parfait avec des beaux indexes tritium bien patin\u00e9e et son aiguille orange \u00ab\u00a0freccione\u00a0\u00bb qui a vir\u00e9 au jaune clair matchant les premi\u00e8res s\u00e9ries de montres produites qui prenait cette patine si particuli\u00e8re. Aiguille droite ultra rare et cadran mk1 frog foot coronet. Parfaite concordance de la patine des aiguilles et indexs.  Lunette\u00a0: \u00a0Belle lunette d\u2019origine en parfait \u00e9tat et peu polie avec les chiffres encore bien imprim\u00e9s.  Bracelet :\u00a0Acier blind\u00e9 79360 un peu d\u00e9tendue endlink 580 et clasp code  Accessoires\u00a0: \u00a0Aucun RESERVEE","og_url":"https:\/\/www.parisheure.com\/en\/buy-watch\/rolex-explorer-ii-ref-1655-mk1-aiguille-droite-from-1972\/","og_site_name":"PARIS HEURE","article_publisher":"https:\/\/www.facebook.com\/ParisHeure","article_modified_time":"2024-10-23T08:32:49+00:00","og_image":[{"width":2560,"height":2560,"url":"https:\/\/www.parisheure.com\/wp-content\/uploads\/2021\/12\/ROLEX-EXPMORER-II-REF-1655-MK1-STRAIGHT-HAND-N\u00b0309XXXX-_0021_Calque-19-scaled.jpg","type":"image\/jpeg"}],"twitter_card":"summary_large_image","schema":{"@context":"https:\/\/schema.org","@graph":[{"@type":"WebPage","@id":"https:\/\/www.parisheure.com\/acheter-montre\/rolex-explorer-ii-ref-1655-mk1-aiguille-droite-from-1972\/","url":"https:\/\/www.parisheure.com\/acheter-montre\/rolex-explorer-ii-ref-1655-mk1-aiguille-droite-from-1972\/","name":"ROLEX EXPLORER II REF 1655 MK1 AIGUILLE DROITE from 1972 \u2022 PARIS HEURE","isPartOf":{"@id":"https:\/\/www.parisheure.com\/#website"},"primaryImageOfPage":{"@id":"https:\/\/www.parisheure.com\/acheter-montre\/rolex-explorer-ii-ref-1655-mk1-aiguille-droite-from-1972\/#primaryimage"},"image":{"@id":"https:\/\/www.parisheure.com\/acheter-montre\/rolex-explorer-ii-ref-1655-mk1-aiguille-droite-from-1972\/#primaryimage"},"thumbnailUrl":"https:\/\/www.parisheure.com\/wp-content\/uploads\/2021\/12\/ROLEX-EXPMORER-II-REF-1655-MK1-STRAIGHT-HAND-N\u00b0309XXXX-_0021_Calque-19-scaled.jpg","datePublished":"2021-08-04T10:26:19+00:00","dateModified":"2024-10-23T08:32:49+00:00","description":"Marque :\u00a0\u00a0 ROLEX Mod\u00e8le :\u00a0EXPLORER II R\u00e9f\u00e9rence :\u00a01655 Ann\u00e9e :\u00a01972 Serial :\u00a0 Diam\u00e8tre\u00a0: 39 MM Mouvement\u00a0: Automatique cal Rolex Boite :\u00a0Tr\u00e8s beau boitier peu polie et bien \u00e9pais et avec des angles parfaits, aucun choc ni rayures importantes. Les proportions sont bien conserv\u00e9es. Excellent \u00e9tat de conservation du boitier encore tr\u00e8s \u00e9pais et peu polie. Boitier thin case premi\u00e8re s\u00e9rie avec son prot\u00e8ge remontoir si particulier et en parfait \u00e9tat. Cadran :\u00a0Beau cadran noir d\u2019origine parfait avec des beaux indexes tritium bien patin\u00e9e et son aiguille orange \u00ab\u00a0freccione\u00a0\u00bb qui a vir\u00e9 au jaune clair matchant les premi\u00e8res s\u00e9ries de montres produites qui prenait cette patine si particuli\u00e8re. Aiguille droite ultra rare et cadran mk1 frog foot coronet. Parfaite concordance de la patine des aiguilles et indexs. Lunette\u00a0: \u00a0Belle lunette d\u2019origine en parfait \u00e9tat et peu polie avec les chiffres encore bien imprim\u00e9s. Bracelet :\u00a0Acier blind\u00e9 79360 un peu d\u00e9tendue endlink 580 et clasp code Accessoires\u00a0: \u00a0Aucun RESERVEE","breadcrumb":{"@id":"https:\/\/www.parisheure.com\/acheter-montre\/rolex-explorer-ii-ref-1655-mk1-aiguille-droite-from-1972\/#breadcrumb"},"inLanguage":"en-US","potentialAction":[{"@type":"ReadAction","target":["https:\/\/www.parisheure.com\/acheter-montre\/rolex-explorer-ii-ref-1655-mk1-aiguille-droite-from-1972\/"]}]},{"@type":"ImageObject","inLanguage":"en-US","@id":"https:\/\/www.parisheure.com\/acheter-montre\/rolex-explorer-ii-ref-1655-mk1-aiguille-droite-from-1972\/#primaryimage","url":"https:\/\/www.parisheure.com\/wp-content\/uploads\/2021\/12\/ROLEX-EXPMORER-II-REF-1655-MK1-STRAIGHT-HAND-N\u00b0309XXXX-_0021_Calque-19-scaled.jpg","contentUrl":"https:\/\/www.parisheure.com\/wp-content\/uploads\/2021\/12\/ROLEX-EXPMORER-II-REF-1655-MK1-STRAIGHT-HAND-N\u00b0309XXXX-_0021_Calque-19-scaled.jpg","width":2560,"height":2560},{"@type":"BreadcrumbList","@id":"https:\/\/www.parisheure.com\/acheter-montre\/rolex-explorer-ii-ref-1655-mk1-aiguille-droite-from-1972\/#breadcrumb","itemListElement":[{"@type":"ListItem","position":1,"name":"Accueil","item":"https:\/\/www.parisheure.com\/"},{"@type":"ListItem","position":2,"name":"WATCHES","item":"https:\/\/www.parisheure.com\/"},{"@type":"ListItem","position":3,"name":"ROLEX EXPLORER II REF 1655 MK1 AIGUILLE DROITE from 1972"}]},{"@type":"WebSite","@id":"https:\/\/www.parisheure.com\/#website","url":"https:\/\/www.parisheure.com\/","name":"PARIS HEURE","description":"Vintage watches Paris","publisher":{"@id":"https:\/\/www.parisheure.com\/#organization"},"potentialAction":[{"@type":"SearchAction","target":{"@type":"EntryPoint","urlTemplate":"https:\/\/www.parisheure.com\/?s={search_term_string}"},"query-input":{"@type":"PropertyValueSpecification","valueRequired":true,"valueName":"search_term_string"}}],"inLanguage":"en-US"},{"@type":"Organization","@id":"https:\/\/www.parisheure.com\/#organization","name":"PARIS HEURE","url":"https:\/\/www.parisheure.com\/","logo":{"@type":"ImageObject","inLanguage":"en-US","@id":"https:\/\/www.parisheure.com\/#\/schema\/logo\/image\/","url":"https:\/\/www.parisheure.com\/wp-content\/uploads\/2021\/07\/cropped-logo-paris-heure.png","contentUrl":"https:\/\/www.parisheure.com\/wp-content\/uploads\/2021\/07\/cropped-logo-paris-heure.png","width":512,"height":512,"caption":"PARIS HEURE"},"image":{"@id":"https:\/\/www.parisheure.com\/#\/schema\/logo\/image\/"},"sameAs":["https:\/\/www.facebook.com\/ParisHeure","https:\/\/www.instagram.com\/parisheure\/"]}]}},"jetpack_sharing_enabled":true,"brands":[{"id":432,"name":"Rolex","slug":"rolex"}],"_links":{"self":[{"href":"https:\/\/www.parisheure.com\/en\/wp-json\/wp\/v2\/product\/10539","targetHints":{"allow":["GET"]}}],"collection":[{"href":"https:\/\/www.parisheure.com\/en\/wp-json\/wp\/v2\/product"}],"about":[{"href":"https:\/\/www.parisheure.com\/en\/wp-json\/wp\/v2\/types\/product"}],"version-history":[{"count":1,"href":"https:\/\/www.parisheure.com\/en\/wp-json\/wp\/v2\/product\/10539\/revisions"}],"predecessor-version":[{"id":14190,"href":"https:\/\/www.parisheure.com\/en\/wp-json\/wp\/v2\/product\/10539\/revisions\/14190"}],"wp:featuredmedia":[{"embeddable":true,"href":"https:\/\/www.parisheure.com\/en\/wp-json\/wp\/v2\/media\/10561"}],"wp:attachment":[{"href":"https:\/\/www.parisheure.com\/en\/wp-json\/wp\/v2\/media?parent=10539"}],"wp:term":[{"taxonomy":"pwb-brand","embeddable":true,"href":"https:\/\/www.parisheure.com\/en\/wp-json\/wp\/v2\/pwb-brand?post=10539"},{"taxonomy":"product_brand","embeddable":true,"href":"https:\/\/www.parisheure.com\/en\/wp-json\/wp\/v2\/product_brand?post=10539"},{"taxonomy":"product_cat","embeddable":true,"href":"https:\/\/www.parisheure.com\/en\/wp-json\/wp\/v2\/product_cat?post=10539"},{"taxonomy":"product_tag","embeddable":true,"href":"https:\/\/www.parisheure.com\/en\/wp-json\/wp\/v2\/product_tag?post=10539"}],"curies":[{"name":"wp","href":"https:\/\/api.w.org\/{rel}","templated":true}]}}