{"id":10563,"date":"2021-08-04T12:29:29","date_gmt":"2021-08-04T10:29:29","guid":{"rendered":"https:\/\/www.parisheure.com\/?post_type=product&#038;p=10563"},"modified":"2024-10-23T10:32:41","modified_gmt":"2024-10-23T08:32:41","slug":"rolex-daydate-ref-18038-onyx-or-jaune-18k-full-set-bracelet-rivete-18k-from-1979","status":"publish","type":"product","link":"https:\/\/www.parisheure.com\/en\/buy-watch\/rolex-daydate-ref-18038-onyx-or-jaune-18k-full-set-bracelet-rivete-18k-from-1979\/","title":{"rendered":"ROLEX DAYDATE REF 18038 ONYX OR 18K FULL SET from 1979"},"content":{"rendered":"<p><strong>Our opinion:<\/strong> La daydate pr\u00e9sident en or18k avec son cadran onyx est une montre rare, intemporelle et \u00e9l\u00e9gante de la collection Rolex vintage. Tr\u00e8s classe avec ses aiguilles d\u2019origine. Cadran et aiguilles avec tritium d\u2019origine marqu\u00e9 uniquement \u00ab\u00a0t swisst\u00a0\u00bb la\u00a0majorit\u00e9 de ceux sont en swiss only ou swiss made donc plus tardif et non vendue d\u2019origine avec la montre. La montre est dans un \u00e9tat proche du neuf peut \u00eatre jamais polie avec un boitier tr\u00e8s \u00e9pais et un cadran parfait tout d\u2019origine de 1979 ! La montre est mont\u00e9e sur un bracelet rivet\u00e9 en or jaune 18k ultra rare sur les daydate et en plus tout est matching avec sa r\u00e9f\u00e9rence sp\u00e9ciale 18038. Une magnifique montre en or 18k daydate d\u2019origine mais si diff\u00e9rente des autres daydate un vrai model tr\u00e8s sp\u00e9cial et recherch\u00e9e par les collectionneurs au vu de son design incroyable et de sa raret\u00e9. \u00c0 un prix abordable compar\u00e9 aux mod\u00e8les actuels en boutique ! Un vrai collector totalement unisexe.<\/p>","protected":false},"excerpt":{"rendered":"<p><strong>Brand:<\/strong>\u00a0Rolex<\/p>\n<p><strong>Model:<\/strong>\u00a0Day Date<\/p>\n<p><strong>Movement\u00a0: <\/strong>Automatic<\/p>\n<p><strong>Reference:<\/strong>\u00a018038 yellow gold<\/p>\n<p><strong>Diameter\u00a0: <\/strong>36mm<\/p>\n<p><strong>Year:<\/strong>\u00a01979<\/p>\n<p><strong>Serial :<\/strong> 5805XXX<\/p>\n<p><strong>Case:<\/strong>\u00a0Very beautiful case not so polished in 18K yellow gold very thick and with perfect angles. Very heavy on the wrist. Perfect fluted bezel. The first daydate with late 70 sapphire crystal.<\/p>\n<p><strong>Dial:<\/strong>\u00a0Beautiful perfect ONYX with no flaws and of ultra rare origin, branded only \"t swiss t\". Onyx is a semi-precious stone and the dials are absolutely superb and very complicated to produce without any indexes which brings out its beauty even more in a yellow gold case. very rare and sought after dial. Original German date stamp.<\/p>\n<p><strong>Bracelet:<\/strong>\u00a0Riveted bracelet in the same style as the very very rare daytona and Gmt on a daydate. Also in perfect condition not loose at all.<\/p>\n<p><strong>Accessories: <\/strong>Leather box and booklet box and original punched papers from 1979<\/p>","protected":false},"featured_media":10588,"template":"","meta":[],"pwb-brand":[432],"product_brand":[],"product_cat":[107,367,90,250],"product_tag":[288,286,106,287,127,289],"class_list":{"0":"post-10563","1":"product","2":"type-product","3":"status-publish","4":"has-post-thumbnail","6":"pwb-brand-rolex","7":"product_cat-archives","8":"product_cat-montres-paris-heure","9":"product_cat-rolex","10":"product_cat-rolex-daydate","11":"product_tag-288","12":"product_tag-daysate","13":"product_tag-full-set","14":"product_tag-onyx","15":"product_tag-rolex","16":"product_tag-t-swiss-t","18":"first","19":"outofstock","20":"shipping-taxable","21":"product-type-simple"},"yoast_head":"<!-- This site is optimized with the Yoast SEO plugin v27.5 - https:\/\/yoast.com\/product\/yoast-seo-wordpress\/ -->\n<title>ROLEX DAYDATE REF 18038 ONYX OR 18K FULL SET from 1979 &#8226; PARIS HEURE<\/title>\n<meta name=\"description\" content=\"Marque:\u00a0Rolex  Mod\u00e8le:\u00a0Day Date  Mouvement\u00a0: Automatique  R\u00e9f\u00e9rence:\u00a018038 OR JAUNE  Diam\u00e8tre\u00a0: 36mm  Ann\u00e9e:\u00a01979  Serial\u00a0: 5805XXX  Boite:\u00a0Tr\u00e8s beau boitier peut \u00eatre jamais polie en or jaune 18K tr\u00e8s \u00e9pais et avec des angles parfait. Tr\u00e8s lourde au poignet. Lunette cannel\u00e9 parfaite. Les premi\u00e8res daydate avec verre saphir fin 70.  Cadran:\u00a0Beau ONYX parfait aucuns d\u00e9fauts et d\u2019origine ultra rare marque uniquement \u00ab\u00a0t swiss t\u00a0\u00bb. L\u2019onyx est une pierre semi pr\u00e9cieuse et les cadrans sont absolument superbe et tr\u00e8s compliqu\u00e9 \u00e0 produire sans aucuns index ce qui fait ressortir encore plus sa beaut\u00e9 dur un boitier or jaune. cadran tr\u00e8s rare et recherch\u00e9e. Dateur en allemand d origine.  Bracelet:\u00a0Bracelet rivet\u00e9 dans le m\u00eame style que les daytona et Gmt tr\u00e8s tr\u00e8s rare sur une daydate. De plus en parfait \u00e9tat pas du tout d\u00e9tendue.  Accessoires\u00a0: Boite en cuir et sur boite booklet et Papiers d\u2019origines perc\u00e9s de 1979\" \/>\n<meta name=\"robots\" content=\"index, follow, max-snippet:-1, max-image-preview:large, max-video-preview:-1\" \/>\n<link rel=\"canonical\" href=\"https:\/\/www.parisheure.com\/en\/buy-watch\/rolex-daydate-ref-18038-onyx-or-jaune-18k-full-set-bracelet-rivete-18k-from-1979\/\" \/>\n<meta property=\"og:locale\" content=\"en_US\" \/>\n<meta property=\"og:type\" content=\"article\" \/>\n<meta property=\"og:title\" content=\"ROLEX DAYDATE REF 18038 ONYX OR 18K FULL SET from 1979 &#8226; PARIS HEURE\" \/>\n<meta property=\"og:description\" content=\"Marque:\u00a0Rolex  Mod\u00e8le:\u00a0Day Date  Mouvement\u00a0: Automatique  R\u00e9f\u00e9rence:\u00a018038 OR JAUNE  Diam\u00e8tre\u00a0: 36mm  Ann\u00e9e:\u00a01979  Serial\u00a0: 5805XXX  Boite:\u00a0Tr\u00e8s beau boitier peut \u00eatre jamais polie en or jaune 18K tr\u00e8s \u00e9pais et avec des angles parfait. Tr\u00e8s lourde au poignet. Lunette cannel\u00e9 parfaite. Les premi\u00e8res daydate avec verre saphir fin 70.  Cadran:\u00a0Beau ONYX parfait aucuns d\u00e9fauts et d\u2019origine ultra rare marque uniquement \u00ab\u00a0t swiss t\u00a0\u00bb. L\u2019onyx est une pierre semi pr\u00e9cieuse et les cadrans sont absolument superbe et tr\u00e8s compliqu\u00e9 \u00e0 produire sans aucuns index ce qui fait ressortir encore plus sa beaut\u00e9 dur un boitier or jaune. cadran tr\u00e8s rare et recherch\u00e9e. Dateur en allemand d origine.  Bracelet:\u00a0Bracelet rivet\u00e9 dans le m\u00eame style que les daytona et Gmt tr\u00e8s tr\u00e8s rare sur une daydate. De plus en parfait \u00e9tat pas du tout d\u00e9tendue.  Accessoires\u00a0: Boite en cuir et sur boite booklet et Papiers d\u2019origines perc\u00e9s de 1979\" \/>\n<meta property=\"og:url\" content=\"https:\/\/www.parisheure.com\/en\/buy-watch\/rolex-daydate-ref-18038-onyx-or-jaune-18k-full-set-bracelet-rivete-18k-from-1979\/\" \/>\n<meta property=\"og:site_name\" content=\"PARIS HEURE\" \/>\n<meta property=\"article:publisher\" content=\"https:\/\/www.facebook.com\/ParisHeure\" \/>\n<meta property=\"article:modified_time\" content=\"2024-10-23T08:32:41+00:00\" \/>\n<meta property=\"og:image\" content=\"https:\/\/www.parisheure.com\/wp-content\/uploads\/2021\/12\/ROLEX-DAYDATE-REF-18038-ONYX-OR-JAUNE-18K-FULL-SET-BRACELET-RIVETE-18K-N\u00b0580XXXX-_0024_Calque-2-scaled.jpg\" \/>\n\t<meta property=\"og:image:width\" content=\"2560\" \/>\n\t<meta property=\"og:image:height\" content=\"2560\" \/>\n\t<meta property=\"og:image:type\" content=\"image\/jpeg\" \/>\n<meta name=\"twitter:card\" content=\"summary_large_image\" \/>\n<script type=\"application\/ld+json\" class=\"yoast-schema-graph\">{\"@context\":\"https:\\\/\\\/schema.org\",\"@graph\":[{\"@type\":\"WebPage\",\"@id\":\"https:\\\/\\\/www.parisheure.com\\\/acheter-montre\\\/rolex-daydate-ref-18038-onyx-or-jaune-18k-full-set-bracelet-rivete-18k-from-1979\\\/\",\"url\":\"https:\\\/\\\/www.parisheure.com\\\/acheter-montre\\\/rolex-daydate-ref-18038-onyx-or-jaune-18k-full-set-bracelet-rivete-18k-from-1979\\\/\",\"name\":\"ROLEX DAYDATE REF 18038 ONYX OR 18K FULL SET from 1979 &#8226; PARIS HEURE\",\"isPartOf\":{\"@id\":\"https:\\\/\\\/www.parisheure.com\\\/#website\"},\"primaryImageOfPage\":{\"@id\":\"https:\\\/\\\/www.parisheure.com\\\/acheter-montre\\\/rolex-daydate-ref-18038-onyx-or-jaune-18k-full-set-bracelet-rivete-18k-from-1979\\\/#primaryimage\"},\"image\":{\"@id\":\"https:\\\/\\\/www.parisheure.com\\\/acheter-montre\\\/rolex-daydate-ref-18038-onyx-or-jaune-18k-full-set-bracelet-rivete-18k-from-1979\\\/#primaryimage\"},\"thumbnailUrl\":\"https:\\\/\\\/www.parisheure.com\\\/wp-content\\\/uploads\\\/2021\\\/12\\\/ROLEX-DAYDATE-REF-18038-ONYX-OR-JAUNE-18K-FULL-SET-BRACELET-RIVETE-18K-N\u00b0580XXXX-_0024_Calque-2-scaled.jpg\",\"datePublished\":\"2021-08-04T10:29:29+00:00\",\"dateModified\":\"2024-10-23T08:32:41+00:00\",\"description\":\"Marque:\u00a0Rolex Mod\u00e8le:\u00a0Day Date Mouvement\u00a0: Automatique R\u00e9f\u00e9rence:\u00a018038 OR JAUNE Diam\u00e8tre\u00a0: 36mm Ann\u00e9e:\u00a01979 Serial\u00a0: 5805XXX Boite:\u00a0Tr\u00e8s beau boitier peut \u00eatre jamais polie en or jaune 18K tr\u00e8s \u00e9pais et avec des angles parfait. Tr\u00e8s lourde au poignet. Lunette cannel\u00e9 parfaite. Les premi\u00e8res daydate avec verre saphir fin 70. Cadran:\u00a0Beau ONYX parfait aucuns d\u00e9fauts et d\u2019origine ultra rare marque uniquement \u00ab\u00a0t swiss t\u00a0\u00bb. L\u2019onyx est une pierre semi pr\u00e9cieuse et les cadrans sont absolument superbe et tr\u00e8s compliqu\u00e9 \u00e0 produire sans aucuns index ce qui fait ressortir encore plus sa beaut\u00e9 dur un boitier or jaune. cadran tr\u00e8s rare et recherch\u00e9e. Dateur en allemand d origine. Bracelet:\u00a0Bracelet rivet\u00e9 dans le m\u00eame style que les daytona et Gmt tr\u00e8s tr\u00e8s rare sur une daydate. De plus en parfait \u00e9tat pas du tout d\u00e9tendue. Accessoires\u00a0: Boite en cuir et sur boite booklet et Papiers d\u2019origines perc\u00e9s de 1979\",\"breadcrumb\":{\"@id\":\"https:\\\/\\\/www.parisheure.com\\\/acheter-montre\\\/rolex-daydate-ref-18038-onyx-or-jaune-18k-full-set-bracelet-rivete-18k-from-1979\\\/#breadcrumb\"},\"inLanguage\":\"en-US\",\"potentialAction\":[{\"@type\":\"ReadAction\",\"target\":[\"https:\\\/\\\/www.parisheure.com\\\/acheter-montre\\\/rolex-daydate-ref-18038-onyx-or-jaune-18k-full-set-bracelet-rivete-18k-from-1979\\\/\"]}]},{\"@type\":\"ImageObject\",\"inLanguage\":\"en-US\",\"@id\":\"https:\\\/\\\/www.parisheure.com\\\/acheter-montre\\\/rolex-daydate-ref-18038-onyx-or-jaune-18k-full-set-bracelet-rivete-18k-from-1979\\\/#primaryimage\",\"url\":\"https:\\\/\\\/www.parisheure.com\\\/wp-content\\\/uploads\\\/2021\\\/12\\\/ROLEX-DAYDATE-REF-18038-ONYX-OR-JAUNE-18K-FULL-SET-BRACELET-RIVETE-18K-N\u00b0580XXXX-_0024_Calque-2-scaled.jpg\",\"contentUrl\":\"https:\\\/\\\/www.parisheure.com\\\/wp-content\\\/uploads\\\/2021\\\/12\\\/ROLEX-DAYDATE-REF-18038-ONYX-OR-JAUNE-18K-FULL-SET-BRACELET-RIVETE-18K-N\u00b0580XXXX-_0024_Calque-2-scaled.jpg\",\"width\":2560,\"height\":2560},{\"@type\":\"BreadcrumbList\",\"@id\":\"https:\\\/\\\/www.parisheure.com\\\/acheter-montre\\\/rolex-daydate-ref-18038-onyx-or-jaune-18k-full-set-bracelet-rivete-18k-from-1979\\\/#breadcrumb\",\"itemListElement\":[{\"@type\":\"ListItem\",\"position\":1,\"name\":\"Accueil\",\"item\":\"https:\\\/\\\/www.parisheure.com\\\/\"},{\"@type\":\"ListItem\",\"position\":2,\"name\":\"WATCHES\",\"item\":\"https:\\\/\\\/www.parisheure.com\\\/\"},{\"@type\":\"ListItem\",\"position\":3,\"name\":\"ROLEX DAYDATE REF 18038 ONYX OR 18K FULL SET from 1979\"}]},{\"@type\":\"WebSite\",\"@id\":\"https:\\\/\\\/www.parisheure.com\\\/#website\",\"url\":\"https:\\\/\\\/www.parisheure.com\\\/\",\"name\":\"PARIS HEURE\",\"description\":\"Vintage watches Paris\",\"publisher\":{\"@id\":\"https:\\\/\\\/www.parisheure.com\\\/#organization\"},\"potentialAction\":[{\"@type\":\"SearchAction\",\"target\":{\"@type\":\"EntryPoint\",\"urlTemplate\":\"https:\\\/\\\/www.parisheure.com\\\/?s={search_term_string}\"},\"query-input\":{\"@type\":\"PropertyValueSpecification\",\"valueRequired\":true,\"valueName\":\"search_term_string\"}}],\"inLanguage\":\"en-US\"},{\"@type\":\"Organization\",\"@id\":\"https:\\\/\\\/www.parisheure.com\\\/#organization\",\"name\":\"PARIS HEURE\",\"url\":\"https:\\\/\\\/www.parisheure.com\\\/\",\"logo\":{\"@type\":\"ImageObject\",\"inLanguage\":\"en-US\",\"@id\":\"https:\\\/\\\/www.parisheure.com\\\/#\\\/schema\\\/logo\\\/image\\\/\",\"url\":\"https:\\\/\\\/www.parisheure.com\\\/wp-content\\\/uploads\\\/2021\\\/07\\\/cropped-logo-paris-heure.png\",\"contentUrl\":\"https:\\\/\\\/www.parisheure.com\\\/wp-content\\\/uploads\\\/2021\\\/07\\\/cropped-logo-paris-heure.png\",\"width\":512,\"height\":512,\"caption\":\"PARIS HEURE\"},\"image\":{\"@id\":\"https:\\\/\\\/www.parisheure.com\\\/#\\\/schema\\\/logo\\\/image\\\/\"},\"sameAs\":[\"https:\\\/\\\/www.facebook.com\\\/ParisHeure\",\"https:\\\/\\\/www.instagram.com\\\/parisheure\\\/\"]}]}<\/script>\n<!-- \/ Yoast SEO plugin. -->","yoast_head_json":{"title":"ROLEX DAYDATE REF 18038 ONYX OR 18K FULL SET from 1979 \u2022 PARIS HEURE","description":"Marque:\u00a0Rolex  Mod\u00e8le:\u00a0Day Date  Mouvement\u00a0: Automatique  R\u00e9f\u00e9rence:\u00a018038 OR JAUNE  Diam\u00e8tre\u00a0: 36mm  Ann\u00e9e:\u00a01979  Serial\u00a0: 5805XXX  Boite:\u00a0Tr\u00e8s beau boitier peut \u00eatre jamais polie en or jaune 18K tr\u00e8s \u00e9pais et avec des angles parfait. Tr\u00e8s lourde au poignet. Lunette cannel\u00e9 parfaite. Les premi\u00e8res daydate avec verre saphir fin 70.  Cadran:\u00a0Beau ONYX parfait aucuns d\u00e9fauts et d\u2019origine ultra rare marque uniquement \u00ab\u00a0t swiss t\u00a0\u00bb. L\u2019onyx est une pierre semi pr\u00e9cieuse et les cadrans sont absolument superbe et tr\u00e8s compliqu\u00e9 \u00e0 produire sans aucuns index ce qui fait ressortir encore plus sa beaut\u00e9 dur un boitier or jaune. cadran tr\u00e8s rare et recherch\u00e9e. Dateur en allemand d origine.  Bracelet:\u00a0Bracelet rivet\u00e9 dans le m\u00eame style que les daytona et Gmt tr\u00e8s tr\u00e8s rare sur une daydate. De plus en parfait \u00e9tat pas du tout d\u00e9tendue.  Accessoires\u00a0: Boite en cuir et sur boite booklet et Papiers d\u2019origines perc\u00e9s de 1979","robots":{"index":"index","follow":"follow","max-snippet":"max-snippet:-1","max-image-preview":"max-image-preview:large","max-video-preview":"max-video-preview:-1"},"canonical":"https:\/\/www.parisheure.com\/en\/buy-watch\/rolex-daydate-ref-18038-onyx-or-jaune-18k-full-set-bracelet-rivete-18k-from-1979\/","og_locale":"en_US","og_type":"article","og_title":"ROLEX DAYDATE REF 18038 ONYX OR 18K FULL SET from 1979 &#8226; PARIS HEURE","og_description":"Marque:\u00a0Rolex  Mod\u00e8le:\u00a0Day Date  Mouvement\u00a0: Automatique  R\u00e9f\u00e9rence:\u00a018038 OR JAUNE  Diam\u00e8tre\u00a0: 36mm  Ann\u00e9e:\u00a01979  Serial\u00a0: 5805XXX  Boite:\u00a0Tr\u00e8s beau boitier peut \u00eatre jamais polie en or jaune 18K tr\u00e8s \u00e9pais et avec des angles parfait. Tr\u00e8s lourde au poignet. Lunette cannel\u00e9 parfaite. Les premi\u00e8res daydate avec verre saphir fin 70.  Cadran:\u00a0Beau ONYX parfait aucuns d\u00e9fauts et d\u2019origine ultra rare marque uniquement \u00ab\u00a0t swiss t\u00a0\u00bb. L\u2019onyx est une pierre semi pr\u00e9cieuse et les cadrans sont absolument superbe et tr\u00e8s compliqu\u00e9 \u00e0 produire sans aucuns index ce qui fait ressortir encore plus sa beaut\u00e9 dur un boitier or jaune. cadran tr\u00e8s rare et recherch\u00e9e. Dateur en allemand d origine.  Bracelet:\u00a0Bracelet rivet\u00e9 dans le m\u00eame style que les daytona et Gmt tr\u00e8s tr\u00e8s rare sur une daydate. De plus en parfait \u00e9tat pas du tout d\u00e9tendue.  Accessoires\u00a0: Boite en cuir et sur boite booklet et Papiers d\u2019origines perc\u00e9s de 1979","og_url":"https:\/\/www.parisheure.com\/en\/buy-watch\/rolex-daydate-ref-18038-onyx-or-jaune-18k-full-set-bracelet-rivete-18k-from-1979\/","og_site_name":"PARIS HEURE","article_publisher":"https:\/\/www.facebook.com\/ParisHeure","article_modified_time":"2024-10-23T08:32:41+00:00","og_image":[{"width":2560,"height":2560,"url":"https:\/\/www.parisheure.com\/wp-content\/uploads\/2021\/12\/ROLEX-DAYDATE-REF-18038-ONYX-OR-JAUNE-18K-FULL-SET-BRACELET-RIVETE-18K-N\u00b0580XXXX-_0024_Calque-2-scaled.jpg","type":"image\/jpeg"}],"twitter_card":"summary_large_image","schema":{"@context":"https:\/\/schema.org","@graph":[{"@type":"WebPage","@id":"https:\/\/www.parisheure.com\/acheter-montre\/rolex-daydate-ref-18038-onyx-or-jaune-18k-full-set-bracelet-rivete-18k-from-1979\/","url":"https:\/\/www.parisheure.com\/acheter-montre\/rolex-daydate-ref-18038-onyx-or-jaune-18k-full-set-bracelet-rivete-18k-from-1979\/","name":"ROLEX DAYDATE REF 18038 ONYX OR 18K FULL SET from 1979 \u2022 PARIS HEURE","isPartOf":{"@id":"https:\/\/www.parisheure.com\/#website"},"primaryImageOfPage":{"@id":"https:\/\/www.parisheure.com\/acheter-montre\/rolex-daydate-ref-18038-onyx-or-jaune-18k-full-set-bracelet-rivete-18k-from-1979\/#primaryimage"},"image":{"@id":"https:\/\/www.parisheure.com\/acheter-montre\/rolex-daydate-ref-18038-onyx-or-jaune-18k-full-set-bracelet-rivete-18k-from-1979\/#primaryimage"},"thumbnailUrl":"https:\/\/www.parisheure.com\/wp-content\/uploads\/2021\/12\/ROLEX-DAYDATE-REF-18038-ONYX-OR-JAUNE-18K-FULL-SET-BRACELET-RIVETE-18K-N\u00b0580XXXX-_0024_Calque-2-scaled.jpg","datePublished":"2021-08-04T10:29:29+00:00","dateModified":"2024-10-23T08:32:41+00:00","description":"Marque:\u00a0Rolex Mod\u00e8le:\u00a0Day Date Mouvement\u00a0: Automatique R\u00e9f\u00e9rence:\u00a018038 OR JAUNE Diam\u00e8tre\u00a0: 36mm Ann\u00e9e:\u00a01979 Serial\u00a0: 5805XXX Boite:\u00a0Tr\u00e8s beau boitier peut \u00eatre jamais polie en or jaune 18K tr\u00e8s \u00e9pais et avec des angles parfait. Tr\u00e8s lourde au poignet. Lunette cannel\u00e9 parfaite. Les premi\u00e8res daydate avec verre saphir fin 70. Cadran:\u00a0Beau ONYX parfait aucuns d\u00e9fauts et d\u2019origine ultra rare marque uniquement \u00ab\u00a0t swiss t\u00a0\u00bb. L\u2019onyx est une pierre semi pr\u00e9cieuse et les cadrans sont absolument superbe et tr\u00e8s compliqu\u00e9 \u00e0 produire sans aucuns index ce qui fait ressortir encore plus sa beaut\u00e9 dur un boitier or jaune. cadran tr\u00e8s rare et recherch\u00e9e. Dateur en allemand d origine. Bracelet:\u00a0Bracelet rivet\u00e9 dans le m\u00eame style que les daytona et Gmt tr\u00e8s tr\u00e8s rare sur une daydate. De plus en parfait \u00e9tat pas du tout d\u00e9tendue. Accessoires\u00a0: Boite en cuir et sur boite booklet et Papiers d\u2019origines perc\u00e9s de 1979","breadcrumb":{"@id":"https:\/\/www.parisheure.com\/acheter-montre\/rolex-daydate-ref-18038-onyx-or-jaune-18k-full-set-bracelet-rivete-18k-from-1979\/#breadcrumb"},"inLanguage":"en-US","potentialAction":[{"@type":"ReadAction","target":["https:\/\/www.parisheure.com\/acheter-montre\/rolex-daydate-ref-18038-onyx-or-jaune-18k-full-set-bracelet-rivete-18k-from-1979\/"]}]},{"@type":"ImageObject","inLanguage":"en-US","@id":"https:\/\/www.parisheure.com\/acheter-montre\/rolex-daydate-ref-18038-onyx-or-jaune-18k-full-set-bracelet-rivete-18k-from-1979\/#primaryimage","url":"https:\/\/www.parisheure.com\/wp-content\/uploads\/2021\/12\/ROLEX-DAYDATE-REF-18038-ONYX-OR-JAUNE-18K-FULL-SET-BRACELET-RIVETE-18K-N\u00b0580XXXX-_0024_Calque-2-scaled.jpg","contentUrl":"https:\/\/www.parisheure.com\/wp-content\/uploads\/2021\/12\/ROLEX-DAYDATE-REF-18038-ONYX-OR-JAUNE-18K-FULL-SET-BRACELET-RIVETE-18K-N\u00b0580XXXX-_0024_Calque-2-scaled.jpg","width":2560,"height":2560},{"@type":"BreadcrumbList","@id":"https:\/\/www.parisheure.com\/acheter-montre\/rolex-daydate-ref-18038-onyx-or-jaune-18k-full-set-bracelet-rivete-18k-from-1979\/#breadcrumb","itemListElement":[{"@type":"ListItem","position":1,"name":"Accueil","item":"https:\/\/www.parisheure.com\/"},{"@type":"ListItem","position":2,"name":"WATCHES","item":"https:\/\/www.parisheure.com\/"},{"@type":"ListItem","position":3,"name":"ROLEX DAYDATE REF 18038 ONYX OR 18K FULL SET from 1979"}]},{"@type":"WebSite","@id":"https:\/\/www.parisheure.com\/#website","url":"https:\/\/www.parisheure.com\/","name":"PARIS HEURE","description":"Vintage watches Paris","publisher":{"@id":"https:\/\/www.parisheure.com\/#organization"},"potentialAction":[{"@type":"SearchAction","target":{"@type":"EntryPoint","urlTemplate":"https:\/\/www.parisheure.com\/?s={search_term_string}"},"query-input":{"@type":"PropertyValueSpecification","valueRequired":true,"valueName":"search_term_string"}}],"inLanguage":"en-US"},{"@type":"Organization","@id":"https:\/\/www.parisheure.com\/#organization","name":"PARIS HEURE","url":"https:\/\/www.parisheure.com\/","logo":{"@type":"ImageObject","inLanguage":"en-US","@id":"https:\/\/www.parisheure.com\/#\/schema\/logo\/image\/","url":"https:\/\/www.parisheure.com\/wp-content\/uploads\/2021\/07\/cropped-logo-paris-heure.png","contentUrl":"https:\/\/www.parisheure.com\/wp-content\/uploads\/2021\/07\/cropped-logo-paris-heure.png","width":512,"height":512,"caption":"PARIS HEURE"},"image":{"@id":"https:\/\/www.parisheure.com\/#\/schema\/logo\/image\/"},"sameAs":["https:\/\/www.facebook.com\/ParisHeure","https:\/\/www.instagram.com\/parisheure\/"]}]}},"jetpack_sharing_enabled":true,"brands":[{"id":432,"name":"Rolex","slug":"rolex"}],"_links":{"self":[{"href":"https:\/\/www.parisheure.com\/en\/wp-json\/wp\/v2\/product\/10563","targetHints":{"allow":["GET"]}}],"collection":[{"href":"https:\/\/www.parisheure.com\/en\/wp-json\/wp\/v2\/product"}],"about":[{"href":"https:\/\/www.parisheure.com\/en\/wp-json\/wp\/v2\/types\/product"}],"version-history":[{"count":1,"href":"https:\/\/www.parisheure.com\/en\/wp-json\/wp\/v2\/product\/10563\/revisions"}],"predecessor-version":[{"id":14189,"href":"https:\/\/www.parisheure.com\/en\/wp-json\/wp\/v2\/product\/10563\/revisions\/14189"}],"wp:featuredmedia":[{"embeddable":true,"href":"https:\/\/www.parisheure.com\/en\/wp-json\/wp\/v2\/media\/10588"}],"wp:attachment":[{"href":"https:\/\/www.parisheure.com\/en\/wp-json\/wp\/v2\/media?parent=10563"}],"wp:term":[{"taxonomy":"pwb-brand","embeddable":true,"href":"https:\/\/www.parisheure.com\/en\/wp-json\/wp\/v2\/pwb-brand?post=10563"},{"taxonomy":"product_brand","embeddable":true,"href":"https:\/\/www.parisheure.com\/en\/wp-json\/wp\/v2\/product_brand?post=10563"},{"taxonomy":"product_cat","embeddable":true,"href":"https:\/\/www.parisheure.com\/en\/wp-json\/wp\/v2\/product_cat?post=10563"},{"taxonomy":"product_tag","embeddable":true,"href":"https:\/\/www.parisheure.com\/en\/wp-json\/wp\/v2\/product_tag?post=10563"}],"curies":[{"name":"wp","href":"https:\/\/api.w.org\/{rel}","templated":true}]}}