{"id":10591,"date":"2021-08-04T12:27:42","date_gmt":"2021-08-04T10:27:42","guid":{"rendered":"https:\/\/www.parisheure.com\/?post_type=product&#038;p=10591"},"modified":"2024-10-23T10:38:44","modified_gmt":"2024-10-23T08:38:44","slug":"rolex-gmt-master-pepsi-i-ref-16700-tritium-bp-from-1994","status":"publish","type":"product","link":"https:\/\/www.parisheure.com\/en\/buy-watch\/rolex-gmt-master-pepsi-i-ref-16700-tritium-bp-from-1994\/","title":{"rendered":"ROLEX GMT MASTER PEPSI I REF 16700 TRITIUM B+P from 1994"},"content":{"rendered":"<p style=\"text-align: left;\"><strong><em>Our opinion:\u00a0<\/em><\/strong>La GMT est devenue plus mythique que la Submariner r\u00e9cemment avec une tr\u00e8s longue attente du retour de la lunette Pepsi. Celle-ci a sa sortie cr\u00e9e un effet de sp\u00e9culation \u00e9norme sur toutes les GMT et les collectionneurs les appr\u00e9cient encore plus que par le pass\u00e9. Celle-ci est n\u00e9o vintage version \u00e0 5 chiffres comme on dis dans sa version r\u00e9f\u00e9rence 16700 GMT master I avec sa belle lunette PEPSI et son bracelet acier blind\u00e9. Mod\u00e8le r\u00e9\u00e9dit\u00e9 par Rolex et qui a lanc\u00e9 la nouvelle sp\u00e9culation de la GMT master PEPSI. Un mod\u00e8le vraiment de transition avec sa toute premi\u00e8re version en tritium cadran marqu\u00e9 swiss t&lt;25 et produit uniquement au d\u00e9but de production si belle avec tant de caract\u00e8re, une pi\u00e8ce parfaite pour commencer une collection. La vraie valeur investissement de chez Rolex. De plus que les neuves se revendent encore plus ch\u00e8re que ces mod\u00e8le rare et limit\u00e9e en production. Alors d\u00e9p\u00eachez-vous avant qu\u2019elles explosent en prix et d\u00e9passent les nouvelles !<\/p>","protected":false},"excerpt":{"rendered":"<p><strong><em>Brand:\u00a0 \u00a0<\/em><\/strong>ROLEX<\/p>\n<p><strong><em>Model:\u00a0<\/em><\/strong>GMT-MASTER I<\/p>\n<p><strong><em>Reference:\u00a0<\/em><\/strong>16700<\/p>\n<p><strong><em>Year:\u00a0<\/em><\/strong>1994<\/p>\n<p><strong><em>Serial :\u00a0<\/em><\/strong>S18XXX<\/p>\n<p><strong><em>Bezel:\u00a0<\/em><\/strong>Magnifique insert d\u2019origine serif avec une belle patine Pepsi tr\u00e8s beau assez unique et recherch\u00e9e surtout sur une version avec le verre saphir. Une vraie n\u00e9o vintage.<\/p>\n<p><strong><em>Case:\u00a0<\/em><\/strong>Tr\u00e8s beau boitier tr\u00e8s peu polie tr\u00e8s \u00e9pais et avec des angles parfait, aucun choc ni rayures importantes. Les chanfreins sont encore bien pr\u00e9sents et marqu\u00e9s. Excellent \u00e9tat de conservation du boitier encore tr\u00e8s \u00e9pais.<\/p>\n<p><strong><em>Movement\u00a0:<\/em><\/strong>\u00a0Automatic cal 3175<\/p>\n<p><strong><em>Dial:\u00a0<\/em><\/strong>Beau cadran noir d\u2019origine parfait avec les tous premiers indexes au tritium. Pas de rayures ou taches sur le cadran aiguilles matchant bien la patine des indexs. Tout est d\u2019origine au tritium.<\/p>\n<p><strong><em>Diameter\u00a0:\u00a0<\/em><\/strong>40 MM<\/p>\n<p><strong><em>Bracelet:<\/em><\/strong>: Acier blind\u00e9 78790 endlink 501B\u00a0 peu d\u00e9tendu clasp code d\u2019origine.<\/p>\n<p><strong><em>Accessories:\u00a0<\/em><\/strong>Boite et papiers d\u2019origine perc\u00e9s de 1994.<\/p>","protected":false},"featured_media":10639,"template":"","meta":[],"pwb-brand":[432],"product_brand":[],"product_cat":[107,367,90,247],"product_tag":[196,106,151,336,127,227],"class_list":{"0":"post-10591","1":"product","2":"type-product","3":"status-publish","4":"has-post-thumbnail","6":"pwb-brand-rolex","7":"product_cat-archives","8":"product_cat-montres-paris-heure","9":"product_cat-rolex","10":"product_cat-rolex-gmt-master","11":"product_tag-196","12":"product_tag-full-set","13":"product_tag-gmt-master","14":"product_tag-pepsi","15":"product_tag-rolex","16":"product_tag-tritium","18":"first","19":"outofstock","20":"shipping-taxable","21":"product-type-simple"},"yoast_head":"<!-- This site is optimized with the Yoast SEO plugin v27.5 - https:\/\/yoast.com\/product\/yoast-seo-wordpress\/ -->\n<title>ROLEX GMT MASTER PEPSI I REF 16700 TRITIUM B+P from 1994 &#8226; PARIS HEURE<\/title>\n<meta name=\"description\" content=\"Marque:\u00a0 \u00a0ROLEX  Mod\u00e8le:\u00a0GMT-MASTER I  R\u00e9f\u00e9rence:\u00a016700  Ann\u00e9e:\u00a01994  Serial :\u00a0S18XXX  Lunette\u00a0:\u00a0Magnifique insert d\u2019origine serif avec une belle patine Pepsi tr\u00e8s beau assez unique et recherch\u00e9e surtout sur une version avec le verre saphir. Une vraie n\u00e9o vintage.  Boite:\u00a0Tr\u00e8s beau boitier tr\u00e8s peu polie tr\u00e8s \u00e9pais et avec des angles parfait, aucun choc ni rayures importantes. Les chanfreins sont encore bien pr\u00e9sents et marqu\u00e9s. Excellent \u00e9tat de conservation du boitier encore tr\u00e8s \u00e9pais.  Mouvement\u00a0:\u00a0Automatique cal 3175  Cadran:\u00a0Beau cadran noir d\u2019origine parfait avec les tous premiers indexes au tritium. Pas de rayures ou taches sur le cadran aiguilles matchant bien la patine des indexs. Tout est d\u2019origine au tritium.  Diam\u00e8tre\u00a0:\u00a040 MM  Bracelet: Acier blind\u00e9 78790 endlink 501B\u00a0 peu d\u00e9tendu clasp code d\u2019origine.  Accessoires:\u00a0Boite et papiers d\u2019origine perc\u00e9s de 1994.\" \/>\n<meta name=\"robots\" content=\"index, follow, max-snippet:-1, max-image-preview:large, max-video-preview:-1\" \/>\n<link rel=\"canonical\" href=\"https:\/\/www.parisheure.com\/en\/buy-watch\/rolex-gmt-master-pepsi-i-ref-16700-tritium-bp-from-1994\/\" \/>\n<meta property=\"og:locale\" content=\"en_US\" \/>\n<meta property=\"og:type\" content=\"article\" \/>\n<meta property=\"og:title\" content=\"ROLEX GMT MASTER PEPSI I REF 16700 TRITIUM B+P from 1994 &#8226; PARIS HEURE\" \/>\n<meta property=\"og:description\" content=\"Marque:\u00a0 \u00a0ROLEX  Mod\u00e8le:\u00a0GMT-MASTER I  R\u00e9f\u00e9rence:\u00a016700  Ann\u00e9e:\u00a01994  Serial :\u00a0S18XXX  Lunette\u00a0:\u00a0Magnifique insert d\u2019origine serif avec une belle patine Pepsi tr\u00e8s beau assez unique et recherch\u00e9e surtout sur une version avec le verre saphir. Une vraie n\u00e9o vintage.  Boite:\u00a0Tr\u00e8s beau boitier tr\u00e8s peu polie tr\u00e8s \u00e9pais et avec des angles parfait, aucun choc ni rayures importantes. Les chanfreins sont encore bien pr\u00e9sents et marqu\u00e9s. Excellent \u00e9tat de conservation du boitier encore tr\u00e8s \u00e9pais.  Mouvement\u00a0:\u00a0Automatique cal 3175  Cadran:\u00a0Beau cadran noir d\u2019origine parfait avec les tous premiers indexes au tritium. Pas de rayures ou taches sur le cadran aiguilles matchant bien la patine des indexs. Tout est d\u2019origine au tritium.  Diam\u00e8tre\u00a0:\u00a040 MM  Bracelet: Acier blind\u00e9 78790 endlink 501B\u00a0 peu d\u00e9tendu clasp code d\u2019origine.  Accessoires:\u00a0Boite et papiers d\u2019origine perc\u00e9s de 1994.\" \/>\n<meta property=\"og:url\" content=\"https:\/\/www.parisheure.com\/en\/buy-watch\/rolex-gmt-master-pepsi-i-ref-16700-tritium-bp-from-1994\/\" \/>\n<meta property=\"og:site_name\" content=\"PARIS HEURE\" \/>\n<meta property=\"article:publisher\" content=\"https:\/\/www.facebook.com\/ParisHeure\" \/>\n<meta property=\"article:modified_time\" content=\"2024-10-23T08:38:44+00:00\" \/>\n<meta property=\"og:image\" content=\"https:\/\/www.parisheure.com\/wp-content\/uploads\/2021\/12\/ROLEX-GMT-MASTER-1-REF-16700-FULL-SET-TRITIUM-SERIAL-N\u00b0-S19XXXX-_0017_Calque-7-scaled.jpg\" \/>\n\t<meta property=\"og:image:width\" content=\"2560\" \/>\n\t<meta property=\"og:image:height\" content=\"2560\" \/>\n\t<meta property=\"og:image:type\" content=\"image\/jpeg\" \/>\n<meta name=\"twitter:card\" content=\"summary_large_image\" \/>\n<script type=\"application\/ld+json\" class=\"yoast-schema-graph\">{\"@context\":\"https:\\\/\\\/schema.org\",\"@graph\":[{\"@type\":\"WebPage\",\"@id\":\"https:\\\/\\\/www.parisheure.com\\\/acheter-montre\\\/rolex-gmt-master-pepsi-i-ref-16700-tritium-bp-from-1994\\\/\",\"url\":\"https:\\\/\\\/www.parisheure.com\\\/acheter-montre\\\/rolex-gmt-master-pepsi-i-ref-16700-tritium-bp-from-1994\\\/\",\"name\":\"ROLEX GMT MASTER PEPSI I REF 16700 TRITIUM B+P from 1994 &#8226; PARIS HEURE\",\"isPartOf\":{\"@id\":\"https:\\\/\\\/www.parisheure.com\\\/#website\"},\"primaryImageOfPage\":{\"@id\":\"https:\\\/\\\/www.parisheure.com\\\/acheter-montre\\\/rolex-gmt-master-pepsi-i-ref-16700-tritium-bp-from-1994\\\/#primaryimage\"},\"image\":{\"@id\":\"https:\\\/\\\/www.parisheure.com\\\/acheter-montre\\\/rolex-gmt-master-pepsi-i-ref-16700-tritium-bp-from-1994\\\/#primaryimage\"},\"thumbnailUrl\":\"https:\\\/\\\/www.parisheure.com\\\/wp-content\\\/uploads\\\/2021\\\/12\\\/ROLEX-GMT-MASTER-1-REF-16700-FULL-SET-TRITIUM-SERIAL-N\u00b0-S19XXXX-_0017_Calque-7-scaled.jpg\",\"datePublished\":\"2021-08-04T10:27:42+00:00\",\"dateModified\":\"2024-10-23T08:38:44+00:00\",\"description\":\"Marque:\u00a0 \u00a0ROLEX Mod\u00e8le:\u00a0GMT-MASTER I R\u00e9f\u00e9rence:\u00a016700 Ann\u00e9e:\u00a01994 Serial :\u00a0S18XXX Lunette\u00a0:\u00a0Magnifique insert d\u2019origine serif avec une belle patine Pepsi tr\u00e8s beau assez unique et recherch\u00e9e surtout sur une version avec le verre saphir. Une vraie n\u00e9o vintage. Boite:\u00a0Tr\u00e8s beau boitier tr\u00e8s peu polie tr\u00e8s \u00e9pais et avec des angles parfait, aucun choc ni rayures importantes. Les chanfreins sont encore bien pr\u00e9sents et marqu\u00e9s. Excellent \u00e9tat de conservation du boitier encore tr\u00e8s \u00e9pais. Mouvement\u00a0:\u00a0Automatique cal 3175 Cadran:\u00a0Beau cadran noir d\u2019origine parfait avec les tous premiers indexes au tritium. Pas de rayures ou taches sur le cadran aiguilles matchant bien la patine des indexs. Tout est d\u2019origine au tritium. Diam\u00e8tre\u00a0:\u00a040 MM Bracelet: Acier blind\u00e9 78790 endlink 501B\u00a0 peu d\u00e9tendu clasp code d\u2019origine. Accessoires:\u00a0Boite et papiers d\u2019origine perc\u00e9s de 1994.\",\"breadcrumb\":{\"@id\":\"https:\\\/\\\/www.parisheure.com\\\/acheter-montre\\\/rolex-gmt-master-pepsi-i-ref-16700-tritium-bp-from-1994\\\/#breadcrumb\"},\"inLanguage\":\"en-US\",\"potentialAction\":[{\"@type\":\"ReadAction\",\"target\":[\"https:\\\/\\\/www.parisheure.com\\\/acheter-montre\\\/rolex-gmt-master-pepsi-i-ref-16700-tritium-bp-from-1994\\\/\"]}]},{\"@type\":\"ImageObject\",\"inLanguage\":\"en-US\",\"@id\":\"https:\\\/\\\/www.parisheure.com\\\/acheter-montre\\\/rolex-gmt-master-pepsi-i-ref-16700-tritium-bp-from-1994\\\/#primaryimage\",\"url\":\"https:\\\/\\\/www.parisheure.com\\\/wp-content\\\/uploads\\\/2021\\\/12\\\/ROLEX-GMT-MASTER-1-REF-16700-FULL-SET-TRITIUM-SERIAL-N\u00b0-S19XXXX-_0017_Calque-7-scaled.jpg\",\"contentUrl\":\"https:\\\/\\\/www.parisheure.com\\\/wp-content\\\/uploads\\\/2021\\\/12\\\/ROLEX-GMT-MASTER-1-REF-16700-FULL-SET-TRITIUM-SERIAL-N\u00b0-S19XXXX-_0017_Calque-7-scaled.jpg\",\"width\":2560,\"height\":2560},{\"@type\":\"BreadcrumbList\",\"@id\":\"https:\\\/\\\/www.parisheure.com\\\/acheter-montre\\\/rolex-gmt-master-pepsi-i-ref-16700-tritium-bp-from-1994\\\/#breadcrumb\",\"itemListElement\":[{\"@type\":\"ListItem\",\"position\":1,\"name\":\"Accueil\",\"item\":\"https:\\\/\\\/www.parisheure.com\\\/\"},{\"@type\":\"ListItem\",\"position\":2,\"name\":\"WATCHES\",\"item\":\"https:\\\/\\\/www.parisheure.com\\\/\"},{\"@type\":\"ListItem\",\"position\":3,\"name\":\"ROLEX GMT MASTER PEPSI I REF 16700 TRITIUM B+P from 1994\"}]},{\"@type\":\"WebSite\",\"@id\":\"https:\\\/\\\/www.parisheure.com\\\/#website\",\"url\":\"https:\\\/\\\/www.parisheure.com\\\/\",\"name\":\"PARIS HEURE\",\"description\":\"Vintage watches Paris\",\"publisher\":{\"@id\":\"https:\\\/\\\/www.parisheure.com\\\/#organization\"},\"potentialAction\":[{\"@type\":\"SearchAction\",\"target\":{\"@type\":\"EntryPoint\",\"urlTemplate\":\"https:\\\/\\\/www.parisheure.com\\\/?s={search_term_string}\"},\"query-input\":{\"@type\":\"PropertyValueSpecification\",\"valueRequired\":true,\"valueName\":\"search_term_string\"}}],\"inLanguage\":\"en-US\"},{\"@type\":\"Organization\",\"@id\":\"https:\\\/\\\/www.parisheure.com\\\/#organization\",\"name\":\"PARIS HEURE\",\"url\":\"https:\\\/\\\/www.parisheure.com\\\/\",\"logo\":{\"@type\":\"ImageObject\",\"inLanguage\":\"en-US\",\"@id\":\"https:\\\/\\\/www.parisheure.com\\\/#\\\/schema\\\/logo\\\/image\\\/\",\"url\":\"https:\\\/\\\/www.parisheure.com\\\/wp-content\\\/uploads\\\/2021\\\/07\\\/cropped-logo-paris-heure.png\",\"contentUrl\":\"https:\\\/\\\/www.parisheure.com\\\/wp-content\\\/uploads\\\/2021\\\/07\\\/cropped-logo-paris-heure.png\",\"width\":512,\"height\":512,\"caption\":\"PARIS HEURE\"},\"image\":{\"@id\":\"https:\\\/\\\/www.parisheure.com\\\/#\\\/schema\\\/logo\\\/image\\\/\"},\"sameAs\":[\"https:\\\/\\\/www.facebook.com\\\/ParisHeure\",\"https:\\\/\\\/www.instagram.com\\\/parisheure\\\/\"]}]}<\/script>\n<!-- \/ Yoast SEO plugin. -->","yoast_head_json":{"title":"ROLEX GMT MASTER PEPSI I REF 16700 TRITIUM B+P from 1994 \u2022 PARIS HEURE","description":"Marque:\u00a0 \u00a0ROLEX  Mod\u00e8le:\u00a0GMT-MASTER I  R\u00e9f\u00e9rence:\u00a016700  Ann\u00e9e:\u00a01994  Serial :\u00a0S18XXX  Lunette\u00a0:\u00a0Magnifique insert d\u2019origine serif avec une belle patine Pepsi tr\u00e8s beau assez unique et recherch\u00e9e surtout sur une version avec le verre saphir. Une vraie n\u00e9o vintage.  Boite:\u00a0Tr\u00e8s beau boitier tr\u00e8s peu polie tr\u00e8s \u00e9pais et avec des angles parfait, aucun choc ni rayures importantes. Les chanfreins sont encore bien pr\u00e9sents et marqu\u00e9s. Excellent \u00e9tat de conservation du boitier encore tr\u00e8s \u00e9pais.  Mouvement\u00a0:\u00a0Automatique cal 3175  Cadran:\u00a0Beau cadran noir d\u2019origine parfait avec les tous premiers indexes au tritium. Pas de rayures ou taches sur le cadran aiguilles matchant bien la patine des indexs. Tout est d\u2019origine au tritium.  Diam\u00e8tre\u00a0:\u00a040 MM  Bracelet: Acier blind\u00e9 78790 endlink 501B\u00a0 peu d\u00e9tendu clasp code d\u2019origine.  Accessoires:\u00a0Boite et papiers d\u2019origine perc\u00e9s de 1994.","robots":{"index":"index","follow":"follow","max-snippet":"max-snippet:-1","max-image-preview":"max-image-preview:large","max-video-preview":"max-video-preview:-1"},"canonical":"https:\/\/www.parisheure.com\/en\/buy-watch\/rolex-gmt-master-pepsi-i-ref-16700-tritium-bp-from-1994\/","og_locale":"en_US","og_type":"article","og_title":"ROLEX GMT MASTER PEPSI I REF 16700 TRITIUM B+P from 1994 &#8226; PARIS HEURE","og_description":"Marque:\u00a0 \u00a0ROLEX  Mod\u00e8le:\u00a0GMT-MASTER I  R\u00e9f\u00e9rence:\u00a016700  Ann\u00e9e:\u00a01994  Serial :\u00a0S18XXX  Lunette\u00a0:\u00a0Magnifique insert d\u2019origine serif avec une belle patine Pepsi tr\u00e8s beau assez unique et recherch\u00e9e surtout sur une version avec le verre saphir. Une vraie n\u00e9o vintage.  Boite:\u00a0Tr\u00e8s beau boitier tr\u00e8s peu polie tr\u00e8s \u00e9pais et avec des angles parfait, aucun choc ni rayures importantes. Les chanfreins sont encore bien pr\u00e9sents et marqu\u00e9s. Excellent \u00e9tat de conservation du boitier encore tr\u00e8s \u00e9pais.  Mouvement\u00a0:\u00a0Automatique cal 3175  Cadran:\u00a0Beau cadran noir d\u2019origine parfait avec les tous premiers indexes au tritium. Pas de rayures ou taches sur le cadran aiguilles matchant bien la patine des indexs. Tout est d\u2019origine au tritium.  Diam\u00e8tre\u00a0:\u00a040 MM  Bracelet: Acier blind\u00e9 78790 endlink 501B\u00a0 peu d\u00e9tendu clasp code d\u2019origine.  Accessoires:\u00a0Boite et papiers d\u2019origine perc\u00e9s de 1994.","og_url":"https:\/\/www.parisheure.com\/en\/buy-watch\/rolex-gmt-master-pepsi-i-ref-16700-tritium-bp-from-1994\/","og_site_name":"PARIS HEURE","article_publisher":"https:\/\/www.facebook.com\/ParisHeure","article_modified_time":"2024-10-23T08:38:44+00:00","og_image":[{"width":2560,"height":2560,"url":"https:\/\/www.parisheure.com\/wp-content\/uploads\/2021\/12\/ROLEX-GMT-MASTER-1-REF-16700-FULL-SET-TRITIUM-SERIAL-N\u00b0-S19XXXX-_0017_Calque-7-scaled.jpg","type":"image\/jpeg"}],"twitter_card":"summary_large_image","schema":{"@context":"https:\/\/schema.org","@graph":[{"@type":"WebPage","@id":"https:\/\/www.parisheure.com\/acheter-montre\/rolex-gmt-master-pepsi-i-ref-16700-tritium-bp-from-1994\/","url":"https:\/\/www.parisheure.com\/acheter-montre\/rolex-gmt-master-pepsi-i-ref-16700-tritium-bp-from-1994\/","name":"ROLEX GMT MASTER PEPSI I REF 16700 TRITIUM B+P from 1994 \u2022 PARIS HEURE","isPartOf":{"@id":"https:\/\/www.parisheure.com\/#website"},"primaryImageOfPage":{"@id":"https:\/\/www.parisheure.com\/acheter-montre\/rolex-gmt-master-pepsi-i-ref-16700-tritium-bp-from-1994\/#primaryimage"},"image":{"@id":"https:\/\/www.parisheure.com\/acheter-montre\/rolex-gmt-master-pepsi-i-ref-16700-tritium-bp-from-1994\/#primaryimage"},"thumbnailUrl":"https:\/\/www.parisheure.com\/wp-content\/uploads\/2021\/12\/ROLEX-GMT-MASTER-1-REF-16700-FULL-SET-TRITIUM-SERIAL-N\u00b0-S19XXXX-_0017_Calque-7-scaled.jpg","datePublished":"2021-08-04T10:27:42+00:00","dateModified":"2024-10-23T08:38:44+00:00","description":"Marque:\u00a0 \u00a0ROLEX Mod\u00e8le:\u00a0GMT-MASTER I R\u00e9f\u00e9rence:\u00a016700 Ann\u00e9e:\u00a01994 Serial :\u00a0S18XXX Lunette\u00a0:\u00a0Magnifique insert d\u2019origine serif avec une belle patine Pepsi tr\u00e8s beau assez unique et recherch\u00e9e surtout sur une version avec le verre saphir. Une vraie n\u00e9o vintage. Boite:\u00a0Tr\u00e8s beau boitier tr\u00e8s peu polie tr\u00e8s \u00e9pais et avec des angles parfait, aucun choc ni rayures importantes. Les chanfreins sont encore bien pr\u00e9sents et marqu\u00e9s. Excellent \u00e9tat de conservation du boitier encore tr\u00e8s \u00e9pais. Mouvement\u00a0:\u00a0Automatique cal 3175 Cadran:\u00a0Beau cadran noir d\u2019origine parfait avec les tous premiers indexes au tritium. Pas de rayures ou taches sur le cadran aiguilles matchant bien la patine des indexs. Tout est d\u2019origine au tritium. Diam\u00e8tre\u00a0:\u00a040 MM Bracelet: Acier blind\u00e9 78790 endlink 501B\u00a0 peu d\u00e9tendu clasp code d\u2019origine. Accessoires:\u00a0Boite et papiers d\u2019origine perc\u00e9s de 1994.","breadcrumb":{"@id":"https:\/\/www.parisheure.com\/acheter-montre\/rolex-gmt-master-pepsi-i-ref-16700-tritium-bp-from-1994\/#breadcrumb"},"inLanguage":"en-US","potentialAction":[{"@type":"ReadAction","target":["https:\/\/www.parisheure.com\/acheter-montre\/rolex-gmt-master-pepsi-i-ref-16700-tritium-bp-from-1994\/"]}]},{"@type":"ImageObject","inLanguage":"en-US","@id":"https:\/\/www.parisheure.com\/acheter-montre\/rolex-gmt-master-pepsi-i-ref-16700-tritium-bp-from-1994\/#primaryimage","url":"https:\/\/www.parisheure.com\/wp-content\/uploads\/2021\/12\/ROLEX-GMT-MASTER-1-REF-16700-FULL-SET-TRITIUM-SERIAL-N\u00b0-S19XXXX-_0017_Calque-7-scaled.jpg","contentUrl":"https:\/\/www.parisheure.com\/wp-content\/uploads\/2021\/12\/ROLEX-GMT-MASTER-1-REF-16700-FULL-SET-TRITIUM-SERIAL-N\u00b0-S19XXXX-_0017_Calque-7-scaled.jpg","width":2560,"height":2560},{"@type":"BreadcrumbList","@id":"https:\/\/www.parisheure.com\/acheter-montre\/rolex-gmt-master-pepsi-i-ref-16700-tritium-bp-from-1994\/#breadcrumb","itemListElement":[{"@type":"ListItem","position":1,"name":"Accueil","item":"https:\/\/www.parisheure.com\/"},{"@type":"ListItem","position":2,"name":"WATCHES","item":"https:\/\/www.parisheure.com\/"},{"@type":"ListItem","position":3,"name":"ROLEX GMT MASTER PEPSI I REF 16700 TRITIUM B+P from 1994"}]},{"@type":"WebSite","@id":"https:\/\/www.parisheure.com\/#website","url":"https:\/\/www.parisheure.com\/","name":"PARIS HEURE","description":"Vintage watches Paris","publisher":{"@id":"https:\/\/www.parisheure.com\/#organization"},"potentialAction":[{"@type":"SearchAction","target":{"@type":"EntryPoint","urlTemplate":"https:\/\/www.parisheure.com\/?s={search_term_string}"},"query-input":{"@type":"PropertyValueSpecification","valueRequired":true,"valueName":"search_term_string"}}],"inLanguage":"en-US"},{"@type":"Organization","@id":"https:\/\/www.parisheure.com\/#organization","name":"PARIS HEURE","url":"https:\/\/www.parisheure.com\/","logo":{"@type":"ImageObject","inLanguage":"en-US","@id":"https:\/\/www.parisheure.com\/#\/schema\/logo\/image\/","url":"https:\/\/www.parisheure.com\/wp-content\/uploads\/2021\/07\/cropped-logo-paris-heure.png","contentUrl":"https:\/\/www.parisheure.com\/wp-content\/uploads\/2021\/07\/cropped-logo-paris-heure.png","width":512,"height":512,"caption":"PARIS HEURE"},"image":{"@id":"https:\/\/www.parisheure.com\/#\/schema\/logo\/image\/"},"sameAs":["https:\/\/www.facebook.com\/ParisHeure","https:\/\/www.instagram.com\/parisheure\/"]}]}},"jetpack_sharing_enabled":true,"brands":[{"id":432,"name":"Rolex","slug":"rolex"}],"_links":{"self":[{"href":"https:\/\/www.parisheure.com\/en\/wp-json\/wp\/v2\/product\/10591","targetHints":{"allow":["GET"]}}],"collection":[{"href":"https:\/\/www.parisheure.com\/en\/wp-json\/wp\/v2\/product"}],"about":[{"href":"https:\/\/www.parisheure.com\/en\/wp-json\/wp\/v2\/types\/product"}],"version-history":[{"count":1,"href":"https:\/\/www.parisheure.com\/en\/wp-json\/wp\/v2\/product\/10591\/revisions"}],"predecessor-version":[{"id":14203,"href":"https:\/\/www.parisheure.com\/en\/wp-json\/wp\/v2\/product\/10591\/revisions\/14203"}],"wp:featuredmedia":[{"embeddable":true,"href":"https:\/\/www.parisheure.com\/en\/wp-json\/wp\/v2\/media\/10639"}],"wp:attachment":[{"href":"https:\/\/www.parisheure.com\/en\/wp-json\/wp\/v2\/media?parent=10591"}],"wp:term":[{"taxonomy":"pwb-brand","embeddable":true,"href":"https:\/\/www.parisheure.com\/en\/wp-json\/wp\/v2\/pwb-brand?post=10591"},{"taxonomy":"product_brand","embeddable":true,"href":"https:\/\/www.parisheure.com\/en\/wp-json\/wp\/v2\/product_brand?post=10591"},{"taxonomy":"product_cat","embeddable":true,"href":"https:\/\/www.parisheure.com\/en\/wp-json\/wp\/v2\/product_cat?post=10591"},{"taxonomy":"product_tag","embeddable":true,"href":"https:\/\/www.parisheure.com\/en\/wp-json\/wp\/v2\/product_tag?post=10591"}],"curies":[{"name":"wp","href":"https:\/\/api.w.org\/{rel}","templated":true}]}}