{"id":10641,"date":"2021-08-04T12:27:39","date_gmt":"2021-08-04T10:27:39","guid":{"rendered":"https:\/\/www.parisheure.com\/?post_type=product&#038;p=10641"},"modified":"2024-10-23T10:30:51","modified_gmt":"2024-10-23T08:30:51","slug":"audemars-piguet-royal-oak-chrono-kasparov-ref-25860-st-silver-from-1990s","status":"publish","type":"product","link":"https:\/\/www.parisheure.com\/en\/buy-watch\/audemars-piguet-royal-oak-chrono-kasparov-ref-25860-st-silver-from-1990s\/","title":{"rendered":"AUDEMARS PIGUET ROYAL OAK KASPAROV REF 25860 SILVER From 1990's"},"content":{"rendered":"<p><strong>Our opinion:<\/strong> Les Royal Oak ont plus que la cote r\u00e9cemment et explosent les records depuis quelques mois. De plus, on f\u00eate les 50 ans du mod\u00e8le cette ann\u00e9e avec beaucoup d\u2019\u00e9v\u00e8nements promotionnels qui se pr\u00e9parent. Alors saisissez l\u2019opportunit\u00e9 d\u2019en obtenir une plus produites depuis quelques ann\u00e9es une vraie n\u00e9o vintage, avec un cadran grande tapisserie magnifique et si particulier avec tant de caract\u00e8re au poignet. Dans sa taille jumbo originelle des ann\u00e9es 90 en 39mm.Tr\u00e8s bel exemplaire.<\/p>\n<p>&nbsp;<\/p>","protected":false},"excerpt":{"rendered":"<p><strong>Brand:<\/strong>\u00a0Audemars Piguet<\/p>\n<p><strong>Model:<\/strong>\u00a0Royal oak Kasparov<\/p>\n<p><strong>Reference:<\/strong>\u00a025860ST<\/p>\n<p><strong>Year:<\/strong>\u00a01990\u2019s<\/p>\n<p><strong>Serial :<\/strong>\u00a0421X<\/p>\n<p><strong>Case:<\/strong>\u00a0Beau boitier de 39MM pas trop polie en bel \u00e9tat de conservation. Les angles restent bien pr\u00e9sents et l\u2019ensemble reste homog\u00e8ne. Lunette en bon \u00e9tat. Belle \u00e9paisseur du boitier.<\/p>\n<p><strong>Dial:<\/strong>\u00a0Beau cadran silver blanc d\u2019origine en parfaite avec sa grande tapisserie et une belle couleur brillante encore bien pr\u00e9sente.<\/p>\n<p><strong>Bracelet:<\/strong>\u00a0D\u2019origine avec un maillon suppl\u00e9mentaire pas trop d\u00e9tendu par le temps.<\/p>\n<p><strong>Accessories:<\/strong>\u00a0Certificat des archives et boite AP<\/p>\n<h3><strong>ON HOLD<\/strong><\/h3>","protected":false},"featured_media":10659,"template":"","meta":[],"pwb-brand":[432],"product_brand":[],"product_cat":[107,267,367],"product_tag":[290,228,103,100,291,104,221],"class_list":{"0":"post-10641","1":"product","2":"type-product","3":"status-publish","4":"has-post-thumbnail","6":"pwb-brand-rolex","7":"product_cat-archives","8":"product_cat-audemars-piguet","9":"product_cat-montres-paris-heure","10":"product_tag-290","11":"product_tag-archives","12":"product_tag-audemars-piguet","13":"product_tag-chrono","14":"product_tag-kasparov","15":"product_tag-royal-oak","16":"product_tag-silver-dial","18":"first","19":"outofstock","20":"shipping-taxable","21":"product-type-simple"},"yoast_head":"<!-- This site is optimized with the Yoast SEO plugin v27.5 - https:\/\/yoast.com\/product\/yoast-seo-wordpress\/ -->\n<title>AUDEMARS PIGUET ROYAL OAK KASPAROV REF 25860 SILVER From 1990\u2019s &#8226; PARIS HEURE<\/title>\n<meta name=\"description\" content=\"Marque:\u00a0Audemars Piguet  Mod\u00e8le:\u00a0Royal oak Kasparov  R\u00e9f\u00e9rence:\u00a025860ST  Ann\u00e9e:\u00a01990\u2019s  Serial :\u00a0421X  Boite:\u00a0Beau boitier de 39MM pas trop polie en bel \u00e9tat de conservation. Les angles restent bien pr\u00e9sents et l\u2019ensemble reste homog\u00e8ne. Lunette en bon \u00e9tat. Belle \u00e9paisseur du boitier.  Cadran:\u00a0Beau cadran silver blanc d\u2019origine en parfaite avec sa grande tapisserie et une belle couleur brillante encore bien pr\u00e9sente.  Bracelet:\u00a0D\u2019origine avec un maillon suppl\u00e9mentaire pas trop d\u00e9tendu par le temps.  Accessoires:\u00a0Certificat des archives et boite AP RESERVEE\" \/>\n<meta name=\"robots\" content=\"index, follow, max-snippet:-1, max-image-preview:large, max-video-preview:-1\" \/>\n<link rel=\"canonical\" href=\"https:\/\/www.parisheure.com\/en\/buy-watch\/audemars-piguet-royal-oak-chrono-kasparov-ref-25860-st-silver-from-1990s\/\" \/>\n<meta property=\"og:locale\" content=\"en_US\" \/>\n<meta property=\"og:type\" content=\"article\" \/>\n<meta property=\"og:title\" content=\"AUDEMARS PIGUET ROYAL OAK KASPAROV REF 25860 SILVER From 1990\u2019s &#8226; PARIS HEURE\" \/>\n<meta property=\"og:description\" content=\"Marque:\u00a0Audemars Piguet  Mod\u00e8le:\u00a0Royal oak Kasparov  R\u00e9f\u00e9rence:\u00a025860ST  Ann\u00e9e:\u00a01990\u2019s  Serial :\u00a0421X  Boite:\u00a0Beau boitier de 39MM pas trop polie en bel \u00e9tat de conservation. Les angles restent bien pr\u00e9sents et l\u2019ensemble reste homog\u00e8ne. Lunette en bon \u00e9tat. Belle \u00e9paisseur du boitier.  Cadran:\u00a0Beau cadran silver blanc d\u2019origine en parfaite avec sa grande tapisserie et une belle couleur brillante encore bien pr\u00e9sente.  Bracelet:\u00a0D\u2019origine avec un maillon suppl\u00e9mentaire pas trop d\u00e9tendu par le temps.  Accessoires:\u00a0Certificat des archives et boite AP RESERVEE\" \/>\n<meta property=\"og:url\" content=\"https:\/\/www.parisheure.com\/en\/buy-watch\/audemars-piguet-royal-oak-chrono-kasparov-ref-25860-st-silver-from-1990s\/\" \/>\n<meta property=\"og:site_name\" content=\"PARIS HEURE\" \/>\n<meta property=\"article:publisher\" content=\"https:\/\/www.facebook.com\/ParisHeure\" \/>\n<meta property=\"article:modified_time\" content=\"2024-10-23T08:30:51+00:00\" \/>\n<meta property=\"og:image\" content=\"https:\/\/www.parisheure.com\/wp-content\/uploads\/2022\/01\/AUDEMARS-PIGUET-ROYAL-OAK-CHRONO-REF-28860ST-SILVER-DIAL-ARCHIVES-BOITE-N\u00b0-E73XXX-42XX_-470XXX_0016_Calque-3-scaled.jpg\" \/>\n\t<meta property=\"og:image:width\" content=\"2560\" \/>\n\t<meta property=\"og:image:height\" content=\"2560\" \/>\n\t<meta property=\"og:image:type\" content=\"image\/jpeg\" \/>\n<meta name=\"twitter:card\" content=\"summary_large_image\" \/>\n<script type=\"application\/ld+json\" class=\"yoast-schema-graph\">{\"@context\":\"https:\\\/\\\/schema.org\",\"@graph\":[{\"@type\":\"WebPage\",\"@id\":\"https:\\\/\\\/www.parisheure.com\\\/acheter-montre\\\/audemars-piguet-royal-oak-chrono-kasparov-ref-25860-st-silver-from-1990s\\\/\",\"url\":\"https:\\\/\\\/www.parisheure.com\\\/acheter-montre\\\/audemars-piguet-royal-oak-chrono-kasparov-ref-25860-st-silver-from-1990s\\\/\",\"name\":\"AUDEMARS PIGUET ROYAL OAK KASPAROV REF 25860 SILVER From 1990\u2019s &#8226; PARIS HEURE\",\"isPartOf\":{\"@id\":\"https:\\\/\\\/www.parisheure.com\\\/#website\"},\"primaryImageOfPage\":{\"@id\":\"https:\\\/\\\/www.parisheure.com\\\/acheter-montre\\\/audemars-piguet-royal-oak-chrono-kasparov-ref-25860-st-silver-from-1990s\\\/#primaryimage\"},\"image\":{\"@id\":\"https:\\\/\\\/www.parisheure.com\\\/acheter-montre\\\/audemars-piguet-royal-oak-chrono-kasparov-ref-25860-st-silver-from-1990s\\\/#primaryimage\"},\"thumbnailUrl\":\"https:\\\/\\\/www.parisheure.com\\\/wp-content\\\/uploads\\\/2022\\\/01\\\/AUDEMARS-PIGUET-ROYAL-OAK-CHRONO-REF-28860ST-SILVER-DIAL-ARCHIVES-BOITE-N\u00b0-E73XXX-42XX_-470XXX_0016_Calque-3-scaled.jpg\",\"datePublished\":\"2021-08-04T10:27:39+00:00\",\"dateModified\":\"2024-10-23T08:30:51+00:00\",\"description\":\"Marque:\u00a0Audemars Piguet Mod\u00e8le:\u00a0Royal oak Kasparov R\u00e9f\u00e9rence:\u00a025860ST Ann\u00e9e:\u00a01990\u2019s Serial :\u00a0421X Boite:\u00a0Beau boitier de 39MM pas trop polie en bel \u00e9tat de conservation. Les angles restent bien pr\u00e9sents et l\u2019ensemble reste homog\u00e8ne. Lunette en bon \u00e9tat. Belle \u00e9paisseur du boitier. Cadran:\u00a0Beau cadran silver blanc d\u2019origine en parfaite avec sa grande tapisserie et une belle couleur brillante encore bien pr\u00e9sente. Bracelet:\u00a0D\u2019origine avec un maillon suppl\u00e9mentaire pas trop d\u00e9tendu par le temps. Accessoires:\u00a0Certificat des archives et boite AP RESERVEE\",\"breadcrumb\":{\"@id\":\"https:\\\/\\\/www.parisheure.com\\\/acheter-montre\\\/audemars-piguet-royal-oak-chrono-kasparov-ref-25860-st-silver-from-1990s\\\/#breadcrumb\"},\"inLanguage\":\"en-US\",\"potentialAction\":[{\"@type\":\"ReadAction\",\"target\":[\"https:\\\/\\\/www.parisheure.com\\\/acheter-montre\\\/audemars-piguet-royal-oak-chrono-kasparov-ref-25860-st-silver-from-1990s\\\/\"]}]},{\"@type\":\"ImageObject\",\"inLanguage\":\"en-US\",\"@id\":\"https:\\\/\\\/www.parisheure.com\\\/acheter-montre\\\/audemars-piguet-royal-oak-chrono-kasparov-ref-25860-st-silver-from-1990s\\\/#primaryimage\",\"url\":\"https:\\\/\\\/www.parisheure.com\\\/wp-content\\\/uploads\\\/2022\\\/01\\\/AUDEMARS-PIGUET-ROYAL-OAK-CHRONO-REF-28860ST-SILVER-DIAL-ARCHIVES-BOITE-N\u00b0-E73XXX-42XX_-470XXX_0016_Calque-3-scaled.jpg\",\"contentUrl\":\"https:\\\/\\\/www.parisheure.com\\\/wp-content\\\/uploads\\\/2022\\\/01\\\/AUDEMARS-PIGUET-ROYAL-OAK-CHRONO-REF-28860ST-SILVER-DIAL-ARCHIVES-BOITE-N\u00b0-E73XXX-42XX_-470XXX_0016_Calque-3-scaled.jpg\",\"width\":2560,\"height\":2560},{\"@type\":\"BreadcrumbList\",\"@id\":\"https:\\\/\\\/www.parisheure.com\\\/acheter-montre\\\/audemars-piguet-royal-oak-chrono-kasparov-ref-25860-st-silver-from-1990s\\\/#breadcrumb\",\"itemListElement\":[{\"@type\":\"ListItem\",\"position\":1,\"name\":\"Accueil\",\"item\":\"https:\\\/\\\/www.parisheure.com\\\/\"},{\"@type\":\"ListItem\",\"position\":2,\"name\":\"WATCHES\",\"item\":\"https:\\\/\\\/www.parisheure.com\\\/\"},{\"@type\":\"ListItem\",\"position\":3,\"name\":\"AUDEMARS PIGUET ROYAL OAK KASPAROV REF 25860 SILVER From 1990\u2019s\"}]},{\"@type\":\"WebSite\",\"@id\":\"https:\\\/\\\/www.parisheure.com\\\/#website\",\"url\":\"https:\\\/\\\/www.parisheure.com\\\/\",\"name\":\"PARIS HEURE\",\"description\":\"Vintage watches Paris\",\"publisher\":{\"@id\":\"https:\\\/\\\/www.parisheure.com\\\/#organization\"},\"potentialAction\":[{\"@type\":\"SearchAction\",\"target\":{\"@type\":\"EntryPoint\",\"urlTemplate\":\"https:\\\/\\\/www.parisheure.com\\\/?s={search_term_string}\"},\"query-input\":{\"@type\":\"PropertyValueSpecification\",\"valueRequired\":true,\"valueName\":\"search_term_string\"}}],\"inLanguage\":\"en-US\"},{\"@type\":\"Organization\",\"@id\":\"https:\\\/\\\/www.parisheure.com\\\/#organization\",\"name\":\"PARIS HEURE\",\"url\":\"https:\\\/\\\/www.parisheure.com\\\/\",\"logo\":{\"@type\":\"ImageObject\",\"inLanguage\":\"en-US\",\"@id\":\"https:\\\/\\\/www.parisheure.com\\\/#\\\/schema\\\/logo\\\/image\\\/\",\"url\":\"https:\\\/\\\/www.parisheure.com\\\/wp-content\\\/uploads\\\/2021\\\/07\\\/cropped-logo-paris-heure.png\",\"contentUrl\":\"https:\\\/\\\/www.parisheure.com\\\/wp-content\\\/uploads\\\/2021\\\/07\\\/cropped-logo-paris-heure.png\",\"width\":512,\"height\":512,\"caption\":\"PARIS HEURE\"},\"image\":{\"@id\":\"https:\\\/\\\/www.parisheure.com\\\/#\\\/schema\\\/logo\\\/image\\\/\"},\"sameAs\":[\"https:\\\/\\\/www.facebook.com\\\/ParisHeure\",\"https:\\\/\\\/www.instagram.com\\\/parisheure\\\/\"]}]}<\/script>\n<!-- \/ Yoast SEO plugin. -->","yoast_head_json":{"title":"AUDEMARS PIGUET ROYAL OAK KASPAROV REF 25860 SILVER From 1990\u2019s \u2022 PARIS HEURE","description":"Marque:\u00a0Audemars Piguet  Mod\u00e8le:\u00a0Royal oak Kasparov  R\u00e9f\u00e9rence:\u00a025860ST  Ann\u00e9e:\u00a01990\u2019s  Serial :\u00a0421X  Boite:\u00a0Beau boitier de 39MM pas trop polie en bel \u00e9tat de conservation. Les angles restent bien pr\u00e9sents et l\u2019ensemble reste homog\u00e8ne. Lunette en bon \u00e9tat. Belle \u00e9paisseur du boitier.  Cadran:\u00a0Beau cadran silver blanc d\u2019origine en parfaite avec sa grande tapisserie et une belle couleur brillante encore bien pr\u00e9sente.  Bracelet:\u00a0D\u2019origine avec un maillon suppl\u00e9mentaire pas trop d\u00e9tendu par le temps.  Accessoires:\u00a0Certificat des archives et boite AP RESERVEE","robots":{"index":"index","follow":"follow","max-snippet":"max-snippet:-1","max-image-preview":"max-image-preview:large","max-video-preview":"max-video-preview:-1"},"canonical":"https:\/\/www.parisheure.com\/en\/buy-watch\/audemars-piguet-royal-oak-chrono-kasparov-ref-25860-st-silver-from-1990s\/","og_locale":"en_US","og_type":"article","og_title":"AUDEMARS PIGUET ROYAL OAK KASPAROV REF 25860 SILVER From 1990\u2019s &#8226; PARIS HEURE","og_description":"Marque:\u00a0Audemars Piguet  Mod\u00e8le:\u00a0Royal oak Kasparov  R\u00e9f\u00e9rence:\u00a025860ST  Ann\u00e9e:\u00a01990\u2019s  Serial :\u00a0421X  Boite:\u00a0Beau boitier de 39MM pas trop polie en bel \u00e9tat de conservation. Les angles restent bien pr\u00e9sents et l\u2019ensemble reste homog\u00e8ne. Lunette en bon \u00e9tat. Belle \u00e9paisseur du boitier.  Cadran:\u00a0Beau cadran silver blanc d\u2019origine en parfaite avec sa grande tapisserie et une belle couleur brillante encore bien pr\u00e9sente.  Bracelet:\u00a0D\u2019origine avec un maillon suppl\u00e9mentaire pas trop d\u00e9tendu par le temps.  Accessoires:\u00a0Certificat des archives et boite AP RESERVEE","og_url":"https:\/\/www.parisheure.com\/en\/buy-watch\/audemars-piguet-royal-oak-chrono-kasparov-ref-25860-st-silver-from-1990s\/","og_site_name":"PARIS HEURE","article_publisher":"https:\/\/www.facebook.com\/ParisHeure","article_modified_time":"2024-10-23T08:30:51+00:00","og_image":[{"width":2560,"height":2560,"url":"https:\/\/www.parisheure.com\/wp-content\/uploads\/2022\/01\/AUDEMARS-PIGUET-ROYAL-OAK-CHRONO-REF-28860ST-SILVER-DIAL-ARCHIVES-BOITE-N\u00b0-E73XXX-42XX_-470XXX_0016_Calque-3-scaled.jpg","type":"image\/jpeg"}],"twitter_card":"summary_large_image","schema":{"@context":"https:\/\/schema.org","@graph":[{"@type":"WebPage","@id":"https:\/\/www.parisheure.com\/acheter-montre\/audemars-piguet-royal-oak-chrono-kasparov-ref-25860-st-silver-from-1990s\/","url":"https:\/\/www.parisheure.com\/acheter-montre\/audemars-piguet-royal-oak-chrono-kasparov-ref-25860-st-silver-from-1990s\/","name":"AUDEMARS PIGUET ROYAL OAK KASPAROV REF 25860 SILVER From 1990\u2019s \u2022 PARIS HEURE","isPartOf":{"@id":"https:\/\/www.parisheure.com\/#website"},"primaryImageOfPage":{"@id":"https:\/\/www.parisheure.com\/acheter-montre\/audemars-piguet-royal-oak-chrono-kasparov-ref-25860-st-silver-from-1990s\/#primaryimage"},"image":{"@id":"https:\/\/www.parisheure.com\/acheter-montre\/audemars-piguet-royal-oak-chrono-kasparov-ref-25860-st-silver-from-1990s\/#primaryimage"},"thumbnailUrl":"https:\/\/www.parisheure.com\/wp-content\/uploads\/2022\/01\/AUDEMARS-PIGUET-ROYAL-OAK-CHRONO-REF-28860ST-SILVER-DIAL-ARCHIVES-BOITE-N\u00b0-E73XXX-42XX_-470XXX_0016_Calque-3-scaled.jpg","datePublished":"2021-08-04T10:27:39+00:00","dateModified":"2024-10-23T08:30:51+00:00","description":"Marque:\u00a0Audemars Piguet Mod\u00e8le:\u00a0Royal oak Kasparov R\u00e9f\u00e9rence:\u00a025860ST Ann\u00e9e:\u00a01990\u2019s Serial :\u00a0421X Boite:\u00a0Beau boitier de 39MM pas trop polie en bel \u00e9tat de conservation. Les angles restent bien pr\u00e9sents et l\u2019ensemble reste homog\u00e8ne. Lunette en bon \u00e9tat. Belle \u00e9paisseur du boitier. Cadran:\u00a0Beau cadran silver blanc d\u2019origine en parfaite avec sa grande tapisserie et une belle couleur brillante encore bien pr\u00e9sente. Bracelet:\u00a0D\u2019origine avec un maillon suppl\u00e9mentaire pas trop d\u00e9tendu par le temps. Accessoires:\u00a0Certificat des archives et boite AP RESERVEE","breadcrumb":{"@id":"https:\/\/www.parisheure.com\/acheter-montre\/audemars-piguet-royal-oak-chrono-kasparov-ref-25860-st-silver-from-1990s\/#breadcrumb"},"inLanguage":"en-US","potentialAction":[{"@type":"ReadAction","target":["https:\/\/www.parisheure.com\/acheter-montre\/audemars-piguet-royal-oak-chrono-kasparov-ref-25860-st-silver-from-1990s\/"]}]},{"@type":"ImageObject","inLanguage":"en-US","@id":"https:\/\/www.parisheure.com\/acheter-montre\/audemars-piguet-royal-oak-chrono-kasparov-ref-25860-st-silver-from-1990s\/#primaryimage","url":"https:\/\/www.parisheure.com\/wp-content\/uploads\/2022\/01\/AUDEMARS-PIGUET-ROYAL-OAK-CHRONO-REF-28860ST-SILVER-DIAL-ARCHIVES-BOITE-N\u00b0-E73XXX-42XX_-470XXX_0016_Calque-3-scaled.jpg","contentUrl":"https:\/\/www.parisheure.com\/wp-content\/uploads\/2022\/01\/AUDEMARS-PIGUET-ROYAL-OAK-CHRONO-REF-28860ST-SILVER-DIAL-ARCHIVES-BOITE-N\u00b0-E73XXX-42XX_-470XXX_0016_Calque-3-scaled.jpg","width":2560,"height":2560},{"@type":"BreadcrumbList","@id":"https:\/\/www.parisheure.com\/acheter-montre\/audemars-piguet-royal-oak-chrono-kasparov-ref-25860-st-silver-from-1990s\/#breadcrumb","itemListElement":[{"@type":"ListItem","position":1,"name":"Accueil","item":"https:\/\/www.parisheure.com\/"},{"@type":"ListItem","position":2,"name":"WATCHES","item":"https:\/\/www.parisheure.com\/"},{"@type":"ListItem","position":3,"name":"AUDEMARS PIGUET ROYAL OAK KASPAROV REF 25860 SILVER From 1990\u2019s"}]},{"@type":"WebSite","@id":"https:\/\/www.parisheure.com\/#website","url":"https:\/\/www.parisheure.com\/","name":"PARIS HEURE","description":"Vintage watches Paris","publisher":{"@id":"https:\/\/www.parisheure.com\/#organization"},"potentialAction":[{"@type":"SearchAction","target":{"@type":"EntryPoint","urlTemplate":"https:\/\/www.parisheure.com\/?s={search_term_string}"},"query-input":{"@type":"PropertyValueSpecification","valueRequired":true,"valueName":"search_term_string"}}],"inLanguage":"en-US"},{"@type":"Organization","@id":"https:\/\/www.parisheure.com\/#organization","name":"PARIS HEURE","url":"https:\/\/www.parisheure.com\/","logo":{"@type":"ImageObject","inLanguage":"en-US","@id":"https:\/\/www.parisheure.com\/#\/schema\/logo\/image\/","url":"https:\/\/www.parisheure.com\/wp-content\/uploads\/2021\/07\/cropped-logo-paris-heure.png","contentUrl":"https:\/\/www.parisheure.com\/wp-content\/uploads\/2021\/07\/cropped-logo-paris-heure.png","width":512,"height":512,"caption":"PARIS HEURE"},"image":{"@id":"https:\/\/www.parisheure.com\/#\/schema\/logo\/image\/"},"sameAs":["https:\/\/www.facebook.com\/ParisHeure","https:\/\/www.instagram.com\/parisheure\/"]}]}},"jetpack_sharing_enabled":true,"brands":[{"id":432,"name":"Rolex","slug":"rolex"}],"_links":{"self":[{"href":"https:\/\/www.parisheure.com\/en\/wp-json\/wp\/v2\/product\/10641","targetHints":{"allow":["GET"]}}],"collection":[{"href":"https:\/\/www.parisheure.com\/en\/wp-json\/wp\/v2\/product"}],"about":[{"href":"https:\/\/www.parisheure.com\/en\/wp-json\/wp\/v2\/types\/product"}],"version-history":[{"count":1,"href":"https:\/\/www.parisheure.com\/en\/wp-json\/wp\/v2\/product\/10641\/revisions"}],"predecessor-version":[{"id":14178,"href":"https:\/\/www.parisheure.com\/en\/wp-json\/wp\/v2\/product\/10641\/revisions\/14178"}],"wp:featuredmedia":[{"embeddable":true,"href":"https:\/\/www.parisheure.com\/en\/wp-json\/wp\/v2\/media\/10659"}],"wp:attachment":[{"href":"https:\/\/www.parisheure.com\/en\/wp-json\/wp\/v2\/media?parent=10641"}],"wp:term":[{"taxonomy":"pwb-brand","embeddable":true,"href":"https:\/\/www.parisheure.com\/en\/wp-json\/wp\/v2\/pwb-brand?post=10641"},{"taxonomy":"product_brand","embeddable":true,"href":"https:\/\/www.parisheure.com\/en\/wp-json\/wp\/v2\/product_brand?post=10641"},{"taxonomy":"product_cat","embeddable":true,"href":"https:\/\/www.parisheure.com\/en\/wp-json\/wp\/v2\/product_cat?post=10641"},{"taxonomy":"product_tag","embeddable":true,"href":"https:\/\/www.parisheure.com\/en\/wp-json\/wp\/v2\/product_tag?post=10641"}],"curies":[{"name":"wp","href":"https:\/\/api.w.org\/{rel}","templated":true}]}}