{"id":10662,"date":"2021-08-04T12:27:26","date_gmt":"2021-08-04T10:27:26","guid":{"rendered":"https:\/\/www.parisheure.com\/?post_type=product&#038;p=10662"},"modified":"2024-10-23T10:38:37","modified_gmt":"2024-10-23T08:38:37","slug":"rolex-submariner-hulk-ref-116610lv-full-set-from-2013","status":"publish","type":"product","link":"https:\/\/www.parisheure.com\/en\/buy-watch\/rolex-submariner-hulk-ref-116610lv-full-set-from-2013\/","title":{"rendered":"ROLEX SUBMARINER HULK REF 116610LV FULL SET from 2013"},"content":{"rendered":"<p><strong>Our opinion:<\/strong> The timeless classic Rolex must-have dive watch: the Submariner date Acier. This is the last Submariner model with the green dial and green bezel \"the HULK\", replaced today by only a green ceramic bezel and a black dial. Phillips recently sold a new one, 94 500$, and Sotheby's sold one for CHF 52,920. This one comes with its original box and warranty card, the watch is perfect probably never polished from 2018 all original dial hands bezel! Watch in perfect condition. A real investment value.<\/p>","protected":false},"excerpt":{"rendered":"<p><strong>Brand:<\/strong>\u00a0Rolex<\/p>\n<p><strong>Model:<\/strong>\u00a0Submariner<\/p>\n<p><strong>Movement\u00a0: <\/strong>Auto<\/p>\n<p><strong>Reference:<\/strong>\u00a0116610LV<\/p>\n<p><strong>Diameter\u00a0: <\/strong>40mm<\/p>\n<p><strong>Year:<\/strong>\u00a02013<\/p>\n<p><strong>Serial : <\/strong>45TXXXX<\/p>\n<p><strong>Case:<\/strong>\u00a0Beautiful, thick case, probably never polished, with perfect angles and original appearance. Ceramic green bezel in perfect condition. No major visible dents. The watch is in perfect, little-worn condition.<\/p>\n<p><strong>Dial:<\/strong>\u00a0Beautiful original green dial. Dial without any defects. Hands are also in perfect, original condition.<\/p>\n<p><strong>Bracelet :<\/strong> Original Rolex steel ref 97200 8RC clasp code 8EX<\/p>\n<p><strong>Accessories: <\/strong>Original box and warranty card from 2013 ITALY<\/p>","protected":false},"featured_media":10683,"template":"","meta":[],"pwb-brand":[432],"product_brand":[],"product_cat":[107,367,90,244],"product_tag":[293,294,106,292,127,135],"class_list":{"0":"post-10662","1":"product","2":"type-product","3":"status-publish","4":"has-post-thumbnail","6":"pwb-brand-rolex","7":"product_cat-archives","8":"product_cat-montres-paris-heure","9":"product_cat-rolex","10":"product_cat-rolex-submariner","11":"product_tag-116610lv","12":"product_tag-294","13":"product_tag-full-set","14":"product_tag-hulk","15":"product_tag-rolex","16":"product_tag-submariner","18":"first","19":"outofstock","20":"shipping-taxable","21":"product-type-simple"},"yoast_head":"<!-- This site is optimized with the Yoast SEO plugin v27.5 - https:\/\/yoast.com\/product\/yoast-seo-wordpress\/ -->\n<title>ROLEX SUBMARINER HULK REF 116610LV FULL SET from 2013 &#8226; PARIS HEURE<\/title>\n<meta name=\"description\" content=\"Marque:\u00a0Rolex  Mod\u00e8le:\u00a0Submariner  Mouvement\u00a0: Auto  R\u00e9f\u00e9rence:\u00a0116610LV  Diam\u00e8tre\u00a0: 40mm  Ann\u00e9e:\u00a02013  Serial\u00a0: 45TXXXX  Boite:\u00a0Beau boitier tr\u00e8s \u00e9pais surement jamais polie avec des angles parfaits et son aspect d\u2019origine. Lunette verte c\u00e9ramique en parfait \u00e9tat. Pas de chocs visibles importants. La montre est en parfait \u00e9tat peu port\u00e9e.  Cadran:\u00a0Beau cadran d\u2019origine vert. Cadran sans aucuns d\u00e9fauts. Les aiguilles sont aussi en parfait \u00e9tat et d\u2019origine.  Bracelet\u00a0: Acier Rolex d\u2019origine ref 97200 8RC clasp code 8EX  Accessoires\u00a0: Boite et carte de garantie d\u2019origines de 2013 ITALIE\" \/>\n<meta name=\"robots\" content=\"index, follow, max-snippet:-1, max-image-preview:large, max-video-preview:-1\" \/>\n<link rel=\"canonical\" href=\"https:\/\/www.parisheure.com\/en\/buy-watch\/rolex-submariner-hulk-ref-116610lv-full-set-from-2013\/\" \/>\n<meta property=\"og:locale\" content=\"en_US\" \/>\n<meta property=\"og:type\" content=\"article\" \/>\n<meta property=\"og:title\" content=\"ROLEX SUBMARINER HULK REF 116610LV FULL SET from 2013 &#8226; PARIS HEURE\" \/>\n<meta property=\"og:description\" content=\"Marque:\u00a0Rolex  Mod\u00e8le:\u00a0Submariner  Mouvement\u00a0: Auto  R\u00e9f\u00e9rence:\u00a0116610LV  Diam\u00e8tre\u00a0: 40mm  Ann\u00e9e:\u00a02013  Serial\u00a0: 45TXXXX  Boite:\u00a0Beau boitier tr\u00e8s \u00e9pais surement jamais polie avec des angles parfaits et son aspect d\u2019origine. Lunette verte c\u00e9ramique en parfait \u00e9tat. Pas de chocs visibles importants. La montre est en parfait \u00e9tat peu port\u00e9e.  Cadran:\u00a0Beau cadran d\u2019origine vert. Cadran sans aucuns d\u00e9fauts. Les aiguilles sont aussi en parfait \u00e9tat et d\u2019origine.  Bracelet\u00a0: Acier Rolex d\u2019origine ref 97200 8RC clasp code 8EX  Accessoires\u00a0: Boite et carte de garantie d\u2019origines de 2013 ITALIE\" \/>\n<meta property=\"og:url\" content=\"https:\/\/www.parisheure.com\/en\/buy-watch\/rolex-submariner-hulk-ref-116610lv-full-set-from-2013\/\" \/>\n<meta property=\"og:site_name\" content=\"PARIS HEURE\" \/>\n<meta property=\"article:publisher\" content=\"https:\/\/www.facebook.com\/ParisHeure\" \/>\n<meta property=\"article:modified_time\" content=\"2024-10-23T08:38:37+00:00\" \/>\n<meta property=\"og:image\" content=\"https:\/\/www.parisheure.com\/wp-content\/uploads\/2022\/01\/ROLEX-SUBMARINER-REF-116610LV-HULK-FULL-SET-DE-2018-N\u00b045RTXXXX-_0020_Calque-3-scaled.jpg\" \/>\n\t<meta property=\"og:image:width\" content=\"2560\" \/>\n\t<meta property=\"og:image:height\" content=\"2560\" \/>\n\t<meta property=\"og:image:type\" content=\"image\/jpeg\" \/>\n<meta name=\"twitter:card\" content=\"summary_large_image\" \/>\n<script type=\"application\/ld+json\" class=\"yoast-schema-graph\">{\"@context\":\"https:\\\/\\\/schema.org\",\"@graph\":[{\"@type\":\"WebPage\",\"@id\":\"https:\\\/\\\/www.parisheure.com\\\/acheter-montre\\\/rolex-submariner-hulk-ref-116610lv-full-set-from-2013\\\/\",\"url\":\"https:\\\/\\\/www.parisheure.com\\\/acheter-montre\\\/rolex-submariner-hulk-ref-116610lv-full-set-from-2013\\\/\",\"name\":\"ROLEX SUBMARINER HULK REF 116610LV FULL SET from 2013 &#8226; PARIS HEURE\",\"isPartOf\":{\"@id\":\"https:\\\/\\\/www.parisheure.com\\\/#website\"},\"primaryImageOfPage\":{\"@id\":\"https:\\\/\\\/www.parisheure.com\\\/acheter-montre\\\/rolex-submariner-hulk-ref-116610lv-full-set-from-2013\\\/#primaryimage\"},\"image\":{\"@id\":\"https:\\\/\\\/www.parisheure.com\\\/acheter-montre\\\/rolex-submariner-hulk-ref-116610lv-full-set-from-2013\\\/#primaryimage\"},\"thumbnailUrl\":\"https:\\\/\\\/www.parisheure.com\\\/wp-content\\\/uploads\\\/2022\\\/01\\\/ROLEX-SUBMARINER-REF-116610LV-HULK-FULL-SET-DE-2018-N\u00b045RTXXXX-_0020_Calque-3-scaled.jpg\",\"datePublished\":\"2021-08-04T10:27:26+00:00\",\"dateModified\":\"2024-10-23T08:38:37+00:00\",\"description\":\"Marque:\u00a0Rolex Mod\u00e8le:\u00a0Submariner Mouvement\u00a0: Auto R\u00e9f\u00e9rence:\u00a0116610LV Diam\u00e8tre\u00a0: 40mm Ann\u00e9e:\u00a02013 Serial\u00a0: 45TXXXX Boite:\u00a0Beau boitier tr\u00e8s \u00e9pais surement jamais polie avec des angles parfaits et son aspect d\u2019origine. Lunette verte c\u00e9ramique en parfait \u00e9tat. Pas de chocs visibles importants. La montre est en parfait \u00e9tat peu port\u00e9e. Cadran:\u00a0Beau cadran d\u2019origine vert. Cadran sans aucuns d\u00e9fauts. Les aiguilles sont aussi en parfait \u00e9tat et d\u2019origine. Bracelet\u00a0: Acier Rolex d\u2019origine ref 97200 8RC clasp code 8EX Accessoires\u00a0: Boite et carte de garantie d\u2019origines de 2013 ITALIE\",\"breadcrumb\":{\"@id\":\"https:\\\/\\\/www.parisheure.com\\\/acheter-montre\\\/rolex-submariner-hulk-ref-116610lv-full-set-from-2013\\\/#breadcrumb\"},\"inLanguage\":\"en-US\",\"potentialAction\":[{\"@type\":\"ReadAction\",\"target\":[\"https:\\\/\\\/www.parisheure.com\\\/acheter-montre\\\/rolex-submariner-hulk-ref-116610lv-full-set-from-2013\\\/\"]}]},{\"@type\":\"ImageObject\",\"inLanguage\":\"en-US\",\"@id\":\"https:\\\/\\\/www.parisheure.com\\\/acheter-montre\\\/rolex-submariner-hulk-ref-116610lv-full-set-from-2013\\\/#primaryimage\",\"url\":\"https:\\\/\\\/www.parisheure.com\\\/wp-content\\\/uploads\\\/2022\\\/01\\\/ROLEX-SUBMARINER-REF-116610LV-HULK-FULL-SET-DE-2018-N\u00b045RTXXXX-_0020_Calque-3-scaled.jpg\",\"contentUrl\":\"https:\\\/\\\/www.parisheure.com\\\/wp-content\\\/uploads\\\/2022\\\/01\\\/ROLEX-SUBMARINER-REF-116610LV-HULK-FULL-SET-DE-2018-N\u00b045RTXXXX-_0020_Calque-3-scaled.jpg\",\"width\":2560,\"height\":2560},{\"@type\":\"BreadcrumbList\",\"@id\":\"https:\\\/\\\/www.parisheure.com\\\/acheter-montre\\\/rolex-submariner-hulk-ref-116610lv-full-set-from-2013\\\/#breadcrumb\",\"itemListElement\":[{\"@type\":\"ListItem\",\"position\":1,\"name\":\"Accueil\",\"item\":\"https:\\\/\\\/www.parisheure.com\\\/\"},{\"@type\":\"ListItem\",\"position\":2,\"name\":\"WATCHES\",\"item\":\"https:\\\/\\\/www.parisheure.com\\\/\"},{\"@type\":\"ListItem\",\"position\":3,\"name\":\"ROLEX SUBMARINER HULK REF 116610LV FULL SET from 2013\"}]},{\"@type\":\"WebSite\",\"@id\":\"https:\\\/\\\/www.parisheure.com\\\/#website\",\"url\":\"https:\\\/\\\/www.parisheure.com\\\/\",\"name\":\"PARIS HEURE\",\"description\":\"Vintage watches Paris\",\"publisher\":{\"@id\":\"https:\\\/\\\/www.parisheure.com\\\/#organization\"},\"potentialAction\":[{\"@type\":\"SearchAction\",\"target\":{\"@type\":\"EntryPoint\",\"urlTemplate\":\"https:\\\/\\\/www.parisheure.com\\\/?s={search_term_string}\"},\"query-input\":{\"@type\":\"PropertyValueSpecification\",\"valueRequired\":true,\"valueName\":\"search_term_string\"}}],\"inLanguage\":\"en-US\"},{\"@type\":\"Organization\",\"@id\":\"https:\\\/\\\/www.parisheure.com\\\/#organization\",\"name\":\"PARIS HEURE\",\"url\":\"https:\\\/\\\/www.parisheure.com\\\/\",\"logo\":{\"@type\":\"ImageObject\",\"inLanguage\":\"en-US\",\"@id\":\"https:\\\/\\\/www.parisheure.com\\\/#\\\/schema\\\/logo\\\/image\\\/\",\"url\":\"https:\\\/\\\/www.parisheure.com\\\/wp-content\\\/uploads\\\/2021\\\/07\\\/cropped-logo-paris-heure.png\",\"contentUrl\":\"https:\\\/\\\/www.parisheure.com\\\/wp-content\\\/uploads\\\/2021\\\/07\\\/cropped-logo-paris-heure.png\",\"width\":512,\"height\":512,\"caption\":\"PARIS HEURE\"},\"image\":{\"@id\":\"https:\\\/\\\/www.parisheure.com\\\/#\\\/schema\\\/logo\\\/image\\\/\"},\"sameAs\":[\"https:\\\/\\\/www.facebook.com\\\/ParisHeure\",\"https:\\\/\\\/www.instagram.com\\\/parisheure\\\/\"]}]}<\/script>\n<!-- \/ Yoast SEO plugin. -->","yoast_head_json":{"title":"ROLEX SUBMARINER HULK REF 116610LV FULL SET from 2013 \u2022 PARIS HEURE","description":"Marque:\u00a0Rolex  Mod\u00e8le:\u00a0Submariner  Mouvement\u00a0: Auto  R\u00e9f\u00e9rence:\u00a0116610LV  Diam\u00e8tre\u00a0: 40mm  Ann\u00e9e:\u00a02013  Serial\u00a0: 45TXXXX  Boite:\u00a0Beau boitier tr\u00e8s \u00e9pais surement jamais polie avec des angles parfaits et son aspect d\u2019origine. Lunette verte c\u00e9ramique en parfait \u00e9tat. Pas de chocs visibles importants. La montre est en parfait \u00e9tat peu port\u00e9e.  Cadran:\u00a0Beau cadran d\u2019origine vert. Cadran sans aucuns d\u00e9fauts. Les aiguilles sont aussi en parfait \u00e9tat et d\u2019origine.  Bracelet\u00a0: Acier Rolex d\u2019origine ref 97200 8RC clasp code 8EX  Accessoires\u00a0: Boite et carte de garantie d\u2019origines de 2013 ITALIE","robots":{"index":"index","follow":"follow","max-snippet":"max-snippet:-1","max-image-preview":"max-image-preview:large","max-video-preview":"max-video-preview:-1"},"canonical":"https:\/\/www.parisheure.com\/en\/buy-watch\/rolex-submariner-hulk-ref-116610lv-full-set-from-2013\/","og_locale":"en_US","og_type":"article","og_title":"ROLEX SUBMARINER HULK REF 116610LV FULL SET from 2013 &#8226; PARIS HEURE","og_description":"Marque:\u00a0Rolex  Mod\u00e8le:\u00a0Submariner  Mouvement\u00a0: Auto  R\u00e9f\u00e9rence:\u00a0116610LV  Diam\u00e8tre\u00a0: 40mm  Ann\u00e9e:\u00a02013  Serial\u00a0: 45TXXXX  Boite:\u00a0Beau boitier tr\u00e8s \u00e9pais surement jamais polie avec des angles parfaits et son aspect d\u2019origine. Lunette verte c\u00e9ramique en parfait \u00e9tat. Pas de chocs visibles importants. La montre est en parfait \u00e9tat peu port\u00e9e.  Cadran:\u00a0Beau cadran d\u2019origine vert. Cadran sans aucuns d\u00e9fauts. Les aiguilles sont aussi en parfait \u00e9tat et d\u2019origine.  Bracelet\u00a0: Acier Rolex d\u2019origine ref 97200 8RC clasp code 8EX  Accessoires\u00a0: Boite et carte de garantie d\u2019origines de 2013 ITALIE","og_url":"https:\/\/www.parisheure.com\/en\/buy-watch\/rolex-submariner-hulk-ref-116610lv-full-set-from-2013\/","og_site_name":"PARIS HEURE","article_publisher":"https:\/\/www.facebook.com\/ParisHeure","article_modified_time":"2024-10-23T08:38:37+00:00","og_image":[{"width":2560,"height":2560,"url":"https:\/\/www.parisheure.com\/wp-content\/uploads\/2022\/01\/ROLEX-SUBMARINER-REF-116610LV-HULK-FULL-SET-DE-2018-N\u00b045RTXXXX-_0020_Calque-3-scaled.jpg","type":"image\/jpeg"}],"twitter_card":"summary_large_image","schema":{"@context":"https:\/\/schema.org","@graph":[{"@type":"WebPage","@id":"https:\/\/www.parisheure.com\/acheter-montre\/rolex-submariner-hulk-ref-116610lv-full-set-from-2013\/","url":"https:\/\/www.parisheure.com\/acheter-montre\/rolex-submariner-hulk-ref-116610lv-full-set-from-2013\/","name":"ROLEX SUBMARINER HULK REF 116610LV FULL SET from 2013 \u2022 PARIS HEURE","isPartOf":{"@id":"https:\/\/www.parisheure.com\/#website"},"primaryImageOfPage":{"@id":"https:\/\/www.parisheure.com\/acheter-montre\/rolex-submariner-hulk-ref-116610lv-full-set-from-2013\/#primaryimage"},"image":{"@id":"https:\/\/www.parisheure.com\/acheter-montre\/rolex-submariner-hulk-ref-116610lv-full-set-from-2013\/#primaryimage"},"thumbnailUrl":"https:\/\/www.parisheure.com\/wp-content\/uploads\/2022\/01\/ROLEX-SUBMARINER-REF-116610LV-HULK-FULL-SET-DE-2018-N\u00b045RTXXXX-_0020_Calque-3-scaled.jpg","datePublished":"2021-08-04T10:27:26+00:00","dateModified":"2024-10-23T08:38:37+00:00","description":"Marque:\u00a0Rolex Mod\u00e8le:\u00a0Submariner Mouvement\u00a0: Auto R\u00e9f\u00e9rence:\u00a0116610LV Diam\u00e8tre\u00a0: 40mm Ann\u00e9e:\u00a02013 Serial\u00a0: 45TXXXX Boite:\u00a0Beau boitier tr\u00e8s \u00e9pais surement jamais polie avec des angles parfaits et son aspect d\u2019origine. Lunette verte c\u00e9ramique en parfait \u00e9tat. Pas de chocs visibles importants. La montre est en parfait \u00e9tat peu port\u00e9e. Cadran:\u00a0Beau cadran d\u2019origine vert. Cadran sans aucuns d\u00e9fauts. Les aiguilles sont aussi en parfait \u00e9tat et d\u2019origine. Bracelet\u00a0: Acier Rolex d\u2019origine ref 97200 8RC clasp code 8EX Accessoires\u00a0: Boite et carte de garantie d\u2019origines de 2013 ITALIE","breadcrumb":{"@id":"https:\/\/www.parisheure.com\/acheter-montre\/rolex-submariner-hulk-ref-116610lv-full-set-from-2013\/#breadcrumb"},"inLanguage":"en-US","potentialAction":[{"@type":"ReadAction","target":["https:\/\/www.parisheure.com\/acheter-montre\/rolex-submariner-hulk-ref-116610lv-full-set-from-2013\/"]}]},{"@type":"ImageObject","inLanguage":"en-US","@id":"https:\/\/www.parisheure.com\/acheter-montre\/rolex-submariner-hulk-ref-116610lv-full-set-from-2013\/#primaryimage","url":"https:\/\/www.parisheure.com\/wp-content\/uploads\/2022\/01\/ROLEX-SUBMARINER-REF-116610LV-HULK-FULL-SET-DE-2018-N\u00b045RTXXXX-_0020_Calque-3-scaled.jpg","contentUrl":"https:\/\/www.parisheure.com\/wp-content\/uploads\/2022\/01\/ROLEX-SUBMARINER-REF-116610LV-HULK-FULL-SET-DE-2018-N\u00b045RTXXXX-_0020_Calque-3-scaled.jpg","width":2560,"height":2560},{"@type":"BreadcrumbList","@id":"https:\/\/www.parisheure.com\/acheter-montre\/rolex-submariner-hulk-ref-116610lv-full-set-from-2013\/#breadcrumb","itemListElement":[{"@type":"ListItem","position":1,"name":"Accueil","item":"https:\/\/www.parisheure.com\/"},{"@type":"ListItem","position":2,"name":"WATCHES","item":"https:\/\/www.parisheure.com\/"},{"@type":"ListItem","position":3,"name":"ROLEX SUBMARINER HULK REF 116610LV FULL SET from 2013"}]},{"@type":"WebSite","@id":"https:\/\/www.parisheure.com\/#website","url":"https:\/\/www.parisheure.com\/","name":"PARIS HEURE","description":"Vintage watches Paris","publisher":{"@id":"https:\/\/www.parisheure.com\/#organization"},"potentialAction":[{"@type":"SearchAction","target":{"@type":"EntryPoint","urlTemplate":"https:\/\/www.parisheure.com\/?s={search_term_string}"},"query-input":{"@type":"PropertyValueSpecification","valueRequired":true,"valueName":"search_term_string"}}],"inLanguage":"en-US"},{"@type":"Organization","@id":"https:\/\/www.parisheure.com\/#organization","name":"PARIS HEURE","url":"https:\/\/www.parisheure.com\/","logo":{"@type":"ImageObject","inLanguage":"en-US","@id":"https:\/\/www.parisheure.com\/#\/schema\/logo\/image\/","url":"https:\/\/www.parisheure.com\/wp-content\/uploads\/2021\/07\/cropped-logo-paris-heure.png","contentUrl":"https:\/\/www.parisheure.com\/wp-content\/uploads\/2021\/07\/cropped-logo-paris-heure.png","width":512,"height":512,"caption":"PARIS HEURE"},"image":{"@id":"https:\/\/www.parisheure.com\/#\/schema\/logo\/image\/"},"sameAs":["https:\/\/www.facebook.com\/ParisHeure","https:\/\/www.instagram.com\/parisheure\/"]}]}},"jetpack_sharing_enabled":true,"brands":[{"id":432,"name":"Rolex","slug":"rolex"}],"_links":{"self":[{"href":"https:\/\/www.parisheure.com\/en\/wp-json\/wp\/v2\/product\/10662","targetHints":{"allow":["GET"]}}],"collection":[{"href":"https:\/\/www.parisheure.com\/en\/wp-json\/wp\/v2\/product"}],"about":[{"href":"https:\/\/www.parisheure.com\/en\/wp-json\/wp\/v2\/types\/product"}],"version-history":[{"count":1,"href":"https:\/\/www.parisheure.com\/en\/wp-json\/wp\/v2\/product\/10662\/revisions"}],"predecessor-version":[{"id":14202,"href":"https:\/\/www.parisheure.com\/en\/wp-json\/wp\/v2\/product\/10662\/revisions\/14202"}],"wp:featuredmedia":[{"embeddable":true,"href":"https:\/\/www.parisheure.com\/en\/wp-json\/wp\/v2\/media\/10683"}],"wp:attachment":[{"href":"https:\/\/www.parisheure.com\/en\/wp-json\/wp\/v2\/media?parent=10662"}],"wp:term":[{"taxonomy":"pwb-brand","embeddable":true,"href":"https:\/\/www.parisheure.com\/en\/wp-json\/wp\/v2\/pwb-brand?post=10662"},{"taxonomy":"product_brand","embeddable":true,"href":"https:\/\/www.parisheure.com\/en\/wp-json\/wp\/v2\/product_brand?post=10662"},{"taxonomy":"product_cat","embeddable":true,"href":"https:\/\/www.parisheure.com\/en\/wp-json\/wp\/v2\/product_cat?post=10662"},{"taxonomy":"product_tag","embeddable":true,"href":"https:\/\/www.parisheure.com\/en\/wp-json\/wp\/v2\/product_tag?post=10662"}],"curies":[{"name":"wp","href":"https:\/\/api.w.org\/{rel}","templated":true}]}}