{"id":10686,"date":"2022-01-06T18:10:55","date_gmt":"2022-01-06T17:10:55","guid":{"rendered":"https:\/\/www.parisheure.com\/?post_type=product&#038;p=10686"},"modified":"2024-10-22T16:35:55","modified_gmt":"2024-10-22T14:35:55","slug":"tudor-submariner-marine-nationale-mn82-blue-snowflake-ref-94010-from-1982","status":"publish","type":"product","link":"https:\/\/www.parisheure.com\/en\/buy-watch\/tudor-submariner-marine-nationale-mn82-blue-snowflake-ref-94010-from-1982\/","title":{"rendered":"TUDOR SUBMARINER MARINE NATIONALE MN82 REF 94010 from 1982 ( STOCK PH WATCHES )"},"content":{"rendered":"<p><strong>Our opinion:<\/strong> Equivalent to Rolex Submariner ref 5513 from the 1970s. No date 1982 Submariner model exclusively issued and personalized with an engraving on the outside of the case back for the French Navy, plexiglass, Rolex oyster steel bracelet. Snowflake hands, blue dial and original blue insert. The only French military Submariner in blue dial steel from Rolex\/Tudor. A true collector's Tudor rare and still affordable compared to Rolex MILSUB! In addition, Tudor has just relaunched National Navy limited editions, which adds even more interest to owning the original.<\/p>","protected":false},"excerpt":{"rendered":"<p><strong>Brand:<\/strong>\u00a0Tudor<\/p>\n<p><strong>Model:<\/strong>\u00a0Submariner MN 82 marine nationale<\/p>\n<p><strong>Movement\u00a0: <\/strong>Auto<\/p>\n<p><strong>Reference:<\/strong>\u00a094010<\/p>\n<p><strong>Diameter\u00a0: <\/strong>40mm<\/p>\n<p><strong>Year:<\/strong>\u00a01982<\/p>\n<p><strong>Serial : <\/strong>934XXXX<\/p>\n<p><strong>Case:<\/strong>\u00a0Very nice, very thick case with nice angles. Bezel in perfect condition with a very beautiful original tritium pearl patina. No significant visible shocks. The watch is in good condition, slightly worn.<\/p>\n<p><strong>Dial:<\/strong>\u00a0Magnificent original blue dial with a beautiful general patina. Dial without any flaws. The hands are patinated like the indexes. Beautiful overall very homogeneous.<\/p>\n<p><strong>Bracelet :<\/strong> Nato<\/p>\n<p><strong>Accessories: <\/strong>None<\/p>\n<p>&nbsp;<\/p>","protected":false},"featured_media":10721,"template":"","meta":[],"pwb-brand":[437],"product_brand":[],"product_cat":[107,368,189],"product_tag":[192,168,295,296,297,298,190,101],"class_list":{"0":"post-10686","1":"product","2":"type-product","3":"status-publish","4":"has-post-thumbnail","6":"pwb-brand-tudor","7":"product_cat-archives","8":"product_cat-montres-ph-watches","9":"product_cat-tudor","10":"product_tag-192","11":"product_tag-blue-dial","12":"product_tag-marine-nationale","13":"product_tag-milsub","14":"product_tag-mn82","15":"product_tag-rare","16":"product_tag-tudor","17":"product_tag-vintage","19":"first","20":"outofstock","21":"shipping-taxable","22":"product-type-simple"},"yoast_head":"<!-- This site is optimized with the Yoast SEO plugin v27.5 - https:\/\/yoast.com\/product\/yoast-seo-wordpress\/ -->\n<title>TUDOR SUBMARINER MARINE NATIONALE MN82 REF 94010 from 1982 ( STOCK PH WATCHES ) &#8226; PARIS HEURE<\/title>\n<meta name=\"description\" content=\"Marque:\u00a0Tudor  Mod\u00e8le:\u00a0Submariner MN 82 marine nationale  Mouvement\u00a0: Auto  R\u00e9f\u00e9rence:\u00a094010  Diam\u00e8tre\u00a0: 40mm  Ann\u00e9e:\u00a01982  Serial\u00a0: 934XXXX  Boite:\u00a0Tr\u00e8s Beau boitier tr\u00e8s \u00e9pais avec des beaux angles. Lunette en parfait avec une tr\u00e8s belle patine d\u2019origine perle tritium. Pas de chocs visibles importants. La montre est en bon \u00e9tat un peu port\u00e9e.  Cadran:\u00a0Magnifique cadran d\u2019origine bleu avec une belle patine g\u00e9n\u00e9rale. Cadran sans aucuns d\u00e9fauts. Les aiguilles sont patin\u00e9es comme que les indexes. Belle ensemble g\u00e9n\u00e9ral tr\u00e8s homog\u00e8ne.  Bracelet\u00a0: Nato  Accessoires\u00a0: Aucuns  &nbsp;\" \/>\n<meta name=\"robots\" content=\"index, follow, max-snippet:-1, max-image-preview:large, max-video-preview:-1\" \/>\n<link rel=\"canonical\" href=\"https:\/\/www.parisheure.com\/en\/buy-watch\/tudor-submariner-marine-nationale-mn82-blue-snowflake-ref-94010-from-1982\/\" \/>\n<meta property=\"og:locale\" content=\"en_US\" \/>\n<meta property=\"og:type\" content=\"article\" \/>\n<meta property=\"og:title\" content=\"TUDOR SUBMARINER MARINE NATIONALE MN82 REF 94010 from 1982 ( STOCK PH WATCHES ) &#8226; PARIS HEURE\" \/>\n<meta property=\"og:description\" content=\"Marque:\u00a0Tudor  Mod\u00e8le:\u00a0Submariner MN 82 marine nationale  Mouvement\u00a0: Auto  R\u00e9f\u00e9rence:\u00a094010  Diam\u00e8tre\u00a0: 40mm  Ann\u00e9e:\u00a01982  Serial\u00a0: 934XXXX  Boite:\u00a0Tr\u00e8s Beau boitier tr\u00e8s \u00e9pais avec des beaux angles. Lunette en parfait avec une tr\u00e8s belle patine d\u2019origine perle tritium. Pas de chocs visibles importants. La montre est en bon \u00e9tat un peu port\u00e9e.  Cadran:\u00a0Magnifique cadran d\u2019origine bleu avec une belle patine g\u00e9n\u00e9rale. Cadran sans aucuns d\u00e9fauts. Les aiguilles sont patin\u00e9es comme que les indexes. Belle ensemble g\u00e9n\u00e9ral tr\u00e8s homog\u00e8ne.  Bracelet\u00a0: Nato  Accessoires\u00a0: Aucuns  &nbsp;\" \/>\n<meta property=\"og:url\" content=\"https:\/\/www.parisheure.com\/en\/buy-watch\/tudor-submariner-marine-nationale-mn82-blue-snowflake-ref-94010-from-1982\/\" \/>\n<meta property=\"og:site_name\" content=\"PARIS HEURE\" \/>\n<meta property=\"article:publisher\" content=\"https:\/\/www.facebook.com\/ParisHeure\" \/>\n<meta property=\"article:modified_time\" content=\"2024-10-22T14:35:55+00:00\" \/>\n<meta property=\"og:image\" content=\"https:\/\/www.parisheure.com\/wp-content\/uploads\/2022\/01\/TUDOR-SUBMARINER-MARINE-NATIONALE-MN-82-BLUE-N\u00b0934XXX-_0016_Calque-2-scaled.jpg\" \/>\n\t<meta property=\"og:image:width\" content=\"2560\" \/>\n\t<meta property=\"og:image:height\" content=\"2560\" \/>\n\t<meta property=\"og:image:type\" content=\"image\/jpeg\" \/>\n<meta name=\"twitter:card\" content=\"summary_large_image\" \/>\n<script type=\"application\/ld+json\" class=\"yoast-schema-graph\">{\"@context\":\"https:\\\/\\\/schema.org\",\"@graph\":[{\"@type\":\"WebPage\",\"@id\":\"https:\\\/\\\/www.parisheure.com\\\/acheter-montre\\\/tudor-submariner-marine-nationale-mn82-blue-snowflake-ref-94010-from-1982\\\/\",\"url\":\"https:\\\/\\\/www.parisheure.com\\\/acheter-montre\\\/tudor-submariner-marine-nationale-mn82-blue-snowflake-ref-94010-from-1982\\\/\",\"name\":\"TUDOR SUBMARINER MARINE NATIONALE MN82 REF 94010 from 1982 ( STOCK PH WATCHES ) &#8226; PARIS HEURE\",\"isPartOf\":{\"@id\":\"https:\\\/\\\/www.parisheure.com\\\/#website\"},\"primaryImageOfPage\":{\"@id\":\"https:\\\/\\\/www.parisheure.com\\\/acheter-montre\\\/tudor-submariner-marine-nationale-mn82-blue-snowflake-ref-94010-from-1982\\\/#primaryimage\"},\"image\":{\"@id\":\"https:\\\/\\\/www.parisheure.com\\\/acheter-montre\\\/tudor-submariner-marine-nationale-mn82-blue-snowflake-ref-94010-from-1982\\\/#primaryimage\"},\"thumbnailUrl\":\"https:\\\/\\\/www.parisheure.com\\\/wp-content\\\/uploads\\\/2022\\\/01\\\/TUDOR-SUBMARINER-MARINE-NATIONALE-MN-82-BLUE-N\u00b0934XXX-_0016_Calque-2-scaled.jpg\",\"datePublished\":\"2022-01-06T17:10:55+00:00\",\"dateModified\":\"2024-10-22T14:35:55+00:00\",\"description\":\"Marque:\u00a0Tudor Mod\u00e8le:\u00a0Submariner MN 82 marine nationale Mouvement\u00a0: Auto R\u00e9f\u00e9rence:\u00a094010 Diam\u00e8tre\u00a0: 40mm Ann\u00e9e:\u00a01982 Serial\u00a0: 934XXXX Boite:\u00a0Tr\u00e8s Beau boitier tr\u00e8s \u00e9pais avec des beaux angles. Lunette en parfait avec une tr\u00e8s belle patine d\u2019origine perle tritium. Pas de chocs visibles importants. La montre est en bon \u00e9tat un peu port\u00e9e. Cadran:\u00a0Magnifique cadran d\u2019origine bleu avec une belle patine g\u00e9n\u00e9rale. Cadran sans aucuns d\u00e9fauts. Les aiguilles sont patin\u00e9es comme que les indexes. Belle ensemble g\u00e9n\u00e9ral tr\u00e8s homog\u00e8ne. Bracelet\u00a0: Nato Accessoires\u00a0: Aucuns &nbsp;\",\"breadcrumb\":{\"@id\":\"https:\\\/\\\/www.parisheure.com\\\/acheter-montre\\\/tudor-submariner-marine-nationale-mn82-blue-snowflake-ref-94010-from-1982\\\/#breadcrumb\"},\"inLanguage\":\"en-US\",\"potentialAction\":[{\"@type\":\"ReadAction\",\"target\":[\"https:\\\/\\\/www.parisheure.com\\\/acheter-montre\\\/tudor-submariner-marine-nationale-mn82-blue-snowflake-ref-94010-from-1982\\\/\"]}]},{\"@type\":\"ImageObject\",\"inLanguage\":\"en-US\",\"@id\":\"https:\\\/\\\/www.parisheure.com\\\/acheter-montre\\\/tudor-submariner-marine-nationale-mn82-blue-snowflake-ref-94010-from-1982\\\/#primaryimage\",\"url\":\"https:\\\/\\\/www.parisheure.com\\\/wp-content\\\/uploads\\\/2022\\\/01\\\/TUDOR-SUBMARINER-MARINE-NATIONALE-MN-82-BLUE-N\u00b0934XXX-_0016_Calque-2-scaled.jpg\",\"contentUrl\":\"https:\\\/\\\/www.parisheure.com\\\/wp-content\\\/uploads\\\/2022\\\/01\\\/TUDOR-SUBMARINER-MARINE-NATIONALE-MN-82-BLUE-N\u00b0934XXX-_0016_Calque-2-scaled.jpg\",\"width\":2560,\"height\":2560},{\"@type\":\"BreadcrumbList\",\"@id\":\"https:\\\/\\\/www.parisheure.com\\\/acheter-montre\\\/tudor-submariner-marine-nationale-mn82-blue-snowflake-ref-94010-from-1982\\\/#breadcrumb\",\"itemListElement\":[{\"@type\":\"ListItem\",\"position\":1,\"name\":\"Accueil\",\"item\":\"https:\\\/\\\/www.parisheure.com\\\/\"},{\"@type\":\"ListItem\",\"position\":2,\"name\":\"WATCHES\",\"item\":\"https:\\\/\\\/www.parisheure.com\\\/\"},{\"@type\":\"ListItem\",\"position\":3,\"name\":\"TUDOR SUBMARINER MARINE NATIONALE MN82 REF 94010 from 1982 ( STOCK PH WATCHES )\"}]},{\"@type\":\"WebSite\",\"@id\":\"https:\\\/\\\/www.parisheure.com\\\/#website\",\"url\":\"https:\\\/\\\/www.parisheure.com\\\/\",\"name\":\"PARIS HEURE\",\"description\":\"Vintage watches Paris\",\"publisher\":{\"@id\":\"https:\\\/\\\/www.parisheure.com\\\/#organization\"},\"potentialAction\":[{\"@type\":\"SearchAction\",\"target\":{\"@type\":\"EntryPoint\",\"urlTemplate\":\"https:\\\/\\\/www.parisheure.com\\\/?s={search_term_string}\"},\"query-input\":{\"@type\":\"PropertyValueSpecification\",\"valueRequired\":true,\"valueName\":\"search_term_string\"}}],\"inLanguage\":\"en-US\"},{\"@type\":\"Organization\",\"@id\":\"https:\\\/\\\/www.parisheure.com\\\/#organization\",\"name\":\"PARIS HEURE\",\"url\":\"https:\\\/\\\/www.parisheure.com\\\/\",\"logo\":{\"@type\":\"ImageObject\",\"inLanguage\":\"en-US\",\"@id\":\"https:\\\/\\\/www.parisheure.com\\\/#\\\/schema\\\/logo\\\/image\\\/\",\"url\":\"https:\\\/\\\/www.parisheure.com\\\/wp-content\\\/uploads\\\/2021\\\/07\\\/cropped-logo-paris-heure.png\",\"contentUrl\":\"https:\\\/\\\/www.parisheure.com\\\/wp-content\\\/uploads\\\/2021\\\/07\\\/cropped-logo-paris-heure.png\",\"width\":512,\"height\":512,\"caption\":\"PARIS HEURE\"},\"image\":{\"@id\":\"https:\\\/\\\/www.parisheure.com\\\/#\\\/schema\\\/logo\\\/image\\\/\"},\"sameAs\":[\"https:\\\/\\\/www.facebook.com\\\/ParisHeure\",\"https:\\\/\\\/www.instagram.com\\\/parisheure\\\/\"]}]}<\/script>\n<!-- \/ Yoast SEO plugin. -->","yoast_head_json":{"title":"TUDOR SUBMARINER MARINE NATIONALE MN82 REF 94010 from 1982 ( STOCK PH WATCHES ) \u2022 PARIS HEURE","description":"Marque:\u00a0Tudor  Mod\u00e8le:\u00a0Submariner MN 82 marine nationale  Mouvement\u00a0: Auto  R\u00e9f\u00e9rence:\u00a094010  Diam\u00e8tre\u00a0: 40mm  Ann\u00e9e:\u00a01982  Serial\u00a0: 934XXXX  Boite:\u00a0Tr\u00e8s Beau boitier tr\u00e8s \u00e9pais avec des beaux angles. Lunette en parfait avec une tr\u00e8s belle patine d\u2019origine perle tritium. Pas de chocs visibles importants. La montre est en bon \u00e9tat un peu port\u00e9e.  Cadran:\u00a0Magnifique cadran d\u2019origine bleu avec une belle patine g\u00e9n\u00e9rale. Cadran sans aucuns d\u00e9fauts. Les aiguilles sont patin\u00e9es comme que les indexes. Belle ensemble g\u00e9n\u00e9ral tr\u00e8s homog\u00e8ne.  Bracelet\u00a0: Nato  Accessoires\u00a0: Aucuns  &nbsp;","robots":{"index":"index","follow":"follow","max-snippet":"max-snippet:-1","max-image-preview":"max-image-preview:large","max-video-preview":"max-video-preview:-1"},"canonical":"https:\/\/www.parisheure.com\/en\/buy-watch\/tudor-submariner-marine-nationale-mn82-blue-snowflake-ref-94010-from-1982\/","og_locale":"en_US","og_type":"article","og_title":"TUDOR SUBMARINER MARINE NATIONALE MN82 REF 94010 from 1982 ( STOCK PH WATCHES ) &#8226; PARIS HEURE","og_description":"Marque:\u00a0Tudor  Mod\u00e8le:\u00a0Submariner MN 82 marine nationale  Mouvement\u00a0: Auto  R\u00e9f\u00e9rence:\u00a094010  Diam\u00e8tre\u00a0: 40mm  Ann\u00e9e:\u00a01982  Serial\u00a0: 934XXXX  Boite:\u00a0Tr\u00e8s Beau boitier tr\u00e8s \u00e9pais avec des beaux angles. Lunette en parfait avec une tr\u00e8s belle patine d\u2019origine perle tritium. Pas de chocs visibles importants. La montre est en bon \u00e9tat un peu port\u00e9e.  Cadran:\u00a0Magnifique cadran d\u2019origine bleu avec une belle patine g\u00e9n\u00e9rale. Cadran sans aucuns d\u00e9fauts. Les aiguilles sont patin\u00e9es comme que les indexes. Belle ensemble g\u00e9n\u00e9ral tr\u00e8s homog\u00e8ne.  Bracelet\u00a0: Nato  Accessoires\u00a0: Aucuns  &nbsp;","og_url":"https:\/\/www.parisheure.com\/en\/buy-watch\/tudor-submariner-marine-nationale-mn82-blue-snowflake-ref-94010-from-1982\/","og_site_name":"PARIS HEURE","article_publisher":"https:\/\/www.facebook.com\/ParisHeure","article_modified_time":"2024-10-22T14:35:55+00:00","og_image":[{"width":2560,"height":2560,"url":"https:\/\/www.parisheure.com\/wp-content\/uploads\/2022\/01\/TUDOR-SUBMARINER-MARINE-NATIONALE-MN-82-BLUE-N\u00b0934XXX-_0016_Calque-2-scaled.jpg","type":"image\/jpeg"}],"twitter_card":"summary_large_image","schema":{"@context":"https:\/\/schema.org","@graph":[{"@type":"WebPage","@id":"https:\/\/www.parisheure.com\/acheter-montre\/tudor-submariner-marine-nationale-mn82-blue-snowflake-ref-94010-from-1982\/","url":"https:\/\/www.parisheure.com\/acheter-montre\/tudor-submariner-marine-nationale-mn82-blue-snowflake-ref-94010-from-1982\/","name":"TUDOR SUBMARINER MARINE NATIONALE MN82 REF 94010 from 1982 ( STOCK PH WATCHES ) \u2022 PARIS HEURE","isPartOf":{"@id":"https:\/\/www.parisheure.com\/#website"},"primaryImageOfPage":{"@id":"https:\/\/www.parisheure.com\/acheter-montre\/tudor-submariner-marine-nationale-mn82-blue-snowflake-ref-94010-from-1982\/#primaryimage"},"image":{"@id":"https:\/\/www.parisheure.com\/acheter-montre\/tudor-submariner-marine-nationale-mn82-blue-snowflake-ref-94010-from-1982\/#primaryimage"},"thumbnailUrl":"https:\/\/www.parisheure.com\/wp-content\/uploads\/2022\/01\/TUDOR-SUBMARINER-MARINE-NATIONALE-MN-82-BLUE-N\u00b0934XXX-_0016_Calque-2-scaled.jpg","datePublished":"2022-01-06T17:10:55+00:00","dateModified":"2024-10-22T14:35:55+00:00","description":"Marque:\u00a0Tudor Mod\u00e8le:\u00a0Submariner MN 82 marine nationale Mouvement\u00a0: Auto R\u00e9f\u00e9rence:\u00a094010 Diam\u00e8tre\u00a0: 40mm Ann\u00e9e:\u00a01982 Serial\u00a0: 934XXXX Boite:\u00a0Tr\u00e8s Beau boitier tr\u00e8s \u00e9pais avec des beaux angles. Lunette en parfait avec une tr\u00e8s belle patine d\u2019origine perle tritium. Pas de chocs visibles importants. La montre est en bon \u00e9tat un peu port\u00e9e. Cadran:\u00a0Magnifique cadran d\u2019origine bleu avec une belle patine g\u00e9n\u00e9rale. Cadran sans aucuns d\u00e9fauts. Les aiguilles sont patin\u00e9es comme que les indexes. Belle ensemble g\u00e9n\u00e9ral tr\u00e8s homog\u00e8ne. Bracelet\u00a0: Nato Accessoires\u00a0: Aucuns &nbsp;","breadcrumb":{"@id":"https:\/\/www.parisheure.com\/acheter-montre\/tudor-submariner-marine-nationale-mn82-blue-snowflake-ref-94010-from-1982\/#breadcrumb"},"inLanguage":"en-US","potentialAction":[{"@type":"ReadAction","target":["https:\/\/www.parisheure.com\/acheter-montre\/tudor-submariner-marine-nationale-mn82-blue-snowflake-ref-94010-from-1982\/"]}]},{"@type":"ImageObject","inLanguage":"en-US","@id":"https:\/\/www.parisheure.com\/acheter-montre\/tudor-submariner-marine-nationale-mn82-blue-snowflake-ref-94010-from-1982\/#primaryimage","url":"https:\/\/www.parisheure.com\/wp-content\/uploads\/2022\/01\/TUDOR-SUBMARINER-MARINE-NATIONALE-MN-82-BLUE-N\u00b0934XXX-_0016_Calque-2-scaled.jpg","contentUrl":"https:\/\/www.parisheure.com\/wp-content\/uploads\/2022\/01\/TUDOR-SUBMARINER-MARINE-NATIONALE-MN-82-BLUE-N\u00b0934XXX-_0016_Calque-2-scaled.jpg","width":2560,"height":2560},{"@type":"BreadcrumbList","@id":"https:\/\/www.parisheure.com\/acheter-montre\/tudor-submariner-marine-nationale-mn82-blue-snowflake-ref-94010-from-1982\/#breadcrumb","itemListElement":[{"@type":"ListItem","position":1,"name":"Accueil","item":"https:\/\/www.parisheure.com\/"},{"@type":"ListItem","position":2,"name":"WATCHES","item":"https:\/\/www.parisheure.com\/"},{"@type":"ListItem","position":3,"name":"TUDOR SUBMARINER MARINE NATIONALE MN82 REF 94010 from 1982 ( STOCK PH WATCHES )"}]},{"@type":"WebSite","@id":"https:\/\/www.parisheure.com\/#website","url":"https:\/\/www.parisheure.com\/","name":"PARIS HEURE","description":"Vintage watches Paris","publisher":{"@id":"https:\/\/www.parisheure.com\/#organization"},"potentialAction":[{"@type":"SearchAction","target":{"@type":"EntryPoint","urlTemplate":"https:\/\/www.parisheure.com\/?s={search_term_string}"},"query-input":{"@type":"PropertyValueSpecification","valueRequired":true,"valueName":"search_term_string"}}],"inLanguage":"en-US"},{"@type":"Organization","@id":"https:\/\/www.parisheure.com\/#organization","name":"PARIS HEURE","url":"https:\/\/www.parisheure.com\/","logo":{"@type":"ImageObject","inLanguage":"en-US","@id":"https:\/\/www.parisheure.com\/#\/schema\/logo\/image\/","url":"https:\/\/www.parisheure.com\/wp-content\/uploads\/2021\/07\/cropped-logo-paris-heure.png","contentUrl":"https:\/\/www.parisheure.com\/wp-content\/uploads\/2021\/07\/cropped-logo-paris-heure.png","width":512,"height":512,"caption":"PARIS HEURE"},"image":{"@id":"https:\/\/www.parisheure.com\/#\/schema\/logo\/image\/"},"sameAs":["https:\/\/www.facebook.com\/ParisHeure","https:\/\/www.instagram.com\/parisheure\/"]}]}},"jetpack_sharing_enabled":true,"brands":[{"id":437,"name":"Tudor","slug":"tudor"}],"_links":{"self":[{"href":"https:\/\/www.parisheure.com\/en\/wp-json\/wp\/v2\/product\/10686","targetHints":{"allow":["GET"]}}],"collection":[{"href":"https:\/\/www.parisheure.com\/en\/wp-json\/wp\/v2\/product"}],"about":[{"href":"https:\/\/www.parisheure.com\/en\/wp-json\/wp\/v2\/types\/product"}],"version-history":[{"count":1,"href":"https:\/\/www.parisheure.com\/en\/wp-json\/wp\/v2\/product\/10686\/revisions"}],"predecessor-version":[{"id":14126,"href":"https:\/\/www.parisheure.com\/en\/wp-json\/wp\/v2\/product\/10686\/revisions\/14126"}],"wp:featuredmedia":[{"embeddable":true,"href":"https:\/\/www.parisheure.com\/en\/wp-json\/wp\/v2\/media\/10721"}],"wp:attachment":[{"href":"https:\/\/www.parisheure.com\/en\/wp-json\/wp\/v2\/media?parent=10686"}],"wp:term":[{"taxonomy":"pwb-brand","embeddable":true,"href":"https:\/\/www.parisheure.com\/en\/wp-json\/wp\/v2\/pwb-brand?post=10686"},{"taxonomy":"product_brand","embeddable":true,"href":"https:\/\/www.parisheure.com\/en\/wp-json\/wp\/v2\/product_brand?post=10686"},{"taxonomy":"product_cat","embeddable":true,"href":"https:\/\/www.parisheure.com\/en\/wp-json\/wp\/v2\/product_cat?post=10686"},{"taxonomy":"product_tag","embeddable":true,"href":"https:\/\/www.parisheure.com\/en\/wp-json\/wp\/v2\/product_tag?post=10686"}],"curies":[{"name":"wp","href":"https:\/\/api.w.org\/{rel}","templated":true}]}}