{"id":10744,"date":"2021-08-04T12:29:35","date_gmt":"2021-08-04T10:29:35","guid":{"rendered":"https:\/\/www.parisheure.com\/?post_type=product&#038;p=10744"},"modified":"2024-10-23T10:33:03","modified_gmt":"2024-10-23T08:33:03","slug":"rolex-explorer-ii-ref-1655-mk1-straight-end-from-1972","status":"publish","type":"product","link":"https:\/\/www.parisheure.com\/en\/buy-watch\/rolex-explorer-ii-ref-1655-mk1-straight-end-from-1972\/","title":{"rendered":"ROLEX EXPLORER II REF 1655 MK1 STRAIGHT END from 1972"},"content":{"rendered":"<p><strong><em>Our opinion: <\/em><\/strong>A model apart from the Rolex collection with this watch designed for speleologists. Hence its 24-hour bezel, which is not directional in order to indicate to speologists whether it was 8 a.m. or 8 p.m. in an ultra-dark cave, for example. Same movement base as the gmt master I with the particularity of this large orange luminescent tritium hand indicating the time in 24 hours. A mythical little-produced watch and here in its very first version with mk1 dial, orange freccione hand and ultra rare straight hand. THE very first 1655 ever produced which makes it a historic model in the professional vintage Rolex collection of large collections that will find its place in any serious collection. Watch also delivered with its box and papers.<\/p>","protected":false},"excerpt":{"rendered":"<p><strong><em>Brand :\u00a0\u00a0 <\/em><\/strong>ROLEX<\/p>\n<p><strong><em>Model:\u00a0<\/em><\/strong>EXPLORER II<\/p>\n<p><strong><em>Reference :\u00a0<\/em><\/strong>1655<\/p>\n<p><strong><em>Year:\u00a0<\/em><\/strong>1972<\/p>\n<p><strong><em>Serial :<\/em><\/strong>\u00a0328XXXX<\/p>\n<p><strong><em>Diameter\u00a0: <\/em><\/strong>39 MM<\/p>\n<p><strong><em>Movement\u00a0:<\/em><\/strong> Automatic cal 1570<\/p>\n<p><strong><em>Case:\u00a0<\/em><\/strong>Very nice slighlty polished and very thick case with perfect angles, no shocks or major scratches. The proportions are well preserved. Excellent condition of the case, still very thick. First series thin case with its special winding cover and in perfect condition.<\/p>\n<p><strong><em>Dial:\u00a0<\/em><\/strong>Beautiful perfect original black dial with beautiful well-patinated tritium indexes and its orange \"freccione\" hand matching the first series of watches produced which took on this very particular patina. Ultra rare right hand and mk1 frog foot coronet dial. Perfect match of the patina of the hands and indexes.<\/p>\n<p><strong><em>Bezel: <\/em><\/strong><em>\u00a0<\/em>Beautiful MK2 bezel in perfect condition and unpolished with the numerals still well printed.<\/p>\n<p><strong><em>Bracelet:<\/em><\/strong> : Folded steel 7936 a little relaxed endlink 380 and clasp code 72<\/p>\n<p><strong><em>Accessories: <\/em><\/strong>\u00a0Original box and papers<\/p>","protected":false},"featured_media":10769,"template":"","meta":[],"pwb-brand":[432],"product_brand":[],"product_cat":[107,367,90,245],"product_tag":[283,299,106,127,300,101],"class_list":{"0":"post-10744","1":"product","2":"type-product","3":"status-publish","4":"has-post-thumbnail","6":"pwb-brand-rolex","7":"product_cat-archives","8":"product_cat-montres-paris-heure","9":"product_cat-rolex","10":"product_cat-rolex-explorer","11":"product_tag-283","12":"product_tag-exporer-ii","13":"product_tag-full-set","14":"product_tag-rolex","15":"product_tag-straight-hand","16":"product_tag-vintage","18":"first","19":"outofstock","20":"shipping-taxable","21":"product-type-simple"},"yoast_head":"<!-- This site is optimized with the Yoast SEO plugin v27.4 - https:\/\/yoast.com\/product\/yoast-seo-wordpress\/ -->\n<title>ROLEX EXPLORER II REF 1655 MK1 STRAIGHT END from 1972 &#8226; PARIS HEURE<\/title>\n<meta name=\"description\" content=\"Marque :\u00a0\u00a0 ROLEX  Mod\u00e8le :\u00a0EXPLORER II  R\u00e9f\u00e9rence :\u00a01655  Ann\u00e9e :\u00a01972  Serial :\u00a0328XXXX  Diam\u00e8tre\u00a0: 39 MM  Mouvement\u00a0: Automatique cal Rolex  Boite :\u00a0Tr\u00e8s beau boitier peu polie et bien \u00e9pais et avec des angles parfaits, aucun choc ni rayures importantes. Les proportions sont bien conserv\u00e9es. Excellent \u00e9tat de conservation du boitier encore tr\u00e8s \u00e9pais et peu polie. Boitier thin case premi\u00e8re s\u00e9rie avec son prot\u00e8ge remontoir si particulier et en parfait \u00e9tat.  Cadran :\u00a0Beau cadran noir d\u2019origine parfait avec des beaux indexes tritium bien patin\u00e9e et son aiguille orange \u00ab\u00a0freccione\u00a0\u00bb matchant les premi\u00e8res s\u00e9ries de montres produites qui prenait cette patine si particuli\u00e8re. Aiguille droite ultra rare et cadran mk1 frog foot coronet. Parfaite concordance de la patine des aiguilles et indexs.  Lunette\u00a0: \u00a0Belle lunette MK2 en parfait \u00e9tat et peu polie avec les chiffres encore bien imprim\u00e9s.  Bracelet :\u00a0Acier pli\u00e9 7936 un peu d\u00e9tendue endlink 380 et clasp code 72  Accessoires\u00a0: \u00a0Boite et papiers d\u2019origines\" \/>\n<meta name=\"robots\" content=\"index, follow, max-snippet:-1, max-image-preview:large, max-video-preview:-1\" \/>\n<link rel=\"canonical\" href=\"https:\/\/www.parisheure.com\/en\/buy-watch\/rolex-explorer-ii-ref-1655-mk1-straight-end-from-1972\/\" \/>\n<meta property=\"og:locale\" content=\"en_US\" \/>\n<meta property=\"og:type\" content=\"article\" \/>\n<meta property=\"og:title\" content=\"ROLEX EXPLORER II REF 1655 MK1 STRAIGHT END from 1972 &#8226; PARIS HEURE\" \/>\n<meta property=\"og:description\" content=\"Marque :\u00a0\u00a0 ROLEX  Mod\u00e8le :\u00a0EXPLORER II  R\u00e9f\u00e9rence :\u00a01655  Ann\u00e9e :\u00a01972  Serial :\u00a0328XXXX  Diam\u00e8tre\u00a0: 39 MM  Mouvement\u00a0: Automatique cal Rolex  Boite :\u00a0Tr\u00e8s beau boitier peu polie et bien \u00e9pais et avec des angles parfaits, aucun choc ni rayures importantes. Les proportions sont bien conserv\u00e9es. Excellent \u00e9tat de conservation du boitier encore tr\u00e8s \u00e9pais et peu polie. Boitier thin case premi\u00e8re s\u00e9rie avec son prot\u00e8ge remontoir si particulier et en parfait \u00e9tat.  Cadran :\u00a0Beau cadran noir d\u2019origine parfait avec des beaux indexes tritium bien patin\u00e9e et son aiguille orange \u00ab\u00a0freccione\u00a0\u00bb matchant les premi\u00e8res s\u00e9ries de montres produites qui prenait cette patine si particuli\u00e8re. Aiguille droite ultra rare et cadran mk1 frog foot coronet. Parfaite concordance de la patine des aiguilles et indexs.  Lunette\u00a0: \u00a0Belle lunette MK2 en parfait \u00e9tat et peu polie avec les chiffres encore bien imprim\u00e9s.  Bracelet :\u00a0Acier pli\u00e9 7936 un peu d\u00e9tendue endlink 380 et clasp code 72  Accessoires\u00a0: \u00a0Boite et papiers d\u2019origines\" \/>\n<meta property=\"og:url\" content=\"https:\/\/www.parisheure.com\/en\/buy-watch\/rolex-explorer-ii-ref-1655-mk1-straight-end-from-1972\/\" \/>\n<meta property=\"og:site_name\" content=\"PARIS HEURE\" \/>\n<meta property=\"article:publisher\" content=\"https:\/\/www.facebook.com\/ParisHeure\" \/>\n<meta property=\"article:modified_time\" content=\"2024-10-23T08:33:03+00:00\" \/>\n<meta property=\"og:image\" content=\"https:\/\/www.parisheure.com\/wp-content\/uploads\/2022\/02\/ROLEX-EXPLORER-II-REF-1655-MK1-LUNETTE-MK2-FULL-SET-N\u00b0328XXXX-_0024_Calque-2-scaled.jpg\" \/>\n\t<meta property=\"og:image:width\" content=\"2560\" \/>\n\t<meta property=\"og:image:height\" content=\"2560\" \/>\n\t<meta property=\"og:image:type\" content=\"image\/jpeg\" \/>\n<meta name=\"twitter:card\" content=\"summary_large_image\" \/>\n<script type=\"application\/ld+json\" class=\"yoast-schema-graph\">{\"@context\":\"https:\\\/\\\/schema.org\",\"@graph\":[{\"@type\":\"WebPage\",\"@id\":\"https:\\\/\\\/www.parisheure.com\\\/acheter-montre\\\/rolex-explorer-ii-ref-1655-mk1-straight-end-from-1972\\\/\",\"url\":\"https:\\\/\\\/www.parisheure.com\\\/acheter-montre\\\/rolex-explorer-ii-ref-1655-mk1-straight-end-from-1972\\\/\",\"name\":\"ROLEX EXPLORER II REF 1655 MK1 STRAIGHT END from 1972 &#8226; PARIS HEURE\",\"isPartOf\":{\"@id\":\"https:\\\/\\\/www.parisheure.com\\\/#website\"},\"primaryImageOfPage\":{\"@id\":\"https:\\\/\\\/www.parisheure.com\\\/acheter-montre\\\/rolex-explorer-ii-ref-1655-mk1-straight-end-from-1972\\\/#primaryimage\"},\"image\":{\"@id\":\"https:\\\/\\\/www.parisheure.com\\\/acheter-montre\\\/rolex-explorer-ii-ref-1655-mk1-straight-end-from-1972\\\/#primaryimage\"},\"thumbnailUrl\":\"https:\\\/\\\/www.parisheure.com\\\/wp-content\\\/uploads\\\/2022\\\/02\\\/ROLEX-EXPLORER-II-REF-1655-MK1-LUNETTE-MK2-FULL-SET-N\u00b0328XXXX-_0024_Calque-2-scaled.jpg\",\"datePublished\":\"2021-08-04T10:29:35+00:00\",\"dateModified\":\"2024-10-23T08:33:03+00:00\",\"description\":\"Marque :\u00a0\u00a0 ROLEX Mod\u00e8le :\u00a0EXPLORER II R\u00e9f\u00e9rence :\u00a01655 Ann\u00e9e :\u00a01972 Serial :\u00a0328XXXX Diam\u00e8tre\u00a0: 39 MM Mouvement\u00a0: Automatique cal Rolex Boite :\u00a0Tr\u00e8s beau boitier peu polie et bien \u00e9pais et avec des angles parfaits, aucun choc ni rayures importantes. Les proportions sont bien conserv\u00e9es. Excellent \u00e9tat de conservation du boitier encore tr\u00e8s \u00e9pais et peu polie. Boitier thin case premi\u00e8re s\u00e9rie avec son prot\u00e8ge remontoir si particulier et en parfait \u00e9tat. Cadran :\u00a0Beau cadran noir d\u2019origine parfait avec des beaux indexes tritium bien patin\u00e9e et son aiguille orange \u00ab\u00a0freccione\u00a0\u00bb matchant les premi\u00e8res s\u00e9ries de montres produites qui prenait cette patine si particuli\u00e8re. Aiguille droite ultra rare et cadran mk1 frog foot coronet. Parfaite concordance de la patine des aiguilles et indexs. Lunette\u00a0: \u00a0Belle lunette MK2 en parfait \u00e9tat et peu polie avec les chiffres encore bien imprim\u00e9s. Bracelet :\u00a0Acier pli\u00e9 7936 un peu d\u00e9tendue endlink 380 et clasp code 72 Accessoires\u00a0: \u00a0Boite et papiers d\u2019origines\",\"breadcrumb\":{\"@id\":\"https:\\\/\\\/www.parisheure.com\\\/acheter-montre\\\/rolex-explorer-ii-ref-1655-mk1-straight-end-from-1972\\\/#breadcrumb\"},\"inLanguage\":\"en-US\",\"potentialAction\":[{\"@type\":\"ReadAction\",\"target\":[\"https:\\\/\\\/www.parisheure.com\\\/acheter-montre\\\/rolex-explorer-ii-ref-1655-mk1-straight-end-from-1972\\\/\"]}]},{\"@type\":\"ImageObject\",\"inLanguage\":\"en-US\",\"@id\":\"https:\\\/\\\/www.parisheure.com\\\/acheter-montre\\\/rolex-explorer-ii-ref-1655-mk1-straight-end-from-1972\\\/#primaryimage\",\"url\":\"https:\\\/\\\/www.parisheure.com\\\/wp-content\\\/uploads\\\/2022\\\/02\\\/ROLEX-EXPLORER-II-REF-1655-MK1-LUNETTE-MK2-FULL-SET-N\u00b0328XXXX-_0024_Calque-2-scaled.jpg\",\"contentUrl\":\"https:\\\/\\\/www.parisheure.com\\\/wp-content\\\/uploads\\\/2022\\\/02\\\/ROLEX-EXPLORER-II-REF-1655-MK1-LUNETTE-MK2-FULL-SET-N\u00b0328XXXX-_0024_Calque-2-scaled.jpg\",\"width\":2560,\"height\":2560},{\"@type\":\"BreadcrumbList\",\"@id\":\"https:\\\/\\\/www.parisheure.com\\\/acheter-montre\\\/rolex-explorer-ii-ref-1655-mk1-straight-end-from-1972\\\/#breadcrumb\",\"itemListElement\":[{\"@type\":\"ListItem\",\"position\":1,\"name\":\"Accueil\",\"item\":\"https:\\\/\\\/www.parisheure.com\\\/\"},{\"@type\":\"ListItem\",\"position\":2,\"name\":\"WATCHES\",\"item\":\"https:\\\/\\\/www.parisheure.com\\\/\"},{\"@type\":\"ListItem\",\"position\":3,\"name\":\"ROLEX EXPLORER II REF 1655 MK1 STRAIGHT END from 1972\"}]},{\"@type\":\"WebSite\",\"@id\":\"https:\\\/\\\/www.parisheure.com\\\/#website\",\"url\":\"https:\\\/\\\/www.parisheure.com\\\/\",\"name\":\"PARIS HEURE\",\"description\":\"Vintage watches Paris\",\"publisher\":{\"@id\":\"https:\\\/\\\/www.parisheure.com\\\/#organization\"},\"potentialAction\":[{\"@type\":\"SearchAction\",\"target\":{\"@type\":\"EntryPoint\",\"urlTemplate\":\"https:\\\/\\\/www.parisheure.com\\\/?s={search_term_string}\"},\"query-input\":{\"@type\":\"PropertyValueSpecification\",\"valueRequired\":true,\"valueName\":\"search_term_string\"}}],\"inLanguage\":\"en-US\"},{\"@type\":\"Organization\",\"@id\":\"https:\\\/\\\/www.parisheure.com\\\/#organization\",\"name\":\"PARIS HEURE\",\"url\":\"https:\\\/\\\/www.parisheure.com\\\/\",\"logo\":{\"@type\":\"ImageObject\",\"inLanguage\":\"en-US\",\"@id\":\"https:\\\/\\\/www.parisheure.com\\\/#\\\/schema\\\/logo\\\/image\\\/\",\"url\":\"https:\\\/\\\/www.parisheure.com\\\/wp-content\\\/uploads\\\/2021\\\/07\\\/cropped-logo-paris-heure.png\",\"contentUrl\":\"https:\\\/\\\/www.parisheure.com\\\/wp-content\\\/uploads\\\/2021\\\/07\\\/cropped-logo-paris-heure.png\",\"width\":512,\"height\":512,\"caption\":\"PARIS HEURE\"},\"image\":{\"@id\":\"https:\\\/\\\/www.parisheure.com\\\/#\\\/schema\\\/logo\\\/image\\\/\"},\"sameAs\":[\"https:\\\/\\\/www.facebook.com\\\/ParisHeure\",\"https:\\\/\\\/www.instagram.com\\\/parisheure\\\/\"]}]}<\/script>\n<!-- \/ Yoast SEO plugin. -->","yoast_head_json":{"title":"ROLEX EXPLORER II REF 1655 MK1 STRAIGHT END from 1972 \u2022 PARIS HEURE","description":"Marque :\u00a0\u00a0 ROLEX  Mod\u00e8le :\u00a0EXPLORER II  R\u00e9f\u00e9rence :\u00a01655  Ann\u00e9e :\u00a01972  Serial :\u00a0328XXXX  Diam\u00e8tre\u00a0: 39 MM  Mouvement\u00a0: Automatique cal Rolex  Boite :\u00a0Tr\u00e8s beau boitier peu polie et bien \u00e9pais et avec des angles parfaits, aucun choc ni rayures importantes. Les proportions sont bien conserv\u00e9es. Excellent \u00e9tat de conservation du boitier encore tr\u00e8s \u00e9pais et peu polie. Boitier thin case premi\u00e8re s\u00e9rie avec son prot\u00e8ge remontoir si particulier et en parfait \u00e9tat.  Cadran :\u00a0Beau cadran noir d\u2019origine parfait avec des beaux indexes tritium bien patin\u00e9e et son aiguille orange \u00ab\u00a0freccione\u00a0\u00bb matchant les premi\u00e8res s\u00e9ries de montres produites qui prenait cette patine si particuli\u00e8re. Aiguille droite ultra rare et cadran mk1 frog foot coronet. Parfaite concordance de la patine des aiguilles et indexs.  Lunette\u00a0: \u00a0Belle lunette MK2 en parfait \u00e9tat et peu polie avec les chiffres encore bien imprim\u00e9s.  Bracelet :\u00a0Acier pli\u00e9 7936 un peu d\u00e9tendue endlink 380 et clasp code 72  Accessoires\u00a0: \u00a0Boite et papiers d\u2019origines","robots":{"index":"index","follow":"follow","max-snippet":"max-snippet:-1","max-image-preview":"max-image-preview:large","max-video-preview":"max-video-preview:-1"},"canonical":"https:\/\/www.parisheure.com\/en\/buy-watch\/rolex-explorer-ii-ref-1655-mk1-straight-end-from-1972\/","og_locale":"en_US","og_type":"article","og_title":"ROLEX EXPLORER II REF 1655 MK1 STRAIGHT END from 1972 &#8226; PARIS HEURE","og_description":"Marque :\u00a0\u00a0 ROLEX  Mod\u00e8le :\u00a0EXPLORER II  R\u00e9f\u00e9rence :\u00a01655  Ann\u00e9e :\u00a01972  Serial :\u00a0328XXXX  Diam\u00e8tre\u00a0: 39 MM  Mouvement\u00a0: Automatique cal Rolex  Boite :\u00a0Tr\u00e8s beau boitier peu polie et bien \u00e9pais et avec des angles parfaits, aucun choc ni rayures importantes. Les proportions sont bien conserv\u00e9es. Excellent \u00e9tat de conservation du boitier encore tr\u00e8s \u00e9pais et peu polie. Boitier thin case premi\u00e8re s\u00e9rie avec son prot\u00e8ge remontoir si particulier et en parfait \u00e9tat.  Cadran :\u00a0Beau cadran noir d\u2019origine parfait avec des beaux indexes tritium bien patin\u00e9e et son aiguille orange \u00ab\u00a0freccione\u00a0\u00bb matchant les premi\u00e8res s\u00e9ries de montres produites qui prenait cette patine si particuli\u00e8re. Aiguille droite ultra rare et cadran mk1 frog foot coronet. Parfaite concordance de la patine des aiguilles et indexs.  Lunette\u00a0: \u00a0Belle lunette MK2 en parfait \u00e9tat et peu polie avec les chiffres encore bien imprim\u00e9s.  Bracelet :\u00a0Acier pli\u00e9 7936 un peu d\u00e9tendue endlink 380 et clasp code 72  Accessoires\u00a0: \u00a0Boite et papiers d\u2019origines","og_url":"https:\/\/www.parisheure.com\/en\/buy-watch\/rolex-explorer-ii-ref-1655-mk1-straight-end-from-1972\/","og_site_name":"PARIS HEURE","article_publisher":"https:\/\/www.facebook.com\/ParisHeure","article_modified_time":"2024-10-23T08:33:03+00:00","og_image":[{"width":2560,"height":2560,"url":"https:\/\/www.parisheure.com\/wp-content\/uploads\/2022\/02\/ROLEX-EXPLORER-II-REF-1655-MK1-LUNETTE-MK2-FULL-SET-N\u00b0328XXXX-_0024_Calque-2-scaled.jpg","type":"image\/jpeg"}],"twitter_card":"summary_large_image","schema":{"@context":"https:\/\/schema.org","@graph":[{"@type":"WebPage","@id":"https:\/\/www.parisheure.com\/acheter-montre\/rolex-explorer-ii-ref-1655-mk1-straight-end-from-1972\/","url":"https:\/\/www.parisheure.com\/acheter-montre\/rolex-explorer-ii-ref-1655-mk1-straight-end-from-1972\/","name":"ROLEX EXPLORER II REF 1655 MK1 STRAIGHT END from 1972 \u2022 PARIS HEURE","isPartOf":{"@id":"https:\/\/www.parisheure.com\/#website"},"primaryImageOfPage":{"@id":"https:\/\/www.parisheure.com\/acheter-montre\/rolex-explorer-ii-ref-1655-mk1-straight-end-from-1972\/#primaryimage"},"image":{"@id":"https:\/\/www.parisheure.com\/acheter-montre\/rolex-explorer-ii-ref-1655-mk1-straight-end-from-1972\/#primaryimage"},"thumbnailUrl":"https:\/\/www.parisheure.com\/wp-content\/uploads\/2022\/02\/ROLEX-EXPLORER-II-REF-1655-MK1-LUNETTE-MK2-FULL-SET-N\u00b0328XXXX-_0024_Calque-2-scaled.jpg","datePublished":"2021-08-04T10:29:35+00:00","dateModified":"2024-10-23T08:33:03+00:00","description":"Marque :\u00a0\u00a0 ROLEX Mod\u00e8le :\u00a0EXPLORER II R\u00e9f\u00e9rence :\u00a01655 Ann\u00e9e :\u00a01972 Serial :\u00a0328XXXX Diam\u00e8tre\u00a0: 39 MM Mouvement\u00a0: Automatique cal Rolex Boite :\u00a0Tr\u00e8s beau boitier peu polie et bien \u00e9pais et avec des angles parfaits, aucun choc ni rayures importantes. Les proportions sont bien conserv\u00e9es. Excellent \u00e9tat de conservation du boitier encore tr\u00e8s \u00e9pais et peu polie. Boitier thin case premi\u00e8re s\u00e9rie avec son prot\u00e8ge remontoir si particulier et en parfait \u00e9tat. Cadran :\u00a0Beau cadran noir d\u2019origine parfait avec des beaux indexes tritium bien patin\u00e9e et son aiguille orange \u00ab\u00a0freccione\u00a0\u00bb matchant les premi\u00e8res s\u00e9ries de montres produites qui prenait cette patine si particuli\u00e8re. Aiguille droite ultra rare et cadran mk1 frog foot coronet. Parfaite concordance de la patine des aiguilles et indexs. Lunette\u00a0: \u00a0Belle lunette MK2 en parfait \u00e9tat et peu polie avec les chiffres encore bien imprim\u00e9s. Bracelet :\u00a0Acier pli\u00e9 7936 un peu d\u00e9tendue endlink 380 et clasp code 72 Accessoires\u00a0: \u00a0Boite et papiers d\u2019origines","breadcrumb":{"@id":"https:\/\/www.parisheure.com\/acheter-montre\/rolex-explorer-ii-ref-1655-mk1-straight-end-from-1972\/#breadcrumb"},"inLanguage":"en-US","potentialAction":[{"@type":"ReadAction","target":["https:\/\/www.parisheure.com\/acheter-montre\/rolex-explorer-ii-ref-1655-mk1-straight-end-from-1972\/"]}]},{"@type":"ImageObject","inLanguage":"en-US","@id":"https:\/\/www.parisheure.com\/acheter-montre\/rolex-explorer-ii-ref-1655-mk1-straight-end-from-1972\/#primaryimage","url":"https:\/\/www.parisheure.com\/wp-content\/uploads\/2022\/02\/ROLEX-EXPLORER-II-REF-1655-MK1-LUNETTE-MK2-FULL-SET-N\u00b0328XXXX-_0024_Calque-2-scaled.jpg","contentUrl":"https:\/\/www.parisheure.com\/wp-content\/uploads\/2022\/02\/ROLEX-EXPLORER-II-REF-1655-MK1-LUNETTE-MK2-FULL-SET-N\u00b0328XXXX-_0024_Calque-2-scaled.jpg","width":2560,"height":2560},{"@type":"BreadcrumbList","@id":"https:\/\/www.parisheure.com\/acheter-montre\/rolex-explorer-ii-ref-1655-mk1-straight-end-from-1972\/#breadcrumb","itemListElement":[{"@type":"ListItem","position":1,"name":"Accueil","item":"https:\/\/www.parisheure.com\/"},{"@type":"ListItem","position":2,"name":"WATCHES","item":"https:\/\/www.parisheure.com\/"},{"@type":"ListItem","position":3,"name":"ROLEX EXPLORER II REF 1655 MK1 STRAIGHT END from 1972"}]},{"@type":"WebSite","@id":"https:\/\/www.parisheure.com\/#website","url":"https:\/\/www.parisheure.com\/","name":"PARIS HEURE","description":"Vintage watches Paris","publisher":{"@id":"https:\/\/www.parisheure.com\/#organization"},"potentialAction":[{"@type":"SearchAction","target":{"@type":"EntryPoint","urlTemplate":"https:\/\/www.parisheure.com\/?s={search_term_string}"},"query-input":{"@type":"PropertyValueSpecification","valueRequired":true,"valueName":"search_term_string"}}],"inLanguage":"en-US"},{"@type":"Organization","@id":"https:\/\/www.parisheure.com\/#organization","name":"PARIS HEURE","url":"https:\/\/www.parisheure.com\/","logo":{"@type":"ImageObject","inLanguage":"en-US","@id":"https:\/\/www.parisheure.com\/#\/schema\/logo\/image\/","url":"https:\/\/www.parisheure.com\/wp-content\/uploads\/2021\/07\/cropped-logo-paris-heure.png","contentUrl":"https:\/\/www.parisheure.com\/wp-content\/uploads\/2021\/07\/cropped-logo-paris-heure.png","width":512,"height":512,"caption":"PARIS HEURE"},"image":{"@id":"https:\/\/www.parisheure.com\/#\/schema\/logo\/image\/"},"sameAs":["https:\/\/www.facebook.com\/ParisHeure","https:\/\/www.instagram.com\/parisheure\/"]}]}},"jetpack_sharing_enabled":true,"brands":[{"id":432,"name":"Rolex","slug":"rolex"}],"_links":{"self":[{"href":"https:\/\/www.parisheure.com\/en\/wp-json\/wp\/v2\/product\/10744","targetHints":{"allow":["GET"]}}],"collection":[{"href":"https:\/\/www.parisheure.com\/en\/wp-json\/wp\/v2\/product"}],"about":[{"href":"https:\/\/www.parisheure.com\/en\/wp-json\/wp\/v2\/types\/product"}],"version-history":[{"count":1,"href":"https:\/\/www.parisheure.com\/en\/wp-json\/wp\/v2\/product\/10744\/revisions"}],"predecessor-version":[{"id":14192,"href":"https:\/\/www.parisheure.com\/en\/wp-json\/wp\/v2\/product\/10744\/revisions\/14192"}],"wp:featuredmedia":[{"embeddable":true,"href":"https:\/\/www.parisheure.com\/en\/wp-json\/wp\/v2\/media\/10769"}],"wp:attachment":[{"href":"https:\/\/www.parisheure.com\/en\/wp-json\/wp\/v2\/media?parent=10744"}],"wp:term":[{"taxonomy":"pwb-brand","embeddable":true,"href":"https:\/\/www.parisheure.com\/en\/wp-json\/wp\/v2\/pwb-brand?post=10744"},{"taxonomy":"product_brand","embeddable":true,"href":"https:\/\/www.parisheure.com\/en\/wp-json\/wp\/v2\/product_brand?post=10744"},{"taxonomy":"product_cat","embeddable":true,"href":"https:\/\/www.parisheure.com\/en\/wp-json\/wp\/v2\/product_cat?post=10744"},{"taxonomy":"product_tag","embeddable":true,"href":"https:\/\/www.parisheure.com\/en\/wp-json\/wp\/v2\/product_tag?post=10744"}],"curies":[{"name":"wp","href":"https:\/\/api.w.org\/{rel}","templated":true}]}}