{"id":10817,"date":"2022-02-05T16:33:15","date_gmt":"2022-02-05T15:33:15","guid":{"rendered":"https:\/\/www.parisheure.com\/?post_type=product&#038;p=10817"},"modified":"2024-10-22T16:39:20","modified_gmt":"2024-10-22T14:39:20","slug":"rolex-datejust-oysterquartz-ref-17000-acier-from-1988","status":"publish","type":"product","link":"https:\/\/www.parisheure.com\/en\/buy-watch\/rolex-datejust-oysterquartz-ref-17000-acier-from-1988\/","title":{"rendered":"Rolex datejust oysterquartz ref 17000 acier from 1988  ( stock paris heure )"},"content":{"rendered":"<p><strong>Our opinion:<\/strong> Une Rolex simple, intemporelle, lunette lisse d\u2019origine r\u00e9f\u00e9rence 17000, classique, increvable, ind\u00e9modable, pouvant aussi bien convenir \u00e0 un homme ou une femme et qui donne la date. Belle datejust oysterquartz peu produites avec sa forme si particuli\u00e8re, mouvement quartz, verre saphir, couronne et fond de boite vis\u00e9s. Cadran silver t swiss made t. Une belle montre vintage moins cher que les modernes en verre saphir et qui a la cote en ce moment alors n\u2019h\u00e9sitez pas avant que le march\u00e9 r\u00e9ajuste son prix !!!<\/p>","protected":false},"excerpt":{"rendered":"<h4><strong>Rolex datejust oysterquartz ref 17000 acier from 1988\u00a0<\/strong><\/h4>\n<p><strong><em>Movement<\/em><\/strong><strong>\u00a0: <\/strong>Quartz<\/p>\n<p><strong><em>R\u00e9f\u00e9rence<\/em><\/strong><strong>:<\/strong>\u00a017000<\/p>\n<p><strong><em>Diam\u00e8tre<\/em><\/strong><strong>\u00a0: <\/strong>36mm<\/p>\n<p><strong><em>Serial : <\/em><\/strong>R324XXX<\/p>\n<p><strong><em>Ann\u00e9e<\/em><\/strong><strong>:<\/strong>\u00a01988<\/p>\n<p><strong><em>Boite<\/em><\/strong><strong>:<\/strong> Tr\u00e8s beau boitier sp\u00e9cial qui a un look d\u2019Audemars Piguet un peu ,pas trop polie lunette d\u2019origine en parfait \u00e9tat. Les angles ne sont pas arrondis assez rare car mod\u00e8le tr\u00e8s souvent tr\u00e8s polie, aucuns chocs visibles. Quelques micro-rayures d\u2019usage. Le boitier reste bien \u00e9pais et en bel \u00e9tat g\u00e9n\u00e9rale de conservation. Lunette en parfait \u00e9tat.<\/p>\n<p><strong><em>Dial<\/em><\/strong><strong>:<\/strong>\u00a0Beautiful original silver t Swiss made t dial in very good condition with slight patina. All tritium points react perfectly to uv then go out naturally as well as the original hands.<\/p>\n<p><strong>Bracelet:<\/strong>\u00a0Spacial steel oysterquartz ref 17000B clasp code M10<\/p>\n<p><strong>Accessories: <\/strong>None<\/p>","protected":false},"featured_media":10833,"template":"","meta":[],"pwb-brand":[432],"product_brand":[],"product_cat":[107,367,90,249],"product_tag":[304,131,303,305,127,306,101],"class_list":{"0":"post-10817","1":"product","2":"type-product","3":"status-publish","4":"has-post-thumbnail","6":"pwb-brand-rolex","7":"product_cat-archives","8":"product_cat-montres-paris-heure","9":"product_cat-rolex","10":"product_cat-rolex-datejust","11":"product_tag-304","12":"product_tag-datejust","13":"product_tag-oysterquartz","14":"product_tag-quartz","15":"product_tag-rolex","16":"product_tag-siver","17":"product_tag-vintage","19":"first","20":"outofstock","21":"shipping-taxable","22":"product-type-simple"},"yoast_head":"<!-- This site is optimized with the Yoast SEO plugin v27.4 - https:\/\/yoast.com\/product\/yoast-seo-wordpress\/ -->\n<title>Rolex datejust oysterquartz ref 17000 acier from 1988&#8226; PARIS HEURE<\/title>\n<meta name=\"description\" content=\"Rolex datejust oysterquartz ref 17000 acier from 1988\u00a0Mouvement\u00a0: Quartz R\u00e9f\u00e9rence:\u00a017000 Diam\u00e8tre\u00a0: 36mm Serial\u00a0: R324XXX Ann\u00e9e:\u00a01988 Boite:\u00a0Tr\u00e8s belle\" \/>\n<meta name=\"robots\" content=\"index, follow, max-snippet:-1, max-image-preview:large, max-video-preview:-1\" \/>\n<link rel=\"canonical\" href=\"https:\/\/www.parisheure.com\/en\/buy-watch\/rolex-datejust-oysterquartz-ref-17000-acier-from-1988\/\" \/>\n<meta property=\"og:locale\" content=\"en_US\" \/>\n<meta property=\"og:type\" content=\"article\" \/>\n<meta property=\"og:title\" content=\"Rolex datejust oysterquartz ref 17000 acier from 1988&#8226; PARIS HEURE\" \/>\n<meta property=\"og:description\" content=\"Rolex datejust oysterquartz ref 17000 acier from 1988\u00a0Mouvement\u00a0: Quartz R\u00e9f\u00e9rence:\u00a017000 Diam\u00e8tre\u00a0: 36mm Serial\u00a0: R324XXX Ann\u00e9e:\u00a01988 Boite:\u00a0Tr\u00e8s belle\" \/>\n<meta property=\"og:url\" content=\"https:\/\/www.parisheure.com\/en\/buy-watch\/rolex-datejust-oysterquartz-ref-17000-acier-from-1988\/\" \/>\n<meta property=\"og:site_name\" content=\"PARIS HEURE\" \/>\n<meta property=\"article:publisher\" content=\"https:\/\/www.facebook.com\/ParisHeure\" \/>\n<meta property=\"article:modified_time\" content=\"2024-10-22T14:39:20+00:00\" \/>\n<meta property=\"og:image\" content=\"https:\/\/www.parisheure.com\/wp-content\/uploads\/2022\/02\/ROLEX-DATEJUSTQUARTZ-REF-17000-SILVER-DIAL-ACIER-N\u00b0R324XXX-_0015_Calque-2-scaled.jpg\" \/>\n\t<meta property=\"og:image:width\" content=\"2560\" \/>\n\t<meta property=\"og:image:height\" content=\"2560\" \/>\n\t<meta property=\"og:image:type\" content=\"image\/jpeg\" \/>\n<meta name=\"twitter:card\" content=\"summary_large_image\" \/>\n<script type=\"application\/ld+json\" class=\"yoast-schema-graph\">{\"@context\":\"https:\\\/\\\/schema.org\",\"@graph\":[{\"@type\":\"WebPage\",\"@id\":\"https:\\\/\\\/www.parisheure.com\\\/acheter-montre\\\/rolex-datejust-oysterquartz-ref-17000-acier-from-1988\\\/\",\"url\":\"https:\\\/\\\/www.parisheure.com\\\/acheter-montre\\\/rolex-datejust-oysterquartz-ref-17000-acier-from-1988\\\/\",\"name\":\"Rolex datejust oysterquartz ref 17000 acier from 1988&#8226; PARIS HEURE\",\"isPartOf\":{\"@id\":\"https:\\\/\\\/www.parisheure.com\\\/#website\"},\"primaryImageOfPage\":{\"@id\":\"https:\\\/\\\/www.parisheure.com\\\/acheter-montre\\\/rolex-datejust-oysterquartz-ref-17000-acier-from-1988\\\/#primaryimage\"},\"image\":{\"@id\":\"https:\\\/\\\/www.parisheure.com\\\/acheter-montre\\\/rolex-datejust-oysterquartz-ref-17000-acier-from-1988\\\/#primaryimage\"},\"thumbnailUrl\":\"https:\\\/\\\/www.parisheure.com\\\/wp-content\\\/uploads\\\/2022\\\/02\\\/ROLEX-DATEJUSTQUARTZ-REF-17000-SILVER-DIAL-ACIER-N\u00b0R324XXX-_0015_Calque-2-scaled.jpg\",\"datePublished\":\"2022-02-05T15:33:15+00:00\",\"dateModified\":\"2024-10-22T14:39:20+00:00\",\"description\":\"Rolex datejust oysterquartz ref 17000 acier from 1988\u00a0Mouvement\u00a0: Quartz R\u00e9f\u00e9rence:\u00a017000 Diam\u00e8tre\u00a0: 36mm Serial\u00a0: R324XXX Ann\u00e9e:\u00a01988 Boite:\u00a0Tr\u00e8s belle\",\"breadcrumb\":{\"@id\":\"https:\\\/\\\/www.parisheure.com\\\/acheter-montre\\\/rolex-datejust-oysterquartz-ref-17000-acier-from-1988\\\/#breadcrumb\"},\"inLanguage\":\"en-US\",\"potentialAction\":[{\"@type\":\"ReadAction\",\"target\":[\"https:\\\/\\\/www.parisheure.com\\\/acheter-montre\\\/rolex-datejust-oysterquartz-ref-17000-acier-from-1988\\\/\"]}]},{\"@type\":\"ImageObject\",\"inLanguage\":\"en-US\",\"@id\":\"https:\\\/\\\/www.parisheure.com\\\/acheter-montre\\\/rolex-datejust-oysterquartz-ref-17000-acier-from-1988\\\/#primaryimage\",\"url\":\"https:\\\/\\\/www.parisheure.com\\\/wp-content\\\/uploads\\\/2022\\\/02\\\/ROLEX-DATEJUSTQUARTZ-REF-17000-SILVER-DIAL-ACIER-N\u00b0R324XXX-_0015_Calque-2-scaled.jpg\",\"contentUrl\":\"https:\\\/\\\/www.parisheure.com\\\/wp-content\\\/uploads\\\/2022\\\/02\\\/ROLEX-DATEJUSTQUARTZ-REF-17000-SILVER-DIAL-ACIER-N\u00b0R324XXX-_0015_Calque-2-scaled.jpg\",\"width\":2560,\"height\":2560},{\"@type\":\"BreadcrumbList\",\"@id\":\"https:\\\/\\\/www.parisheure.com\\\/acheter-montre\\\/rolex-datejust-oysterquartz-ref-17000-acier-from-1988\\\/#breadcrumb\",\"itemListElement\":[{\"@type\":\"ListItem\",\"position\":1,\"name\":\"Accueil\",\"item\":\"https:\\\/\\\/www.parisheure.com\\\/\"},{\"@type\":\"ListItem\",\"position\":2,\"name\":\"WATCHES\",\"item\":\"https:\\\/\\\/www.parisheure.com\\\/\"},{\"@type\":\"ListItem\",\"position\":3,\"name\":\"Rolex datejust oysterquartz ref 17000 acier from 1988 ( stock paris heure )\"}]},{\"@type\":\"WebSite\",\"@id\":\"https:\\\/\\\/www.parisheure.com\\\/#website\",\"url\":\"https:\\\/\\\/www.parisheure.com\\\/\",\"name\":\"PARIS HEURE\",\"description\":\"Vintage watches Paris\",\"publisher\":{\"@id\":\"https:\\\/\\\/www.parisheure.com\\\/#organization\"},\"potentialAction\":[{\"@type\":\"SearchAction\",\"target\":{\"@type\":\"EntryPoint\",\"urlTemplate\":\"https:\\\/\\\/www.parisheure.com\\\/?s={search_term_string}\"},\"query-input\":{\"@type\":\"PropertyValueSpecification\",\"valueRequired\":true,\"valueName\":\"search_term_string\"}}],\"inLanguage\":\"en-US\"},{\"@type\":\"Organization\",\"@id\":\"https:\\\/\\\/www.parisheure.com\\\/#organization\",\"name\":\"PARIS HEURE\",\"url\":\"https:\\\/\\\/www.parisheure.com\\\/\",\"logo\":{\"@type\":\"ImageObject\",\"inLanguage\":\"en-US\",\"@id\":\"https:\\\/\\\/www.parisheure.com\\\/#\\\/schema\\\/logo\\\/image\\\/\",\"url\":\"https:\\\/\\\/www.parisheure.com\\\/wp-content\\\/uploads\\\/2021\\\/07\\\/cropped-logo-paris-heure.png\",\"contentUrl\":\"https:\\\/\\\/www.parisheure.com\\\/wp-content\\\/uploads\\\/2021\\\/07\\\/cropped-logo-paris-heure.png\",\"width\":512,\"height\":512,\"caption\":\"PARIS HEURE\"},\"image\":{\"@id\":\"https:\\\/\\\/www.parisheure.com\\\/#\\\/schema\\\/logo\\\/image\\\/\"},\"sameAs\":[\"https:\\\/\\\/www.facebook.com\\\/ParisHeure\",\"https:\\\/\\\/www.instagram.com\\\/parisheure\\\/\"]}]}<\/script>\n<!-- \/ Yoast SEO plugin. -->","yoast_head_json":{"title":"Rolex datejust oysterquartz ref 17000 acier from 1988&#8226; PARIS HEURE","description":"Rolex datejust oysterquartz ref 17000 acier from 1988\u00a0Mouvement\u00a0: Quartz R\u00e9f\u00e9rence:\u00a017000 Diam\u00e8tre\u00a0: 36mm Serial\u00a0: R324XXX Ann\u00e9e:\u00a01988 Boite:\u00a0Tr\u00e8s belle","robots":{"index":"index","follow":"follow","max-snippet":"max-snippet:-1","max-image-preview":"max-image-preview:large","max-video-preview":"max-video-preview:-1"},"canonical":"https:\/\/www.parisheure.com\/en\/buy-watch\/rolex-datejust-oysterquartz-ref-17000-acier-from-1988\/","og_locale":"en_US","og_type":"article","og_title":"Rolex datejust oysterquartz ref 17000 acier from 1988&#8226; PARIS HEURE","og_description":"Rolex datejust oysterquartz ref 17000 acier from 1988\u00a0Mouvement\u00a0: Quartz R\u00e9f\u00e9rence:\u00a017000 Diam\u00e8tre\u00a0: 36mm Serial\u00a0: R324XXX Ann\u00e9e:\u00a01988 Boite:\u00a0Tr\u00e8s belle","og_url":"https:\/\/www.parisheure.com\/en\/buy-watch\/rolex-datejust-oysterquartz-ref-17000-acier-from-1988\/","og_site_name":"PARIS HEURE","article_publisher":"https:\/\/www.facebook.com\/ParisHeure","article_modified_time":"2024-10-22T14:39:20+00:00","og_image":[{"width":2560,"height":2560,"url":"https:\/\/www.parisheure.com\/wp-content\/uploads\/2022\/02\/ROLEX-DATEJUSTQUARTZ-REF-17000-SILVER-DIAL-ACIER-N\u00b0R324XXX-_0015_Calque-2-scaled.jpg","type":"image\/jpeg"}],"twitter_card":"summary_large_image","schema":{"@context":"https:\/\/schema.org","@graph":[{"@type":"WebPage","@id":"https:\/\/www.parisheure.com\/acheter-montre\/rolex-datejust-oysterquartz-ref-17000-acier-from-1988\/","url":"https:\/\/www.parisheure.com\/acheter-montre\/rolex-datejust-oysterquartz-ref-17000-acier-from-1988\/","name":"Rolex datejust oysterquartz ref 17000 acier from 1988&#8226; PARIS HEURE","isPartOf":{"@id":"https:\/\/www.parisheure.com\/#website"},"primaryImageOfPage":{"@id":"https:\/\/www.parisheure.com\/acheter-montre\/rolex-datejust-oysterquartz-ref-17000-acier-from-1988\/#primaryimage"},"image":{"@id":"https:\/\/www.parisheure.com\/acheter-montre\/rolex-datejust-oysterquartz-ref-17000-acier-from-1988\/#primaryimage"},"thumbnailUrl":"https:\/\/www.parisheure.com\/wp-content\/uploads\/2022\/02\/ROLEX-DATEJUSTQUARTZ-REF-17000-SILVER-DIAL-ACIER-N\u00b0R324XXX-_0015_Calque-2-scaled.jpg","datePublished":"2022-02-05T15:33:15+00:00","dateModified":"2024-10-22T14:39:20+00:00","description":"Rolex datejust oysterquartz ref 17000 acier from 1988\u00a0Mouvement\u00a0: Quartz R\u00e9f\u00e9rence:\u00a017000 Diam\u00e8tre\u00a0: 36mm Serial\u00a0: R324XXX Ann\u00e9e:\u00a01988 Boite:\u00a0Tr\u00e8s belle","breadcrumb":{"@id":"https:\/\/www.parisheure.com\/acheter-montre\/rolex-datejust-oysterquartz-ref-17000-acier-from-1988\/#breadcrumb"},"inLanguage":"en-US","potentialAction":[{"@type":"ReadAction","target":["https:\/\/www.parisheure.com\/acheter-montre\/rolex-datejust-oysterquartz-ref-17000-acier-from-1988\/"]}]},{"@type":"ImageObject","inLanguage":"en-US","@id":"https:\/\/www.parisheure.com\/acheter-montre\/rolex-datejust-oysterquartz-ref-17000-acier-from-1988\/#primaryimage","url":"https:\/\/www.parisheure.com\/wp-content\/uploads\/2022\/02\/ROLEX-DATEJUSTQUARTZ-REF-17000-SILVER-DIAL-ACIER-N\u00b0R324XXX-_0015_Calque-2-scaled.jpg","contentUrl":"https:\/\/www.parisheure.com\/wp-content\/uploads\/2022\/02\/ROLEX-DATEJUSTQUARTZ-REF-17000-SILVER-DIAL-ACIER-N\u00b0R324XXX-_0015_Calque-2-scaled.jpg","width":2560,"height":2560},{"@type":"BreadcrumbList","@id":"https:\/\/www.parisheure.com\/acheter-montre\/rolex-datejust-oysterquartz-ref-17000-acier-from-1988\/#breadcrumb","itemListElement":[{"@type":"ListItem","position":1,"name":"Accueil","item":"https:\/\/www.parisheure.com\/"},{"@type":"ListItem","position":2,"name":"WATCHES","item":"https:\/\/www.parisheure.com\/"},{"@type":"ListItem","position":3,"name":"Rolex datejust oysterquartz ref 17000 acier from 1988 ( stock paris heure )"}]},{"@type":"WebSite","@id":"https:\/\/www.parisheure.com\/#website","url":"https:\/\/www.parisheure.com\/","name":"PARIS HEURE","description":"Vintage watches Paris","publisher":{"@id":"https:\/\/www.parisheure.com\/#organization"},"potentialAction":[{"@type":"SearchAction","target":{"@type":"EntryPoint","urlTemplate":"https:\/\/www.parisheure.com\/?s={search_term_string}"},"query-input":{"@type":"PropertyValueSpecification","valueRequired":true,"valueName":"search_term_string"}}],"inLanguage":"en-US"},{"@type":"Organization","@id":"https:\/\/www.parisheure.com\/#organization","name":"PARIS HEURE","url":"https:\/\/www.parisheure.com\/","logo":{"@type":"ImageObject","inLanguage":"en-US","@id":"https:\/\/www.parisheure.com\/#\/schema\/logo\/image\/","url":"https:\/\/www.parisheure.com\/wp-content\/uploads\/2021\/07\/cropped-logo-paris-heure.png","contentUrl":"https:\/\/www.parisheure.com\/wp-content\/uploads\/2021\/07\/cropped-logo-paris-heure.png","width":512,"height":512,"caption":"PARIS HEURE"},"image":{"@id":"https:\/\/www.parisheure.com\/#\/schema\/logo\/image\/"},"sameAs":["https:\/\/www.facebook.com\/ParisHeure","https:\/\/www.instagram.com\/parisheure\/"]}]}},"jetpack_sharing_enabled":true,"brands":[{"id":432,"name":"Rolex","slug":"rolex"}],"_links":{"self":[{"href":"https:\/\/www.parisheure.com\/en\/wp-json\/wp\/v2\/product\/10817","targetHints":{"allow":["GET"]}}],"collection":[{"href":"https:\/\/www.parisheure.com\/en\/wp-json\/wp\/v2\/product"}],"about":[{"href":"https:\/\/www.parisheure.com\/en\/wp-json\/wp\/v2\/types\/product"}],"version-history":[{"count":3,"href":"https:\/\/www.parisheure.com\/en\/wp-json\/wp\/v2\/product\/10817\/revisions"}],"predecessor-version":[{"id":14117,"href":"https:\/\/www.parisheure.com\/en\/wp-json\/wp\/v2\/product\/10817\/revisions\/14117"}],"wp:featuredmedia":[{"embeddable":true,"href":"https:\/\/www.parisheure.com\/en\/wp-json\/wp\/v2\/media\/10833"}],"wp:attachment":[{"href":"https:\/\/www.parisheure.com\/en\/wp-json\/wp\/v2\/media?parent=10817"}],"wp:term":[{"taxonomy":"pwb-brand","embeddable":true,"href":"https:\/\/www.parisheure.com\/en\/wp-json\/wp\/v2\/pwb-brand?post=10817"},{"taxonomy":"product_brand","embeddable":true,"href":"https:\/\/www.parisheure.com\/en\/wp-json\/wp\/v2\/product_brand?post=10817"},{"taxonomy":"product_cat","embeddable":true,"href":"https:\/\/www.parisheure.com\/en\/wp-json\/wp\/v2\/product_cat?post=10817"},{"taxonomy":"product_tag","embeddable":true,"href":"https:\/\/www.parisheure.com\/en\/wp-json\/wp\/v2\/product_tag?post=10817"}],"curies":[{"name":"wp","href":"https:\/\/api.w.org\/{rel}","templated":true}]}}