{"id":10835,"date":"2022-02-05T16:38:48","date_gmt":"2022-02-05T15:38:48","guid":{"rendered":"https:\/\/www.parisheure.com\/?post_type=product&#038;p=10835"},"modified":"2024-10-23T10:30:06","modified_gmt":"2024-10-23T08:30:06","slug":"rolex-gmt-master-pepsi-ref-1675-mat-dial-mk5-from-1976","status":"publish","type":"product","link":"https:\/\/www.parisheure.com\/en\/buy-watch\/rolex-gmt-master-pepsi-ref-1675-mat-dial-mk5-from-1976\/","title":{"rendered":"ROLEX GMT MASTER PEPSI REF 1675 MAT DIAL MK5 from 1976"},"content":{"rendered":"<p><strong><em>Our opinion: <\/em><\/strong>The GMT has become more legendary than the Submariner recently with a very long wait for the return of the Pepsi bezel. When it was released, it created a huge speculation effect on all GMTs and collectors appreciated them even more than in the past. This is rare in its reference 1675 MK5 version with a black ghost bezel and its armored steel bracelet. Model reissued by Rolex and which launched the new speculation of the GMT master PEPSI. Matt dial with a slight patina and an insert that matches these vintages so well. Such a beautiful collector's watch with so much character. The watch is slightly polished, still thick, an extremely rare model in this configuration. The true investment value of Rolex. In addition, new ones are sold even more expensive than these rare and limited production models. So hurry before they explode in price!<\/p>","protected":false},"excerpt":{"rendered":"<p><strong><em>Brand:\u00a0\u00a0 <\/em><\/strong>ROLEX<\/p>\n<p><strong><em>Model:\u00a0<\/em><\/strong>GMT-MASTER<\/p>\n<p><strong><em>Reference:\u00a0<\/em><\/strong>1675<\/p>\n<p><strong><em>Year:\u00a0<\/em><\/strong>1976<\/p>\n<p><strong><em>Serial :\u00a0<\/em><\/strong>416XXXX<\/p>\n<p><strong><em>Bezel: <\/em><\/strong>Magnificent black ghost insert that gives the watch such a unique look with a beautiful and quite sought-after patina.<\/p>\n<p><strong><em>Case:\u00a0<\/em><\/strong>Very nice slightly polished case, very thick and with perfect angles, no shocks or major scratches. Excellent state of preservation of the case, which is still very thick. Equipped with a beautiful tropic 38 glass without date window which gives a unique look to the watch.<\/p>\n<p><strong><em>Movement\u00a0:<\/em><\/strong> Automatic cal 1570<\/p>\n<p><strong><em>Dial:\u00a0<\/em><\/strong>Beautiful original  black dial with beautiful tritium indexes. Superb almost pumpkin and perfect patina, the tritium hands are slightly less patinated. No scratches or stains on the hands dial matching well the patina of the indexes.<\/p>\n<p><strong><em>Diameter\u00a0: <\/em><\/strong>40 MM<\/p>\n<p><strong><em>Bracelet:<\/em><\/strong>: Oyster steel ref 78360 endlink 580 clasp code VE<\/p>","protected":false},"featured_media":10856,"template":"","meta":[],"pwb-brand":[432],"product_brand":[],"product_cat":[107,367,90,247],"product_tag":[152,307,255,151,195,154,336,127,101],"class_list":{"0":"post-10835","1":"product","2":"type-product","3":"status-publish","4":"has-post-thumbnail","6":"pwb-brand-rolex","7":"product_cat-archives","8":"product_cat-montres-paris-heure","9":"product_cat-rolex","10":"product_cat-rolex-gmt-master","11":"product_tag-152","12":"product_tag-ghost","13":"product_tag-gmt","14":"product_tag-gmt-master","15":"product_tag-mat","16":"product_tag-mk5","17":"product_tag-pepsi","18":"product_tag-rolex","19":"product_tag-vintage","21":"first","22":"outofstock","23":"shipping-taxable","24":"product-type-simple"},"yoast_head":"<!-- This site is optimized with the Yoast SEO plugin v27.5 - https:\/\/yoast.com\/product\/yoast-seo-wordpress\/ -->\n<title>ROLEX GMT MASTER PEPSI REF 1675 MAT DIAL MK5 from 1976 &#8226; PARIS HEURE<\/title>\n<meta name=\"description\" content=\"Marque:\u00a0\u00a0 ROLEX  Mod\u00e8le:\u00a0GMT-MASTER  R\u00e9f\u00e9rence:\u00a01675  Ann\u00e9e:\u00a01976  Serial :\u00a0416XXXX  Lunette\u00a0: Magnifique insert noir ghost qui donne un look si unique \u00e0 la montre avec une belle patine assez recherch\u00e9e.  Boite:\u00a0Tr\u00e8s beau boitier peu polie tr\u00e8s \u00e9pais et avec des angles parfait, aucun choc ni rayures importantes. Excellent \u00e9tat de conservation du boitier encore tr\u00e8s \u00e9pais. \u00c9quip\u00e9e d\u2019un beau verre tropic 38 sans dateur qui donne un look unique \u00e0 la montre.  Mouvement\u00a0: Automatique cal 1570  Cadran:\u00a0Beau cadran noir d\u2019origine parfait avec des beaux indexes\u00a0 tritium. Superbe patine presque pumpkin et parfaite, les aiguilles au tritium sont l\u00e9g\u00e8rement moins patin\u00e9es. Pas de rayures ou taches sur le cadran aiguilles matchant bien la patine des indexs.  Diam\u00e8tre\u00a0: 40 MM  Bracelet:\u00a0Acier bind\u00e9 ref 78360 endlink 580 clasp code VE.\" \/>\n<meta name=\"robots\" content=\"index, follow, max-snippet:-1, max-image-preview:large, max-video-preview:-1\" \/>\n<link rel=\"canonical\" href=\"https:\/\/www.parisheure.com\/en\/buy-watch\/rolex-gmt-master-pepsi-ref-1675-mat-dial-mk5-from-1976\/\" \/>\n<meta property=\"og:locale\" content=\"en_US\" \/>\n<meta property=\"og:type\" content=\"article\" \/>\n<meta property=\"og:title\" content=\"ROLEX GMT MASTER PEPSI REF 1675 MAT DIAL MK5 from 1976 &#8226; PARIS HEURE\" \/>\n<meta property=\"og:description\" content=\"Marque:\u00a0\u00a0 ROLEX  Mod\u00e8le:\u00a0GMT-MASTER  R\u00e9f\u00e9rence:\u00a01675  Ann\u00e9e:\u00a01976  Serial :\u00a0416XXXX  Lunette\u00a0: Magnifique insert noir ghost qui donne un look si unique \u00e0 la montre avec une belle patine assez recherch\u00e9e.  Boite:\u00a0Tr\u00e8s beau boitier peu polie tr\u00e8s \u00e9pais et avec des angles parfait, aucun choc ni rayures importantes. Excellent \u00e9tat de conservation du boitier encore tr\u00e8s \u00e9pais. \u00c9quip\u00e9e d\u2019un beau verre tropic 38 sans dateur qui donne un look unique \u00e0 la montre.  Mouvement\u00a0: Automatique cal 1570  Cadran:\u00a0Beau cadran noir d\u2019origine parfait avec des beaux indexes\u00a0 tritium. Superbe patine presque pumpkin et parfaite, les aiguilles au tritium sont l\u00e9g\u00e8rement moins patin\u00e9es. Pas de rayures ou taches sur le cadran aiguilles matchant bien la patine des indexs.  Diam\u00e8tre\u00a0: 40 MM  Bracelet:\u00a0Acier bind\u00e9 ref 78360 endlink 580 clasp code VE.\" \/>\n<meta property=\"og:url\" content=\"https:\/\/www.parisheure.com\/en\/buy-watch\/rolex-gmt-master-pepsi-ref-1675-mat-dial-mk5-from-1976\/\" \/>\n<meta property=\"og:site_name\" content=\"PARIS HEURE\" \/>\n<meta property=\"article:publisher\" content=\"https:\/\/www.facebook.com\/ParisHeure\" \/>\n<meta property=\"article:modified_time\" content=\"2024-10-23T08:30:06+00:00\" \/>\n<meta property=\"og:image\" content=\"https:\/\/www.parisheure.com\/wp-content\/uploads\/2022\/02\/ROLEX-GMT-MASTER-REF-1675-MAT-DIAL-BLACK-BEZEL-MK5-N\u00b0-416XXXX-_0020_Calque-2-scaled.jpg\" \/>\n\t<meta property=\"og:image:width\" content=\"2560\" \/>\n\t<meta property=\"og:image:height\" content=\"2560\" \/>\n\t<meta property=\"og:image:type\" content=\"image\/jpeg\" \/>\n<meta name=\"twitter:card\" content=\"summary_large_image\" \/>\n<script type=\"application\/ld+json\" class=\"yoast-schema-graph\">{\"@context\":\"https:\\\/\\\/schema.org\",\"@graph\":[{\"@type\":\"WebPage\",\"@id\":\"https:\\\/\\\/www.parisheure.com\\\/acheter-montre\\\/rolex-gmt-master-pepsi-ref-1675-mat-dial-mk5-from-1976\\\/\",\"url\":\"https:\\\/\\\/www.parisheure.com\\\/acheter-montre\\\/rolex-gmt-master-pepsi-ref-1675-mat-dial-mk5-from-1976\\\/\",\"name\":\"ROLEX GMT MASTER PEPSI REF 1675 MAT DIAL MK5 from 1976 &#8226; PARIS HEURE\",\"isPartOf\":{\"@id\":\"https:\\\/\\\/www.parisheure.com\\\/#website\"},\"primaryImageOfPage\":{\"@id\":\"https:\\\/\\\/www.parisheure.com\\\/acheter-montre\\\/rolex-gmt-master-pepsi-ref-1675-mat-dial-mk5-from-1976\\\/#primaryimage\"},\"image\":{\"@id\":\"https:\\\/\\\/www.parisheure.com\\\/acheter-montre\\\/rolex-gmt-master-pepsi-ref-1675-mat-dial-mk5-from-1976\\\/#primaryimage\"},\"thumbnailUrl\":\"https:\\\/\\\/www.parisheure.com\\\/wp-content\\\/uploads\\\/2022\\\/02\\\/ROLEX-GMT-MASTER-REF-1675-MAT-DIAL-BLACK-BEZEL-MK5-N\u00b0-416XXXX-_0020_Calque-2-scaled.jpg\",\"datePublished\":\"2022-02-05T15:38:48+00:00\",\"dateModified\":\"2024-10-23T08:30:06+00:00\",\"description\":\"Marque:\u00a0\u00a0 ROLEX Mod\u00e8le:\u00a0GMT-MASTER R\u00e9f\u00e9rence:\u00a01675 Ann\u00e9e:\u00a01976 Serial :\u00a0416XXXX Lunette\u00a0: Magnifique insert noir ghost qui donne un look si unique \u00e0 la montre avec une belle patine assez recherch\u00e9e. Boite:\u00a0Tr\u00e8s beau boitier peu polie tr\u00e8s \u00e9pais et avec des angles parfait, aucun choc ni rayures importantes. Excellent \u00e9tat de conservation du boitier encore tr\u00e8s \u00e9pais. \u00c9quip\u00e9e d\u2019un beau verre tropic 38 sans dateur qui donne un look unique \u00e0 la montre. Mouvement\u00a0: Automatique cal 1570 Cadran:\u00a0Beau cadran noir d\u2019origine parfait avec des beaux indexes\u00a0 tritium. Superbe patine presque pumpkin et parfaite, les aiguilles au tritium sont l\u00e9g\u00e8rement moins patin\u00e9es. Pas de rayures ou taches sur le cadran aiguilles matchant bien la patine des indexs. Diam\u00e8tre\u00a0: 40 MM Bracelet:\u00a0Acier bind\u00e9 ref 78360 endlink 580 clasp code VE.\",\"breadcrumb\":{\"@id\":\"https:\\\/\\\/www.parisheure.com\\\/acheter-montre\\\/rolex-gmt-master-pepsi-ref-1675-mat-dial-mk5-from-1976\\\/#breadcrumb\"},\"inLanguage\":\"en-US\",\"potentialAction\":[{\"@type\":\"ReadAction\",\"target\":[\"https:\\\/\\\/www.parisheure.com\\\/acheter-montre\\\/rolex-gmt-master-pepsi-ref-1675-mat-dial-mk5-from-1976\\\/\"]}]},{\"@type\":\"ImageObject\",\"inLanguage\":\"en-US\",\"@id\":\"https:\\\/\\\/www.parisheure.com\\\/acheter-montre\\\/rolex-gmt-master-pepsi-ref-1675-mat-dial-mk5-from-1976\\\/#primaryimage\",\"url\":\"https:\\\/\\\/www.parisheure.com\\\/wp-content\\\/uploads\\\/2022\\\/02\\\/ROLEX-GMT-MASTER-REF-1675-MAT-DIAL-BLACK-BEZEL-MK5-N\u00b0-416XXXX-_0020_Calque-2-scaled.jpg\",\"contentUrl\":\"https:\\\/\\\/www.parisheure.com\\\/wp-content\\\/uploads\\\/2022\\\/02\\\/ROLEX-GMT-MASTER-REF-1675-MAT-DIAL-BLACK-BEZEL-MK5-N\u00b0-416XXXX-_0020_Calque-2-scaled.jpg\",\"width\":2560,\"height\":2560},{\"@type\":\"BreadcrumbList\",\"@id\":\"https:\\\/\\\/www.parisheure.com\\\/acheter-montre\\\/rolex-gmt-master-pepsi-ref-1675-mat-dial-mk5-from-1976\\\/#breadcrumb\",\"itemListElement\":[{\"@type\":\"ListItem\",\"position\":1,\"name\":\"Accueil\",\"item\":\"https:\\\/\\\/www.parisheure.com\\\/\"},{\"@type\":\"ListItem\",\"position\":2,\"name\":\"WATCHES\",\"item\":\"https:\\\/\\\/www.parisheure.com\\\/\"},{\"@type\":\"ListItem\",\"position\":3,\"name\":\"ROLEX GMT MASTER PEPSI REF 1675 MAT DIAL MK5 from 1976\"}]},{\"@type\":\"WebSite\",\"@id\":\"https:\\\/\\\/www.parisheure.com\\\/#website\",\"url\":\"https:\\\/\\\/www.parisheure.com\\\/\",\"name\":\"PARIS HEURE\",\"description\":\"Vintage watches Paris\",\"publisher\":{\"@id\":\"https:\\\/\\\/www.parisheure.com\\\/#organization\"},\"potentialAction\":[{\"@type\":\"SearchAction\",\"target\":{\"@type\":\"EntryPoint\",\"urlTemplate\":\"https:\\\/\\\/www.parisheure.com\\\/?s={search_term_string}\"},\"query-input\":{\"@type\":\"PropertyValueSpecification\",\"valueRequired\":true,\"valueName\":\"search_term_string\"}}],\"inLanguage\":\"en-US\"},{\"@type\":\"Organization\",\"@id\":\"https:\\\/\\\/www.parisheure.com\\\/#organization\",\"name\":\"PARIS HEURE\",\"url\":\"https:\\\/\\\/www.parisheure.com\\\/\",\"logo\":{\"@type\":\"ImageObject\",\"inLanguage\":\"en-US\",\"@id\":\"https:\\\/\\\/www.parisheure.com\\\/#\\\/schema\\\/logo\\\/image\\\/\",\"url\":\"https:\\\/\\\/www.parisheure.com\\\/wp-content\\\/uploads\\\/2021\\\/07\\\/cropped-logo-paris-heure.png\",\"contentUrl\":\"https:\\\/\\\/www.parisheure.com\\\/wp-content\\\/uploads\\\/2021\\\/07\\\/cropped-logo-paris-heure.png\",\"width\":512,\"height\":512,\"caption\":\"PARIS HEURE\"},\"image\":{\"@id\":\"https:\\\/\\\/www.parisheure.com\\\/#\\\/schema\\\/logo\\\/image\\\/\"},\"sameAs\":[\"https:\\\/\\\/www.facebook.com\\\/ParisHeure\",\"https:\\\/\\\/www.instagram.com\\\/parisheure\\\/\"]}]}<\/script>\n<!-- \/ Yoast SEO plugin. -->","yoast_head_json":{"title":"ROLEX GMT MASTER PEPSI REF 1675 MAT DIAL MK5 from 1976 \u2022 PARIS HEURE","description":"Marque:\u00a0\u00a0 ROLEX  Mod\u00e8le:\u00a0GMT-MASTER  R\u00e9f\u00e9rence:\u00a01675  Ann\u00e9e:\u00a01976  Serial :\u00a0416XXXX  Lunette\u00a0: Magnifique insert noir ghost qui donne un look si unique \u00e0 la montre avec une belle patine assez recherch\u00e9e.  Boite:\u00a0Tr\u00e8s beau boitier peu polie tr\u00e8s \u00e9pais et avec des angles parfait, aucun choc ni rayures importantes. Excellent \u00e9tat de conservation du boitier encore tr\u00e8s \u00e9pais. \u00c9quip\u00e9e d\u2019un beau verre tropic 38 sans dateur qui donne un look unique \u00e0 la montre.  Mouvement\u00a0: Automatique cal 1570  Cadran:\u00a0Beau cadran noir d\u2019origine parfait avec des beaux indexes\u00a0 tritium. Superbe patine presque pumpkin et parfaite, les aiguilles au tritium sont l\u00e9g\u00e8rement moins patin\u00e9es. Pas de rayures ou taches sur le cadran aiguilles matchant bien la patine des indexs.  Diam\u00e8tre\u00a0: 40 MM  Bracelet:\u00a0Acier bind\u00e9 ref 78360 endlink 580 clasp code VE.","robots":{"index":"index","follow":"follow","max-snippet":"max-snippet:-1","max-image-preview":"max-image-preview:large","max-video-preview":"max-video-preview:-1"},"canonical":"https:\/\/www.parisheure.com\/en\/buy-watch\/rolex-gmt-master-pepsi-ref-1675-mat-dial-mk5-from-1976\/","og_locale":"en_US","og_type":"article","og_title":"ROLEX GMT MASTER PEPSI REF 1675 MAT DIAL MK5 from 1976 &#8226; PARIS HEURE","og_description":"Marque:\u00a0\u00a0 ROLEX  Mod\u00e8le:\u00a0GMT-MASTER  R\u00e9f\u00e9rence:\u00a01675  Ann\u00e9e:\u00a01976  Serial :\u00a0416XXXX  Lunette\u00a0: Magnifique insert noir ghost qui donne un look si unique \u00e0 la montre avec une belle patine assez recherch\u00e9e.  Boite:\u00a0Tr\u00e8s beau boitier peu polie tr\u00e8s \u00e9pais et avec des angles parfait, aucun choc ni rayures importantes. Excellent \u00e9tat de conservation du boitier encore tr\u00e8s \u00e9pais. \u00c9quip\u00e9e d\u2019un beau verre tropic 38 sans dateur qui donne un look unique \u00e0 la montre.  Mouvement\u00a0: Automatique cal 1570  Cadran:\u00a0Beau cadran noir d\u2019origine parfait avec des beaux indexes\u00a0 tritium. Superbe patine presque pumpkin et parfaite, les aiguilles au tritium sont l\u00e9g\u00e8rement moins patin\u00e9es. Pas de rayures ou taches sur le cadran aiguilles matchant bien la patine des indexs.  Diam\u00e8tre\u00a0: 40 MM  Bracelet:\u00a0Acier bind\u00e9 ref 78360 endlink 580 clasp code VE.","og_url":"https:\/\/www.parisheure.com\/en\/buy-watch\/rolex-gmt-master-pepsi-ref-1675-mat-dial-mk5-from-1976\/","og_site_name":"PARIS HEURE","article_publisher":"https:\/\/www.facebook.com\/ParisHeure","article_modified_time":"2024-10-23T08:30:06+00:00","og_image":[{"width":2560,"height":2560,"url":"https:\/\/www.parisheure.com\/wp-content\/uploads\/2022\/02\/ROLEX-GMT-MASTER-REF-1675-MAT-DIAL-BLACK-BEZEL-MK5-N\u00b0-416XXXX-_0020_Calque-2-scaled.jpg","type":"image\/jpeg"}],"twitter_card":"summary_large_image","schema":{"@context":"https:\/\/schema.org","@graph":[{"@type":"WebPage","@id":"https:\/\/www.parisheure.com\/acheter-montre\/rolex-gmt-master-pepsi-ref-1675-mat-dial-mk5-from-1976\/","url":"https:\/\/www.parisheure.com\/acheter-montre\/rolex-gmt-master-pepsi-ref-1675-mat-dial-mk5-from-1976\/","name":"ROLEX GMT MASTER PEPSI REF 1675 MAT DIAL MK5 from 1976 \u2022 PARIS HEURE","isPartOf":{"@id":"https:\/\/www.parisheure.com\/#website"},"primaryImageOfPage":{"@id":"https:\/\/www.parisheure.com\/acheter-montre\/rolex-gmt-master-pepsi-ref-1675-mat-dial-mk5-from-1976\/#primaryimage"},"image":{"@id":"https:\/\/www.parisheure.com\/acheter-montre\/rolex-gmt-master-pepsi-ref-1675-mat-dial-mk5-from-1976\/#primaryimage"},"thumbnailUrl":"https:\/\/www.parisheure.com\/wp-content\/uploads\/2022\/02\/ROLEX-GMT-MASTER-REF-1675-MAT-DIAL-BLACK-BEZEL-MK5-N\u00b0-416XXXX-_0020_Calque-2-scaled.jpg","datePublished":"2022-02-05T15:38:48+00:00","dateModified":"2024-10-23T08:30:06+00:00","description":"Marque:\u00a0\u00a0 ROLEX Mod\u00e8le:\u00a0GMT-MASTER R\u00e9f\u00e9rence:\u00a01675 Ann\u00e9e:\u00a01976 Serial :\u00a0416XXXX Lunette\u00a0: Magnifique insert noir ghost qui donne un look si unique \u00e0 la montre avec une belle patine assez recherch\u00e9e. Boite:\u00a0Tr\u00e8s beau boitier peu polie tr\u00e8s \u00e9pais et avec des angles parfait, aucun choc ni rayures importantes. Excellent \u00e9tat de conservation du boitier encore tr\u00e8s \u00e9pais. \u00c9quip\u00e9e d\u2019un beau verre tropic 38 sans dateur qui donne un look unique \u00e0 la montre. Mouvement\u00a0: Automatique cal 1570 Cadran:\u00a0Beau cadran noir d\u2019origine parfait avec des beaux indexes\u00a0 tritium. Superbe patine presque pumpkin et parfaite, les aiguilles au tritium sont l\u00e9g\u00e8rement moins patin\u00e9es. Pas de rayures ou taches sur le cadran aiguilles matchant bien la patine des indexs. Diam\u00e8tre\u00a0: 40 MM Bracelet:\u00a0Acier bind\u00e9 ref 78360 endlink 580 clasp code VE.","breadcrumb":{"@id":"https:\/\/www.parisheure.com\/acheter-montre\/rolex-gmt-master-pepsi-ref-1675-mat-dial-mk5-from-1976\/#breadcrumb"},"inLanguage":"en-US","potentialAction":[{"@type":"ReadAction","target":["https:\/\/www.parisheure.com\/acheter-montre\/rolex-gmt-master-pepsi-ref-1675-mat-dial-mk5-from-1976\/"]}]},{"@type":"ImageObject","inLanguage":"en-US","@id":"https:\/\/www.parisheure.com\/acheter-montre\/rolex-gmt-master-pepsi-ref-1675-mat-dial-mk5-from-1976\/#primaryimage","url":"https:\/\/www.parisheure.com\/wp-content\/uploads\/2022\/02\/ROLEX-GMT-MASTER-REF-1675-MAT-DIAL-BLACK-BEZEL-MK5-N\u00b0-416XXXX-_0020_Calque-2-scaled.jpg","contentUrl":"https:\/\/www.parisheure.com\/wp-content\/uploads\/2022\/02\/ROLEX-GMT-MASTER-REF-1675-MAT-DIAL-BLACK-BEZEL-MK5-N\u00b0-416XXXX-_0020_Calque-2-scaled.jpg","width":2560,"height":2560},{"@type":"BreadcrumbList","@id":"https:\/\/www.parisheure.com\/acheter-montre\/rolex-gmt-master-pepsi-ref-1675-mat-dial-mk5-from-1976\/#breadcrumb","itemListElement":[{"@type":"ListItem","position":1,"name":"Accueil","item":"https:\/\/www.parisheure.com\/"},{"@type":"ListItem","position":2,"name":"WATCHES","item":"https:\/\/www.parisheure.com\/"},{"@type":"ListItem","position":3,"name":"ROLEX GMT MASTER PEPSI REF 1675 MAT DIAL MK5 from 1976"}]},{"@type":"WebSite","@id":"https:\/\/www.parisheure.com\/#website","url":"https:\/\/www.parisheure.com\/","name":"PARIS HEURE","description":"Vintage watches Paris","publisher":{"@id":"https:\/\/www.parisheure.com\/#organization"},"potentialAction":[{"@type":"SearchAction","target":{"@type":"EntryPoint","urlTemplate":"https:\/\/www.parisheure.com\/?s={search_term_string}"},"query-input":{"@type":"PropertyValueSpecification","valueRequired":true,"valueName":"search_term_string"}}],"inLanguage":"en-US"},{"@type":"Organization","@id":"https:\/\/www.parisheure.com\/#organization","name":"PARIS HEURE","url":"https:\/\/www.parisheure.com\/","logo":{"@type":"ImageObject","inLanguage":"en-US","@id":"https:\/\/www.parisheure.com\/#\/schema\/logo\/image\/","url":"https:\/\/www.parisheure.com\/wp-content\/uploads\/2021\/07\/cropped-logo-paris-heure.png","contentUrl":"https:\/\/www.parisheure.com\/wp-content\/uploads\/2021\/07\/cropped-logo-paris-heure.png","width":512,"height":512,"caption":"PARIS HEURE"},"image":{"@id":"https:\/\/www.parisheure.com\/#\/schema\/logo\/image\/"},"sameAs":["https:\/\/www.facebook.com\/ParisHeure","https:\/\/www.instagram.com\/parisheure\/"]}]}},"jetpack_sharing_enabled":true,"brands":[{"id":432,"name":"Rolex","slug":"rolex"}],"_links":{"self":[{"href":"https:\/\/www.parisheure.com\/en\/wp-json\/wp\/v2\/product\/10835","targetHints":{"allow":["GET"]}}],"collection":[{"href":"https:\/\/www.parisheure.com\/en\/wp-json\/wp\/v2\/product"}],"about":[{"href":"https:\/\/www.parisheure.com\/en\/wp-json\/wp\/v2\/types\/product"}],"version-history":[{"count":1,"href":"https:\/\/www.parisheure.com\/en\/wp-json\/wp\/v2\/product\/10835\/revisions"}],"predecessor-version":[{"id":14172,"href":"https:\/\/www.parisheure.com\/en\/wp-json\/wp\/v2\/product\/10835\/revisions\/14172"}],"wp:featuredmedia":[{"embeddable":true,"href":"https:\/\/www.parisheure.com\/en\/wp-json\/wp\/v2\/media\/10856"}],"wp:attachment":[{"href":"https:\/\/www.parisheure.com\/en\/wp-json\/wp\/v2\/media?parent=10835"}],"wp:term":[{"taxonomy":"pwb-brand","embeddable":true,"href":"https:\/\/www.parisheure.com\/en\/wp-json\/wp\/v2\/pwb-brand?post=10835"},{"taxonomy":"product_brand","embeddable":true,"href":"https:\/\/www.parisheure.com\/en\/wp-json\/wp\/v2\/product_brand?post=10835"},{"taxonomy":"product_cat","embeddable":true,"href":"https:\/\/www.parisheure.com\/en\/wp-json\/wp\/v2\/product_cat?post=10835"},{"taxonomy":"product_tag","embeddable":true,"href":"https:\/\/www.parisheure.com\/en\/wp-json\/wp\/v2\/product_tag?post=10835"}],"curies":[{"name":"wp","href":"https:\/\/api.w.org\/{rel}","templated":true}]}}