{"id":10858,"date":"2021-08-04T12:29:37","date_gmt":"2021-08-04T10:29:37","guid":{"rendered":"https:\/\/www.parisheure.com\/?post_type=product&#038;p=10858"},"modified":"2024-10-23T10:32:57","modified_gmt":"2024-10-23T08:32:57","slug":"rolex-explorer-ref-1016-mat-frog-foot-mk1-from-1988","status":"publish","type":"product","link":"https:\/\/www.parisheure.com\/en\/buy-watch\/rolex-explorer-ref-1016-mat-frog-foot-mk1-from-1988\/","title":{"rendered":"ROLEX EXPLORER REF 1016 MAT FROG FOOT MK1 from 1988"},"content":{"rendered":"<p><strong>Our opinion:<\/strong> L\u2019explorer r\u00e9f 1016 est apparue dans les ann\u00e9es 60, diff\u00e9rentes versions ont \u00e9t\u00e9 produites, mat, laqu\u00e9, cadran blanc\u2026 Une vraie r\u00e9f\u00e9rence collector si difficile \u00e0 trouver aujourd\u2019hui. Celle-ci a une belle patine. Le boitier est en parfait \u00e9tat, son cadran mat MK1 frog foot rare est tout aussi parfait matchant bien les aiguilles ! La montre est mont\u00e9e sur un bracelet blind\u00e9 et fait partie des toutes premi\u00e8res s\u00e9ries produites en 1969 tr\u00e8s recherch\u00e9e !!!! Si rare \u00e0 trouver aujourd\u2019hui qu\u2019elles valent maintenant plus ch\u00e8re que les Submariner !<\/p>","protected":false},"excerpt":{"rendered":"<p><strong>Brand:<\/strong>\u00a0Rolex<\/p>\n<p><strong>Model:<\/strong>\u00a0Explore I<\/p>\n<p><strong>Movement\u00a0: <\/strong>Auto cal 1570<\/p>\n<p><strong>Reference:<\/strong>\u00a01016<\/p>\n<p><strong>Diameter\u00a0: <\/strong>36mm<\/p>\n<p><strong>Year:<\/strong>\u00a01969<\/p>\n<p><strong>Serial : <\/strong>212XXXX<\/p>\n<p><strong>Case:<\/strong>\u00a0Very nice slightly case, still very thick and with perfect angles because the case of the 1016 was quite thin for a professional watch. Bezel in perfect condition. No significant visible shocks.<\/p>\n<p><strong>Dial:<\/strong>\u00a0Magnificent original MK1 frog foot matte dial for the first series with beautiful perfect indexes and hands that match the dial with a very pumpkin patina. The first series of matte dials after production of the 1016 gilt was discontinued. The dial has a homogeneous patina of the indexes 3-6-9. The hands match the general patina well.<\/p>\n<p><strong>Bracelet : <\/strong>Oyster steel peu d\u00e9tendu ref 783609 endlink 558 clasp code A.<\/p>\n<p><strong>Accessories: <\/strong>None<\/p>","protected":false},"featured_media":10884,"template":"","meta":[],"pwb-brand":[432],"product_brand":[],"product_cat":[107,367,90,245],"product_tag":[183,308,309,127,101],"class_list":{"0":"post-10858","1":"product","2":"type-product","3":"status-publish","4":"has-post-thumbnail","6":"pwb-brand-rolex","7":"product_cat-archives","8":"product_cat-montres-paris-heure","9":"product_cat-rolex","10":"product_cat-rolex-explorer","11":"product_tag-183","12":"product_tag-exporer-1","13":"product_tag-frog-foot","14":"product_tag-rolex","15":"product_tag-vintage","17":"first","18":"outofstock","19":"shipping-taxable","20":"product-type-simple"},"yoast_head":"<!-- This site is optimized with the Yoast SEO plugin v27.4 - https:\/\/yoast.com\/product\/yoast-seo-wordpress\/ -->\n<title>ROLEX EXPLORER REF 1016 MAT FROG FOOT MK1 from 1988 &#8226; PARIS HEURE<\/title>\n<meta name=\"description\" content=\"Marque:\u00a0Rolex  Mod\u00e8le:\u00a0Explorer I  Mouvement\u00a0: Auto cal 1570  R\u00e9f\u00e9rence:\u00a01016  Diam\u00e8tre\u00a0: 36mm  Ann\u00e9e:\u00a01969  Serial\u00a0: 212XXXX  Boite:\u00a0Tr\u00e8s beau boitier peu polie, encore tr\u00e8s \u00e9pais et avec des angles parfaits car le boitier de la 1016 \u00e9tait assez fin pour une montre professionnelle.. Lunette en \u00e9tat parfait. Pas de chocs visibles importants.  Cadran:\u00a0Magnifique cadran mat MK1 frog foot d\u2019origine pour les premi\u00e8res s\u00e9rie avec des beaux indexes parfaits et des aiguilles qui matche le cadran d\u2019une patine bien pumpkin. Les premi\u00e8res s\u00e9ries de cadran mat apr\u00e8s l\u2019arr\u00eat de la production des 1016 gilt. Le cadran a une patine homog\u00e8ne des indexes 3-6-9. Les aiguilles matchent bien la patine g\u00e9n\u00e9rale.  Bracelet\u00a0: Acier blind\u00e9 peu d\u00e9tendu r\u00e9f 78306 endlink 558 clasp code A.  Accessoires\u00a0: Aucuns\" \/>\n<meta name=\"robots\" content=\"index, follow, max-snippet:-1, max-image-preview:large, max-video-preview:-1\" \/>\n<link rel=\"canonical\" href=\"https:\/\/www.parisheure.com\/en\/buy-watch\/rolex-explorer-ref-1016-mat-frog-foot-mk1-from-1988\/\" \/>\n<meta property=\"og:locale\" content=\"en_US\" \/>\n<meta property=\"og:type\" content=\"article\" \/>\n<meta property=\"og:title\" content=\"ROLEX EXPLORER REF 1016 MAT FROG FOOT MK1 from 1988 &#8226; PARIS HEURE\" \/>\n<meta property=\"og:description\" content=\"Marque:\u00a0Rolex  Mod\u00e8le:\u00a0Explorer I  Mouvement\u00a0: Auto cal 1570  R\u00e9f\u00e9rence:\u00a01016  Diam\u00e8tre\u00a0: 36mm  Ann\u00e9e:\u00a01969  Serial\u00a0: 212XXXX  Boite:\u00a0Tr\u00e8s beau boitier peu polie, encore tr\u00e8s \u00e9pais et avec des angles parfaits car le boitier de la 1016 \u00e9tait assez fin pour une montre professionnelle.. Lunette en \u00e9tat parfait. Pas de chocs visibles importants.  Cadran:\u00a0Magnifique cadran mat MK1 frog foot d\u2019origine pour les premi\u00e8res s\u00e9rie avec des beaux indexes parfaits et des aiguilles qui matche le cadran d\u2019une patine bien pumpkin. Les premi\u00e8res s\u00e9ries de cadran mat apr\u00e8s l\u2019arr\u00eat de la production des 1016 gilt. Le cadran a une patine homog\u00e8ne des indexes 3-6-9. Les aiguilles matchent bien la patine g\u00e9n\u00e9rale.  Bracelet\u00a0: Acier blind\u00e9 peu d\u00e9tendu r\u00e9f 78306 endlink 558 clasp code A.  Accessoires\u00a0: Aucuns\" \/>\n<meta property=\"og:url\" content=\"https:\/\/www.parisheure.com\/en\/buy-watch\/rolex-explorer-ref-1016-mat-frog-foot-mk1-from-1988\/\" \/>\n<meta property=\"og:site_name\" content=\"PARIS HEURE\" \/>\n<meta property=\"article:publisher\" content=\"https:\/\/www.facebook.com\/ParisHeure\" \/>\n<meta property=\"article:modified_time\" content=\"2024-10-23T08:32:57+00:00\" \/>\n<meta property=\"og:image\" content=\"https:\/\/www.parisheure.com\/wp-content\/uploads\/2022\/02\/ROLEX-EXPLORER-I-REF-1016-MAT-MK1-FROG-FOOT-PATINEE-N\u00b0212xxxx-_0025_Calque-2-scaled.jpg\" \/>\n\t<meta property=\"og:image:width\" content=\"2560\" \/>\n\t<meta property=\"og:image:height\" content=\"2560\" \/>\n\t<meta property=\"og:image:type\" content=\"image\/jpeg\" \/>\n<meta name=\"twitter:card\" content=\"summary_large_image\" \/>\n<script type=\"application\/ld+json\" class=\"yoast-schema-graph\">{\"@context\":\"https:\\\/\\\/schema.org\",\"@graph\":[{\"@type\":\"WebPage\",\"@id\":\"https:\\\/\\\/www.parisheure.com\\\/acheter-montre\\\/rolex-explorer-ref-1016-mat-frog-foot-mk1-from-1988\\\/\",\"url\":\"https:\\\/\\\/www.parisheure.com\\\/acheter-montre\\\/rolex-explorer-ref-1016-mat-frog-foot-mk1-from-1988\\\/\",\"name\":\"ROLEX EXPLORER REF 1016 MAT FROG FOOT MK1 from 1988 &#8226; PARIS HEURE\",\"isPartOf\":{\"@id\":\"https:\\\/\\\/www.parisheure.com\\\/#website\"},\"primaryImageOfPage\":{\"@id\":\"https:\\\/\\\/www.parisheure.com\\\/acheter-montre\\\/rolex-explorer-ref-1016-mat-frog-foot-mk1-from-1988\\\/#primaryimage\"},\"image\":{\"@id\":\"https:\\\/\\\/www.parisheure.com\\\/acheter-montre\\\/rolex-explorer-ref-1016-mat-frog-foot-mk1-from-1988\\\/#primaryimage\"},\"thumbnailUrl\":\"https:\\\/\\\/www.parisheure.com\\\/wp-content\\\/uploads\\\/2022\\\/02\\\/ROLEX-EXPLORER-I-REF-1016-MAT-MK1-FROG-FOOT-PATINEE-N\u00b0212xxxx-_0025_Calque-2-scaled.jpg\",\"datePublished\":\"2021-08-04T10:29:37+00:00\",\"dateModified\":\"2024-10-23T08:32:57+00:00\",\"description\":\"Marque:\u00a0Rolex Mod\u00e8le:\u00a0Explorer I Mouvement\u00a0: Auto cal 1570 R\u00e9f\u00e9rence:\u00a01016 Diam\u00e8tre\u00a0: 36mm Ann\u00e9e:\u00a01969 Serial\u00a0: 212XXXX Boite:\u00a0Tr\u00e8s beau boitier peu polie, encore tr\u00e8s \u00e9pais et avec des angles parfaits car le boitier de la 1016 \u00e9tait assez fin pour une montre professionnelle.. Lunette en \u00e9tat parfait. Pas de chocs visibles importants. Cadran:\u00a0Magnifique cadran mat MK1 frog foot d\u2019origine pour les premi\u00e8res s\u00e9rie avec des beaux indexes parfaits et des aiguilles qui matche le cadran d\u2019une patine bien pumpkin. Les premi\u00e8res s\u00e9ries de cadran mat apr\u00e8s l\u2019arr\u00eat de la production des 1016 gilt. Le cadran a une patine homog\u00e8ne des indexes 3-6-9. Les aiguilles matchent bien la patine g\u00e9n\u00e9rale. Bracelet\u00a0: Acier blind\u00e9 peu d\u00e9tendu r\u00e9f 78306 endlink 558 clasp code A. Accessoires\u00a0: Aucuns\",\"breadcrumb\":{\"@id\":\"https:\\\/\\\/www.parisheure.com\\\/acheter-montre\\\/rolex-explorer-ref-1016-mat-frog-foot-mk1-from-1988\\\/#breadcrumb\"},\"inLanguage\":\"en-US\",\"potentialAction\":[{\"@type\":\"ReadAction\",\"target\":[\"https:\\\/\\\/www.parisheure.com\\\/acheter-montre\\\/rolex-explorer-ref-1016-mat-frog-foot-mk1-from-1988\\\/\"]}]},{\"@type\":\"ImageObject\",\"inLanguage\":\"en-US\",\"@id\":\"https:\\\/\\\/www.parisheure.com\\\/acheter-montre\\\/rolex-explorer-ref-1016-mat-frog-foot-mk1-from-1988\\\/#primaryimage\",\"url\":\"https:\\\/\\\/www.parisheure.com\\\/wp-content\\\/uploads\\\/2022\\\/02\\\/ROLEX-EXPLORER-I-REF-1016-MAT-MK1-FROG-FOOT-PATINEE-N\u00b0212xxxx-_0025_Calque-2-scaled.jpg\",\"contentUrl\":\"https:\\\/\\\/www.parisheure.com\\\/wp-content\\\/uploads\\\/2022\\\/02\\\/ROLEX-EXPLORER-I-REF-1016-MAT-MK1-FROG-FOOT-PATINEE-N\u00b0212xxxx-_0025_Calque-2-scaled.jpg\",\"width\":2560,\"height\":2560},{\"@type\":\"BreadcrumbList\",\"@id\":\"https:\\\/\\\/www.parisheure.com\\\/acheter-montre\\\/rolex-explorer-ref-1016-mat-frog-foot-mk1-from-1988\\\/#breadcrumb\",\"itemListElement\":[{\"@type\":\"ListItem\",\"position\":1,\"name\":\"Accueil\",\"item\":\"https:\\\/\\\/www.parisheure.com\\\/\"},{\"@type\":\"ListItem\",\"position\":2,\"name\":\"WATCHES\",\"item\":\"https:\\\/\\\/www.parisheure.com\\\/\"},{\"@type\":\"ListItem\",\"position\":3,\"name\":\"ROLEX EXPLORER REF 1016 MAT FROG FOOT MK1 from 1988\"}]},{\"@type\":\"WebSite\",\"@id\":\"https:\\\/\\\/www.parisheure.com\\\/#website\",\"url\":\"https:\\\/\\\/www.parisheure.com\\\/\",\"name\":\"PARIS HEURE\",\"description\":\"Vintage watches Paris\",\"publisher\":{\"@id\":\"https:\\\/\\\/www.parisheure.com\\\/#organization\"},\"potentialAction\":[{\"@type\":\"SearchAction\",\"target\":{\"@type\":\"EntryPoint\",\"urlTemplate\":\"https:\\\/\\\/www.parisheure.com\\\/?s={search_term_string}\"},\"query-input\":{\"@type\":\"PropertyValueSpecification\",\"valueRequired\":true,\"valueName\":\"search_term_string\"}}],\"inLanguage\":\"en-US\"},{\"@type\":\"Organization\",\"@id\":\"https:\\\/\\\/www.parisheure.com\\\/#organization\",\"name\":\"PARIS HEURE\",\"url\":\"https:\\\/\\\/www.parisheure.com\\\/\",\"logo\":{\"@type\":\"ImageObject\",\"inLanguage\":\"en-US\",\"@id\":\"https:\\\/\\\/www.parisheure.com\\\/#\\\/schema\\\/logo\\\/image\\\/\",\"url\":\"https:\\\/\\\/www.parisheure.com\\\/wp-content\\\/uploads\\\/2021\\\/07\\\/cropped-logo-paris-heure.png\",\"contentUrl\":\"https:\\\/\\\/www.parisheure.com\\\/wp-content\\\/uploads\\\/2021\\\/07\\\/cropped-logo-paris-heure.png\",\"width\":512,\"height\":512,\"caption\":\"PARIS HEURE\"},\"image\":{\"@id\":\"https:\\\/\\\/www.parisheure.com\\\/#\\\/schema\\\/logo\\\/image\\\/\"},\"sameAs\":[\"https:\\\/\\\/www.facebook.com\\\/ParisHeure\",\"https:\\\/\\\/www.instagram.com\\\/parisheure\\\/\"]}]}<\/script>\n<!-- \/ Yoast SEO plugin. -->","yoast_head_json":{"title":"ROLEX EXPLORER REF 1016 MAT FROG FOOT MK1 from 1988 \u2022 PARIS HEURE","description":"Marque:\u00a0Rolex  Mod\u00e8le:\u00a0Explorer I  Mouvement\u00a0: Auto cal 1570  R\u00e9f\u00e9rence:\u00a01016  Diam\u00e8tre\u00a0: 36mm  Ann\u00e9e:\u00a01969  Serial\u00a0: 212XXXX  Boite:\u00a0Tr\u00e8s beau boitier peu polie, encore tr\u00e8s \u00e9pais et avec des angles parfaits car le boitier de la 1016 \u00e9tait assez fin pour une montre professionnelle.. Lunette en \u00e9tat parfait. Pas de chocs visibles importants.  Cadran:\u00a0Magnifique cadran mat MK1 frog foot d\u2019origine pour les premi\u00e8res s\u00e9rie avec des beaux indexes parfaits et des aiguilles qui matche le cadran d\u2019une patine bien pumpkin. Les premi\u00e8res s\u00e9ries de cadran mat apr\u00e8s l\u2019arr\u00eat de la production des 1016 gilt. Le cadran a une patine homog\u00e8ne des indexes 3-6-9. Les aiguilles matchent bien la patine g\u00e9n\u00e9rale.  Bracelet\u00a0: Acier blind\u00e9 peu d\u00e9tendu r\u00e9f 78306 endlink 558 clasp code A.  Accessoires\u00a0: Aucuns","robots":{"index":"index","follow":"follow","max-snippet":"max-snippet:-1","max-image-preview":"max-image-preview:large","max-video-preview":"max-video-preview:-1"},"canonical":"https:\/\/www.parisheure.com\/en\/buy-watch\/rolex-explorer-ref-1016-mat-frog-foot-mk1-from-1988\/","og_locale":"en_US","og_type":"article","og_title":"ROLEX EXPLORER REF 1016 MAT FROG FOOT MK1 from 1988 &#8226; PARIS HEURE","og_description":"Marque:\u00a0Rolex  Mod\u00e8le:\u00a0Explorer I  Mouvement\u00a0: Auto cal 1570  R\u00e9f\u00e9rence:\u00a01016  Diam\u00e8tre\u00a0: 36mm  Ann\u00e9e:\u00a01969  Serial\u00a0: 212XXXX  Boite:\u00a0Tr\u00e8s beau boitier peu polie, encore tr\u00e8s \u00e9pais et avec des angles parfaits car le boitier de la 1016 \u00e9tait assez fin pour une montre professionnelle.. Lunette en \u00e9tat parfait. Pas de chocs visibles importants.  Cadran:\u00a0Magnifique cadran mat MK1 frog foot d\u2019origine pour les premi\u00e8res s\u00e9rie avec des beaux indexes parfaits et des aiguilles qui matche le cadran d\u2019une patine bien pumpkin. Les premi\u00e8res s\u00e9ries de cadran mat apr\u00e8s l\u2019arr\u00eat de la production des 1016 gilt. Le cadran a une patine homog\u00e8ne des indexes 3-6-9. Les aiguilles matchent bien la patine g\u00e9n\u00e9rale.  Bracelet\u00a0: Acier blind\u00e9 peu d\u00e9tendu r\u00e9f 78306 endlink 558 clasp code A.  Accessoires\u00a0: Aucuns","og_url":"https:\/\/www.parisheure.com\/en\/buy-watch\/rolex-explorer-ref-1016-mat-frog-foot-mk1-from-1988\/","og_site_name":"PARIS HEURE","article_publisher":"https:\/\/www.facebook.com\/ParisHeure","article_modified_time":"2024-10-23T08:32:57+00:00","og_image":[{"width":2560,"height":2560,"url":"https:\/\/www.parisheure.com\/wp-content\/uploads\/2022\/02\/ROLEX-EXPLORER-I-REF-1016-MAT-MK1-FROG-FOOT-PATINEE-N\u00b0212xxxx-_0025_Calque-2-scaled.jpg","type":"image\/jpeg"}],"twitter_card":"summary_large_image","schema":{"@context":"https:\/\/schema.org","@graph":[{"@type":"WebPage","@id":"https:\/\/www.parisheure.com\/acheter-montre\/rolex-explorer-ref-1016-mat-frog-foot-mk1-from-1988\/","url":"https:\/\/www.parisheure.com\/acheter-montre\/rolex-explorer-ref-1016-mat-frog-foot-mk1-from-1988\/","name":"ROLEX EXPLORER REF 1016 MAT FROG FOOT MK1 from 1988 \u2022 PARIS HEURE","isPartOf":{"@id":"https:\/\/www.parisheure.com\/#website"},"primaryImageOfPage":{"@id":"https:\/\/www.parisheure.com\/acheter-montre\/rolex-explorer-ref-1016-mat-frog-foot-mk1-from-1988\/#primaryimage"},"image":{"@id":"https:\/\/www.parisheure.com\/acheter-montre\/rolex-explorer-ref-1016-mat-frog-foot-mk1-from-1988\/#primaryimage"},"thumbnailUrl":"https:\/\/www.parisheure.com\/wp-content\/uploads\/2022\/02\/ROLEX-EXPLORER-I-REF-1016-MAT-MK1-FROG-FOOT-PATINEE-N\u00b0212xxxx-_0025_Calque-2-scaled.jpg","datePublished":"2021-08-04T10:29:37+00:00","dateModified":"2024-10-23T08:32:57+00:00","description":"Marque:\u00a0Rolex Mod\u00e8le:\u00a0Explorer I Mouvement\u00a0: Auto cal 1570 R\u00e9f\u00e9rence:\u00a01016 Diam\u00e8tre\u00a0: 36mm Ann\u00e9e:\u00a01969 Serial\u00a0: 212XXXX Boite:\u00a0Tr\u00e8s beau boitier peu polie, encore tr\u00e8s \u00e9pais et avec des angles parfaits car le boitier de la 1016 \u00e9tait assez fin pour une montre professionnelle.. Lunette en \u00e9tat parfait. Pas de chocs visibles importants. Cadran:\u00a0Magnifique cadran mat MK1 frog foot d\u2019origine pour les premi\u00e8res s\u00e9rie avec des beaux indexes parfaits et des aiguilles qui matche le cadran d\u2019une patine bien pumpkin. Les premi\u00e8res s\u00e9ries de cadran mat apr\u00e8s l\u2019arr\u00eat de la production des 1016 gilt. Le cadran a une patine homog\u00e8ne des indexes 3-6-9. Les aiguilles matchent bien la patine g\u00e9n\u00e9rale. Bracelet\u00a0: Acier blind\u00e9 peu d\u00e9tendu r\u00e9f 78306 endlink 558 clasp code A. Accessoires\u00a0: Aucuns","breadcrumb":{"@id":"https:\/\/www.parisheure.com\/acheter-montre\/rolex-explorer-ref-1016-mat-frog-foot-mk1-from-1988\/#breadcrumb"},"inLanguage":"en-US","potentialAction":[{"@type":"ReadAction","target":["https:\/\/www.parisheure.com\/acheter-montre\/rolex-explorer-ref-1016-mat-frog-foot-mk1-from-1988\/"]}]},{"@type":"ImageObject","inLanguage":"en-US","@id":"https:\/\/www.parisheure.com\/acheter-montre\/rolex-explorer-ref-1016-mat-frog-foot-mk1-from-1988\/#primaryimage","url":"https:\/\/www.parisheure.com\/wp-content\/uploads\/2022\/02\/ROLEX-EXPLORER-I-REF-1016-MAT-MK1-FROG-FOOT-PATINEE-N\u00b0212xxxx-_0025_Calque-2-scaled.jpg","contentUrl":"https:\/\/www.parisheure.com\/wp-content\/uploads\/2022\/02\/ROLEX-EXPLORER-I-REF-1016-MAT-MK1-FROG-FOOT-PATINEE-N\u00b0212xxxx-_0025_Calque-2-scaled.jpg","width":2560,"height":2560},{"@type":"BreadcrumbList","@id":"https:\/\/www.parisheure.com\/acheter-montre\/rolex-explorer-ref-1016-mat-frog-foot-mk1-from-1988\/#breadcrumb","itemListElement":[{"@type":"ListItem","position":1,"name":"Accueil","item":"https:\/\/www.parisheure.com\/"},{"@type":"ListItem","position":2,"name":"WATCHES","item":"https:\/\/www.parisheure.com\/"},{"@type":"ListItem","position":3,"name":"ROLEX EXPLORER REF 1016 MAT FROG FOOT MK1 from 1988"}]},{"@type":"WebSite","@id":"https:\/\/www.parisheure.com\/#website","url":"https:\/\/www.parisheure.com\/","name":"PARIS HEURE","description":"Vintage watches Paris","publisher":{"@id":"https:\/\/www.parisheure.com\/#organization"},"potentialAction":[{"@type":"SearchAction","target":{"@type":"EntryPoint","urlTemplate":"https:\/\/www.parisheure.com\/?s={search_term_string}"},"query-input":{"@type":"PropertyValueSpecification","valueRequired":true,"valueName":"search_term_string"}}],"inLanguage":"en-US"},{"@type":"Organization","@id":"https:\/\/www.parisheure.com\/#organization","name":"PARIS HEURE","url":"https:\/\/www.parisheure.com\/","logo":{"@type":"ImageObject","inLanguage":"en-US","@id":"https:\/\/www.parisheure.com\/#\/schema\/logo\/image\/","url":"https:\/\/www.parisheure.com\/wp-content\/uploads\/2021\/07\/cropped-logo-paris-heure.png","contentUrl":"https:\/\/www.parisheure.com\/wp-content\/uploads\/2021\/07\/cropped-logo-paris-heure.png","width":512,"height":512,"caption":"PARIS HEURE"},"image":{"@id":"https:\/\/www.parisheure.com\/#\/schema\/logo\/image\/"},"sameAs":["https:\/\/www.facebook.com\/ParisHeure","https:\/\/www.instagram.com\/parisheure\/"]}]}},"jetpack_sharing_enabled":true,"brands":[{"id":432,"name":"Rolex","slug":"rolex"}],"_links":{"self":[{"href":"https:\/\/www.parisheure.com\/en\/wp-json\/wp\/v2\/product\/10858","targetHints":{"allow":["GET"]}}],"collection":[{"href":"https:\/\/www.parisheure.com\/en\/wp-json\/wp\/v2\/product"}],"about":[{"href":"https:\/\/www.parisheure.com\/en\/wp-json\/wp\/v2\/types\/product"}],"version-history":[{"count":1,"href":"https:\/\/www.parisheure.com\/en\/wp-json\/wp\/v2\/product\/10858\/revisions"}],"predecessor-version":[{"id":14191,"href":"https:\/\/www.parisheure.com\/en\/wp-json\/wp\/v2\/product\/10858\/revisions\/14191"}],"wp:featuredmedia":[{"embeddable":true,"href":"https:\/\/www.parisheure.com\/en\/wp-json\/wp\/v2\/media\/10884"}],"wp:attachment":[{"href":"https:\/\/www.parisheure.com\/en\/wp-json\/wp\/v2\/media?parent=10858"}],"wp:term":[{"taxonomy":"pwb-brand","embeddable":true,"href":"https:\/\/www.parisheure.com\/en\/wp-json\/wp\/v2\/pwb-brand?post=10858"},{"taxonomy":"product_brand","embeddable":true,"href":"https:\/\/www.parisheure.com\/en\/wp-json\/wp\/v2\/product_brand?post=10858"},{"taxonomy":"product_cat","embeddable":true,"href":"https:\/\/www.parisheure.com\/en\/wp-json\/wp\/v2\/product_cat?post=10858"},{"taxonomy":"product_tag","embeddable":true,"href":"https:\/\/www.parisheure.com\/en\/wp-json\/wp\/v2\/product_tag?post=10858"}],"curies":[{"name":"wp","href":"https:\/\/api.w.org\/{rel}","templated":true}]}}