{"id":11005,"date":"2021-08-04T12:30:08","date_gmt":"2021-08-04T10:30:08","guid":{"rendered":"https:\/\/www.parisheure.com\/?post_type=product&#038;p=11005"},"modified":"2024-10-23T10:32:01","modified_gmt":"2024-10-23T08:32:01","slug":"rolex-daytona-ref-16520-acier-full-set-serie-a-from-2000","status":"publish","type":"product","link":"https:\/\/www.parisheure.com\/en\/buy-watch\/rolex-daytona-ref-16520-acier-full-set-serie-a-from-2000\/","title":{"rendered":"ROLEX DAYTONA REF 16520 ACIER FULL SET SERIE A from 2000"},"content":{"rendered":"<p><strong><em>Our opinion: <\/em><\/strong>The only chrono from Rolex, a must-have from the brand, and in a steel version with a black background! A timeless watch that keeps up with the latest watchmaking trends. New models sell for almost 3 times the catalog price. The watch has a Rolex automatic movement based on Zenith 4030. In fact, this is an earlier version of the one currently in the catalog. Prices are skyrocketing with the new price of the next-generation daytona. It comes with its box on box and its original Series A warranty card.<\/p>","protected":false},"excerpt":{"rendered":"<p><strong><em>Brand :\u00a0\u00a0 <\/em><\/strong>ROLEX<\/p>\n<p><strong><em>Model:\u00a0<\/em><\/strong>DAYTONA<\/p>\n<p><strong><em>Reference :\u00a0<\/em><\/strong>16520<\/p>\n<p><strong><em>Year:\u00a0<\/em><\/strong>2000<\/p>\n<p><strong><em>Serial :\u00a0<\/em><\/strong>A7XXXXXX<\/p>\n<p><strong><em>Diameter\u00a0: <\/em><\/strong>40 MM<\/p>\n<p><strong><em>Movement\u00a0:<\/em><\/strong> Automatic cal zenith 4030<\/p>\n<p><strong><em>Case:\u00a0<\/em><\/strong>Beautiful case, probably never polished, thick and perfectly angled, no major dents or scratches. The proportions are well preserved. Excellent condition of the case, still very thick and in perfect condition. Serial A7 case from 2000 latest series.<\/p>\n<p><strong><em>Dial:\u00a0<\/em><\/strong>Perfect original black dial with beautiful luminova swiss made indexes before the new reference. No scratches or stains on the dial. Hands match the patina of the indexes while the luminova luminescence is still perfect. Dial with no flaws and slight patina.<\/p>\n<p><strong><em>Bezel: <\/em><\/strong><em>\u00a0<\/em>Beautiful original bezel in perfect condition.<\/p>\n<p><strong><em>Bracelet:<\/em><\/strong> : Oyster steel 79390A endlink solid clasp not relaxed at all.<\/p>\n<p><strong><em>Accessories: <\/em><\/strong>\u00a0Box on box and original Rolex papers punched out<\/p>","protected":false},"featured_media":11027,"template":"","meta":[],"pwb-brand":[432],"product_brand":[],"product_cat":[107,367,90,246],"product_tag":[209,156,106,127,322,212],"class_list":{"0":"post-11005","1":"product","2":"type-product","3":"status-publish","4":"has-post-thumbnail","6":"pwb-brand-rolex","7":"product_cat-archives","8":"product_cat-montres-paris-heure","9":"product_cat-rolex","10":"product_cat-rolex-daytona","11":"product_tag-209","12":"product_tag-daytona","13":"product_tag-full-set","14":"product_tag-rolex","15":"product_tag-serie-a","16":"product_tag-zenith","18":"first","19":"outofstock","20":"shipping-taxable","21":"product-type-simple"},"yoast_head":"<!-- This site is optimized with the Yoast SEO plugin v27.5 - https:\/\/yoast.com\/product\/yoast-seo-wordpress\/ -->\n<title>ROLEX DAYTONA REF 16520 ACIER FULL SET SERIE A from 2000 &#8226; PARIS HEURE<\/title>\n<meta name=\"description\" content=\"Marque :\u00a0\u00a0 ROLEX  Mod\u00e8le :\u00a0DAYTONA  R\u00e9f\u00e9rence :\u00a016520  Ann\u00e9e :\u00a02000  Serial :\u00a0A7XXXXXX  Diam\u00e8tre\u00a0: 40 MM  Mouvement\u00a0: Automatique cal 4030  Boite:\u00a0Tr\u00e8s beau boitier \u00a0surement jamais polie et bien \u00e9pais et avec des angles parfait, aucun choc ni rayures importantes. Les proportions sont bien conserv\u00e9es. Excellent \u00e9tat de conservation du boitier encore tr\u00e8s \u00e9pais et en parfait \u00e9tat. Boitier serial A7 de 2000 derni\u00e8re s\u00e9rie.  Cadran :\u00a0Beau cadran noir d\u2019origine parfait avec des beaux indexes luminova swiss made avant la nouvelle r\u00e9f\u00e9rence. Pas de rayures ou taches sur le cadran aiguilles matchant bien la patine des indexs tout au luminova luminescence encore parfaite. Cadran sans aucuns d\u00e9fauts et l\u00e9g\u00e8re patine.  Lunette\u00a0: \u00a0Belle lunette d\u2019origine en parfait \u00e9tat.  Bracelet :\u00a0Acier blind\u00e9 79390A endlink solid clasp pas du tout d\u00e9tendu.  Accessoires\u00a0: \u00a0Boite sur boite et papiers d\u2019origine Rolex punch\u00e9s\" \/>\n<meta name=\"robots\" content=\"index, follow, max-snippet:-1, max-image-preview:large, max-video-preview:-1\" \/>\n<link rel=\"canonical\" href=\"https:\/\/www.parisheure.com\/en\/buy-watch\/rolex-daytona-ref-16520-acier-full-set-serie-a-from-2000\/\" \/>\n<meta property=\"og:locale\" content=\"en_US\" \/>\n<meta property=\"og:type\" content=\"article\" \/>\n<meta property=\"og:title\" content=\"ROLEX DAYTONA REF 16520 ACIER FULL SET SERIE A from 2000 &#8226; PARIS HEURE\" \/>\n<meta property=\"og:description\" content=\"Marque :\u00a0\u00a0 ROLEX  Mod\u00e8le :\u00a0DAYTONA  R\u00e9f\u00e9rence :\u00a016520  Ann\u00e9e :\u00a02000  Serial :\u00a0A7XXXXXX  Diam\u00e8tre\u00a0: 40 MM  Mouvement\u00a0: Automatique cal 4030  Boite:\u00a0Tr\u00e8s beau boitier \u00a0surement jamais polie et bien \u00e9pais et avec des angles parfait, aucun choc ni rayures importantes. Les proportions sont bien conserv\u00e9es. Excellent \u00e9tat de conservation du boitier encore tr\u00e8s \u00e9pais et en parfait \u00e9tat. Boitier serial A7 de 2000 derni\u00e8re s\u00e9rie.  Cadran :\u00a0Beau cadran noir d\u2019origine parfait avec des beaux indexes luminova swiss made avant la nouvelle r\u00e9f\u00e9rence. Pas de rayures ou taches sur le cadran aiguilles matchant bien la patine des indexs tout au luminova luminescence encore parfaite. Cadran sans aucuns d\u00e9fauts et l\u00e9g\u00e8re patine.  Lunette\u00a0: \u00a0Belle lunette d\u2019origine en parfait \u00e9tat.  Bracelet :\u00a0Acier blind\u00e9 79390A endlink solid clasp pas du tout d\u00e9tendu.  Accessoires\u00a0: \u00a0Boite sur boite et papiers d\u2019origine Rolex punch\u00e9s\" \/>\n<meta property=\"og:url\" content=\"https:\/\/www.parisheure.com\/en\/buy-watch\/rolex-daytona-ref-16520-acier-full-set-serie-a-from-2000\/\" \/>\n<meta property=\"og:site_name\" content=\"PARIS HEURE\" \/>\n<meta property=\"article:publisher\" content=\"https:\/\/www.facebook.com\/ParisHeure\" \/>\n<meta property=\"article:modified_time\" content=\"2024-10-23T08:32:01+00:00\" \/>\n<meta property=\"og:image\" content=\"https:\/\/www.parisheure.com\/wp-content\/uploads\/2022\/03\/ROLEX-DAYTONA-ZENITH-REF-16520-BLACK-DIAL-ACIER-SERIE-A-FULL-SET-N\u00b0A718xxx-_0021_Calque-3-scaled.jpg\" \/>\n\t<meta property=\"og:image:width\" content=\"2560\" \/>\n\t<meta property=\"og:image:height\" content=\"2560\" \/>\n\t<meta property=\"og:image:type\" content=\"image\/jpeg\" \/>\n<meta name=\"twitter:card\" content=\"summary_large_image\" \/>\n<script type=\"application\/ld+json\" class=\"yoast-schema-graph\">{\"@context\":\"https:\\\/\\\/schema.org\",\"@graph\":[{\"@type\":\"WebPage\",\"@id\":\"https:\\\/\\\/www.parisheure.com\\\/acheter-montre\\\/rolex-daytona-ref-16520-acier-full-set-serie-a-from-2000\\\/\",\"url\":\"https:\\\/\\\/www.parisheure.com\\\/acheter-montre\\\/rolex-daytona-ref-16520-acier-full-set-serie-a-from-2000\\\/\",\"name\":\"ROLEX DAYTONA REF 16520 ACIER FULL SET SERIE A from 2000 &#8226; PARIS HEURE\",\"isPartOf\":{\"@id\":\"https:\\\/\\\/www.parisheure.com\\\/#website\"},\"primaryImageOfPage\":{\"@id\":\"https:\\\/\\\/www.parisheure.com\\\/acheter-montre\\\/rolex-daytona-ref-16520-acier-full-set-serie-a-from-2000\\\/#primaryimage\"},\"image\":{\"@id\":\"https:\\\/\\\/www.parisheure.com\\\/acheter-montre\\\/rolex-daytona-ref-16520-acier-full-set-serie-a-from-2000\\\/#primaryimage\"},\"thumbnailUrl\":\"https:\\\/\\\/www.parisheure.com\\\/wp-content\\\/uploads\\\/2022\\\/03\\\/ROLEX-DAYTONA-ZENITH-REF-16520-BLACK-DIAL-ACIER-SERIE-A-FULL-SET-N\u00b0A718xxx-_0021_Calque-3-scaled.jpg\",\"datePublished\":\"2021-08-04T10:30:08+00:00\",\"dateModified\":\"2024-10-23T08:32:01+00:00\",\"description\":\"Marque :\u00a0\u00a0 ROLEX Mod\u00e8le :\u00a0DAYTONA R\u00e9f\u00e9rence :\u00a016520 Ann\u00e9e :\u00a02000 Serial :\u00a0A7XXXXXX Diam\u00e8tre\u00a0: 40 MM Mouvement\u00a0: Automatique cal 4030 Boite:\u00a0Tr\u00e8s beau boitier \u00a0surement jamais polie et bien \u00e9pais et avec des angles parfait, aucun choc ni rayures importantes. Les proportions sont bien conserv\u00e9es. Excellent \u00e9tat de conservation du boitier encore tr\u00e8s \u00e9pais et en parfait \u00e9tat. Boitier serial A7 de 2000 derni\u00e8re s\u00e9rie. Cadran :\u00a0Beau cadran noir d\u2019origine parfait avec des beaux indexes luminova swiss made avant la nouvelle r\u00e9f\u00e9rence. Pas de rayures ou taches sur le cadran aiguilles matchant bien la patine des indexs tout au luminova luminescence encore parfaite. Cadran sans aucuns d\u00e9fauts et l\u00e9g\u00e8re patine. Lunette\u00a0: \u00a0Belle lunette d\u2019origine en parfait \u00e9tat. Bracelet :\u00a0Acier blind\u00e9 79390A endlink solid clasp pas du tout d\u00e9tendu. Accessoires\u00a0: \u00a0Boite sur boite et papiers d\u2019origine Rolex punch\u00e9s\",\"breadcrumb\":{\"@id\":\"https:\\\/\\\/www.parisheure.com\\\/acheter-montre\\\/rolex-daytona-ref-16520-acier-full-set-serie-a-from-2000\\\/#breadcrumb\"},\"inLanguage\":\"en-US\",\"potentialAction\":[{\"@type\":\"ReadAction\",\"target\":[\"https:\\\/\\\/www.parisheure.com\\\/acheter-montre\\\/rolex-daytona-ref-16520-acier-full-set-serie-a-from-2000\\\/\"]}]},{\"@type\":\"ImageObject\",\"inLanguage\":\"en-US\",\"@id\":\"https:\\\/\\\/www.parisheure.com\\\/acheter-montre\\\/rolex-daytona-ref-16520-acier-full-set-serie-a-from-2000\\\/#primaryimage\",\"url\":\"https:\\\/\\\/www.parisheure.com\\\/wp-content\\\/uploads\\\/2022\\\/03\\\/ROLEX-DAYTONA-ZENITH-REF-16520-BLACK-DIAL-ACIER-SERIE-A-FULL-SET-N\u00b0A718xxx-_0021_Calque-3-scaled.jpg\",\"contentUrl\":\"https:\\\/\\\/www.parisheure.com\\\/wp-content\\\/uploads\\\/2022\\\/03\\\/ROLEX-DAYTONA-ZENITH-REF-16520-BLACK-DIAL-ACIER-SERIE-A-FULL-SET-N\u00b0A718xxx-_0021_Calque-3-scaled.jpg\",\"width\":2560,\"height\":2560},{\"@type\":\"BreadcrumbList\",\"@id\":\"https:\\\/\\\/www.parisheure.com\\\/acheter-montre\\\/rolex-daytona-ref-16520-acier-full-set-serie-a-from-2000\\\/#breadcrumb\",\"itemListElement\":[{\"@type\":\"ListItem\",\"position\":1,\"name\":\"Accueil\",\"item\":\"https:\\\/\\\/www.parisheure.com\\\/\"},{\"@type\":\"ListItem\",\"position\":2,\"name\":\"WATCHES\",\"item\":\"https:\\\/\\\/www.parisheure.com\\\/\"},{\"@type\":\"ListItem\",\"position\":3,\"name\":\"ROLEX DAYTONA REF 16520 ACIER FULL SET SERIE A from 2000\"}]},{\"@type\":\"WebSite\",\"@id\":\"https:\\\/\\\/www.parisheure.com\\\/#website\",\"url\":\"https:\\\/\\\/www.parisheure.com\\\/\",\"name\":\"PARIS HEURE\",\"description\":\"Vintage watches Paris\",\"publisher\":{\"@id\":\"https:\\\/\\\/www.parisheure.com\\\/#organization\"},\"potentialAction\":[{\"@type\":\"SearchAction\",\"target\":{\"@type\":\"EntryPoint\",\"urlTemplate\":\"https:\\\/\\\/www.parisheure.com\\\/?s={search_term_string}\"},\"query-input\":{\"@type\":\"PropertyValueSpecification\",\"valueRequired\":true,\"valueName\":\"search_term_string\"}}],\"inLanguage\":\"en-US\"},{\"@type\":\"Organization\",\"@id\":\"https:\\\/\\\/www.parisheure.com\\\/#organization\",\"name\":\"PARIS HEURE\",\"url\":\"https:\\\/\\\/www.parisheure.com\\\/\",\"logo\":{\"@type\":\"ImageObject\",\"inLanguage\":\"en-US\",\"@id\":\"https:\\\/\\\/www.parisheure.com\\\/#\\\/schema\\\/logo\\\/image\\\/\",\"url\":\"https:\\\/\\\/www.parisheure.com\\\/wp-content\\\/uploads\\\/2021\\\/07\\\/cropped-logo-paris-heure.png\",\"contentUrl\":\"https:\\\/\\\/www.parisheure.com\\\/wp-content\\\/uploads\\\/2021\\\/07\\\/cropped-logo-paris-heure.png\",\"width\":512,\"height\":512,\"caption\":\"PARIS HEURE\"},\"image\":{\"@id\":\"https:\\\/\\\/www.parisheure.com\\\/#\\\/schema\\\/logo\\\/image\\\/\"},\"sameAs\":[\"https:\\\/\\\/www.facebook.com\\\/ParisHeure\",\"https:\\\/\\\/www.instagram.com\\\/parisheure\\\/\"]}]}<\/script>\n<!-- \/ Yoast SEO plugin. -->","yoast_head_json":{"title":"ROLEX DAYTONA REF 16520 ACIER FULL SET SERIE A from 2000 \u2022 PARIS HEURE","description":"Marque :\u00a0\u00a0 ROLEX  Mod\u00e8le :\u00a0DAYTONA  R\u00e9f\u00e9rence :\u00a016520  Ann\u00e9e :\u00a02000  Serial :\u00a0A7XXXXXX  Diam\u00e8tre\u00a0: 40 MM  Mouvement\u00a0: Automatique cal 4030  Boite:\u00a0Tr\u00e8s beau boitier \u00a0surement jamais polie et bien \u00e9pais et avec des angles parfait, aucun choc ni rayures importantes. Les proportions sont bien conserv\u00e9es. Excellent \u00e9tat de conservation du boitier encore tr\u00e8s \u00e9pais et en parfait \u00e9tat. Boitier serial A7 de 2000 derni\u00e8re s\u00e9rie.  Cadran :\u00a0Beau cadran noir d\u2019origine parfait avec des beaux indexes luminova swiss made avant la nouvelle r\u00e9f\u00e9rence. Pas de rayures ou taches sur le cadran aiguilles matchant bien la patine des indexs tout au luminova luminescence encore parfaite. Cadran sans aucuns d\u00e9fauts et l\u00e9g\u00e8re patine.  Lunette\u00a0: \u00a0Belle lunette d\u2019origine en parfait \u00e9tat.  Bracelet :\u00a0Acier blind\u00e9 79390A endlink solid clasp pas du tout d\u00e9tendu.  Accessoires\u00a0: \u00a0Boite sur boite et papiers d\u2019origine Rolex punch\u00e9s","robots":{"index":"index","follow":"follow","max-snippet":"max-snippet:-1","max-image-preview":"max-image-preview:large","max-video-preview":"max-video-preview:-1"},"canonical":"https:\/\/www.parisheure.com\/en\/buy-watch\/rolex-daytona-ref-16520-acier-full-set-serie-a-from-2000\/","og_locale":"en_US","og_type":"article","og_title":"ROLEX DAYTONA REF 16520 ACIER FULL SET SERIE A from 2000 &#8226; PARIS HEURE","og_description":"Marque :\u00a0\u00a0 ROLEX  Mod\u00e8le :\u00a0DAYTONA  R\u00e9f\u00e9rence :\u00a016520  Ann\u00e9e :\u00a02000  Serial :\u00a0A7XXXXXX  Diam\u00e8tre\u00a0: 40 MM  Mouvement\u00a0: Automatique cal 4030  Boite:\u00a0Tr\u00e8s beau boitier \u00a0surement jamais polie et bien \u00e9pais et avec des angles parfait, aucun choc ni rayures importantes. Les proportions sont bien conserv\u00e9es. Excellent \u00e9tat de conservation du boitier encore tr\u00e8s \u00e9pais et en parfait \u00e9tat. Boitier serial A7 de 2000 derni\u00e8re s\u00e9rie.  Cadran :\u00a0Beau cadran noir d\u2019origine parfait avec des beaux indexes luminova swiss made avant la nouvelle r\u00e9f\u00e9rence. Pas de rayures ou taches sur le cadran aiguilles matchant bien la patine des indexs tout au luminova luminescence encore parfaite. Cadran sans aucuns d\u00e9fauts et l\u00e9g\u00e8re patine.  Lunette\u00a0: \u00a0Belle lunette d\u2019origine en parfait \u00e9tat.  Bracelet :\u00a0Acier blind\u00e9 79390A endlink solid clasp pas du tout d\u00e9tendu.  Accessoires\u00a0: \u00a0Boite sur boite et papiers d\u2019origine Rolex punch\u00e9s","og_url":"https:\/\/www.parisheure.com\/en\/buy-watch\/rolex-daytona-ref-16520-acier-full-set-serie-a-from-2000\/","og_site_name":"PARIS HEURE","article_publisher":"https:\/\/www.facebook.com\/ParisHeure","article_modified_time":"2024-10-23T08:32:01+00:00","og_image":[{"width":2560,"height":2560,"url":"https:\/\/www.parisheure.com\/wp-content\/uploads\/2022\/03\/ROLEX-DAYTONA-ZENITH-REF-16520-BLACK-DIAL-ACIER-SERIE-A-FULL-SET-N\u00b0A718xxx-_0021_Calque-3-scaled.jpg","type":"image\/jpeg"}],"twitter_card":"summary_large_image","schema":{"@context":"https:\/\/schema.org","@graph":[{"@type":"WebPage","@id":"https:\/\/www.parisheure.com\/acheter-montre\/rolex-daytona-ref-16520-acier-full-set-serie-a-from-2000\/","url":"https:\/\/www.parisheure.com\/acheter-montre\/rolex-daytona-ref-16520-acier-full-set-serie-a-from-2000\/","name":"ROLEX DAYTONA REF 16520 ACIER FULL SET SERIE A from 2000 \u2022 PARIS HEURE","isPartOf":{"@id":"https:\/\/www.parisheure.com\/#website"},"primaryImageOfPage":{"@id":"https:\/\/www.parisheure.com\/acheter-montre\/rolex-daytona-ref-16520-acier-full-set-serie-a-from-2000\/#primaryimage"},"image":{"@id":"https:\/\/www.parisheure.com\/acheter-montre\/rolex-daytona-ref-16520-acier-full-set-serie-a-from-2000\/#primaryimage"},"thumbnailUrl":"https:\/\/www.parisheure.com\/wp-content\/uploads\/2022\/03\/ROLEX-DAYTONA-ZENITH-REF-16520-BLACK-DIAL-ACIER-SERIE-A-FULL-SET-N\u00b0A718xxx-_0021_Calque-3-scaled.jpg","datePublished":"2021-08-04T10:30:08+00:00","dateModified":"2024-10-23T08:32:01+00:00","description":"Marque :\u00a0\u00a0 ROLEX Mod\u00e8le :\u00a0DAYTONA R\u00e9f\u00e9rence :\u00a016520 Ann\u00e9e :\u00a02000 Serial :\u00a0A7XXXXXX Diam\u00e8tre\u00a0: 40 MM Mouvement\u00a0: Automatique cal 4030 Boite:\u00a0Tr\u00e8s beau boitier \u00a0surement jamais polie et bien \u00e9pais et avec des angles parfait, aucun choc ni rayures importantes. Les proportions sont bien conserv\u00e9es. Excellent \u00e9tat de conservation du boitier encore tr\u00e8s \u00e9pais et en parfait \u00e9tat. Boitier serial A7 de 2000 derni\u00e8re s\u00e9rie. Cadran :\u00a0Beau cadran noir d\u2019origine parfait avec des beaux indexes luminova swiss made avant la nouvelle r\u00e9f\u00e9rence. Pas de rayures ou taches sur le cadran aiguilles matchant bien la patine des indexs tout au luminova luminescence encore parfaite. Cadran sans aucuns d\u00e9fauts et l\u00e9g\u00e8re patine. Lunette\u00a0: \u00a0Belle lunette d\u2019origine en parfait \u00e9tat. Bracelet :\u00a0Acier blind\u00e9 79390A endlink solid clasp pas du tout d\u00e9tendu. Accessoires\u00a0: \u00a0Boite sur boite et papiers d\u2019origine Rolex punch\u00e9s","breadcrumb":{"@id":"https:\/\/www.parisheure.com\/acheter-montre\/rolex-daytona-ref-16520-acier-full-set-serie-a-from-2000\/#breadcrumb"},"inLanguage":"en-US","potentialAction":[{"@type":"ReadAction","target":["https:\/\/www.parisheure.com\/acheter-montre\/rolex-daytona-ref-16520-acier-full-set-serie-a-from-2000\/"]}]},{"@type":"ImageObject","inLanguage":"en-US","@id":"https:\/\/www.parisheure.com\/acheter-montre\/rolex-daytona-ref-16520-acier-full-set-serie-a-from-2000\/#primaryimage","url":"https:\/\/www.parisheure.com\/wp-content\/uploads\/2022\/03\/ROLEX-DAYTONA-ZENITH-REF-16520-BLACK-DIAL-ACIER-SERIE-A-FULL-SET-N\u00b0A718xxx-_0021_Calque-3-scaled.jpg","contentUrl":"https:\/\/www.parisheure.com\/wp-content\/uploads\/2022\/03\/ROLEX-DAYTONA-ZENITH-REF-16520-BLACK-DIAL-ACIER-SERIE-A-FULL-SET-N\u00b0A718xxx-_0021_Calque-3-scaled.jpg","width":2560,"height":2560},{"@type":"BreadcrumbList","@id":"https:\/\/www.parisheure.com\/acheter-montre\/rolex-daytona-ref-16520-acier-full-set-serie-a-from-2000\/#breadcrumb","itemListElement":[{"@type":"ListItem","position":1,"name":"Accueil","item":"https:\/\/www.parisheure.com\/"},{"@type":"ListItem","position":2,"name":"WATCHES","item":"https:\/\/www.parisheure.com\/"},{"@type":"ListItem","position":3,"name":"ROLEX DAYTONA REF 16520 ACIER FULL SET SERIE A from 2000"}]},{"@type":"WebSite","@id":"https:\/\/www.parisheure.com\/#website","url":"https:\/\/www.parisheure.com\/","name":"PARIS HEURE","description":"Vintage watches Paris","publisher":{"@id":"https:\/\/www.parisheure.com\/#organization"},"potentialAction":[{"@type":"SearchAction","target":{"@type":"EntryPoint","urlTemplate":"https:\/\/www.parisheure.com\/?s={search_term_string}"},"query-input":{"@type":"PropertyValueSpecification","valueRequired":true,"valueName":"search_term_string"}}],"inLanguage":"en-US"},{"@type":"Organization","@id":"https:\/\/www.parisheure.com\/#organization","name":"PARIS HEURE","url":"https:\/\/www.parisheure.com\/","logo":{"@type":"ImageObject","inLanguage":"en-US","@id":"https:\/\/www.parisheure.com\/#\/schema\/logo\/image\/","url":"https:\/\/www.parisheure.com\/wp-content\/uploads\/2021\/07\/cropped-logo-paris-heure.png","contentUrl":"https:\/\/www.parisheure.com\/wp-content\/uploads\/2021\/07\/cropped-logo-paris-heure.png","width":512,"height":512,"caption":"PARIS HEURE"},"image":{"@id":"https:\/\/www.parisheure.com\/#\/schema\/logo\/image\/"},"sameAs":["https:\/\/www.facebook.com\/ParisHeure","https:\/\/www.instagram.com\/parisheure\/"]}]}},"jetpack_sharing_enabled":true,"brands":[{"id":432,"name":"Rolex","slug":"rolex"}],"_links":{"self":[{"href":"https:\/\/www.parisheure.com\/en\/wp-json\/wp\/v2\/product\/11005","targetHints":{"allow":["GET"]}}],"collection":[{"href":"https:\/\/www.parisheure.com\/en\/wp-json\/wp\/v2\/product"}],"about":[{"href":"https:\/\/www.parisheure.com\/en\/wp-json\/wp\/v2\/types\/product"}],"version-history":[{"count":1,"href":"https:\/\/www.parisheure.com\/en\/wp-json\/wp\/v2\/product\/11005\/revisions"}],"predecessor-version":[{"id":14183,"href":"https:\/\/www.parisheure.com\/en\/wp-json\/wp\/v2\/product\/11005\/revisions\/14183"}],"wp:featuredmedia":[{"embeddable":true,"href":"https:\/\/www.parisheure.com\/en\/wp-json\/wp\/v2\/media\/11027"}],"wp:attachment":[{"href":"https:\/\/www.parisheure.com\/en\/wp-json\/wp\/v2\/media?parent=11005"}],"wp:term":[{"taxonomy":"pwb-brand","embeddable":true,"href":"https:\/\/www.parisheure.com\/en\/wp-json\/wp\/v2\/pwb-brand?post=11005"},{"taxonomy":"product_brand","embeddable":true,"href":"https:\/\/www.parisheure.com\/en\/wp-json\/wp\/v2\/product_brand?post=11005"},{"taxonomy":"product_cat","embeddable":true,"href":"https:\/\/www.parisheure.com\/en\/wp-json\/wp\/v2\/product_cat?post=11005"},{"taxonomy":"product_tag","embeddable":true,"href":"https:\/\/www.parisheure.com\/en\/wp-json\/wp\/v2\/product_tag?post=11005"}],"curies":[{"name":"wp","href":"https:\/\/api.w.org\/{rel}","templated":true}]}}