{"id":11050,"date":"2021-08-04T12:31:19","date_gmt":"2021-08-04T10:31:19","guid":{"rendered":"https:\/\/www.parisheure.com\/?post_type=product&#038;p=11050"},"modified":"2024-10-23T10:38:10","modified_gmt":"2024-10-23T08:38:10","slug":"rolex-submariner-james-bond-small-crown-ref-6536-1-gilt-dial-from-1959","status":"publish","type":"product","link":"https:\/\/www.parisheure.com\/en\/buy-watch\/rolex-submariner-james-bond-small-crown-ref-6536-1-gilt-dial-from-1959\/","title":{"rendered":"ROLEX SUBMARINER SMALL CROWN REF 6536-1 GILT DIAL from 1959"},"content":{"rendered":"<p><strong><em>Our opinion:<\/em><\/strong> La submariner called \u201cJames Bond\u201d ou encore small crown est la premi\u00e8re version de submariner des ann\u00e9es 50 v\u00e9ritable tool watch utilis\u00e9e par les plongeurs et dans les premiers films de James Bond. Boitier sans prot\u00e8ge couronne lui conf\u00e8re un look vintage mais si moderne pour les ann\u00e9es 50 prouvant encore que Rolex a toujours \u00e9t\u00e9 en avance sur son temps en termes de tool watches. Magnifique exemplaire de la petite James Bond r\u00e9f\u00e9rence 6536-1. La particularit\u00e9 de ces mod\u00e8les est qu\u2019elles sont mont\u00e9es sur des cadrans laqu\u00e9s tr\u00e8s rare et souvent en mauvais \u00e9tat. Celui-ci est parfait, certes de service mais quand m\u00eame rare et donnant le m\u00eame look qu\u2019un d\u2019origine juste patin\u00e9 comme il le faut avec son bel insert gris\u00e9. Une tr\u00e8s belle montre vintage et collector des ann\u00e9es 50 la fameuse James bond avec son petit remontoir sans prot\u00e8ge couronne ! Un must have dans toute collection s\u00e9rieuse. Pour ce prix vous n\u2019aurez m\u00eame pas une rolex submariner HULK produites par milliers et qui n\u2019a rien de rare du tout.<\/p>","protected":false},"excerpt":{"rendered":"<p><strong><em>Brand: <\/em><\/strong>ROLEX<\/p>\n<p><strong><em>Model: <\/em><\/strong>SUBMARINER SMALL CROWN<\/p>\n<p><strong><em>Reference: <\/em><\/strong>6536-1<\/p>\n<p><strong><em>Year:<\/em><\/strong> 1958<\/p>\n<p><strong><em>Serial : <\/em><\/strong>398XXX<\/p>\n<p><strong><em>Movement\u00a0: <\/em><\/strong>AUTO CAL 1030 ROTOR BUTTERFLY<\/p>\n<p><strong><em>Case: <\/em><\/strong>Boitier tr\u00e8s peu polie qui garde sa forme d\u2019origine avec des angles encore bien pr\u00e9sents et une boite bien \u00e9paisse peu polie. La montre a d\u00fb \u00eatre peu port\u00e9e. Chanfreins tr\u00e8s visibles et boitier tr\u00e8s bien conserv\u00e9. Insert de service.<\/p>\n<p>&nbsp;<\/p>\n<p><strong><em>Dial: <\/em><\/strong>Rare cadran de service chemin de fer marqu\u00e9 swiss t25 et en parfait \u00e9tat, gilt laque et chemin de fer, cadran de service des ann\u00e9es 60 qui r\u00e9agis aux UV et les aiguilles qui matchent bien. Rolex les changeait souvent a cause de la radiation tr\u00e8s concentr\u00e9 des cadrans radium swiss only. Le cadran est parfait laque miroir et index bien patin\u00e9s et encore luminescent ainsi que ses aiguilles.<\/p>\n<p><strong><em>Diameter\u00a0: <\/em><\/strong>37mm<\/p>\n<p><strong><em>Bracelet:<\/em><\/strong>: Bracelet Rivet\u00e9 oyster en parfait \u00e9tat avec tous ses maillons et peu de strech. R\u00e9f\u00e9rence 7206 endlink 80.<\/p>\n<p><strong><em>Accessories: <\/em><\/strong>None<\/p>","protected":false},"featured_media":11074,"template":"","meta":[],"pwb-brand":[432],"product_brand":[],"product_cat":[107,367,90,244],"product_tag":[330,326,329,328,298,127,327,135],"class_list":{"0":"post-11050","1":"product","2":"type-product","3":"status-publish","4":"has-post-thumbnail","6":"pwb-brand-rolex","7":"product_cat-archives","8":"product_cat-montres-paris-heure","9":"product_cat-rolex","10":"product_cat-rolex-submariner","11":"product_tag-330","12":"product_tag-6536-1","13":"product_tag-gilt","14":"product_tag-james-bond","15":"product_tag-rare","16":"product_tag-rolex","17":"product_tag-small-crown","18":"product_tag-submariner","20":"first","21":"outofstock","22":"shipping-taxable","23":"product-type-simple"},"yoast_head":"<!-- This site is optimized with the Yoast SEO plugin v27.5 - https:\/\/yoast.com\/product\/yoast-seo-wordpress\/ -->\n<title>ROLEX SUBMARINER SMALL CROWN REF 6536-1 GILT DIAL from 1959 &#8226; PARIS HEURE<\/title>\n<meta name=\"description\" content=\"Marque: ROLEX  Mod\u00e8le: SUBMARINER SMALL CROWN  R\u00e9f\u00e9rence: 6536-1  Ann\u00e9e: 1958  Serial : 398XXX  Mouvement\u00a0: AUTO CAL 1030 ROTOR BUTTERFLY  Boite: Boitier tr\u00e8s peu polie qui garde sa forme d\u2019origine avec des angles encore bien pr\u00e9sents et une boite bien \u00e9paisse peu polie. La montre a d\u00fb \u00eatre peu port\u00e9e. Chanfreins tr\u00e8s visibles et boitier tr\u00e8s bien conserv\u00e9. Insert de service.  &nbsp;  Cadran: Rare cadran de service chemin de fer marqu\u00e9 swiss t25 et en parfait \u00e9tat, gilt laque et chemin de fer, cadran de service des ann\u00e9es 60 qui r\u00e9agis aux UV et les aiguilles qui matchent bien. Rolex les changeait souvent a cause de la radiation tr\u00e8s concentr\u00e9 des cadrans radium swiss only. Le cadran est parfait laque miroir et index bien patin\u00e9s et encore luminescent ainsi que ses aiguilles.  Diam\u00e8tre\u00a0: 37mm  Bracelet: Bracelet Rivet\u00e9 oyster en parfait \u00e9tat avec tous ses maillons et peu de strech. R\u00e9f\u00e9rence 7206 endlink 80.  Accessoires\u00a0: Aucuns\" \/>\n<meta name=\"robots\" content=\"index, follow, max-snippet:-1, max-image-preview:large, max-video-preview:-1\" \/>\n<link rel=\"canonical\" href=\"https:\/\/www.parisheure.com\/en\/buy-watch\/rolex-submariner-james-bond-small-crown-ref-6536-1-gilt-dial-from-1959\/\" \/>\n<meta property=\"og:locale\" content=\"en_US\" \/>\n<meta property=\"og:type\" content=\"article\" \/>\n<meta property=\"og:title\" content=\"ROLEX SUBMARINER SMALL CROWN REF 6536-1 GILT DIAL from 1959 &#8226; PARIS HEURE\" \/>\n<meta property=\"og:description\" content=\"Marque: ROLEX  Mod\u00e8le: SUBMARINER SMALL CROWN  R\u00e9f\u00e9rence: 6536-1  Ann\u00e9e: 1958  Serial : 398XXX  Mouvement\u00a0: AUTO CAL 1030 ROTOR BUTTERFLY  Boite: Boitier tr\u00e8s peu polie qui garde sa forme d\u2019origine avec des angles encore bien pr\u00e9sents et une boite bien \u00e9paisse peu polie. La montre a d\u00fb \u00eatre peu port\u00e9e. Chanfreins tr\u00e8s visibles et boitier tr\u00e8s bien conserv\u00e9. Insert de service.  &nbsp;  Cadran: Rare cadran de service chemin de fer marqu\u00e9 swiss t25 et en parfait \u00e9tat, gilt laque et chemin de fer, cadran de service des ann\u00e9es 60 qui r\u00e9agis aux UV et les aiguilles qui matchent bien. Rolex les changeait souvent a cause de la radiation tr\u00e8s concentr\u00e9 des cadrans radium swiss only. Le cadran est parfait laque miroir et index bien patin\u00e9s et encore luminescent ainsi que ses aiguilles.  Diam\u00e8tre\u00a0: 37mm  Bracelet: Bracelet Rivet\u00e9 oyster en parfait \u00e9tat avec tous ses maillons et peu de strech. R\u00e9f\u00e9rence 7206 endlink 80.  Accessoires\u00a0: Aucuns\" \/>\n<meta property=\"og:url\" content=\"https:\/\/www.parisheure.com\/en\/buy-watch\/rolex-submariner-james-bond-small-crown-ref-6536-1-gilt-dial-from-1959\/\" \/>\n<meta property=\"og:site_name\" content=\"PARIS HEURE\" \/>\n<meta property=\"article:publisher\" content=\"https:\/\/www.facebook.com\/ParisHeure\" \/>\n<meta property=\"article:modified_time\" content=\"2024-10-23T08:38:10+00:00\" \/>\n<meta property=\"og:image\" content=\"https:\/\/www.parisheure.com\/wp-content\/uploads\/2022\/03\/ROLEX-SUBMARINER-REF-6536-1-SMALL-CROWN-JAMES-BOND-SERVICE-GILT-DIAL-N-398XXX-_0023_Calque-8-scaled.jpg\" \/>\n\t<meta property=\"og:image:width\" content=\"2560\" \/>\n\t<meta property=\"og:image:height\" content=\"2560\" \/>\n\t<meta property=\"og:image:type\" content=\"image\/jpeg\" \/>\n<meta name=\"twitter:card\" content=\"summary_large_image\" \/>\n<script type=\"application\/ld+json\" class=\"yoast-schema-graph\">{\"@context\":\"https:\\\/\\\/schema.org\",\"@graph\":[{\"@type\":\"WebPage\",\"@id\":\"https:\\\/\\\/www.parisheure.com\\\/acheter-montre\\\/rolex-submariner-james-bond-small-crown-ref-6536-1-gilt-dial-from-1959\\\/\",\"url\":\"https:\\\/\\\/www.parisheure.com\\\/acheter-montre\\\/rolex-submariner-james-bond-small-crown-ref-6536-1-gilt-dial-from-1959\\\/\",\"name\":\"ROLEX SUBMARINER SMALL CROWN REF 6536-1 GILT DIAL from 1959 &#8226; PARIS HEURE\",\"isPartOf\":{\"@id\":\"https:\\\/\\\/www.parisheure.com\\\/#website\"},\"primaryImageOfPage\":{\"@id\":\"https:\\\/\\\/www.parisheure.com\\\/acheter-montre\\\/rolex-submariner-james-bond-small-crown-ref-6536-1-gilt-dial-from-1959\\\/#primaryimage\"},\"image\":{\"@id\":\"https:\\\/\\\/www.parisheure.com\\\/acheter-montre\\\/rolex-submariner-james-bond-small-crown-ref-6536-1-gilt-dial-from-1959\\\/#primaryimage\"},\"thumbnailUrl\":\"https:\\\/\\\/www.parisheure.com\\\/wp-content\\\/uploads\\\/2022\\\/03\\\/ROLEX-SUBMARINER-REF-6536-1-SMALL-CROWN-JAMES-BOND-SERVICE-GILT-DIAL-N-398XXX-_0023_Calque-8-scaled.jpg\",\"datePublished\":\"2021-08-04T10:31:19+00:00\",\"dateModified\":\"2024-10-23T08:38:10+00:00\",\"description\":\"Marque: ROLEX Mod\u00e8le: SUBMARINER SMALL CROWN R\u00e9f\u00e9rence: 6536-1 Ann\u00e9e: 1958 Serial : 398XXX Mouvement\u00a0: AUTO CAL 1030 ROTOR BUTTERFLY Boite: Boitier tr\u00e8s peu polie qui garde sa forme d\u2019origine avec des angles encore bien pr\u00e9sents et une boite bien \u00e9paisse peu polie. La montre a d\u00fb \u00eatre peu port\u00e9e. Chanfreins tr\u00e8s visibles et boitier tr\u00e8s bien conserv\u00e9. Insert de service. &nbsp; Cadran: Rare cadran de service chemin de fer marqu\u00e9 swiss t25 et en parfait \u00e9tat, gilt laque et chemin de fer, cadran de service des ann\u00e9es 60 qui r\u00e9agis aux UV et les aiguilles qui matchent bien. Rolex les changeait souvent a cause de la radiation tr\u00e8s concentr\u00e9 des cadrans radium swiss only. Le cadran est parfait laque miroir et index bien patin\u00e9s et encore luminescent ainsi que ses aiguilles. Diam\u00e8tre\u00a0: 37mm Bracelet: Bracelet Rivet\u00e9 oyster en parfait \u00e9tat avec tous ses maillons et peu de strech. R\u00e9f\u00e9rence 7206 endlink 80. Accessoires\u00a0: Aucuns\",\"breadcrumb\":{\"@id\":\"https:\\\/\\\/www.parisheure.com\\\/acheter-montre\\\/rolex-submariner-james-bond-small-crown-ref-6536-1-gilt-dial-from-1959\\\/#breadcrumb\"},\"inLanguage\":\"en-US\",\"potentialAction\":[{\"@type\":\"ReadAction\",\"target\":[\"https:\\\/\\\/www.parisheure.com\\\/acheter-montre\\\/rolex-submariner-james-bond-small-crown-ref-6536-1-gilt-dial-from-1959\\\/\"]}]},{\"@type\":\"ImageObject\",\"inLanguage\":\"en-US\",\"@id\":\"https:\\\/\\\/www.parisheure.com\\\/acheter-montre\\\/rolex-submariner-james-bond-small-crown-ref-6536-1-gilt-dial-from-1959\\\/#primaryimage\",\"url\":\"https:\\\/\\\/www.parisheure.com\\\/wp-content\\\/uploads\\\/2022\\\/03\\\/ROLEX-SUBMARINER-REF-6536-1-SMALL-CROWN-JAMES-BOND-SERVICE-GILT-DIAL-N-398XXX-_0023_Calque-8-scaled.jpg\",\"contentUrl\":\"https:\\\/\\\/www.parisheure.com\\\/wp-content\\\/uploads\\\/2022\\\/03\\\/ROLEX-SUBMARINER-REF-6536-1-SMALL-CROWN-JAMES-BOND-SERVICE-GILT-DIAL-N-398XXX-_0023_Calque-8-scaled.jpg\",\"width\":2560,\"height\":2560},{\"@type\":\"BreadcrumbList\",\"@id\":\"https:\\\/\\\/www.parisheure.com\\\/acheter-montre\\\/rolex-submariner-james-bond-small-crown-ref-6536-1-gilt-dial-from-1959\\\/#breadcrumb\",\"itemListElement\":[{\"@type\":\"ListItem\",\"position\":1,\"name\":\"Accueil\",\"item\":\"https:\\\/\\\/www.parisheure.com\\\/\"},{\"@type\":\"ListItem\",\"position\":2,\"name\":\"WATCHES\",\"item\":\"https:\\\/\\\/www.parisheure.com\\\/\"},{\"@type\":\"ListItem\",\"position\":3,\"name\":\"ROLEX SUBMARINER SMALL CROWN REF 6536-1 GILT DIAL from 1959\"}]},{\"@type\":\"WebSite\",\"@id\":\"https:\\\/\\\/www.parisheure.com\\\/#website\",\"url\":\"https:\\\/\\\/www.parisheure.com\\\/\",\"name\":\"PARIS HEURE\",\"description\":\"Vintage watches Paris\",\"publisher\":{\"@id\":\"https:\\\/\\\/www.parisheure.com\\\/#organization\"},\"potentialAction\":[{\"@type\":\"SearchAction\",\"target\":{\"@type\":\"EntryPoint\",\"urlTemplate\":\"https:\\\/\\\/www.parisheure.com\\\/?s={search_term_string}\"},\"query-input\":{\"@type\":\"PropertyValueSpecification\",\"valueRequired\":true,\"valueName\":\"search_term_string\"}}],\"inLanguage\":\"en-US\"},{\"@type\":\"Organization\",\"@id\":\"https:\\\/\\\/www.parisheure.com\\\/#organization\",\"name\":\"PARIS HEURE\",\"url\":\"https:\\\/\\\/www.parisheure.com\\\/\",\"logo\":{\"@type\":\"ImageObject\",\"inLanguage\":\"en-US\",\"@id\":\"https:\\\/\\\/www.parisheure.com\\\/#\\\/schema\\\/logo\\\/image\\\/\",\"url\":\"https:\\\/\\\/www.parisheure.com\\\/wp-content\\\/uploads\\\/2021\\\/07\\\/cropped-logo-paris-heure.png\",\"contentUrl\":\"https:\\\/\\\/www.parisheure.com\\\/wp-content\\\/uploads\\\/2021\\\/07\\\/cropped-logo-paris-heure.png\",\"width\":512,\"height\":512,\"caption\":\"PARIS HEURE\"},\"image\":{\"@id\":\"https:\\\/\\\/www.parisheure.com\\\/#\\\/schema\\\/logo\\\/image\\\/\"},\"sameAs\":[\"https:\\\/\\\/www.facebook.com\\\/ParisHeure\",\"https:\\\/\\\/www.instagram.com\\\/parisheure\\\/\"]}]}<\/script>\n<!-- \/ Yoast SEO plugin. -->","yoast_head_json":{"title":"ROLEX SUBMARINER SMALL CROWN REF 6536-1 GILT DIAL from 1959 \u2022 PARIS HEURE","description":"Marque: ROLEX  Mod\u00e8le: SUBMARINER SMALL CROWN  R\u00e9f\u00e9rence: 6536-1  Ann\u00e9e: 1958  Serial : 398XXX  Mouvement\u00a0: AUTO CAL 1030 ROTOR BUTTERFLY  Boite: Boitier tr\u00e8s peu polie qui garde sa forme d\u2019origine avec des angles encore bien pr\u00e9sents et une boite bien \u00e9paisse peu polie. La montre a d\u00fb \u00eatre peu port\u00e9e. Chanfreins tr\u00e8s visibles et boitier tr\u00e8s bien conserv\u00e9. Insert de service.  &nbsp;  Cadran: Rare cadran de service chemin de fer marqu\u00e9 swiss t25 et en parfait \u00e9tat, gilt laque et chemin de fer, cadran de service des ann\u00e9es 60 qui r\u00e9agis aux UV et les aiguilles qui matchent bien. Rolex les changeait souvent a cause de la radiation tr\u00e8s concentr\u00e9 des cadrans radium swiss only. Le cadran est parfait laque miroir et index bien patin\u00e9s et encore luminescent ainsi que ses aiguilles.  Diam\u00e8tre\u00a0: 37mm  Bracelet: Bracelet Rivet\u00e9 oyster en parfait \u00e9tat avec tous ses maillons et peu de strech. R\u00e9f\u00e9rence 7206 endlink 80.  Accessoires\u00a0: Aucuns","robots":{"index":"index","follow":"follow","max-snippet":"max-snippet:-1","max-image-preview":"max-image-preview:large","max-video-preview":"max-video-preview:-1"},"canonical":"https:\/\/www.parisheure.com\/en\/buy-watch\/rolex-submariner-james-bond-small-crown-ref-6536-1-gilt-dial-from-1959\/","og_locale":"en_US","og_type":"article","og_title":"ROLEX SUBMARINER SMALL CROWN REF 6536-1 GILT DIAL from 1959 &#8226; PARIS HEURE","og_description":"Marque: ROLEX  Mod\u00e8le: SUBMARINER SMALL CROWN  R\u00e9f\u00e9rence: 6536-1  Ann\u00e9e: 1958  Serial : 398XXX  Mouvement\u00a0: AUTO CAL 1030 ROTOR BUTTERFLY  Boite: Boitier tr\u00e8s peu polie qui garde sa forme d\u2019origine avec des angles encore bien pr\u00e9sents et une boite bien \u00e9paisse peu polie. La montre a d\u00fb \u00eatre peu port\u00e9e. Chanfreins tr\u00e8s visibles et boitier tr\u00e8s bien conserv\u00e9. Insert de service.  &nbsp;  Cadran: Rare cadran de service chemin de fer marqu\u00e9 swiss t25 et en parfait \u00e9tat, gilt laque et chemin de fer, cadran de service des ann\u00e9es 60 qui r\u00e9agis aux UV et les aiguilles qui matchent bien. Rolex les changeait souvent a cause de la radiation tr\u00e8s concentr\u00e9 des cadrans radium swiss only. Le cadran est parfait laque miroir et index bien patin\u00e9s et encore luminescent ainsi que ses aiguilles.  Diam\u00e8tre\u00a0: 37mm  Bracelet: Bracelet Rivet\u00e9 oyster en parfait \u00e9tat avec tous ses maillons et peu de strech. R\u00e9f\u00e9rence 7206 endlink 80.  Accessoires\u00a0: Aucuns","og_url":"https:\/\/www.parisheure.com\/en\/buy-watch\/rolex-submariner-james-bond-small-crown-ref-6536-1-gilt-dial-from-1959\/","og_site_name":"PARIS HEURE","article_publisher":"https:\/\/www.facebook.com\/ParisHeure","article_modified_time":"2024-10-23T08:38:10+00:00","og_image":[{"width":2560,"height":2560,"url":"https:\/\/www.parisheure.com\/wp-content\/uploads\/2022\/03\/ROLEX-SUBMARINER-REF-6536-1-SMALL-CROWN-JAMES-BOND-SERVICE-GILT-DIAL-N-398XXX-_0023_Calque-8-scaled.jpg","type":"image\/jpeg"}],"twitter_card":"summary_large_image","schema":{"@context":"https:\/\/schema.org","@graph":[{"@type":"WebPage","@id":"https:\/\/www.parisheure.com\/acheter-montre\/rolex-submariner-james-bond-small-crown-ref-6536-1-gilt-dial-from-1959\/","url":"https:\/\/www.parisheure.com\/acheter-montre\/rolex-submariner-james-bond-small-crown-ref-6536-1-gilt-dial-from-1959\/","name":"ROLEX SUBMARINER SMALL CROWN REF 6536-1 GILT DIAL from 1959 \u2022 PARIS HEURE","isPartOf":{"@id":"https:\/\/www.parisheure.com\/#website"},"primaryImageOfPage":{"@id":"https:\/\/www.parisheure.com\/acheter-montre\/rolex-submariner-james-bond-small-crown-ref-6536-1-gilt-dial-from-1959\/#primaryimage"},"image":{"@id":"https:\/\/www.parisheure.com\/acheter-montre\/rolex-submariner-james-bond-small-crown-ref-6536-1-gilt-dial-from-1959\/#primaryimage"},"thumbnailUrl":"https:\/\/www.parisheure.com\/wp-content\/uploads\/2022\/03\/ROLEX-SUBMARINER-REF-6536-1-SMALL-CROWN-JAMES-BOND-SERVICE-GILT-DIAL-N-398XXX-_0023_Calque-8-scaled.jpg","datePublished":"2021-08-04T10:31:19+00:00","dateModified":"2024-10-23T08:38:10+00:00","description":"Marque: ROLEX Mod\u00e8le: SUBMARINER SMALL CROWN R\u00e9f\u00e9rence: 6536-1 Ann\u00e9e: 1958 Serial : 398XXX Mouvement\u00a0: AUTO CAL 1030 ROTOR BUTTERFLY Boite: Boitier tr\u00e8s peu polie qui garde sa forme d\u2019origine avec des angles encore bien pr\u00e9sents et une boite bien \u00e9paisse peu polie. La montre a d\u00fb \u00eatre peu port\u00e9e. Chanfreins tr\u00e8s visibles et boitier tr\u00e8s bien conserv\u00e9. Insert de service. \u00a0 Cadran: Rare cadran de service chemin de fer marqu\u00e9 swiss t25 et en parfait \u00e9tat, gilt laque et chemin de fer, cadran de service des ann\u00e9es 60 qui r\u00e9agis aux UV et les aiguilles qui matchent bien. Rolex les changeait souvent a cause de la radiation tr\u00e8s concentr\u00e9 des cadrans radium swiss only. Le cadran est parfait laque miroir et index bien patin\u00e9s et encore luminescent ainsi que ses aiguilles. Diam\u00e8tre\u00a0: 37mm Bracelet: Bracelet Rivet\u00e9 oyster en parfait \u00e9tat avec tous ses maillons et peu de strech. R\u00e9f\u00e9rence 7206 endlink 80. Accessoires\u00a0: Aucuns","breadcrumb":{"@id":"https:\/\/www.parisheure.com\/acheter-montre\/rolex-submariner-james-bond-small-crown-ref-6536-1-gilt-dial-from-1959\/#breadcrumb"},"inLanguage":"en-US","potentialAction":[{"@type":"ReadAction","target":["https:\/\/www.parisheure.com\/acheter-montre\/rolex-submariner-james-bond-small-crown-ref-6536-1-gilt-dial-from-1959\/"]}]},{"@type":"ImageObject","inLanguage":"en-US","@id":"https:\/\/www.parisheure.com\/acheter-montre\/rolex-submariner-james-bond-small-crown-ref-6536-1-gilt-dial-from-1959\/#primaryimage","url":"https:\/\/www.parisheure.com\/wp-content\/uploads\/2022\/03\/ROLEX-SUBMARINER-REF-6536-1-SMALL-CROWN-JAMES-BOND-SERVICE-GILT-DIAL-N-398XXX-_0023_Calque-8-scaled.jpg","contentUrl":"https:\/\/www.parisheure.com\/wp-content\/uploads\/2022\/03\/ROLEX-SUBMARINER-REF-6536-1-SMALL-CROWN-JAMES-BOND-SERVICE-GILT-DIAL-N-398XXX-_0023_Calque-8-scaled.jpg","width":2560,"height":2560},{"@type":"BreadcrumbList","@id":"https:\/\/www.parisheure.com\/acheter-montre\/rolex-submariner-james-bond-small-crown-ref-6536-1-gilt-dial-from-1959\/#breadcrumb","itemListElement":[{"@type":"ListItem","position":1,"name":"Accueil","item":"https:\/\/www.parisheure.com\/"},{"@type":"ListItem","position":2,"name":"WATCHES","item":"https:\/\/www.parisheure.com\/"},{"@type":"ListItem","position":3,"name":"ROLEX SUBMARINER SMALL CROWN REF 6536-1 GILT DIAL from 1959"}]},{"@type":"WebSite","@id":"https:\/\/www.parisheure.com\/#website","url":"https:\/\/www.parisheure.com\/","name":"PARIS HEURE","description":"Vintage watches Paris","publisher":{"@id":"https:\/\/www.parisheure.com\/#organization"},"potentialAction":[{"@type":"SearchAction","target":{"@type":"EntryPoint","urlTemplate":"https:\/\/www.parisheure.com\/?s={search_term_string}"},"query-input":{"@type":"PropertyValueSpecification","valueRequired":true,"valueName":"search_term_string"}}],"inLanguage":"en-US"},{"@type":"Organization","@id":"https:\/\/www.parisheure.com\/#organization","name":"PARIS HEURE","url":"https:\/\/www.parisheure.com\/","logo":{"@type":"ImageObject","inLanguage":"en-US","@id":"https:\/\/www.parisheure.com\/#\/schema\/logo\/image\/","url":"https:\/\/www.parisheure.com\/wp-content\/uploads\/2021\/07\/cropped-logo-paris-heure.png","contentUrl":"https:\/\/www.parisheure.com\/wp-content\/uploads\/2021\/07\/cropped-logo-paris-heure.png","width":512,"height":512,"caption":"PARIS HEURE"},"image":{"@id":"https:\/\/www.parisheure.com\/#\/schema\/logo\/image\/"},"sameAs":["https:\/\/www.facebook.com\/ParisHeure","https:\/\/www.instagram.com\/parisheure\/"]}]}},"jetpack_sharing_enabled":true,"brands":[{"id":432,"name":"Rolex","slug":"rolex"}],"_links":{"self":[{"href":"https:\/\/www.parisheure.com\/en\/wp-json\/wp\/v2\/product\/11050","targetHints":{"allow":["GET"]}}],"collection":[{"href":"https:\/\/www.parisheure.com\/en\/wp-json\/wp\/v2\/product"}],"about":[{"href":"https:\/\/www.parisheure.com\/en\/wp-json\/wp\/v2\/types\/product"}],"version-history":[{"count":1,"href":"https:\/\/www.parisheure.com\/en\/wp-json\/wp\/v2\/product\/11050\/revisions"}],"predecessor-version":[{"id":14198,"href":"https:\/\/www.parisheure.com\/en\/wp-json\/wp\/v2\/product\/11050\/revisions\/14198"}],"wp:featuredmedia":[{"embeddable":true,"href":"https:\/\/www.parisheure.com\/en\/wp-json\/wp\/v2\/media\/11074"}],"wp:attachment":[{"href":"https:\/\/www.parisheure.com\/en\/wp-json\/wp\/v2\/media?parent=11050"}],"wp:term":[{"taxonomy":"pwb-brand","embeddable":true,"href":"https:\/\/www.parisheure.com\/en\/wp-json\/wp\/v2\/pwb-brand?post=11050"},{"taxonomy":"product_brand","embeddable":true,"href":"https:\/\/www.parisheure.com\/en\/wp-json\/wp\/v2\/product_brand?post=11050"},{"taxonomy":"product_cat","embeddable":true,"href":"https:\/\/www.parisheure.com\/en\/wp-json\/wp\/v2\/product_cat?post=11050"},{"taxonomy":"product_tag","embeddable":true,"href":"https:\/\/www.parisheure.com\/en\/wp-json\/wp\/v2\/product_tag?post=11050"}],"curies":[{"name":"wp","href":"https:\/\/api.w.org\/{rel}","templated":true}]}}