{"id":11102,"date":"2022-03-21T10:14:18","date_gmt":"2022-03-21T09:14:18","guid":{"rendered":"https:\/\/www.parisheure.com\/?post_type=product&#038;p=11102"},"modified":"2024-10-23T10:30:39","modified_gmt":"2024-10-23T08:30:39","slug":"rolex-daytona-zenith-ref-16520-white-dial-serie-t-from-1996","status":"publish","type":"product","link":"https:\/\/www.parisheure.com\/en\/buy-watch\/rolex-daytona-zenith-ref-16520-white-dial-serie-t-from-1996\/","title":{"rendered":"ROLEX DAYTONA ZENITH REF 16520 WHITE DIAL SERIE T from 1996"},"content":{"rendered":"<p><strong><em>Our opinion: <\/em><\/strong>The only chrono from Rolex, a must-have for the brand and in addition in a steel version with a white dial! A timeless watch following the current watchmaking trend. The actual model  is trading almost 4 times the list price. The watch has the automatic Rolex movement base zenith 4030. Indeed this one is part of the earlier version. The prices are skyrocketing with the new price of the daytona of the following generations. This is one of the tritium versions, the watch is in very good general condition.<\/p>","protected":false},"excerpt":{"rendered":"<p><strong><em>Brand :\u00a0\u00a0 <\/em><\/strong>ROLEX<\/p>\n<p><strong><em>Model:\u00a0<\/em><\/strong>DAYTONA<\/p>\n<p><strong><em>Reference :\u00a0<\/em><\/strong>16520<\/p>\n<p><strong><em>Year:\u00a0<\/em><\/strong>1996<\/p>\n<p><strong><em>Serial :\u00a0<\/em><\/strong>T59XXXX<\/p>\n<p><strong><em>Diameter\u00a0: <\/em><\/strong>40 MM<\/p>\n<p><strong><em>Movement\u00a0:<\/em><\/strong> Automatic cal zenith 4030<\/p>\n<p><strong><em>Case:\u00a0<\/em><\/strong>Very nice case almost never polished and very thick and with perfect angles, no shock or significant scratches. The proportions are well preserved. Excellent state of preservation of the case, still very thick and in perfect condition. Serial box T59XXXX from 1996.<\/p>\n<p><strong><em>Dial:\u00a0<\/em><\/strong>Beautiful perfect original white dial with beautiful tritium t swiss t before the new reference. No scratches or stains on the hands dial matching well the patina of the tritium indexes which react only to strong UV rays. Dial with slight patina.<\/p>\n<p><strong><em>Bezel: <\/em><\/strong><em>\u00a0<\/em>Beautiful original bezel in perfect condition.<\/p>\n<p><strong><em>Bracelet:<\/em><\/strong> : Oyster steel 79390A endlink solid clasp not relaxed at all.<\/p>\n<p><strong><em>Accessories: <\/em><\/strong>\u00a0None<\/p>","protected":false},"featured_media":11125,"template":"","meta":[],"pwb-brand":[432],"product_brand":[],"product_cat":[107,367,90,246],"product_tag":[209,156,127,332,227,333,212],"class_list":{"0":"post-11102","1":"product","2":"type-product","3":"status-publish","4":"has-post-thumbnail","6":"pwb-brand-rolex","7":"product_cat-archives","8":"product_cat-montres-paris-heure","9":"product_cat-rolex","10":"product_cat-rolex-daytona","11":"product_tag-209","12":"product_tag-daytona","13":"product_tag-rolex","14":"product_tag-serie-t","15":"product_tag-tritium","16":"product_tag-white-dial","17":"product_tag-zenith","19":"first","20":"outofstock","21":"shipping-taxable","22":"product-type-simple"},"yoast_head":"<!-- This site is optimized with the Yoast SEO plugin v27.3 - https:\/\/yoast.com\/product\/yoast-seo-wordpress\/ -->\n<title>ROLEX DAYTONA ZENITH REF 16520 WHITE DIAL SERIE T from 1996 &#8226; PARIS HEURE<\/title>\n<meta name=\"description\" content=\"Marque :\u00a0\u00a0 ROLEX  Mod\u00e8le :\u00a0DAYTONA  R\u00e9f\u00e9rence :\u00a016520  Ann\u00e9e :\u00a01996  Serial :\u00a0T59XXXX  Diam\u00e8tre\u00a0: 40 MM  Mouvement\u00a0: Automatique cal 4030  Boite:\u00a0Tr\u00e8s beau boitier \u00a0surement jamais polie et bien \u00e9pais et avec des angles parfait, aucun choc ni rayures importantes. Les proportions sont bien conserv\u00e9es. Excellent \u00e9tat de conservation du boitier encore tr\u00e8s \u00e9pais et en parfait \u00e9tat. Boitier serial T59XXXX de 1996.  Cadran :\u00a0Beau cadran blanc d\u2019origine parfait avec des beaux au tritium t swiss t avant la nouvelle r\u00e9f\u00e9rence. Pas de rayures ou taches sur le cadran aiguilles matchant bien la patine des indexs tout au tritium qui r\u00e9agissent uniquement aux forts UV. Cadran avec l\u00e9g\u00e8re patine.  Lunette\u00a0: \u00a0Belle lunette d\u2019origine en parfait \u00e9tat.  Bracelet :\u00a0Acier blind\u00e9 79390A endlink solid clasp pas du tout d\u00e9tendu.  Accessoires\u00a0: \u00a0Aucuns\" \/>\n<meta name=\"robots\" content=\"index, follow, max-snippet:-1, max-image-preview:large, max-video-preview:-1\" \/>\n<link rel=\"canonical\" href=\"https:\/\/www.parisheure.com\/en\/buy-watch\/rolex-daytona-zenith-ref-16520-white-dial-serie-t-from-1996\/\" \/>\n<meta property=\"og:locale\" content=\"en_US\" \/>\n<meta property=\"og:type\" content=\"article\" \/>\n<meta property=\"og:title\" content=\"ROLEX DAYTONA ZENITH REF 16520 WHITE DIAL SERIE T from 1996 &#8226; PARIS HEURE\" \/>\n<meta property=\"og:description\" content=\"Marque :\u00a0\u00a0 ROLEX  Mod\u00e8le :\u00a0DAYTONA  R\u00e9f\u00e9rence :\u00a016520  Ann\u00e9e :\u00a01996  Serial :\u00a0T59XXXX  Diam\u00e8tre\u00a0: 40 MM  Mouvement\u00a0: Automatique cal 4030  Boite:\u00a0Tr\u00e8s beau boitier \u00a0surement jamais polie et bien \u00e9pais et avec des angles parfait, aucun choc ni rayures importantes. Les proportions sont bien conserv\u00e9es. Excellent \u00e9tat de conservation du boitier encore tr\u00e8s \u00e9pais et en parfait \u00e9tat. Boitier serial T59XXXX de 1996.  Cadran :\u00a0Beau cadran blanc d\u2019origine parfait avec des beaux au tritium t swiss t avant la nouvelle r\u00e9f\u00e9rence. Pas de rayures ou taches sur le cadran aiguilles matchant bien la patine des indexs tout au tritium qui r\u00e9agissent uniquement aux forts UV. Cadran avec l\u00e9g\u00e8re patine.  Lunette\u00a0: \u00a0Belle lunette d\u2019origine en parfait \u00e9tat.  Bracelet :\u00a0Acier blind\u00e9 79390A endlink solid clasp pas du tout d\u00e9tendu.  Accessoires\u00a0: \u00a0Aucuns\" \/>\n<meta property=\"og:url\" content=\"https:\/\/www.parisheure.com\/en\/buy-watch\/rolex-daytona-zenith-ref-16520-white-dial-serie-t-from-1996\/\" \/>\n<meta property=\"og:site_name\" content=\"PARIS HEURE\" \/>\n<meta property=\"article:publisher\" content=\"https:\/\/www.facebook.com\/ParisHeure\" \/>\n<meta property=\"article:modified_time\" content=\"2024-10-23T08:30:39+00:00\" \/>\n<meta property=\"og:image\" content=\"https:\/\/www.parisheure.com\/wp-content\/uploads\/2022\/03\/ROLEX-DAYTONA-ZENITH-REF-16520-ACIER-WHITE-DIAL-N\u00b0T593xxx-_0022_Calque-2-scaled.jpg\" \/>\n\t<meta property=\"og:image:width\" content=\"2560\" \/>\n\t<meta property=\"og:image:height\" content=\"2560\" \/>\n\t<meta property=\"og:image:type\" content=\"image\/jpeg\" \/>\n<meta name=\"twitter:card\" content=\"summary_large_image\" \/>\n<script type=\"application\/ld+json\" class=\"yoast-schema-graph\">{\"@context\":\"https:\\\/\\\/schema.org\",\"@graph\":[{\"@type\":\"WebPage\",\"@id\":\"https:\\\/\\\/www.parisheure.com\\\/acheter-montre\\\/rolex-daytona-zenith-ref-16520-white-dial-serie-t-from-1996\\\/\",\"url\":\"https:\\\/\\\/www.parisheure.com\\\/acheter-montre\\\/rolex-daytona-zenith-ref-16520-white-dial-serie-t-from-1996\\\/\",\"name\":\"ROLEX DAYTONA ZENITH REF 16520 WHITE DIAL SERIE T from 1996 &#8226; PARIS HEURE\",\"isPartOf\":{\"@id\":\"https:\\\/\\\/www.parisheure.com\\\/#website\"},\"primaryImageOfPage\":{\"@id\":\"https:\\\/\\\/www.parisheure.com\\\/acheter-montre\\\/rolex-daytona-zenith-ref-16520-white-dial-serie-t-from-1996\\\/#primaryimage\"},\"image\":{\"@id\":\"https:\\\/\\\/www.parisheure.com\\\/acheter-montre\\\/rolex-daytona-zenith-ref-16520-white-dial-serie-t-from-1996\\\/#primaryimage\"},\"thumbnailUrl\":\"https:\\\/\\\/www.parisheure.com\\\/wp-content\\\/uploads\\\/2022\\\/03\\\/ROLEX-DAYTONA-ZENITH-REF-16520-ACIER-WHITE-DIAL-N\u00b0T593xxx-_0022_Calque-2-scaled.jpg\",\"datePublished\":\"2022-03-21T09:14:18+00:00\",\"dateModified\":\"2024-10-23T08:30:39+00:00\",\"description\":\"Marque :\u00a0\u00a0 ROLEX Mod\u00e8le :\u00a0DAYTONA R\u00e9f\u00e9rence :\u00a016520 Ann\u00e9e :\u00a01996 Serial :\u00a0T59XXXX Diam\u00e8tre\u00a0: 40 MM Mouvement\u00a0: Automatique cal 4030 Boite:\u00a0Tr\u00e8s beau boitier \u00a0surement jamais polie et bien \u00e9pais et avec des angles parfait, aucun choc ni rayures importantes. Les proportions sont bien conserv\u00e9es. Excellent \u00e9tat de conservation du boitier encore tr\u00e8s \u00e9pais et en parfait \u00e9tat. Boitier serial T59XXXX de 1996. Cadran :\u00a0Beau cadran blanc d\u2019origine parfait avec des beaux au tritium t swiss t avant la nouvelle r\u00e9f\u00e9rence. Pas de rayures ou taches sur le cadran aiguilles matchant bien la patine des indexs tout au tritium qui r\u00e9agissent uniquement aux forts UV. Cadran avec l\u00e9g\u00e8re patine. Lunette\u00a0: \u00a0Belle lunette d\u2019origine en parfait \u00e9tat. Bracelet :\u00a0Acier blind\u00e9 79390A endlink solid clasp pas du tout d\u00e9tendu. Accessoires\u00a0: \u00a0Aucuns\",\"breadcrumb\":{\"@id\":\"https:\\\/\\\/www.parisheure.com\\\/acheter-montre\\\/rolex-daytona-zenith-ref-16520-white-dial-serie-t-from-1996\\\/#breadcrumb\"},\"inLanguage\":\"en-US\",\"potentialAction\":[{\"@type\":\"ReadAction\",\"target\":[\"https:\\\/\\\/www.parisheure.com\\\/acheter-montre\\\/rolex-daytona-zenith-ref-16520-white-dial-serie-t-from-1996\\\/\"]}]},{\"@type\":\"ImageObject\",\"inLanguage\":\"en-US\",\"@id\":\"https:\\\/\\\/www.parisheure.com\\\/acheter-montre\\\/rolex-daytona-zenith-ref-16520-white-dial-serie-t-from-1996\\\/#primaryimage\",\"url\":\"https:\\\/\\\/www.parisheure.com\\\/wp-content\\\/uploads\\\/2022\\\/03\\\/ROLEX-DAYTONA-ZENITH-REF-16520-ACIER-WHITE-DIAL-N\u00b0T593xxx-_0022_Calque-2-scaled.jpg\",\"contentUrl\":\"https:\\\/\\\/www.parisheure.com\\\/wp-content\\\/uploads\\\/2022\\\/03\\\/ROLEX-DAYTONA-ZENITH-REF-16520-ACIER-WHITE-DIAL-N\u00b0T593xxx-_0022_Calque-2-scaled.jpg\",\"width\":2560,\"height\":2560},{\"@type\":\"BreadcrumbList\",\"@id\":\"https:\\\/\\\/www.parisheure.com\\\/acheter-montre\\\/rolex-daytona-zenith-ref-16520-white-dial-serie-t-from-1996\\\/#breadcrumb\",\"itemListElement\":[{\"@type\":\"ListItem\",\"position\":1,\"name\":\"Accueil\",\"item\":\"https:\\\/\\\/www.parisheure.com\\\/\"},{\"@type\":\"ListItem\",\"position\":2,\"name\":\"WATCHES\",\"item\":\"https:\\\/\\\/www.parisheure.com\\\/\"},{\"@type\":\"ListItem\",\"position\":3,\"name\":\"ROLEX DAYTONA ZENITH REF 16520 WHITE DIAL SERIE T from 1996\"}]},{\"@type\":\"WebSite\",\"@id\":\"https:\\\/\\\/www.parisheure.com\\\/#website\",\"url\":\"https:\\\/\\\/www.parisheure.com\\\/\",\"name\":\"PARIS HEURE\",\"description\":\"Vintage watches Paris\",\"publisher\":{\"@id\":\"https:\\\/\\\/www.parisheure.com\\\/#organization\"},\"potentialAction\":[{\"@type\":\"SearchAction\",\"target\":{\"@type\":\"EntryPoint\",\"urlTemplate\":\"https:\\\/\\\/www.parisheure.com\\\/?s={search_term_string}\"},\"query-input\":{\"@type\":\"PropertyValueSpecification\",\"valueRequired\":true,\"valueName\":\"search_term_string\"}}],\"inLanguage\":\"en-US\"},{\"@type\":\"Organization\",\"@id\":\"https:\\\/\\\/www.parisheure.com\\\/#organization\",\"name\":\"PARIS HEURE\",\"url\":\"https:\\\/\\\/www.parisheure.com\\\/\",\"logo\":{\"@type\":\"ImageObject\",\"inLanguage\":\"en-US\",\"@id\":\"https:\\\/\\\/www.parisheure.com\\\/#\\\/schema\\\/logo\\\/image\\\/\",\"url\":\"https:\\\/\\\/www.parisheure.com\\\/wp-content\\\/uploads\\\/2021\\\/07\\\/cropped-logo-paris-heure.png\",\"contentUrl\":\"https:\\\/\\\/www.parisheure.com\\\/wp-content\\\/uploads\\\/2021\\\/07\\\/cropped-logo-paris-heure.png\",\"width\":512,\"height\":512,\"caption\":\"PARIS HEURE\"},\"image\":{\"@id\":\"https:\\\/\\\/www.parisheure.com\\\/#\\\/schema\\\/logo\\\/image\\\/\"},\"sameAs\":[\"https:\\\/\\\/www.facebook.com\\\/ParisHeure\",\"https:\\\/\\\/www.instagram.com\\\/parisheure\\\/\"]}]}<\/script>\n<!-- \/ Yoast SEO plugin. -->","yoast_head_json":{"title":"ROLEX DAYTONA ZENITH REF 16520 WHITE DIAL SERIE T from 1996 \u2022 PARIS HEURE","description":"Marque :\u00a0\u00a0 ROLEX  Mod\u00e8le :\u00a0DAYTONA  R\u00e9f\u00e9rence :\u00a016520  Ann\u00e9e :\u00a01996  Serial :\u00a0T59XXXX  Diam\u00e8tre\u00a0: 40 MM  Mouvement\u00a0: Automatique cal 4030  Boite:\u00a0Tr\u00e8s beau boitier \u00a0surement jamais polie et bien \u00e9pais et avec des angles parfait, aucun choc ni rayures importantes. Les proportions sont bien conserv\u00e9es. Excellent \u00e9tat de conservation du boitier encore tr\u00e8s \u00e9pais et en parfait \u00e9tat. Boitier serial T59XXXX de 1996.  Cadran :\u00a0Beau cadran blanc d\u2019origine parfait avec des beaux au tritium t swiss t avant la nouvelle r\u00e9f\u00e9rence. Pas de rayures ou taches sur le cadran aiguilles matchant bien la patine des indexs tout au tritium qui r\u00e9agissent uniquement aux forts UV. Cadran avec l\u00e9g\u00e8re patine.  Lunette\u00a0: \u00a0Belle lunette d\u2019origine en parfait \u00e9tat.  Bracelet :\u00a0Acier blind\u00e9 79390A endlink solid clasp pas du tout d\u00e9tendu.  Accessoires\u00a0: \u00a0Aucuns","robots":{"index":"index","follow":"follow","max-snippet":"max-snippet:-1","max-image-preview":"max-image-preview:large","max-video-preview":"max-video-preview:-1"},"canonical":"https:\/\/www.parisheure.com\/en\/buy-watch\/rolex-daytona-zenith-ref-16520-white-dial-serie-t-from-1996\/","og_locale":"en_US","og_type":"article","og_title":"ROLEX DAYTONA ZENITH REF 16520 WHITE DIAL SERIE T from 1996 &#8226; PARIS HEURE","og_description":"Marque :\u00a0\u00a0 ROLEX  Mod\u00e8le :\u00a0DAYTONA  R\u00e9f\u00e9rence :\u00a016520  Ann\u00e9e :\u00a01996  Serial :\u00a0T59XXXX  Diam\u00e8tre\u00a0: 40 MM  Mouvement\u00a0: Automatique cal 4030  Boite:\u00a0Tr\u00e8s beau boitier \u00a0surement jamais polie et bien \u00e9pais et avec des angles parfait, aucun choc ni rayures importantes. Les proportions sont bien conserv\u00e9es. Excellent \u00e9tat de conservation du boitier encore tr\u00e8s \u00e9pais et en parfait \u00e9tat. Boitier serial T59XXXX de 1996.  Cadran :\u00a0Beau cadran blanc d\u2019origine parfait avec des beaux au tritium t swiss t avant la nouvelle r\u00e9f\u00e9rence. Pas de rayures ou taches sur le cadran aiguilles matchant bien la patine des indexs tout au tritium qui r\u00e9agissent uniquement aux forts UV. Cadran avec l\u00e9g\u00e8re patine.  Lunette\u00a0: \u00a0Belle lunette d\u2019origine en parfait \u00e9tat.  Bracelet :\u00a0Acier blind\u00e9 79390A endlink solid clasp pas du tout d\u00e9tendu.  Accessoires\u00a0: \u00a0Aucuns","og_url":"https:\/\/www.parisheure.com\/en\/buy-watch\/rolex-daytona-zenith-ref-16520-white-dial-serie-t-from-1996\/","og_site_name":"PARIS HEURE","article_publisher":"https:\/\/www.facebook.com\/ParisHeure","article_modified_time":"2024-10-23T08:30:39+00:00","og_image":[{"width":2560,"height":2560,"url":"https:\/\/www.parisheure.com\/wp-content\/uploads\/2022\/03\/ROLEX-DAYTONA-ZENITH-REF-16520-ACIER-WHITE-DIAL-N\u00b0T593xxx-_0022_Calque-2-scaled.jpg","type":"image\/jpeg"}],"twitter_card":"summary_large_image","schema":{"@context":"https:\/\/schema.org","@graph":[{"@type":"WebPage","@id":"https:\/\/www.parisheure.com\/acheter-montre\/rolex-daytona-zenith-ref-16520-white-dial-serie-t-from-1996\/","url":"https:\/\/www.parisheure.com\/acheter-montre\/rolex-daytona-zenith-ref-16520-white-dial-serie-t-from-1996\/","name":"ROLEX DAYTONA ZENITH REF 16520 WHITE DIAL SERIE T from 1996 \u2022 PARIS HEURE","isPartOf":{"@id":"https:\/\/www.parisheure.com\/#website"},"primaryImageOfPage":{"@id":"https:\/\/www.parisheure.com\/acheter-montre\/rolex-daytona-zenith-ref-16520-white-dial-serie-t-from-1996\/#primaryimage"},"image":{"@id":"https:\/\/www.parisheure.com\/acheter-montre\/rolex-daytona-zenith-ref-16520-white-dial-serie-t-from-1996\/#primaryimage"},"thumbnailUrl":"https:\/\/www.parisheure.com\/wp-content\/uploads\/2022\/03\/ROLEX-DAYTONA-ZENITH-REF-16520-ACIER-WHITE-DIAL-N\u00b0T593xxx-_0022_Calque-2-scaled.jpg","datePublished":"2022-03-21T09:14:18+00:00","dateModified":"2024-10-23T08:30:39+00:00","description":"Marque :\u00a0\u00a0 ROLEX Mod\u00e8le :\u00a0DAYTONA R\u00e9f\u00e9rence :\u00a016520 Ann\u00e9e :\u00a01996 Serial :\u00a0T59XXXX Diam\u00e8tre\u00a0: 40 MM Mouvement\u00a0: Automatique cal 4030 Boite:\u00a0Tr\u00e8s beau boitier \u00a0surement jamais polie et bien \u00e9pais et avec des angles parfait, aucun choc ni rayures importantes. Les proportions sont bien conserv\u00e9es. Excellent \u00e9tat de conservation du boitier encore tr\u00e8s \u00e9pais et en parfait \u00e9tat. Boitier serial T59XXXX de 1996. Cadran :\u00a0Beau cadran blanc d\u2019origine parfait avec des beaux au tritium t swiss t avant la nouvelle r\u00e9f\u00e9rence. Pas de rayures ou taches sur le cadran aiguilles matchant bien la patine des indexs tout au tritium qui r\u00e9agissent uniquement aux forts UV. Cadran avec l\u00e9g\u00e8re patine. Lunette\u00a0: \u00a0Belle lunette d\u2019origine en parfait \u00e9tat. Bracelet :\u00a0Acier blind\u00e9 79390A endlink solid clasp pas du tout d\u00e9tendu. Accessoires\u00a0: \u00a0Aucuns","breadcrumb":{"@id":"https:\/\/www.parisheure.com\/acheter-montre\/rolex-daytona-zenith-ref-16520-white-dial-serie-t-from-1996\/#breadcrumb"},"inLanguage":"en-US","potentialAction":[{"@type":"ReadAction","target":["https:\/\/www.parisheure.com\/acheter-montre\/rolex-daytona-zenith-ref-16520-white-dial-serie-t-from-1996\/"]}]},{"@type":"ImageObject","inLanguage":"en-US","@id":"https:\/\/www.parisheure.com\/acheter-montre\/rolex-daytona-zenith-ref-16520-white-dial-serie-t-from-1996\/#primaryimage","url":"https:\/\/www.parisheure.com\/wp-content\/uploads\/2022\/03\/ROLEX-DAYTONA-ZENITH-REF-16520-ACIER-WHITE-DIAL-N\u00b0T593xxx-_0022_Calque-2-scaled.jpg","contentUrl":"https:\/\/www.parisheure.com\/wp-content\/uploads\/2022\/03\/ROLEX-DAYTONA-ZENITH-REF-16520-ACIER-WHITE-DIAL-N\u00b0T593xxx-_0022_Calque-2-scaled.jpg","width":2560,"height":2560},{"@type":"BreadcrumbList","@id":"https:\/\/www.parisheure.com\/acheter-montre\/rolex-daytona-zenith-ref-16520-white-dial-serie-t-from-1996\/#breadcrumb","itemListElement":[{"@type":"ListItem","position":1,"name":"Accueil","item":"https:\/\/www.parisheure.com\/"},{"@type":"ListItem","position":2,"name":"WATCHES","item":"https:\/\/www.parisheure.com\/"},{"@type":"ListItem","position":3,"name":"ROLEX DAYTONA ZENITH REF 16520 WHITE DIAL SERIE T from 1996"}]},{"@type":"WebSite","@id":"https:\/\/www.parisheure.com\/#website","url":"https:\/\/www.parisheure.com\/","name":"PARIS HEURE","description":"Vintage watches Paris","publisher":{"@id":"https:\/\/www.parisheure.com\/#organization"},"potentialAction":[{"@type":"SearchAction","target":{"@type":"EntryPoint","urlTemplate":"https:\/\/www.parisheure.com\/?s={search_term_string}"},"query-input":{"@type":"PropertyValueSpecification","valueRequired":true,"valueName":"search_term_string"}}],"inLanguage":"en-US"},{"@type":"Organization","@id":"https:\/\/www.parisheure.com\/#organization","name":"PARIS HEURE","url":"https:\/\/www.parisheure.com\/","logo":{"@type":"ImageObject","inLanguage":"en-US","@id":"https:\/\/www.parisheure.com\/#\/schema\/logo\/image\/","url":"https:\/\/www.parisheure.com\/wp-content\/uploads\/2021\/07\/cropped-logo-paris-heure.png","contentUrl":"https:\/\/www.parisheure.com\/wp-content\/uploads\/2021\/07\/cropped-logo-paris-heure.png","width":512,"height":512,"caption":"PARIS HEURE"},"image":{"@id":"https:\/\/www.parisheure.com\/#\/schema\/logo\/image\/"},"sameAs":["https:\/\/www.facebook.com\/ParisHeure","https:\/\/www.instagram.com\/parisheure\/"]}]}},"jetpack_sharing_enabled":true,"brands":[{"id":432,"name":"Rolex","slug":"rolex"}],"_links":{"self":[{"href":"https:\/\/www.parisheure.com\/en\/wp-json\/wp\/v2\/product\/11102","targetHints":{"allow":["GET"]}}],"collection":[{"href":"https:\/\/www.parisheure.com\/en\/wp-json\/wp\/v2\/product"}],"about":[{"href":"https:\/\/www.parisheure.com\/en\/wp-json\/wp\/v2\/types\/product"}],"version-history":[{"count":1,"href":"https:\/\/www.parisheure.com\/en\/wp-json\/wp\/v2\/product\/11102\/revisions"}],"predecessor-version":[{"id":14176,"href":"https:\/\/www.parisheure.com\/en\/wp-json\/wp\/v2\/product\/11102\/revisions\/14176"}],"wp:featuredmedia":[{"embeddable":true,"href":"https:\/\/www.parisheure.com\/en\/wp-json\/wp\/v2\/media\/11125"}],"wp:attachment":[{"href":"https:\/\/www.parisheure.com\/en\/wp-json\/wp\/v2\/media?parent=11102"}],"wp:term":[{"taxonomy":"pwb-brand","embeddable":true,"href":"https:\/\/www.parisheure.com\/en\/wp-json\/wp\/v2\/pwb-brand?post=11102"},{"taxonomy":"product_brand","embeddable":true,"href":"https:\/\/www.parisheure.com\/en\/wp-json\/wp\/v2\/product_brand?post=11102"},{"taxonomy":"product_cat","embeddable":true,"href":"https:\/\/www.parisheure.com\/en\/wp-json\/wp\/v2\/product_cat?post=11102"},{"taxonomy":"product_tag","embeddable":true,"href":"https:\/\/www.parisheure.com\/en\/wp-json\/wp\/v2\/product_tag?post=11102"}],"curies":[{"name":"wp","href":"https:\/\/api.w.org\/{rel}","templated":true}]}}