{"id":11162,"date":"2022-03-21T10:32:21","date_gmt":"2022-03-21T09:32:21","guid":{"rendered":"https:\/\/www.parisheure.com\/?post_type=product&#038;p=11162"},"modified":"2024-10-23T10:29:24","modified_gmt":"2024-10-23T08:29:24","slug":"rolex-submariner-rouge-ref-1680-mk4-full-set-double-punched-paper-from-1970","status":"publish","type":"product","link":"https:\/\/www.parisheure.com\/en\/buy-watch\/rolex-submariner-rouge-ref-1680-mk4-full-set-double-punched-paper-from-1970\/","title":{"rendered":"ROLEX SUBMARINER ROUGE REF 1680 MK4 FULL SET PUNCHED from 1970"},"content":{"rendered":"<p><strong>Our opinion:<\/strong> Un sublime exemplaire de la Submariner date vintage r\u00e9f\u00e9rence 1680, La Rolex Submariner avec date et \u00e9criture rouge. Un must have d\u2019une collection Rolex, mod\u00e8le produit jusqu\u2019en 1975, cette montre fait partie de la premi\u00e8re s\u00e9rie mark IV de feet first, num\u00e9ro de s\u00e9rie 258XXXX juste apr\u00e8s les meter first. La montre est en parfait \u00e9tat, son cadran d \u2018origine mk4 a une superbe patine jaune vanille avec le rouge bien visible pos\u00e9 sur du blanc donc plus \u00e9pais \u00e0 l\u2019\u0153il. Les aiguilles et la perle sont un peu plus patin\u00e9e que les index! Montre rare dans cet \u00e9tat car elles plongeaient quasiment toutes \u00e0 cette \u00e9poque. Un tr\u00e8s bel exemplaire collector et en tr\u00e8s bon \u00e9tat avec son bracelet oyster pli\u00e9 d\u2019origine et son vrai full set d\u2019\u00e9poque avec double papiers punch\u00e9s boite surboite, ancre 200. Un must have de toute belle collection car si peu de full set ont \u00e9tat conserv\u00e9e aujourd\u2019hui.<\/p>","protected":false},"excerpt":{"rendered":"<p><strong>Brand:<\/strong>\u00a0Rolex<\/p>\n<p><strong>Model:<\/strong>\u00a0Submariner<\/p>\n<p><strong>Movement\u00a0: <\/strong>Auto cal 1570<\/p>\n<p><strong>Reference:<\/strong>\u00a01680<\/p>\n<p><strong>Diameter\u00a0: <\/strong>40mm<\/p>\n<p><strong>Year:<\/strong>\u00a01970<\/p>\n<p><strong>Serial : <\/strong>258XXX<\/p>\n<p><strong>Case:<\/strong>\u00a0Beautiful case still thick and with PERFECT angles and clearly visible chamfers. The watch has been professionally repolished. Bezel in good condition. Original insert. No significant visible shocks. The watch has been polished and has a superb case.<\/p>\n<p><strong>Dial:<\/strong>\u00a0Beautiful original MK4 red submariner dial with a beautiful homogeneous patina turning vanilla yellow. Very nice overall set. Dial still in good condition with no flaws. MK4 feet first series first production submariner in red with feet in front of meters.<\/p>\n<p><strong>Bracelet :<\/strong> Rolex original folded steel ref 9315 endlink 580 engraved 1.70 in very good condition<\/p>\n<p><strong>Accessories: <\/strong>Box, outerbox stamped 1680 double punched papers with punched serial number and reference as well as a Rolex Venezuela revision in 97 with the same name of the 1st owner.<\/p>","protected":false},"featured_media":11189,"template":"","meta":[],"pwb-brand":[432],"product_brand":[],"product_cat":[107,367,90,244],"product_tag":[136,106,266,298,127,331,135,101],"class_list":{"0":"post-11162","1":"product","2":"type-product","3":"status-publish","4":"has-post-thumbnail","6":"pwb-brand-rolex","7":"product_cat-archives","8":"product_cat-montres-paris-heure","9":"product_cat-rolex","10":"product_cat-rolex-submariner","11":"product_tag-136","12":"product_tag-full-set","13":"product_tag-mk4","14":"product_tag-rare","15":"product_tag-rolex","16":"product_tag-rouge","17":"product_tag-submariner","18":"product_tag-vintage","20":"first","21":"outofstock","22":"shipping-taxable","23":"product-type-simple"},"yoast_head":"<!-- This site is optimized with the Yoast SEO plugin v27.5 - https:\/\/yoast.com\/product\/yoast-seo-wordpress\/ -->\n<title>ROLEX SUBMARINER ROUGE REF 1680 MK4 FULL SET PUNCHED from 1970 &#8226; PARIS HEURE<\/title>\n<meta name=\"description\" content=\"Marque:\u00a0Rolex  Mod\u00e8le:\u00a0Submariner  Mouvement\u00a0: Auto cal 1570  R\u00e9f\u00e9rence:\u00a01680  Diam\u00e8tre\u00a0: 40mm  Ann\u00e9e:\u00a01970  Serial\u00a0: 258XXX  Boite:\u00a0Beau boitier encore \u00e9pais et avec des angles PARFAITS et des chanfreins bien visible. La montre a \u00e9t\u00e9 repolie de mani\u00e8re professionnelle. Lunette en bon \u00e9tat. Insert d\u2019origine. Pas de chocs visibles importants. La montre est a \u00e9t\u00e9 polie et a un superbe boitier comme \u00e0 l\u2019origine.  Cadran:\u00a0Beau cadran d\u2019origine submariner rouge MK4 avec une belle patine homog\u00e8ne tournant jaune vanille. Tr\u00e8s bel ensemble g\u00e9n\u00e9ral. Cadran encore en bon \u00e9tat avec aucuns d\u00e9fauts. S\u00e9rie MK4 feet first premi\u00e8re production de submariner en rouge avec les feet devant les m\u00e8tres.  Bracelet\u00a0: Rolex acier pli\u00e9 d\u2019origine ref 9315 endlink 580 grav\u00e9 1.70 en tr\u00e8s bon \u00e9tat  Accessoires\u00a0: Boite, surboite avec \u00e9tiquette 1680 double papiers punch\u00e9s avec le num\u00e9ro de s\u00e9rie et la r\u00e9f\u00e9rence punch\u00e9s ainsi qu\u2019une r\u00e9vision Rolex Venezuela en 97 au m\u00eame nom du 1 er propri\u00e9taire.\" \/>\n<meta name=\"robots\" content=\"index, follow, max-snippet:-1, max-image-preview:large, max-video-preview:-1\" \/>\n<link rel=\"canonical\" href=\"https:\/\/www.parisheure.com\/en\/buy-watch\/rolex-submariner-rouge-ref-1680-mk4-full-set-double-punched-paper-from-1970\/\" \/>\n<meta property=\"og:locale\" content=\"en_US\" \/>\n<meta property=\"og:type\" content=\"article\" \/>\n<meta property=\"og:title\" content=\"ROLEX SUBMARINER ROUGE REF 1680 MK4 FULL SET PUNCHED from 1970 &#8226; PARIS HEURE\" \/>\n<meta property=\"og:description\" content=\"Marque:\u00a0Rolex  Mod\u00e8le:\u00a0Submariner  Mouvement\u00a0: Auto cal 1570  R\u00e9f\u00e9rence:\u00a01680  Diam\u00e8tre\u00a0: 40mm  Ann\u00e9e:\u00a01970  Serial\u00a0: 258XXX  Boite:\u00a0Beau boitier encore \u00e9pais et avec des angles PARFAITS et des chanfreins bien visible. La montre a \u00e9t\u00e9 repolie de mani\u00e8re professionnelle. Lunette en bon \u00e9tat. Insert d\u2019origine. Pas de chocs visibles importants. La montre est a \u00e9t\u00e9 polie et a un superbe boitier comme \u00e0 l\u2019origine.  Cadran:\u00a0Beau cadran d\u2019origine submariner rouge MK4 avec une belle patine homog\u00e8ne tournant jaune vanille. Tr\u00e8s bel ensemble g\u00e9n\u00e9ral. Cadran encore en bon \u00e9tat avec aucuns d\u00e9fauts. S\u00e9rie MK4 feet first premi\u00e8re production de submariner en rouge avec les feet devant les m\u00e8tres.  Bracelet\u00a0: Rolex acier pli\u00e9 d\u2019origine ref 9315 endlink 580 grav\u00e9 1.70 en tr\u00e8s bon \u00e9tat  Accessoires\u00a0: Boite, surboite avec \u00e9tiquette 1680 double papiers punch\u00e9s avec le num\u00e9ro de s\u00e9rie et la r\u00e9f\u00e9rence punch\u00e9s ainsi qu\u2019une r\u00e9vision Rolex Venezuela en 97 au m\u00eame nom du 1 er propri\u00e9taire.\" \/>\n<meta property=\"og:url\" content=\"https:\/\/www.parisheure.com\/en\/buy-watch\/rolex-submariner-rouge-ref-1680-mk4-full-set-double-punched-paper-from-1970\/\" \/>\n<meta property=\"og:site_name\" content=\"PARIS HEURE\" \/>\n<meta property=\"article:publisher\" content=\"https:\/\/www.facebook.com\/ParisHeure\" \/>\n<meta property=\"article:modified_time\" content=\"2024-10-23T08:29:24+00:00\" \/>\n<meta property=\"og:image\" content=\"https:\/\/www.parisheure.com\/wp-content\/uploads\/2022\/03\/ROLEX-SUBMARINER-ROUGE-REF-1680-FULL-FULL-SET-DOUBLE-PUNCHED-MK4-DIAL-N\u00b0-258XXXX-_0026_Calque-4-scaled.jpg\" \/>\n\t<meta property=\"og:image:width\" content=\"2560\" \/>\n\t<meta property=\"og:image:height\" content=\"2560\" \/>\n\t<meta property=\"og:image:type\" content=\"image\/jpeg\" \/>\n<meta name=\"twitter:card\" content=\"summary_large_image\" \/>\n<script type=\"application\/ld+json\" class=\"yoast-schema-graph\">{\"@context\":\"https:\\\/\\\/schema.org\",\"@graph\":[{\"@type\":\"WebPage\",\"@id\":\"https:\\\/\\\/www.parisheure.com\\\/acheter-montre\\\/rolex-submariner-rouge-ref-1680-mk4-full-set-double-punched-paper-from-1970\\\/\",\"url\":\"https:\\\/\\\/www.parisheure.com\\\/acheter-montre\\\/rolex-submariner-rouge-ref-1680-mk4-full-set-double-punched-paper-from-1970\\\/\",\"name\":\"ROLEX SUBMARINER ROUGE REF 1680 MK4 FULL SET PUNCHED from 1970 &#8226; PARIS HEURE\",\"isPartOf\":{\"@id\":\"https:\\\/\\\/www.parisheure.com\\\/#website\"},\"primaryImageOfPage\":{\"@id\":\"https:\\\/\\\/www.parisheure.com\\\/acheter-montre\\\/rolex-submariner-rouge-ref-1680-mk4-full-set-double-punched-paper-from-1970\\\/#primaryimage\"},\"image\":{\"@id\":\"https:\\\/\\\/www.parisheure.com\\\/acheter-montre\\\/rolex-submariner-rouge-ref-1680-mk4-full-set-double-punched-paper-from-1970\\\/#primaryimage\"},\"thumbnailUrl\":\"https:\\\/\\\/www.parisheure.com\\\/wp-content\\\/uploads\\\/2022\\\/03\\\/ROLEX-SUBMARINER-ROUGE-REF-1680-FULL-FULL-SET-DOUBLE-PUNCHED-MK4-DIAL-N\u00b0-258XXXX-_0026_Calque-4-scaled.jpg\",\"datePublished\":\"2022-03-21T09:32:21+00:00\",\"dateModified\":\"2024-10-23T08:29:24+00:00\",\"description\":\"Marque:\u00a0Rolex Mod\u00e8le:\u00a0Submariner Mouvement\u00a0: Auto cal 1570 R\u00e9f\u00e9rence:\u00a01680 Diam\u00e8tre\u00a0: 40mm Ann\u00e9e:\u00a01970 Serial\u00a0: 258XXX Boite:\u00a0Beau boitier encore \u00e9pais et avec des angles PARFAITS et des chanfreins bien visible. La montre a \u00e9t\u00e9 repolie de mani\u00e8re professionnelle. Lunette en bon \u00e9tat. Insert d\u2019origine. Pas de chocs visibles importants. La montre est a \u00e9t\u00e9 polie et a un superbe boitier comme \u00e0 l\u2019origine. Cadran:\u00a0Beau cadran d\u2019origine submariner rouge MK4 avec une belle patine homog\u00e8ne tournant jaune vanille. Tr\u00e8s bel ensemble g\u00e9n\u00e9ral. Cadran encore en bon \u00e9tat avec aucuns d\u00e9fauts. S\u00e9rie MK4 feet first premi\u00e8re production de submariner en rouge avec les feet devant les m\u00e8tres. Bracelet\u00a0: Rolex acier pli\u00e9 d\u2019origine ref 9315 endlink 580 grav\u00e9 1.70 en tr\u00e8s bon \u00e9tat Accessoires\u00a0: Boite, surboite avec \u00e9tiquette 1680 double papiers punch\u00e9s avec le num\u00e9ro de s\u00e9rie et la r\u00e9f\u00e9rence punch\u00e9s ainsi qu\u2019une r\u00e9vision Rolex Venezuela en 97 au m\u00eame nom du 1 er propri\u00e9taire.\",\"breadcrumb\":{\"@id\":\"https:\\\/\\\/www.parisheure.com\\\/acheter-montre\\\/rolex-submariner-rouge-ref-1680-mk4-full-set-double-punched-paper-from-1970\\\/#breadcrumb\"},\"inLanguage\":\"en-US\",\"potentialAction\":[{\"@type\":\"ReadAction\",\"target\":[\"https:\\\/\\\/www.parisheure.com\\\/acheter-montre\\\/rolex-submariner-rouge-ref-1680-mk4-full-set-double-punched-paper-from-1970\\\/\"]}]},{\"@type\":\"ImageObject\",\"inLanguage\":\"en-US\",\"@id\":\"https:\\\/\\\/www.parisheure.com\\\/acheter-montre\\\/rolex-submariner-rouge-ref-1680-mk4-full-set-double-punched-paper-from-1970\\\/#primaryimage\",\"url\":\"https:\\\/\\\/www.parisheure.com\\\/wp-content\\\/uploads\\\/2022\\\/03\\\/ROLEX-SUBMARINER-ROUGE-REF-1680-FULL-FULL-SET-DOUBLE-PUNCHED-MK4-DIAL-N\u00b0-258XXXX-_0026_Calque-4-scaled.jpg\",\"contentUrl\":\"https:\\\/\\\/www.parisheure.com\\\/wp-content\\\/uploads\\\/2022\\\/03\\\/ROLEX-SUBMARINER-ROUGE-REF-1680-FULL-FULL-SET-DOUBLE-PUNCHED-MK4-DIAL-N\u00b0-258XXXX-_0026_Calque-4-scaled.jpg\",\"width\":2560,\"height\":2560},{\"@type\":\"BreadcrumbList\",\"@id\":\"https:\\\/\\\/www.parisheure.com\\\/acheter-montre\\\/rolex-submariner-rouge-ref-1680-mk4-full-set-double-punched-paper-from-1970\\\/#breadcrumb\",\"itemListElement\":[{\"@type\":\"ListItem\",\"position\":1,\"name\":\"Accueil\",\"item\":\"https:\\\/\\\/www.parisheure.com\\\/\"},{\"@type\":\"ListItem\",\"position\":2,\"name\":\"WATCHES\",\"item\":\"https:\\\/\\\/www.parisheure.com\\\/\"},{\"@type\":\"ListItem\",\"position\":3,\"name\":\"ROLEX SUBMARINER ROUGE REF 1680 MK4 FULL SET PUNCHED from 1970\"}]},{\"@type\":\"WebSite\",\"@id\":\"https:\\\/\\\/www.parisheure.com\\\/#website\",\"url\":\"https:\\\/\\\/www.parisheure.com\\\/\",\"name\":\"PARIS HEURE\",\"description\":\"Vintage watches Paris\",\"publisher\":{\"@id\":\"https:\\\/\\\/www.parisheure.com\\\/#organization\"},\"potentialAction\":[{\"@type\":\"SearchAction\",\"target\":{\"@type\":\"EntryPoint\",\"urlTemplate\":\"https:\\\/\\\/www.parisheure.com\\\/?s={search_term_string}\"},\"query-input\":{\"@type\":\"PropertyValueSpecification\",\"valueRequired\":true,\"valueName\":\"search_term_string\"}}],\"inLanguage\":\"en-US\"},{\"@type\":\"Organization\",\"@id\":\"https:\\\/\\\/www.parisheure.com\\\/#organization\",\"name\":\"PARIS HEURE\",\"url\":\"https:\\\/\\\/www.parisheure.com\\\/\",\"logo\":{\"@type\":\"ImageObject\",\"inLanguage\":\"en-US\",\"@id\":\"https:\\\/\\\/www.parisheure.com\\\/#\\\/schema\\\/logo\\\/image\\\/\",\"url\":\"https:\\\/\\\/www.parisheure.com\\\/wp-content\\\/uploads\\\/2021\\\/07\\\/cropped-logo-paris-heure.png\",\"contentUrl\":\"https:\\\/\\\/www.parisheure.com\\\/wp-content\\\/uploads\\\/2021\\\/07\\\/cropped-logo-paris-heure.png\",\"width\":512,\"height\":512,\"caption\":\"PARIS HEURE\"},\"image\":{\"@id\":\"https:\\\/\\\/www.parisheure.com\\\/#\\\/schema\\\/logo\\\/image\\\/\"},\"sameAs\":[\"https:\\\/\\\/www.facebook.com\\\/ParisHeure\",\"https:\\\/\\\/www.instagram.com\\\/parisheure\\\/\"]}]}<\/script>\n<!-- \/ Yoast SEO plugin. -->","yoast_head_json":{"title":"ROLEX SUBMARINER ROUGE REF 1680 MK4 FULL SET PUNCHED from 1970 \u2022 PARIS HEURE","description":"Marque:\u00a0Rolex  Mod\u00e8le:\u00a0Submariner  Mouvement\u00a0: Auto cal 1570  R\u00e9f\u00e9rence:\u00a01680  Diam\u00e8tre\u00a0: 40mm  Ann\u00e9e:\u00a01970  Serial\u00a0: 258XXX  Boite:\u00a0Beau boitier encore \u00e9pais et avec des angles PARFAITS et des chanfreins bien visible. La montre a \u00e9t\u00e9 repolie de mani\u00e8re professionnelle. Lunette en bon \u00e9tat. Insert d\u2019origine. Pas de chocs visibles importants. La montre est a \u00e9t\u00e9 polie et a un superbe boitier comme \u00e0 l\u2019origine.  Cadran:\u00a0Beau cadran d\u2019origine submariner rouge MK4 avec une belle patine homog\u00e8ne tournant jaune vanille. Tr\u00e8s bel ensemble g\u00e9n\u00e9ral. Cadran encore en bon \u00e9tat avec aucuns d\u00e9fauts. S\u00e9rie MK4 feet first premi\u00e8re production de submariner en rouge avec les feet devant les m\u00e8tres.  Bracelet\u00a0: Rolex acier pli\u00e9 d\u2019origine ref 9315 endlink 580 grav\u00e9 1.70 en tr\u00e8s bon \u00e9tat  Accessoires\u00a0: Boite, surboite avec \u00e9tiquette 1680 double papiers punch\u00e9s avec le num\u00e9ro de s\u00e9rie et la r\u00e9f\u00e9rence punch\u00e9s ainsi qu\u2019une r\u00e9vision Rolex Venezuela en 97 au m\u00eame nom du 1 er propri\u00e9taire.","robots":{"index":"index","follow":"follow","max-snippet":"max-snippet:-1","max-image-preview":"max-image-preview:large","max-video-preview":"max-video-preview:-1"},"canonical":"https:\/\/www.parisheure.com\/en\/buy-watch\/rolex-submariner-rouge-ref-1680-mk4-full-set-double-punched-paper-from-1970\/","og_locale":"en_US","og_type":"article","og_title":"ROLEX SUBMARINER ROUGE REF 1680 MK4 FULL SET PUNCHED from 1970 &#8226; PARIS HEURE","og_description":"Marque:\u00a0Rolex  Mod\u00e8le:\u00a0Submariner  Mouvement\u00a0: Auto cal 1570  R\u00e9f\u00e9rence:\u00a01680  Diam\u00e8tre\u00a0: 40mm  Ann\u00e9e:\u00a01970  Serial\u00a0: 258XXX  Boite:\u00a0Beau boitier encore \u00e9pais et avec des angles PARFAITS et des chanfreins bien visible. La montre a \u00e9t\u00e9 repolie de mani\u00e8re professionnelle. Lunette en bon \u00e9tat. Insert d\u2019origine. Pas de chocs visibles importants. La montre est a \u00e9t\u00e9 polie et a un superbe boitier comme \u00e0 l\u2019origine.  Cadran:\u00a0Beau cadran d\u2019origine submariner rouge MK4 avec une belle patine homog\u00e8ne tournant jaune vanille. Tr\u00e8s bel ensemble g\u00e9n\u00e9ral. Cadran encore en bon \u00e9tat avec aucuns d\u00e9fauts. S\u00e9rie MK4 feet first premi\u00e8re production de submariner en rouge avec les feet devant les m\u00e8tres.  Bracelet\u00a0: Rolex acier pli\u00e9 d\u2019origine ref 9315 endlink 580 grav\u00e9 1.70 en tr\u00e8s bon \u00e9tat  Accessoires\u00a0: Boite, surboite avec \u00e9tiquette 1680 double papiers punch\u00e9s avec le num\u00e9ro de s\u00e9rie et la r\u00e9f\u00e9rence punch\u00e9s ainsi qu\u2019une r\u00e9vision Rolex Venezuela en 97 au m\u00eame nom du 1 er propri\u00e9taire.","og_url":"https:\/\/www.parisheure.com\/en\/buy-watch\/rolex-submariner-rouge-ref-1680-mk4-full-set-double-punched-paper-from-1970\/","og_site_name":"PARIS HEURE","article_publisher":"https:\/\/www.facebook.com\/ParisHeure","article_modified_time":"2024-10-23T08:29:24+00:00","og_image":[{"width":2560,"height":2560,"url":"https:\/\/www.parisheure.com\/wp-content\/uploads\/2022\/03\/ROLEX-SUBMARINER-ROUGE-REF-1680-FULL-FULL-SET-DOUBLE-PUNCHED-MK4-DIAL-N\u00b0-258XXXX-_0026_Calque-4-scaled.jpg","type":"image\/jpeg"}],"twitter_card":"summary_large_image","schema":{"@context":"https:\/\/schema.org","@graph":[{"@type":"WebPage","@id":"https:\/\/www.parisheure.com\/acheter-montre\/rolex-submariner-rouge-ref-1680-mk4-full-set-double-punched-paper-from-1970\/","url":"https:\/\/www.parisheure.com\/acheter-montre\/rolex-submariner-rouge-ref-1680-mk4-full-set-double-punched-paper-from-1970\/","name":"ROLEX SUBMARINER ROUGE REF 1680 MK4 FULL SET PUNCHED from 1970 \u2022 PARIS HEURE","isPartOf":{"@id":"https:\/\/www.parisheure.com\/#website"},"primaryImageOfPage":{"@id":"https:\/\/www.parisheure.com\/acheter-montre\/rolex-submariner-rouge-ref-1680-mk4-full-set-double-punched-paper-from-1970\/#primaryimage"},"image":{"@id":"https:\/\/www.parisheure.com\/acheter-montre\/rolex-submariner-rouge-ref-1680-mk4-full-set-double-punched-paper-from-1970\/#primaryimage"},"thumbnailUrl":"https:\/\/www.parisheure.com\/wp-content\/uploads\/2022\/03\/ROLEX-SUBMARINER-ROUGE-REF-1680-FULL-FULL-SET-DOUBLE-PUNCHED-MK4-DIAL-N\u00b0-258XXXX-_0026_Calque-4-scaled.jpg","datePublished":"2022-03-21T09:32:21+00:00","dateModified":"2024-10-23T08:29:24+00:00","description":"Marque:\u00a0Rolex Mod\u00e8le:\u00a0Submariner Mouvement\u00a0: Auto cal 1570 R\u00e9f\u00e9rence:\u00a01680 Diam\u00e8tre\u00a0: 40mm Ann\u00e9e:\u00a01970 Serial\u00a0: 258XXX Boite:\u00a0Beau boitier encore \u00e9pais et avec des angles PARFAITS et des chanfreins bien visible. La montre a \u00e9t\u00e9 repolie de mani\u00e8re professionnelle. Lunette en bon \u00e9tat. Insert d\u2019origine. Pas de chocs visibles importants. La montre est a \u00e9t\u00e9 polie et a un superbe boitier comme \u00e0 l\u2019origine. Cadran:\u00a0Beau cadran d\u2019origine submariner rouge MK4 avec une belle patine homog\u00e8ne tournant jaune vanille. Tr\u00e8s bel ensemble g\u00e9n\u00e9ral. Cadran encore en bon \u00e9tat avec aucuns d\u00e9fauts. S\u00e9rie MK4 feet first premi\u00e8re production de submariner en rouge avec les feet devant les m\u00e8tres. Bracelet\u00a0: Rolex acier pli\u00e9 d\u2019origine ref 9315 endlink 580 grav\u00e9 1.70 en tr\u00e8s bon \u00e9tat Accessoires\u00a0: Boite, surboite avec \u00e9tiquette 1680 double papiers punch\u00e9s avec le num\u00e9ro de s\u00e9rie et la r\u00e9f\u00e9rence punch\u00e9s ainsi qu\u2019une r\u00e9vision Rolex Venezuela en 97 au m\u00eame nom du 1 er propri\u00e9taire.","breadcrumb":{"@id":"https:\/\/www.parisheure.com\/acheter-montre\/rolex-submariner-rouge-ref-1680-mk4-full-set-double-punched-paper-from-1970\/#breadcrumb"},"inLanguage":"en-US","potentialAction":[{"@type":"ReadAction","target":["https:\/\/www.parisheure.com\/acheter-montre\/rolex-submariner-rouge-ref-1680-mk4-full-set-double-punched-paper-from-1970\/"]}]},{"@type":"ImageObject","inLanguage":"en-US","@id":"https:\/\/www.parisheure.com\/acheter-montre\/rolex-submariner-rouge-ref-1680-mk4-full-set-double-punched-paper-from-1970\/#primaryimage","url":"https:\/\/www.parisheure.com\/wp-content\/uploads\/2022\/03\/ROLEX-SUBMARINER-ROUGE-REF-1680-FULL-FULL-SET-DOUBLE-PUNCHED-MK4-DIAL-N\u00b0-258XXXX-_0026_Calque-4-scaled.jpg","contentUrl":"https:\/\/www.parisheure.com\/wp-content\/uploads\/2022\/03\/ROLEX-SUBMARINER-ROUGE-REF-1680-FULL-FULL-SET-DOUBLE-PUNCHED-MK4-DIAL-N\u00b0-258XXXX-_0026_Calque-4-scaled.jpg","width":2560,"height":2560},{"@type":"BreadcrumbList","@id":"https:\/\/www.parisheure.com\/acheter-montre\/rolex-submariner-rouge-ref-1680-mk4-full-set-double-punched-paper-from-1970\/#breadcrumb","itemListElement":[{"@type":"ListItem","position":1,"name":"Accueil","item":"https:\/\/www.parisheure.com\/"},{"@type":"ListItem","position":2,"name":"WATCHES","item":"https:\/\/www.parisheure.com\/"},{"@type":"ListItem","position":3,"name":"ROLEX SUBMARINER ROUGE REF 1680 MK4 FULL SET PUNCHED from 1970"}]},{"@type":"WebSite","@id":"https:\/\/www.parisheure.com\/#website","url":"https:\/\/www.parisheure.com\/","name":"PARIS HEURE","description":"Vintage watches Paris","publisher":{"@id":"https:\/\/www.parisheure.com\/#organization"},"potentialAction":[{"@type":"SearchAction","target":{"@type":"EntryPoint","urlTemplate":"https:\/\/www.parisheure.com\/?s={search_term_string}"},"query-input":{"@type":"PropertyValueSpecification","valueRequired":true,"valueName":"search_term_string"}}],"inLanguage":"en-US"},{"@type":"Organization","@id":"https:\/\/www.parisheure.com\/#organization","name":"PARIS HEURE","url":"https:\/\/www.parisheure.com\/","logo":{"@type":"ImageObject","inLanguage":"en-US","@id":"https:\/\/www.parisheure.com\/#\/schema\/logo\/image\/","url":"https:\/\/www.parisheure.com\/wp-content\/uploads\/2021\/07\/cropped-logo-paris-heure.png","contentUrl":"https:\/\/www.parisheure.com\/wp-content\/uploads\/2021\/07\/cropped-logo-paris-heure.png","width":512,"height":512,"caption":"PARIS HEURE"},"image":{"@id":"https:\/\/www.parisheure.com\/#\/schema\/logo\/image\/"},"sameAs":["https:\/\/www.facebook.com\/ParisHeure","https:\/\/www.instagram.com\/parisheure\/"]}]}},"jetpack_sharing_enabled":true,"brands":[{"id":432,"name":"Rolex","slug":"rolex"}],"_links":{"self":[{"href":"https:\/\/www.parisheure.com\/en\/wp-json\/wp\/v2\/product\/11162","targetHints":{"allow":["GET"]}}],"collection":[{"href":"https:\/\/www.parisheure.com\/en\/wp-json\/wp\/v2\/product"}],"about":[{"href":"https:\/\/www.parisheure.com\/en\/wp-json\/wp\/v2\/types\/product"}],"version-history":[{"count":1,"href":"https:\/\/www.parisheure.com\/en\/wp-json\/wp\/v2\/product\/11162\/revisions"}],"predecessor-version":[{"id":14167,"href":"https:\/\/www.parisheure.com\/en\/wp-json\/wp\/v2\/product\/11162\/revisions\/14167"}],"wp:featuredmedia":[{"embeddable":true,"href":"https:\/\/www.parisheure.com\/en\/wp-json\/wp\/v2\/media\/11189"}],"wp:attachment":[{"href":"https:\/\/www.parisheure.com\/en\/wp-json\/wp\/v2\/media?parent=11162"}],"wp:term":[{"taxonomy":"pwb-brand","embeddable":true,"href":"https:\/\/www.parisheure.com\/en\/wp-json\/wp\/v2\/pwb-brand?post=11162"},{"taxonomy":"product_brand","embeddable":true,"href":"https:\/\/www.parisheure.com\/en\/wp-json\/wp\/v2\/product_brand?post=11162"},{"taxonomy":"product_cat","embeddable":true,"href":"https:\/\/www.parisheure.com\/en\/wp-json\/wp\/v2\/product_cat?post=11162"},{"taxonomy":"product_tag","embeddable":true,"href":"https:\/\/www.parisheure.com\/en\/wp-json\/wp\/v2\/product_tag?post=11162"}],"curies":[{"name":"wp","href":"https:\/\/api.w.org\/{rel}","templated":true}]}}