{"id":11245,"date":"2022-04-21T18:17:49","date_gmt":"2022-04-21T16:17:49","guid":{"rendered":"https:\/\/www.parisheure.com\/?post_type=product&#038;p=11245"},"modified":"2024-10-22T16:43:17","modified_gmt":"2024-10-22T14:43:17","slug":"patek-philippe-aquanaut-5060-tritium-archives-1997","status":"publish","type":"product","link":"https:\/\/www.parisheure.com\/en\/buy-watch\/patek-philippe-aquanaut-5060-tritium-archives-1997\/","title":{"rendered":"PATEK PHILIPPE AQUANAUT REF 5060 TRITIUM ARCHIVES from 1997 ( STOCK PARIS HEURE )"},"content":{"rendered":"<p><strong>Our opinion:<\/strong> The Aquanaut model is from the waterproof sport range from Patek movement with automatic winding, caliber Patek Philippe 315 SC. The first aquanaut reference ever produced ref 5060 by Patek Philippe. The original model. They are even cheaper than modern ones so don't hesitate, the same phenomenon has already happened in nautilus with the explosion in the price of old references. This one has the particularity of having a tritium dial which has a superb and sought-after patina. A true modern collector's watch in perfect condition! Watch delivered with its archives confirming its production in 1997 during the first year of its launch! Moreover the nautilus signed clasp very collectible on this specific reference.<\/p>\n<p>&nbsp;<\/p>","protected":false},"excerpt":{"rendered":"<p><strong>Brand:<\/strong>\u00a0Patek Philippe<\/p>\n<p><strong>Model:<\/strong>\u00a0Aquanaut<\/p>\n<p><strong>Movement\u00a0: <\/strong>Automatic <em>315 SC<\/em><\/p>\n<p><strong>Reference:<\/strong>\u00a05060A<\/p>\n<p><strong>Diameter\u00a0: <\/strong>36mm<\/p>\n<p><strong>Year:<\/strong>\u00a01997<\/p>\n<p><strong>Case:<\/strong>\u00a0Beautiful nicely polished case in good condition. The angles remain present. No significant marks or bumps<\/p>\n<p><strong>Dial:<\/strong>\u00a0Beautiful original black dial without any flaws and very beautiful patina of the tritium indexes. Hands match quite well with tritium too.<\/p>\n<p><strong>Bracelet:<\/strong> Rubber and PP steel folding clasp in good condition.<\/p>\n<p><strong>Accessories:<\/strong> Certificate from the archives confirming production and sale in 1997 and its tritium dial.<\/p>","protected":false},"featured_media":12383,"template":"","meta":[],"pwb-brand":[436],"product_brand":[],"product_cat":[107,367,91],"product_tag":[229,230,225,118,124,298,227],"class_list":{"0":"post-11245","1":"product","2":"type-product","3":"status-publish","4":"has-post-thumbnail","6":"pwb-brand-patek-philippe","7":"product_cat-archives","8":"product_cat-montres-paris-heure","9":"product_cat-patek-philippe","10":"product_tag-229","11":"product_tag-230","12":"product_tag-aquanaut","13":"product_tag-patek","14":"product_tag-patek-philippe","15":"product_tag-rare","16":"product_tag-tritium","18":"first","19":"outofstock","20":"shipping-taxable","21":"product-type-simple"},"yoast_head":"<!-- This site is optimized with the Yoast SEO plugin v27.5 - https:\/\/yoast.com\/product\/yoast-seo-wordpress\/ -->\n<title>PATEK PHILIPPE AQUANAUT REF 5060 TRITIUM ARCHIVES from 1997 ( STOCK PARIS HEURE )<\/title>\n<meta name=\"description\" content=\"Marque: Patek Philippe Mod\u00e8le: Aquanaut Mouvement : Automatique 315 SC R\u00e9f\u00e9rence: 5060A Diam\u00e8tre : 36mm Ann\u00e9e: 1997 Boite: Beau boitier peu polie en bel \u00e9tat.\" \/>\n<meta name=\"robots\" content=\"index, follow, max-snippet:-1, max-image-preview:large, max-video-preview:-1\" \/>\n<link rel=\"canonical\" href=\"https:\/\/www.parisheure.com\/en\/buy-watch\/patek-philippe-aquanaut-5060-tritium-archives-1997\/\" \/>\n<meta property=\"og:locale\" content=\"en_US\" \/>\n<meta property=\"og:type\" content=\"article\" \/>\n<meta property=\"og:title\" content=\"PATEK PHILIPPE AQUANAUT REF 5060 TRITIUM ARCHIVES from 1997 ( STOCK PARIS HEURE )\" \/>\n<meta property=\"og:description\" content=\"Marque: Patek Philippe Mod\u00e8le: Aquanaut Mouvement : Automatique 315 SC R\u00e9f\u00e9rence: 5060A Diam\u00e8tre : 36mm Ann\u00e9e: 1997 Boite: Beau boitier peu polie en bel \u00e9tat.\" \/>\n<meta property=\"og:url\" content=\"https:\/\/www.parisheure.com\/en\/buy-watch\/patek-philippe-aquanaut-5060-tritium-archives-1997\/\" \/>\n<meta property=\"og:site_name\" content=\"PARIS HEURE\" \/>\n<meta property=\"article:publisher\" content=\"https:\/\/www.facebook.com\/ParisHeure\" \/>\n<meta property=\"article:modified_time\" content=\"2024-10-22T14:43:17+00:00\" \/>\n<meta property=\"og:image\" content=\"https:\/\/www.parisheure.com\/wp-content\/uploads\/2022\/04\/PATEK-PHILIPPE-AQUANAUT-REF-5060-ACIER-TRITIUM-ARCHIVES-1997-N\u00b0-4021XXX_-M-302XXXX-_0011_Calque-2-scaled.jpg\" \/>\n\t<meta property=\"og:image:width\" content=\"2560\" \/>\n\t<meta property=\"og:image:height\" content=\"2560\" \/>\n\t<meta property=\"og:image:type\" content=\"image\/jpeg\" \/>\n<meta name=\"twitter:card\" content=\"summary_large_image\" \/>\n<script type=\"application\/ld+json\" class=\"yoast-schema-graph\">{\"@context\":\"https:\\\/\\\/schema.org\",\"@graph\":[{\"@type\":\"WebPage\",\"@id\":\"https:\\\/\\\/www.parisheure.com\\\/acheter-montre\\\/patek-philippe-aquanaut-5060-tritium-archives-1997\\\/\",\"url\":\"https:\\\/\\\/www.parisheure.com\\\/acheter-montre\\\/patek-philippe-aquanaut-5060-tritium-archives-1997\\\/\",\"name\":\"PATEK PHILIPPE AQUANAUT REF 5060 TRITIUM ARCHIVES from 1997 ( STOCK PARIS HEURE )\",\"isPartOf\":{\"@id\":\"https:\\\/\\\/www.parisheure.com\\\/#website\"},\"primaryImageOfPage\":{\"@id\":\"https:\\\/\\\/www.parisheure.com\\\/acheter-montre\\\/patek-philippe-aquanaut-5060-tritium-archives-1997\\\/#primaryimage\"},\"image\":{\"@id\":\"https:\\\/\\\/www.parisheure.com\\\/acheter-montre\\\/patek-philippe-aquanaut-5060-tritium-archives-1997\\\/#primaryimage\"},\"thumbnailUrl\":\"https:\\\/\\\/www.parisheure.com\\\/wp-content\\\/uploads\\\/2022\\\/04\\\/PATEK-PHILIPPE-AQUANAUT-REF-5060-ACIER-TRITIUM-ARCHIVES-1997-N\u00b0-4021XXX_-M-302XXXX-_0011_Calque-2-scaled.jpg\",\"datePublished\":\"2022-04-21T16:17:49+00:00\",\"dateModified\":\"2024-10-22T14:43:17+00:00\",\"description\":\"Marque: Patek Philippe Mod\u00e8le: Aquanaut Mouvement : Automatique 315 SC R\u00e9f\u00e9rence: 5060A Diam\u00e8tre : 36mm Ann\u00e9e: 1997 Boite: Beau boitier peu polie en bel \u00e9tat.\",\"breadcrumb\":{\"@id\":\"https:\\\/\\\/www.parisheure.com\\\/acheter-montre\\\/patek-philippe-aquanaut-5060-tritium-archives-1997\\\/#breadcrumb\"},\"inLanguage\":\"en-US\",\"potentialAction\":[{\"@type\":\"ReadAction\",\"target\":[\"https:\\\/\\\/www.parisheure.com\\\/acheter-montre\\\/patek-philippe-aquanaut-5060-tritium-archives-1997\\\/\"]}]},{\"@type\":\"ImageObject\",\"inLanguage\":\"en-US\",\"@id\":\"https:\\\/\\\/www.parisheure.com\\\/acheter-montre\\\/patek-philippe-aquanaut-5060-tritium-archives-1997\\\/#primaryimage\",\"url\":\"https:\\\/\\\/www.parisheure.com\\\/wp-content\\\/uploads\\\/2022\\\/04\\\/PATEK-PHILIPPE-AQUANAUT-REF-5060-ACIER-TRITIUM-ARCHIVES-1997-N\u00b0-4021XXX_-M-302XXXX-_0011_Calque-2-scaled.jpg\",\"contentUrl\":\"https:\\\/\\\/www.parisheure.com\\\/wp-content\\\/uploads\\\/2022\\\/04\\\/PATEK-PHILIPPE-AQUANAUT-REF-5060-ACIER-TRITIUM-ARCHIVES-1997-N\u00b0-4021XXX_-M-302XXXX-_0011_Calque-2-scaled.jpg\",\"width\":2560,\"height\":2560},{\"@type\":\"BreadcrumbList\",\"@id\":\"https:\\\/\\\/www.parisheure.com\\\/acheter-montre\\\/patek-philippe-aquanaut-5060-tritium-archives-1997\\\/#breadcrumb\",\"itemListElement\":[{\"@type\":\"ListItem\",\"position\":1,\"name\":\"Accueil\",\"item\":\"https:\\\/\\\/www.parisheure.com\\\/\"},{\"@type\":\"ListItem\",\"position\":2,\"name\":\"WATCHES\",\"item\":\"https:\\\/\\\/www.parisheure.com\\\/\"},{\"@type\":\"ListItem\",\"position\":3,\"name\":\"PATEK PHILIPPE AQUANAUT REF 5060 TRITIUM ARCHIVES from 1997 ( STOCK PARIS HEURE )\"}]},{\"@type\":\"WebSite\",\"@id\":\"https:\\\/\\\/www.parisheure.com\\\/#website\",\"url\":\"https:\\\/\\\/www.parisheure.com\\\/\",\"name\":\"PARIS HEURE\",\"description\":\"Vintage watches Paris\",\"publisher\":{\"@id\":\"https:\\\/\\\/www.parisheure.com\\\/#organization\"},\"potentialAction\":[{\"@type\":\"SearchAction\",\"target\":{\"@type\":\"EntryPoint\",\"urlTemplate\":\"https:\\\/\\\/www.parisheure.com\\\/?s={search_term_string}\"},\"query-input\":{\"@type\":\"PropertyValueSpecification\",\"valueRequired\":true,\"valueName\":\"search_term_string\"}}],\"inLanguage\":\"en-US\"},{\"@type\":\"Organization\",\"@id\":\"https:\\\/\\\/www.parisheure.com\\\/#organization\",\"name\":\"PARIS HEURE\",\"url\":\"https:\\\/\\\/www.parisheure.com\\\/\",\"logo\":{\"@type\":\"ImageObject\",\"inLanguage\":\"en-US\",\"@id\":\"https:\\\/\\\/www.parisheure.com\\\/#\\\/schema\\\/logo\\\/image\\\/\",\"url\":\"https:\\\/\\\/www.parisheure.com\\\/wp-content\\\/uploads\\\/2021\\\/07\\\/cropped-logo-paris-heure.png\",\"contentUrl\":\"https:\\\/\\\/www.parisheure.com\\\/wp-content\\\/uploads\\\/2021\\\/07\\\/cropped-logo-paris-heure.png\",\"width\":512,\"height\":512,\"caption\":\"PARIS HEURE\"},\"image\":{\"@id\":\"https:\\\/\\\/www.parisheure.com\\\/#\\\/schema\\\/logo\\\/image\\\/\"},\"sameAs\":[\"https:\\\/\\\/www.facebook.com\\\/ParisHeure\",\"https:\\\/\\\/www.instagram.com\\\/parisheure\\\/\"]}]}<\/script>\n<!-- \/ Yoast SEO plugin. -->","yoast_head_json":{"title":"PATEK PHILIPPE AQUANAUT REF 5060 TRITIUM ARCHIVES from 1997 ( STOCK PARIS HEURE )","description":"Marque: Patek Philippe Mod\u00e8le: Aquanaut Mouvement : Automatique 315 SC R\u00e9f\u00e9rence: 5060A Diam\u00e8tre : 36mm Ann\u00e9e: 1997 Boite: Beau boitier peu polie en bel \u00e9tat.","robots":{"index":"index","follow":"follow","max-snippet":"max-snippet:-1","max-image-preview":"max-image-preview:large","max-video-preview":"max-video-preview:-1"},"canonical":"https:\/\/www.parisheure.com\/en\/buy-watch\/patek-philippe-aquanaut-5060-tritium-archives-1997\/","og_locale":"en_US","og_type":"article","og_title":"PATEK PHILIPPE AQUANAUT REF 5060 TRITIUM ARCHIVES from 1997 ( STOCK PARIS HEURE )","og_description":"Marque: Patek Philippe Mod\u00e8le: Aquanaut Mouvement : Automatique 315 SC R\u00e9f\u00e9rence: 5060A Diam\u00e8tre : 36mm Ann\u00e9e: 1997 Boite: Beau boitier peu polie en bel \u00e9tat.","og_url":"https:\/\/www.parisheure.com\/en\/buy-watch\/patek-philippe-aquanaut-5060-tritium-archives-1997\/","og_site_name":"PARIS HEURE","article_publisher":"https:\/\/www.facebook.com\/ParisHeure","article_modified_time":"2024-10-22T14:43:17+00:00","og_image":[{"width":2560,"height":2560,"url":"https:\/\/www.parisheure.com\/wp-content\/uploads\/2022\/04\/PATEK-PHILIPPE-AQUANAUT-REF-5060-ACIER-TRITIUM-ARCHIVES-1997-N\u00b0-4021XXX_-M-302XXXX-_0011_Calque-2-scaled.jpg","type":"image\/jpeg"}],"twitter_card":"summary_large_image","schema":{"@context":"https:\/\/schema.org","@graph":[{"@type":"WebPage","@id":"https:\/\/www.parisheure.com\/acheter-montre\/patek-philippe-aquanaut-5060-tritium-archives-1997\/","url":"https:\/\/www.parisheure.com\/acheter-montre\/patek-philippe-aquanaut-5060-tritium-archives-1997\/","name":"PATEK PHILIPPE AQUANAUT REF 5060 TRITIUM ARCHIVES from 1997 ( STOCK PARIS HEURE )","isPartOf":{"@id":"https:\/\/www.parisheure.com\/#website"},"primaryImageOfPage":{"@id":"https:\/\/www.parisheure.com\/acheter-montre\/patek-philippe-aquanaut-5060-tritium-archives-1997\/#primaryimage"},"image":{"@id":"https:\/\/www.parisheure.com\/acheter-montre\/patek-philippe-aquanaut-5060-tritium-archives-1997\/#primaryimage"},"thumbnailUrl":"https:\/\/www.parisheure.com\/wp-content\/uploads\/2022\/04\/PATEK-PHILIPPE-AQUANAUT-REF-5060-ACIER-TRITIUM-ARCHIVES-1997-N\u00b0-4021XXX_-M-302XXXX-_0011_Calque-2-scaled.jpg","datePublished":"2022-04-21T16:17:49+00:00","dateModified":"2024-10-22T14:43:17+00:00","description":"Marque: Patek Philippe Mod\u00e8le: Aquanaut Mouvement : Automatique 315 SC R\u00e9f\u00e9rence: 5060A Diam\u00e8tre : 36mm Ann\u00e9e: 1997 Boite: Beau boitier peu polie en bel \u00e9tat.","breadcrumb":{"@id":"https:\/\/www.parisheure.com\/acheter-montre\/patek-philippe-aquanaut-5060-tritium-archives-1997\/#breadcrumb"},"inLanguage":"en-US","potentialAction":[{"@type":"ReadAction","target":["https:\/\/www.parisheure.com\/acheter-montre\/patek-philippe-aquanaut-5060-tritium-archives-1997\/"]}]},{"@type":"ImageObject","inLanguage":"en-US","@id":"https:\/\/www.parisheure.com\/acheter-montre\/patek-philippe-aquanaut-5060-tritium-archives-1997\/#primaryimage","url":"https:\/\/www.parisheure.com\/wp-content\/uploads\/2022\/04\/PATEK-PHILIPPE-AQUANAUT-REF-5060-ACIER-TRITIUM-ARCHIVES-1997-N\u00b0-4021XXX_-M-302XXXX-_0011_Calque-2-scaled.jpg","contentUrl":"https:\/\/www.parisheure.com\/wp-content\/uploads\/2022\/04\/PATEK-PHILIPPE-AQUANAUT-REF-5060-ACIER-TRITIUM-ARCHIVES-1997-N\u00b0-4021XXX_-M-302XXXX-_0011_Calque-2-scaled.jpg","width":2560,"height":2560},{"@type":"BreadcrumbList","@id":"https:\/\/www.parisheure.com\/acheter-montre\/patek-philippe-aquanaut-5060-tritium-archives-1997\/#breadcrumb","itemListElement":[{"@type":"ListItem","position":1,"name":"Accueil","item":"https:\/\/www.parisheure.com\/"},{"@type":"ListItem","position":2,"name":"WATCHES","item":"https:\/\/www.parisheure.com\/"},{"@type":"ListItem","position":3,"name":"PATEK PHILIPPE AQUANAUT REF 5060 TRITIUM ARCHIVES from 1997 ( STOCK PARIS HEURE )"}]},{"@type":"WebSite","@id":"https:\/\/www.parisheure.com\/#website","url":"https:\/\/www.parisheure.com\/","name":"PARIS HEURE","description":"Vintage watches Paris","publisher":{"@id":"https:\/\/www.parisheure.com\/#organization"},"potentialAction":[{"@type":"SearchAction","target":{"@type":"EntryPoint","urlTemplate":"https:\/\/www.parisheure.com\/?s={search_term_string}"},"query-input":{"@type":"PropertyValueSpecification","valueRequired":true,"valueName":"search_term_string"}}],"inLanguage":"en-US"},{"@type":"Organization","@id":"https:\/\/www.parisheure.com\/#organization","name":"PARIS HEURE","url":"https:\/\/www.parisheure.com\/","logo":{"@type":"ImageObject","inLanguage":"en-US","@id":"https:\/\/www.parisheure.com\/#\/schema\/logo\/image\/","url":"https:\/\/www.parisheure.com\/wp-content\/uploads\/2021\/07\/cropped-logo-paris-heure.png","contentUrl":"https:\/\/www.parisheure.com\/wp-content\/uploads\/2021\/07\/cropped-logo-paris-heure.png","width":512,"height":512,"caption":"PARIS HEURE"},"image":{"@id":"https:\/\/www.parisheure.com\/#\/schema\/logo\/image\/"},"sameAs":["https:\/\/www.facebook.com\/ParisHeure","https:\/\/www.instagram.com\/parisheure\/"]}]}},"jetpack_sharing_enabled":true,"brands":[{"id":436,"name":"Patek Philippe","slug":"patek-philippe"}],"_links":{"self":[{"href":"https:\/\/www.parisheure.com\/en\/wp-json\/wp\/v2\/product\/11245","targetHints":{"allow":["GET"]}}],"collection":[{"href":"https:\/\/www.parisheure.com\/en\/wp-json\/wp\/v2\/product"}],"about":[{"href":"https:\/\/www.parisheure.com\/en\/wp-json\/wp\/v2\/types\/product"}],"version-history":[{"count":1,"href":"https:\/\/www.parisheure.com\/en\/wp-json\/wp\/v2\/product\/11245\/revisions"}],"predecessor-version":[{"id":14142,"href":"https:\/\/www.parisheure.com\/en\/wp-json\/wp\/v2\/product\/11245\/revisions\/14142"}],"wp:featuredmedia":[{"embeddable":true,"href":"https:\/\/www.parisheure.com\/en\/wp-json\/wp\/v2\/media\/12383"}],"wp:attachment":[{"href":"https:\/\/www.parisheure.com\/en\/wp-json\/wp\/v2\/media?parent=11245"}],"wp:term":[{"taxonomy":"pwb-brand","embeddable":true,"href":"https:\/\/www.parisheure.com\/en\/wp-json\/wp\/v2\/pwb-brand?post=11245"},{"taxonomy":"product_brand","embeddable":true,"href":"https:\/\/www.parisheure.com\/en\/wp-json\/wp\/v2\/product_brand?post=11245"},{"taxonomy":"product_cat","embeddable":true,"href":"https:\/\/www.parisheure.com\/en\/wp-json\/wp\/v2\/product_cat?post=11245"},{"taxonomy":"product_tag","embeddable":true,"href":"https:\/\/www.parisheure.com\/en\/wp-json\/wp\/v2\/product_tag?post=11245"}],"curies":[{"name":"wp","href":"https:\/\/api.w.org\/{rel}","templated":true}]}}