{"id":11482,"date":"2022-07-21T14:09:35","date_gmt":"2022-07-21T12:09:35","guid":{"rendered":"https:\/\/www.parisheure.com\/?post_type=product&#038;p=11482"},"modified":"2024-10-23T10:26:53","modified_gmt":"2024-10-23T08:26:53","slug":"rolex-daytona-ref-6265-big-red-silver-from-1985","status":"publish","type":"product","link":"https:\/\/www.parisheure.com\/en\/buy-watch\/rolex-daytona-ref-6265-big-red-silver-from-1985\/","title":{"rendered":"ROLEX DAYTONA REF 6265 BIG RED SILVER FROM 1985"},"content":{"rendered":"<p><strong>Our opinion:<\/strong> La Daytona 6265 est une montre d\u2019exception avec sa lunette acier, poussoirs viss\u00e9s et son cadran silver \u00e9criture rouge daytona BIG RED en parfait \u00e9tat et si recherch\u00e9e. Le cadran est parfait avec une belle patine et tous ses points de tritium qui match avec ses aiguilles d\u2019origine, la montre est peu polie, encore \u00e9paisse, poussoirs viss\u00e9s stri\u00e9s d\u2019origine 1985\u2026mod\u00e8le extr\u00eamement rare dans cette configuration. La vraie valeur investissement de chez Rolex. La Daytona reste le chrono de r\u00e9f\u00e9rence en horlogerie vintage<\/p>","protected":false},"excerpt":{"rendered":"<p><strong>Brand:<\/strong>\u00a0Rolex<\/p>\n<p><strong>Model:<\/strong>\u00a0Daytona<\/p>\n<p><strong>Movement\u00a0: <\/strong>Manual Valjoux 727 numbered<\/p>\n<p><strong>Reference:<\/strong>\u00a06265<\/p>\n<p><strong>Diameter\u00a0: <\/strong>37mm<\/p>\n<p><strong>Year:<\/strong>\u00a01985<\/p>\n<p><strong>Serial : <\/strong>870XXXX<\/p>\n<p><strong>Case:<\/strong>\u00a0Tr\u00e8s beau boitier quasiment pas trop polie assez \u00e9pais et avec des angles encore present. Port\u00e9e mais tr\u00e8s bien conserv\u00e9e. Une boite avec peu de marques d\u2019usures ni de chocs important ou de perte de mati\u00e8re. \u00a0Lunette en tr\u00e8s bon \u00e9tat.<\/p>\n<p><strong>Dial:<\/strong>\u00a0Cadran silver big red. Belle patine des index tritium d\u2019origines qui r\u00e9agissent tous aux UV ainsi que les aiguilles qui matchent bien. Aucuns d\u00e9fauts dans les compteurs noir ce qui est tr\u00e8s recherch\u00e9e par les collectionneurs de Daytona et tr\u00e8s belle patine des index luminescents. Belle patine du silver du cadran. Beau cadran silver d\u2019origine parfait variation avec des beaux points de tritium un l\u00e9ger manque a 3H 6H et 8H<\/p>\n<p><strong>Bracelet:<\/strong>\u00a0Oyster steel 78350 endlink 571<\/p>\n<p><strong>Accessories: <\/strong>None<\/p>","protected":false},"featured_media":11509,"template":"","meta":[],"pwb-brand":[432],"product_brand":[],"product_cat":[107,367,90,246],"product_tag":[337,157,159,127,158,101],"class_list":{"0":"post-11482","1":"product","2":"type-product","3":"status-publish","4":"has-post-thumbnail","6":"pwb-brand-rolex","7":"product_cat-archives","8":"product_cat-montres-paris-heure","9":"product_cat-rolex","10":"product_cat-rolex-daytona","11":"product_tag-337","12":"product_tag-157","13":"product_tag-big-red","14":"product_tag-rolex","15":"product_tag-silver","16":"product_tag-vintage","18":"first","19":"outofstock","20":"shipping-taxable","21":"product-type-simple"},"yoast_head":"<!-- This site is optimized with the Yoast SEO plugin v27.5 - https:\/\/yoast.com\/product\/yoast-seo-wordpress\/ -->\n<title>ROLEX DAYTONA REF 6265 BIG RED SILVER &#8226; PARIS HEURE<\/title>\n<meta name=\"description\" content=\"Marque: Rolex Mod\u00e8le: Daytona Mouvement : Meca Valjoux 727 num\u00e9rot\u00e9 R\u00e9f\u00e9rence: 6265 Diam\u00e8tre : 37mm Ann\u00e9e: 1985 Serial : 870XXXX\" \/>\n<meta name=\"robots\" content=\"index, follow, max-snippet:-1, max-image-preview:large, max-video-preview:-1\" \/>\n<link rel=\"canonical\" href=\"https:\/\/www.parisheure.com\/en\/buy-watch\/rolex-daytona-ref-6265-big-red-silver-from-1985\/\" \/>\n<meta property=\"og:locale\" content=\"en_US\" \/>\n<meta property=\"og:type\" content=\"article\" \/>\n<meta property=\"og:title\" content=\"ROLEX DAYTONA REF 6265 BIG RED SILVER &#8226; PARIS HEURE\" \/>\n<meta property=\"og:description\" content=\"Marque: Rolex Mod\u00e8le: Daytona Mouvement : Meca Valjoux 727 num\u00e9rot\u00e9 R\u00e9f\u00e9rence: 6265 Diam\u00e8tre : 37mm Ann\u00e9e: 1985 Serial : 870XXXX\" \/>\n<meta property=\"og:url\" content=\"https:\/\/www.parisheure.com\/en\/buy-watch\/rolex-daytona-ref-6265-big-red-silver-from-1985\/\" \/>\n<meta property=\"og:site_name\" content=\"PARIS HEURE\" \/>\n<meta property=\"article:publisher\" content=\"https:\/\/www.facebook.com\/ParisHeure\" \/>\n<meta property=\"article:modified_time\" content=\"2024-10-23T08:26:53+00:00\" \/>\n<meta property=\"og:image\" content=\"https:\/\/www.parisheure.com\/wp-content\/uploads\/2022\/07\/ROLEX-DAYTONA-REF-6265-BIG-RED-SILVER-FROM-1985-N\u00b0874XXXX-_0026_Calque-3-scaled.jpg\" \/>\n\t<meta property=\"og:image:width\" content=\"2560\" \/>\n\t<meta property=\"og:image:height\" content=\"2560\" \/>\n\t<meta property=\"og:image:type\" content=\"image\/jpeg\" \/>\n<meta name=\"twitter:card\" content=\"summary_large_image\" \/>\n<script type=\"application\/ld+json\" class=\"yoast-schema-graph\">{\"@context\":\"https:\\\/\\\/schema.org\",\"@graph\":[{\"@type\":\"WebPage\",\"@id\":\"https:\\\/\\\/www.parisheure.com\\\/acheter-montre\\\/rolex-daytona-ref-6265-big-red-silver-from-1985\\\/\",\"url\":\"https:\\\/\\\/www.parisheure.com\\\/acheter-montre\\\/rolex-daytona-ref-6265-big-red-silver-from-1985\\\/\",\"name\":\"ROLEX DAYTONA REF 6265 BIG RED SILVER &#8226; PARIS HEURE\",\"isPartOf\":{\"@id\":\"https:\\\/\\\/www.parisheure.com\\\/#website\"},\"primaryImageOfPage\":{\"@id\":\"https:\\\/\\\/www.parisheure.com\\\/acheter-montre\\\/rolex-daytona-ref-6265-big-red-silver-from-1985\\\/#primaryimage\"},\"image\":{\"@id\":\"https:\\\/\\\/www.parisheure.com\\\/acheter-montre\\\/rolex-daytona-ref-6265-big-red-silver-from-1985\\\/#primaryimage\"},\"thumbnailUrl\":\"https:\\\/\\\/www.parisheure.com\\\/wp-content\\\/uploads\\\/2022\\\/07\\\/ROLEX-DAYTONA-REF-6265-BIG-RED-SILVER-FROM-1985-N\u00b0874XXXX-_0026_Calque-3-scaled.jpg\",\"datePublished\":\"2022-07-21T12:09:35+00:00\",\"dateModified\":\"2024-10-23T08:26:53+00:00\",\"description\":\"Marque: Rolex Mod\u00e8le: Daytona Mouvement : Meca Valjoux 727 num\u00e9rot\u00e9 R\u00e9f\u00e9rence: 6265 Diam\u00e8tre : 37mm Ann\u00e9e: 1985 Serial : 870XXXX\",\"breadcrumb\":{\"@id\":\"https:\\\/\\\/www.parisheure.com\\\/acheter-montre\\\/rolex-daytona-ref-6265-big-red-silver-from-1985\\\/#breadcrumb\"},\"inLanguage\":\"en-US\",\"potentialAction\":[{\"@type\":\"ReadAction\",\"target\":[\"https:\\\/\\\/www.parisheure.com\\\/acheter-montre\\\/rolex-daytona-ref-6265-big-red-silver-from-1985\\\/\"]}]},{\"@type\":\"ImageObject\",\"inLanguage\":\"en-US\",\"@id\":\"https:\\\/\\\/www.parisheure.com\\\/acheter-montre\\\/rolex-daytona-ref-6265-big-red-silver-from-1985\\\/#primaryimage\",\"url\":\"https:\\\/\\\/www.parisheure.com\\\/wp-content\\\/uploads\\\/2022\\\/07\\\/ROLEX-DAYTONA-REF-6265-BIG-RED-SILVER-FROM-1985-N\u00b0874XXXX-_0026_Calque-3-scaled.jpg\",\"contentUrl\":\"https:\\\/\\\/www.parisheure.com\\\/wp-content\\\/uploads\\\/2022\\\/07\\\/ROLEX-DAYTONA-REF-6265-BIG-RED-SILVER-FROM-1985-N\u00b0874XXXX-_0026_Calque-3-scaled.jpg\",\"width\":2560,\"height\":2560},{\"@type\":\"BreadcrumbList\",\"@id\":\"https:\\\/\\\/www.parisheure.com\\\/acheter-montre\\\/rolex-daytona-ref-6265-big-red-silver-from-1985\\\/#breadcrumb\",\"itemListElement\":[{\"@type\":\"ListItem\",\"position\":1,\"name\":\"Accueil\",\"item\":\"https:\\\/\\\/www.parisheure.com\\\/\"},{\"@type\":\"ListItem\",\"position\":2,\"name\":\"WATCHES\",\"item\":\"https:\\\/\\\/www.parisheure.com\\\/\"},{\"@type\":\"ListItem\",\"position\":3,\"name\":\"ROLEX DAYTONA REF 6265 BIG RED SILVER FROM 1985\"}]},{\"@type\":\"WebSite\",\"@id\":\"https:\\\/\\\/www.parisheure.com\\\/#website\",\"url\":\"https:\\\/\\\/www.parisheure.com\\\/\",\"name\":\"PARIS HEURE\",\"description\":\"Vintage watches Paris\",\"publisher\":{\"@id\":\"https:\\\/\\\/www.parisheure.com\\\/#organization\"},\"potentialAction\":[{\"@type\":\"SearchAction\",\"target\":{\"@type\":\"EntryPoint\",\"urlTemplate\":\"https:\\\/\\\/www.parisheure.com\\\/?s={search_term_string}\"},\"query-input\":{\"@type\":\"PropertyValueSpecification\",\"valueRequired\":true,\"valueName\":\"search_term_string\"}}],\"inLanguage\":\"en-US\"},{\"@type\":\"Organization\",\"@id\":\"https:\\\/\\\/www.parisheure.com\\\/#organization\",\"name\":\"PARIS HEURE\",\"url\":\"https:\\\/\\\/www.parisheure.com\\\/\",\"logo\":{\"@type\":\"ImageObject\",\"inLanguage\":\"en-US\",\"@id\":\"https:\\\/\\\/www.parisheure.com\\\/#\\\/schema\\\/logo\\\/image\\\/\",\"url\":\"https:\\\/\\\/www.parisheure.com\\\/wp-content\\\/uploads\\\/2021\\\/07\\\/cropped-logo-paris-heure.png\",\"contentUrl\":\"https:\\\/\\\/www.parisheure.com\\\/wp-content\\\/uploads\\\/2021\\\/07\\\/cropped-logo-paris-heure.png\",\"width\":512,\"height\":512,\"caption\":\"PARIS HEURE\"},\"image\":{\"@id\":\"https:\\\/\\\/www.parisheure.com\\\/#\\\/schema\\\/logo\\\/image\\\/\"},\"sameAs\":[\"https:\\\/\\\/www.facebook.com\\\/ParisHeure\",\"https:\\\/\\\/www.instagram.com\\\/parisheure\\\/\"]}]}<\/script>\n<!-- \/ Yoast SEO plugin. -->","yoast_head_json":{"title":"ROLEX DAYTONA REF 6265 BIG RED SILVER \u2022 PARIS HEURE","description":"Marque: Rolex Mod\u00e8le: Daytona Mouvement : Meca Valjoux 727 num\u00e9rot\u00e9 R\u00e9f\u00e9rence: 6265 Diam\u00e8tre : 37mm Ann\u00e9e: 1985 Serial : 870XXXX","robots":{"index":"index","follow":"follow","max-snippet":"max-snippet:-1","max-image-preview":"max-image-preview:large","max-video-preview":"max-video-preview:-1"},"canonical":"https:\/\/www.parisheure.com\/en\/buy-watch\/rolex-daytona-ref-6265-big-red-silver-from-1985\/","og_locale":"en_US","og_type":"article","og_title":"ROLEX DAYTONA REF 6265 BIG RED SILVER &#8226; PARIS HEURE","og_description":"Marque: Rolex Mod\u00e8le: Daytona Mouvement : Meca Valjoux 727 num\u00e9rot\u00e9 R\u00e9f\u00e9rence: 6265 Diam\u00e8tre : 37mm Ann\u00e9e: 1985 Serial : 870XXXX","og_url":"https:\/\/www.parisheure.com\/en\/buy-watch\/rolex-daytona-ref-6265-big-red-silver-from-1985\/","og_site_name":"PARIS HEURE","article_publisher":"https:\/\/www.facebook.com\/ParisHeure","article_modified_time":"2024-10-23T08:26:53+00:00","og_image":[{"width":2560,"height":2560,"url":"https:\/\/www.parisheure.com\/wp-content\/uploads\/2022\/07\/ROLEX-DAYTONA-REF-6265-BIG-RED-SILVER-FROM-1985-N\u00b0874XXXX-_0026_Calque-3-scaled.jpg","type":"image\/jpeg"}],"twitter_card":"summary_large_image","schema":{"@context":"https:\/\/schema.org","@graph":[{"@type":"WebPage","@id":"https:\/\/www.parisheure.com\/acheter-montre\/rolex-daytona-ref-6265-big-red-silver-from-1985\/","url":"https:\/\/www.parisheure.com\/acheter-montre\/rolex-daytona-ref-6265-big-red-silver-from-1985\/","name":"ROLEX DAYTONA REF 6265 BIG RED SILVER \u2022 PARIS HEURE","isPartOf":{"@id":"https:\/\/www.parisheure.com\/#website"},"primaryImageOfPage":{"@id":"https:\/\/www.parisheure.com\/acheter-montre\/rolex-daytona-ref-6265-big-red-silver-from-1985\/#primaryimage"},"image":{"@id":"https:\/\/www.parisheure.com\/acheter-montre\/rolex-daytona-ref-6265-big-red-silver-from-1985\/#primaryimage"},"thumbnailUrl":"https:\/\/www.parisheure.com\/wp-content\/uploads\/2022\/07\/ROLEX-DAYTONA-REF-6265-BIG-RED-SILVER-FROM-1985-N\u00b0874XXXX-_0026_Calque-3-scaled.jpg","datePublished":"2022-07-21T12:09:35+00:00","dateModified":"2024-10-23T08:26:53+00:00","description":"Marque: Rolex Mod\u00e8le: Daytona Mouvement : Meca Valjoux 727 num\u00e9rot\u00e9 R\u00e9f\u00e9rence: 6265 Diam\u00e8tre : 37mm Ann\u00e9e: 1985 Serial : 870XXXX","breadcrumb":{"@id":"https:\/\/www.parisheure.com\/acheter-montre\/rolex-daytona-ref-6265-big-red-silver-from-1985\/#breadcrumb"},"inLanguage":"en-US","potentialAction":[{"@type":"ReadAction","target":["https:\/\/www.parisheure.com\/acheter-montre\/rolex-daytona-ref-6265-big-red-silver-from-1985\/"]}]},{"@type":"ImageObject","inLanguage":"en-US","@id":"https:\/\/www.parisheure.com\/acheter-montre\/rolex-daytona-ref-6265-big-red-silver-from-1985\/#primaryimage","url":"https:\/\/www.parisheure.com\/wp-content\/uploads\/2022\/07\/ROLEX-DAYTONA-REF-6265-BIG-RED-SILVER-FROM-1985-N\u00b0874XXXX-_0026_Calque-3-scaled.jpg","contentUrl":"https:\/\/www.parisheure.com\/wp-content\/uploads\/2022\/07\/ROLEX-DAYTONA-REF-6265-BIG-RED-SILVER-FROM-1985-N\u00b0874XXXX-_0026_Calque-3-scaled.jpg","width":2560,"height":2560},{"@type":"BreadcrumbList","@id":"https:\/\/www.parisheure.com\/acheter-montre\/rolex-daytona-ref-6265-big-red-silver-from-1985\/#breadcrumb","itemListElement":[{"@type":"ListItem","position":1,"name":"Accueil","item":"https:\/\/www.parisheure.com\/"},{"@type":"ListItem","position":2,"name":"WATCHES","item":"https:\/\/www.parisheure.com\/"},{"@type":"ListItem","position":3,"name":"ROLEX DAYTONA REF 6265 BIG RED SILVER FROM 1985"}]},{"@type":"WebSite","@id":"https:\/\/www.parisheure.com\/#website","url":"https:\/\/www.parisheure.com\/","name":"PARIS HEURE","description":"Vintage watches Paris","publisher":{"@id":"https:\/\/www.parisheure.com\/#organization"},"potentialAction":[{"@type":"SearchAction","target":{"@type":"EntryPoint","urlTemplate":"https:\/\/www.parisheure.com\/?s={search_term_string}"},"query-input":{"@type":"PropertyValueSpecification","valueRequired":true,"valueName":"search_term_string"}}],"inLanguage":"en-US"},{"@type":"Organization","@id":"https:\/\/www.parisheure.com\/#organization","name":"PARIS HEURE","url":"https:\/\/www.parisheure.com\/","logo":{"@type":"ImageObject","inLanguage":"en-US","@id":"https:\/\/www.parisheure.com\/#\/schema\/logo\/image\/","url":"https:\/\/www.parisheure.com\/wp-content\/uploads\/2021\/07\/cropped-logo-paris-heure.png","contentUrl":"https:\/\/www.parisheure.com\/wp-content\/uploads\/2021\/07\/cropped-logo-paris-heure.png","width":512,"height":512,"caption":"PARIS HEURE"},"image":{"@id":"https:\/\/www.parisheure.com\/#\/schema\/logo\/image\/"},"sameAs":["https:\/\/www.facebook.com\/ParisHeure","https:\/\/www.instagram.com\/parisheure\/"]}]}},"jetpack_sharing_enabled":true,"brands":[{"id":432,"name":"Rolex","slug":"rolex"}],"_links":{"self":[{"href":"https:\/\/www.parisheure.com\/en\/wp-json\/wp\/v2\/product\/11482","targetHints":{"allow":["GET"]}}],"collection":[{"href":"https:\/\/www.parisheure.com\/en\/wp-json\/wp\/v2\/product"}],"about":[{"href":"https:\/\/www.parisheure.com\/en\/wp-json\/wp\/v2\/types\/product"}],"version-history":[{"count":1,"href":"https:\/\/www.parisheure.com\/en\/wp-json\/wp\/v2\/product\/11482\/revisions"}],"predecessor-version":[{"id":14157,"href":"https:\/\/www.parisheure.com\/en\/wp-json\/wp\/v2\/product\/11482\/revisions\/14157"}],"wp:featuredmedia":[{"embeddable":true,"href":"https:\/\/www.parisheure.com\/en\/wp-json\/wp\/v2\/media\/11509"}],"wp:attachment":[{"href":"https:\/\/www.parisheure.com\/en\/wp-json\/wp\/v2\/media?parent=11482"}],"wp:term":[{"taxonomy":"pwb-brand","embeddable":true,"href":"https:\/\/www.parisheure.com\/en\/wp-json\/wp\/v2\/pwb-brand?post=11482"},{"taxonomy":"product_brand","embeddable":true,"href":"https:\/\/www.parisheure.com\/en\/wp-json\/wp\/v2\/product_brand?post=11482"},{"taxonomy":"product_cat","embeddable":true,"href":"https:\/\/www.parisheure.com\/en\/wp-json\/wp\/v2\/product_cat?post=11482"},{"taxonomy":"product_tag","embeddable":true,"href":"https:\/\/www.parisheure.com\/en\/wp-json\/wp\/v2\/product_tag?post=11482"}],"curies":[{"name":"wp","href":"https:\/\/api.w.org\/{rel}","templated":true}]}}