{"id":11512,"date":"2022-07-21T14:19:41","date_gmt":"2022-07-21T12:19:41","guid":{"rendered":"https:\/\/www.parisheure.com\/?post_type=product&#038;p=11512"},"modified":"2024-10-23T10:26:17","modified_gmt":"2024-10-23T08:26:17","slug":"rolex-submariner-hulk-ref-116610lv-full-set-from-2012","status":"publish","type":"product","link":"https:\/\/www.parisheure.com\/en\/buy-watch\/rolex-submariner-hulk-ref-116610lv-full-set-from-2012\/","title":{"rendered":"ROLEX SUBMARINER HULK REF 116610LV FULL SET from 2012"},"content":{"rendered":"<p><strong>Our opinion:<\/strong> Le grand classique intemporel Rolex le must have de la montre de plong\u00e9e: La Submariner date Acier. Ce mod\u00e8le est le dernier mod\u00e8le Submariner avec le cadran vert et lunette verte \u00ab\u00a0la HULK\u00a0\u00bb, remplac\u00e9e aujourd\u2019hui par uniquement une lunette verte en c\u00e9ramique et un cadran noir. Derni\u00e8rement Phillips en a vendu une neuve 94 500$ et Sotheby\u2019s 52 920 CHF. Celle-ci est livr\u00e9e avec sa boite et sa carte de garantie d\u2019origines, la montre est parfaite surement jamais polie de 2012 tout d\u2019origine cadran aiguilles lunette ! Montre en parfait \u00e9tat. Une vraie valeur d\u2019investissement.<\/p>","protected":false},"excerpt":{"rendered":"<p><strong>Brand:<\/strong>\u00a0Rolex<\/p>\n<p><strong>Model:<\/strong>\u00a0Submariner<\/p>\n<p><strong>Movement\u00a0: <\/strong>Auto cal 3135<\/p>\n<p><strong>Reference:<\/strong>\u00a0116610LV<\/p>\n<p><strong>Diameter\u00a0: <\/strong>40mm<\/p>\n<p><strong>Year:<\/strong>\u00a02012<\/p>\n<p><strong>Serial : <\/strong>45TXXXX<\/p>\n<p><strong>Case:<\/strong>\u00a0Beau boitier tr\u00e8s \u00e9pais surement jamais polie avec des angles parfaits et son aspect d\u2019origine. Lunette verte c\u00e9ramique en parfait \u00e9tat. Pas de chocs visibles importants. La montre est peu port\u00e9e.<\/p>\n<p><strong>Dial:<\/strong>\u00a0Beautiful original green dial. Dial without any defects. Hands are also in perfect, original condition.<\/p>\n<p><strong>Bracelet :<\/strong> Original Rolex steel ref 97200 8RC clasp code 8EX<\/p>\n<p><strong>Accessories: <\/strong>Boite et carte de garantie d\u2019origines de 2012 ITALIE<\/p>","protected":false},"featured_media":11538,"template":"","meta":[],"pwb-brand":[432],"product_brand":[],"product_cat":[107,367,90,244],"product_tag":[338,339,106,292,127,135],"class_list":{"0":"post-11512","1":"product","2":"type-product","3":"status-publish","4":"has-post-thumbnail","6":"pwb-brand-rolex","7":"product_cat-archives","8":"product_cat-montres-paris-heure","9":"product_cat-rolex","10":"product_cat-rolex-submariner","11":"product_tag-16610lv","12":"product_tag-339","13":"product_tag-full-set","14":"product_tag-hulk","15":"product_tag-rolex","16":"product_tag-submariner","18":"first","19":"outofstock","20":"shipping-taxable","21":"product-type-simple"},"yoast_head":"<!-- This site is optimized with the Yoast SEO plugin v27.5 - https:\/\/yoast.com\/product\/yoast-seo-wordpress\/ -->\n<title>ROLEX SUBMARINER HULK REF 116610LV FULL SET &#8226; PARIS HEURE<\/title>\n<meta name=\"description\" content=\"Marque: Rolex Mod\u00e8le: Submariner Mouvement : Auto cal 3135 R\u00e9f\u00e9rence: 116610LV Diam\u00e8tre : 40mm Ann\u00e9e: 2012 Serial : 45TXXXX\" \/>\n<meta name=\"robots\" content=\"index, follow, max-snippet:-1, max-image-preview:large, max-video-preview:-1\" \/>\n<link rel=\"canonical\" href=\"https:\/\/www.parisheure.com\/en\/buy-watch\/rolex-submariner-hulk-ref-116610lv-full-set-from-2012\/\" \/>\n<meta property=\"og:locale\" content=\"en_US\" \/>\n<meta property=\"og:type\" content=\"article\" \/>\n<meta property=\"og:title\" content=\"ROLEX SUBMARINER HULK REF 116610LV FULL SET &#8226; PARIS HEURE\" \/>\n<meta property=\"og:description\" content=\"Marque: Rolex Mod\u00e8le: Submariner Mouvement : Auto cal 3135 R\u00e9f\u00e9rence: 116610LV Diam\u00e8tre : 40mm Ann\u00e9e: 2012 Serial : 45TXXXX\" \/>\n<meta property=\"og:url\" content=\"https:\/\/www.parisheure.com\/en\/buy-watch\/rolex-submariner-hulk-ref-116610lv-full-set-from-2012\/\" \/>\n<meta property=\"og:site_name\" content=\"PARIS HEURE\" \/>\n<meta property=\"article:publisher\" content=\"https:\/\/www.facebook.com\/ParisHeure\" \/>\n<meta property=\"article:modified_time\" content=\"2024-10-23T08:26:17+00:00\" \/>\n<meta property=\"og:image\" content=\"https:\/\/www.parisheure.com\/wp-content\/uploads\/2022\/07\/ROLEX-SUBMARINER-REF-116610-LV-HULK-FROM-2012-N\u00b0G267XXX_0012_Calque-2-scaled.jpg\" \/>\n\t<meta property=\"og:image:width\" content=\"2560\" \/>\n\t<meta property=\"og:image:height\" content=\"2560\" \/>\n\t<meta property=\"og:image:type\" content=\"image\/jpeg\" \/>\n<meta name=\"twitter:card\" content=\"summary_large_image\" \/>\n<script type=\"application\/ld+json\" class=\"yoast-schema-graph\">{\"@context\":\"https:\\\/\\\/schema.org\",\"@graph\":[{\"@type\":\"WebPage\",\"@id\":\"https:\\\/\\\/www.parisheure.com\\\/acheter-montre\\\/rolex-submariner-hulk-ref-116610lv-full-set-from-2012\\\/\",\"url\":\"https:\\\/\\\/www.parisheure.com\\\/acheter-montre\\\/rolex-submariner-hulk-ref-116610lv-full-set-from-2012\\\/\",\"name\":\"ROLEX SUBMARINER HULK REF 116610LV FULL SET &#8226; PARIS HEURE\",\"isPartOf\":{\"@id\":\"https:\\\/\\\/www.parisheure.com\\\/#website\"},\"primaryImageOfPage\":{\"@id\":\"https:\\\/\\\/www.parisheure.com\\\/acheter-montre\\\/rolex-submariner-hulk-ref-116610lv-full-set-from-2012\\\/#primaryimage\"},\"image\":{\"@id\":\"https:\\\/\\\/www.parisheure.com\\\/acheter-montre\\\/rolex-submariner-hulk-ref-116610lv-full-set-from-2012\\\/#primaryimage\"},\"thumbnailUrl\":\"https:\\\/\\\/www.parisheure.com\\\/wp-content\\\/uploads\\\/2022\\\/07\\\/ROLEX-SUBMARINER-REF-116610-LV-HULK-FROM-2012-N\u00b0G267XXX_0012_Calque-2-scaled.jpg\",\"datePublished\":\"2022-07-21T12:19:41+00:00\",\"dateModified\":\"2024-10-23T08:26:17+00:00\",\"description\":\"Marque: Rolex Mod\u00e8le: Submariner Mouvement : Auto cal 3135 R\u00e9f\u00e9rence: 116610LV Diam\u00e8tre : 40mm Ann\u00e9e: 2012 Serial : 45TXXXX\",\"breadcrumb\":{\"@id\":\"https:\\\/\\\/www.parisheure.com\\\/acheter-montre\\\/rolex-submariner-hulk-ref-116610lv-full-set-from-2012\\\/#breadcrumb\"},\"inLanguage\":\"en-US\",\"potentialAction\":[{\"@type\":\"ReadAction\",\"target\":[\"https:\\\/\\\/www.parisheure.com\\\/acheter-montre\\\/rolex-submariner-hulk-ref-116610lv-full-set-from-2012\\\/\"]}]},{\"@type\":\"ImageObject\",\"inLanguage\":\"en-US\",\"@id\":\"https:\\\/\\\/www.parisheure.com\\\/acheter-montre\\\/rolex-submariner-hulk-ref-116610lv-full-set-from-2012\\\/#primaryimage\",\"url\":\"https:\\\/\\\/www.parisheure.com\\\/wp-content\\\/uploads\\\/2022\\\/07\\\/ROLEX-SUBMARINER-REF-116610-LV-HULK-FROM-2012-N\u00b0G267XXX_0012_Calque-2-scaled.jpg\",\"contentUrl\":\"https:\\\/\\\/www.parisheure.com\\\/wp-content\\\/uploads\\\/2022\\\/07\\\/ROLEX-SUBMARINER-REF-116610-LV-HULK-FROM-2012-N\u00b0G267XXX_0012_Calque-2-scaled.jpg\",\"width\":2560,\"height\":2560,\"caption\":\"ROLEX SUBMARINER REF 116610 LV HULK VUE DE FACE\"},{\"@type\":\"BreadcrumbList\",\"@id\":\"https:\\\/\\\/www.parisheure.com\\\/acheter-montre\\\/rolex-submariner-hulk-ref-116610lv-full-set-from-2012\\\/#breadcrumb\",\"itemListElement\":[{\"@type\":\"ListItem\",\"position\":1,\"name\":\"Accueil\",\"item\":\"https:\\\/\\\/www.parisheure.com\\\/\"},{\"@type\":\"ListItem\",\"position\":2,\"name\":\"WATCHES\",\"item\":\"https:\\\/\\\/www.parisheure.com\\\/\"},{\"@type\":\"ListItem\",\"position\":3,\"name\":\"ROLEX SUBMARINER HULK REF 116610LV FULL SET from 2012\"}]},{\"@type\":\"WebSite\",\"@id\":\"https:\\\/\\\/www.parisheure.com\\\/#website\",\"url\":\"https:\\\/\\\/www.parisheure.com\\\/\",\"name\":\"PARIS HEURE\",\"description\":\"Vintage watches Paris\",\"publisher\":{\"@id\":\"https:\\\/\\\/www.parisheure.com\\\/#organization\"},\"potentialAction\":[{\"@type\":\"SearchAction\",\"target\":{\"@type\":\"EntryPoint\",\"urlTemplate\":\"https:\\\/\\\/www.parisheure.com\\\/?s={search_term_string}\"},\"query-input\":{\"@type\":\"PropertyValueSpecification\",\"valueRequired\":true,\"valueName\":\"search_term_string\"}}],\"inLanguage\":\"en-US\"},{\"@type\":\"Organization\",\"@id\":\"https:\\\/\\\/www.parisheure.com\\\/#organization\",\"name\":\"PARIS HEURE\",\"url\":\"https:\\\/\\\/www.parisheure.com\\\/\",\"logo\":{\"@type\":\"ImageObject\",\"inLanguage\":\"en-US\",\"@id\":\"https:\\\/\\\/www.parisheure.com\\\/#\\\/schema\\\/logo\\\/image\\\/\",\"url\":\"https:\\\/\\\/www.parisheure.com\\\/wp-content\\\/uploads\\\/2021\\\/07\\\/cropped-logo-paris-heure.png\",\"contentUrl\":\"https:\\\/\\\/www.parisheure.com\\\/wp-content\\\/uploads\\\/2021\\\/07\\\/cropped-logo-paris-heure.png\",\"width\":512,\"height\":512,\"caption\":\"PARIS HEURE\"},\"image\":{\"@id\":\"https:\\\/\\\/www.parisheure.com\\\/#\\\/schema\\\/logo\\\/image\\\/\"},\"sameAs\":[\"https:\\\/\\\/www.facebook.com\\\/ParisHeure\",\"https:\\\/\\\/www.instagram.com\\\/parisheure\\\/\"]}]}<\/script>\n<!-- \/ Yoast SEO plugin. -->","yoast_head_json":{"title":"ROLEX SUBMARINER HULK REF 116610LV FULL SET \u2022 PARIS HEURE","description":"Marque: Rolex Mod\u00e8le: Submariner Mouvement : Auto cal 3135 R\u00e9f\u00e9rence: 116610LV Diam\u00e8tre : 40mm Ann\u00e9e: 2012 Serial : 45TXXXX","robots":{"index":"index","follow":"follow","max-snippet":"max-snippet:-1","max-image-preview":"max-image-preview:large","max-video-preview":"max-video-preview:-1"},"canonical":"https:\/\/www.parisheure.com\/en\/buy-watch\/rolex-submariner-hulk-ref-116610lv-full-set-from-2012\/","og_locale":"en_US","og_type":"article","og_title":"ROLEX SUBMARINER HULK REF 116610LV FULL SET &#8226; PARIS HEURE","og_description":"Marque: Rolex Mod\u00e8le: Submariner Mouvement : Auto cal 3135 R\u00e9f\u00e9rence: 116610LV Diam\u00e8tre : 40mm Ann\u00e9e: 2012 Serial : 45TXXXX","og_url":"https:\/\/www.parisheure.com\/en\/buy-watch\/rolex-submariner-hulk-ref-116610lv-full-set-from-2012\/","og_site_name":"PARIS HEURE","article_publisher":"https:\/\/www.facebook.com\/ParisHeure","article_modified_time":"2024-10-23T08:26:17+00:00","og_image":[{"width":2560,"height":2560,"url":"https:\/\/www.parisheure.com\/wp-content\/uploads\/2022\/07\/ROLEX-SUBMARINER-REF-116610-LV-HULK-FROM-2012-N\u00b0G267XXX_0012_Calque-2-scaled.jpg","type":"image\/jpeg"}],"twitter_card":"summary_large_image","schema":{"@context":"https:\/\/schema.org","@graph":[{"@type":"WebPage","@id":"https:\/\/www.parisheure.com\/acheter-montre\/rolex-submariner-hulk-ref-116610lv-full-set-from-2012\/","url":"https:\/\/www.parisheure.com\/acheter-montre\/rolex-submariner-hulk-ref-116610lv-full-set-from-2012\/","name":"ROLEX SUBMARINER HULK REF 116610LV FULL SET \u2022 PARIS HEURE","isPartOf":{"@id":"https:\/\/www.parisheure.com\/#website"},"primaryImageOfPage":{"@id":"https:\/\/www.parisheure.com\/acheter-montre\/rolex-submariner-hulk-ref-116610lv-full-set-from-2012\/#primaryimage"},"image":{"@id":"https:\/\/www.parisheure.com\/acheter-montre\/rolex-submariner-hulk-ref-116610lv-full-set-from-2012\/#primaryimage"},"thumbnailUrl":"https:\/\/www.parisheure.com\/wp-content\/uploads\/2022\/07\/ROLEX-SUBMARINER-REF-116610-LV-HULK-FROM-2012-N\u00b0G267XXX_0012_Calque-2-scaled.jpg","datePublished":"2022-07-21T12:19:41+00:00","dateModified":"2024-10-23T08:26:17+00:00","description":"Marque: Rolex Mod\u00e8le: Submariner Mouvement : Auto cal 3135 R\u00e9f\u00e9rence: 116610LV Diam\u00e8tre : 40mm Ann\u00e9e: 2012 Serial : 45TXXXX","breadcrumb":{"@id":"https:\/\/www.parisheure.com\/acheter-montre\/rolex-submariner-hulk-ref-116610lv-full-set-from-2012\/#breadcrumb"},"inLanguage":"en-US","potentialAction":[{"@type":"ReadAction","target":["https:\/\/www.parisheure.com\/acheter-montre\/rolex-submariner-hulk-ref-116610lv-full-set-from-2012\/"]}]},{"@type":"ImageObject","inLanguage":"en-US","@id":"https:\/\/www.parisheure.com\/acheter-montre\/rolex-submariner-hulk-ref-116610lv-full-set-from-2012\/#primaryimage","url":"https:\/\/www.parisheure.com\/wp-content\/uploads\/2022\/07\/ROLEX-SUBMARINER-REF-116610-LV-HULK-FROM-2012-N\u00b0G267XXX_0012_Calque-2-scaled.jpg","contentUrl":"https:\/\/www.parisheure.com\/wp-content\/uploads\/2022\/07\/ROLEX-SUBMARINER-REF-116610-LV-HULK-FROM-2012-N\u00b0G267XXX_0012_Calque-2-scaled.jpg","width":2560,"height":2560,"caption":"ROLEX SUBMARINER REF 116610 LV HULK VUE DE FACE"},{"@type":"BreadcrumbList","@id":"https:\/\/www.parisheure.com\/acheter-montre\/rolex-submariner-hulk-ref-116610lv-full-set-from-2012\/#breadcrumb","itemListElement":[{"@type":"ListItem","position":1,"name":"Accueil","item":"https:\/\/www.parisheure.com\/"},{"@type":"ListItem","position":2,"name":"WATCHES","item":"https:\/\/www.parisheure.com\/"},{"@type":"ListItem","position":3,"name":"ROLEX SUBMARINER HULK REF 116610LV FULL SET from 2012"}]},{"@type":"WebSite","@id":"https:\/\/www.parisheure.com\/#website","url":"https:\/\/www.parisheure.com\/","name":"PARIS HEURE","description":"Vintage watches Paris","publisher":{"@id":"https:\/\/www.parisheure.com\/#organization"},"potentialAction":[{"@type":"SearchAction","target":{"@type":"EntryPoint","urlTemplate":"https:\/\/www.parisheure.com\/?s={search_term_string}"},"query-input":{"@type":"PropertyValueSpecification","valueRequired":true,"valueName":"search_term_string"}}],"inLanguage":"en-US"},{"@type":"Organization","@id":"https:\/\/www.parisheure.com\/#organization","name":"PARIS HEURE","url":"https:\/\/www.parisheure.com\/","logo":{"@type":"ImageObject","inLanguage":"en-US","@id":"https:\/\/www.parisheure.com\/#\/schema\/logo\/image\/","url":"https:\/\/www.parisheure.com\/wp-content\/uploads\/2021\/07\/cropped-logo-paris-heure.png","contentUrl":"https:\/\/www.parisheure.com\/wp-content\/uploads\/2021\/07\/cropped-logo-paris-heure.png","width":512,"height":512,"caption":"PARIS HEURE"},"image":{"@id":"https:\/\/www.parisheure.com\/#\/schema\/logo\/image\/"},"sameAs":["https:\/\/www.facebook.com\/ParisHeure","https:\/\/www.instagram.com\/parisheure\/"]}]}},"jetpack_sharing_enabled":true,"brands":[{"id":432,"name":"Rolex","slug":"rolex"}],"_links":{"self":[{"href":"https:\/\/www.parisheure.com\/en\/wp-json\/wp\/v2\/product\/11512","targetHints":{"allow":["GET"]}}],"collection":[{"href":"https:\/\/www.parisheure.com\/en\/wp-json\/wp\/v2\/product"}],"about":[{"href":"https:\/\/www.parisheure.com\/en\/wp-json\/wp\/v2\/types\/product"}],"version-history":[{"count":1,"href":"https:\/\/www.parisheure.com\/en\/wp-json\/wp\/v2\/product\/11512\/revisions"}],"predecessor-version":[{"id":14152,"href":"https:\/\/www.parisheure.com\/en\/wp-json\/wp\/v2\/product\/11512\/revisions\/14152"}],"wp:featuredmedia":[{"embeddable":true,"href":"https:\/\/www.parisheure.com\/en\/wp-json\/wp\/v2\/media\/11538"}],"wp:attachment":[{"href":"https:\/\/www.parisheure.com\/en\/wp-json\/wp\/v2\/media?parent=11512"}],"wp:term":[{"taxonomy":"pwb-brand","embeddable":true,"href":"https:\/\/www.parisheure.com\/en\/wp-json\/wp\/v2\/pwb-brand?post=11512"},{"taxonomy":"product_brand","embeddable":true,"href":"https:\/\/www.parisheure.com\/en\/wp-json\/wp\/v2\/product_brand?post=11512"},{"taxonomy":"product_cat","embeddable":true,"href":"https:\/\/www.parisheure.com\/en\/wp-json\/wp\/v2\/product_cat?post=11512"},{"taxonomy":"product_tag","embeddable":true,"href":"https:\/\/www.parisheure.com\/en\/wp-json\/wp\/v2\/product_tag?post=11512"}],"curies":[{"name":"wp","href":"https:\/\/api.w.org\/{rel}","templated":true}]}}