{"id":11605,"date":"2022-09-22T13:39:08","date_gmt":"2022-09-22T11:39:08","guid":{"rendered":"https:\/\/www.parisheure.com\/?post_type=product&#038;p=11605"},"modified":"2024-10-23T10:29:07","modified_gmt":"2024-10-23T08:29:07","slug":"rolex-submariner-ref-5513-serif-dial-nice-patina-from-1978","status":"publish","type":"product","link":"https:\/\/www.parisheure.com\/en\/buy-watch\/rolex-submariner-ref-5513-serif-dial-nice-patina-from-1978\/","title":{"rendered":"ROLEX SUBMARINER REF 5513 SERIF DIAL NICE PATINA from 1978"},"content":{"rendered":"<p><strong>Our opinion:<\/strong> Un tr\u00e8s beau et rare exemplaire de la Submariner vintage r\u00e9f\u00e9rence 5513, tr\u00e8s beau cadran avec une belle patine PUMPKIN, bracelet acier blind\u00e9 et mouvement en parfait \u00e9tat de fonctionnement. La montre est en parfait \u00e9tat peu polie Aiguilles et cadrans d\u2019origine. Tr\u00e8s bel insert bleut\u00e9 fat font.<\/p>","protected":false},"excerpt":{"rendered":"<p><strong>Brand:<\/strong>\u00a0Rolex<\/p>\n<p><strong>Model:<\/strong>\u00a0Submariner<\/p>\n<p><strong>Movement\u00a0: <\/strong>Auto cal 1520<\/p>\n<p><strong>Reference:<\/strong>\u00a05513<\/p>\n<p><strong>Diameter\u00a0: <\/strong>40mm<\/p>\n<p><strong>Year:<\/strong>\u00a01978<\/p>\n<p><strong>Serial : <\/strong>560XXXX<\/p>\n<p><strong>Case:<\/strong>\u00a0Beau boitier encore \u00e9pais et des chanfreins encore visible. Lunette en parfait \u00e9tat. Insert d\u2019origine fat font superbe patine bleut\u00e9e. Aucuns chocs visibles<\/p>\n<p><strong>Dial:<\/strong>\u00a0Beau cadran d\u2019origine serif dial avec une tr\u00e8s belle patine homog\u00e8ne tournant a l\u2019orang\u00e9 ou encore PUMPKIN. Tr\u00e8s bel ensemble g\u00e9n\u00e9ral. Cadran en parfait \u00e9tat avec aucuns d\u00e9fauts. Les aiguilles plus fonc\u00e9es que la patine des indexes.<\/p>\n<p><strong>Bracelet :<\/strong> Acier Rolex blind\u00e9 d\u2019origine ref 93150 endlink 580 clasp code VC de 1978.<\/p>\n<p><strong>Accessories: <\/strong>None<\/p>","protected":false},"featured_media":11630,"template":"","meta":[],"pwb-brand":[432],"product_brand":[],"product_cat":[107,367,90,244],"product_tag":[346,127,345,344],"class_list":{"0":"post-11605","1":"product","2":"type-product","3":"status-publish","4":"has-post-thumbnail","6":"pwb-brand-rolex","7":"product_cat-archives","8":"product_cat-montres-paris-heure","9":"product_cat-rolex","10":"product_cat-rolex-submariner","11":"product_tag-346","12":"product_tag-rolex","13":"product_tag-serif-dial","14":"product_tag-vintage-5513","16":"first","17":"outofstock","18":"shipping-taxable","19":"product-type-simple"},"yoast_head":"<!-- This site is optimized with the Yoast SEO plugin v27.5 - https:\/\/yoast.com\/product\/yoast-seo-wordpress\/ -->\n<title>ROLEX SUBMARINER REF 5513 SERIF DIAL NICE PATINA from 1978 &#8226; PARIS HEURE<\/title>\n<meta name=\"description\" content=\"Marque: Rolex Mod\u00e8le: Submariner Mouvement : Auto 1520 R\u00e9f\u00e9rence: 5513 Diam\u00e8tre : 40mm Ann\u00e9e: 1978 Serial : 560XXXX Tr\u00e8s bel exemplaire de Submariner r\u00e9f 5513\" \/>\n<meta name=\"robots\" content=\"index, follow, max-snippet:-1, max-image-preview:large, max-video-preview:-1\" \/>\n<link rel=\"canonical\" href=\"https:\/\/www.parisheure.com\/en\/buy-watch\/rolex-submariner-ref-5513-serif-dial-nice-patina-from-1978\/\" \/>\n<meta property=\"og:locale\" content=\"en_US\" \/>\n<meta property=\"og:type\" content=\"article\" \/>\n<meta property=\"og:title\" content=\"ROLEX SUBMARINER REF 5513 SERIF DIAL NICE PATINA from 1978 &#8226; PARIS HEURE\" \/>\n<meta property=\"og:description\" content=\"Marque: Rolex Mod\u00e8le: Submariner Mouvement : Auto 1520 R\u00e9f\u00e9rence: 5513 Diam\u00e8tre : 40mm Ann\u00e9e: 1978 Serial : 560XXXX Tr\u00e8s bel exemplaire de Submariner r\u00e9f 5513\" \/>\n<meta property=\"og:url\" content=\"https:\/\/www.parisheure.com\/en\/buy-watch\/rolex-submariner-ref-5513-serif-dial-nice-patina-from-1978\/\" \/>\n<meta property=\"og:site_name\" content=\"PARIS HEURE\" \/>\n<meta property=\"article:publisher\" content=\"https:\/\/www.facebook.com\/ParisHeure\" \/>\n<meta property=\"article:modified_time\" content=\"2024-10-23T08:29:07+00:00\" \/>\n<meta property=\"og:image\" content=\"https:\/\/www.parisheure.com\/wp-content\/uploads\/2022\/09\/ROLEX-SUBMARINER-REF-5513-SERIF-DIAL-YELLOW-PATINA-FROM-1978-N\u00b0560XXXX-_0024_Calque-2-scaled.jpg\" \/>\n\t<meta property=\"og:image:width\" content=\"2560\" \/>\n\t<meta property=\"og:image:height\" content=\"2560\" \/>\n\t<meta property=\"og:image:type\" content=\"image\/jpeg\" \/>\n<meta name=\"twitter:card\" content=\"summary_large_image\" \/>\n<script type=\"application\/ld+json\" class=\"yoast-schema-graph\">{\"@context\":\"https:\\\/\\\/schema.org\",\"@graph\":[{\"@type\":\"WebPage\",\"@id\":\"https:\\\/\\\/www.parisheure.com\\\/acheter-montre\\\/rolex-submariner-ref-5513-serif-dial-nice-patina-from-1978\\\/\",\"url\":\"https:\\\/\\\/www.parisheure.com\\\/acheter-montre\\\/rolex-submariner-ref-5513-serif-dial-nice-patina-from-1978\\\/\",\"name\":\"ROLEX SUBMARINER REF 5513 SERIF DIAL NICE PATINA from 1978 &#8226; PARIS HEURE\",\"isPartOf\":{\"@id\":\"https:\\\/\\\/www.parisheure.com\\\/#website\"},\"primaryImageOfPage\":{\"@id\":\"https:\\\/\\\/www.parisheure.com\\\/acheter-montre\\\/rolex-submariner-ref-5513-serif-dial-nice-patina-from-1978\\\/#primaryimage\"},\"image\":{\"@id\":\"https:\\\/\\\/www.parisheure.com\\\/acheter-montre\\\/rolex-submariner-ref-5513-serif-dial-nice-patina-from-1978\\\/#primaryimage\"},\"thumbnailUrl\":\"https:\\\/\\\/www.parisheure.com\\\/wp-content\\\/uploads\\\/2022\\\/09\\\/ROLEX-SUBMARINER-REF-5513-SERIF-DIAL-YELLOW-PATINA-FROM-1978-N\u00b0560XXXX-_0024_Calque-2-scaled.jpg\",\"datePublished\":\"2022-09-22T11:39:08+00:00\",\"dateModified\":\"2024-10-23T08:29:07+00:00\",\"description\":\"Marque: Rolex Mod\u00e8le: Submariner Mouvement : Auto 1520 R\u00e9f\u00e9rence: 5513 Diam\u00e8tre : 40mm Ann\u00e9e: 1978 Serial : 560XXXX Tr\u00e8s bel exemplaire de Submariner r\u00e9f 5513\",\"breadcrumb\":{\"@id\":\"https:\\\/\\\/www.parisheure.com\\\/acheter-montre\\\/rolex-submariner-ref-5513-serif-dial-nice-patina-from-1978\\\/#breadcrumb\"},\"inLanguage\":\"en-US\",\"potentialAction\":[{\"@type\":\"ReadAction\",\"target\":[\"https:\\\/\\\/www.parisheure.com\\\/acheter-montre\\\/rolex-submariner-ref-5513-serif-dial-nice-patina-from-1978\\\/\"]}]},{\"@type\":\"ImageObject\",\"inLanguage\":\"en-US\",\"@id\":\"https:\\\/\\\/www.parisheure.com\\\/acheter-montre\\\/rolex-submariner-ref-5513-serif-dial-nice-patina-from-1978\\\/#primaryimage\",\"url\":\"https:\\\/\\\/www.parisheure.com\\\/wp-content\\\/uploads\\\/2022\\\/09\\\/ROLEX-SUBMARINER-REF-5513-SERIF-DIAL-YELLOW-PATINA-FROM-1978-N\u00b0560XXXX-_0024_Calque-2-scaled.jpg\",\"contentUrl\":\"https:\\\/\\\/www.parisheure.com\\\/wp-content\\\/uploads\\\/2022\\\/09\\\/ROLEX-SUBMARINER-REF-5513-SERIF-DIAL-YELLOW-PATINA-FROM-1978-N\u00b0560XXXX-_0024_Calque-2-scaled.jpg\",\"width\":2560,\"height\":2560},{\"@type\":\"BreadcrumbList\",\"@id\":\"https:\\\/\\\/www.parisheure.com\\\/acheter-montre\\\/rolex-submariner-ref-5513-serif-dial-nice-patina-from-1978\\\/#breadcrumb\",\"itemListElement\":[{\"@type\":\"ListItem\",\"position\":1,\"name\":\"Accueil\",\"item\":\"https:\\\/\\\/www.parisheure.com\\\/\"},{\"@type\":\"ListItem\",\"position\":2,\"name\":\"WATCHES\",\"item\":\"https:\\\/\\\/www.parisheure.com\\\/\"},{\"@type\":\"ListItem\",\"position\":3,\"name\":\"ROLEX SUBMARINER REF 5513 SERIF DIAL NICE PATINA from 1978\"}]},{\"@type\":\"WebSite\",\"@id\":\"https:\\\/\\\/www.parisheure.com\\\/#website\",\"url\":\"https:\\\/\\\/www.parisheure.com\\\/\",\"name\":\"PARIS HEURE\",\"description\":\"Vintage watches Paris\",\"publisher\":{\"@id\":\"https:\\\/\\\/www.parisheure.com\\\/#organization\"},\"potentialAction\":[{\"@type\":\"SearchAction\",\"target\":{\"@type\":\"EntryPoint\",\"urlTemplate\":\"https:\\\/\\\/www.parisheure.com\\\/?s={search_term_string}\"},\"query-input\":{\"@type\":\"PropertyValueSpecification\",\"valueRequired\":true,\"valueName\":\"search_term_string\"}}],\"inLanguage\":\"en-US\"},{\"@type\":\"Organization\",\"@id\":\"https:\\\/\\\/www.parisheure.com\\\/#organization\",\"name\":\"PARIS HEURE\",\"url\":\"https:\\\/\\\/www.parisheure.com\\\/\",\"logo\":{\"@type\":\"ImageObject\",\"inLanguage\":\"en-US\",\"@id\":\"https:\\\/\\\/www.parisheure.com\\\/#\\\/schema\\\/logo\\\/image\\\/\",\"url\":\"https:\\\/\\\/www.parisheure.com\\\/wp-content\\\/uploads\\\/2021\\\/07\\\/cropped-logo-paris-heure.png\",\"contentUrl\":\"https:\\\/\\\/www.parisheure.com\\\/wp-content\\\/uploads\\\/2021\\\/07\\\/cropped-logo-paris-heure.png\",\"width\":512,\"height\":512,\"caption\":\"PARIS HEURE\"},\"image\":{\"@id\":\"https:\\\/\\\/www.parisheure.com\\\/#\\\/schema\\\/logo\\\/image\\\/\"},\"sameAs\":[\"https:\\\/\\\/www.facebook.com\\\/ParisHeure\",\"https:\\\/\\\/www.instagram.com\\\/parisheure\\\/\"]}]}<\/script>\n<!-- \/ Yoast SEO plugin. -->","yoast_head_json":{"title":"ROLEX SUBMARINER REF 5513 SERIF DIAL NICE PATINA from 1978 \u2022 PARIS HEURE","description":"Marque: Rolex Mod\u00e8le: Submariner Mouvement : Auto 1520 R\u00e9f\u00e9rence: 5513 Diam\u00e8tre : 40mm Ann\u00e9e: 1978 Serial : 560XXXX Tr\u00e8s bel exemplaire de Submariner r\u00e9f 5513","robots":{"index":"index","follow":"follow","max-snippet":"max-snippet:-1","max-image-preview":"max-image-preview:large","max-video-preview":"max-video-preview:-1"},"canonical":"https:\/\/www.parisheure.com\/en\/buy-watch\/rolex-submariner-ref-5513-serif-dial-nice-patina-from-1978\/","og_locale":"en_US","og_type":"article","og_title":"ROLEX SUBMARINER REF 5513 SERIF DIAL NICE PATINA from 1978 &#8226; PARIS HEURE","og_description":"Marque: Rolex Mod\u00e8le: Submariner Mouvement : Auto 1520 R\u00e9f\u00e9rence: 5513 Diam\u00e8tre : 40mm Ann\u00e9e: 1978 Serial : 560XXXX Tr\u00e8s bel exemplaire de Submariner r\u00e9f 5513","og_url":"https:\/\/www.parisheure.com\/en\/buy-watch\/rolex-submariner-ref-5513-serif-dial-nice-patina-from-1978\/","og_site_name":"PARIS HEURE","article_publisher":"https:\/\/www.facebook.com\/ParisHeure","article_modified_time":"2024-10-23T08:29:07+00:00","og_image":[{"width":2560,"height":2560,"url":"https:\/\/www.parisheure.com\/wp-content\/uploads\/2022\/09\/ROLEX-SUBMARINER-REF-5513-SERIF-DIAL-YELLOW-PATINA-FROM-1978-N\u00b0560XXXX-_0024_Calque-2-scaled.jpg","type":"image\/jpeg"}],"twitter_card":"summary_large_image","schema":{"@context":"https:\/\/schema.org","@graph":[{"@type":"WebPage","@id":"https:\/\/www.parisheure.com\/acheter-montre\/rolex-submariner-ref-5513-serif-dial-nice-patina-from-1978\/","url":"https:\/\/www.parisheure.com\/acheter-montre\/rolex-submariner-ref-5513-serif-dial-nice-patina-from-1978\/","name":"ROLEX SUBMARINER REF 5513 SERIF DIAL NICE PATINA from 1978 \u2022 PARIS HEURE","isPartOf":{"@id":"https:\/\/www.parisheure.com\/#website"},"primaryImageOfPage":{"@id":"https:\/\/www.parisheure.com\/acheter-montre\/rolex-submariner-ref-5513-serif-dial-nice-patina-from-1978\/#primaryimage"},"image":{"@id":"https:\/\/www.parisheure.com\/acheter-montre\/rolex-submariner-ref-5513-serif-dial-nice-patina-from-1978\/#primaryimage"},"thumbnailUrl":"https:\/\/www.parisheure.com\/wp-content\/uploads\/2022\/09\/ROLEX-SUBMARINER-REF-5513-SERIF-DIAL-YELLOW-PATINA-FROM-1978-N\u00b0560XXXX-_0024_Calque-2-scaled.jpg","datePublished":"2022-09-22T11:39:08+00:00","dateModified":"2024-10-23T08:29:07+00:00","description":"Marque: Rolex Mod\u00e8le: Submariner Mouvement : Auto 1520 R\u00e9f\u00e9rence: 5513 Diam\u00e8tre : 40mm Ann\u00e9e: 1978 Serial : 560XXXX Tr\u00e8s bel exemplaire de Submariner r\u00e9f 5513","breadcrumb":{"@id":"https:\/\/www.parisheure.com\/acheter-montre\/rolex-submariner-ref-5513-serif-dial-nice-patina-from-1978\/#breadcrumb"},"inLanguage":"en-US","potentialAction":[{"@type":"ReadAction","target":["https:\/\/www.parisheure.com\/acheter-montre\/rolex-submariner-ref-5513-serif-dial-nice-patina-from-1978\/"]}]},{"@type":"ImageObject","inLanguage":"en-US","@id":"https:\/\/www.parisheure.com\/acheter-montre\/rolex-submariner-ref-5513-serif-dial-nice-patina-from-1978\/#primaryimage","url":"https:\/\/www.parisheure.com\/wp-content\/uploads\/2022\/09\/ROLEX-SUBMARINER-REF-5513-SERIF-DIAL-YELLOW-PATINA-FROM-1978-N\u00b0560XXXX-_0024_Calque-2-scaled.jpg","contentUrl":"https:\/\/www.parisheure.com\/wp-content\/uploads\/2022\/09\/ROLEX-SUBMARINER-REF-5513-SERIF-DIAL-YELLOW-PATINA-FROM-1978-N\u00b0560XXXX-_0024_Calque-2-scaled.jpg","width":2560,"height":2560},{"@type":"BreadcrumbList","@id":"https:\/\/www.parisheure.com\/acheter-montre\/rolex-submariner-ref-5513-serif-dial-nice-patina-from-1978\/#breadcrumb","itemListElement":[{"@type":"ListItem","position":1,"name":"Accueil","item":"https:\/\/www.parisheure.com\/"},{"@type":"ListItem","position":2,"name":"WATCHES","item":"https:\/\/www.parisheure.com\/"},{"@type":"ListItem","position":3,"name":"ROLEX SUBMARINER REF 5513 SERIF DIAL NICE PATINA from 1978"}]},{"@type":"WebSite","@id":"https:\/\/www.parisheure.com\/#website","url":"https:\/\/www.parisheure.com\/","name":"PARIS HEURE","description":"Vintage watches Paris","publisher":{"@id":"https:\/\/www.parisheure.com\/#organization"},"potentialAction":[{"@type":"SearchAction","target":{"@type":"EntryPoint","urlTemplate":"https:\/\/www.parisheure.com\/?s={search_term_string}"},"query-input":{"@type":"PropertyValueSpecification","valueRequired":true,"valueName":"search_term_string"}}],"inLanguage":"en-US"},{"@type":"Organization","@id":"https:\/\/www.parisheure.com\/#organization","name":"PARIS HEURE","url":"https:\/\/www.parisheure.com\/","logo":{"@type":"ImageObject","inLanguage":"en-US","@id":"https:\/\/www.parisheure.com\/#\/schema\/logo\/image\/","url":"https:\/\/www.parisheure.com\/wp-content\/uploads\/2021\/07\/cropped-logo-paris-heure.png","contentUrl":"https:\/\/www.parisheure.com\/wp-content\/uploads\/2021\/07\/cropped-logo-paris-heure.png","width":512,"height":512,"caption":"PARIS HEURE"},"image":{"@id":"https:\/\/www.parisheure.com\/#\/schema\/logo\/image\/"},"sameAs":["https:\/\/www.facebook.com\/ParisHeure","https:\/\/www.instagram.com\/parisheure\/"]}]}},"jetpack_sharing_enabled":true,"brands":[{"id":432,"name":"Rolex","slug":"rolex"}],"_links":{"self":[{"href":"https:\/\/www.parisheure.com\/en\/wp-json\/wp\/v2\/product\/11605","targetHints":{"allow":["GET"]}}],"collection":[{"href":"https:\/\/www.parisheure.com\/en\/wp-json\/wp\/v2\/product"}],"about":[{"href":"https:\/\/www.parisheure.com\/en\/wp-json\/wp\/v2\/types\/product"}],"version-history":[{"count":1,"href":"https:\/\/www.parisheure.com\/en\/wp-json\/wp\/v2\/product\/11605\/revisions"}],"predecessor-version":[{"id":14168,"href":"https:\/\/www.parisheure.com\/en\/wp-json\/wp\/v2\/product\/11605\/revisions\/14168"}],"wp:featuredmedia":[{"embeddable":true,"href":"https:\/\/www.parisheure.com\/en\/wp-json\/wp\/v2\/media\/11630"}],"wp:attachment":[{"href":"https:\/\/www.parisheure.com\/en\/wp-json\/wp\/v2\/media?parent=11605"}],"wp:term":[{"taxonomy":"pwb-brand","embeddable":true,"href":"https:\/\/www.parisheure.com\/en\/wp-json\/wp\/v2\/pwb-brand?post=11605"},{"taxonomy":"product_brand","embeddable":true,"href":"https:\/\/www.parisheure.com\/en\/wp-json\/wp\/v2\/product_brand?post=11605"},{"taxonomy":"product_cat","embeddable":true,"href":"https:\/\/www.parisheure.com\/en\/wp-json\/wp\/v2\/product_cat?post=11605"},{"taxonomy":"product_tag","embeddable":true,"href":"https:\/\/www.parisheure.com\/en\/wp-json\/wp\/v2\/product_tag?post=11605"}],"curies":[{"name":"wp","href":"https:\/\/api.w.org\/{rel}","templated":true}]}}