{"id":11632,"date":"2022-09-22T15:57:28","date_gmt":"2022-09-22T13:57:28","guid":{"rendered":"https:\/\/www.parisheure.com\/?post_type=product&#038;p=11632"},"modified":"2024-10-22T16:43:36","modified_gmt":"2024-10-22T14:43:36","slug":"rolex-submariner-rouge-ref-1680-mk5-grey-dial-from-1972","status":"publish","type":"product","link":"https:\/\/www.parisheure.com\/en\/buy-watch\/rolex-submariner-rouge-ref-1680-mk5-grey-dial-from-1972\/","title":{"rendered":"ROLEX SUBMARINER ROUGE REF 1680 MK5 GREY DIAL from 1972"},"content":{"rendered":"<p><strong>Our opinion:<\/strong> A beautiful example of the vintage red Submariner date reference 1680. A must have of any Rolex collection, model produced until 1975, this watch is part of the mark V feet first open 6s series, serial number 302XXXX, last series of feet first. The watch is in good condition, its original mk5 dial has a superb vanilla patina with the red clearly visible. The hands are matching and the pearl more recent and not original! Rare watch in this condition because almost all of them were worn out at that time. A very nice collector's copy and in very good condition with its later added oyster bracelet but more comfortable to wear.<\/p>","protected":false},"excerpt":{"rendered":"<p><strong>Brand:<\/strong>\u00a0Rolex<\/p>\n<p><strong>Model:<\/strong>\u00a0Submariner<\/p>\n<p><strong>Movement\u00a0: <\/strong>Auto cal 1570<\/p>\n<p><strong>Reference:<\/strong>\u00a01680<\/p>\n<p><strong>Diameter\u00a0: <\/strong>40mm<\/p>\n<p><strong>Year:<\/strong>\u00a01972<\/p>\n<p><strong>Serial : <\/strong>302XXX<\/p>\n<p><strong>Case:<\/strong> Beau boitier encore \u00e9pais et avec des angles encore bien pr\u00e9sents et des chanfreins bien visible. Lunette en bon \u00e9tat. \u00a0Superbe Insert MK3 bleu p\u00e9trole. Pas de chocs visibles importants. La montre est a \u00e9t\u00e9 l\u00e9g\u00e8rement polie et port\u00e9e dans le pass\u00e9 mais garde un beau boitier. Fond de boite grav\u00e9 1971.<\/p>\n<p><strong>Dial:<\/strong>\u00a0Beautiful original submariner red MK5 dial with a beautiful homogeneous vanilla patina. Very nice general set. Dial still in good condition with no flaws. M5 open 6 series among the latest submariner production in red.<\/p>\n<p><strong>Bracelet :<\/strong> Rolex later added oyster steel ref 78360 endlink 580 in good condition<\/p>\n<p><strong>Accessories: <\/strong>None<\/p>","protected":false},"featured_media":11653,"template":"","meta":[],"pwb-brand":[432],"product_brand":[],"product_cat":[107,367,90,244],"product_tag":[136,223,154,347,127,135,101],"class_list":{"0":"post-11632","1":"product","2":"type-product","3":"status-publish","4":"has-post-thumbnail","6":"pwb-brand-rolex","7":"product_cat-archives","8":"product_cat-montres-paris-heure","9":"product_cat-rolex","10":"product_cat-rolex-submariner","11":"product_tag-136","12":"product_tag-223","13":"product_tag-mk5","14":"product_tag-red-submariner","15":"product_tag-rolex","16":"product_tag-submariner","17":"product_tag-vintage","19":"first","20":"outofstock","21":"shipping-taxable","22":"product-type-simple"},"yoast_head":"<!-- This site is optimized with the Yoast SEO plugin v27.5 - https:\/\/yoast.com\/product\/yoast-seo-wordpress\/ -->\n<title>ROLEX SUBMARINER ROUGE REF 1680 MK5 GREY DIAL from 1972 &#8226;<\/title>\n<meta name=\"description\" content=\"Marque: Rolex Mod\u00e8le: Submariner Mouvement : Auto cal 1570 R\u00e9f\u00e9rence: 1680 Diam\u00e8tre : 40mm Ann\u00e9e: 1972 Serial : 302XXX\" \/>\n<meta name=\"robots\" content=\"index, follow, max-snippet:-1, max-image-preview:large, max-video-preview:-1\" \/>\n<link rel=\"canonical\" href=\"https:\/\/www.parisheure.com\/en\/buy-watch\/rolex-submariner-rouge-ref-1680-mk5-grey-dial-from-1972\/\" \/>\n<meta property=\"og:locale\" content=\"en_US\" \/>\n<meta property=\"og:type\" content=\"article\" \/>\n<meta property=\"og:title\" content=\"ROLEX SUBMARINER ROUGE REF 1680 MK5 GREY DIAL from 1972 &#8226;\" \/>\n<meta property=\"og:description\" content=\"Marque: Rolex Mod\u00e8le: Submariner Mouvement : Auto cal 1570 R\u00e9f\u00e9rence: 1680 Diam\u00e8tre : 40mm Ann\u00e9e: 1972 Serial : 302XXX\" \/>\n<meta property=\"og:url\" content=\"https:\/\/www.parisheure.com\/en\/buy-watch\/rolex-submariner-rouge-ref-1680-mk5-grey-dial-from-1972\/\" \/>\n<meta property=\"og:site_name\" content=\"PARIS HEURE\" \/>\n<meta property=\"article:publisher\" content=\"https:\/\/www.facebook.com\/ParisHeure\" \/>\n<meta property=\"article:modified_time\" content=\"2024-10-22T14:43:36+00:00\" \/>\n<meta property=\"og:image\" content=\"https:\/\/www.parisheure.com\/wp-content\/uploads\/2022\/09\/ROLEX-SUBMARINER-ROUGE-REF-1680-MK5-N\u00b0302XXXX-_0021_Calque-2-scaled.jpg\" \/>\n\t<meta property=\"og:image:width\" content=\"2560\" \/>\n\t<meta property=\"og:image:height\" content=\"2560\" \/>\n\t<meta property=\"og:image:type\" content=\"image\/jpeg\" \/>\n<meta name=\"twitter:card\" content=\"summary_large_image\" \/>\n<script type=\"application\/ld+json\" class=\"yoast-schema-graph\">{\"@context\":\"https:\\\/\\\/schema.org\",\"@graph\":[{\"@type\":\"WebPage\",\"@id\":\"https:\\\/\\\/www.parisheure.com\\\/acheter-montre\\\/rolex-submariner-rouge-ref-1680-mk5-grey-dial-from-1972\\\/\",\"url\":\"https:\\\/\\\/www.parisheure.com\\\/acheter-montre\\\/rolex-submariner-rouge-ref-1680-mk5-grey-dial-from-1972\\\/\",\"name\":\"ROLEX SUBMARINER ROUGE REF 1680 MK5 GREY DIAL from 1972 &#8226;\",\"isPartOf\":{\"@id\":\"https:\\\/\\\/www.parisheure.com\\\/#website\"},\"primaryImageOfPage\":{\"@id\":\"https:\\\/\\\/www.parisheure.com\\\/acheter-montre\\\/rolex-submariner-rouge-ref-1680-mk5-grey-dial-from-1972\\\/#primaryimage\"},\"image\":{\"@id\":\"https:\\\/\\\/www.parisheure.com\\\/acheter-montre\\\/rolex-submariner-rouge-ref-1680-mk5-grey-dial-from-1972\\\/#primaryimage\"},\"thumbnailUrl\":\"https:\\\/\\\/www.parisheure.com\\\/wp-content\\\/uploads\\\/2022\\\/09\\\/ROLEX-SUBMARINER-ROUGE-REF-1680-MK5-N\u00b0302XXXX-_0021_Calque-2-scaled.jpg\",\"datePublished\":\"2022-09-22T13:57:28+00:00\",\"dateModified\":\"2024-10-22T14:43:36+00:00\",\"description\":\"Marque: Rolex Mod\u00e8le: Submariner Mouvement : Auto cal 1570 R\u00e9f\u00e9rence: 1680 Diam\u00e8tre : 40mm Ann\u00e9e: 1972 Serial : 302XXX\",\"breadcrumb\":{\"@id\":\"https:\\\/\\\/www.parisheure.com\\\/acheter-montre\\\/rolex-submariner-rouge-ref-1680-mk5-grey-dial-from-1972\\\/#breadcrumb\"},\"inLanguage\":\"en-US\",\"potentialAction\":[{\"@type\":\"ReadAction\",\"target\":[\"https:\\\/\\\/www.parisheure.com\\\/acheter-montre\\\/rolex-submariner-rouge-ref-1680-mk5-grey-dial-from-1972\\\/\"]}]},{\"@type\":\"ImageObject\",\"inLanguage\":\"en-US\",\"@id\":\"https:\\\/\\\/www.parisheure.com\\\/acheter-montre\\\/rolex-submariner-rouge-ref-1680-mk5-grey-dial-from-1972\\\/#primaryimage\",\"url\":\"https:\\\/\\\/www.parisheure.com\\\/wp-content\\\/uploads\\\/2022\\\/09\\\/ROLEX-SUBMARINER-ROUGE-REF-1680-MK5-N\u00b0302XXXX-_0021_Calque-2-scaled.jpg\",\"contentUrl\":\"https:\\\/\\\/www.parisheure.com\\\/wp-content\\\/uploads\\\/2022\\\/09\\\/ROLEX-SUBMARINER-ROUGE-REF-1680-MK5-N\u00b0302XXXX-_0021_Calque-2-scaled.jpg\",\"width\":2560,\"height\":2560},{\"@type\":\"BreadcrumbList\",\"@id\":\"https:\\\/\\\/www.parisheure.com\\\/acheter-montre\\\/rolex-submariner-rouge-ref-1680-mk5-grey-dial-from-1972\\\/#breadcrumb\",\"itemListElement\":[{\"@type\":\"ListItem\",\"position\":1,\"name\":\"Accueil\",\"item\":\"https:\\\/\\\/www.parisheure.com\\\/\"},{\"@type\":\"ListItem\",\"position\":2,\"name\":\"WATCHES\",\"item\":\"https:\\\/\\\/www.parisheure.com\\\/\"},{\"@type\":\"ListItem\",\"position\":3,\"name\":\"ROLEX SUBMARINER ROUGE REF 1680 MK5 GREY DIAL from 1972\"}]},{\"@type\":\"WebSite\",\"@id\":\"https:\\\/\\\/www.parisheure.com\\\/#website\",\"url\":\"https:\\\/\\\/www.parisheure.com\\\/\",\"name\":\"PARIS HEURE\",\"description\":\"Vintage watches Paris\",\"publisher\":{\"@id\":\"https:\\\/\\\/www.parisheure.com\\\/#organization\"},\"potentialAction\":[{\"@type\":\"SearchAction\",\"target\":{\"@type\":\"EntryPoint\",\"urlTemplate\":\"https:\\\/\\\/www.parisheure.com\\\/?s={search_term_string}\"},\"query-input\":{\"@type\":\"PropertyValueSpecification\",\"valueRequired\":true,\"valueName\":\"search_term_string\"}}],\"inLanguage\":\"en-US\"},{\"@type\":\"Organization\",\"@id\":\"https:\\\/\\\/www.parisheure.com\\\/#organization\",\"name\":\"PARIS HEURE\",\"url\":\"https:\\\/\\\/www.parisheure.com\\\/\",\"logo\":{\"@type\":\"ImageObject\",\"inLanguage\":\"en-US\",\"@id\":\"https:\\\/\\\/www.parisheure.com\\\/#\\\/schema\\\/logo\\\/image\\\/\",\"url\":\"https:\\\/\\\/www.parisheure.com\\\/wp-content\\\/uploads\\\/2021\\\/07\\\/cropped-logo-paris-heure.png\",\"contentUrl\":\"https:\\\/\\\/www.parisheure.com\\\/wp-content\\\/uploads\\\/2021\\\/07\\\/cropped-logo-paris-heure.png\",\"width\":512,\"height\":512,\"caption\":\"PARIS HEURE\"},\"image\":{\"@id\":\"https:\\\/\\\/www.parisheure.com\\\/#\\\/schema\\\/logo\\\/image\\\/\"},\"sameAs\":[\"https:\\\/\\\/www.facebook.com\\\/ParisHeure\",\"https:\\\/\\\/www.instagram.com\\\/parisheure\\\/\"]}]}<\/script>\n<!-- \/ Yoast SEO plugin. -->","yoast_head_json":{"title":"ROLEX SUBMARINER ROUGE REF 1680 MK5 GREY DIAL from 1972 \u2022","description":"Marque: Rolex Mod\u00e8le: Submariner Mouvement : Auto cal 1570 R\u00e9f\u00e9rence: 1680 Diam\u00e8tre : 40mm Ann\u00e9e: 1972 Serial : 302XXX","robots":{"index":"index","follow":"follow","max-snippet":"max-snippet:-1","max-image-preview":"max-image-preview:large","max-video-preview":"max-video-preview:-1"},"canonical":"https:\/\/www.parisheure.com\/en\/buy-watch\/rolex-submariner-rouge-ref-1680-mk5-grey-dial-from-1972\/","og_locale":"en_US","og_type":"article","og_title":"ROLEX SUBMARINER ROUGE REF 1680 MK5 GREY DIAL from 1972 &#8226;","og_description":"Marque: Rolex Mod\u00e8le: Submariner Mouvement : Auto cal 1570 R\u00e9f\u00e9rence: 1680 Diam\u00e8tre : 40mm Ann\u00e9e: 1972 Serial : 302XXX","og_url":"https:\/\/www.parisheure.com\/en\/buy-watch\/rolex-submariner-rouge-ref-1680-mk5-grey-dial-from-1972\/","og_site_name":"PARIS HEURE","article_publisher":"https:\/\/www.facebook.com\/ParisHeure","article_modified_time":"2024-10-22T14:43:36+00:00","og_image":[{"width":2560,"height":2560,"url":"https:\/\/www.parisheure.com\/wp-content\/uploads\/2022\/09\/ROLEX-SUBMARINER-ROUGE-REF-1680-MK5-N\u00b0302XXXX-_0021_Calque-2-scaled.jpg","type":"image\/jpeg"}],"twitter_card":"summary_large_image","schema":{"@context":"https:\/\/schema.org","@graph":[{"@type":"WebPage","@id":"https:\/\/www.parisheure.com\/acheter-montre\/rolex-submariner-rouge-ref-1680-mk5-grey-dial-from-1972\/","url":"https:\/\/www.parisheure.com\/acheter-montre\/rolex-submariner-rouge-ref-1680-mk5-grey-dial-from-1972\/","name":"ROLEX SUBMARINER ROUGE REF 1680 MK5 GREY DIAL from 1972 \u2022","isPartOf":{"@id":"https:\/\/www.parisheure.com\/#website"},"primaryImageOfPage":{"@id":"https:\/\/www.parisheure.com\/acheter-montre\/rolex-submariner-rouge-ref-1680-mk5-grey-dial-from-1972\/#primaryimage"},"image":{"@id":"https:\/\/www.parisheure.com\/acheter-montre\/rolex-submariner-rouge-ref-1680-mk5-grey-dial-from-1972\/#primaryimage"},"thumbnailUrl":"https:\/\/www.parisheure.com\/wp-content\/uploads\/2022\/09\/ROLEX-SUBMARINER-ROUGE-REF-1680-MK5-N\u00b0302XXXX-_0021_Calque-2-scaled.jpg","datePublished":"2022-09-22T13:57:28+00:00","dateModified":"2024-10-22T14:43:36+00:00","description":"Marque: Rolex Mod\u00e8le: Submariner Mouvement : Auto cal 1570 R\u00e9f\u00e9rence: 1680 Diam\u00e8tre : 40mm Ann\u00e9e: 1972 Serial : 302XXX","breadcrumb":{"@id":"https:\/\/www.parisheure.com\/acheter-montre\/rolex-submariner-rouge-ref-1680-mk5-grey-dial-from-1972\/#breadcrumb"},"inLanguage":"en-US","potentialAction":[{"@type":"ReadAction","target":["https:\/\/www.parisheure.com\/acheter-montre\/rolex-submariner-rouge-ref-1680-mk5-grey-dial-from-1972\/"]}]},{"@type":"ImageObject","inLanguage":"en-US","@id":"https:\/\/www.parisheure.com\/acheter-montre\/rolex-submariner-rouge-ref-1680-mk5-grey-dial-from-1972\/#primaryimage","url":"https:\/\/www.parisheure.com\/wp-content\/uploads\/2022\/09\/ROLEX-SUBMARINER-ROUGE-REF-1680-MK5-N\u00b0302XXXX-_0021_Calque-2-scaled.jpg","contentUrl":"https:\/\/www.parisheure.com\/wp-content\/uploads\/2022\/09\/ROLEX-SUBMARINER-ROUGE-REF-1680-MK5-N\u00b0302XXXX-_0021_Calque-2-scaled.jpg","width":2560,"height":2560},{"@type":"BreadcrumbList","@id":"https:\/\/www.parisheure.com\/acheter-montre\/rolex-submariner-rouge-ref-1680-mk5-grey-dial-from-1972\/#breadcrumb","itemListElement":[{"@type":"ListItem","position":1,"name":"Accueil","item":"https:\/\/www.parisheure.com\/"},{"@type":"ListItem","position":2,"name":"WATCHES","item":"https:\/\/www.parisheure.com\/"},{"@type":"ListItem","position":3,"name":"ROLEX SUBMARINER ROUGE REF 1680 MK5 GREY DIAL from 1972"}]},{"@type":"WebSite","@id":"https:\/\/www.parisheure.com\/#website","url":"https:\/\/www.parisheure.com\/","name":"PARIS HEURE","description":"Vintage watches Paris","publisher":{"@id":"https:\/\/www.parisheure.com\/#organization"},"potentialAction":[{"@type":"SearchAction","target":{"@type":"EntryPoint","urlTemplate":"https:\/\/www.parisheure.com\/?s={search_term_string}"},"query-input":{"@type":"PropertyValueSpecification","valueRequired":true,"valueName":"search_term_string"}}],"inLanguage":"en-US"},{"@type":"Organization","@id":"https:\/\/www.parisheure.com\/#organization","name":"PARIS HEURE","url":"https:\/\/www.parisheure.com\/","logo":{"@type":"ImageObject","inLanguage":"en-US","@id":"https:\/\/www.parisheure.com\/#\/schema\/logo\/image\/","url":"https:\/\/www.parisheure.com\/wp-content\/uploads\/2021\/07\/cropped-logo-paris-heure.png","contentUrl":"https:\/\/www.parisheure.com\/wp-content\/uploads\/2021\/07\/cropped-logo-paris-heure.png","width":512,"height":512,"caption":"PARIS HEURE"},"image":{"@id":"https:\/\/www.parisheure.com\/#\/schema\/logo\/image\/"},"sameAs":["https:\/\/www.facebook.com\/ParisHeure","https:\/\/www.instagram.com\/parisheure\/"]}]}},"jetpack_sharing_enabled":true,"brands":[{"id":432,"name":"Rolex","slug":"rolex"}],"_links":{"self":[{"href":"https:\/\/www.parisheure.com\/en\/wp-json\/wp\/v2\/product\/11632","targetHints":{"allow":["GET"]}}],"collection":[{"href":"https:\/\/www.parisheure.com\/en\/wp-json\/wp\/v2\/product"}],"about":[{"href":"https:\/\/www.parisheure.com\/en\/wp-json\/wp\/v2\/types\/product"}],"version-history":[{"count":1,"href":"https:\/\/www.parisheure.com\/en\/wp-json\/wp\/v2\/product\/11632\/revisions"}],"predecessor-version":[{"id":14144,"href":"https:\/\/www.parisheure.com\/en\/wp-json\/wp\/v2\/product\/11632\/revisions\/14144"}],"wp:featuredmedia":[{"embeddable":true,"href":"https:\/\/www.parisheure.com\/en\/wp-json\/wp\/v2\/media\/11653"}],"wp:attachment":[{"href":"https:\/\/www.parisheure.com\/en\/wp-json\/wp\/v2\/media?parent=11632"}],"wp:term":[{"taxonomy":"pwb-brand","embeddable":true,"href":"https:\/\/www.parisheure.com\/en\/wp-json\/wp\/v2\/pwb-brand?post=11632"},{"taxonomy":"product_brand","embeddable":true,"href":"https:\/\/www.parisheure.com\/en\/wp-json\/wp\/v2\/product_brand?post=11632"},{"taxonomy":"product_cat","embeddable":true,"href":"https:\/\/www.parisheure.com\/en\/wp-json\/wp\/v2\/product_cat?post=11632"},{"taxonomy":"product_tag","embeddable":true,"href":"https:\/\/www.parisheure.com\/en\/wp-json\/wp\/v2\/product_tag?post=11632"}],"curies":[{"name":"wp","href":"https:\/\/api.w.org\/{rel}","templated":true}]}}