{"id":11655,"date":"2022-09-22T16:11:04","date_gmt":"2022-09-22T14:11:04","guid":{"rendered":"https:\/\/www.parisheure.com\/?post_type=product&#038;p=11655"},"modified":"2024-10-23T10:27:33","modified_gmt":"2024-10-23T08:27:33","slug":"rolex-submariner-ref-5512-mat-vanilla-dial-4-lines-from-1976","status":"publish","type":"product","link":"https:\/\/www.parisheure.com\/en\/buy-watch\/rolex-submariner-ref-5512-mat-vanilla-dial-4-lines-from-1976\/","title":{"rendered":"ROLEX SUBMARINER REF 5512 MAT VANILLA DIAL 4 LINES from 1976"},"content":{"rendered":"<p><strong>Our opinion:<\/strong> Un tr\u00e8s bel et rare exemplaire de la Submariner vintage r\u00e9f\u00e9rence 5512 4 lignes avec son mouvement chronom\u00e8tre, tr\u00e8s beau cadran avec une belle patine vanille, bracelet acier pli\u00e9 peu d\u00e9tendu et mouvement en parfait \u00e9tat de fonctionnement. La montre est en tr\u00e8s bon \u00e9tat. Aiguilles tritium un peu plus patin\u00e9e et tr\u00e8s beau cadran couleur vanille 4 lignes feet first tr\u00e8s recherch\u00e9e. Tr\u00e8s bel insert bleut\u00e9 MK3 fat font.<\/p>","protected":false},"excerpt":{"rendered":"<p><strong>Brand:<\/strong>\u00a0Rolex<\/p>\n<p><strong>Model:<\/strong>\u00a0Submariner<\/p>\n<p><strong>Movement\u00a0: <\/strong>Auto cal 1570<\/p>\n<p><strong>Reference:<\/strong>\u00a05512<\/p>\n<p><strong>Diameter\u00a0: <\/strong>40mm<\/p>\n<p><strong>Year:<\/strong>\u00a01976<\/p>\n<p><strong>Serial : <\/strong>415XXXX<\/p>\n<p><strong>Case:<\/strong> Beau boitier encore \u00e9pais et avec des beaux angles. Lunette en parfait \u00e9tat. Tr\u00e8s bel Insert MK3 ultra fat patine bleue. Aucuns chocs visibles.<\/p>\n<p><strong>Dial:<\/strong> Beau cadran d\u2019origine avec une tr\u00e8s belle patine homog\u00e8ne vanille. Tr\u00e8s bel ensemble g\u00e9n\u00e9ral. Cadran en bon \u00e9tat. Les aiguilles un peu diff\u00e9rentes de la patine des indexes mais sont au tritium.<\/p>\n<p><strong>Bracelet :<\/strong> Folded oyster steel ref 9315 endlink 380 clasp code A.<\/p>\n<p><strong>Accessories: <\/strong>None<\/p>","protected":false},"featured_media":11677,"template":"","meta":[],"pwb-brand":[432],"product_brand":[],"product_cat":[107,367,90,244],"product_tag":[349,348,311,298,127,135,101],"class_list":{"0":"post-11655","1":"product","2":"type-product","3":"status-publish","4":"has-post-thumbnail","6":"pwb-brand-rolex","7":"product_cat-archives","8":"product_cat-montres-paris-heure","9":"product_cat-rolex","10":"product_cat-rolex-submariner","11":"product_tag-349","12":"product_tag-4lines","13":"product_tag-311","14":"product_tag-rare","15":"product_tag-rolex","16":"product_tag-submariner","17":"product_tag-vintage","19":"first","20":"outofstock","21":"shipping-taxable","22":"product-type-simple"},"yoast_head":"<!-- This site is optimized with the Yoast SEO plugin v27.5 - https:\/\/yoast.com\/product\/yoast-seo-wordpress\/ -->\n<title>ROLEX SUBMARINER REF 5512 MAT VANILLA DIAL 4 LINES from 1976<\/title>\n<meta name=\"description\" content=\"Marque: Rolex Mod\u00e8le: Submariner Mouvement : Auto cal 1570 R\u00e9f\u00e9rence: 5512 Diam\u00e8tre : 40mm Ann\u00e9e: 1976 Serial : 415XXXX Un tr\u00e8s beau et rare exemplaire de 5512.\" \/>\n<meta name=\"robots\" content=\"index, follow, max-snippet:-1, max-image-preview:large, max-video-preview:-1\" \/>\n<link rel=\"canonical\" href=\"https:\/\/www.parisheure.com\/en\/buy-watch\/rolex-submariner-ref-5512-mat-vanilla-dial-4-lines-from-1976\/\" \/>\n<meta property=\"og:locale\" content=\"en_US\" \/>\n<meta property=\"og:type\" content=\"article\" \/>\n<meta property=\"og:title\" content=\"ROLEX SUBMARINER REF 5512 MAT VANILLA DIAL 4 LINES from 1976\" \/>\n<meta property=\"og:description\" content=\"Marque: Rolex Mod\u00e8le: Submariner Mouvement : Auto cal 1570 R\u00e9f\u00e9rence: 5512 Diam\u00e8tre : 40mm Ann\u00e9e: 1976 Serial : 415XXXX Un tr\u00e8s beau et rare exemplaire de 5512.\" \/>\n<meta property=\"og:url\" content=\"https:\/\/www.parisheure.com\/en\/buy-watch\/rolex-submariner-ref-5512-mat-vanilla-dial-4-lines-from-1976\/\" \/>\n<meta property=\"og:site_name\" content=\"PARIS HEURE\" \/>\n<meta property=\"article:publisher\" content=\"https:\/\/www.facebook.com\/ParisHeure\" \/>\n<meta property=\"article:modified_time\" content=\"2024-10-23T08:27:33+00:00\" \/>\n<meta property=\"og:image\" content=\"https:\/\/www.parisheure.com\/wp-content\/uploads\/2022\/09\/ROLEX-SUBMARINER-REF-5512-MAT-DIAL-PRECOMEX-N\u00b04157XXXX-_0020_Calque-2-scaled.jpg\" \/>\n\t<meta property=\"og:image:width\" content=\"2560\" \/>\n\t<meta property=\"og:image:height\" content=\"2560\" \/>\n\t<meta property=\"og:image:type\" content=\"image\/jpeg\" \/>\n<meta name=\"twitter:card\" content=\"summary_large_image\" \/>\n<script type=\"application\/ld+json\" class=\"yoast-schema-graph\">{\"@context\":\"https:\\\/\\\/schema.org\",\"@graph\":[{\"@type\":\"WebPage\",\"@id\":\"https:\\\/\\\/www.parisheure.com\\\/acheter-montre\\\/rolex-submariner-ref-5512-mat-vanilla-dial-4-lines-from-1976\\\/\",\"url\":\"https:\\\/\\\/www.parisheure.com\\\/acheter-montre\\\/rolex-submariner-ref-5512-mat-vanilla-dial-4-lines-from-1976\\\/\",\"name\":\"ROLEX SUBMARINER REF 5512 MAT VANILLA DIAL 4 LINES from 1976\",\"isPartOf\":{\"@id\":\"https:\\\/\\\/www.parisheure.com\\\/#website\"},\"primaryImageOfPage\":{\"@id\":\"https:\\\/\\\/www.parisheure.com\\\/acheter-montre\\\/rolex-submariner-ref-5512-mat-vanilla-dial-4-lines-from-1976\\\/#primaryimage\"},\"image\":{\"@id\":\"https:\\\/\\\/www.parisheure.com\\\/acheter-montre\\\/rolex-submariner-ref-5512-mat-vanilla-dial-4-lines-from-1976\\\/#primaryimage\"},\"thumbnailUrl\":\"https:\\\/\\\/www.parisheure.com\\\/wp-content\\\/uploads\\\/2022\\\/09\\\/ROLEX-SUBMARINER-REF-5512-MAT-DIAL-PRECOMEX-N\u00b04157XXXX-_0020_Calque-2-scaled.jpg\",\"datePublished\":\"2022-09-22T14:11:04+00:00\",\"dateModified\":\"2024-10-23T08:27:33+00:00\",\"description\":\"Marque: Rolex Mod\u00e8le: Submariner Mouvement : Auto cal 1570 R\u00e9f\u00e9rence: 5512 Diam\u00e8tre : 40mm Ann\u00e9e: 1976 Serial : 415XXXX Un tr\u00e8s beau et rare exemplaire de 5512.\",\"breadcrumb\":{\"@id\":\"https:\\\/\\\/www.parisheure.com\\\/acheter-montre\\\/rolex-submariner-ref-5512-mat-vanilla-dial-4-lines-from-1976\\\/#breadcrumb\"},\"inLanguage\":\"en-US\",\"potentialAction\":[{\"@type\":\"ReadAction\",\"target\":[\"https:\\\/\\\/www.parisheure.com\\\/acheter-montre\\\/rolex-submariner-ref-5512-mat-vanilla-dial-4-lines-from-1976\\\/\"]}]},{\"@type\":\"ImageObject\",\"inLanguage\":\"en-US\",\"@id\":\"https:\\\/\\\/www.parisheure.com\\\/acheter-montre\\\/rolex-submariner-ref-5512-mat-vanilla-dial-4-lines-from-1976\\\/#primaryimage\",\"url\":\"https:\\\/\\\/www.parisheure.com\\\/wp-content\\\/uploads\\\/2022\\\/09\\\/ROLEX-SUBMARINER-REF-5512-MAT-DIAL-PRECOMEX-N\u00b04157XXXX-_0020_Calque-2-scaled.jpg\",\"contentUrl\":\"https:\\\/\\\/www.parisheure.com\\\/wp-content\\\/uploads\\\/2022\\\/09\\\/ROLEX-SUBMARINER-REF-5512-MAT-DIAL-PRECOMEX-N\u00b04157XXXX-_0020_Calque-2-scaled.jpg\",\"width\":2560,\"height\":2560},{\"@type\":\"BreadcrumbList\",\"@id\":\"https:\\\/\\\/www.parisheure.com\\\/acheter-montre\\\/rolex-submariner-ref-5512-mat-vanilla-dial-4-lines-from-1976\\\/#breadcrumb\",\"itemListElement\":[{\"@type\":\"ListItem\",\"position\":1,\"name\":\"Accueil\",\"item\":\"https:\\\/\\\/www.parisheure.com\\\/\"},{\"@type\":\"ListItem\",\"position\":2,\"name\":\"WATCHES\",\"item\":\"https:\\\/\\\/www.parisheure.com\\\/\"},{\"@type\":\"ListItem\",\"position\":3,\"name\":\"ROLEX SUBMARINER REF 5512 MAT VANILLA DIAL 4 LINES from 1976\"}]},{\"@type\":\"WebSite\",\"@id\":\"https:\\\/\\\/www.parisheure.com\\\/#website\",\"url\":\"https:\\\/\\\/www.parisheure.com\\\/\",\"name\":\"PARIS HEURE\",\"description\":\"Vintage watches Paris\",\"publisher\":{\"@id\":\"https:\\\/\\\/www.parisheure.com\\\/#organization\"},\"potentialAction\":[{\"@type\":\"SearchAction\",\"target\":{\"@type\":\"EntryPoint\",\"urlTemplate\":\"https:\\\/\\\/www.parisheure.com\\\/?s={search_term_string}\"},\"query-input\":{\"@type\":\"PropertyValueSpecification\",\"valueRequired\":true,\"valueName\":\"search_term_string\"}}],\"inLanguage\":\"en-US\"},{\"@type\":\"Organization\",\"@id\":\"https:\\\/\\\/www.parisheure.com\\\/#organization\",\"name\":\"PARIS HEURE\",\"url\":\"https:\\\/\\\/www.parisheure.com\\\/\",\"logo\":{\"@type\":\"ImageObject\",\"inLanguage\":\"en-US\",\"@id\":\"https:\\\/\\\/www.parisheure.com\\\/#\\\/schema\\\/logo\\\/image\\\/\",\"url\":\"https:\\\/\\\/www.parisheure.com\\\/wp-content\\\/uploads\\\/2021\\\/07\\\/cropped-logo-paris-heure.png\",\"contentUrl\":\"https:\\\/\\\/www.parisheure.com\\\/wp-content\\\/uploads\\\/2021\\\/07\\\/cropped-logo-paris-heure.png\",\"width\":512,\"height\":512,\"caption\":\"PARIS HEURE\"},\"image\":{\"@id\":\"https:\\\/\\\/www.parisheure.com\\\/#\\\/schema\\\/logo\\\/image\\\/\"},\"sameAs\":[\"https:\\\/\\\/www.facebook.com\\\/ParisHeure\",\"https:\\\/\\\/www.instagram.com\\\/parisheure\\\/\"]}]}<\/script>\n<!-- \/ Yoast SEO plugin. -->","yoast_head_json":{"title":"ROLEX SUBMARINER REF 5512 MAT VANILLA DIAL 4 LINES from 1976","description":"Marque: Rolex Mod\u00e8le: Submariner Mouvement : Auto cal 1570 R\u00e9f\u00e9rence: 5512 Diam\u00e8tre : 40mm Ann\u00e9e: 1976 Serial : 415XXXX Un tr\u00e8s beau et rare exemplaire de 5512.","robots":{"index":"index","follow":"follow","max-snippet":"max-snippet:-1","max-image-preview":"max-image-preview:large","max-video-preview":"max-video-preview:-1"},"canonical":"https:\/\/www.parisheure.com\/en\/buy-watch\/rolex-submariner-ref-5512-mat-vanilla-dial-4-lines-from-1976\/","og_locale":"en_US","og_type":"article","og_title":"ROLEX SUBMARINER REF 5512 MAT VANILLA DIAL 4 LINES from 1976","og_description":"Marque: Rolex Mod\u00e8le: Submariner Mouvement : Auto cal 1570 R\u00e9f\u00e9rence: 5512 Diam\u00e8tre : 40mm Ann\u00e9e: 1976 Serial : 415XXXX Un tr\u00e8s beau et rare exemplaire de 5512.","og_url":"https:\/\/www.parisheure.com\/en\/buy-watch\/rolex-submariner-ref-5512-mat-vanilla-dial-4-lines-from-1976\/","og_site_name":"PARIS HEURE","article_publisher":"https:\/\/www.facebook.com\/ParisHeure","article_modified_time":"2024-10-23T08:27:33+00:00","og_image":[{"width":2560,"height":2560,"url":"https:\/\/www.parisheure.com\/wp-content\/uploads\/2022\/09\/ROLEX-SUBMARINER-REF-5512-MAT-DIAL-PRECOMEX-N\u00b04157XXXX-_0020_Calque-2-scaled.jpg","type":"image\/jpeg"}],"twitter_card":"summary_large_image","schema":{"@context":"https:\/\/schema.org","@graph":[{"@type":"WebPage","@id":"https:\/\/www.parisheure.com\/acheter-montre\/rolex-submariner-ref-5512-mat-vanilla-dial-4-lines-from-1976\/","url":"https:\/\/www.parisheure.com\/acheter-montre\/rolex-submariner-ref-5512-mat-vanilla-dial-4-lines-from-1976\/","name":"ROLEX SUBMARINER REF 5512 MAT VANILLA DIAL 4 LINES from 1976","isPartOf":{"@id":"https:\/\/www.parisheure.com\/#website"},"primaryImageOfPage":{"@id":"https:\/\/www.parisheure.com\/acheter-montre\/rolex-submariner-ref-5512-mat-vanilla-dial-4-lines-from-1976\/#primaryimage"},"image":{"@id":"https:\/\/www.parisheure.com\/acheter-montre\/rolex-submariner-ref-5512-mat-vanilla-dial-4-lines-from-1976\/#primaryimage"},"thumbnailUrl":"https:\/\/www.parisheure.com\/wp-content\/uploads\/2022\/09\/ROLEX-SUBMARINER-REF-5512-MAT-DIAL-PRECOMEX-N\u00b04157XXXX-_0020_Calque-2-scaled.jpg","datePublished":"2022-09-22T14:11:04+00:00","dateModified":"2024-10-23T08:27:33+00:00","description":"Marque: Rolex Mod\u00e8le: Submariner Mouvement : Auto cal 1570 R\u00e9f\u00e9rence: 5512 Diam\u00e8tre : 40mm Ann\u00e9e: 1976 Serial : 415XXXX Un tr\u00e8s beau et rare exemplaire de 5512.","breadcrumb":{"@id":"https:\/\/www.parisheure.com\/acheter-montre\/rolex-submariner-ref-5512-mat-vanilla-dial-4-lines-from-1976\/#breadcrumb"},"inLanguage":"en-US","potentialAction":[{"@type":"ReadAction","target":["https:\/\/www.parisheure.com\/acheter-montre\/rolex-submariner-ref-5512-mat-vanilla-dial-4-lines-from-1976\/"]}]},{"@type":"ImageObject","inLanguage":"en-US","@id":"https:\/\/www.parisheure.com\/acheter-montre\/rolex-submariner-ref-5512-mat-vanilla-dial-4-lines-from-1976\/#primaryimage","url":"https:\/\/www.parisheure.com\/wp-content\/uploads\/2022\/09\/ROLEX-SUBMARINER-REF-5512-MAT-DIAL-PRECOMEX-N\u00b04157XXXX-_0020_Calque-2-scaled.jpg","contentUrl":"https:\/\/www.parisheure.com\/wp-content\/uploads\/2022\/09\/ROLEX-SUBMARINER-REF-5512-MAT-DIAL-PRECOMEX-N\u00b04157XXXX-_0020_Calque-2-scaled.jpg","width":2560,"height":2560},{"@type":"BreadcrumbList","@id":"https:\/\/www.parisheure.com\/acheter-montre\/rolex-submariner-ref-5512-mat-vanilla-dial-4-lines-from-1976\/#breadcrumb","itemListElement":[{"@type":"ListItem","position":1,"name":"Accueil","item":"https:\/\/www.parisheure.com\/"},{"@type":"ListItem","position":2,"name":"WATCHES","item":"https:\/\/www.parisheure.com\/"},{"@type":"ListItem","position":3,"name":"ROLEX SUBMARINER REF 5512 MAT VANILLA DIAL 4 LINES from 1976"}]},{"@type":"WebSite","@id":"https:\/\/www.parisheure.com\/#website","url":"https:\/\/www.parisheure.com\/","name":"PARIS HEURE","description":"Vintage watches Paris","publisher":{"@id":"https:\/\/www.parisheure.com\/#organization"},"potentialAction":[{"@type":"SearchAction","target":{"@type":"EntryPoint","urlTemplate":"https:\/\/www.parisheure.com\/?s={search_term_string}"},"query-input":{"@type":"PropertyValueSpecification","valueRequired":true,"valueName":"search_term_string"}}],"inLanguage":"en-US"},{"@type":"Organization","@id":"https:\/\/www.parisheure.com\/#organization","name":"PARIS HEURE","url":"https:\/\/www.parisheure.com\/","logo":{"@type":"ImageObject","inLanguage":"en-US","@id":"https:\/\/www.parisheure.com\/#\/schema\/logo\/image\/","url":"https:\/\/www.parisheure.com\/wp-content\/uploads\/2021\/07\/cropped-logo-paris-heure.png","contentUrl":"https:\/\/www.parisheure.com\/wp-content\/uploads\/2021\/07\/cropped-logo-paris-heure.png","width":512,"height":512,"caption":"PARIS HEURE"},"image":{"@id":"https:\/\/www.parisheure.com\/#\/schema\/logo\/image\/"},"sameAs":["https:\/\/www.facebook.com\/ParisHeure","https:\/\/www.instagram.com\/parisheure\/"]}]}},"jetpack_sharing_enabled":true,"brands":[{"id":432,"name":"Rolex","slug":"rolex"}],"_links":{"self":[{"href":"https:\/\/www.parisheure.com\/en\/wp-json\/wp\/v2\/product\/11655","targetHints":{"allow":["GET"]}}],"collection":[{"href":"https:\/\/www.parisheure.com\/en\/wp-json\/wp\/v2\/product"}],"about":[{"href":"https:\/\/www.parisheure.com\/en\/wp-json\/wp\/v2\/types\/product"}],"version-history":[{"count":1,"href":"https:\/\/www.parisheure.com\/en\/wp-json\/wp\/v2\/product\/11655\/revisions"}],"predecessor-version":[{"id":14162,"href":"https:\/\/www.parisheure.com\/en\/wp-json\/wp\/v2\/product\/11655\/revisions\/14162"}],"wp:featuredmedia":[{"embeddable":true,"href":"https:\/\/www.parisheure.com\/en\/wp-json\/wp\/v2\/media\/11677"}],"wp:attachment":[{"href":"https:\/\/www.parisheure.com\/en\/wp-json\/wp\/v2\/media?parent=11655"}],"wp:term":[{"taxonomy":"pwb-brand","embeddable":true,"href":"https:\/\/www.parisheure.com\/en\/wp-json\/wp\/v2\/pwb-brand?post=11655"},{"taxonomy":"product_brand","embeddable":true,"href":"https:\/\/www.parisheure.com\/en\/wp-json\/wp\/v2\/product_brand?post=11655"},{"taxonomy":"product_cat","embeddable":true,"href":"https:\/\/www.parisheure.com\/en\/wp-json\/wp\/v2\/product_cat?post=11655"},{"taxonomy":"product_tag","embeddable":true,"href":"https:\/\/www.parisheure.com\/en\/wp-json\/wp\/v2\/product_tag?post=11655"}],"curies":[{"name":"wp","href":"https:\/\/api.w.org\/{rel}","templated":true}]}}