{"id":11717,"date":"2022-10-08T16:59:35","date_gmt":"2022-10-08T14:59:35","guid":{"rendered":"https:\/\/www.parisheure.com\/?post_type=product&#038;p=11717"},"modified":"2024-10-23T10:27:59","modified_gmt":"2024-10-23T08:27:59","slug":"rolex-datejust-36-blue-neuve-ref-126234","status":"publish","type":"product","link":"https:\/\/www.parisheure.com\/en\/buy-watch\/rolex-datejust-36-blue-neuve-ref-126234\/","title":{"rendered":"ROLEX DATEJUST 36 BLUE NEW REF 126234"},"content":{"rendered":"<p><strong>Our opinion:<\/strong> Depuis la r\u00e9\u00e9dition de la datejust en 36mm Rolex a rendu ce mod\u00e8le recherch\u00e9 et quasi introuvable en boutique d\u2019o\u00f9 son petit premium sur le prix. Cette configuration est la plus rare et difficile \u00e0 trouver neuve cadran bleu lunette cannel\u00e9e en or blanc et bracelet jubil\u00e9 d\u2019origine. La r\u00e9f\u00e9rence 126\u00e934 est le plus haut de gamme de la collection Datejust acier.<\/p>","protected":false},"excerpt":{"rendered":"<p><strong>Brand:<\/strong>\u00a0Rolex<\/p>\n<p><strong>Model:<\/strong>\u00a0Datejust 36<\/p>\n<p><strong>Movement\u00a0: <\/strong>Automatic<\/p>\n<p><strong>Reference:<\/strong>\u00a0126234<\/p>\n<p><strong>Diameter\u00a0: <\/strong>36mm<\/p>\n<p><strong>Year:<\/strong>\u00a02022<\/p>\n<p><strong>Case:<\/strong>\u00a0\u00c9tat neuf jamais polie. Lunette or blanc. Stickers encore pr\u00e9sents<\/p>\n<p><strong>Dial:<\/strong>\u00a0Beau cadran bleu d\u2019origine neuf<\/p>\n<p><strong>Bracelet:<\/strong>\u00a0Original jubilee steel<\/p>\n<p><strong>Accessories: <\/strong>Boite et papiers d\u2019origine de 2022<\/p>","protected":false},"featured_media":11729,"template":"","meta":[],"pwb-brand":[432],"product_brand":[],"product_cat":[107,367,90,249],"product_tag":[351,168,131,350,127],"class_list":{"0":"post-11717","1":"product","2":"type-product","3":"status-publish","4":"has-post-thumbnail","6":"pwb-brand-rolex","7":"product_cat-archives","8":"product_cat-montres-paris-heure","9":"product_cat-rolex","10":"product_cat-rolex-datejust","11":"product_tag-351","12":"product_tag-blue-dial","13":"product_tag-datejust","14":"product_tag-neuve","15":"product_tag-rolex","17":"first","18":"outofstock","19":"shipping-taxable","20":"product-type-simple"},"yoast_head":"<!-- This site is optimized with the Yoast SEO plugin v27.5 - https:\/\/yoast.com\/product\/yoast-seo-wordpress\/ -->\n<title>ROLEX DATEJUST 36 BLUE NEUVE REF 126234<\/title>\n<meta name=\"description\" content=\"Marque: Rolex Mod\u00e8le: Datejust 36 Mouvement : Automatique R\u00e9f\u00e9rence: 126234 Diam\u00e8tre : 36mm Ann\u00e9e: 2022 Boite: \u00c9tat neuf jamais polie. Stickers encore pr\u00e9sents.\" \/>\n<meta name=\"robots\" content=\"index, follow, max-snippet:-1, max-image-preview:large, max-video-preview:-1\" \/>\n<link rel=\"canonical\" href=\"https:\/\/www.parisheure.com\/en\/buy-watch\/rolex-datejust-36-blue-neuve-ref-126234\/\" \/>\n<meta property=\"og:locale\" content=\"en_US\" \/>\n<meta property=\"og:type\" content=\"article\" \/>\n<meta property=\"og:title\" content=\"ROLEX DATEJUST 36 BLUE NEUVE REF 126234\" \/>\n<meta property=\"og:description\" content=\"Marque: Rolex Mod\u00e8le: Datejust 36 Mouvement : Automatique R\u00e9f\u00e9rence: 126234 Diam\u00e8tre : 36mm Ann\u00e9e: 2022 Boite: \u00c9tat neuf jamais polie. Stickers encore pr\u00e9sents.\" \/>\n<meta property=\"og:url\" content=\"https:\/\/www.parisheure.com\/en\/buy-watch\/rolex-datejust-36-blue-neuve-ref-126234\/\" \/>\n<meta property=\"og:site_name\" content=\"PARIS HEURE\" \/>\n<meta property=\"article:publisher\" content=\"https:\/\/www.facebook.com\/ParisHeure\" \/>\n<meta property=\"article:modified_time\" content=\"2024-10-23T08:27:59+00:00\" \/>\n<meta property=\"og:image\" content=\"https:\/\/www.parisheure.com\/wp-content\/uploads\/2022\/10\/ROLEX-DATEJUST-BLUE-36MM-NEUVE-REF-126234-N\u00b00287XXXXX-_0011_Calque-5-scaled.jpg\" \/>\n\t<meta property=\"og:image:width\" content=\"2560\" \/>\n\t<meta property=\"og:image:height\" content=\"2560\" \/>\n\t<meta property=\"og:image:type\" content=\"image\/jpeg\" \/>\n<meta name=\"twitter:card\" content=\"summary_large_image\" \/>\n<script type=\"application\/ld+json\" class=\"yoast-schema-graph\">{\"@context\":\"https:\\\/\\\/schema.org\",\"@graph\":[{\"@type\":\"WebPage\",\"@id\":\"https:\\\/\\\/www.parisheure.com\\\/acheter-montre\\\/rolex-datejust-36-blue-neuve-ref-126234\\\/\",\"url\":\"https:\\\/\\\/www.parisheure.com\\\/acheter-montre\\\/rolex-datejust-36-blue-neuve-ref-126234\\\/\",\"name\":\"ROLEX DATEJUST 36 BLUE NEUVE REF 126234\",\"isPartOf\":{\"@id\":\"https:\\\/\\\/www.parisheure.com\\\/#website\"},\"primaryImageOfPage\":{\"@id\":\"https:\\\/\\\/www.parisheure.com\\\/acheter-montre\\\/rolex-datejust-36-blue-neuve-ref-126234\\\/#primaryimage\"},\"image\":{\"@id\":\"https:\\\/\\\/www.parisheure.com\\\/acheter-montre\\\/rolex-datejust-36-blue-neuve-ref-126234\\\/#primaryimage\"},\"thumbnailUrl\":\"https:\\\/\\\/www.parisheure.com\\\/wp-content\\\/uploads\\\/2022\\\/10\\\/ROLEX-DATEJUST-BLUE-36MM-NEUVE-REF-126234-N\u00b00287XXXXX-_0011_Calque-5-scaled.jpg\",\"datePublished\":\"2022-10-08T14:59:35+00:00\",\"dateModified\":\"2024-10-23T08:27:59+00:00\",\"description\":\"Marque: Rolex Mod\u00e8le: Datejust 36 Mouvement : Automatique R\u00e9f\u00e9rence: 126234 Diam\u00e8tre : 36mm Ann\u00e9e: 2022 Boite: \u00c9tat neuf jamais polie. Stickers encore pr\u00e9sents.\",\"breadcrumb\":{\"@id\":\"https:\\\/\\\/www.parisheure.com\\\/acheter-montre\\\/rolex-datejust-36-blue-neuve-ref-126234\\\/#breadcrumb\"},\"inLanguage\":\"en-US\",\"potentialAction\":[{\"@type\":\"ReadAction\",\"target\":[\"https:\\\/\\\/www.parisheure.com\\\/acheter-montre\\\/rolex-datejust-36-blue-neuve-ref-126234\\\/\"]}]},{\"@type\":\"ImageObject\",\"inLanguage\":\"en-US\",\"@id\":\"https:\\\/\\\/www.parisheure.com\\\/acheter-montre\\\/rolex-datejust-36-blue-neuve-ref-126234\\\/#primaryimage\",\"url\":\"https:\\\/\\\/www.parisheure.com\\\/wp-content\\\/uploads\\\/2022\\\/10\\\/ROLEX-DATEJUST-BLUE-36MM-NEUVE-REF-126234-N\u00b00287XXXXX-_0011_Calque-5-scaled.jpg\",\"contentUrl\":\"https:\\\/\\\/www.parisheure.com\\\/wp-content\\\/uploads\\\/2022\\\/10\\\/ROLEX-DATEJUST-BLUE-36MM-NEUVE-REF-126234-N\u00b00287XXXXX-_0011_Calque-5-scaled.jpg\",\"width\":2560,\"height\":2560},{\"@type\":\"BreadcrumbList\",\"@id\":\"https:\\\/\\\/www.parisheure.com\\\/acheter-montre\\\/rolex-datejust-36-blue-neuve-ref-126234\\\/#breadcrumb\",\"itemListElement\":[{\"@type\":\"ListItem\",\"position\":1,\"name\":\"Accueil\",\"item\":\"https:\\\/\\\/www.parisheure.com\\\/\"},{\"@type\":\"ListItem\",\"position\":2,\"name\":\"WATCHES\",\"item\":\"https:\\\/\\\/www.parisheure.com\\\/\"},{\"@type\":\"ListItem\",\"position\":3,\"name\":\"ROLEX DATEJUST 36 BLUE NEUVE REF 126234\"}]},{\"@type\":\"WebSite\",\"@id\":\"https:\\\/\\\/www.parisheure.com\\\/#website\",\"url\":\"https:\\\/\\\/www.parisheure.com\\\/\",\"name\":\"PARIS HEURE\",\"description\":\"Vintage watches Paris\",\"publisher\":{\"@id\":\"https:\\\/\\\/www.parisheure.com\\\/#organization\"},\"potentialAction\":[{\"@type\":\"SearchAction\",\"target\":{\"@type\":\"EntryPoint\",\"urlTemplate\":\"https:\\\/\\\/www.parisheure.com\\\/?s={search_term_string}\"},\"query-input\":{\"@type\":\"PropertyValueSpecification\",\"valueRequired\":true,\"valueName\":\"search_term_string\"}}],\"inLanguage\":\"en-US\"},{\"@type\":\"Organization\",\"@id\":\"https:\\\/\\\/www.parisheure.com\\\/#organization\",\"name\":\"PARIS HEURE\",\"url\":\"https:\\\/\\\/www.parisheure.com\\\/\",\"logo\":{\"@type\":\"ImageObject\",\"inLanguage\":\"en-US\",\"@id\":\"https:\\\/\\\/www.parisheure.com\\\/#\\\/schema\\\/logo\\\/image\\\/\",\"url\":\"https:\\\/\\\/www.parisheure.com\\\/wp-content\\\/uploads\\\/2021\\\/07\\\/cropped-logo-paris-heure.png\",\"contentUrl\":\"https:\\\/\\\/www.parisheure.com\\\/wp-content\\\/uploads\\\/2021\\\/07\\\/cropped-logo-paris-heure.png\",\"width\":512,\"height\":512,\"caption\":\"PARIS HEURE\"},\"image\":{\"@id\":\"https:\\\/\\\/www.parisheure.com\\\/#\\\/schema\\\/logo\\\/image\\\/\"},\"sameAs\":[\"https:\\\/\\\/www.facebook.com\\\/ParisHeure\",\"https:\\\/\\\/www.instagram.com\\\/parisheure\\\/\"]}]}<\/script>\n<!-- \/ Yoast SEO plugin. -->","yoast_head_json":{"title":"ROLEX DATEJUST 36 BLUE NEW REF 126234","description":"Marque: Rolex Mod\u00e8le: Datejust 36 Mouvement : Automatique R\u00e9f\u00e9rence: 126234 Diam\u00e8tre : 36mm Ann\u00e9e: 2022 Boite: \u00c9tat neuf jamais polie. Stickers encore pr\u00e9sents.","robots":{"index":"index","follow":"follow","max-snippet":"max-snippet:-1","max-image-preview":"max-image-preview:large","max-video-preview":"max-video-preview:-1"},"canonical":"https:\/\/www.parisheure.com\/en\/buy-watch\/rolex-datejust-36-blue-neuve-ref-126234\/","og_locale":"en_US","og_type":"article","og_title":"ROLEX DATEJUST 36 BLUE NEUVE REF 126234","og_description":"Marque: Rolex Mod\u00e8le: Datejust 36 Mouvement : Automatique R\u00e9f\u00e9rence: 126234 Diam\u00e8tre : 36mm Ann\u00e9e: 2022 Boite: \u00c9tat neuf jamais polie. Stickers encore pr\u00e9sents.","og_url":"https:\/\/www.parisheure.com\/en\/buy-watch\/rolex-datejust-36-blue-neuve-ref-126234\/","og_site_name":"PARIS HEURE","article_publisher":"https:\/\/www.facebook.com\/ParisHeure","article_modified_time":"2024-10-23T08:27:59+00:00","og_image":[{"width":2560,"height":2560,"url":"https:\/\/www.parisheure.com\/wp-content\/uploads\/2022\/10\/ROLEX-DATEJUST-BLUE-36MM-NEUVE-REF-126234-N\u00b00287XXXXX-_0011_Calque-5-scaled.jpg","type":"image\/jpeg"}],"twitter_card":"summary_large_image","schema":{"@context":"https:\/\/schema.org","@graph":[{"@type":"WebPage","@id":"https:\/\/www.parisheure.com\/acheter-montre\/rolex-datejust-36-blue-neuve-ref-126234\/","url":"https:\/\/www.parisheure.com\/acheter-montre\/rolex-datejust-36-blue-neuve-ref-126234\/","name":"ROLEX DATEJUST 36 BLUE NEW REF 126234","isPartOf":{"@id":"https:\/\/www.parisheure.com\/#website"},"primaryImageOfPage":{"@id":"https:\/\/www.parisheure.com\/acheter-montre\/rolex-datejust-36-blue-neuve-ref-126234\/#primaryimage"},"image":{"@id":"https:\/\/www.parisheure.com\/acheter-montre\/rolex-datejust-36-blue-neuve-ref-126234\/#primaryimage"},"thumbnailUrl":"https:\/\/www.parisheure.com\/wp-content\/uploads\/2022\/10\/ROLEX-DATEJUST-BLUE-36MM-NEUVE-REF-126234-N\u00b00287XXXXX-_0011_Calque-5-scaled.jpg","datePublished":"2022-10-08T14:59:35+00:00","dateModified":"2024-10-23T08:27:59+00:00","description":"Marque: Rolex Mod\u00e8le: Datejust 36 Mouvement : Automatique R\u00e9f\u00e9rence: 126234 Diam\u00e8tre : 36mm Ann\u00e9e: 2022 Boite: \u00c9tat neuf jamais polie. Stickers encore pr\u00e9sents.","breadcrumb":{"@id":"https:\/\/www.parisheure.com\/acheter-montre\/rolex-datejust-36-blue-neuve-ref-126234\/#breadcrumb"},"inLanguage":"en-US","potentialAction":[{"@type":"ReadAction","target":["https:\/\/www.parisheure.com\/acheter-montre\/rolex-datejust-36-blue-neuve-ref-126234\/"]}]},{"@type":"ImageObject","inLanguage":"en-US","@id":"https:\/\/www.parisheure.com\/acheter-montre\/rolex-datejust-36-blue-neuve-ref-126234\/#primaryimage","url":"https:\/\/www.parisheure.com\/wp-content\/uploads\/2022\/10\/ROLEX-DATEJUST-BLUE-36MM-NEUVE-REF-126234-N\u00b00287XXXXX-_0011_Calque-5-scaled.jpg","contentUrl":"https:\/\/www.parisheure.com\/wp-content\/uploads\/2022\/10\/ROLEX-DATEJUST-BLUE-36MM-NEUVE-REF-126234-N\u00b00287XXXXX-_0011_Calque-5-scaled.jpg","width":2560,"height":2560},{"@type":"BreadcrumbList","@id":"https:\/\/www.parisheure.com\/acheter-montre\/rolex-datejust-36-blue-neuve-ref-126234\/#breadcrumb","itemListElement":[{"@type":"ListItem","position":1,"name":"Accueil","item":"https:\/\/www.parisheure.com\/"},{"@type":"ListItem","position":2,"name":"WATCHES","item":"https:\/\/www.parisheure.com\/"},{"@type":"ListItem","position":3,"name":"ROLEX DATEJUST 36 BLUE NEUVE REF 126234"}]},{"@type":"WebSite","@id":"https:\/\/www.parisheure.com\/#website","url":"https:\/\/www.parisheure.com\/","name":"PARIS HEURE","description":"Vintage watches Paris","publisher":{"@id":"https:\/\/www.parisheure.com\/#organization"},"potentialAction":[{"@type":"SearchAction","target":{"@type":"EntryPoint","urlTemplate":"https:\/\/www.parisheure.com\/?s={search_term_string}"},"query-input":{"@type":"PropertyValueSpecification","valueRequired":true,"valueName":"search_term_string"}}],"inLanguage":"en-US"},{"@type":"Organization","@id":"https:\/\/www.parisheure.com\/#organization","name":"PARIS HEURE","url":"https:\/\/www.parisheure.com\/","logo":{"@type":"ImageObject","inLanguage":"en-US","@id":"https:\/\/www.parisheure.com\/#\/schema\/logo\/image\/","url":"https:\/\/www.parisheure.com\/wp-content\/uploads\/2021\/07\/cropped-logo-paris-heure.png","contentUrl":"https:\/\/www.parisheure.com\/wp-content\/uploads\/2021\/07\/cropped-logo-paris-heure.png","width":512,"height":512,"caption":"PARIS HEURE"},"image":{"@id":"https:\/\/www.parisheure.com\/#\/schema\/logo\/image\/"},"sameAs":["https:\/\/www.facebook.com\/ParisHeure","https:\/\/www.instagram.com\/parisheure\/"]}]}},"jetpack_sharing_enabled":true,"brands":[{"id":432,"name":"Rolex","slug":"rolex"}],"_links":{"self":[{"href":"https:\/\/www.parisheure.com\/en\/wp-json\/wp\/v2\/product\/11717","targetHints":{"allow":["GET"]}}],"collection":[{"href":"https:\/\/www.parisheure.com\/en\/wp-json\/wp\/v2\/product"}],"about":[{"href":"https:\/\/www.parisheure.com\/en\/wp-json\/wp\/v2\/types\/product"}],"version-history":[{"count":1,"href":"https:\/\/www.parisheure.com\/en\/wp-json\/wp\/v2\/product\/11717\/revisions"}],"predecessor-version":[{"id":14165,"href":"https:\/\/www.parisheure.com\/en\/wp-json\/wp\/v2\/product\/11717\/revisions\/14165"}],"wp:featuredmedia":[{"embeddable":true,"href":"https:\/\/www.parisheure.com\/en\/wp-json\/wp\/v2\/media\/11729"}],"wp:attachment":[{"href":"https:\/\/www.parisheure.com\/en\/wp-json\/wp\/v2\/media?parent=11717"}],"wp:term":[{"taxonomy":"pwb-brand","embeddable":true,"href":"https:\/\/www.parisheure.com\/en\/wp-json\/wp\/v2\/pwb-brand?post=11717"},{"taxonomy":"product_brand","embeddable":true,"href":"https:\/\/www.parisheure.com\/en\/wp-json\/wp\/v2\/product_brand?post=11717"},{"taxonomy":"product_cat","embeddable":true,"href":"https:\/\/www.parisheure.com\/en\/wp-json\/wp\/v2\/product_cat?post=11717"},{"taxonomy":"product_tag","embeddable":true,"href":"https:\/\/www.parisheure.com\/en\/wp-json\/wp\/v2\/product_tag?post=11717"}],"curies":[{"name":"wp","href":"https:\/\/api.w.org\/{rel}","templated":true}]}}