{"id":11759,"date":"2022-11-02T18:43:17","date_gmt":"2022-11-02T17:43:17","guid":{"rendered":"https:\/\/www.parisheure.com\/?post_type=product&#038;p=11759"},"modified":"2024-10-23T10:27:19","modified_gmt":"2024-10-23T08:27:19","slug":"cartier-tank-extra-thin-or-jaune-18k-750-deployante-18k-from-1990s","status":"publish","type":"product","link":"https:\/\/www.parisheure.com\/en\/buy-watch\/cartier-tank-extra-thin-or-jaune-18k-750-deployante-18k-from-1990s\/","title":{"rendered":"CARTIER TANK EXTRA THIN GOLD 18K 750 DEPLOYANTE 18K FROM 1990's"},"content":{"rendered":"<p><strong>Our opinion:<\/strong> Un classique ind\u00e9modable, intemporel encore au catalogue Cartier. Ce mod\u00e8le a \u00e9t\u00e9 d\u00e9tourn\u00e9 par Cartier depuis les ann\u00e9es 50, en or, diamants haute joaillerie\u2026 Mouvement m\u00e9canique base Piguet extra plat tr\u00e8s haut de gamme, boite en or jaune 18K et mont\u00e9e sur un bracelet avec boucle d\u00e9ployante en or 18K non r\u00e9glable d\u2019\u00e9poque, la montre est en parfait \u00e9tat. C\u2019est la vraie tank extra plate d\u2019\u00e9poque\u00a0!<\/p>","protected":false},"excerpt":{"rendered":"<p><strong>Brand:<\/strong>\u00a0Cartier<\/p>\n<p><strong>Model:<\/strong>\u00a0Tank extra plate<\/p>\n<p><strong>Movement\u00a0: <\/strong>Manual<\/p>\n<p><strong>Year:<\/strong>\u00a01990\u2019s<\/p>\n<p><strong>Case:<\/strong>\u00a0Beau boitier de forme carr\u00e9 LA TANK en version extra plate mouvement piguet. Avec ses 4 vis de fond si particulier \u00e0 ce mod\u00e8le en or jaune 18k. Appel\u00e9 Tank par sa forme si particuli\u00e8re. Num\u00e9rotation cartier encore bien lisible ainsi que les poin\u00e7ons d\u2019or 18k bien conserv\u00e9. Bel \u00e9tat de conservation et boitier quasiment pas polie.<\/p>\n<p><strong>Dial:<\/strong>\u00a0Beautiful original white dial with beautiful markings on the indexes. Cartier signature at 12 o'clock and Paris at 6 o'clock. Nice general patina.<\/p>\n<p><strong>Bracelet : <\/strong>Cuir avec boucle depllyante en or 18k non r\u00e9glable et poin\u00e7onn\u00e9s<\/p>\n<p><strong>Accessories: <\/strong>None<\/p>","protected":false},"featured_media":11772,"template":"","meta":[],"pwb-brand":[433],"product_brand":[],"product_cat":[107,94,367],"product_tag":[354,111,353,355,352],"class_list":{"0":"post-11759","1":"product","2":"type-product","3":"status-publish","4":"has-post-thumbnail","6":"pwb-brand-cartier","7":"product_cat-archives","8":"product_cat-cartier","9":"product_cat-montres-paris-heure","10":"product_tag-1990s","11":"product_tag-cartier","12":"product_tag-extra-plate","13":"product_tag-gold","14":"product_tag-tank","16":"first","17":"outofstock","18":"shipping-taxable","19":"product-type-simple"},"yoast_head":"<!-- This site is optimized with the Yoast SEO plugin v27.5 - https:\/\/yoast.com\/product\/yoast-seo-wordpress\/ -->\n<title>CARTIER TANK EXTRA THIN OR JAUNE 18K 750 DEPLOYANTE 18K FROM 1990\u2019s<\/title>\n<meta name=\"description\" content=\"Notre avis: Un classique ind\u00e9modable, intemporel encore au catalogue Cartier. Ce mod\u00e8le a \u00e9t\u00e9 d\u00e9tourn\u00e9 par Cartier depuis les ann\u00e9es 50, en or, diamants ...\" \/>\n<meta name=\"robots\" content=\"index, follow, max-snippet:-1, max-image-preview:large, max-video-preview:-1\" \/>\n<link rel=\"canonical\" href=\"https:\/\/www.parisheure.com\/en\/buy-watch\/cartier-tank-extra-thin-or-jaune-18k-750-deployante-18k-from-1990s\/\" \/>\n<meta property=\"og:locale\" content=\"en_US\" \/>\n<meta property=\"og:type\" content=\"article\" \/>\n<meta property=\"og:title\" content=\"CARTIER TANK EXTRA THIN OR JAUNE 18K 750 DEPLOYANTE 18K FROM 1990\u2019s\" \/>\n<meta property=\"og:description\" content=\"Notre avis: Un classique ind\u00e9modable, intemporel encore au catalogue Cartier. Ce mod\u00e8le a \u00e9t\u00e9 d\u00e9tourn\u00e9 par Cartier depuis les ann\u00e9es 50, en or, diamants ...\" \/>\n<meta property=\"og:url\" content=\"https:\/\/www.parisheure.com\/en\/buy-watch\/cartier-tank-extra-thin-or-jaune-18k-750-deployante-18k-from-1990s\/\" \/>\n<meta property=\"og:site_name\" content=\"PARIS HEURE\" \/>\n<meta property=\"article:publisher\" content=\"https:\/\/www.facebook.com\/ParisHeure\" \/>\n<meta property=\"article:modified_time\" content=\"2024-10-23T08:27:19+00:00\" \/>\n<meta property=\"og:image\" content=\"https:\/\/www.parisheure.com\/wp-content\/uploads\/2022\/11\/CARTIER-TANK-EXTRA-THIN-OR-JAUNE-18K-750-DEPLOYANTE-18K-N\u00b09601XXXXX-_0012_Calque-4-scaled.jpg\" \/>\n\t<meta property=\"og:image:width\" content=\"2560\" \/>\n\t<meta property=\"og:image:height\" content=\"2560\" \/>\n\t<meta property=\"og:image:type\" content=\"image\/jpeg\" \/>\n<meta name=\"twitter:card\" content=\"summary_large_image\" \/>\n<script type=\"application\/ld+json\" class=\"yoast-schema-graph\">{\"@context\":\"https:\\\/\\\/schema.org\",\"@graph\":[{\"@type\":\"WebPage\",\"@id\":\"https:\\\/\\\/www.parisheure.com\\\/acheter-montre\\\/cartier-tank-extra-thin-or-jaune-18k-750-deployante-18k-from-1990s\\\/\",\"url\":\"https:\\\/\\\/www.parisheure.com\\\/acheter-montre\\\/cartier-tank-extra-thin-or-jaune-18k-750-deployante-18k-from-1990s\\\/\",\"name\":\"CARTIER TANK EXTRA THIN OR JAUNE 18K 750 DEPLOYANTE 18K FROM 1990\u2019s\",\"isPartOf\":{\"@id\":\"https:\\\/\\\/www.parisheure.com\\\/#website\"},\"primaryImageOfPage\":{\"@id\":\"https:\\\/\\\/www.parisheure.com\\\/acheter-montre\\\/cartier-tank-extra-thin-or-jaune-18k-750-deployante-18k-from-1990s\\\/#primaryimage\"},\"image\":{\"@id\":\"https:\\\/\\\/www.parisheure.com\\\/acheter-montre\\\/cartier-tank-extra-thin-or-jaune-18k-750-deployante-18k-from-1990s\\\/#primaryimage\"},\"thumbnailUrl\":\"https:\\\/\\\/www.parisheure.com\\\/wp-content\\\/uploads\\\/2022\\\/11\\\/CARTIER-TANK-EXTRA-THIN-OR-JAUNE-18K-750-DEPLOYANTE-18K-N\u00b09601XXXXX-_0012_Calque-4-scaled.jpg\",\"datePublished\":\"2022-11-02T17:43:17+00:00\",\"dateModified\":\"2024-10-23T08:27:19+00:00\",\"description\":\"Notre avis: Un classique ind\u00e9modable, intemporel encore au catalogue Cartier. Ce mod\u00e8le a \u00e9t\u00e9 d\u00e9tourn\u00e9 par Cartier depuis les ann\u00e9es 50, en or, diamants ...\",\"breadcrumb\":{\"@id\":\"https:\\\/\\\/www.parisheure.com\\\/acheter-montre\\\/cartier-tank-extra-thin-or-jaune-18k-750-deployante-18k-from-1990s\\\/#breadcrumb\"},\"inLanguage\":\"en-US\",\"potentialAction\":[{\"@type\":\"ReadAction\",\"target\":[\"https:\\\/\\\/www.parisheure.com\\\/acheter-montre\\\/cartier-tank-extra-thin-or-jaune-18k-750-deployante-18k-from-1990s\\\/\"]}]},{\"@type\":\"ImageObject\",\"inLanguage\":\"en-US\",\"@id\":\"https:\\\/\\\/www.parisheure.com\\\/acheter-montre\\\/cartier-tank-extra-thin-or-jaune-18k-750-deployante-18k-from-1990s\\\/#primaryimage\",\"url\":\"https:\\\/\\\/www.parisheure.com\\\/wp-content\\\/uploads\\\/2022\\\/11\\\/CARTIER-TANK-EXTRA-THIN-OR-JAUNE-18K-750-DEPLOYANTE-18K-N\u00b09601XXXXX-_0012_Calque-4-scaled.jpg\",\"contentUrl\":\"https:\\\/\\\/www.parisheure.com\\\/wp-content\\\/uploads\\\/2022\\\/11\\\/CARTIER-TANK-EXTRA-THIN-OR-JAUNE-18K-750-DEPLOYANTE-18K-N\u00b09601XXXXX-_0012_Calque-4-scaled.jpg\",\"width\":2560,\"height\":2560},{\"@type\":\"BreadcrumbList\",\"@id\":\"https:\\\/\\\/www.parisheure.com\\\/acheter-montre\\\/cartier-tank-extra-thin-or-jaune-18k-750-deployante-18k-from-1990s\\\/#breadcrumb\",\"itemListElement\":[{\"@type\":\"ListItem\",\"position\":1,\"name\":\"Accueil\",\"item\":\"https:\\\/\\\/www.parisheure.com\\\/\"},{\"@type\":\"ListItem\",\"position\":2,\"name\":\"WATCHES\",\"item\":\"https:\\\/\\\/www.parisheure.com\\\/\"},{\"@type\":\"ListItem\",\"position\":3,\"name\":\"CARTIER TANK EXTRA THIN OR JAUNE 18K 750 DEPLOYANTE 18K FROM 1990\u2019s\"}]},{\"@type\":\"WebSite\",\"@id\":\"https:\\\/\\\/www.parisheure.com\\\/#website\",\"url\":\"https:\\\/\\\/www.parisheure.com\\\/\",\"name\":\"PARIS HEURE\",\"description\":\"Vintage watches Paris\",\"publisher\":{\"@id\":\"https:\\\/\\\/www.parisheure.com\\\/#organization\"},\"potentialAction\":[{\"@type\":\"SearchAction\",\"target\":{\"@type\":\"EntryPoint\",\"urlTemplate\":\"https:\\\/\\\/www.parisheure.com\\\/?s={search_term_string}\"},\"query-input\":{\"@type\":\"PropertyValueSpecification\",\"valueRequired\":true,\"valueName\":\"search_term_string\"}}],\"inLanguage\":\"en-US\"},{\"@type\":\"Organization\",\"@id\":\"https:\\\/\\\/www.parisheure.com\\\/#organization\",\"name\":\"PARIS HEURE\",\"url\":\"https:\\\/\\\/www.parisheure.com\\\/\",\"logo\":{\"@type\":\"ImageObject\",\"inLanguage\":\"en-US\",\"@id\":\"https:\\\/\\\/www.parisheure.com\\\/#\\\/schema\\\/logo\\\/image\\\/\",\"url\":\"https:\\\/\\\/www.parisheure.com\\\/wp-content\\\/uploads\\\/2021\\\/07\\\/cropped-logo-paris-heure.png\",\"contentUrl\":\"https:\\\/\\\/www.parisheure.com\\\/wp-content\\\/uploads\\\/2021\\\/07\\\/cropped-logo-paris-heure.png\",\"width\":512,\"height\":512,\"caption\":\"PARIS HEURE\"},\"image\":{\"@id\":\"https:\\\/\\\/www.parisheure.com\\\/#\\\/schema\\\/logo\\\/image\\\/\"},\"sameAs\":[\"https:\\\/\\\/www.facebook.com\\\/ParisHeure\",\"https:\\\/\\\/www.instagram.com\\\/parisheure\\\/\"]}]}<\/script>\n<!-- \/ Yoast SEO plugin. -->","yoast_head_json":{"title":"CARTIER TANK EXTRA THIN GOLD 18K 750 DEPLOYANTE 18K FROM 1990's","description":"Notre avis: Un classique ind\u00e9modable, intemporel encore au catalogue Cartier. Ce mod\u00e8le a \u00e9t\u00e9 d\u00e9tourn\u00e9 par Cartier depuis les ann\u00e9es 50, en or, diamants ...","robots":{"index":"index","follow":"follow","max-snippet":"max-snippet:-1","max-image-preview":"max-image-preview:large","max-video-preview":"max-video-preview:-1"},"canonical":"https:\/\/www.parisheure.com\/en\/buy-watch\/cartier-tank-extra-thin-or-jaune-18k-750-deployante-18k-from-1990s\/","og_locale":"en_US","og_type":"article","og_title":"CARTIER TANK EXTRA THIN OR JAUNE 18K 750 DEPLOYANTE 18K FROM 1990\u2019s","og_description":"Notre avis: Un classique ind\u00e9modable, intemporel encore au catalogue Cartier. Ce mod\u00e8le a \u00e9t\u00e9 d\u00e9tourn\u00e9 par Cartier depuis les ann\u00e9es 50, en or, diamants ...","og_url":"https:\/\/www.parisheure.com\/en\/buy-watch\/cartier-tank-extra-thin-or-jaune-18k-750-deployante-18k-from-1990s\/","og_site_name":"PARIS HEURE","article_publisher":"https:\/\/www.facebook.com\/ParisHeure","article_modified_time":"2024-10-23T08:27:19+00:00","og_image":[{"width":2560,"height":2560,"url":"https:\/\/www.parisheure.com\/wp-content\/uploads\/2022\/11\/CARTIER-TANK-EXTRA-THIN-OR-JAUNE-18K-750-DEPLOYANTE-18K-N\u00b09601XXXXX-_0012_Calque-4-scaled.jpg","type":"image\/jpeg"}],"twitter_card":"summary_large_image","schema":{"@context":"https:\/\/schema.org","@graph":[{"@type":"WebPage","@id":"https:\/\/www.parisheure.com\/acheter-montre\/cartier-tank-extra-thin-or-jaune-18k-750-deployante-18k-from-1990s\/","url":"https:\/\/www.parisheure.com\/acheter-montre\/cartier-tank-extra-thin-or-jaune-18k-750-deployante-18k-from-1990s\/","name":"CARTIER TANK EXTRA THIN GOLD 18K 750 DEPLOYANTE 18K FROM 1990's","isPartOf":{"@id":"https:\/\/www.parisheure.com\/#website"},"primaryImageOfPage":{"@id":"https:\/\/www.parisheure.com\/acheter-montre\/cartier-tank-extra-thin-or-jaune-18k-750-deployante-18k-from-1990s\/#primaryimage"},"image":{"@id":"https:\/\/www.parisheure.com\/acheter-montre\/cartier-tank-extra-thin-or-jaune-18k-750-deployante-18k-from-1990s\/#primaryimage"},"thumbnailUrl":"https:\/\/www.parisheure.com\/wp-content\/uploads\/2022\/11\/CARTIER-TANK-EXTRA-THIN-OR-JAUNE-18K-750-DEPLOYANTE-18K-N\u00b09601XXXXX-_0012_Calque-4-scaled.jpg","datePublished":"2022-11-02T17:43:17+00:00","dateModified":"2024-10-23T08:27:19+00:00","description":"Notre avis: Un classique ind\u00e9modable, intemporel encore au catalogue Cartier. Ce mod\u00e8le a \u00e9t\u00e9 d\u00e9tourn\u00e9 par Cartier depuis les ann\u00e9es 50, en or, diamants ...","breadcrumb":{"@id":"https:\/\/www.parisheure.com\/acheter-montre\/cartier-tank-extra-thin-or-jaune-18k-750-deployante-18k-from-1990s\/#breadcrumb"},"inLanguage":"en-US","potentialAction":[{"@type":"ReadAction","target":["https:\/\/www.parisheure.com\/acheter-montre\/cartier-tank-extra-thin-or-jaune-18k-750-deployante-18k-from-1990s\/"]}]},{"@type":"ImageObject","inLanguage":"en-US","@id":"https:\/\/www.parisheure.com\/acheter-montre\/cartier-tank-extra-thin-or-jaune-18k-750-deployante-18k-from-1990s\/#primaryimage","url":"https:\/\/www.parisheure.com\/wp-content\/uploads\/2022\/11\/CARTIER-TANK-EXTRA-THIN-OR-JAUNE-18K-750-DEPLOYANTE-18K-N\u00b09601XXXXX-_0012_Calque-4-scaled.jpg","contentUrl":"https:\/\/www.parisheure.com\/wp-content\/uploads\/2022\/11\/CARTIER-TANK-EXTRA-THIN-OR-JAUNE-18K-750-DEPLOYANTE-18K-N\u00b09601XXXXX-_0012_Calque-4-scaled.jpg","width":2560,"height":2560},{"@type":"BreadcrumbList","@id":"https:\/\/www.parisheure.com\/acheter-montre\/cartier-tank-extra-thin-or-jaune-18k-750-deployante-18k-from-1990s\/#breadcrumb","itemListElement":[{"@type":"ListItem","position":1,"name":"Accueil","item":"https:\/\/www.parisheure.com\/"},{"@type":"ListItem","position":2,"name":"WATCHES","item":"https:\/\/www.parisheure.com\/"},{"@type":"ListItem","position":3,"name":"CARTIER TANK EXTRA THIN OR JAUNE 18K 750 DEPLOYANTE 18K FROM 1990\u2019s"}]},{"@type":"WebSite","@id":"https:\/\/www.parisheure.com\/#website","url":"https:\/\/www.parisheure.com\/","name":"PARIS HEURE","description":"Vintage watches Paris","publisher":{"@id":"https:\/\/www.parisheure.com\/#organization"},"potentialAction":[{"@type":"SearchAction","target":{"@type":"EntryPoint","urlTemplate":"https:\/\/www.parisheure.com\/?s={search_term_string}"},"query-input":{"@type":"PropertyValueSpecification","valueRequired":true,"valueName":"search_term_string"}}],"inLanguage":"en-US"},{"@type":"Organization","@id":"https:\/\/www.parisheure.com\/#organization","name":"PARIS HEURE","url":"https:\/\/www.parisheure.com\/","logo":{"@type":"ImageObject","inLanguage":"en-US","@id":"https:\/\/www.parisheure.com\/#\/schema\/logo\/image\/","url":"https:\/\/www.parisheure.com\/wp-content\/uploads\/2021\/07\/cropped-logo-paris-heure.png","contentUrl":"https:\/\/www.parisheure.com\/wp-content\/uploads\/2021\/07\/cropped-logo-paris-heure.png","width":512,"height":512,"caption":"PARIS HEURE"},"image":{"@id":"https:\/\/www.parisheure.com\/#\/schema\/logo\/image\/"},"sameAs":["https:\/\/www.facebook.com\/ParisHeure","https:\/\/www.instagram.com\/parisheure\/"]}]}},"jetpack_sharing_enabled":true,"brands":[{"id":433,"name":"Cartier","slug":"cartier"}],"_links":{"self":[{"href":"https:\/\/www.parisheure.com\/en\/wp-json\/wp\/v2\/product\/11759","targetHints":{"allow":["GET"]}}],"collection":[{"href":"https:\/\/www.parisheure.com\/en\/wp-json\/wp\/v2\/product"}],"about":[{"href":"https:\/\/www.parisheure.com\/en\/wp-json\/wp\/v2\/types\/product"}],"version-history":[{"count":1,"href":"https:\/\/www.parisheure.com\/en\/wp-json\/wp\/v2\/product\/11759\/revisions"}],"predecessor-version":[{"id":14160,"href":"https:\/\/www.parisheure.com\/en\/wp-json\/wp\/v2\/product\/11759\/revisions\/14160"}],"wp:featuredmedia":[{"embeddable":true,"href":"https:\/\/www.parisheure.com\/en\/wp-json\/wp\/v2\/media\/11772"}],"wp:attachment":[{"href":"https:\/\/www.parisheure.com\/en\/wp-json\/wp\/v2\/media?parent=11759"}],"wp:term":[{"taxonomy":"pwb-brand","embeddable":true,"href":"https:\/\/www.parisheure.com\/en\/wp-json\/wp\/v2\/pwb-brand?post=11759"},{"taxonomy":"product_brand","embeddable":true,"href":"https:\/\/www.parisheure.com\/en\/wp-json\/wp\/v2\/product_brand?post=11759"},{"taxonomy":"product_cat","embeddable":true,"href":"https:\/\/www.parisheure.com\/en\/wp-json\/wp\/v2\/product_cat?post=11759"},{"taxonomy":"product_tag","embeddable":true,"href":"https:\/\/www.parisheure.com\/en\/wp-json\/wp\/v2\/product_tag?post=11759"}],"curies":[{"name":"wp","href":"https:\/\/api.w.org\/{rel}","templated":true}]}}