{"id":11774,"date":"2022-11-03T10:34:51","date_gmt":"2022-11-03T09:34:51","guid":{"rendered":"https:\/\/www.parisheure.com\/?post_type=product&#038;p=11774"},"modified":"2024-10-23T10:27:08","modified_gmt":"2024-10-23T08:27:08","slug":"rolex-daydate-ref-1803-ghost-diamond-dial-18k-special-mech-bracelet-18k-from-1972","status":"publish","type":"product","link":"https:\/\/www.parisheure.com\/en\/buy-watch\/rolex-daydate-ref-1803-ghost-diamond-dial-18k-special-mech-bracelet-18k-from-1972\/","title":{"rendered":"ROLEX DAYDATE REF 1803 GHOST DIAMOND DIAL 18K \/ SPECIAL MECH BRACELET 18K from 1972"},"content":{"rendered":"<p><strong>Our opinion:<\/strong> La daydate pr\u00e9sident en or18k avec son cadran GHOST index diamants est une montre rare, intemporelle et \u00e9l\u00e9gante de la collection Rolex vintage. Tr\u00e8s classe avec ses aiguilles d\u2019origine. Cadran et aiguilles avec tritium d\u2019origine marqu\u00e9 \u00ab\u00a0\u03c3\u00a0t swiss t\u00a0\u03c3\u00a0\u00bb la\u00a0majorit\u00e9 de ceux sont en t swiss t donc plus tardif et non vendue d\u2019origine avec la montre. La montre est dans un \u00e9tat proche du neuf peut \u00eatre jamais polie avec un boitier tr\u00e8s \u00e9pais et un cadran parfait tout d\u2019origine de 1972 ! La montre est mont\u00e9e sur un bracelet articule \u00e0 plaquette ultra rare. Une magnifique montre en or 18k daydate d\u2019origine mais si diff\u00e9rente des autres daydate un vrai model tr\u00e8s sp\u00e9cial et recherch\u00e9e par les collectionneurs au vu de son design incroyable et de sa raret\u00e9. \u00c0 un prix abordable compar\u00e9 aux mod\u00e8les actuels en boutique ! Un vrai collector totalement unisexe.<\/p>","protected":false},"excerpt":{"rendered":"<p><strong>Brand:<\/strong>\u00a0Rolex<\/p>\n<p><strong>Model:<\/strong>\u00a0Day Date<\/p>\n<p><strong>Movement\u00a0: <\/strong>Automatic<\/p>\n<p><strong>Reference:<\/strong>\u00a01803 OR JAUNE<\/p>\n<p><strong>Diameter\u00a0: <\/strong>36mm<\/p>\n<p><strong>Year:<\/strong>\u00a01972<\/p>\n<p><strong>Serial :<\/strong> 5805XXX<\/p>\n<p><strong>Case:<\/strong>\u00a0Tr\u00e8s beau boitier peut \u00eatre jamais polie en or jaune 18K tr\u00e8s \u00e9pais et avec des angles parfait. Tr\u00e8s lourde au poignet. Lunette cannel\u00e9 parfaite. Les premi\u00e8res daydate avec verre plexi des ann\u00e9es 70.<\/p>\n<p><strong>Dial:<\/strong>\u00a0Beau cadran GHOST et index DIAMANTS parfait aucuns d\u00e9fauts et d\u2019origine ultra rare marque \u00ab\u03c3\u00a0t swiss t\u00a0\u03c3 \u00bb. Cadran tr\u00e8s rare et recherch\u00e9e. Dateur en anglais d\u2019origine.<\/p>\n<p><strong>Bracelet:<\/strong>\u00a0Bracelet articul\u00e9 \u00e0 plaquette ultra rare dans le m\u00eame style que les daytona et datejust sp\u00e9ciales tr\u00e8s tr\u00e8s rare sur une daydate. De plus en parfait \u00e9tat pas du tout d\u00e9tendue. Extr\u00e8mement rare aussi \u00e0 l\u2019\u00e9poque par sa difficult\u00e9 de conception et donc son coup de production r\u00e9serv\u00e9 \u00e0 certaines versions sp\u00e9ciales en or.<\/p>\n<p><strong>Accessories: <\/strong>None<\/p>","protected":false},"featured_media":11802,"template":"","meta":[],"pwb-brand":[432],"product_brand":[],"product_cat":[107,367,90,250],"product_tag":[223,145,356,127,314],"class_list":{"0":"post-11774","1":"product","2":"type-product","3":"status-publish","4":"has-post-thumbnail","6":"pwb-brand-rolex","7":"product_cat-archives","8":"product_cat-montres-paris-heure","9":"product_cat-rolex","10":"product_cat-rolex-daydate","11":"product_tag-223","12":"product_tag-daydate","13":"product_tag-full-gold","14":"product_tag-rolex","15":"product_tag-special","17":"first","18":"outofstock","19":"shipping-taxable","20":"product-type-simple"},"yoast_head":"<!-- This site is optimized with the Yoast SEO plugin v27.5 - https:\/\/yoast.com\/product\/yoast-seo-wordpress\/ -->\n<title>ROLEX DAYDATE REF 1803 GHOST DIAMOND DIAL 18K FULL GOLD<\/title>\n<meta name=\"description\" content=\"Marque: Rolex Mod\u00e8le: Day Date Mouvement : Automatique R\u00e9f\u00e9rence: 1803 OR JAUNE Diam\u00e8tre : 36mm Ann\u00e9e: 1972 Serial : 5805XXX Boite: Tr\u00e8s beau boitier\" \/>\n<meta name=\"robots\" content=\"index, follow, max-snippet:-1, max-image-preview:large, max-video-preview:-1\" \/>\n<link rel=\"canonical\" href=\"https:\/\/www.parisheure.com\/en\/buy-watch\/rolex-daydate-ref-1803-ghost-diamond-dial-18k-special-mech-bracelet-18k-from-1972\/\" \/>\n<meta property=\"og:locale\" content=\"en_US\" \/>\n<meta property=\"og:type\" content=\"article\" \/>\n<meta property=\"og:title\" content=\"ROLEX DAYDATE REF 1803 GHOST DIAMOND DIAL 18K FULL GOLD\" \/>\n<meta property=\"og:description\" content=\"Marque: Rolex Mod\u00e8le: Day Date Mouvement : Automatique R\u00e9f\u00e9rence: 1803 OR JAUNE Diam\u00e8tre : 36mm Ann\u00e9e: 1972 Serial : 5805XXX Boite: Tr\u00e8s beau boitier\" \/>\n<meta property=\"og:url\" content=\"https:\/\/www.parisheure.com\/en\/buy-watch\/rolex-daydate-ref-1803-ghost-diamond-dial-18k-special-mech-bracelet-18k-from-1972\/\" \/>\n<meta property=\"og:site_name\" content=\"PARIS HEURE\" \/>\n<meta property=\"article:publisher\" content=\"https:\/\/www.facebook.com\/ParisHeure\" \/>\n<meta property=\"article:modified_time\" content=\"2024-10-23T08:27:08+00:00\" \/>\n<meta property=\"og:image\" content=\"https:\/\/www.parisheure.com\/wp-content\/uploads\/2022\/11\/ROLEX-DAYDATE-REF-1803-GHOST-DIAMOND-DIAL-OR-750-18K-_-SPECIAL-MECH-BRACELET-18K-750-N\u00b0324XXXX-_0028_Calque-2-scaled.jpg\" \/>\n\t<meta property=\"og:image:width\" content=\"2560\" \/>\n\t<meta property=\"og:image:height\" content=\"2560\" \/>\n\t<meta property=\"og:image:type\" content=\"image\/jpeg\" \/>\n<meta name=\"twitter:card\" content=\"summary_large_image\" \/>\n<script type=\"application\/ld+json\" class=\"yoast-schema-graph\">{\"@context\":\"https:\\\/\\\/schema.org\",\"@graph\":[{\"@type\":\"WebPage\",\"@id\":\"https:\\\/\\\/www.parisheure.com\\\/acheter-montre\\\/rolex-daydate-ref-1803-ghost-diamond-dial-18k-special-mech-bracelet-18k-from-1972\\\/\",\"url\":\"https:\\\/\\\/www.parisheure.com\\\/acheter-montre\\\/rolex-daydate-ref-1803-ghost-diamond-dial-18k-special-mech-bracelet-18k-from-1972\\\/\",\"name\":\"ROLEX DAYDATE REF 1803 GHOST DIAMOND DIAL 18K FULL GOLD\",\"isPartOf\":{\"@id\":\"https:\\\/\\\/www.parisheure.com\\\/#website\"},\"primaryImageOfPage\":{\"@id\":\"https:\\\/\\\/www.parisheure.com\\\/acheter-montre\\\/rolex-daydate-ref-1803-ghost-diamond-dial-18k-special-mech-bracelet-18k-from-1972\\\/#primaryimage\"},\"image\":{\"@id\":\"https:\\\/\\\/www.parisheure.com\\\/acheter-montre\\\/rolex-daydate-ref-1803-ghost-diamond-dial-18k-special-mech-bracelet-18k-from-1972\\\/#primaryimage\"},\"thumbnailUrl\":\"https:\\\/\\\/www.parisheure.com\\\/wp-content\\\/uploads\\\/2022\\\/11\\\/ROLEX-DAYDATE-REF-1803-GHOST-DIAMOND-DIAL-OR-750-18K-_-SPECIAL-MECH-BRACELET-18K-750-N\u00b0324XXXX-_0028_Calque-2-scaled.jpg\",\"datePublished\":\"2022-11-03T09:34:51+00:00\",\"dateModified\":\"2024-10-23T08:27:08+00:00\",\"description\":\"Marque: Rolex Mod\u00e8le: Day Date Mouvement : Automatique R\u00e9f\u00e9rence: 1803 OR JAUNE Diam\u00e8tre : 36mm Ann\u00e9e: 1972 Serial : 5805XXX Boite: Tr\u00e8s beau boitier\",\"breadcrumb\":{\"@id\":\"https:\\\/\\\/www.parisheure.com\\\/acheter-montre\\\/rolex-daydate-ref-1803-ghost-diamond-dial-18k-special-mech-bracelet-18k-from-1972\\\/#breadcrumb\"},\"inLanguage\":\"en-US\",\"potentialAction\":[{\"@type\":\"ReadAction\",\"target\":[\"https:\\\/\\\/www.parisheure.com\\\/acheter-montre\\\/rolex-daydate-ref-1803-ghost-diamond-dial-18k-special-mech-bracelet-18k-from-1972\\\/\"]}]},{\"@type\":\"ImageObject\",\"inLanguage\":\"en-US\",\"@id\":\"https:\\\/\\\/www.parisheure.com\\\/acheter-montre\\\/rolex-daydate-ref-1803-ghost-diamond-dial-18k-special-mech-bracelet-18k-from-1972\\\/#primaryimage\",\"url\":\"https:\\\/\\\/www.parisheure.com\\\/wp-content\\\/uploads\\\/2022\\\/11\\\/ROLEX-DAYDATE-REF-1803-GHOST-DIAMOND-DIAL-OR-750-18K-_-SPECIAL-MECH-BRACELET-18K-750-N\u00b0324XXXX-_0028_Calque-2-scaled.jpg\",\"contentUrl\":\"https:\\\/\\\/www.parisheure.com\\\/wp-content\\\/uploads\\\/2022\\\/11\\\/ROLEX-DAYDATE-REF-1803-GHOST-DIAMOND-DIAL-OR-750-18K-_-SPECIAL-MECH-BRACELET-18K-750-N\u00b0324XXXX-_0028_Calque-2-scaled.jpg\",\"width\":2560,\"height\":2560},{\"@type\":\"BreadcrumbList\",\"@id\":\"https:\\\/\\\/www.parisheure.com\\\/acheter-montre\\\/rolex-daydate-ref-1803-ghost-diamond-dial-18k-special-mech-bracelet-18k-from-1972\\\/#breadcrumb\",\"itemListElement\":[{\"@type\":\"ListItem\",\"position\":1,\"name\":\"Accueil\",\"item\":\"https:\\\/\\\/www.parisheure.com\\\/\"},{\"@type\":\"ListItem\",\"position\":2,\"name\":\"WATCHES\",\"item\":\"https:\\\/\\\/www.parisheure.com\\\/\"},{\"@type\":\"ListItem\",\"position\":3,\"name\":\"ROLEX DAYDATE REF 1803 GHOST DIAMOND DIAL 18K \\\/ SPECIAL MECH BRACELET 18K from 1972\"}]},{\"@type\":\"WebSite\",\"@id\":\"https:\\\/\\\/www.parisheure.com\\\/#website\",\"url\":\"https:\\\/\\\/www.parisheure.com\\\/\",\"name\":\"PARIS HEURE\",\"description\":\"Vintage watches Paris\",\"publisher\":{\"@id\":\"https:\\\/\\\/www.parisheure.com\\\/#organization\"},\"potentialAction\":[{\"@type\":\"SearchAction\",\"target\":{\"@type\":\"EntryPoint\",\"urlTemplate\":\"https:\\\/\\\/www.parisheure.com\\\/?s={search_term_string}\"},\"query-input\":{\"@type\":\"PropertyValueSpecification\",\"valueRequired\":true,\"valueName\":\"search_term_string\"}}],\"inLanguage\":\"en-US\"},{\"@type\":\"Organization\",\"@id\":\"https:\\\/\\\/www.parisheure.com\\\/#organization\",\"name\":\"PARIS HEURE\",\"url\":\"https:\\\/\\\/www.parisheure.com\\\/\",\"logo\":{\"@type\":\"ImageObject\",\"inLanguage\":\"en-US\",\"@id\":\"https:\\\/\\\/www.parisheure.com\\\/#\\\/schema\\\/logo\\\/image\\\/\",\"url\":\"https:\\\/\\\/www.parisheure.com\\\/wp-content\\\/uploads\\\/2021\\\/07\\\/cropped-logo-paris-heure.png\",\"contentUrl\":\"https:\\\/\\\/www.parisheure.com\\\/wp-content\\\/uploads\\\/2021\\\/07\\\/cropped-logo-paris-heure.png\",\"width\":512,\"height\":512,\"caption\":\"PARIS HEURE\"},\"image\":{\"@id\":\"https:\\\/\\\/www.parisheure.com\\\/#\\\/schema\\\/logo\\\/image\\\/\"},\"sameAs\":[\"https:\\\/\\\/www.facebook.com\\\/ParisHeure\",\"https:\\\/\\\/www.instagram.com\\\/parisheure\\\/\"]}]}<\/script>\n<!-- \/ Yoast SEO plugin. -->","yoast_head_json":{"title":"ROLEX DAYDATE REF 1803 GHOST DIAMOND DIAL 18K FULL GOLD","description":"Marque: Rolex Mod\u00e8le: Day Date Mouvement : Automatique R\u00e9f\u00e9rence: 1803 OR JAUNE Diam\u00e8tre : 36mm Ann\u00e9e: 1972 Serial : 5805XXX Boite: Tr\u00e8s beau boitier","robots":{"index":"index","follow":"follow","max-snippet":"max-snippet:-1","max-image-preview":"max-image-preview:large","max-video-preview":"max-video-preview:-1"},"canonical":"https:\/\/www.parisheure.com\/en\/buy-watch\/rolex-daydate-ref-1803-ghost-diamond-dial-18k-special-mech-bracelet-18k-from-1972\/","og_locale":"en_US","og_type":"article","og_title":"ROLEX DAYDATE REF 1803 GHOST DIAMOND DIAL 18K FULL GOLD","og_description":"Marque: Rolex Mod\u00e8le: Day Date Mouvement : Automatique R\u00e9f\u00e9rence: 1803 OR JAUNE Diam\u00e8tre : 36mm Ann\u00e9e: 1972 Serial : 5805XXX Boite: Tr\u00e8s beau boitier","og_url":"https:\/\/www.parisheure.com\/en\/buy-watch\/rolex-daydate-ref-1803-ghost-diamond-dial-18k-special-mech-bracelet-18k-from-1972\/","og_site_name":"PARIS HEURE","article_publisher":"https:\/\/www.facebook.com\/ParisHeure","article_modified_time":"2024-10-23T08:27:08+00:00","og_image":[{"width":2560,"height":2560,"url":"https:\/\/www.parisheure.com\/wp-content\/uploads\/2022\/11\/ROLEX-DAYDATE-REF-1803-GHOST-DIAMOND-DIAL-OR-750-18K-_-SPECIAL-MECH-BRACELET-18K-750-N\u00b0324XXXX-_0028_Calque-2-scaled.jpg","type":"image\/jpeg"}],"twitter_card":"summary_large_image","schema":{"@context":"https:\/\/schema.org","@graph":[{"@type":"WebPage","@id":"https:\/\/www.parisheure.com\/acheter-montre\/rolex-daydate-ref-1803-ghost-diamond-dial-18k-special-mech-bracelet-18k-from-1972\/","url":"https:\/\/www.parisheure.com\/acheter-montre\/rolex-daydate-ref-1803-ghost-diamond-dial-18k-special-mech-bracelet-18k-from-1972\/","name":"ROLEX DAYDATE REF 1803 GHOST DIAMOND DIAL 18K FULL GOLD","isPartOf":{"@id":"https:\/\/www.parisheure.com\/#website"},"primaryImageOfPage":{"@id":"https:\/\/www.parisheure.com\/acheter-montre\/rolex-daydate-ref-1803-ghost-diamond-dial-18k-special-mech-bracelet-18k-from-1972\/#primaryimage"},"image":{"@id":"https:\/\/www.parisheure.com\/acheter-montre\/rolex-daydate-ref-1803-ghost-diamond-dial-18k-special-mech-bracelet-18k-from-1972\/#primaryimage"},"thumbnailUrl":"https:\/\/www.parisheure.com\/wp-content\/uploads\/2022\/11\/ROLEX-DAYDATE-REF-1803-GHOST-DIAMOND-DIAL-OR-750-18K-_-SPECIAL-MECH-BRACELET-18K-750-N\u00b0324XXXX-_0028_Calque-2-scaled.jpg","datePublished":"2022-11-03T09:34:51+00:00","dateModified":"2024-10-23T08:27:08+00:00","description":"Marque: Rolex Mod\u00e8le: Day Date Mouvement : Automatique R\u00e9f\u00e9rence: 1803 OR JAUNE Diam\u00e8tre : 36mm Ann\u00e9e: 1972 Serial : 5805XXX Boite: Tr\u00e8s beau boitier","breadcrumb":{"@id":"https:\/\/www.parisheure.com\/acheter-montre\/rolex-daydate-ref-1803-ghost-diamond-dial-18k-special-mech-bracelet-18k-from-1972\/#breadcrumb"},"inLanguage":"en-US","potentialAction":[{"@type":"ReadAction","target":["https:\/\/www.parisheure.com\/acheter-montre\/rolex-daydate-ref-1803-ghost-diamond-dial-18k-special-mech-bracelet-18k-from-1972\/"]}]},{"@type":"ImageObject","inLanguage":"en-US","@id":"https:\/\/www.parisheure.com\/acheter-montre\/rolex-daydate-ref-1803-ghost-diamond-dial-18k-special-mech-bracelet-18k-from-1972\/#primaryimage","url":"https:\/\/www.parisheure.com\/wp-content\/uploads\/2022\/11\/ROLEX-DAYDATE-REF-1803-GHOST-DIAMOND-DIAL-OR-750-18K-_-SPECIAL-MECH-BRACELET-18K-750-N\u00b0324XXXX-_0028_Calque-2-scaled.jpg","contentUrl":"https:\/\/www.parisheure.com\/wp-content\/uploads\/2022\/11\/ROLEX-DAYDATE-REF-1803-GHOST-DIAMOND-DIAL-OR-750-18K-_-SPECIAL-MECH-BRACELET-18K-750-N\u00b0324XXXX-_0028_Calque-2-scaled.jpg","width":2560,"height":2560},{"@type":"BreadcrumbList","@id":"https:\/\/www.parisheure.com\/acheter-montre\/rolex-daydate-ref-1803-ghost-diamond-dial-18k-special-mech-bracelet-18k-from-1972\/#breadcrumb","itemListElement":[{"@type":"ListItem","position":1,"name":"Accueil","item":"https:\/\/www.parisheure.com\/"},{"@type":"ListItem","position":2,"name":"WATCHES","item":"https:\/\/www.parisheure.com\/"},{"@type":"ListItem","position":3,"name":"ROLEX DAYDATE REF 1803 GHOST DIAMOND DIAL 18K \/ SPECIAL MECH BRACELET 18K from 1972"}]},{"@type":"WebSite","@id":"https:\/\/www.parisheure.com\/#website","url":"https:\/\/www.parisheure.com\/","name":"PARIS HEURE","description":"Vintage watches Paris","publisher":{"@id":"https:\/\/www.parisheure.com\/#organization"},"potentialAction":[{"@type":"SearchAction","target":{"@type":"EntryPoint","urlTemplate":"https:\/\/www.parisheure.com\/?s={search_term_string}"},"query-input":{"@type":"PropertyValueSpecification","valueRequired":true,"valueName":"search_term_string"}}],"inLanguage":"en-US"},{"@type":"Organization","@id":"https:\/\/www.parisheure.com\/#organization","name":"PARIS HEURE","url":"https:\/\/www.parisheure.com\/","logo":{"@type":"ImageObject","inLanguage":"en-US","@id":"https:\/\/www.parisheure.com\/#\/schema\/logo\/image\/","url":"https:\/\/www.parisheure.com\/wp-content\/uploads\/2021\/07\/cropped-logo-paris-heure.png","contentUrl":"https:\/\/www.parisheure.com\/wp-content\/uploads\/2021\/07\/cropped-logo-paris-heure.png","width":512,"height":512,"caption":"PARIS HEURE"},"image":{"@id":"https:\/\/www.parisheure.com\/#\/schema\/logo\/image\/"},"sameAs":["https:\/\/www.facebook.com\/ParisHeure","https:\/\/www.instagram.com\/parisheure\/"]}]}},"jetpack_sharing_enabled":true,"brands":[{"id":432,"name":"Rolex","slug":"rolex"}],"_links":{"self":[{"href":"https:\/\/www.parisheure.com\/en\/wp-json\/wp\/v2\/product\/11774","targetHints":{"allow":["GET"]}}],"collection":[{"href":"https:\/\/www.parisheure.com\/en\/wp-json\/wp\/v2\/product"}],"about":[{"href":"https:\/\/www.parisheure.com\/en\/wp-json\/wp\/v2\/types\/product"}],"version-history":[{"count":1,"href":"https:\/\/www.parisheure.com\/en\/wp-json\/wp\/v2\/product\/11774\/revisions"}],"predecessor-version":[{"id":14159,"href":"https:\/\/www.parisheure.com\/en\/wp-json\/wp\/v2\/product\/11774\/revisions\/14159"}],"wp:featuredmedia":[{"embeddable":true,"href":"https:\/\/www.parisheure.com\/en\/wp-json\/wp\/v2\/media\/11802"}],"wp:attachment":[{"href":"https:\/\/www.parisheure.com\/en\/wp-json\/wp\/v2\/media?parent=11774"}],"wp:term":[{"taxonomy":"pwb-brand","embeddable":true,"href":"https:\/\/www.parisheure.com\/en\/wp-json\/wp\/v2\/pwb-brand?post=11774"},{"taxonomy":"product_brand","embeddable":true,"href":"https:\/\/www.parisheure.com\/en\/wp-json\/wp\/v2\/product_brand?post=11774"},{"taxonomy":"product_cat","embeddable":true,"href":"https:\/\/www.parisheure.com\/en\/wp-json\/wp\/v2\/product_cat?post=11774"},{"taxonomy":"product_tag","embeddable":true,"href":"https:\/\/www.parisheure.com\/en\/wp-json\/wp\/v2\/product_tag?post=11774"}],"curies":[{"name":"wp","href":"https:\/\/api.w.org\/{rel}","templated":true}]}}