{"id":11804,"date":"2022-11-03T11:43:16","date_gmt":"2022-11-03T10:43:16","guid":{"rendered":"https:\/\/www.parisheure.com\/?post_type=product&#038;p=11804"},"modified":"2025-11-25T18:42:14","modified_gmt":"2025-11-25T17:42:14","slug":"rolex-submariner-date-ref-1680-white-mk1-pumpkin-from-1979","status":"publish","type":"product","link":"https:\/\/www.parisheure.com\/en\/buy-watch\/rolex-submariner-date-ref-1680-white-mk1-pumpkin-from-1979\/","title":{"rendered":"Rolex submariner date ref 1680 white mk1 pumpkin from 1979"},"content":{"rendered":"<p><strong>Our opinion:<\/strong> A beautiful example of the Submariner vintage date reference 1680, exceptional patina PUMPKIN leather strap and automatic movement in perfect working order. Very thick case with its chamfers still present and with so little difference with the price of a modern one that everyone has, treat yourself to a perfect vintage with the unique look of the 70s mark I Lemrich dial to die for.<\/p>\n<p>&nbsp;<\/p>","protected":false},"excerpt":{"rendered":"<h4><strong>Rare Rolex submariner date ref 1680 white mk1 pumpkin from 1979\u00a0<\/strong><\/h4>\n<p><strong>Movement\u00a0: <\/strong>Auto cal 1570<\/p>\n<p><strong>Reference:<\/strong>\u00a01680<\/p>\n<p><strong>Diameter\u00a0: <\/strong>40mm<\/p>\n<p><strong>Year:<\/strong>\u00a01979<\/p>\n<p><strong>Serial : <\/strong>615XXXX<\/p>\n<p><strong>Case:<\/strong>\u00a0Very beautiful, very thick case with perfect, clearly visible angles. Glasses in good condition. Insert MK3. No significant visible shocks. The watch is polished but not that much, in any case very beautiful case.<\/p>\n<p><strong>Dial:<\/strong>\u00a0Beautiful original dial with a very beautiful homogeneous patina turning to a very rare PUMPKIN orange-yellow. Very nice overall set. Dial still in good condition with no defects. MK1 Lemrich series. Hands slightly more patinated.<\/p>\n<p><strong>Bracelet :<\/strong> Leather<\/p>\n<p><strong>Accessories: <\/strong>None<\/p>","protected":false},"featured_media":12932,"template":"","meta":[],"pwb-brand":[432],"product_brand":[],"product_cat":[368,138,90,244],"product_tag":[136,222,150,127,135,101],"class_list":{"0":"post-11804","1":"product","2":"type-product","3":"status-publish","4":"has-post-thumbnail","6":"pwb-brand-rolex","7":"product_cat-montres-ph-watches","8":"product_cat-nouveautes","9":"product_cat-rolex","10":"product_cat-rolex-submariner","11":"product_tag-136","12":"product_tag-222","13":"product_tag-mk1","14":"product_tag-rolex","15":"product_tag-submariner","16":"product_tag-vintage","18":"first","19":"instock","20":"shipping-taxable","21":"purchasable","22":"product-type-simple"},"yoast_head":"<!-- This site is optimized with the Yoast SEO plugin v27.4 - https:\/\/yoast.com\/product\/yoast-seo-wordpress\/ -->\n<title>Rolex submariner date ref 1680 white mk1 pumpkin from 1979 &#8226; PARIS HEURE<\/title>\n<meta name=\"description\" content=\"Rolex submariner date ref 1680 white mk1 pumpkin Mouvement : Auto cal 1570 R\u00e9f\u00e9rence: 1680 Diam\u00e8tre : 40mm Ann\u00e9e: 1979 Boite: Tr\u00e8s beau boitier tr\u00e8s \u00e9pais\" \/>\n<meta name=\"robots\" content=\"index, follow, max-snippet:-1, max-image-preview:large, max-video-preview:-1\" \/>\n<link rel=\"canonical\" href=\"https:\/\/www.parisheure.com\/en\/buy-watch\/rolex-submariner-date-ref-1680-white-mk1-pumpkin-from-1979\/\" \/>\n<meta property=\"og:locale\" content=\"en_US\" \/>\n<meta property=\"og:type\" content=\"article\" \/>\n<meta property=\"og:title\" content=\"Rolex submariner date ref 1680 white mk1 pumpkin from 1979 &#8226; PARIS HEURE\" \/>\n<meta property=\"og:description\" content=\"Rolex submariner date ref 1680 white mk1 pumpkin Mouvement : Auto cal 1570 R\u00e9f\u00e9rence: 1680 Diam\u00e8tre : 40mm Ann\u00e9e: 1979 Boite: Tr\u00e8s beau boitier tr\u00e8s \u00e9pais\" \/>\n<meta property=\"og:url\" content=\"https:\/\/www.parisheure.com\/en\/buy-watch\/rolex-submariner-date-ref-1680-white-mk1-pumpkin-from-1979\/\" \/>\n<meta property=\"og:site_name\" content=\"PARIS HEURE\" \/>\n<meta property=\"article:publisher\" content=\"https:\/\/www.facebook.com\/ParisHeure\" \/>\n<meta property=\"article:modified_time\" content=\"2025-11-25T17:42:14+00:00\" \/>\n<meta property=\"og:image\" content=\"https:\/\/www.parisheure.com\/wp-content\/uploads\/2023\/05\/ROLEX-SUBMARINER-DATE-REF-1680-WHITE-MK1-PUMPKIN-N\u00b0615XXXX-_0017_Calque-2-scaled.jpg\" \/>\n\t<meta property=\"og:image:width\" content=\"2560\" \/>\n\t<meta property=\"og:image:height\" content=\"2560\" \/>\n\t<meta property=\"og:image:type\" content=\"image\/jpeg\" \/>\n<meta name=\"twitter:card\" content=\"summary_large_image\" \/>\n<script type=\"application\/ld+json\" class=\"yoast-schema-graph\">{\"@context\":\"https:\\\/\\\/schema.org\",\"@graph\":[{\"@type\":\"WebPage\",\"@id\":\"https:\\\/\\\/www.parisheure.com\\\/acheter-montre\\\/rolex-submariner-date-ref-1680-white-mk1-pumpkin-from-1979\\\/\",\"url\":\"https:\\\/\\\/www.parisheure.com\\\/acheter-montre\\\/rolex-submariner-date-ref-1680-white-mk1-pumpkin-from-1979\\\/\",\"name\":\"Rolex submariner date ref 1680 white mk1 pumpkin from 1979 &#8226; PARIS HEURE\",\"isPartOf\":{\"@id\":\"https:\\\/\\\/www.parisheure.com\\\/#website\"},\"primaryImageOfPage\":{\"@id\":\"https:\\\/\\\/www.parisheure.com\\\/acheter-montre\\\/rolex-submariner-date-ref-1680-white-mk1-pumpkin-from-1979\\\/#primaryimage\"},\"image\":{\"@id\":\"https:\\\/\\\/www.parisheure.com\\\/acheter-montre\\\/rolex-submariner-date-ref-1680-white-mk1-pumpkin-from-1979\\\/#primaryimage\"},\"thumbnailUrl\":\"https:\\\/\\\/www.parisheure.com\\\/wp-content\\\/uploads\\\/2023\\\/05\\\/ROLEX-SUBMARINER-DATE-REF-1680-WHITE-MK1-PUMPKIN-N\u00b0615XXXX-_0017_Calque-2-scaled.jpg\",\"datePublished\":\"2022-11-03T10:43:16+00:00\",\"dateModified\":\"2025-11-25T17:42:14+00:00\",\"description\":\"Rolex submariner date ref 1680 white mk1 pumpkin Mouvement : Auto cal 1570 R\u00e9f\u00e9rence: 1680 Diam\u00e8tre : 40mm Ann\u00e9e: 1979 Boite: Tr\u00e8s beau boitier tr\u00e8s \u00e9pais\",\"breadcrumb\":{\"@id\":\"https:\\\/\\\/www.parisheure.com\\\/acheter-montre\\\/rolex-submariner-date-ref-1680-white-mk1-pumpkin-from-1979\\\/#breadcrumb\"},\"inLanguage\":\"en-US\",\"potentialAction\":[{\"@type\":\"ReadAction\",\"target\":[\"https:\\\/\\\/www.parisheure.com\\\/acheter-montre\\\/rolex-submariner-date-ref-1680-white-mk1-pumpkin-from-1979\\\/\"]}]},{\"@type\":\"ImageObject\",\"inLanguage\":\"en-US\",\"@id\":\"https:\\\/\\\/www.parisheure.com\\\/acheter-montre\\\/rolex-submariner-date-ref-1680-white-mk1-pumpkin-from-1979\\\/#primaryimage\",\"url\":\"https:\\\/\\\/www.parisheure.com\\\/wp-content\\\/uploads\\\/2023\\\/05\\\/ROLEX-SUBMARINER-DATE-REF-1680-WHITE-MK1-PUMPKIN-N\u00b0615XXXX-_0017_Calque-2-scaled.jpg\",\"contentUrl\":\"https:\\\/\\\/www.parisheure.com\\\/wp-content\\\/uploads\\\/2023\\\/05\\\/ROLEX-SUBMARINER-DATE-REF-1680-WHITE-MK1-PUMPKIN-N\u00b0615XXXX-_0017_Calque-2-scaled.jpg\",\"width\":2560,\"height\":2560},{\"@type\":\"BreadcrumbList\",\"@id\":\"https:\\\/\\\/www.parisheure.com\\\/acheter-montre\\\/rolex-submariner-date-ref-1680-white-mk1-pumpkin-from-1979\\\/#breadcrumb\",\"itemListElement\":[{\"@type\":\"ListItem\",\"position\":1,\"name\":\"Accueil\",\"item\":\"https:\\\/\\\/www.parisheure.com\\\/\"},{\"@type\":\"ListItem\",\"position\":2,\"name\":\"WATCHES\",\"item\":\"https:\\\/\\\/www.parisheure.com\\\/\"},{\"@type\":\"ListItem\",\"position\":3,\"name\":\"Rolex submariner date ref 1680 white mk1 pumpkin from 1979\"}]},{\"@type\":\"WebSite\",\"@id\":\"https:\\\/\\\/www.parisheure.com\\\/#website\",\"url\":\"https:\\\/\\\/www.parisheure.com\\\/\",\"name\":\"PARIS HEURE\",\"description\":\"Vintage watches Paris\",\"publisher\":{\"@id\":\"https:\\\/\\\/www.parisheure.com\\\/#organization\"},\"potentialAction\":[{\"@type\":\"SearchAction\",\"target\":{\"@type\":\"EntryPoint\",\"urlTemplate\":\"https:\\\/\\\/www.parisheure.com\\\/?s={search_term_string}\"},\"query-input\":{\"@type\":\"PropertyValueSpecification\",\"valueRequired\":true,\"valueName\":\"search_term_string\"}}],\"inLanguage\":\"en-US\"},{\"@type\":\"Organization\",\"@id\":\"https:\\\/\\\/www.parisheure.com\\\/#organization\",\"name\":\"PARIS HEURE\",\"url\":\"https:\\\/\\\/www.parisheure.com\\\/\",\"logo\":{\"@type\":\"ImageObject\",\"inLanguage\":\"en-US\",\"@id\":\"https:\\\/\\\/www.parisheure.com\\\/#\\\/schema\\\/logo\\\/image\\\/\",\"url\":\"https:\\\/\\\/www.parisheure.com\\\/wp-content\\\/uploads\\\/2021\\\/07\\\/cropped-logo-paris-heure.png\",\"contentUrl\":\"https:\\\/\\\/www.parisheure.com\\\/wp-content\\\/uploads\\\/2021\\\/07\\\/cropped-logo-paris-heure.png\",\"width\":512,\"height\":512,\"caption\":\"PARIS HEURE\"},\"image\":{\"@id\":\"https:\\\/\\\/www.parisheure.com\\\/#\\\/schema\\\/logo\\\/image\\\/\"},\"sameAs\":[\"https:\\\/\\\/www.facebook.com\\\/ParisHeure\",\"https:\\\/\\\/www.instagram.com\\\/parisheure\\\/\"]}]}<\/script>\n<!-- \/ Yoast SEO plugin. -->","yoast_head_json":{"title":"Rolex submariner date ref 1680 white mk1 pumpkin from 1979 &#8226; PARIS HEURE","description":"Rolex submariner date ref 1680 white mk1 pumpkin Mouvement : Auto cal 1570 R\u00e9f\u00e9rence: 1680 Diam\u00e8tre : 40mm Ann\u00e9e: 1979 Boite: Tr\u00e8s beau boitier tr\u00e8s \u00e9pais","robots":{"index":"index","follow":"follow","max-snippet":"max-snippet:-1","max-image-preview":"max-image-preview:large","max-video-preview":"max-video-preview:-1"},"canonical":"https:\/\/www.parisheure.com\/en\/buy-watch\/rolex-submariner-date-ref-1680-white-mk1-pumpkin-from-1979\/","og_locale":"en_US","og_type":"article","og_title":"Rolex submariner date ref 1680 white mk1 pumpkin from 1979 &#8226; PARIS HEURE","og_description":"Rolex submariner date ref 1680 white mk1 pumpkin Mouvement : Auto cal 1570 R\u00e9f\u00e9rence: 1680 Diam\u00e8tre : 40mm Ann\u00e9e: 1979 Boite: Tr\u00e8s beau boitier tr\u00e8s \u00e9pais","og_url":"https:\/\/www.parisheure.com\/en\/buy-watch\/rolex-submariner-date-ref-1680-white-mk1-pumpkin-from-1979\/","og_site_name":"PARIS HEURE","article_publisher":"https:\/\/www.facebook.com\/ParisHeure","article_modified_time":"2025-11-25T17:42:14+00:00","og_image":[{"width":2560,"height":2560,"url":"https:\/\/www.parisheure.com\/wp-content\/uploads\/2023\/05\/ROLEX-SUBMARINER-DATE-REF-1680-WHITE-MK1-PUMPKIN-N\u00b0615XXXX-_0017_Calque-2-scaled.jpg","type":"image\/jpeg"}],"twitter_card":"summary_large_image","schema":{"@context":"https:\/\/schema.org","@graph":[{"@type":"WebPage","@id":"https:\/\/www.parisheure.com\/acheter-montre\/rolex-submariner-date-ref-1680-white-mk1-pumpkin-from-1979\/","url":"https:\/\/www.parisheure.com\/acheter-montre\/rolex-submariner-date-ref-1680-white-mk1-pumpkin-from-1979\/","name":"Rolex submariner date ref 1680 white mk1 pumpkin from 1979 &#8226; PARIS HEURE","isPartOf":{"@id":"https:\/\/www.parisheure.com\/#website"},"primaryImageOfPage":{"@id":"https:\/\/www.parisheure.com\/acheter-montre\/rolex-submariner-date-ref-1680-white-mk1-pumpkin-from-1979\/#primaryimage"},"image":{"@id":"https:\/\/www.parisheure.com\/acheter-montre\/rolex-submariner-date-ref-1680-white-mk1-pumpkin-from-1979\/#primaryimage"},"thumbnailUrl":"https:\/\/www.parisheure.com\/wp-content\/uploads\/2023\/05\/ROLEX-SUBMARINER-DATE-REF-1680-WHITE-MK1-PUMPKIN-N\u00b0615XXXX-_0017_Calque-2-scaled.jpg","datePublished":"2022-11-03T10:43:16+00:00","dateModified":"2025-11-25T17:42:14+00:00","description":"Rolex submariner date ref 1680 white mk1 pumpkin Mouvement : Auto cal 1570 R\u00e9f\u00e9rence: 1680 Diam\u00e8tre : 40mm Ann\u00e9e: 1979 Boite: Tr\u00e8s beau boitier tr\u00e8s \u00e9pais","breadcrumb":{"@id":"https:\/\/www.parisheure.com\/acheter-montre\/rolex-submariner-date-ref-1680-white-mk1-pumpkin-from-1979\/#breadcrumb"},"inLanguage":"en-US","potentialAction":[{"@type":"ReadAction","target":["https:\/\/www.parisheure.com\/acheter-montre\/rolex-submariner-date-ref-1680-white-mk1-pumpkin-from-1979\/"]}]},{"@type":"ImageObject","inLanguage":"en-US","@id":"https:\/\/www.parisheure.com\/acheter-montre\/rolex-submariner-date-ref-1680-white-mk1-pumpkin-from-1979\/#primaryimage","url":"https:\/\/www.parisheure.com\/wp-content\/uploads\/2023\/05\/ROLEX-SUBMARINER-DATE-REF-1680-WHITE-MK1-PUMPKIN-N\u00b0615XXXX-_0017_Calque-2-scaled.jpg","contentUrl":"https:\/\/www.parisheure.com\/wp-content\/uploads\/2023\/05\/ROLEX-SUBMARINER-DATE-REF-1680-WHITE-MK1-PUMPKIN-N\u00b0615XXXX-_0017_Calque-2-scaled.jpg","width":2560,"height":2560},{"@type":"BreadcrumbList","@id":"https:\/\/www.parisheure.com\/acheter-montre\/rolex-submariner-date-ref-1680-white-mk1-pumpkin-from-1979\/#breadcrumb","itemListElement":[{"@type":"ListItem","position":1,"name":"Accueil","item":"https:\/\/www.parisheure.com\/"},{"@type":"ListItem","position":2,"name":"WATCHES","item":"https:\/\/www.parisheure.com\/"},{"@type":"ListItem","position":3,"name":"Rolex submariner date ref 1680 white mk1 pumpkin from 1979"}]},{"@type":"WebSite","@id":"https:\/\/www.parisheure.com\/#website","url":"https:\/\/www.parisheure.com\/","name":"PARIS HEURE","description":"Vintage watches Paris","publisher":{"@id":"https:\/\/www.parisheure.com\/#organization"},"potentialAction":[{"@type":"SearchAction","target":{"@type":"EntryPoint","urlTemplate":"https:\/\/www.parisheure.com\/?s={search_term_string}"},"query-input":{"@type":"PropertyValueSpecification","valueRequired":true,"valueName":"search_term_string"}}],"inLanguage":"en-US"},{"@type":"Organization","@id":"https:\/\/www.parisheure.com\/#organization","name":"PARIS HEURE","url":"https:\/\/www.parisheure.com\/","logo":{"@type":"ImageObject","inLanguage":"en-US","@id":"https:\/\/www.parisheure.com\/#\/schema\/logo\/image\/","url":"https:\/\/www.parisheure.com\/wp-content\/uploads\/2021\/07\/cropped-logo-paris-heure.png","contentUrl":"https:\/\/www.parisheure.com\/wp-content\/uploads\/2021\/07\/cropped-logo-paris-heure.png","width":512,"height":512,"caption":"PARIS HEURE"},"image":{"@id":"https:\/\/www.parisheure.com\/#\/schema\/logo\/image\/"},"sameAs":["https:\/\/www.facebook.com\/ParisHeure","https:\/\/www.instagram.com\/parisheure\/"]}]}},"jetpack_sharing_enabled":true,"brands":[{"id":432,"name":"Rolex","slug":"rolex"}],"_links":{"self":[{"href":"https:\/\/www.parisheure.com\/en\/wp-json\/wp\/v2\/product\/11804","targetHints":{"allow":["GET"]}}],"collection":[{"href":"https:\/\/www.parisheure.com\/en\/wp-json\/wp\/v2\/product"}],"about":[{"href":"https:\/\/www.parisheure.com\/en\/wp-json\/wp\/v2\/types\/product"}],"version-history":[{"count":5,"href":"https:\/\/www.parisheure.com\/en\/wp-json\/wp\/v2\/product\/11804\/revisions"}],"predecessor-version":[{"id":15260,"href":"https:\/\/www.parisheure.com\/en\/wp-json\/wp\/v2\/product\/11804\/revisions\/15260"}],"wp:featuredmedia":[{"embeddable":true,"href":"https:\/\/www.parisheure.com\/en\/wp-json\/wp\/v2\/media\/12932"}],"wp:attachment":[{"href":"https:\/\/www.parisheure.com\/en\/wp-json\/wp\/v2\/media?parent=11804"}],"wp:term":[{"taxonomy":"pwb-brand","embeddable":true,"href":"https:\/\/www.parisheure.com\/en\/wp-json\/wp\/v2\/pwb-brand?post=11804"},{"taxonomy":"product_brand","embeddable":true,"href":"https:\/\/www.parisheure.com\/en\/wp-json\/wp\/v2\/product_brand?post=11804"},{"taxonomy":"product_cat","embeddable":true,"href":"https:\/\/www.parisheure.com\/en\/wp-json\/wp\/v2\/product_cat?post=11804"},{"taxonomy":"product_tag","embeddable":true,"href":"https:\/\/www.parisheure.com\/en\/wp-json\/wp\/v2\/product_tag?post=11804"}],"curies":[{"name":"wp","href":"https:\/\/api.w.org\/{rel}","templated":true}]}}