{"id":11824,"date":"2022-11-03T13:39:56","date_gmt":"2022-11-03T12:39:56","guid":{"rendered":"https:\/\/www.parisheure.com\/?post_type=product&#038;p=11824"},"modified":"2025-11-25T18:42:27","modified_gmt":"2025-11-25T17:42:27","slug":"rolex-gmt-master-pepsi-ref-1675-mat-long-e-dark-orange-patina-from-1969","status":"publish","type":"product","link":"https:\/\/www.parisheure.com\/en\/buy-watch\/rolex-gmt-master-pepsi-ref-1675-mat-long-e-dark-orange-patina-from-1969\/","title":{"rendered":"Rolex gmt master pepsi ref 1675 mat long e dark orange patina from 1969"},"content":{"rendered":"<p><strong>Our opinion: <\/strong>The GMT has become more legendary than the Submariner recently with a very long wait for the return of the Pepsi bezel. When it was released, it created a huge speculation effect on all GMTs and collectors appreciate them even more than in the past. This one is rare in its reference 1675 MK1 long E version with its PEPSI bezel and its vintage folded steel bracelet. Model reissued by Rolex and which launched the new speculation of the GMT master PEPSI. Matte dial with a superb patina and an insert that matches so well on these vintages. Such a beautiful collector's watch with so much character. The watch is lightly polished, still thick, an extremely rare model in this configuration. The true investment value from Rolex. Moreover, new ones resell for even more than these rare and limited-production models. So hurry before they explode in price!<\/p>","protected":false},"excerpt":{"rendered":"<h4><strong>Magnificent Rolex GMT Master Pepsi Ref 1675 matt long e dark orange patina<\/strong><\/h4>\n<p><strong>Reference:\u00a0<\/strong>1675<\/p>\n<p><strong>Year:\u00a0<\/strong>1969<\/p>\n<p><strong>Serial :\u00a0<\/strong>198XXXX<\/p>\n<p><strong>Case:\u00a0<\/strong>Very beautiful, lightly polished, very thick case with perfect angles, no significant dents or scratches. The chamfers are still present and marked. Excellent condition of the still very thick case, a true vintage watch in perfect condition. Redback patinated pepsi insert. Case back IV.68<\/p>\n<p><strong>Movement\u00a0:<\/strong> Automatic cal 1570<\/p>\n<p><strong>Dial:\u00a0<\/strong>Beautiful, perfect original black dial with beautiful dark orange patinated indexes. Beautiful, well-marked patina with lots of character. No scratches or stains on the dial. Hands match the patina of the indexes well.<\/p>\n<p><strong>Diameter\u00a0: <\/strong>40 MM<\/p>\n<p><strong>Bracelet:<\/strong>: Folded steel ref 7836 endlink 280.<\/p>\n<p><strong>Accessories:<\/strong> None.<\/p>","protected":false},"featured_media":11853,"template":"","meta":[],"pwb-brand":[432],"product_brand":[],"product_cat":[368,138,90,247],"product_tag":[152,224,255,313,298,127,101],"class_list":{"0":"post-11824","1":"product","2":"type-product","3":"status-publish","4":"has-post-thumbnail","6":"pwb-brand-rolex","7":"product_cat-montres-ph-watches","8":"product_cat-nouveautes","9":"product_cat-rolex","10":"product_cat-rolex-gmt-master","11":"product_tag-152","12":"product_tag-224","13":"product_tag-gmt","14":"product_tag-long-e","15":"product_tag-rare","16":"product_tag-rolex","17":"product_tag-vintage","19":"first","20":"instock","21":"shipping-taxable","22":"purchasable","23":"product-type-simple"},"yoast_head":"<!-- This site is optimized with the Yoast SEO plugin v27.3 - https:\/\/yoast.com\/product\/yoast-seo-wordpress\/ -->\n<title>Rolex gmt master pepsi ref 1675 mat long e dark orange patina &#8226; PARIS HEURE<\/title>\n<meta name=\"description\" content=\"Rolex gmt master pepsi ref 1675 mat long e dark orange patina R\u00e9f\u00e9rence: 1675 Ann\u00e9e: 1969 Serial : 198XXXX Boite: Tr\u00e8s beau boitier peu polie tr\u00e8s \u00e9pais\" \/>\n<meta name=\"robots\" content=\"index, follow, max-snippet:-1, max-image-preview:large, max-video-preview:-1\" \/>\n<link rel=\"canonical\" href=\"https:\/\/www.parisheure.com\/en\/buy-watch\/rolex-gmt-master-pepsi-ref-1675-mat-long-e-dark-orange-patina-from-1969\/\" \/>\n<meta property=\"og:locale\" content=\"en_US\" \/>\n<meta property=\"og:type\" content=\"article\" \/>\n<meta property=\"og:title\" content=\"Rolex gmt master pepsi ref 1675 mat long e dark orange patina &#8226; PARIS HEURE\" \/>\n<meta property=\"og:description\" content=\"Rolex gmt master pepsi ref 1675 mat long e dark orange patina R\u00e9f\u00e9rence: 1675 Ann\u00e9e: 1969 Serial : 198XXXX Boite: Tr\u00e8s beau boitier peu polie tr\u00e8s \u00e9pais\" \/>\n<meta property=\"og:url\" content=\"https:\/\/www.parisheure.com\/en\/buy-watch\/rolex-gmt-master-pepsi-ref-1675-mat-long-e-dark-orange-patina-from-1969\/\" \/>\n<meta property=\"og:site_name\" content=\"PARIS HEURE\" \/>\n<meta property=\"article:publisher\" content=\"https:\/\/www.facebook.com\/ParisHeure\" \/>\n<meta property=\"article:modified_time\" content=\"2025-11-25T17:42:27+00:00\" \/>\n<meta property=\"og:image\" content=\"https:\/\/www.parisheure.com\/wp-content\/uploads\/2022\/11\/ROLEX-GMT-MASTER-REF-1675-MAT-LONG-E-FROM-1969-DARK-ORANGE-PATINA-N\u00b0-198XXXX-_0028_Calque-2-scaled.jpg\" \/>\n\t<meta property=\"og:image:width\" content=\"2560\" \/>\n\t<meta property=\"og:image:height\" content=\"2560\" \/>\n\t<meta property=\"og:image:type\" content=\"image\/jpeg\" \/>\n<meta name=\"twitter:card\" content=\"summary_large_image\" \/>\n<script type=\"application\/ld+json\" class=\"yoast-schema-graph\">{\"@context\":\"https:\\\/\\\/schema.org\",\"@graph\":[{\"@type\":\"WebPage\",\"@id\":\"https:\\\/\\\/www.parisheure.com\\\/acheter-montre\\\/rolex-gmt-master-pepsi-ref-1675-mat-long-e-dark-orange-patina-from-1969\\\/\",\"url\":\"https:\\\/\\\/www.parisheure.com\\\/acheter-montre\\\/rolex-gmt-master-pepsi-ref-1675-mat-long-e-dark-orange-patina-from-1969\\\/\",\"name\":\"Rolex gmt master pepsi ref 1675 mat long e dark orange patina &#8226; PARIS HEURE\",\"isPartOf\":{\"@id\":\"https:\\\/\\\/www.parisheure.com\\\/#website\"},\"primaryImageOfPage\":{\"@id\":\"https:\\\/\\\/www.parisheure.com\\\/acheter-montre\\\/rolex-gmt-master-pepsi-ref-1675-mat-long-e-dark-orange-patina-from-1969\\\/#primaryimage\"},\"image\":{\"@id\":\"https:\\\/\\\/www.parisheure.com\\\/acheter-montre\\\/rolex-gmt-master-pepsi-ref-1675-mat-long-e-dark-orange-patina-from-1969\\\/#primaryimage\"},\"thumbnailUrl\":\"https:\\\/\\\/www.parisheure.com\\\/wp-content\\\/uploads\\\/2022\\\/11\\\/ROLEX-GMT-MASTER-REF-1675-MAT-LONG-E-FROM-1969-DARK-ORANGE-PATINA-N\u00b0-198XXXX-_0028_Calque-2-scaled.jpg\",\"datePublished\":\"2022-11-03T12:39:56+00:00\",\"dateModified\":\"2025-11-25T17:42:27+00:00\",\"description\":\"Rolex gmt master pepsi ref 1675 mat long e dark orange patina R\u00e9f\u00e9rence: 1675 Ann\u00e9e: 1969 Serial : 198XXXX Boite: Tr\u00e8s beau boitier peu polie tr\u00e8s \u00e9pais\",\"breadcrumb\":{\"@id\":\"https:\\\/\\\/www.parisheure.com\\\/acheter-montre\\\/rolex-gmt-master-pepsi-ref-1675-mat-long-e-dark-orange-patina-from-1969\\\/#breadcrumb\"},\"inLanguage\":\"en-US\",\"potentialAction\":[{\"@type\":\"ReadAction\",\"target\":[\"https:\\\/\\\/www.parisheure.com\\\/acheter-montre\\\/rolex-gmt-master-pepsi-ref-1675-mat-long-e-dark-orange-patina-from-1969\\\/\"]}]},{\"@type\":\"ImageObject\",\"inLanguage\":\"en-US\",\"@id\":\"https:\\\/\\\/www.parisheure.com\\\/acheter-montre\\\/rolex-gmt-master-pepsi-ref-1675-mat-long-e-dark-orange-patina-from-1969\\\/#primaryimage\",\"url\":\"https:\\\/\\\/www.parisheure.com\\\/wp-content\\\/uploads\\\/2022\\\/11\\\/ROLEX-GMT-MASTER-REF-1675-MAT-LONG-E-FROM-1969-DARK-ORANGE-PATINA-N\u00b0-198XXXX-_0028_Calque-2-scaled.jpg\",\"contentUrl\":\"https:\\\/\\\/www.parisheure.com\\\/wp-content\\\/uploads\\\/2022\\\/11\\\/ROLEX-GMT-MASTER-REF-1675-MAT-LONG-E-FROM-1969-DARK-ORANGE-PATINA-N\u00b0-198XXXX-_0028_Calque-2-scaled.jpg\",\"width\":2560,\"height\":2560},{\"@type\":\"BreadcrumbList\",\"@id\":\"https:\\\/\\\/www.parisheure.com\\\/acheter-montre\\\/rolex-gmt-master-pepsi-ref-1675-mat-long-e-dark-orange-patina-from-1969\\\/#breadcrumb\",\"itemListElement\":[{\"@type\":\"ListItem\",\"position\":1,\"name\":\"Accueil\",\"item\":\"https:\\\/\\\/www.parisheure.com\\\/\"},{\"@type\":\"ListItem\",\"position\":2,\"name\":\"WATCHES\",\"item\":\"https:\\\/\\\/www.parisheure.com\\\/\"},{\"@type\":\"ListItem\",\"position\":3,\"name\":\"Rolex gmt master pepsi ref 1675 mat long e dark orange patina from 1969\"}]},{\"@type\":\"WebSite\",\"@id\":\"https:\\\/\\\/www.parisheure.com\\\/#website\",\"url\":\"https:\\\/\\\/www.parisheure.com\\\/\",\"name\":\"PARIS HEURE\",\"description\":\"Vintage watches Paris\",\"publisher\":{\"@id\":\"https:\\\/\\\/www.parisheure.com\\\/#organization\"},\"potentialAction\":[{\"@type\":\"SearchAction\",\"target\":{\"@type\":\"EntryPoint\",\"urlTemplate\":\"https:\\\/\\\/www.parisheure.com\\\/?s={search_term_string}\"},\"query-input\":{\"@type\":\"PropertyValueSpecification\",\"valueRequired\":true,\"valueName\":\"search_term_string\"}}],\"inLanguage\":\"en-US\"},{\"@type\":\"Organization\",\"@id\":\"https:\\\/\\\/www.parisheure.com\\\/#organization\",\"name\":\"PARIS HEURE\",\"url\":\"https:\\\/\\\/www.parisheure.com\\\/\",\"logo\":{\"@type\":\"ImageObject\",\"inLanguage\":\"en-US\",\"@id\":\"https:\\\/\\\/www.parisheure.com\\\/#\\\/schema\\\/logo\\\/image\\\/\",\"url\":\"https:\\\/\\\/www.parisheure.com\\\/wp-content\\\/uploads\\\/2021\\\/07\\\/cropped-logo-paris-heure.png\",\"contentUrl\":\"https:\\\/\\\/www.parisheure.com\\\/wp-content\\\/uploads\\\/2021\\\/07\\\/cropped-logo-paris-heure.png\",\"width\":512,\"height\":512,\"caption\":\"PARIS HEURE\"},\"image\":{\"@id\":\"https:\\\/\\\/www.parisheure.com\\\/#\\\/schema\\\/logo\\\/image\\\/\"},\"sameAs\":[\"https:\\\/\\\/www.facebook.com\\\/ParisHeure\",\"https:\\\/\\\/www.instagram.com\\\/parisheure\\\/\"]}]}<\/script>\n<!-- \/ Yoast SEO plugin. -->","yoast_head_json":{"title":"Rolex gmt master pepsi ref 1675 mat long e dark orange patina &#8226; PARIS HEURE","description":"Rolex gmt master pepsi ref 1675 mat long e dark orange patina R\u00e9f\u00e9rence: 1675 Ann\u00e9e: 1969 Serial : 198XXXX Boite: Tr\u00e8s beau boitier peu polie tr\u00e8s \u00e9pais","robots":{"index":"index","follow":"follow","max-snippet":"max-snippet:-1","max-image-preview":"max-image-preview:large","max-video-preview":"max-video-preview:-1"},"canonical":"https:\/\/www.parisheure.com\/en\/buy-watch\/rolex-gmt-master-pepsi-ref-1675-mat-long-e-dark-orange-patina-from-1969\/","og_locale":"en_US","og_type":"article","og_title":"Rolex gmt master pepsi ref 1675 mat long e dark orange patina &#8226; PARIS HEURE","og_description":"Rolex gmt master pepsi ref 1675 mat long e dark orange patina R\u00e9f\u00e9rence: 1675 Ann\u00e9e: 1969 Serial : 198XXXX Boite: Tr\u00e8s beau boitier peu polie tr\u00e8s \u00e9pais","og_url":"https:\/\/www.parisheure.com\/en\/buy-watch\/rolex-gmt-master-pepsi-ref-1675-mat-long-e-dark-orange-patina-from-1969\/","og_site_name":"PARIS HEURE","article_publisher":"https:\/\/www.facebook.com\/ParisHeure","article_modified_time":"2025-11-25T17:42:27+00:00","og_image":[{"width":2560,"height":2560,"url":"https:\/\/www.parisheure.com\/wp-content\/uploads\/2022\/11\/ROLEX-GMT-MASTER-REF-1675-MAT-LONG-E-FROM-1969-DARK-ORANGE-PATINA-N\u00b0-198XXXX-_0028_Calque-2-scaled.jpg","type":"image\/jpeg"}],"twitter_card":"summary_large_image","schema":{"@context":"https:\/\/schema.org","@graph":[{"@type":"WebPage","@id":"https:\/\/www.parisheure.com\/acheter-montre\/rolex-gmt-master-pepsi-ref-1675-mat-long-e-dark-orange-patina-from-1969\/","url":"https:\/\/www.parisheure.com\/acheter-montre\/rolex-gmt-master-pepsi-ref-1675-mat-long-e-dark-orange-patina-from-1969\/","name":"Rolex gmt master pepsi ref 1675 mat long e dark orange patina &#8226; PARIS HEURE","isPartOf":{"@id":"https:\/\/www.parisheure.com\/#website"},"primaryImageOfPage":{"@id":"https:\/\/www.parisheure.com\/acheter-montre\/rolex-gmt-master-pepsi-ref-1675-mat-long-e-dark-orange-patina-from-1969\/#primaryimage"},"image":{"@id":"https:\/\/www.parisheure.com\/acheter-montre\/rolex-gmt-master-pepsi-ref-1675-mat-long-e-dark-orange-patina-from-1969\/#primaryimage"},"thumbnailUrl":"https:\/\/www.parisheure.com\/wp-content\/uploads\/2022\/11\/ROLEX-GMT-MASTER-REF-1675-MAT-LONG-E-FROM-1969-DARK-ORANGE-PATINA-N\u00b0-198XXXX-_0028_Calque-2-scaled.jpg","datePublished":"2022-11-03T12:39:56+00:00","dateModified":"2025-11-25T17:42:27+00:00","description":"Rolex gmt master pepsi ref 1675 mat long e dark orange patina R\u00e9f\u00e9rence: 1675 Ann\u00e9e: 1969 Serial : 198XXXX Boite: Tr\u00e8s beau boitier peu polie tr\u00e8s \u00e9pais","breadcrumb":{"@id":"https:\/\/www.parisheure.com\/acheter-montre\/rolex-gmt-master-pepsi-ref-1675-mat-long-e-dark-orange-patina-from-1969\/#breadcrumb"},"inLanguage":"en-US","potentialAction":[{"@type":"ReadAction","target":["https:\/\/www.parisheure.com\/acheter-montre\/rolex-gmt-master-pepsi-ref-1675-mat-long-e-dark-orange-patina-from-1969\/"]}]},{"@type":"ImageObject","inLanguage":"en-US","@id":"https:\/\/www.parisheure.com\/acheter-montre\/rolex-gmt-master-pepsi-ref-1675-mat-long-e-dark-orange-patina-from-1969\/#primaryimage","url":"https:\/\/www.parisheure.com\/wp-content\/uploads\/2022\/11\/ROLEX-GMT-MASTER-REF-1675-MAT-LONG-E-FROM-1969-DARK-ORANGE-PATINA-N\u00b0-198XXXX-_0028_Calque-2-scaled.jpg","contentUrl":"https:\/\/www.parisheure.com\/wp-content\/uploads\/2022\/11\/ROLEX-GMT-MASTER-REF-1675-MAT-LONG-E-FROM-1969-DARK-ORANGE-PATINA-N\u00b0-198XXXX-_0028_Calque-2-scaled.jpg","width":2560,"height":2560},{"@type":"BreadcrumbList","@id":"https:\/\/www.parisheure.com\/acheter-montre\/rolex-gmt-master-pepsi-ref-1675-mat-long-e-dark-orange-patina-from-1969\/#breadcrumb","itemListElement":[{"@type":"ListItem","position":1,"name":"Accueil","item":"https:\/\/www.parisheure.com\/"},{"@type":"ListItem","position":2,"name":"WATCHES","item":"https:\/\/www.parisheure.com\/"},{"@type":"ListItem","position":3,"name":"Rolex gmt master pepsi ref 1675 mat long e dark orange patina from 1969"}]},{"@type":"WebSite","@id":"https:\/\/www.parisheure.com\/#website","url":"https:\/\/www.parisheure.com\/","name":"PARIS HEURE","description":"Vintage watches Paris","publisher":{"@id":"https:\/\/www.parisheure.com\/#organization"},"potentialAction":[{"@type":"SearchAction","target":{"@type":"EntryPoint","urlTemplate":"https:\/\/www.parisheure.com\/?s={search_term_string}"},"query-input":{"@type":"PropertyValueSpecification","valueRequired":true,"valueName":"search_term_string"}}],"inLanguage":"en-US"},{"@type":"Organization","@id":"https:\/\/www.parisheure.com\/#organization","name":"PARIS HEURE","url":"https:\/\/www.parisheure.com\/","logo":{"@type":"ImageObject","inLanguage":"en-US","@id":"https:\/\/www.parisheure.com\/#\/schema\/logo\/image\/","url":"https:\/\/www.parisheure.com\/wp-content\/uploads\/2021\/07\/cropped-logo-paris-heure.png","contentUrl":"https:\/\/www.parisheure.com\/wp-content\/uploads\/2021\/07\/cropped-logo-paris-heure.png","width":512,"height":512,"caption":"PARIS HEURE"},"image":{"@id":"https:\/\/www.parisheure.com\/#\/schema\/logo\/image\/"},"sameAs":["https:\/\/www.facebook.com\/ParisHeure","https:\/\/www.instagram.com\/parisheure\/"]}]}},"jetpack_sharing_enabled":true,"brands":[{"id":432,"name":"Rolex","slug":"rolex"}],"_links":{"self":[{"href":"https:\/\/www.parisheure.com\/en\/wp-json\/wp\/v2\/product\/11824","targetHints":{"allow":["GET"]}}],"collection":[{"href":"https:\/\/www.parisheure.com\/en\/wp-json\/wp\/v2\/product"}],"about":[{"href":"https:\/\/www.parisheure.com\/en\/wp-json\/wp\/v2\/types\/product"}],"version-history":[{"count":5,"href":"https:\/\/www.parisheure.com\/en\/wp-json\/wp\/v2\/product\/11824\/revisions"}],"predecessor-version":[{"id":15261,"href":"https:\/\/www.parisheure.com\/en\/wp-json\/wp\/v2\/product\/11824\/revisions\/15261"}],"wp:featuredmedia":[{"embeddable":true,"href":"https:\/\/www.parisheure.com\/en\/wp-json\/wp\/v2\/media\/11853"}],"wp:attachment":[{"href":"https:\/\/www.parisheure.com\/en\/wp-json\/wp\/v2\/media?parent=11824"}],"wp:term":[{"taxonomy":"pwb-brand","embeddable":true,"href":"https:\/\/www.parisheure.com\/en\/wp-json\/wp\/v2\/pwb-brand?post=11824"},{"taxonomy":"product_brand","embeddable":true,"href":"https:\/\/www.parisheure.com\/en\/wp-json\/wp\/v2\/product_brand?post=11824"},{"taxonomy":"product_cat","embeddable":true,"href":"https:\/\/www.parisheure.com\/en\/wp-json\/wp\/v2\/product_cat?post=11824"},{"taxonomy":"product_tag","embeddable":true,"href":"https:\/\/www.parisheure.com\/en\/wp-json\/wp\/v2\/product_tag?post=11824"}],"curies":[{"name":"wp","href":"https:\/\/api.w.org\/{rel}","templated":true}]}}