{"id":11855,"date":"2022-11-03T14:01:49","date_gmt":"2022-11-03T13:01:49","guid":{"rendered":"https:\/\/www.parisheure.com\/?post_type=product&#038;p=11855"},"modified":"2025-04-24T15:02:04","modified_gmt":"2025-04-24T13:02:04","slug":"rolex-submariner-date-ref-1680-mat-mk2-vanilla-patina-from-1978","status":"publish","type":"product","link":"https:\/\/www.parisheure.com\/en\/buy-watch\/rolex-submariner-date-ref-1680-mat-mk2-vanilla-patina-from-1978\/","title":{"rendered":"ROLEX SUBMARINER DATE REF 1680 MAT MK2 VANILLA PATINA from 1978"},"content":{"rendered":"<p><strong>Our opinion:<\/strong> Un bel exemplaire de la Submariner date vintage r\u00e9f\u00e9rence 1680, patine exceptionnelle jaune PUMPKIN, bracelet blind\u00e9 et mouvement automatique en parfait \u00e9tat de fonctionnement. Boitier bien \u00e9pais avec ses chanfreins toujours pr\u00e9sents et avec si peu de diff\u00e9rence avec le prix d\u2019une moderne que tout le monde poss\u00e8de, offrez-vous une vintage parfaite au look unique des ann\u00e9es 70 mark II cadran beyeler \u00e0 tomber.<\/p>","protected":false},"excerpt":{"rendered":"<p><strong>Brand:<\/strong>\u00a0Rolex<\/p>\n<p><strong>Model:<\/strong>\u00a0Submariner<\/p>\n<p><strong>Movement\u00a0:<\/strong> Auto cal 1570<\/p>\n<p><strong>Reference:<\/strong>\u00a01680<\/p>\n<p><strong>Diameter\u00a0:<\/strong> 40mm<\/p>\n<p><strong>Year:<\/strong>\u00a01979<\/p>\n<p><strong>Serial :<\/strong> 528XXX<\/p>\n<p><strong>Case:<\/strong>\u00a0Tr\u00e8s beau boitier tr\u00e8s \u00e9pais et avec des angles parfait et des chanfreins bien visible. Lunette en bon \u00e9tat. Insert MK3 serif. Pas de chocs visibles importants. La montre est peut \u00eatre unpolished ou \u00e0 peine en tout cas tr\u00e8s beau boitier.<\/p>\n<p><strong>Dial:<\/strong>\u00a0Beau cadran d\u2019origine avec une tr\u00e8s belle patine homog\u00e8ne tournant a un jaune orang\u00e9 PUMPKIN. Tr\u00e8s bel ensemble g\u00e9n\u00e9ral. Cadran encore en bon \u00e9tat avec aucuns d\u00e9fauts. S\u00e9rie MK2 Beyeler.<\/p>\n<p><strong>Bracelet :<\/strong> Rolex acier blind\u00e9 d\u2019origine ref 93150 endlink 501B en bon \u00e9tat clasp code B<\/p>\n<p><strong>Accessories:<\/strong> None<\/p>","protected":false},"featured_media":11878,"template":"","meta":[],"pwb-brand":[432],"product_brand":[],"product_cat":[368,138,90,244],"product_tag":[136,222,301,199,127,135],"class_list":{"0":"post-11855","1":"product","2":"type-product","3":"status-publish","4":"has-post-thumbnail","6":"pwb-brand-rolex","7":"product_cat-montres-ph-watches","8":"product_cat-nouveautes","9":"product_cat-rolex","10":"product_cat-rolex-submariner","11":"product_tag-136","12":"product_tag-222","13":"product_tag-date","14":"product_tag-mk2","15":"product_tag-rolex","16":"product_tag-submariner","18":"first","19":"instock","20":"shipping-taxable","21":"purchasable","22":"product-type-simple"},"yoast_head":"<!-- This site is optimized with the Yoast SEO plugin v27.4 - https:\/\/yoast.com\/product\/yoast-seo-wordpress\/ -->\n<title>ROLEX SUBMARINER DATE REF 1680 MK2 from 1978<\/title>\n<meta name=\"description\" content=\"Marque: Rolex Mod\u00e8le: Submariner Mouvement : Auto cal 1570 R\u00e9f\u00e9rence: 1680 Diam\u00e8tre : 40mm Ann\u00e9e: 1979 Serial : 528XXX Boite: Tr\u00e8s beau boitier tr\u00e8s \u00e9pais\" \/>\n<meta name=\"robots\" content=\"index, follow, max-snippet:-1, max-image-preview:large, max-video-preview:-1\" \/>\n<link rel=\"canonical\" href=\"https:\/\/www.parisheure.com\/en\/buy-watch\/rolex-submariner-date-ref-1680-mat-mk2-vanilla-patina-from-1978\/\" \/>\n<meta property=\"og:locale\" content=\"en_US\" \/>\n<meta property=\"og:type\" content=\"article\" \/>\n<meta property=\"og:title\" content=\"ROLEX SUBMARINER DATE REF 1680 MK2 from 1978\" \/>\n<meta property=\"og:description\" content=\"Marque: Rolex Mod\u00e8le: Submariner Mouvement : Auto cal 1570 R\u00e9f\u00e9rence: 1680 Diam\u00e8tre : 40mm Ann\u00e9e: 1979 Serial : 528XXX Boite: Tr\u00e8s beau boitier tr\u00e8s \u00e9pais\" \/>\n<meta property=\"og:url\" content=\"https:\/\/www.parisheure.com\/en\/buy-watch\/rolex-submariner-date-ref-1680-mat-mk2-vanilla-patina-from-1978\/\" \/>\n<meta property=\"og:site_name\" content=\"PARIS HEURE\" \/>\n<meta property=\"article:publisher\" content=\"https:\/\/www.facebook.com\/ParisHeure\" \/>\n<meta property=\"article:modified_time\" content=\"2025-04-24T13:02:04+00:00\" \/>\n<meta property=\"og:image\" content=\"https:\/\/www.parisheure.com\/wp-content\/uploads\/2022\/11\/ROLEX-SUBMARINER-DATE-REF-1680-MAT-MK2-VANILLA-PATINA-FROM-1978-N\u00b0528XXXX-_0022_Calque-2-scaled.jpg\" \/>\n\t<meta property=\"og:image:width\" content=\"2560\" \/>\n\t<meta property=\"og:image:height\" content=\"2560\" \/>\n\t<meta property=\"og:image:type\" content=\"image\/jpeg\" \/>\n<meta name=\"twitter:card\" content=\"summary_large_image\" \/>\n<script type=\"application\/ld+json\" class=\"yoast-schema-graph\">{\"@context\":\"https:\\\/\\\/schema.org\",\"@graph\":[{\"@type\":\"WebPage\",\"@id\":\"https:\\\/\\\/www.parisheure.com\\\/acheter-montre\\\/rolex-submariner-date-ref-1680-mat-mk2-vanilla-patina-from-1978\\\/\",\"url\":\"https:\\\/\\\/www.parisheure.com\\\/acheter-montre\\\/rolex-submariner-date-ref-1680-mat-mk2-vanilla-patina-from-1978\\\/\",\"name\":\"ROLEX SUBMARINER DATE REF 1680 MK2 from 1978\",\"isPartOf\":{\"@id\":\"https:\\\/\\\/www.parisheure.com\\\/#website\"},\"primaryImageOfPage\":{\"@id\":\"https:\\\/\\\/www.parisheure.com\\\/acheter-montre\\\/rolex-submariner-date-ref-1680-mat-mk2-vanilla-patina-from-1978\\\/#primaryimage\"},\"image\":{\"@id\":\"https:\\\/\\\/www.parisheure.com\\\/acheter-montre\\\/rolex-submariner-date-ref-1680-mat-mk2-vanilla-patina-from-1978\\\/#primaryimage\"},\"thumbnailUrl\":\"https:\\\/\\\/www.parisheure.com\\\/wp-content\\\/uploads\\\/2022\\\/11\\\/ROLEX-SUBMARINER-DATE-REF-1680-MAT-MK2-VANILLA-PATINA-FROM-1978-N\u00b0528XXXX-_0022_Calque-2-scaled.jpg\",\"datePublished\":\"2022-11-03T13:01:49+00:00\",\"dateModified\":\"2025-04-24T13:02:04+00:00\",\"description\":\"Marque: Rolex Mod\u00e8le: Submariner Mouvement : Auto cal 1570 R\u00e9f\u00e9rence: 1680 Diam\u00e8tre : 40mm Ann\u00e9e: 1979 Serial : 528XXX Boite: Tr\u00e8s beau boitier tr\u00e8s \u00e9pais\",\"breadcrumb\":{\"@id\":\"https:\\\/\\\/www.parisheure.com\\\/acheter-montre\\\/rolex-submariner-date-ref-1680-mat-mk2-vanilla-patina-from-1978\\\/#breadcrumb\"},\"inLanguage\":\"en-US\",\"potentialAction\":[{\"@type\":\"ReadAction\",\"target\":[\"https:\\\/\\\/www.parisheure.com\\\/acheter-montre\\\/rolex-submariner-date-ref-1680-mat-mk2-vanilla-patina-from-1978\\\/\"]}]},{\"@type\":\"ImageObject\",\"inLanguage\":\"en-US\",\"@id\":\"https:\\\/\\\/www.parisheure.com\\\/acheter-montre\\\/rolex-submariner-date-ref-1680-mat-mk2-vanilla-patina-from-1978\\\/#primaryimage\",\"url\":\"https:\\\/\\\/www.parisheure.com\\\/wp-content\\\/uploads\\\/2022\\\/11\\\/ROLEX-SUBMARINER-DATE-REF-1680-MAT-MK2-VANILLA-PATINA-FROM-1978-N\u00b0528XXXX-_0022_Calque-2-scaled.jpg\",\"contentUrl\":\"https:\\\/\\\/www.parisheure.com\\\/wp-content\\\/uploads\\\/2022\\\/11\\\/ROLEX-SUBMARINER-DATE-REF-1680-MAT-MK2-VANILLA-PATINA-FROM-1978-N\u00b0528XXXX-_0022_Calque-2-scaled.jpg\",\"width\":2560,\"height\":2560},{\"@type\":\"BreadcrumbList\",\"@id\":\"https:\\\/\\\/www.parisheure.com\\\/acheter-montre\\\/rolex-submariner-date-ref-1680-mat-mk2-vanilla-patina-from-1978\\\/#breadcrumb\",\"itemListElement\":[{\"@type\":\"ListItem\",\"position\":1,\"name\":\"Accueil\",\"item\":\"https:\\\/\\\/www.parisheure.com\\\/\"},{\"@type\":\"ListItem\",\"position\":2,\"name\":\"WATCHES\",\"item\":\"https:\\\/\\\/www.parisheure.com\\\/\"},{\"@type\":\"ListItem\",\"position\":3,\"name\":\"ROLEX SUBMARINER DATE REF 1680 MAT MK2 VANILLA PATINA from 1978\"}]},{\"@type\":\"WebSite\",\"@id\":\"https:\\\/\\\/www.parisheure.com\\\/#website\",\"url\":\"https:\\\/\\\/www.parisheure.com\\\/\",\"name\":\"PARIS HEURE\",\"description\":\"Vintage watches Paris\",\"publisher\":{\"@id\":\"https:\\\/\\\/www.parisheure.com\\\/#organization\"},\"potentialAction\":[{\"@type\":\"SearchAction\",\"target\":{\"@type\":\"EntryPoint\",\"urlTemplate\":\"https:\\\/\\\/www.parisheure.com\\\/?s={search_term_string}\"},\"query-input\":{\"@type\":\"PropertyValueSpecification\",\"valueRequired\":true,\"valueName\":\"search_term_string\"}}],\"inLanguage\":\"en-US\"},{\"@type\":\"Organization\",\"@id\":\"https:\\\/\\\/www.parisheure.com\\\/#organization\",\"name\":\"PARIS HEURE\",\"url\":\"https:\\\/\\\/www.parisheure.com\\\/\",\"logo\":{\"@type\":\"ImageObject\",\"inLanguage\":\"en-US\",\"@id\":\"https:\\\/\\\/www.parisheure.com\\\/#\\\/schema\\\/logo\\\/image\\\/\",\"url\":\"https:\\\/\\\/www.parisheure.com\\\/wp-content\\\/uploads\\\/2021\\\/07\\\/cropped-logo-paris-heure.png\",\"contentUrl\":\"https:\\\/\\\/www.parisheure.com\\\/wp-content\\\/uploads\\\/2021\\\/07\\\/cropped-logo-paris-heure.png\",\"width\":512,\"height\":512,\"caption\":\"PARIS HEURE\"},\"image\":{\"@id\":\"https:\\\/\\\/www.parisheure.com\\\/#\\\/schema\\\/logo\\\/image\\\/\"},\"sameAs\":[\"https:\\\/\\\/www.facebook.com\\\/ParisHeure\",\"https:\\\/\\\/www.instagram.com\\\/parisheure\\\/\"]}]}<\/script>\n<!-- \/ Yoast SEO plugin. -->","yoast_head_json":{"title":"ROLEX SUBMARINER DATE REF 1680 MK2 from 1978","description":"Marque: Rolex Mod\u00e8le: Submariner Mouvement : Auto cal 1570 R\u00e9f\u00e9rence: 1680 Diam\u00e8tre : 40mm Ann\u00e9e: 1979 Serial : 528XXX Boite: Tr\u00e8s beau boitier tr\u00e8s \u00e9pais","robots":{"index":"index","follow":"follow","max-snippet":"max-snippet:-1","max-image-preview":"max-image-preview:large","max-video-preview":"max-video-preview:-1"},"canonical":"https:\/\/www.parisheure.com\/en\/buy-watch\/rolex-submariner-date-ref-1680-mat-mk2-vanilla-patina-from-1978\/","og_locale":"en_US","og_type":"article","og_title":"ROLEX SUBMARINER DATE REF 1680 MK2 from 1978","og_description":"Marque: Rolex Mod\u00e8le: Submariner Mouvement : Auto cal 1570 R\u00e9f\u00e9rence: 1680 Diam\u00e8tre : 40mm Ann\u00e9e: 1979 Serial : 528XXX Boite: Tr\u00e8s beau boitier tr\u00e8s \u00e9pais","og_url":"https:\/\/www.parisheure.com\/en\/buy-watch\/rolex-submariner-date-ref-1680-mat-mk2-vanilla-patina-from-1978\/","og_site_name":"PARIS HEURE","article_publisher":"https:\/\/www.facebook.com\/ParisHeure","article_modified_time":"2025-04-24T13:02:04+00:00","og_image":[{"width":2560,"height":2560,"url":"https:\/\/www.parisheure.com\/wp-content\/uploads\/2022\/11\/ROLEX-SUBMARINER-DATE-REF-1680-MAT-MK2-VANILLA-PATINA-FROM-1978-N\u00b0528XXXX-_0022_Calque-2-scaled.jpg","type":"image\/jpeg"}],"twitter_card":"summary_large_image","schema":{"@context":"https:\/\/schema.org","@graph":[{"@type":"WebPage","@id":"https:\/\/www.parisheure.com\/acheter-montre\/rolex-submariner-date-ref-1680-mat-mk2-vanilla-patina-from-1978\/","url":"https:\/\/www.parisheure.com\/acheter-montre\/rolex-submariner-date-ref-1680-mat-mk2-vanilla-patina-from-1978\/","name":"ROLEX SUBMARINER DATE REF 1680 MK2 from 1978","isPartOf":{"@id":"https:\/\/www.parisheure.com\/#website"},"primaryImageOfPage":{"@id":"https:\/\/www.parisheure.com\/acheter-montre\/rolex-submariner-date-ref-1680-mat-mk2-vanilla-patina-from-1978\/#primaryimage"},"image":{"@id":"https:\/\/www.parisheure.com\/acheter-montre\/rolex-submariner-date-ref-1680-mat-mk2-vanilla-patina-from-1978\/#primaryimage"},"thumbnailUrl":"https:\/\/www.parisheure.com\/wp-content\/uploads\/2022\/11\/ROLEX-SUBMARINER-DATE-REF-1680-MAT-MK2-VANILLA-PATINA-FROM-1978-N\u00b0528XXXX-_0022_Calque-2-scaled.jpg","datePublished":"2022-11-03T13:01:49+00:00","dateModified":"2025-04-24T13:02:04+00:00","description":"Marque: Rolex Mod\u00e8le: Submariner Mouvement : Auto cal 1570 R\u00e9f\u00e9rence: 1680 Diam\u00e8tre : 40mm Ann\u00e9e: 1979 Serial : 528XXX Boite: Tr\u00e8s beau boitier tr\u00e8s \u00e9pais","breadcrumb":{"@id":"https:\/\/www.parisheure.com\/acheter-montre\/rolex-submariner-date-ref-1680-mat-mk2-vanilla-patina-from-1978\/#breadcrumb"},"inLanguage":"en-US","potentialAction":[{"@type":"ReadAction","target":["https:\/\/www.parisheure.com\/acheter-montre\/rolex-submariner-date-ref-1680-mat-mk2-vanilla-patina-from-1978\/"]}]},{"@type":"ImageObject","inLanguage":"en-US","@id":"https:\/\/www.parisheure.com\/acheter-montre\/rolex-submariner-date-ref-1680-mat-mk2-vanilla-patina-from-1978\/#primaryimage","url":"https:\/\/www.parisheure.com\/wp-content\/uploads\/2022\/11\/ROLEX-SUBMARINER-DATE-REF-1680-MAT-MK2-VANILLA-PATINA-FROM-1978-N\u00b0528XXXX-_0022_Calque-2-scaled.jpg","contentUrl":"https:\/\/www.parisheure.com\/wp-content\/uploads\/2022\/11\/ROLEX-SUBMARINER-DATE-REF-1680-MAT-MK2-VANILLA-PATINA-FROM-1978-N\u00b0528XXXX-_0022_Calque-2-scaled.jpg","width":2560,"height":2560},{"@type":"BreadcrumbList","@id":"https:\/\/www.parisheure.com\/acheter-montre\/rolex-submariner-date-ref-1680-mat-mk2-vanilla-patina-from-1978\/#breadcrumb","itemListElement":[{"@type":"ListItem","position":1,"name":"Accueil","item":"https:\/\/www.parisheure.com\/"},{"@type":"ListItem","position":2,"name":"WATCHES","item":"https:\/\/www.parisheure.com\/"},{"@type":"ListItem","position":3,"name":"ROLEX SUBMARINER DATE REF 1680 MAT MK2 VANILLA PATINA from 1978"}]},{"@type":"WebSite","@id":"https:\/\/www.parisheure.com\/#website","url":"https:\/\/www.parisheure.com\/","name":"PARIS HEURE","description":"Vintage watches Paris","publisher":{"@id":"https:\/\/www.parisheure.com\/#organization"},"potentialAction":[{"@type":"SearchAction","target":{"@type":"EntryPoint","urlTemplate":"https:\/\/www.parisheure.com\/?s={search_term_string}"},"query-input":{"@type":"PropertyValueSpecification","valueRequired":true,"valueName":"search_term_string"}}],"inLanguage":"en-US"},{"@type":"Organization","@id":"https:\/\/www.parisheure.com\/#organization","name":"PARIS HEURE","url":"https:\/\/www.parisheure.com\/","logo":{"@type":"ImageObject","inLanguage":"en-US","@id":"https:\/\/www.parisheure.com\/#\/schema\/logo\/image\/","url":"https:\/\/www.parisheure.com\/wp-content\/uploads\/2021\/07\/cropped-logo-paris-heure.png","contentUrl":"https:\/\/www.parisheure.com\/wp-content\/uploads\/2021\/07\/cropped-logo-paris-heure.png","width":512,"height":512,"caption":"PARIS HEURE"},"image":{"@id":"https:\/\/www.parisheure.com\/#\/schema\/logo\/image\/"},"sameAs":["https:\/\/www.facebook.com\/ParisHeure","https:\/\/www.instagram.com\/parisheure\/"]}]}},"jetpack_sharing_enabled":true,"brands":[{"id":432,"name":"Rolex","slug":"rolex"}],"_links":{"self":[{"href":"https:\/\/www.parisheure.com\/en\/wp-json\/wp\/v2\/product\/11855","targetHints":{"allow":["GET"]}}],"collection":[{"href":"https:\/\/www.parisheure.com\/en\/wp-json\/wp\/v2\/product"}],"about":[{"href":"https:\/\/www.parisheure.com\/en\/wp-json\/wp\/v2\/types\/product"}],"version-history":[{"count":1,"href":"https:\/\/www.parisheure.com\/en\/wp-json\/wp\/v2\/product\/11855\/revisions"}],"predecessor-version":[{"id":14143,"href":"https:\/\/www.parisheure.com\/en\/wp-json\/wp\/v2\/product\/11855\/revisions\/14143"}],"wp:featuredmedia":[{"embeddable":true,"href":"https:\/\/www.parisheure.com\/en\/wp-json\/wp\/v2\/media\/11878"}],"wp:attachment":[{"href":"https:\/\/www.parisheure.com\/en\/wp-json\/wp\/v2\/media?parent=11855"}],"wp:term":[{"taxonomy":"pwb-brand","embeddable":true,"href":"https:\/\/www.parisheure.com\/en\/wp-json\/wp\/v2\/pwb-brand?post=11855"},{"taxonomy":"product_brand","embeddable":true,"href":"https:\/\/www.parisheure.com\/en\/wp-json\/wp\/v2\/product_brand?post=11855"},{"taxonomy":"product_cat","embeddable":true,"href":"https:\/\/www.parisheure.com\/en\/wp-json\/wp\/v2\/product_cat?post=11855"},{"taxonomy":"product_tag","embeddable":true,"href":"https:\/\/www.parisheure.com\/en\/wp-json\/wp\/v2\/product_tag?post=11855"}],"curies":[{"name":"wp","href":"https:\/\/api.w.org\/{rel}","templated":true}]}}