{"id":11880,"date":"2022-11-03T16:07:34","date_gmt":"2022-11-03T15:07:34","guid":{"rendered":"https:\/\/www.parisheure.com\/?post_type=product&#038;p=11880"},"modified":"2024-10-23T10:27:01","modified_gmt":"2024-10-23T08:27:01","slug":"rolex-submariner-ref-5513-serif-dial-from-1972","status":"publish","type":"product","link":"https:\/\/www.parisheure.com\/en\/buy-watch\/rolex-submariner-ref-5513-serif-dial-from-1972\/","title":{"rendered":"ROLEX SUBMARINER REF 5513 SERIF DIAL from 1972"},"content":{"rendered":"<p><strong>Our opinion:<\/strong> A very nice and rare example of the vintage Submariner reference 5513, very nice dial with beautiful patina, folded steel bracelet and movement in perfect working order. The watch is rare in its state of preservation.<\/p>","protected":false},"excerpt":{"rendered":"<p><strong>Brand:<\/strong>\u00a0Rolex<\/p>\n<p><strong>Model:<\/strong>\u00a0Submariner<\/p>\n<p><strong>Movement\u00a0: <\/strong>Auto cal 1520<\/p>\n<p><strong>Reference:<\/strong>\u00a05513<\/p>\n<p><strong>Diameter\u00a0: <\/strong>40mm<\/p>\n<p><strong>Year:<\/strong>\u00a01972<\/p>\n<p><strong>Serial : <\/strong>388XXXX<\/p>\n<p><strong>Case:<\/strong>\u00a0Beautiful case, still quite thick, with perfect angles, perhaps never even polished, and ultra-visible, clean chamfers. Bezel in good condition. Original fat font MK3 petrol blue insert. No major visible shocks. The watch remains beautiful and homogeneous.<\/p>\n<p><strong>Dial:<\/strong>\u00a0Beautiful original dial serif dial with a very nice homogeneous patina turning a vanilla yellow and perfect patina. Very nice overall. Dial still in good condition with no defects. Hands match the patina of the indexes.<\/p>\n<p><strong>Bracelet :<\/strong> Original Rolex bent steel ref 9315 endlink 380.<\/p>\n<p><strong>Accessories: <\/strong>None<\/p>","protected":false},"featured_media":11903,"template":"","meta":[],"pwb-brand":[432],"product_brand":[],"product_cat":[107,367,90,244],"product_tag":[223,142,260,127,135,101],"class_list":{"0":"post-11880","1":"product","2":"type-product","3":"status-publish","4":"has-post-thumbnail","6":"pwb-brand-rolex","7":"product_cat-archives","8":"product_cat-montres-paris-heure","9":"product_cat-rolex","10":"product_cat-rolex-submariner","11":"product_tag-223","12":"product_tag-142","13":"product_tag-no-serif","14":"product_tag-rolex","15":"product_tag-submariner","16":"product_tag-vintage","18":"first","19":"outofstock","20":"shipping-taxable","21":"product-type-simple"},"yoast_head":"<!-- This site is optimized with the Yoast SEO plugin v27.4 - https:\/\/yoast.com\/product\/yoast-seo-wordpress\/ -->\n<title>ROLEX SUBMARINER REF 5513 SERIF DIAL from 1972 &#8226;<\/title>\n<meta name=\"description\" content=\"Marque: Rolex Mod\u00e8le: Submariner Mouvement : Auto cal 1520 R\u00e9f\u00e9rence: 5513 Diam\u00e8tre : 40mm Ann\u00e9e: 1972 Serial : 388XXXX Boite: Beau boitier encore assez \u00e9pais.\" \/>\n<meta name=\"robots\" content=\"index, follow, max-snippet:-1, max-image-preview:large, max-video-preview:-1\" \/>\n<link rel=\"canonical\" href=\"https:\/\/www.parisheure.com\/en\/buy-watch\/rolex-submariner-ref-5513-serif-dial-from-1972\/\" \/>\n<meta property=\"og:locale\" content=\"en_US\" \/>\n<meta property=\"og:type\" content=\"article\" \/>\n<meta property=\"og:title\" content=\"ROLEX SUBMARINER REF 5513 SERIF DIAL from 1972 &#8226;\" \/>\n<meta property=\"og:description\" content=\"Marque: Rolex Mod\u00e8le: Submariner Mouvement : Auto cal 1520 R\u00e9f\u00e9rence: 5513 Diam\u00e8tre : 40mm Ann\u00e9e: 1972 Serial : 388XXXX Boite: Beau boitier encore assez \u00e9pais.\" \/>\n<meta property=\"og:url\" content=\"https:\/\/www.parisheure.com\/en\/buy-watch\/rolex-submariner-ref-5513-serif-dial-from-1972\/\" \/>\n<meta property=\"og:site_name\" content=\"PARIS HEURE\" \/>\n<meta property=\"article:publisher\" content=\"https:\/\/www.facebook.com\/ParisHeure\" \/>\n<meta property=\"article:modified_time\" content=\"2024-10-23T08:27:01+00:00\" \/>\n<meta property=\"og:image\" content=\"https:\/\/www.parisheure.com\/wp-content\/uploads\/2022\/11\/ROLEX-SUBMARINER-REF-5513-SERIF-MAT-DIAL-YELLOW-VANILLA-FROM-1975-N\u00b0388XXXX_0022_Calque-2-scaled.jpg\" \/>\n\t<meta property=\"og:image:width\" content=\"2560\" \/>\n\t<meta property=\"og:image:height\" content=\"2560\" \/>\n\t<meta property=\"og:image:type\" content=\"image\/jpeg\" \/>\n<meta name=\"twitter:card\" content=\"summary_large_image\" \/>\n<script type=\"application\/ld+json\" class=\"yoast-schema-graph\">{\"@context\":\"https:\\\/\\\/schema.org\",\"@graph\":[{\"@type\":\"WebPage\",\"@id\":\"https:\\\/\\\/www.parisheure.com\\\/acheter-montre\\\/rolex-submariner-ref-5513-serif-dial-from-1972\\\/\",\"url\":\"https:\\\/\\\/www.parisheure.com\\\/acheter-montre\\\/rolex-submariner-ref-5513-serif-dial-from-1972\\\/\",\"name\":\"ROLEX SUBMARINER REF 5513 SERIF DIAL from 1972 &#8226;\",\"isPartOf\":{\"@id\":\"https:\\\/\\\/www.parisheure.com\\\/#website\"},\"primaryImageOfPage\":{\"@id\":\"https:\\\/\\\/www.parisheure.com\\\/acheter-montre\\\/rolex-submariner-ref-5513-serif-dial-from-1972\\\/#primaryimage\"},\"image\":{\"@id\":\"https:\\\/\\\/www.parisheure.com\\\/acheter-montre\\\/rolex-submariner-ref-5513-serif-dial-from-1972\\\/#primaryimage\"},\"thumbnailUrl\":\"https:\\\/\\\/www.parisheure.com\\\/wp-content\\\/uploads\\\/2022\\\/11\\\/ROLEX-SUBMARINER-REF-5513-SERIF-MAT-DIAL-YELLOW-VANILLA-FROM-1975-N\u00b0388XXXX_0022_Calque-2-scaled.jpg\",\"datePublished\":\"2022-11-03T15:07:34+00:00\",\"dateModified\":\"2024-10-23T08:27:01+00:00\",\"description\":\"Marque: Rolex Mod\u00e8le: Submariner Mouvement : Auto cal 1520 R\u00e9f\u00e9rence: 5513 Diam\u00e8tre : 40mm Ann\u00e9e: 1972 Serial : 388XXXX Boite: Beau boitier encore assez \u00e9pais.\",\"breadcrumb\":{\"@id\":\"https:\\\/\\\/www.parisheure.com\\\/acheter-montre\\\/rolex-submariner-ref-5513-serif-dial-from-1972\\\/#breadcrumb\"},\"inLanguage\":\"en-US\",\"potentialAction\":[{\"@type\":\"ReadAction\",\"target\":[\"https:\\\/\\\/www.parisheure.com\\\/acheter-montre\\\/rolex-submariner-ref-5513-serif-dial-from-1972\\\/\"]}]},{\"@type\":\"ImageObject\",\"inLanguage\":\"en-US\",\"@id\":\"https:\\\/\\\/www.parisheure.com\\\/acheter-montre\\\/rolex-submariner-ref-5513-serif-dial-from-1972\\\/#primaryimage\",\"url\":\"https:\\\/\\\/www.parisheure.com\\\/wp-content\\\/uploads\\\/2022\\\/11\\\/ROLEX-SUBMARINER-REF-5513-SERIF-MAT-DIAL-YELLOW-VANILLA-FROM-1975-N\u00b0388XXXX_0022_Calque-2-scaled.jpg\",\"contentUrl\":\"https:\\\/\\\/www.parisheure.com\\\/wp-content\\\/uploads\\\/2022\\\/11\\\/ROLEX-SUBMARINER-REF-5513-SERIF-MAT-DIAL-YELLOW-VANILLA-FROM-1975-N\u00b0388XXXX_0022_Calque-2-scaled.jpg\",\"width\":2560,\"height\":2560},{\"@type\":\"BreadcrumbList\",\"@id\":\"https:\\\/\\\/www.parisheure.com\\\/acheter-montre\\\/rolex-submariner-ref-5513-serif-dial-from-1972\\\/#breadcrumb\",\"itemListElement\":[{\"@type\":\"ListItem\",\"position\":1,\"name\":\"Accueil\",\"item\":\"https:\\\/\\\/www.parisheure.com\\\/\"},{\"@type\":\"ListItem\",\"position\":2,\"name\":\"WATCHES\",\"item\":\"https:\\\/\\\/www.parisheure.com\\\/\"},{\"@type\":\"ListItem\",\"position\":3,\"name\":\"ROLEX SUBMARINER REF 5513 SERIF DIAL from 1972\"}]},{\"@type\":\"WebSite\",\"@id\":\"https:\\\/\\\/www.parisheure.com\\\/#website\",\"url\":\"https:\\\/\\\/www.parisheure.com\\\/\",\"name\":\"PARIS HEURE\",\"description\":\"Vintage watches Paris\",\"publisher\":{\"@id\":\"https:\\\/\\\/www.parisheure.com\\\/#organization\"},\"potentialAction\":[{\"@type\":\"SearchAction\",\"target\":{\"@type\":\"EntryPoint\",\"urlTemplate\":\"https:\\\/\\\/www.parisheure.com\\\/?s={search_term_string}\"},\"query-input\":{\"@type\":\"PropertyValueSpecification\",\"valueRequired\":true,\"valueName\":\"search_term_string\"}}],\"inLanguage\":\"en-US\"},{\"@type\":\"Organization\",\"@id\":\"https:\\\/\\\/www.parisheure.com\\\/#organization\",\"name\":\"PARIS HEURE\",\"url\":\"https:\\\/\\\/www.parisheure.com\\\/\",\"logo\":{\"@type\":\"ImageObject\",\"inLanguage\":\"en-US\",\"@id\":\"https:\\\/\\\/www.parisheure.com\\\/#\\\/schema\\\/logo\\\/image\\\/\",\"url\":\"https:\\\/\\\/www.parisheure.com\\\/wp-content\\\/uploads\\\/2021\\\/07\\\/cropped-logo-paris-heure.png\",\"contentUrl\":\"https:\\\/\\\/www.parisheure.com\\\/wp-content\\\/uploads\\\/2021\\\/07\\\/cropped-logo-paris-heure.png\",\"width\":512,\"height\":512,\"caption\":\"PARIS HEURE\"},\"image\":{\"@id\":\"https:\\\/\\\/www.parisheure.com\\\/#\\\/schema\\\/logo\\\/image\\\/\"},\"sameAs\":[\"https:\\\/\\\/www.facebook.com\\\/ParisHeure\",\"https:\\\/\\\/www.instagram.com\\\/parisheure\\\/\"]}]}<\/script>\n<!-- \/ Yoast SEO plugin. -->","yoast_head_json":{"title":"ROLEX SUBMARINER REF 5513 SERIF DIAL from 1972 \u2022","description":"Marque: Rolex Mod\u00e8le: Submariner Mouvement : Auto cal 1520 R\u00e9f\u00e9rence: 5513 Diam\u00e8tre : 40mm Ann\u00e9e: 1972 Serial : 388XXXX Boite: Beau boitier encore assez \u00e9pais.","robots":{"index":"index","follow":"follow","max-snippet":"max-snippet:-1","max-image-preview":"max-image-preview:large","max-video-preview":"max-video-preview:-1"},"canonical":"https:\/\/www.parisheure.com\/en\/buy-watch\/rolex-submariner-ref-5513-serif-dial-from-1972\/","og_locale":"en_US","og_type":"article","og_title":"ROLEX SUBMARINER REF 5513 SERIF DIAL from 1972 &#8226;","og_description":"Marque: Rolex Mod\u00e8le: Submariner Mouvement : Auto cal 1520 R\u00e9f\u00e9rence: 5513 Diam\u00e8tre : 40mm Ann\u00e9e: 1972 Serial : 388XXXX Boite: Beau boitier encore assez \u00e9pais.","og_url":"https:\/\/www.parisheure.com\/en\/buy-watch\/rolex-submariner-ref-5513-serif-dial-from-1972\/","og_site_name":"PARIS HEURE","article_publisher":"https:\/\/www.facebook.com\/ParisHeure","article_modified_time":"2024-10-23T08:27:01+00:00","og_image":[{"width":2560,"height":2560,"url":"https:\/\/www.parisheure.com\/wp-content\/uploads\/2022\/11\/ROLEX-SUBMARINER-REF-5513-SERIF-MAT-DIAL-YELLOW-VANILLA-FROM-1975-N\u00b0388XXXX_0022_Calque-2-scaled.jpg","type":"image\/jpeg"}],"twitter_card":"summary_large_image","schema":{"@context":"https:\/\/schema.org","@graph":[{"@type":"WebPage","@id":"https:\/\/www.parisheure.com\/acheter-montre\/rolex-submariner-ref-5513-serif-dial-from-1972\/","url":"https:\/\/www.parisheure.com\/acheter-montre\/rolex-submariner-ref-5513-serif-dial-from-1972\/","name":"ROLEX SUBMARINER REF 5513 SERIF DIAL from 1972 \u2022","isPartOf":{"@id":"https:\/\/www.parisheure.com\/#website"},"primaryImageOfPage":{"@id":"https:\/\/www.parisheure.com\/acheter-montre\/rolex-submariner-ref-5513-serif-dial-from-1972\/#primaryimage"},"image":{"@id":"https:\/\/www.parisheure.com\/acheter-montre\/rolex-submariner-ref-5513-serif-dial-from-1972\/#primaryimage"},"thumbnailUrl":"https:\/\/www.parisheure.com\/wp-content\/uploads\/2022\/11\/ROLEX-SUBMARINER-REF-5513-SERIF-MAT-DIAL-YELLOW-VANILLA-FROM-1975-N\u00b0388XXXX_0022_Calque-2-scaled.jpg","datePublished":"2022-11-03T15:07:34+00:00","dateModified":"2024-10-23T08:27:01+00:00","description":"Marque: Rolex Mod\u00e8le: Submariner Mouvement : Auto cal 1520 R\u00e9f\u00e9rence: 5513 Diam\u00e8tre : 40mm Ann\u00e9e: 1972 Serial : 388XXXX Boite: Beau boitier encore assez \u00e9pais.","breadcrumb":{"@id":"https:\/\/www.parisheure.com\/acheter-montre\/rolex-submariner-ref-5513-serif-dial-from-1972\/#breadcrumb"},"inLanguage":"en-US","potentialAction":[{"@type":"ReadAction","target":["https:\/\/www.parisheure.com\/acheter-montre\/rolex-submariner-ref-5513-serif-dial-from-1972\/"]}]},{"@type":"ImageObject","inLanguage":"en-US","@id":"https:\/\/www.parisheure.com\/acheter-montre\/rolex-submariner-ref-5513-serif-dial-from-1972\/#primaryimage","url":"https:\/\/www.parisheure.com\/wp-content\/uploads\/2022\/11\/ROLEX-SUBMARINER-REF-5513-SERIF-MAT-DIAL-YELLOW-VANILLA-FROM-1975-N\u00b0388XXXX_0022_Calque-2-scaled.jpg","contentUrl":"https:\/\/www.parisheure.com\/wp-content\/uploads\/2022\/11\/ROLEX-SUBMARINER-REF-5513-SERIF-MAT-DIAL-YELLOW-VANILLA-FROM-1975-N\u00b0388XXXX_0022_Calque-2-scaled.jpg","width":2560,"height":2560},{"@type":"BreadcrumbList","@id":"https:\/\/www.parisheure.com\/acheter-montre\/rolex-submariner-ref-5513-serif-dial-from-1972\/#breadcrumb","itemListElement":[{"@type":"ListItem","position":1,"name":"Accueil","item":"https:\/\/www.parisheure.com\/"},{"@type":"ListItem","position":2,"name":"WATCHES","item":"https:\/\/www.parisheure.com\/"},{"@type":"ListItem","position":3,"name":"ROLEX SUBMARINER REF 5513 SERIF DIAL from 1972"}]},{"@type":"WebSite","@id":"https:\/\/www.parisheure.com\/#website","url":"https:\/\/www.parisheure.com\/","name":"PARIS HEURE","description":"Vintage watches Paris","publisher":{"@id":"https:\/\/www.parisheure.com\/#organization"},"potentialAction":[{"@type":"SearchAction","target":{"@type":"EntryPoint","urlTemplate":"https:\/\/www.parisheure.com\/?s={search_term_string}"},"query-input":{"@type":"PropertyValueSpecification","valueRequired":true,"valueName":"search_term_string"}}],"inLanguage":"en-US"},{"@type":"Organization","@id":"https:\/\/www.parisheure.com\/#organization","name":"PARIS HEURE","url":"https:\/\/www.parisheure.com\/","logo":{"@type":"ImageObject","inLanguage":"en-US","@id":"https:\/\/www.parisheure.com\/#\/schema\/logo\/image\/","url":"https:\/\/www.parisheure.com\/wp-content\/uploads\/2021\/07\/cropped-logo-paris-heure.png","contentUrl":"https:\/\/www.parisheure.com\/wp-content\/uploads\/2021\/07\/cropped-logo-paris-heure.png","width":512,"height":512,"caption":"PARIS HEURE"},"image":{"@id":"https:\/\/www.parisheure.com\/#\/schema\/logo\/image\/"},"sameAs":["https:\/\/www.facebook.com\/ParisHeure","https:\/\/www.instagram.com\/parisheure\/"]}]}},"jetpack_sharing_enabled":true,"brands":[{"id":432,"name":"Rolex","slug":"rolex"}],"_links":{"self":[{"href":"https:\/\/www.parisheure.com\/en\/wp-json\/wp\/v2\/product\/11880","targetHints":{"allow":["GET"]}}],"collection":[{"href":"https:\/\/www.parisheure.com\/en\/wp-json\/wp\/v2\/product"}],"about":[{"href":"https:\/\/www.parisheure.com\/en\/wp-json\/wp\/v2\/types\/product"}],"version-history":[{"count":1,"href":"https:\/\/www.parisheure.com\/en\/wp-json\/wp\/v2\/product\/11880\/revisions"}],"predecessor-version":[{"id":14158,"href":"https:\/\/www.parisheure.com\/en\/wp-json\/wp\/v2\/product\/11880\/revisions\/14158"}],"wp:featuredmedia":[{"embeddable":true,"href":"https:\/\/www.parisheure.com\/en\/wp-json\/wp\/v2\/media\/11903"}],"wp:attachment":[{"href":"https:\/\/www.parisheure.com\/en\/wp-json\/wp\/v2\/media?parent=11880"}],"wp:term":[{"taxonomy":"pwb-brand","embeddable":true,"href":"https:\/\/www.parisheure.com\/en\/wp-json\/wp\/v2\/pwb-brand?post=11880"},{"taxonomy":"product_brand","embeddable":true,"href":"https:\/\/www.parisheure.com\/en\/wp-json\/wp\/v2\/product_brand?post=11880"},{"taxonomy":"product_cat","embeddable":true,"href":"https:\/\/www.parisheure.com\/en\/wp-json\/wp\/v2\/product_cat?post=11880"},{"taxonomy":"product_tag","embeddable":true,"href":"https:\/\/www.parisheure.com\/en\/wp-json\/wp\/v2\/product_tag?post=11880"}],"curies":[{"name":"wp","href":"https:\/\/api.w.org\/{rel}","templated":true}]}}