{"id":11962,"date":"2022-11-28T17:56:00","date_gmt":"2022-11-28T16:56:00","guid":{"rendered":"https:\/\/www.parisheure.com\/?post_type=product&#038;p=11962"},"modified":"2024-10-23T10:26:45","modified_gmt":"2024-10-23T08:26:45","slug":"rolex-explorer-i-new-model-ref-124270-neuve-full-set-from-2021","status":"publish","type":"product","link":"https:\/\/www.parisheure.com\/en\/buy-watch\/rolex-explorer-i-new-model-ref-124270-neuve-full-set-from-2021\/","title":{"rendered":"ROLEX EXPLORER I NEW MODEL REF 124270 NEW FULL SET from 2021"},"content":{"rendered":"<p><strong>Our opinion:<\/strong> The new Explorer I model returns to its original size of 36mm. Beautiful explorer dial! This reference has been changed by Rolex and is still in very short supply, so impossible to obtain in stores. It's from 2021 and has never been stickered by its owner.<\/p>","protected":false},"excerpt":{"rendered":"<p><strong>Brand:<\/strong>\u00a0Rolex<\/p>\n<p><strong>Model:<\/strong>\u00a0Explore I<\/p>\n<p><strong>Movement\u00a0: <\/strong>Automatic<\/p>\n<p><strong>Reference:<\/strong>\u00a0124270<\/p>\n<p><strong>Diameter\u00a0: <\/strong>36mm<\/p>\n<p><strong>Year:<\/strong>\u00a02021<\/p>\n<p><strong>Case:<\/strong>\u00a0Beautiful new case with sticker, watch never worn.<\/p>\n<p><strong>Dial:<\/strong>\u00a0Beautiful original black dial explorer dial.<\/p>\n<p><strong>Bracelet:<\/strong>\u00a0Original steel, brand new, never worn.<\/p>\n<p><strong>Accessories: <\/strong>Original box and papers from 2021.<\/p>","protected":false},"featured_media":11974,"template":"","meta":[],"pwb-brand":[432],"product_brand":[],"product_cat":[107,367,90,245],"product_tag":[358,182,359,350,127],"class_list":{"0":"post-11962","1":"product","2":"type-product","3":"status-publish","4":"has-post-thumbnail","6":"pwb-brand-rolex","7":"product_cat-archives","8":"product_cat-montres-paris-heure","9":"product_cat-rolex","10":"product_cat-rolex-explorer","11":"product_tag-358","12":"product_tag-explorer-i","13":"product_tag-fullset","14":"product_tag-neuve","15":"product_tag-rolex","17":"first","18":"outofstock","19":"shipping-taxable","20":"product-type-simple"},"yoast_head":"<!-- This site is optimized with the Yoast SEO plugin v27.4 - https:\/\/yoast.com\/product\/yoast-seo-wordpress\/ -->\n<title>ROLEX EXPLORER I NEW MODEL REF 124270 NEUVE FULL SET 2021<\/title>\n<meta name=\"description\" content=\"Marque: Rolex Mod\u00e8le: Explorer I Mouvement : Automatique R\u00e9f\u00e9rence: 124270 Diam\u00e8tre : 36mm Ann\u00e9e: 2021 Boite: Beau boitier neuf et stick\u00e9, montre jamais port\u00e9e.\" \/>\n<meta name=\"robots\" content=\"index, follow, max-snippet:-1, max-image-preview:large, max-video-preview:-1\" \/>\n<link rel=\"canonical\" href=\"https:\/\/www.parisheure.com\/en\/buy-watch\/rolex-explorer-i-new-model-ref-124270-neuve-full-set-from-2021\/\" \/>\n<meta property=\"og:locale\" content=\"en_US\" \/>\n<meta property=\"og:type\" content=\"article\" \/>\n<meta property=\"og:title\" content=\"ROLEX EXPLORER I NEW MODEL REF 124270 NEUVE FULL SET 2021\" \/>\n<meta property=\"og:description\" content=\"Marque: Rolex Mod\u00e8le: Explorer I Mouvement : Automatique R\u00e9f\u00e9rence: 124270 Diam\u00e8tre : 36mm Ann\u00e9e: 2021 Boite: Beau boitier neuf et stick\u00e9, montre jamais port\u00e9e.\" \/>\n<meta property=\"og:url\" content=\"https:\/\/www.parisheure.com\/en\/buy-watch\/rolex-explorer-i-new-model-ref-124270-neuve-full-set-from-2021\/\" \/>\n<meta property=\"og:site_name\" content=\"PARIS HEURE\" \/>\n<meta property=\"article:publisher\" content=\"https:\/\/www.facebook.com\/ParisHeure\" \/>\n<meta property=\"article:modified_time\" content=\"2024-10-23T08:26:45+00:00\" \/>\n<meta property=\"og:image\" content=\"https:\/\/www.parisheure.com\/wp-content\/uploads\/2022\/11\/ROLEX-EXPLORER-I-NEW-MODEL-REF-124270-NEUVE-FULL-SET-FROM-2021-N\u00b021FEXXXX-_0011_Calque-4-scaled.jpg\" \/>\n\t<meta property=\"og:image:width\" content=\"2560\" \/>\n\t<meta property=\"og:image:height\" content=\"2560\" \/>\n\t<meta property=\"og:image:type\" content=\"image\/jpeg\" \/>\n<meta name=\"twitter:card\" content=\"summary_large_image\" \/>\n<script type=\"application\/ld+json\" class=\"yoast-schema-graph\">{\"@context\":\"https:\\\/\\\/schema.org\",\"@graph\":[{\"@type\":\"WebPage\",\"@id\":\"https:\\\/\\\/www.parisheure.com\\\/acheter-montre\\\/rolex-explorer-i-new-model-ref-124270-neuve-full-set-from-2021\\\/\",\"url\":\"https:\\\/\\\/www.parisheure.com\\\/acheter-montre\\\/rolex-explorer-i-new-model-ref-124270-neuve-full-set-from-2021\\\/\",\"name\":\"ROLEX EXPLORER I NEW MODEL REF 124270 NEUVE FULL SET 2021\",\"isPartOf\":{\"@id\":\"https:\\\/\\\/www.parisheure.com\\\/#website\"},\"primaryImageOfPage\":{\"@id\":\"https:\\\/\\\/www.parisheure.com\\\/acheter-montre\\\/rolex-explorer-i-new-model-ref-124270-neuve-full-set-from-2021\\\/#primaryimage\"},\"image\":{\"@id\":\"https:\\\/\\\/www.parisheure.com\\\/acheter-montre\\\/rolex-explorer-i-new-model-ref-124270-neuve-full-set-from-2021\\\/#primaryimage\"},\"thumbnailUrl\":\"https:\\\/\\\/www.parisheure.com\\\/wp-content\\\/uploads\\\/2022\\\/11\\\/ROLEX-EXPLORER-I-NEW-MODEL-REF-124270-NEUVE-FULL-SET-FROM-2021-N\u00b021FEXXXX-_0011_Calque-4-scaled.jpg\",\"datePublished\":\"2022-11-28T16:56:00+00:00\",\"dateModified\":\"2024-10-23T08:26:45+00:00\",\"description\":\"Marque: Rolex Mod\u00e8le: Explorer I Mouvement : Automatique R\u00e9f\u00e9rence: 124270 Diam\u00e8tre : 36mm Ann\u00e9e: 2021 Boite: Beau boitier neuf et stick\u00e9, montre jamais port\u00e9e.\",\"breadcrumb\":{\"@id\":\"https:\\\/\\\/www.parisheure.com\\\/acheter-montre\\\/rolex-explorer-i-new-model-ref-124270-neuve-full-set-from-2021\\\/#breadcrumb\"},\"inLanguage\":\"en-US\",\"potentialAction\":[{\"@type\":\"ReadAction\",\"target\":[\"https:\\\/\\\/www.parisheure.com\\\/acheter-montre\\\/rolex-explorer-i-new-model-ref-124270-neuve-full-set-from-2021\\\/\"]}]},{\"@type\":\"ImageObject\",\"inLanguage\":\"en-US\",\"@id\":\"https:\\\/\\\/www.parisheure.com\\\/acheter-montre\\\/rolex-explorer-i-new-model-ref-124270-neuve-full-set-from-2021\\\/#primaryimage\",\"url\":\"https:\\\/\\\/www.parisheure.com\\\/wp-content\\\/uploads\\\/2022\\\/11\\\/ROLEX-EXPLORER-I-NEW-MODEL-REF-124270-NEUVE-FULL-SET-FROM-2021-N\u00b021FEXXXX-_0011_Calque-4-scaled.jpg\",\"contentUrl\":\"https:\\\/\\\/www.parisheure.com\\\/wp-content\\\/uploads\\\/2022\\\/11\\\/ROLEX-EXPLORER-I-NEW-MODEL-REF-124270-NEUVE-FULL-SET-FROM-2021-N\u00b021FEXXXX-_0011_Calque-4-scaled.jpg\",\"width\":2560,\"height\":2560},{\"@type\":\"BreadcrumbList\",\"@id\":\"https:\\\/\\\/www.parisheure.com\\\/acheter-montre\\\/rolex-explorer-i-new-model-ref-124270-neuve-full-set-from-2021\\\/#breadcrumb\",\"itemListElement\":[{\"@type\":\"ListItem\",\"position\":1,\"name\":\"Accueil\",\"item\":\"https:\\\/\\\/www.parisheure.com\\\/\"},{\"@type\":\"ListItem\",\"position\":2,\"name\":\"WATCHES\",\"item\":\"https:\\\/\\\/www.parisheure.com\\\/\"},{\"@type\":\"ListItem\",\"position\":3,\"name\":\"ROLEX EXPLORER I NEW MODEL REF 124270 NEUVE FULL SET from 2021\"}]},{\"@type\":\"WebSite\",\"@id\":\"https:\\\/\\\/www.parisheure.com\\\/#website\",\"url\":\"https:\\\/\\\/www.parisheure.com\\\/\",\"name\":\"PARIS HEURE\",\"description\":\"Vintage watches Paris\",\"publisher\":{\"@id\":\"https:\\\/\\\/www.parisheure.com\\\/#organization\"},\"potentialAction\":[{\"@type\":\"SearchAction\",\"target\":{\"@type\":\"EntryPoint\",\"urlTemplate\":\"https:\\\/\\\/www.parisheure.com\\\/?s={search_term_string}\"},\"query-input\":{\"@type\":\"PropertyValueSpecification\",\"valueRequired\":true,\"valueName\":\"search_term_string\"}}],\"inLanguage\":\"en-US\"},{\"@type\":\"Organization\",\"@id\":\"https:\\\/\\\/www.parisheure.com\\\/#organization\",\"name\":\"PARIS HEURE\",\"url\":\"https:\\\/\\\/www.parisheure.com\\\/\",\"logo\":{\"@type\":\"ImageObject\",\"inLanguage\":\"en-US\",\"@id\":\"https:\\\/\\\/www.parisheure.com\\\/#\\\/schema\\\/logo\\\/image\\\/\",\"url\":\"https:\\\/\\\/www.parisheure.com\\\/wp-content\\\/uploads\\\/2021\\\/07\\\/cropped-logo-paris-heure.png\",\"contentUrl\":\"https:\\\/\\\/www.parisheure.com\\\/wp-content\\\/uploads\\\/2021\\\/07\\\/cropped-logo-paris-heure.png\",\"width\":512,\"height\":512,\"caption\":\"PARIS HEURE\"},\"image\":{\"@id\":\"https:\\\/\\\/www.parisheure.com\\\/#\\\/schema\\\/logo\\\/image\\\/\"},\"sameAs\":[\"https:\\\/\\\/www.facebook.com\\\/ParisHeure\",\"https:\\\/\\\/www.instagram.com\\\/parisheure\\\/\"]}]}<\/script>\n<!-- \/ Yoast SEO plugin. -->","yoast_head_json":{"title":"ROLEX EXPLORER I NEW MODEL REF 124270 NEUVE FULL SET 2021","description":"Marque: Rolex Mod\u00e8le: Explorer I Mouvement : Automatique R\u00e9f\u00e9rence: 124270 Diam\u00e8tre : 36mm Ann\u00e9e: 2021 Boite: Beau boitier neuf et stick\u00e9, montre jamais port\u00e9e.","robots":{"index":"index","follow":"follow","max-snippet":"max-snippet:-1","max-image-preview":"max-image-preview:large","max-video-preview":"max-video-preview:-1"},"canonical":"https:\/\/www.parisheure.com\/en\/buy-watch\/rolex-explorer-i-new-model-ref-124270-neuve-full-set-from-2021\/","og_locale":"en_US","og_type":"article","og_title":"ROLEX EXPLORER I NEW MODEL REF 124270 NEUVE FULL SET 2021","og_description":"Marque: Rolex Mod\u00e8le: Explorer I Mouvement : Automatique R\u00e9f\u00e9rence: 124270 Diam\u00e8tre : 36mm Ann\u00e9e: 2021 Boite: Beau boitier neuf et stick\u00e9, montre jamais port\u00e9e.","og_url":"https:\/\/www.parisheure.com\/en\/buy-watch\/rolex-explorer-i-new-model-ref-124270-neuve-full-set-from-2021\/","og_site_name":"PARIS HEURE","article_publisher":"https:\/\/www.facebook.com\/ParisHeure","article_modified_time":"2024-10-23T08:26:45+00:00","og_image":[{"width":2560,"height":2560,"url":"https:\/\/www.parisheure.com\/wp-content\/uploads\/2022\/11\/ROLEX-EXPLORER-I-NEW-MODEL-REF-124270-NEUVE-FULL-SET-FROM-2021-N\u00b021FEXXXX-_0011_Calque-4-scaled.jpg","type":"image\/jpeg"}],"twitter_card":"summary_large_image","schema":{"@context":"https:\/\/schema.org","@graph":[{"@type":"WebPage","@id":"https:\/\/www.parisheure.com\/acheter-montre\/rolex-explorer-i-new-model-ref-124270-neuve-full-set-from-2021\/","url":"https:\/\/www.parisheure.com\/acheter-montre\/rolex-explorer-i-new-model-ref-124270-neuve-full-set-from-2021\/","name":"ROLEX EXPLORER I NEW MODEL REF 124270 NEUVE FULL SET 2021","isPartOf":{"@id":"https:\/\/www.parisheure.com\/#website"},"primaryImageOfPage":{"@id":"https:\/\/www.parisheure.com\/acheter-montre\/rolex-explorer-i-new-model-ref-124270-neuve-full-set-from-2021\/#primaryimage"},"image":{"@id":"https:\/\/www.parisheure.com\/acheter-montre\/rolex-explorer-i-new-model-ref-124270-neuve-full-set-from-2021\/#primaryimage"},"thumbnailUrl":"https:\/\/www.parisheure.com\/wp-content\/uploads\/2022\/11\/ROLEX-EXPLORER-I-NEW-MODEL-REF-124270-NEUVE-FULL-SET-FROM-2021-N\u00b021FEXXXX-_0011_Calque-4-scaled.jpg","datePublished":"2022-11-28T16:56:00+00:00","dateModified":"2024-10-23T08:26:45+00:00","description":"Marque: Rolex Mod\u00e8le: Explorer I Mouvement : Automatique R\u00e9f\u00e9rence: 124270 Diam\u00e8tre : 36mm Ann\u00e9e: 2021 Boite: Beau boitier neuf et stick\u00e9, montre jamais port\u00e9e.","breadcrumb":{"@id":"https:\/\/www.parisheure.com\/acheter-montre\/rolex-explorer-i-new-model-ref-124270-neuve-full-set-from-2021\/#breadcrumb"},"inLanguage":"en-US","potentialAction":[{"@type":"ReadAction","target":["https:\/\/www.parisheure.com\/acheter-montre\/rolex-explorer-i-new-model-ref-124270-neuve-full-set-from-2021\/"]}]},{"@type":"ImageObject","inLanguage":"en-US","@id":"https:\/\/www.parisheure.com\/acheter-montre\/rolex-explorer-i-new-model-ref-124270-neuve-full-set-from-2021\/#primaryimage","url":"https:\/\/www.parisheure.com\/wp-content\/uploads\/2022\/11\/ROLEX-EXPLORER-I-NEW-MODEL-REF-124270-NEUVE-FULL-SET-FROM-2021-N\u00b021FEXXXX-_0011_Calque-4-scaled.jpg","contentUrl":"https:\/\/www.parisheure.com\/wp-content\/uploads\/2022\/11\/ROLEX-EXPLORER-I-NEW-MODEL-REF-124270-NEUVE-FULL-SET-FROM-2021-N\u00b021FEXXXX-_0011_Calque-4-scaled.jpg","width":2560,"height":2560},{"@type":"BreadcrumbList","@id":"https:\/\/www.parisheure.com\/acheter-montre\/rolex-explorer-i-new-model-ref-124270-neuve-full-set-from-2021\/#breadcrumb","itemListElement":[{"@type":"ListItem","position":1,"name":"Accueil","item":"https:\/\/www.parisheure.com\/"},{"@type":"ListItem","position":2,"name":"WATCHES","item":"https:\/\/www.parisheure.com\/"},{"@type":"ListItem","position":3,"name":"ROLEX EXPLORER I NEW MODEL REF 124270 NEUVE FULL SET from 2021"}]},{"@type":"WebSite","@id":"https:\/\/www.parisheure.com\/#website","url":"https:\/\/www.parisheure.com\/","name":"PARIS HEURE","description":"Vintage watches Paris","publisher":{"@id":"https:\/\/www.parisheure.com\/#organization"},"potentialAction":[{"@type":"SearchAction","target":{"@type":"EntryPoint","urlTemplate":"https:\/\/www.parisheure.com\/?s={search_term_string}"},"query-input":{"@type":"PropertyValueSpecification","valueRequired":true,"valueName":"search_term_string"}}],"inLanguage":"en-US"},{"@type":"Organization","@id":"https:\/\/www.parisheure.com\/#organization","name":"PARIS HEURE","url":"https:\/\/www.parisheure.com\/","logo":{"@type":"ImageObject","inLanguage":"en-US","@id":"https:\/\/www.parisheure.com\/#\/schema\/logo\/image\/","url":"https:\/\/www.parisheure.com\/wp-content\/uploads\/2021\/07\/cropped-logo-paris-heure.png","contentUrl":"https:\/\/www.parisheure.com\/wp-content\/uploads\/2021\/07\/cropped-logo-paris-heure.png","width":512,"height":512,"caption":"PARIS HEURE"},"image":{"@id":"https:\/\/www.parisheure.com\/#\/schema\/logo\/image\/"},"sameAs":["https:\/\/www.facebook.com\/ParisHeure","https:\/\/www.instagram.com\/parisheure\/"]}]}},"jetpack_sharing_enabled":true,"brands":[{"id":432,"name":"Rolex","slug":"rolex"}],"_links":{"self":[{"href":"https:\/\/www.parisheure.com\/en\/wp-json\/wp\/v2\/product\/11962","targetHints":{"allow":["GET"]}}],"collection":[{"href":"https:\/\/www.parisheure.com\/en\/wp-json\/wp\/v2\/product"}],"about":[{"href":"https:\/\/www.parisheure.com\/en\/wp-json\/wp\/v2\/types\/product"}],"version-history":[{"count":1,"href":"https:\/\/www.parisheure.com\/en\/wp-json\/wp\/v2\/product\/11962\/revisions"}],"predecessor-version":[{"id":14156,"href":"https:\/\/www.parisheure.com\/en\/wp-json\/wp\/v2\/product\/11962\/revisions\/14156"}],"wp:featuredmedia":[{"embeddable":true,"href":"https:\/\/www.parisheure.com\/en\/wp-json\/wp\/v2\/media\/11974"}],"wp:attachment":[{"href":"https:\/\/www.parisheure.com\/en\/wp-json\/wp\/v2\/media?parent=11962"}],"wp:term":[{"taxonomy":"pwb-brand","embeddable":true,"href":"https:\/\/www.parisheure.com\/en\/wp-json\/wp\/v2\/pwb-brand?post=11962"},{"taxonomy":"product_brand","embeddable":true,"href":"https:\/\/www.parisheure.com\/en\/wp-json\/wp\/v2\/product_brand?post=11962"},{"taxonomy":"product_cat","embeddable":true,"href":"https:\/\/www.parisheure.com\/en\/wp-json\/wp\/v2\/product_cat?post=11962"},{"taxonomy":"product_tag","embeddable":true,"href":"https:\/\/www.parisheure.com\/en\/wp-json\/wp\/v2\/product_tag?post=11962"}],"curies":[{"name":"wp","href":"https:\/\/api.w.org\/{rel}","templated":true}]}}