{"id":12035,"date":"2023-01-30T15:13:18","date_gmt":"2023-01-30T14:13:18","guid":{"rendered":"https:\/\/www.parisheure.com\/?post_type=product&#038;p=12035"},"modified":"2024-10-22T16:43:48","modified_gmt":"2024-10-22T14:43:48","slug":"rolex-submariner-ref-5513-precomex-pumpkin-sur-cuir-from-1977","status":"publish","type":"product","link":"https:\/\/www.parisheure.com\/en\/buy-watch\/rolex-submariner-ref-5513-precomex-pumpkin-sur-cuir-from-1977\/","title":{"rendered":"ROLEX SUBMARINER REF 5513 PRECOMEX PUMPKIN SUR CUIR from 1977"},"content":{"rendered":"<p><strong>Our opinion:<\/strong> A very nice and rare vintage Submariner reference 5513, very nice dial with a nice PUMPKIN patina, leather strap and movement in perfect working condition. The watch is in perfect condition, with hands and dials matching the sought-after pumpkin color. Beautiful bluish fat font insert.<\/p>","protected":false},"excerpt":{"rendered":"<p><strong>Brand:<\/strong>\u00a0Rolex<\/p>\n<p><strong>Model:<\/strong>\u00a0Submariner<\/p>\n<p><strong>Movement\u00a0: <\/strong>Auto cal 1520<\/p>\n<p><strong>Reference:<\/strong>\u00a05513<\/p>\n<p><strong>Diameter\u00a0: <\/strong>40mm<\/p>\n<p><strong>Year:<\/strong>\u00a01978<\/p>\n<p><strong>Serial : <\/strong>501XXXX<\/p>\n<p><strong>Case:<\/strong>\u00a0Beautiful case, still thick and unpolished, with chamfers. Bezel in perfect FAT FONT MK3 condition with a sublime petrol-blue patina. Original insert. No visible major shocks.<\/p>\n<p><strong>Dial:<\/strong>\u00a0Magnificent original precomex dial with a superb homogeneous patina turning orange or PUMPKIN. Very fine overall. Dial in perfect condition with no defects. Hands perfectly matched to the patina of the indexes.<\/p>\n<p><strong>Bracelet :<\/strong> Leather<\/p>\n<p><strong>Accessories: <\/strong>None<\/p>","protected":false},"featured_media":12054,"template":"","meta":[],"pwb-brand":[432],"product_brand":[],"product_cat":[107,367,90,244],"product_tag":[142,362,298,127,135,101],"class_list":{"0":"post-12035","1":"product","2":"type-product","3":"status-publish","4":"has-post-thumbnail","6":"pwb-brand-rolex","7":"product_cat-archives","8":"product_cat-montres-paris-heure","9":"product_cat-rolex","10":"product_cat-rolex-submariner","11":"product_tag-142","12":"product_tag-precomex","13":"product_tag-rare","14":"product_tag-rolex","15":"product_tag-submariner","16":"product_tag-vintage","18":"first","19":"outofstock","20":"shipping-taxable","21":"product-type-simple"},"yoast_head":"<!-- This site is optimized with the Yoast SEO plugin v27.5 - https:\/\/yoast.com\/product\/yoast-seo-wordpress\/ -->\n<title>ROLEX SUBMARINER REF 5513 PRECOMEX PUMPKIN SUR CUIR de 1977<\/title>\n<meta name=\"description\" content=\"Marque: Rolex Mod\u00e8le: Submariner Mouvement : Auto cal 1520 R\u00e9f\u00e9rence: 5513 Diam\u00e8tre : 40mm Ann\u00e9e: 1978 Serial : 501XXXX\" \/>\n<meta name=\"robots\" content=\"index, follow, max-snippet:-1, max-image-preview:large, max-video-preview:-1\" \/>\n<link rel=\"canonical\" href=\"https:\/\/www.parisheure.com\/en\/buy-watch\/rolex-submariner-ref-5513-precomex-pumpkin-sur-cuir-from-1977\/\" \/>\n<meta property=\"og:locale\" content=\"en_US\" \/>\n<meta property=\"og:type\" content=\"article\" \/>\n<meta property=\"og:title\" content=\"ROLEX SUBMARINER REF 5513 PRECOMEX PUMPKIN SUR CUIR de 1977\" \/>\n<meta property=\"og:description\" content=\"Marque: Rolex Mod\u00e8le: Submariner Mouvement : Auto cal 1520 R\u00e9f\u00e9rence: 5513 Diam\u00e8tre : 40mm Ann\u00e9e: 1978 Serial : 501XXXX\" \/>\n<meta property=\"og:url\" content=\"https:\/\/www.parisheure.com\/en\/buy-watch\/rolex-submariner-ref-5513-precomex-pumpkin-sur-cuir-from-1977\/\" \/>\n<meta property=\"og:site_name\" content=\"PARIS HEURE\" \/>\n<meta property=\"article:publisher\" content=\"https:\/\/www.facebook.com\/ParisHeure\" \/>\n<meta property=\"article:modified_time\" content=\"2024-10-22T14:43:48+00:00\" \/>\n<meta property=\"og:image\" content=\"https:\/\/www.parisheure.com\/wp-content\/uploads\/2023\/01\/ROLEX-SUBMARINER-REF-5513-PRE-COMEX-DIAL-FROM-1977-N\u00b0501XXXX-_0018_Calque-2-scaled.jpg\" \/>\n\t<meta property=\"og:image:width\" content=\"2560\" \/>\n\t<meta property=\"og:image:height\" content=\"2560\" \/>\n\t<meta property=\"og:image:type\" content=\"image\/jpeg\" \/>\n<meta name=\"twitter:card\" content=\"summary_large_image\" \/>\n<script type=\"application\/ld+json\" class=\"yoast-schema-graph\">{\"@context\":\"https:\\\/\\\/schema.org\",\"@graph\":[{\"@type\":\"WebPage\",\"@id\":\"https:\\\/\\\/www.parisheure.com\\\/acheter-montre\\\/rolex-submariner-ref-5513-precomex-pumpkin-sur-cuir-from-1977\\\/\",\"url\":\"https:\\\/\\\/www.parisheure.com\\\/acheter-montre\\\/rolex-submariner-ref-5513-precomex-pumpkin-sur-cuir-from-1977\\\/\",\"name\":\"ROLEX SUBMARINER REF 5513 PRECOMEX PUMPKIN SUR CUIR de 1977\",\"isPartOf\":{\"@id\":\"https:\\\/\\\/www.parisheure.com\\\/#website\"},\"primaryImageOfPage\":{\"@id\":\"https:\\\/\\\/www.parisheure.com\\\/acheter-montre\\\/rolex-submariner-ref-5513-precomex-pumpkin-sur-cuir-from-1977\\\/#primaryimage\"},\"image\":{\"@id\":\"https:\\\/\\\/www.parisheure.com\\\/acheter-montre\\\/rolex-submariner-ref-5513-precomex-pumpkin-sur-cuir-from-1977\\\/#primaryimage\"},\"thumbnailUrl\":\"https:\\\/\\\/www.parisheure.com\\\/wp-content\\\/uploads\\\/2023\\\/01\\\/ROLEX-SUBMARINER-REF-5513-PRE-COMEX-DIAL-FROM-1977-N\u00b0501XXXX-_0018_Calque-2-scaled.jpg\",\"datePublished\":\"2023-01-30T14:13:18+00:00\",\"dateModified\":\"2024-10-22T14:43:48+00:00\",\"description\":\"Marque: Rolex Mod\u00e8le: Submariner Mouvement : Auto cal 1520 R\u00e9f\u00e9rence: 5513 Diam\u00e8tre : 40mm Ann\u00e9e: 1978 Serial : 501XXXX\",\"breadcrumb\":{\"@id\":\"https:\\\/\\\/www.parisheure.com\\\/acheter-montre\\\/rolex-submariner-ref-5513-precomex-pumpkin-sur-cuir-from-1977\\\/#breadcrumb\"},\"inLanguage\":\"en-US\",\"potentialAction\":[{\"@type\":\"ReadAction\",\"target\":[\"https:\\\/\\\/www.parisheure.com\\\/acheter-montre\\\/rolex-submariner-ref-5513-precomex-pumpkin-sur-cuir-from-1977\\\/\"]}]},{\"@type\":\"ImageObject\",\"inLanguage\":\"en-US\",\"@id\":\"https:\\\/\\\/www.parisheure.com\\\/acheter-montre\\\/rolex-submariner-ref-5513-precomex-pumpkin-sur-cuir-from-1977\\\/#primaryimage\",\"url\":\"https:\\\/\\\/www.parisheure.com\\\/wp-content\\\/uploads\\\/2023\\\/01\\\/ROLEX-SUBMARINER-REF-5513-PRE-COMEX-DIAL-FROM-1977-N\u00b0501XXXX-_0018_Calque-2-scaled.jpg\",\"contentUrl\":\"https:\\\/\\\/www.parisheure.com\\\/wp-content\\\/uploads\\\/2023\\\/01\\\/ROLEX-SUBMARINER-REF-5513-PRE-COMEX-DIAL-FROM-1977-N\u00b0501XXXX-_0018_Calque-2-scaled.jpg\",\"width\":2560,\"height\":2560},{\"@type\":\"BreadcrumbList\",\"@id\":\"https:\\\/\\\/www.parisheure.com\\\/acheter-montre\\\/rolex-submariner-ref-5513-precomex-pumpkin-sur-cuir-from-1977\\\/#breadcrumb\",\"itemListElement\":[{\"@type\":\"ListItem\",\"position\":1,\"name\":\"Accueil\",\"item\":\"https:\\\/\\\/www.parisheure.com\\\/\"},{\"@type\":\"ListItem\",\"position\":2,\"name\":\"WATCHES\",\"item\":\"https:\\\/\\\/www.parisheure.com\\\/\"},{\"@type\":\"ListItem\",\"position\":3,\"name\":\"ROLEX SUBMARINER REF 5513 PRECOMEX PUMPKIN SUR CUIR from 1977\"}]},{\"@type\":\"WebSite\",\"@id\":\"https:\\\/\\\/www.parisheure.com\\\/#website\",\"url\":\"https:\\\/\\\/www.parisheure.com\\\/\",\"name\":\"PARIS HEURE\",\"description\":\"Vintage watches Paris\",\"publisher\":{\"@id\":\"https:\\\/\\\/www.parisheure.com\\\/#organization\"},\"potentialAction\":[{\"@type\":\"SearchAction\",\"target\":{\"@type\":\"EntryPoint\",\"urlTemplate\":\"https:\\\/\\\/www.parisheure.com\\\/?s={search_term_string}\"},\"query-input\":{\"@type\":\"PropertyValueSpecification\",\"valueRequired\":true,\"valueName\":\"search_term_string\"}}],\"inLanguage\":\"en-US\"},{\"@type\":\"Organization\",\"@id\":\"https:\\\/\\\/www.parisheure.com\\\/#organization\",\"name\":\"PARIS HEURE\",\"url\":\"https:\\\/\\\/www.parisheure.com\\\/\",\"logo\":{\"@type\":\"ImageObject\",\"inLanguage\":\"en-US\",\"@id\":\"https:\\\/\\\/www.parisheure.com\\\/#\\\/schema\\\/logo\\\/image\\\/\",\"url\":\"https:\\\/\\\/www.parisheure.com\\\/wp-content\\\/uploads\\\/2021\\\/07\\\/cropped-logo-paris-heure.png\",\"contentUrl\":\"https:\\\/\\\/www.parisheure.com\\\/wp-content\\\/uploads\\\/2021\\\/07\\\/cropped-logo-paris-heure.png\",\"width\":512,\"height\":512,\"caption\":\"PARIS HEURE\"},\"image\":{\"@id\":\"https:\\\/\\\/www.parisheure.com\\\/#\\\/schema\\\/logo\\\/image\\\/\"},\"sameAs\":[\"https:\\\/\\\/www.facebook.com\\\/ParisHeure\",\"https:\\\/\\\/www.instagram.com\\\/parisheure\\\/\"]}]}<\/script>\n<!-- \/ Yoast SEO plugin. -->","yoast_head_json":{"title":"ROLEX SUBMARINER REF 5513 PRECOMEX PUMPKIN SUR CUIR de 1977","description":"Marque: Rolex Mod\u00e8le: Submariner Mouvement : Auto cal 1520 R\u00e9f\u00e9rence: 5513 Diam\u00e8tre : 40mm Ann\u00e9e: 1978 Serial : 501XXXX","robots":{"index":"index","follow":"follow","max-snippet":"max-snippet:-1","max-image-preview":"max-image-preview:large","max-video-preview":"max-video-preview:-1"},"canonical":"https:\/\/www.parisheure.com\/en\/buy-watch\/rolex-submariner-ref-5513-precomex-pumpkin-sur-cuir-from-1977\/","og_locale":"en_US","og_type":"article","og_title":"ROLEX SUBMARINER REF 5513 PRECOMEX PUMPKIN SUR CUIR de 1977","og_description":"Marque: Rolex Mod\u00e8le: Submariner Mouvement : Auto cal 1520 R\u00e9f\u00e9rence: 5513 Diam\u00e8tre : 40mm Ann\u00e9e: 1978 Serial : 501XXXX","og_url":"https:\/\/www.parisheure.com\/en\/buy-watch\/rolex-submariner-ref-5513-precomex-pumpkin-sur-cuir-from-1977\/","og_site_name":"PARIS HEURE","article_publisher":"https:\/\/www.facebook.com\/ParisHeure","article_modified_time":"2024-10-22T14:43:48+00:00","og_image":[{"width":2560,"height":2560,"url":"https:\/\/www.parisheure.com\/wp-content\/uploads\/2023\/01\/ROLEX-SUBMARINER-REF-5513-PRE-COMEX-DIAL-FROM-1977-N\u00b0501XXXX-_0018_Calque-2-scaled.jpg","type":"image\/jpeg"}],"twitter_card":"summary_large_image","schema":{"@context":"https:\/\/schema.org","@graph":[{"@type":"WebPage","@id":"https:\/\/www.parisheure.com\/acheter-montre\/rolex-submariner-ref-5513-precomex-pumpkin-sur-cuir-from-1977\/","url":"https:\/\/www.parisheure.com\/acheter-montre\/rolex-submariner-ref-5513-precomex-pumpkin-sur-cuir-from-1977\/","name":"ROLEX SUBMARINER REF 5513 PRECOMEX PUMPKIN SUR CUIR de 1977","isPartOf":{"@id":"https:\/\/www.parisheure.com\/#website"},"primaryImageOfPage":{"@id":"https:\/\/www.parisheure.com\/acheter-montre\/rolex-submariner-ref-5513-precomex-pumpkin-sur-cuir-from-1977\/#primaryimage"},"image":{"@id":"https:\/\/www.parisheure.com\/acheter-montre\/rolex-submariner-ref-5513-precomex-pumpkin-sur-cuir-from-1977\/#primaryimage"},"thumbnailUrl":"https:\/\/www.parisheure.com\/wp-content\/uploads\/2023\/01\/ROLEX-SUBMARINER-REF-5513-PRE-COMEX-DIAL-FROM-1977-N\u00b0501XXXX-_0018_Calque-2-scaled.jpg","datePublished":"2023-01-30T14:13:18+00:00","dateModified":"2024-10-22T14:43:48+00:00","description":"Marque: Rolex Mod\u00e8le: Submariner Mouvement : Auto cal 1520 R\u00e9f\u00e9rence: 5513 Diam\u00e8tre : 40mm Ann\u00e9e: 1978 Serial : 501XXXX","breadcrumb":{"@id":"https:\/\/www.parisheure.com\/acheter-montre\/rolex-submariner-ref-5513-precomex-pumpkin-sur-cuir-from-1977\/#breadcrumb"},"inLanguage":"en-US","potentialAction":[{"@type":"ReadAction","target":["https:\/\/www.parisheure.com\/acheter-montre\/rolex-submariner-ref-5513-precomex-pumpkin-sur-cuir-from-1977\/"]}]},{"@type":"ImageObject","inLanguage":"en-US","@id":"https:\/\/www.parisheure.com\/acheter-montre\/rolex-submariner-ref-5513-precomex-pumpkin-sur-cuir-from-1977\/#primaryimage","url":"https:\/\/www.parisheure.com\/wp-content\/uploads\/2023\/01\/ROLEX-SUBMARINER-REF-5513-PRE-COMEX-DIAL-FROM-1977-N\u00b0501XXXX-_0018_Calque-2-scaled.jpg","contentUrl":"https:\/\/www.parisheure.com\/wp-content\/uploads\/2023\/01\/ROLEX-SUBMARINER-REF-5513-PRE-COMEX-DIAL-FROM-1977-N\u00b0501XXXX-_0018_Calque-2-scaled.jpg","width":2560,"height":2560},{"@type":"BreadcrumbList","@id":"https:\/\/www.parisheure.com\/acheter-montre\/rolex-submariner-ref-5513-precomex-pumpkin-sur-cuir-from-1977\/#breadcrumb","itemListElement":[{"@type":"ListItem","position":1,"name":"Accueil","item":"https:\/\/www.parisheure.com\/"},{"@type":"ListItem","position":2,"name":"WATCHES","item":"https:\/\/www.parisheure.com\/"},{"@type":"ListItem","position":3,"name":"ROLEX SUBMARINER REF 5513 PRECOMEX PUMPKIN SUR CUIR from 1977"}]},{"@type":"WebSite","@id":"https:\/\/www.parisheure.com\/#website","url":"https:\/\/www.parisheure.com\/","name":"PARIS HEURE","description":"Vintage watches Paris","publisher":{"@id":"https:\/\/www.parisheure.com\/#organization"},"potentialAction":[{"@type":"SearchAction","target":{"@type":"EntryPoint","urlTemplate":"https:\/\/www.parisheure.com\/?s={search_term_string}"},"query-input":{"@type":"PropertyValueSpecification","valueRequired":true,"valueName":"search_term_string"}}],"inLanguage":"en-US"},{"@type":"Organization","@id":"https:\/\/www.parisheure.com\/#organization","name":"PARIS HEURE","url":"https:\/\/www.parisheure.com\/","logo":{"@type":"ImageObject","inLanguage":"en-US","@id":"https:\/\/www.parisheure.com\/#\/schema\/logo\/image\/","url":"https:\/\/www.parisheure.com\/wp-content\/uploads\/2021\/07\/cropped-logo-paris-heure.png","contentUrl":"https:\/\/www.parisheure.com\/wp-content\/uploads\/2021\/07\/cropped-logo-paris-heure.png","width":512,"height":512,"caption":"PARIS HEURE"},"image":{"@id":"https:\/\/www.parisheure.com\/#\/schema\/logo\/image\/"},"sameAs":["https:\/\/www.facebook.com\/ParisHeure","https:\/\/www.instagram.com\/parisheure\/"]}]}},"jetpack_sharing_enabled":true,"brands":[{"id":432,"name":"Rolex","slug":"rolex"}],"_links":{"self":[{"href":"https:\/\/www.parisheure.com\/en\/wp-json\/wp\/v2\/product\/12035","targetHints":{"allow":["GET"]}}],"collection":[{"href":"https:\/\/www.parisheure.com\/en\/wp-json\/wp\/v2\/product"}],"about":[{"href":"https:\/\/www.parisheure.com\/en\/wp-json\/wp\/v2\/types\/product"}],"version-history":[{"count":1,"href":"https:\/\/www.parisheure.com\/en\/wp-json\/wp\/v2\/product\/12035\/revisions"}],"predecessor-version":[{"id":14146,"href":"https:\/\/www.parisheure.com\/en\/wp-json\/wp\/v2\/product\/12035\/revisions\/14146"}],"wp:featuredmedia":[{"embeddable":true,"href":"https:\/\/www.parisheure.com\/en\/wp-json\/wp\/v2\/media\/12054"}],"wp:attachment":[{"href":"https:\/\/www.parisheure.com\/en\/wp-json\/wp\/v2\/media?parent=12035"}],"wp:term":[{"taxonomy":"pwb-brand","embeddable":true,"href":"https:\/\/www.parisheure.com\/en\/wp-json\/wp\/v2\/pwb-brand?post=12035"},{"taxonomy":"product_brand","embeddable":true,"href":"https:\/\/www.parisheure.com\/en\/wp-json\/wp\/v2\/product_brand?post=12035"},{"taxonomy":"product_cat","embeddable":true,"href":"https:\/\/www.parisheure.com\/en\/wp-json\/wp\/v2\/product_cat?post=12035"},{"taxonomy":"product_tag","embeddable":true,"href":"https:\/\/www.parisheure.com\/en\/wp-json\/wp\/v2\/product_tag?post=12035"}],"curies":[{"name":"wp","href":"https:\/\/api.w.org\/{rel}","templated":true}]}}