{"id":12059,"date":"2023-02-09T21:21:39","date_gmt":"2023-02-09T20:21:39","guid":{"rendered":"https:\/\/www.parisheure.com\/?post_type=product&#038;p=12059"},"modified":"2024-10-22T16:38:01","modified_gmt":"2024-10-22T14:38:01","slug":"rolex-daytona-ref-6265-big-red-silver-from-1980-avec-papiers-dorigine","status":"publish","type":"product","link":"https:\/\/www.parisheure.com\/en\/buy-watch\/rolex-daytona-ref-6265-big-red-silver-from-1980-avec-papiers-dorigine\/","title":{"rendered":"ROLEX DAYTONA REF 6265 BIG RED SILVER from 1980 WITH ORIGINAL PAPERS ( STOCK PARIS HEURE )"},"content":{"rendered":"<p><strong>Our opinion:<\/strong> La Daytona 6265 est une montre d\u2019exception avec sa lunette acier, poussoirs viss\u00e9s et son cadran silver \u00e9criture rouge daytona BIG RED en parfait \u00e9tat et si recherch\u00e9e. Le cadran est parfait avec une belle patine et tous ses points de tritium luminescents qui match avec ses aiguilles d\u2019origine, la montre est peu polie, encore \u00e9paisse, poussoirs viss\u00e9s stri\u00e9s deuxi\u00e8me g\u00e9n\u00e9ration\u2026mod\u00e8le extr\u00eamement rare dans cette configuration. La vraie valeur investissement de chez Rolex. La Daytona reste le chrono de r\u00e9f\u00e9rence en horlogerie vintage, celle-ci est avec le cadran le plus recherch\u00e9 actuellement silver big red et surtout avec sa garantie d\u2019origine mexicaine.<\/p>","protected":false},"excerpt":{"rendered":"<p><strong>Brand:<\/strong>\u00a0Rolex<\/p>\n<p><strong>Model:<\/strong>\u00a0Daytona<\/p>\n<p><strong>Movement\u00a0: <\/strong>Manual Valjoux 727 numbered<\/p>\n<p><strong>Reference:<\/strong>\u00a06265<\/p>\n<p><strong>Diameter\u00a0: <\/strong>37mm<\/p>\n<p><strong>Year:<\/strong>\u00a01980<\/p>\n<p><strong>Serial : <\/strong>55XXXXX<\/p>\n<p><strong>Case:<\/strong> Tr\u00e8s beau boitier peu polie assez \u00e9pais et avec des angles encore pr\u00e9sent. Port\u00e9e mais tr\u00e8s bien conserv\u00e9e. Une boite avec peu de marques d\u2019usures ni de chocs importants ou de perte de mati\u00e8re. \u00a0Lunette en bon \u00e9tat. Poussoirs deuxi\u00e8me g\u00e9n\u00e9ration.<\/p>\n<p><strong>Dial:<\/strong>\u00a0Cadran silver big red. Belle patine des index tritium d\u2019origines qui r\u00e9agissent tous aux UV ainsi que les aiguilles qui matchent bien. Aucuns d\u00e9fauts dans les compteurs noir ce qui est tr\u00e8s recherch\u00e9e par les collectionneurs de Daytona et tr\u00e8s belle patine des index luminescents. Belle patine du silver du cadran. Beau cadran silver d\u2019origine parfait variation avec des beaux points de tritium un l\u00e9ger manque a 3H et 9H<\/p>\n<p><strong>Bracelet:<\/strong>\u00a0Acier blinde 78350 19 endlink 571 clasp code A<\/p>\n<p><strong>Accessories: <\/strong>Papiers d\u2019origine code pays 720 punches et serial \u00e9cris au stylo provenance Joyeria Perez Mexique.<\/p>","protected":false},"featured_media":12086,"template":"","meta":[],"pwb-brand":[432],"product_brand":[],"product_cat":[107,367,90,246],"product_tag":[200,157,159,156,106,127,158],"class_list":{"0":"post-12059","1":"product","2":"type-product","3":"status-publish","4":"has-post-thumbnail","6":"pwb-brand-rolex","7":"product_cat-archives","8":"product_cat-montres-paris-heure","9":"product_cat-rolex","10":"product_cat-rolex-daytona","11":"product_tag-200","12":"product_tag-157","13":"product_tag-big-red","14":"product_tag-daytona","15":"product_tag-full-set","16":"product_tag-rolex","17":"product_tag-silver","19":"first","20":"outofstock","21":"shipping-taxable","22":"product-type-simple"},"yoast_head":"<!-- This site is optimized with the Yoast SEO plugin v27.5 - https:\/\/yoast.com\/product\/yoast-seo-wordpress\/ -->\n<title>ROLEX DAYTONA REF 6265 BIG RED SILVER AVEC PAPIERS D\u2019ORIGINE<\/title>\n<meta name=\"description\" content=\"Marque: Rolex Mod\u00e8le: Daytona Mouvement : Meca Valjoux 727 num\u00e9rot\u00e9 R\u00e9f\u00e9rence: 6265 Diam\u00e8tre : 37mm Ann\u00e9e: 1980 Serial : 55XXXXX Boite: Tr\u00e8s beau boitier\" \/>\n<meta name=\"robots\" content=\"index, follow, max-snippet:-1, max-image-preview:large, max-video-preview:-1\" \/>\n<link rel=\"canonical\" href=\"https:\/\/www.parisheure.com\/en\/buy-watch\/rolex-daytona-ref-6265-big-red-silver-from-1980-avec-papiers-dorigine\/\" \/>\n<meta property=\"og:locale\" content=\"en_US\" \/>\n<meta property=\"og:type\" content=\"article\" \/>\n<meta property=\"og:title\" content=\"ROLEX DAYTONA REF 6265 BIG RED SILVER AVEC PAPIERS D\u2019ORIGINE\" \/>\n<meta property=\"og:description\" content=\"Marque: Rolex Mod\u00e8le: Daytona Mouvement : Meca Valjoux 727 num\u00e9rot\u00e9 R\u00e9f\u00e9rence: 6265 Diam\u00e8tre : 37mm Ann\u00e9e: 1980 Serial : 55XXXXX Boite: Tr\u00e8s beau boitier\" \/>\n<meta property=\"og:url\" content=\"https:\/\/www.parisheure.com\/en\/buy-watch\/rolex-daytona-ref-6265-big-red-silver-from-1980-avec-papiers-dorigine\/\" \/>\n<meta property=\"og:site_name\" content=\"PARIS HEURE\" \/>\n<meta property=\"article:publisher\" content=\"https:\/\/www.facebook.com\/ParisHeure\" \/>\n<meta property=\"article:modified_time\" content=\"2024-10-22T14:38:01+00:00\" \/>\n<meta property=\"og:image\" content=\"https:\/\/www.parisheure.com\/wp-content\/uploads\/2023\/02\/ROLEX-DAYTONA-REF-6265-BIG-RED-AVEC-PAPIERS-FROM-1980-N\u00b0558XXXX_0026_Calque-2-scaled.jpg\" \/>\n\t<meta property=\"og:image:width\" content=\"2560\" \/>\n\t<meta property=\"og:image:height\" content=\"2560\" \/>\n\t<meta property=\"og:image:type\" content=\"image\/jpeg\" \/>\n<meta name=\"twitter:card\" content=\"summary_large_image\" \/>\n<script type=\"application\/ld+json\" class=\"yoast-schema-graph\">{\"@context\":\"https:\\\/\\\/schema.org\",\"@graph\":[{\"@type\":\"WebPage\",\"@id\":\"https:\\\/\\\/www.parisheure.com\\\/acheter-montre\\\/rolex-daytona-ref-6265-big-red-silver-from-1980-avec-papiers-dorigine\\\/\",\"url\":\"https:\\\/\\\/www.parisheure.com\\\/acheter-montre\\\/rolex-daytona-ref-6265-big-red-silver-from-1980-avec-papiers-dorigine\\\/\",\"name\":\"ROLEX DAYTONA REF 6265 BIG RED SILVER AVEC PAPIERS D\u2019ORIGINE\",\"isPartOf\":{\"@id\":\"https:\\\/\\\/www.parisheure.com\\\/#website\"},\"primaryImageOfPage\":{\"@id\":\"https:\\\/\\\/www.parisheure.com\\\/acheter-montre\\\/rolex-daytona-ref-6265-big-red-silver-from-1980-avec-papiers-dorigine\\\/#primaryimage\"},\"image\":{\"@id\":\"https:\\\/\\\/www.parisheure.com\\\/acheter-montre\\\/rolex-daytona-ref-6265-big-red-silver-from-1980-avec-papiers-dorigine\\\/#primaryimage\"},\"thumbnailUrl\":\"https:\\\/\\\/www.parisheure.com\\\/wp-content\\\/uploads\\\/2023\\\/02\\\/ROLEX-DAYTONA-REF-6265-BIG-RED-AVEC-PAPIERS-FROM-1980-N\u00b0558XXXX_0026_Calque-2-scaled.jpg\",\"datePublished\":\"2023-02-09T20:21:39+00:00\",\"dateModified\":\"2024-10-22T14:38:01+00:00\",\"description\":\"Marque: Rolex Mod\u00e8le: Daytona Mouvement : Meca Valjoux 727 num\u00e9rot\u00e9 R\u00e9f\u00e9rence: 6265 Diam\u00e8tre : 37mm Ann\u00e9e: 1980 Serial : 55XXXXX Boite: Tr\u00e8s beau boitier\",\"breadcrumb\":{\"@id\":\"https:\\\/\\\/www.parisheure.com\\\/acheter-montre\\\/rolex-daytona-ref-6265-big-red-silver-from-1980-avec-papiers-dorigine\\\/#breadcrumb\"},\"inLanguage\":\"en-US\",\"potentialAction\":[{\"@type\":\"ReadAction\",\"target\":[\"https:\\\/\\\/www.parisheure.com\\\/acheter-montre\\\/rolex-daytona-ref-6265-big-red-silver-from-1980-avec-papiers-dorigine\\\/\"]}]},{\"@type\":\"ImageObject\",\"inLanguage\":\"en-US\",\"@id\":\"https:\\\/\\\/www.parisheure.com\\\/acheter-montre\\\/rolex-daytona-ref-6265-big-red-silver-from-1980-avec-papiers-dorigine\\\/#primaryimage\",\"url\":\"https:\\\/\\\/www.parisheure.com\\\/wp-content\\\/uploads\\\/2023\\\/02\\\/ROLEX-DAYTONA-REF-6265-BIG-RED-AVEC-PAPIERS-FROM-1980-N\u00b0558XXXX_0026_Calque-2-scaled.jpg\",\"contentUrl\":\"https:\\\/\\\/www.parisheure.com\\\/wp-content\\\/uploads\\\/2023\\\/02\\\/ROLEX-DAYTONA-REF-6265-BIG-RED-AVEC-PAPIERS-FROM-1980-N\u00b0558XXXX_0026_Calque-2-scaled.jpg\",\"width\":2560,\"height\":2560},{\"@type\":\"BreadcrumbList\",\"@id\":\"https:\\\/\\\/www.parisheure.com\\\/acheter-montre\\\/rolex-daytona-ref-6265-big-red-silver-from-1980-avec-papiers-dorigine\\\/#breadcrumb\",\"itemListElement\":[{\"@type\":\"ListItem\",\"position\":1,\"name\":\"Accueil\",\"item\":\"https:\\\/\\\/www.parisheure.com\\\/\"},{\"@type\":\"ListItem\",\"position\":2,\"name\":\"WATCHES\",\"item\":\"https:\\\/\\\/www.parisheure.com\\\/\"},{\"@type\":\"ListItem\",\"position\":3,\"name\":\"ROLEX DAYTONA REF 6265 BIG RED SILVER from 1980 AVEC PAPIERS D\u2019ORIGINE ( STOCK PARIS HEURE )\"}]},{\"@type\":\"WebSite\",\"@id\":\"https:\\\/\\\/www.parisheure.com\\\/#website\",\"url\":\"https:\\\/\\\/www.parisheure.com\\\/\",\"name\":\"PARIS HEURE\",\"description\":\"Vintage watches Paris\",\"publisher\":{\"@id\":\"https:\\\/\\\/www.parisheure.com\\\/#organization\"},\"potentialAction\":[{\"@type\":\"SearchAction\",\"target\":{\"@type\":\"EntryPoint\",\"urlTemplate\":\"https:\\\/\\\/www.parisheure.com\\\/?s={search_term_string}\"},\"query-input\":{\"@type\":\"PropertyValueSpecification\",\"valueRequired\":true,\"valueName\":\"search_term_string\"}}],\"inLanguage\":\"en-US\"},{\"@type\":\"Organization\",\"@id\":\"https:\\\/\\\/www.parisheure.com\\\/#organization\",\"name\":\"PARIS HEURE\",\"url\":\"https:\\\/\\\/www.parisheure.com\\\/\",\"logo\":{\"@type\":\"ImageObject\",\"inLanguage\":\"en-US\",\"@id\":\"https:\\\/\\\/www.parisheure.com\\\/#\\\/schema\\\/logo\\\/image\\\/\",\"url\":\"https:\\\/\\\/www.parisheure.com\\\/wp-content\\\/uploads\\\/2021\\\/07\\\/cropped-logo-paris-heure.png\",\"contentUrl\":\"https:\\\/\\\/www.parisheure.com\\\/wp-content\\\/uploads\\\/2021\\\/07\\\/cropped-logo-paris-heure.png\",\"width\":512,\"height\":512,\"caption\":\"PARIS HEURE\"},\"image\":{\"@id\":\"https:\\\/\\\/www.parisheure.com\\\/#\\\/schema\\\/logo\\\/image\\\/\"},\"sameAs\":[\"https:\\\/\\\/www.facebook.com\\\/ParisHeure\",\"https:\\\/\\\/www.instagram.com\\\/parisheure\\\/\"]}]}<\/script>\n<!-- \/ Yoast SEO plugin. -->","yoast_head_json":{"title":"ROLEX DAYTONA REF 6265 BIG RED SILVER AVEC PAPIERS D\u2019ORIGINE","description":"Marque: Rolex Mod\u00e8le: Daytona Mouvement : Meca Valjoux 727 num\u00e9rot\u00e9 R\u00e9f\u00e9rence: 6265 Diam\u00e8tre : 37mm Ann\u00e9e: 1980 Serial : 55XXXXX Boite: Tr\u00e8s beau boitier","robots":{"index":"index","follow":"follow","max-snippet":"max-snippet:-1","max-image-preview":"max-image-preview:large","max-video-preview":"max-video-preview:-1"},"canonical":"https:\/\/www.parisheure.com\/en\/buy-watch\/rolex-daytona-ref-6265-big-red-silver-from-1980-avec-papiers-dorigine\/","og_locale":"en_US","og_type":"article","og_title":"ROLEX DAYTONA REF 6265 BIG RED SILVER AVEC PAPIERS D\u2019ORIGINE","og_description":"Marque: Rolex Mod\u00e8le: Daytona Mouvement : Meca Valjoux 727 num\u00e9rot\u00e9 R\u00e9f\u00e9rence: 6265 Diam\u00e8tre : 37mm Ann\u00e9e: 1980 Serial : 55XXXXX Boite: Tr\u00e8s beau boitier","og_url":"https:\/\/www.parisheure.com\/en\/buy-watch\/rolex-daytona-ref-6265-big-red-silver-from-1980-avec-papiers-dorigine\/","og_site_name":"PARIS HEURE","article_publisher":"https:\/\/www.facebook.com\/ParisHeure","article_modified_time":"2024-10-22T14:38:01+00:00","og_image":[{"width":2560,"height":2560,"url":"https:\/\/www.parisheure.com\/wp-content\/uploads\/2023\/02\/ROLEX-DAYTONA-REF-6265-BIG-RED-AVEC-PAPIERS-FROM-1980-N\u00b0558XXXX_0026_Calque-2-scaled.jpg","type":"image\/jpeg"}],"twitter_card":"summary_large_image","schema":{"@context":"https:\/\/schema.org","@graph":[{"@type":"WebPage","@id":"https:\/\/www.parisheure.com\/acheter-montre\/rolex-daytona-ref-6265-big-red-silver-from-1980-avec-papiers-dorigine\/","url":"https:\/\/www.parisheure.com\/acheter-montre\/rolex-daytona-ref-6265-big-red-silver-from-1980-avec-papiers-dorigine\/","name":"ROLEX DAYTONA REF 6265 BIG RED SILVER AVEC PAPIERS D\u2019ORIGINE","isPartOf":{"@id":"https:\/\/www.parisheure.com\/#website"},"primaryImageOfPage":{"@id":"https:\/\/www.parisheure.com\/acheter-montre\/rolex-daytona-ref-6265-big-red-silver-from-1980-avec-papiers-dorigine\/#primaryimage"},"image":{"@id":"https:\/\/www.parisheure.com\/acheter-montre\/rolex-daytona-ref-6265-big-red-silver-from-1980-avec-papiers-dorigine\/#primaryimage"},"thumbnailUrl":"https:\/\/www.parisheure.com\/wp-content\/uploads\/2023\/02\/ROLEX-DAYTONA-REF-6265-BIG-RED-AVEC-PAPIERS-FROM-1980-N\u00b0558XXXX_0026_Calque-2-scaled.jpg","datePublished":"2023-02-09T20:21:39+00:00","dateModified":"2024-10-22T14:38:01+00:00","description":"Marque: Rolex Mod\u00e8le: Daytona Mouvement : Meca Valjoux 727 num\u00e9rot\u00e9 R\u00e9f\u00e9rence: 6265 Diam\u00e8tre : 37mm Ann\u00e9e: 1980 Serial : 55XXXXX Boite: Tr\u00e8s beau boitier","breadcrumb":{"@id":"https:\/\/www.parisheure.com\/acheter-montre\/rolex-daytona-ref-6265-big-red-silver-from-1980-avec-papiers-dorigine\/#breadcrumb"},"inLanguage":"en-US","potentialAction":[{"@type":"ReadAction","target":["https:\/\/www.parisheure.com\/acheter-montre\/rolex-daytona-ref-6265-big-red-silver-from-1980-avec-papiers-dorigine\/"]}]},{"@type":"ImageObject","inLanguage":"en-US","@id":"https:\/\/www.parisheure.com\/acheter-montre\/rolex-daytona-ref-6265-big-red-silver-from-1980-avec-papiers-dorigine\/#primaryimage","url":"https:\/\/www.parisheure.com\/wp-content\/uploads\/2023\/02\/ROLEX-DAYTONA-REF-6265-BIG-RED-AVEC-PAPIERS-FROM-1980-N\u00b0558XXXX_0026_Calque-2-scaled.jpg","contentUrl":"https:\/\/www.parisheure.com\/wp-content\/uploads\/2023\/02\/ROLEX-DAYTONA-REF-6265-BIG-RED-AVEC-PAPIERS-FROM-1980-N\u00b0558XXXX_0026_Calque-2-scaled.jpg","width":2560,"height":2560},{"@type":"BreadcrumbList","@id":"https:\/\/www.parisheure.com\/acheter-montre\/rolex-daytona-ref-6265-big-red-silver-from-1980-avec-papiers-dorigine\/#breadcrumb","itemListElement":[{"@type":"ListItem","position":1,"name":"Accueil","item":"https:\/\/www.parisheure.com\/"},{"@type":"ListItem","position":2,"name":"WATCHES","item":"https:\/\/www.parisheure.com\/"},{"@type":"ListItem","position":3,"name":"ROLEX DAYTONA REF 6265 BIG RED SILVER from 1980 AVEC PAPIERS D\u2019ORIGINE ( STOCK PARIS HEURE )"}]},{"@type":"WebSite","@id":"https:\/\/www.parisheure.com\/#website","url":"https:\/\/www.parisheure.com\/","name":"PARIS HEURE","description":"Vintage watches Paris","publisher":{"@id":"https:\/\/www.parisheure.com\/#organization"},"potentialAction":[{"@type":"SearchAction","target":{"@type":"EntryPoint","urlTemplate":"https:\/\/www.parisheure.com\/?s={search_term_string}"},"query-input":{"@type":"PropertyValueSpecification","valueRequired":true,"valueName":"search_term_string"}}],"inLanguage":"en-US"},{"@type":"Organization","@id":"https:\/\/www.parisheure.com\/#organization","name":"PARIS HEURE","url":"https:\/\/www.parisheure.com\/","logo":{"@type":"ImageObject","inLanguage":"en-US","@id":"https:\/\/www.parisheure.com\/#\/schema\/logo\/image\/","url":"https:\/\/www.parisheure.com\/wp-content\/uploads\/2021\/07\/cropped-logo-paris-heure.png","contentUrl":"https:\/\/www.parisheure.com\/wp-content\/uploads\/2021\/07\/cropped-logo-paris-heure.png","width":512,"height":512,"caption":"PARIS HEURE"},"image":{"@id":"https:\/\/www.parisheure.com\/#\/schema\/logo\/image\/"},"sameAs":["https:\/\/www.facebook.com\/ParisHeure","https:\/\/www.instagram.com\/parisheure\/"]}]}},"jetpack_sharing_enabled":true,"brands":[{"id":432,"name":"Rolex","slug":"rolex"}],"_links":{"self":[{"href":"https:\/\/www.parisheure.com\/en\/wp-json\/wp\/v2\/product\/12059","targetHints":{"allow":["GET"]}}],"collection":[{"href":"https:\/\/www.parisheure.com\/en\/wp-json\/wp\/v2\/product"}],"about":[{"href":"https:\/\/www.parisheure.com\/en\/wp-json\/wp\/v2\/types\/product"}],"version-history":[{"count":1,"href":"https:\/\/www.parisheure.com\/en\/wp-json\/wp\/v2\/product\/12059\/revisions"}],"predecessor-version":[{"id":14134,"href":"https:\/\/www.parisheure.com\/en\/wp-json\/wp\/v2\/product\/12059\/revisions\/14134"}],"wp:featuredmedia":[{"embeddable":true,"href":"https:\/\/www.parisheure.com\/en\/wp-json\/wp\/v2\/media\/12086"}],"wp:attachment":[{"href":"https:\/\/www.parisheure.com\/en\/wp-json\/wp\/v2\/media?parent=12059"}],"wp:term":[{"taxonomy":"pwb-brand","embeddable":true,"href":"https:\/\/www.parisheure.com\/en\/wp-json\/wp\/v2\/pwb-brand?post=12059"},{"taxonomy":"product_brand","embeddable":true,"href":"https:\/\/www.parisheure.com\/en\/wp-json\/wp\/v2\/product_brand?post=12059"},{"taxonomy":"product_cat","embeddable":true,"href":"https:\/\/www.parisheure.com\/en\/wp-json\/wp\/v2\/product_cat?post=12059"},{"taxonomy":"product_tag","embeddable":true,"href":"https:\/\/www.parisheure.com\/en\/wp-json\/wp\/v2\/product_tag?post=12059"}],"curies":[{"name":"wp","href":"https:\/\/api.w.org\/{rel}","templated":true}]}}