{"id":12150,"date":"2023-02-10T21:28:39","date_gmt":"2023-02-10T20:28:39","guid":{"rendered":"https:\/\/www.parisheure.com\/?post_type=product&#038;p=12150"},"modified":"2024-10-22T16:43:41","modified_gmt":"2024-10-22T14:43:41","slug":"rolex-gmt-master-ii-pepsi-ref-127610blro-neuve-full-set-from-2023","status":"publish","type":"product","link":"https:\/\/www.parisheure.com\/en\/buy-watch\/rolex-gmt-master-ii-pepsi-ref-127610blro-neuve-full-set-from-2023\/","title":{"rendered":"ROLEX GMT MASTER II PEPSI REF 127610BLRO NEW FULL SET from 2023"},"content":{"rendered":"<p><strong><em>Our opinion: <\/em><\/strong>La GMT est devenue plus mythique que la Submariner r\u00e9cemment avec une tr\u00e8s longue attente du retour de la lunette Pepsi. Celle-ci a sa sortie cr\u00e9e un effet de sp\u00e9culation \u00e9norme sur toutes les GMT et les collectionneurs les appr\u00e9cient encore plus que par le pass\u00e9. C\u2019est le mod\u00e8le ici pr\u00e9sent.<\/p>","protected":false},"excerpt":{"rendered":"<p><strong><em>Brand:\u00a0\u00a0 <\/em><\/strong>ROLEX<\/p>\n<p><strong><em>Model:\u00a0<\/em><\/strong>GMT-MASTER II PEPSI<\/p>\n<p><strong><em>Reference:\u00a0<\/em><\/strong>126710BLRO<\/p>\n<p><strong><em>Year:\u00a0<\/em><\/strong>2023<\/p>\n<p><strong><em>Bezel:\u00a0<\/em><\/strong> Pepsi en c\u00e9ramique neuve.<\/p>\n<p><strong><em>Case:\u00a0<\/em><\/strong>Neuf jamais port\u00e9 encore un sticker pr\u00e9sent et non mise \u00e0 taille en acier<\/p>\n<p><strong><em>Movement\u00a0:<\/em><\/strong> Automatic<\/p>\n<p><strong><em>Dial:\u00a0<\/em><\/strong>Beau cadran noir neuf<\/p>\n<p><strong><em>Diameter\u00a0: <\/em><\/strong>40 MM<\/p>\n<p><strong><em>Bracelet:<\/em><\/strong>: Oyster en acier\u00a0neuf non mis \u00e0 taille.<\/p>","protected":false},"featured_media":12098,"template":"","meta":[],"pwb-brand":[432],"product_brand":[],"product_cat":[107,367,90,247],"product_tag":[365,364,106,151,350,336,127],"class_list":{"0":"post-12150","1":"product","2":"type-product","3":"status-publish","4":"has-post-thumbnail","6":"pwb-brand-rolex","7":"product_cat-archives","8":"product_cat-montres-paris-heure","9":"product_cat-rolex","10":"product_cat-rolex-gmt-master","11":"product_tag-365","12":"product_tag-blro","13":"product_tag-full-set","14":"product_tag-gmt-master","15":"product_tag-neuve","16":"product_tag-pepsi","17":"product_tag-rolex","19":"first","20":"outofstock","21":"shipping-taxable","22":"product-type-simple"},"yoast_head":"<!-- This site is optimized with the Yoast SEO plugin v27.4 - https:\/\/yoast.com\/product\/yoast-seo-wordpress\/ -->\n<title>ROLEX GMT MASTER II PEPSI REF 127610BLRO NEUVE FULL SET 2023<\/title>\n<meta name=\"description\" content=\"Marque: ROLEX Mod\u00e8le: GMT-MASTER II PEPSI R\u00e9f\u00e9rence: 126710BLRO Ann\u00e9e: 2023 Lunette : Pepsi en c\u00e9ramique neuve. Boite: Neuf jamais port\u00e9\" \/>\n<meta name=\"robots\" content=\"index, follow, max-snippet:-1, max-image-preview:large, max-video-preview:-1\" \/>\n<link rel=\"canonical\" href=\"https:\/\/www.parisheure.com\/en\/buy-watch\/rolex-gmt-master-ii-pepsi-ref-127610blro-neuve-full-set-from-2023\/\" \/>\n<meta property=\"og:locale\" content=\"en_US\" \/>\n<meta property=\"og:type\" content=\"article\" \/>\n<meta property=\"og:title\" content=\"ROLEX GMT MASTER II PEPSI REF 127610BLRO NEUVE FULL SET 2023\" \/>\n<meta property=\"og:description\" content=\"Marque: ROLEX Mod\u00e8le: GMT-MASTER II PEPSI R\u00e9f\u00e9rence: 126710BLRO Ann\u00e9e: 2023 Lunette : Pepsi en c\u00e9ramique neuve. Boite: Neuf jamais port\u00e9\" \/>\n<meta property=\"og:url\" content=\"https:\/\/www.parisheure.com\/en\/buy-watch\/rolex-gmt-master-ii-pepsi-ref-127610blro-neuve-full-set-from-2023\/\" \/>\n<meta property=\"og:site_name\" content=\"PARIS HEURE\" \/>\n<meta property=\"article:publisher\" content=\"https:\/\/www.facebook.com\/ParisHeure\" \/>\n<meta property=\"article:modified_time\" content=\"2024-10-22T14:43:41+00:00\" \/>\n<meta property=\"og:image\" content=\"https:\/\/www.parisheure.com\/wp-content\/uploads\/2023\/02\/ROLEX-GMT-MASTER-II-PEPSI-REF-127610BLRO-NEUVE-FULL-SET-FROM-2023-_0009_Calque-3-scaled.jpg\" \/>\n\t<meta property=\"og:image:width\" content=\"2560\" \/>\n\t<meta property=\"og:image:height\" content=\"2560\" \/>\n\t<meta property=\"og:image:type\" content=\"image\/jpeg\" \/>\n<meta name=\"twitter:card\" content=\"summary_large_image\" \/>\n<script type=\"application\/ld+json\" class=\"yoast-schema-graph\">{\"@context\":\"https:\\\/\\\/schema.org\",\"@graph\":[{\"@type\":\"WebPage\",\"@id\":\"https:\\\/\\\/www.parisheure.com\\\/acheter-montre\\\/rolex-gmt-master-ii-pepsi-ref-127610blro-neuve-full-set-from-2023\\\/\",\"url\":\"https:\\\/\\\/www.parisheure.com\\\/acheter-montre\\\/rolex-gmt-master-ii-pepsi-ref-127610blro-neuve-full-set-from-2023\\\/\",\"name\":\"ROLEX GMT MASTER II PEPSI REF 127610BLRO NEUVE FULL SET 2023\",\"isPartOf\":{\"@id\":\"https:\\\/\\\/www.parisheure.com\\\/#website\"},\"primaryImageOfPage\":{\"@id\":\"https:\\\/\\\/www.parisheure.com\\\/acheter-montre\\\/rolex-gmt-master-ii-pepsi-ref-127610blro-neuve-full-set-from-2023\\\/#primaryimage\"},\"image\":{\"@id\":\"https:\\\/\\\/www.parisheure.com\\\/acheter-montre\\\/rolex-gmt-master-ii-pepsi-ref-127610blro-neuve-full-set-from-2023\\\/#primaryimage\"},\"thumbnailUrl\":\"https:\\\/\\\/www.parisheure.com\\\/wp-content\\\/uploads\\\/2023\\\/02\\\/ROLEX-GMT-MASTER-II-PEPSI-REF-127610BLRO-NEUVE-FULL-SET-FROM-2023-_0009_Calque-3-scaled.jpg\",\"datePublished\":\"2023-02-10T20:28:39+00:00\",\"dateModified\":\"2024-10-22T14:43:41+00:00\",\"description\":\"Marque: ROLEX Mod\u00e8le: GMT-MASTER II PEPSI R\u00e9f\u00e9rence: 126710BLRO Ann\u00e9e: 2023 Lunette : Pepsi en c\u00e9ramique neuve. Boite: Neuf jamais port\u00e9\",\"breadcrumb\":{\"@id\":\"https:\\\/\\\/www.parisheure.com\\\/acheter-montre\\\/rolex-gmt-master-ii-pepsi-ref-127610blro-neuve-full-set-from-2023\\\/#breadcrumb\"},\"inLanguage\":\"en-US\",\"potentialAction\":[{\"@type\":\"ReadAction\",\"target\":[\"https:\\\/\\\/www.parisheure.com\\\/acheter-montre\\\/rolex-gmt-master-ii-pepsi-ref-127610blro-neuve-full-set-from-2023\\\/\"]}]},{\"@type\":\"ImageObject\",\"inLanguage\":\"en-US\",\"@id\":\"https:\\\/\\\/www.parisheure.com\\\/acheter-montre\\\/rolex-gmt-master-ii-pepsi-ref-127610blro-neuve-full-set-from-2023\\\/#primaryimage\",\"url\":\"https:\\\/\\\/www.parisheure.com\\\/wp-content\\\/uploads\\\/2023\\\/02\\\/ROLEX-GMT-MASTER-II-PEPSI-REF-127610BLRO-NEUVE-FULL-SET-FROM-2023-_0009_Calque-3-scaled.jpg\",\"contentUrl\":\"https:\\\/\\\/www.parisheure.com\\\/wp-content\\\/uploads\\\/2023\\\/02\\\/ROLEX-GMT-MASTER-II-PEPSI-REF-127610BLRO-NEUVE-FULL-SET-FROM-2023-_0009_Calque-3-scaled.jpg\",\"width\":2560,\"height\":2560},{\"@type\":\"BreadcrumbList\",\"@id\":\"https:\\\/\\\/www.parisheure.com\\\/acheter-montre\\\/rolex-gmt-master-ii-pepsi-ref-127610blro-neuve-full-set-from-2023\\\/#breadcrumb\",\"itemListElement\":[{\"@type\":\"ListItem\",\"position\":1,\"name\":\"Accueil\",\"item\":\"https:\\\/\\\/www.parisheure.com\\\/\"},{\"@type\":\"ListItem\",\"position\":2,\"name\":\"WATCHES\",\"item\":\"https:\\\/\\\/www.parisheure.com\\\/\"},{\"@type\":\"ListItem\",\"position\":3,\"name\":\"ROLEX GMT MASTER II PEPSI REF 127610BLRO NEUVE FULL SET from 2023\"}]},{\"@type\":\"WebSite\",\"@id\":\"https:\\\/\\\/www.parisheure.com\\\/#website\",\"url\":\"https:\\\/\\\/www.parisheure.com\\\/\",\"name\":\"PARIS HEURE\",\"description\":\"Vintage watches Paris\",\"publisher\":{\"@id\":\"https:\\\/\\\/www.parisheure.com\\\/#organization\"},\"potentialAction\":[{\"@type\":\"SearchAction\",\"target\":{\"@type\":\"EntryPoint\",\"urlTemplate\":\"https:\\\/\\\/www.parisheure.com\\\/?s={search_term_string}\"},\"query-input\":{\"@type\":\"PropertyValueSpecification\",\"valueRequired\":true,\"valueName\":\"search_term_string\"}}],\"inLanguage\":\"en-US\"},{\"@type\":\"Organization\",\"@id\":\"https:\\\/\\\/www.parisheure.com\\\/#organization\",\"name\":\"PARIS HEURE\",\"url\":\"https:\\\/\\\/www.parisheure.com\\\/\",\"logo\":{\"@type\":\"ImageObject\",\"inLanguage\":\"en-US\",\"@id\":\"https:\\\/\\\/www.parisheure.com\\\/#\\\/schema\\\/logo\\\/image\\\/\",\"url\":\"https:\\\/\\\/www.parisheure.com\\\/wp-content\\\/uploads\\\/2021\\\/07\\\/cropped-logo-paris-heure.png\",\"contentUrl\":\"https:\\\/\\\/www.parisheure.com\\\/wp-content\\\/uploads\\\/2021\\\/07\\\/cropped-logo-paris-heure.png\",\"width\":512,\"height\":512,\"caption\":\"PARIS HEURE\"},\"image\":{\"@id\":\"https:\\\/\\\/www.parisheure.com\\\/#\\\/schema\\\/logo\\\/image\\\/\"},\"sameAs\":[\"https:\\\/\\\/www.facebook.com\\\/ParisHeure\",\"https:\\\/\\\/www.instagram.com\\\/parisheure\\\/\"]}]}<\/script>\n<!-- \/ Yoast SEO plugin. -->","yoast_head_json":{"title":"ROLEX GMT MASTER II PEPSI REF 127610BLRO NEUVE FULL SET 2023","description":"Marque: ROLEX Mod\u00e8le: GMT-MASTER II PEPSI R\u00e9f\u00e9rence: 126710BLRO Ann\u00e9e: 2023 Lunette : Pepsi en c\u00e9ramique neuve. Boite: Neuf jamais port\u00e9","robots":{"index":"index","follow":"follow","max-snippet":"max-snippet:-1","max-image-preview":"max-image-preview:large","max-video-preview":"max-video-preview:-1"},"canonical":"https:\/\/www.parisheure.com\/en\/buy-watch\/rolex-gmt-master-ii-pepsi-ref-127610blro-neuve-full-set-from-2023\/","og_locale":"en_US","og_type":"article","og_title":"ROLEX GMT MASTER II PEPSI REF 127610BLRO NEUVE FULL SET 2023","og_description":"Marque: ROLEX Mod\u00e8le: GMT-MASTER II PEPSI R\u00e9f\u00e9rence: 126710BLRO Ann\u00e9e: 2023 Lunette : Pepsi en c\u00e9ramique neuve. Boite: Neuf jamais port\u00e9","og_url":"https:\/\/www.parisheure.com\/en\/buy-watch\/rolex-gmt-master-ii-pepsi-ref-127610blro-neuve-full-set-from-2023\/","og_site_name":"PARIS HEURE","article_publisher":"https:\/\/www.facebook.com\/ParisHeure","article_modified_time":"2024-10-22T14:43:41+00:00","og_image":[{"width":2560,"height":2560,"url":"https:\/\/www.parisheure.com\/wp-content\/uploads\/2023\/02\/ROLEX-GMT-MASTER-II-PEPSI-REF-127610BLRO-NEUVE-FULL-SET-FROM-2023-_0009_Calque-3-scaled.jpg","type":"image\/jpeg"}],"twitter_card":"summary_large_image","schema":{"@context":"https:\/\/schema.org","@graph":[{"@type":"WebPage","@id":"https:\/\/www.parisheure.com\/acheter-montre\/rolex-gmt-master-ii-pepsi-ref-127610blro-neuve-full-set-from-2023\/","url":"https:\/\/www.parisheure.com\/acheter-montre\/rolex-gmt-master-ii-pepsi-ref-127610blro-neuve-full-set-from-2023\/","name":"ROLEX GMT MASTER II PEPSI REF 127610BLRO NEUVE FULL SET 2023","isPartOf":{"@id":"https:\/\/www.parisheure.com\/#website"},"primaryImageOfPage":{"@id":"https:\/\/www.parisheure.com\/acheter-montre\/rolex-gmt-master-ii-pepsi-ref-127610blro-neuve-full-set-from-2023\/#primaryimage"},"image":{"@id":"https:\/\/www.parisheure.com\/acheter-montre\/rolex-gmt-master-ii-pepsi-ref-127610blro-neuve-full-set-from-2023\/#primaryimage"},"thumbnailUrl":"https:\/\/www.parisheure.com\/wp-content\/uploads\/2023\/02\/ROLEX-GMT-MASTER-II-PEPSI-REF-127610BLRO-NEUVE-FULL-SET-FROM-2023-_0009_Calque-3-scaled.jpg","datePublished":"2023-02-10T20:28:39+00:00","dateModified":"2024-10-22T14:43:41+00:00","description":"Marque: ROLEX Mod\u00e8le: GMT-MASTER II PEPSI R\u00e9f\u00e9rence: 126710BLRO Ann\u00e9e: 2023 Lunette : Pepsi en c\u00e9ramique neuve. Boite: Neuf jamais port\u00e9","breadcrumb":{"@id":"https:\/\/www.parisheure.com\/acheter-montre\/rolex-gmt-master-ii-pepsi-ref-127610blro-neuve-full-set-from-2023\/#breadcrumb"},"inLanguage":"en-US","potentialAction":[{"@type":"ReadAction","target":["https:\/\/www.parisheure.com\/acheter-montre\/rolex-gmt-master-ii-pepsi-ref-127610blro-neuve-full-set-from-2023\/"]}]},{"@type":"ImageObject","inLanguage":"en-US","@id":"https:\/\/www.parisheure.com\/acheter-montre\/rolex-gmt-master-ii-pepsi-ref-127610blro-neuve-full-set-from-2023\/#primaryimage","url":"https:\/\/www.parisheure.com\/wp-content\/uploads\/2023\/02\/ROLEX-GMT-MASTER-II-PEPSI-REF-127610BLRO-NEUVE-FULL-SET-FROM-2023-_0009_Calque-3-scaled.jpg","contentUrl":"https:\/\/www.parisheure.com\/wp-content\/uploads\/2023\/02\/ROLEX-GMT-MASTER-II-PEPSI-REF-127610BLRO-NEUVE-FULL-SET-FROM-2023-_0009_Calque-3-scaled.jpg","width":2560,"height":2560},{"@type":"BreadcrumbList","@id":"https:\/\/www.parisheure.com\/acheter-montre\/rolex-gmt-master-ii-pepsi-ref-127610blro-neuve-full-set-from-2023\/#breadcrumb","itemListElement":[{"@type":"ListItem","position":1,"name":"Accueil","item":"https:\/\/www.parisheure.com\/"},{"@type":"ListItem","position":2,"name":"WATCHES","item":"https:\/\/www.parisheure.com\/"},{"@type":"ListItem","position":3,"name":"ROLEX GMT MASTER II PEPSI REF 127610BLRO NEUVE FULL SET from 2023"}]},{"@type":"WebSite","@id":"https:\/\/www.parisheure.com\/#website","url":"https:\/\/www.parisheure.com\/","name":"PARIS HEURE","description":"Vintage watches Paris","publisher":{"@id":"https:\/\/www.parisheure.com\/#organization"},"potentialAction":[{"@type":"SearchAction","target":{"@type":"EntryPoint","urlTemplate":"https:\/\/www.parisheure.com\/?s={search_term_string}"},"query-input":{"@type":"PropertyValueSpecification","valueRequired":true,"valueName":"search_term_string"}}],"inLanguage":"en-US"},{"@type":"Organization","@id":"https:\/\/www.parisheure.com\/#organization","name":"PARIS HEURE","url":"https:\/\/www.parisheure.com\/","logo":{"@type":"ImageObject","inLanguage":"en-US","@id":"https:\/\/www.parisheure.com\/#\/schema\/logo\/image\/","url":"https:\/\/www.parisheure.com\/wp-content\/uploads\/2021\/07\/cropped-logo-paris-heure.png","contentUrl":"https:\/\/www.parisheure.com\/wp-content\/uploads\/2021\/07\/cropped-logo-paris-heure.png","width":512,"height":512,"caption":"PARIS HEURE"},"image":{"@id":"https:\/\/www.parisheure.com\/#\/schema\/logo\/image\/"},"sameAs":["https:\/\/www.facebook.com\/ParisHeure","https:\/\/www.instagram.com\/parisheure\/"]}]}},"jetpack_sharing_enabled":true,"brands":[{"id":432,"name":"Rolex","slug":"rolex"}],"_links":{"self":[{"href":"https:\/\/www.parisheure.com\/en\/wp-json\/wp\/v2\/product\/12150","targetHints":{"allow":["GET"]}}],"collection":[{"href":"https:\/\/www.parisheure.com\/en\/wp-json\/wp\/v2\/product"}],"about":[{"href":"https:\/\/www.parisheure.com\/en\/wp-json\/wp\/v2\/types\/product"}],"version-history":[{"count":1,"href":"https:\/\/www.parisheure.com\/en\/wp-json\/wp\/v2\/product\/12150\/revisions"}],"predecessor-version":[{"id":14145,"href":"https:\/\/www.parisheure.com\/en\/wp-json\/wp\/v2\/product\/12150\/revisions\/14145"}],"wp:featuredmedia":[{"embeddable":true,"href":"https:\/\/www.parisheure.com\/en\/wp-json\/wp\/v2\/media\/12098"}],"wp:attachment":[{"href":"https:\/\/www.parisheure.com\/en\/wp-json\/wp\/v2\/media?parent=12150"}],"wp:term":[{"taxonomy":"pwb-brand","embeddable":true,"href":"https:\/\/www.parisheure.com\/en\/wp-json\/wp\/v2\/pwb-brand?post=12150"},{"taxonomy":"product_brand","embeddable":true,"href":"https:\/\/www.parisheure.com\/en\/wp-json\/wp\/v2\/product_brand?post=12150"},{"taxonomy":"product_cat","embeddable":true,"href":"https:\/\/www.parisheure.com\/en\/wp-json\/wp\/v2\/product_cat?post=12150"},{"taxonomy":"product_tag","embeddable":true,"href":"https:\/\/www.parisheure.com\/en\/wp-json\/wp\/v2\/product_tag?post=12150"}],"curies":[{"name":"wp","href":"https:\/\/api.w.org\/{rel}","templated":true}]}}