{"id":12152,"date":"2023-02-10T22:27:09","date_gmt":"2023-02-10T21:27:09","guid":{"rendered":"https:\/\/www.parisheure.com\/?post_type=product&#038;p=12152"},"modified":"2025-01-06T13:18:25","modified_gmt":"2025-01-06T12:18:25","slug":"rolex-daytona-ref-6239-silver-dial-small-daytona-from-1968","status":"publish","type":"product","link":"https:\/\/www.parisheure.com\/en\/buy-watch\/rolex-daytona-ref-6239-silver-dial-small-daytona-from-1968\/","title":{"rendered":"Rolex daytona ref 6239 silver dial small daytona from 1968 ( stock ph watches )"},"content":{"rendered":"<p><strong>Our opinion:<\/strong> Le mod\u00e8le de Rolex Cosmograph Daytona est un chronographe de sport lanc\u00e9 en 1963 par la soci\u00e9t\u00e9 Rolex SA. Le Cosmograph Daytona fait partie de la cat\u00e9gorie de montres professionnelles au sein de la gamme Rolex. Il a \u00e9t\u00e9 con\u00e7u \u00e0 l\u2019origine pour les pilotes de course. Quatre g\u00e9n\u00e9rations de Daytona ont vu le jour respectivement en 1963, 1988, 2000 et 2016. La premi\u00e8re \u00e9tait dot\u00e9e d\u2019un mouvement \u00e0 remontage manuel, la deuxi\u00e8me d\u2019un mouvement \u00e0 remontage automatique et la troisi\u00e8me et quatri\u00e8me d\u2019un mouvement manufacture Rolex. Le record du monde en vente aux ench\u00e8res est une Rolex Daytona ayant appartenu \u00e0 Paul Newman et vendue chez Philips a NYC pour 17,75 millions de dollars en 2017. L\u2019original est donc la version \u00e0 4 chiffres dont fait partie celle-ci et en plus en Paul Newman le graal de tout collectionneur. La daytona ref 6239 est une des plus belles daytona vintage car cette r\u00e9f\u00e9rence est tr\u00e8s rare et marqu\u00e9e \u00ab\u00a0daytona\u00a0\u00bb en petit au-dessus du compteur des heures \u00e0 6h, bracelet acier rivet\u00e9, poussoirs lisses, lunette acier 200 et mouvement valjoux 722-1. Belle boite peu polie ! Une r\u00e9f\u00e9rence de daytona qui est la premi\u00e8re version de daytona sortie \u00e0 l\u2019\u00e9poque donc peu de montres sont sorties de chez Rolex. Une pi\u00e8ce majeure dans une collection Rolex!<\/p>","protected":false},"excerpt":{"rendered":"<h4><strong>Superlative Rolex Daytona silver small daytona ref 6239<\/strong><\/h4>\n<p><strong>Reference: <\/strong>6239<\/p>\n<p><strong>Year:<\/strong> 1968<\/p>\n<p><strong>Serial : <\/strong>178XXXX<\/p>\n<p><strong>Movement\u00a0: <\/strong>MECA VALJOUX 722-1<\/p>\n<p><strong>Bezel:<\/strong> Lunette acier 200 en bon \u00e9tat<\/p>\n<p><strong>Case: <\/strong>Boitier peu polie en bel \u00e9tat g\u00e9n\u00e9ral. Num\u00e9ros de s\u00e9rie et r\u00e9f\u00e9rence parfaitement lisible. Aucun chocs important ou rayures sur le boitier. Fond de boite en parfait \u00e9tat et filetage nickel.<\/p>\n<p><strong>Dial: <\/strong>Rare cadran silver small Daytona \u00e0 6h. Les points de tritium sont tous pr\u00e9sents avec une belle patine. Elle est en bon \u00e9tat g\u00e9n\u00e9ral avec une belle patine. Compteurs noirs en bon \u00e9tat peu de traces du temps.<\/p>\n<p><strong>Diameter\u00a0: <\/strong>37mm<\/p>\n<p><strong>Bracelet:<\/strong>: Bracelet acier rivet\u00e9<\/p>\n<p><strong>Accessories: <\/strong>None.<\/p>","protected":false},"featured_media":12146,"template":"","meta":[],"pwb-brand":[432],"product_brand":[],"product_cat":[107,367,90,246],"product_tag":[274,366,156,127,101],"class_list":{"0":"post-12152","1":"product","2":"type-product","3":"status-publish","4":"has-post-thumbnail","6":"pwb-brand-rolex","7":"product_cat-archives","8":"product_cat-montres-paris-heure","9":"product_cat-rolex","10":"product_cat-rolex-daytona","11":"product_tag-274","12":"product_tag-366","13":"product_tag-daytona","14":"product_tag-rolex","15":"product_tag-vintage","17":"first","18":"outofstock","19":"shipping-taxable","20":"product-type-simple"},"yoast_head":"<!-- This site is optimized with the Yoast SEO plugin v27.5 - https:\/\/yoast.com\/product\/yoast-seo-wordpress\/ -->\n<title>Rolex daytona ref 6239 silver dial small daytona from 1968 ( stock ph watches ) &#8226;<\/title>\n<meta name=\"description\" content=\"Rolex Daytona R\u00e9f\u00e9rence: 6239 Ann\u00e9e: 1968 Serial : 178XXXX Mouvement : MECA VALJOUX 722-1 Lunette : Lunette acier 200 Boite: Boitier peu polie\" \/>\n<meta name=\"robots\" content=\"index, follow, max-snippet:-1, max-image-preview:large, max-video-preview:-1\" \/>\n<link rel=\"canonical\" href=\"https:\/\/www.parisheure.com\/en\/buy-watch\/rolex-daytona-ref-6239-silver-dial-small-daytona-from-1968\/\" \/>\n<meta property=\"og:locale\" content=\"en_US\" \/>\n<meta property=\"og:type\" content=\"article\" \/>\n<meta property=\"og:title\" content=\"Rolex daytona ref 6239 silver dial small daytona from 1968 ( stock ph watches ) &#8226;\" \/>\n<meta property=\"og:description\" content=\"Rolex Daytona R\u00e9f\u00e9rence: 6239 Ann\u00e9e: 1968 Serial : 178XXXX Mouvement : MECA VALJOUX 722-1 Lunette : Lunette acier 200 Boite: Boitier peu polie\" \/>\n<meta property=\"og:url\" content=\"https:\/\/www.parisheure.com\/en\/buy-watch\/rolex-daytona-ref-6239-silver-dial-small-daytona-from-1968\/\" \/>\n<meta property=\"og:site_name\" content=\"PARIS HEURE\" \/>\n<meta property=\"article:publisher\" content=\"https:\/\/www.facebook.com\/ParisHeure\" \/>\n<meta property=\"article:modified_time\" content=\"2025-01-06T12:18:25+00:00\" \/>\n<meta property=\"og:image\" content=\"https:\/\/www.parisheure.com\/wp-content\/uploads\/2023\/02\/ROLEX-DAYTONA-REF-6239-SILVER-DIAL-SMALL-DAYTONA-FROM-1968-N\u00b0-178XXXX-_0020_Calque-2-scaled.jpg\" \/>\n\t<meta property=\"og:image:width\" content=\"2560\" \/>\n\t<meta property=\"og:image:height\" content=\"2560\" \/>\n\t<meta property=\"og:image:type\" content=\"image\/jpeg\" \/>\n<meta name=\"twitter:card\" content=\"summary_large_image\" \/>\n<script type=\"application\/ld+json\" class=\"yoast-schema-graph\">{\"@context\":\"https:\\\/\\\/schema.org\",\"@graph\":[{\"@type\":\"WebPage\",\"@id\":\"https:\\\/\\\/www.parisheure.com\\\/acheter-montre\\\/rolex-daytona-ref-6239-silver-dial-small-daytona-from-1968\\\/\",\"url\":\"https:\\\/\\\/www.parisheure.com\\\/acheter-montre\\\/rolex-daytona-ref-6239-silver-dial-small-daytona-from-1968\\\/\",\"name\":\"Rolex daytona ref 6239 silver dial small daytona from 1968 ( stock ph watches ) &#8226;\",\"isPartOf\":{\"@id\":\"https:\\\/\\\/www.parisheure.com\\\/#website\"},\"primaryImageOfPage\":{\"@id\":\"https:\\\/\\\/www.parisheure.com\\\/acheter-montre\\\/rolex-daytona-ref-6239-silver-dial-small-daytona-from-1968\\\/#primaryimage\"},\"image\":{\"@id\":\"https:\\\/\\\/www.parisheure.com\\\/acheter-montre\\\/rolex-daytona-ref-6239-silver-dial-small-daytona-from-1968\\\/#primaryimage\"},\"thumbnailUrl\":\"https:\\\/\\\/www.parisheure.com\\\/wp-content\\\/uploads\\\/2023\\\/02\\\/ROLEX-DAYTONA-REF-6239-SILVER-DIAL-SMALL-DAYTONA-FROM-1968-N\u00b0-178XXXX-_0020_Calque-2-scaled.jpg\",\"datePublished\":\"2023-02-10T21:27:09+00:00\",\"dateModified\":\"2025-01-06T12:18:25+00:00\",\"description\":\"Rolex Daytona R\u00e9f\u00e9rence: 6239 Ann\u00e9e: 1968 Serial : 178XXXX Mouvement : MECA VALJOUX 722-1 Lunette : Lunette acier 200 Boite: Boitier peu polie\",\"breadcrumb\":{\"@id\":\"https:\\\/\\\/www.parisheure.com\\\/acheter-montre\\\/rolex-daytona-ref-6239-silver-dial-small-daytona-from-1968\\\/#breadcrumb\"},\"inLanguage\":\"en-US\",\"potentialAction\":[{\"@type\":\"ReadAction\",\"target\":[\"https:\\\/\\\/www.parisheure.com\\\/acheter-montre\\\/rolex-daytona-ref-6239-silver-dial-small-daytona-from-1968\\\/\"]}]},{\"@type\":\"ImageObject\",\"inLanguage\":\"en-US\",\"@id\":\"https:\\\/\\\/www.parisheure.com\\\/acheter-montre\\\/rolex-daytona-ref-6239-silver-dial-small-daytona-from-1968\\\/#primaryimage\",\"url\":\"https:\\\/\\\/www.parisheure.com\\\/wp-content\\\/uploads\\\/2023\\\/02\\\/ROLEX-DAYTONA-REF-6239-SILVER-DIAL-SMALL-DAYTONA-FROM-1968-N\u00b0-178XXXX-_0020_Calque-2-scaled.jpg\",\"contentUrl\":\"https:\\\/\\\/www.parisheure.com\\\/wp-content\\\/uploads\\\/2023\\\/02\\\/ROLEX-DAYTONA-REF-6239-SILVER-DIAL-SMALL-DAYTONA-FROM-1968-N\u00b0-178XXXX-_0020_Calque-2-scaled.jpg\",\"width\":2560,\"height\":2560},{\"@type\":\"BreadcrumbList\",\"@id\":\"https:\\\/\\\/www.parisheure.com\\\/acheter-montre\\\/rolex-daytona-ref-6239-silver-dial-small-daytona-from-1968\\\/#breadcrumb\",\"itemListElement\":[{\"@type\":\"ListItem\",\"position\":1,\"name\":\"Accueil\",\"item\":\"https:\\\/\\\/www.parisheure.com\\\/\"},{\"@type\":\"ListItem\",\"position\":2,\"name\":\"WATCHES\",\"item\":\"https:\\\/\\\/www.parisheure.com\\\/\"},{\"@type\":\"ListItem\",\"position\":3,\"name\":\"Rolex daytona ref 6239 silver dial small daytona from 1968 ( stock ph watches )\"}]},{\"@type\":\"WebSite\",\"@id\":\"https:\\\/\\\/www.parisheure.com\\\/#website\",\"url\":\"https:\\\/\\\/www.parisheure.com\\\/\",\"name\":\"PARIS HEURE\",\"description\":\"Vintage watches Paris\",\"publisher\":{\"@id\":\"https:\\\/\\\/www.parisheure.com\\\/#organization\"},\"potentialAction\":[{\"@type\":\"SearchAction\",\"target\":{\"@type\":\"EntryPoint\",\"urlTemplate\":\"https:\\\/\\\/www.parisheure.com\\\/?s={search_term_string}\"},\"query-input\":{\"@type\":\"PropertyValueSpecification\",\"valueRequired\":true,\"valueName\":\"search_term_string\"}}],\"inLanguage\":\"en-US\"},{\"@type\":\"Organization\",\"@id\":\"https:\\\/\\\/www.parisheure.com\\\/#organization\",\"name\":\"PARIS HEURE\",\"url\":\"https:\\\/\\\/www.parisheure.com\\\/\",\"logo\":{\"@type\":\"ImageObject\",\"inLanguage\":\"en-US\",\"@id\":\"https:\\\/\\\/www.parisheure.com\\\/#\\\/schema\\\/logo\\\/image\\\/\",\"url\":\"https:\\\/\\\/www.parisheure.com\\\/wp-content\\\/uploads\\\/2021\\\/07\\\/cropped-logo-paris-heure.png\",\"contentUrl\":\"https:\\\/\\\/www.parisheure.com\\\/wp-content\\\/uploads\\\/2021\\\/07\\\/cropped-logo-paris-heure.png\",\"width\":512,\"height\":512,\"caption\":\"PARIS HEURE\"},\"image\":{\"@id\":\"https:\\\/\\\/www.parisheure.com\\\/#\\\/schema\\\/logo\\\/image\\\/\"},\"sameAs\":[\"https:\\\/\\\/www.facebook.com\\\/ParisHeure\",\"https:\\\/\\\/www.instagram.com\\\/parisheure\\\/\"]}]}<\/script>\n<!-- \/ Yoast SEO plugin. -->","yoast_head_json":{"title":"Rolex daytona ref 6239 silver dial small daytona from 1968 ( stock ph watches ) &#8226;","description":"Rolex Daytona R\u00e9f\u00e9rence: 6239 Ann\u00e9e: 1968 Serial : 178XXXX Mouvement : MECA VALJOUX 722-1 Lunette : Lunette acier 200 Boite: Boitier peu polie","robots":{"index":"index","follow":"follow","max-snippet":"max-snippet:-1","max-image-preview":"max-image-preview:large","max-video-preview":"max-video-preview:-1"},"canonical":"https:\/\/www.parisheure.com\/en\/buy-watch\/rolex-daytona-ref-6239-silver-dial-small-daytona-from-1968\/","og_locale":"en_US","og_type":"article","og_title":"Rolex daytona ref 6239 silver dial small daytona from 1968 ( stock ph watches ) &#8226;","og_description":"Rolex Daytona R\u00e9f\u00e9rence: 6239 Ann\u00e9e: 1968 Serial : 178XXXX Mouvement : MECA VALJOUX 722-1 Lunette : Lunette acier 200 Boite: Boitier peu polie","og_url":"https:\/\/www.parisheure.com\/en\/buy-watch\/rolex-daytona-ref-6239-silver-dial-small-daytona-from-1968\/","og_site_name":"PARIS HEURE","article_publisher":"https:\/\/www.facebook.com\/ParisHeure","article_modified_time":"2025-01-06T12:18:25+00:00","og_image":[{"width":2560,"height":2560,"url":"https:\/\/www.parisheure.com\/wp-content\/uploads\/2023\/02\/ROLEX-DAYTONA-REF-6239-SILVER-DIAL-SMALL-DAYTONA-FROM-1968-N\u00b0-178XXXX-_0020_Calque-2-scaled.jpg","type":"image\/jpeg"}],"twitter_card":"summary_large_image","schema":{"@context":"https:\/\/schema.org","@graph":[{"@type":"WebPage","@id":"https:\/\/www.parisheure.com\/acheter-montre\/rolex-daytona-ref-6239-silver-dial-small-daytona-from-1968\/","url":"https:\/\/www.parisheure.com\/acheter-montre\/rolex-daytona-ref-6239-silver-dial-small-daytona-from-1968\/","name":"Rolex daytona ref 6239 silver dial small daytona from 1968 ( stock ph watches ) &#8226;","isPartOf":{"@id":"https:\/\/www.parisheure.com\/#website"},"primaryImageOfPage":{"@id":"https:\/\/www.parisheure.com\/acheter-montre\/rolex-daytona-ref-6239-silver-dial-small-daytona-from-1968\/#primaryimage"},"image":{"@id":"https:\/\/www.parisheure.com\/acheter-montre\/rolex-daytona-ref-6239-silver-dial-small-daytona-from-1968\/#primaryimage"},"thumbnailUrl":"https:\/\/www.parisheure.com\/wp-content\/uploads\/2023\/02\/ROLEX-DAYTONA-REF-6239-SILVER-DIAL-SMALL-DAYTONA-FROM-1968-N\u00b0-178XXXX-_0020_Calque-2-scaled.jpg","datePublished":"2023-02-10T21:27:09+00:00","dateModified":"2025-01-06T12:18:25+00:00","description":"Rolex Daytona R\u00e9f\u00e9rence: 6239 Ann\u00e9e: 1968 Serial : 178XXXX Mouvement : MECA VALJOUX 722-1 Lunette : Lunette acier 200 Boite: Boitier peu polie","breadcrumb":{"@id":"https:\/\/www.parisheure.com\/acheter-montre\/rolex-daytona-ref-6239-silver-dial-small-daytona-from-1968\/#breadcrumb"},"inLanguage":"en-US","potentialAction":[{"@type":"ReadAction","target":["https:\/\/www.parisheure.com\/acheter-montre\/rolex-daytona-ref-6239-silver-dial-small-daytona-from-1968\/"]}]},{"@type":"ImageObject","inLanguage":"en-US","@id":"https:\/\/www.parisheure.com\/acheter-montre\/rolex-daytona-ref-6239-silver-dial-small-daytona-from-1968\/#primaryimage","url":"https:\/\/www.parisheure.com\/wp-content\/uploads\/2023\/02\/ROLEX-DAYTONA-REF-6239-SILVER-DIAL-SMALL-DAYTONA-FROM-1968-N\u00b0-178XXXX-_0020_Calque-2-scaled.jpg","contentUrl":"https:\/\/www.parisheure.com\/wp-content\/uploads\/2023\/02\/ROLEX-DAYTONA-REF-6239-SILVER-DIAL-SMALL-DAYTONA-FROM-1968-N\u00b0-178XXXX-_0020_Calque-2-scaled.jpg","width":2560,"height":2560},{"@type":"BreadcrumbList","@id":"https:\/\/www.parisheure.com\/acheter-montre\/rolex-daytona-ref-6239-silver-dial-small-daytona-from-1968\/#breadcrumb","itemListElement":[{"@type":"ListItem","position":1,"name":"Accueil","item":"https:\/\/www.parisheure.com\/"},{"@type":"ListItem","position":2,"name":"WATCHES","item":"https:\/\/www.parisheure.com\/"},{"@type":"ListItem","position":3,"name":"Rolex daytona ref 6239 silver dial small daytona from 1968 ( stock ph watches )"}]},{"@type":"WebSite","@id":"https:\/\/www.parisheure.com\/#website","url":"https:\/\/www.parisheure.com\/","name":"PARIS HEURE","description":"Vintage watches Paris","publisher":{"@id":"https:\/\/www.parisheure.com\/#organization"},"potentialAction":[{"@type":"SearchAction","target":{"@type":"EntryPoint","urlTemplate":"https:\/\/www.parisheure.com\/?s={search_term_string}"},"query-input":{"@type":"PropertyValueSpecification","valueRequired":true,"valueName":"search_term_string"}}],"inLanguage":"en-US"},{"@type":"Organization","@id":"https:\/\/www.parisheure.com\/#organization","name":"PARIS HEURE","url":"https:\/\/www.parisheure.com\/","logo":{"@type":"ImageObject","inLanguage":"en-US","@id":"https:\/\/www.parisheure.com\/#\/schema\/logo\/image\/","url":"https:\/\/www.parisheure.com\/wp-content\/uploads\/2021\/07\/cropped-logo-paris-heure.png","contentUrl":"https:\/\/www.parisheure.com\/wp-content\/uploads\/2021\/07\/cropped-logo-paris-heure.png","width":512,"height":512,"caption":"PARIS HEURE"},"image":{"@id":"https:\/\/www.parisheure.com\/#\/schema\/logo\/image\/"},"sameAs":["https:\/\/www.facebook.com\/ParisHeure","https:\/\/www.instagram.com\/parisheure\/"]}]}},"jetpack_sharing_enabled":true,"brands":[{"id":432,"name":"Rolex","slug":"rolex"}],"_links":{"self":[{"href":"https:\/\/www.parisheure.com\/en\/wp-json\/wp\/v2\/product\/12152","targetHints":{"allow":["GET"]}}],"collection":[{"href":"https:\/\/www.parisheure.com\/en\/wp-json\/wp\/v2\/product"}],"about":[{"href":"https:\/\/www.parisheure.com\/en\/wp-json\/wp\/v2\/types\/product"}],"version-history":[{"count":6,"href":"https:\/\/www.parisheure.com\/en\/wp-json\/wp\/v2\/product\/12152\/revisions"}],"predecessor-version":[{"id":14732,"href":"https:\/\/www.parisheure.com\/en\/wp-json\/wp\/v2\/product\/12152\/revisions\/14732"}],"wp:featuredmedia":[{"embeddable":true,"href":"https:\/\/www.parisheure.com\/en\/wp-json\/wp\/v2\/media\/12146"}],"wp:attachment":[{"href":"https:\/\/www.parisheure.com\/en\/wp-json\/wp\/v2\/media?parent=12152"}],"wp:term":[{"taxonomy":"pwb-brand","embeddable":true,"href":"https:\/\/www.parisheure.com\/en\/wp-json\/wp\/v2\/pwb-brand?post=12152"},{"taxonomy":"product_brand","embeddable":true,"href":"https:\/\/www.parisheure.com\/en\/wp-json\/wp\/v2\/product_brand?post=12152"},{"taxonomy":"product_cat","embeddable":true,"href":"https:\/\/www.parisheure.com\/en\/wp-json\/wp\/v2\/product_cat?post=12152"},{"taxonomy":"product_tag","embeddable":true,"href":"https:\/\/www.parisheure.com\/en\/wp-json\/wp\/v2\/product_tag?post=12152"}],"curies":[{"name":"wp","href":"https:\/\/api.w.org\/{rel}","templated":true}]}}