{"id":12221,"date":"2023-03-20T16:08:33","date_gmt":"2023-03-20T15:08:33","guid":{"rendered":"https:\/\/www.parisheure.com\/?post_type=product&#038;p=12221"},"modified":"2024-10-22T16:42:17","modified_gmt":"2024-10-22T14:42:17","slug":"audemars-piguet-royal-oak-dual-time-ref-26120-st-acier-archives-from-2006","status":"publish","type":"product","link":"https:\/\/www.parisheure.com\/en\/buy-watch\/audemars-piguet-royal-oak-dual-time-ref-26120-st-acier-archives-from-2006\/","title":{"rendered":"AUDEMARS PIGUET ROYAL OAK DUAL TIME REF 26120 ST EN ACIER ARCHIVES from 2006 ( STOCK PARIS HEURE )"},"content":{"rendered":"<p><strong>Our opinion:<\/strong> Les Royal Oak ont plus que la cote r\u00e9cemment et explosent les records depuis quelques mois. De plus, on a f\u00eater les 50 ans du mod\u00e8le l\u2019ann\u00e9e aderni\u00e8res vec beaucoup d\u2019\u00e9v\u00e8nements promotionnels qui ont eu lieu. Alors saisissez l\u2019opportunit\u00e9 d\u2019en obtenir une plus produites depuis quelques ann\u00e9es une vraie n\u00e9o vintage, avec un cadran grande tapisserie magnifique et si particulier avec tant de caract\u00e8re au poignet. Dans sa taille jumbo originelle des ann\u00e9es 90 en 39mm.Tr\u00e8s bel exemplaire cadran noir en parfait \u00e9tat.<\/p>","protected":false},"excerpt":{"rendered":"<p><strong>Brand:<\/strong>\u00a0Audemars Piguet<\/p>\n<p><strong>Model:<\/strong>\u00a0Royal oak Dual Time<\/p>\n<p><strong>Reference:<\/strong>\u00a026120ST<\/p>\n<p><strong>Year:<\/strong>\u00a02006<\/p>\n<p><strong>Serial :<\/strong>66XX<\/p>\n<p><strong>Case:<\/strong>\u00a0Beau boitier de 39MM peu polie en bel \u00e9tat de conservation. Les angles restent bien pr\u00e9sents et l\u2019ensemble reste homog\u00e8ne. Lunette en bon \u00e9tat. Belle \u00e9paisseur du boitier.<\/p>\n<p><strong>Dial:<\/strong>\u00a0Beau cadran noir d\u2019origine en parfait \u00e9tat avec sa grande tapisserie et une belle couleur noir sombre un peu patin\u00e9e avec la belle complication dual time mythique chez Audemars Piguet.<\/p>\n<p><strong>Bracelet:<\/strong>\u00a0Acier avec boucle d\u00e9ployante AP<\/p>\n<p><strong>Accessories:<\/strong>\u00a0 Boite AP + manuel d\u2019utilisation de la dual time + archives AP<\/p>","protected":false},"featured_media":12222,"template":"","meta":[],"pwb-brand":[434],"product_brand":[],"product_cat":[107,267,367],"product_tag":[376,375,228,373,374,104],"class_list":{"0":"post-12221","1":"product","2":"type-product","3":"status-publish","4":"has-post-thumbnail","6":"pwb-brand-audemars-piguet","7":"product_cat-archives","8":"product_cat-audemars-piguet","9":"product_cat-montres-paris-heure","10":"product_tag-376","11":"product_tag-375","12":"product_tag-archives","13":"product_tag-audemars","14":"product_tag-dual-time","15":"product_tag-royal-oak","17":"first","18":"outofstock","19":"shipping-taxable","20":"product-type-simple"},"yoast_head":"<!-- This site is optimized with the Yoast SEO plugin v27.4 - https:\/\/yoast.com\/product\/yoast-seo-wordpress\/ -->\n<title>AUDEMARS PIGUET ROYAL OAK DUAL TIME REF 26120 ST + ARCHIVES<\/title>\n<meta name=\"description\" content=\"Marque: Audemars Piguet Mod\u00e8le: Royal oak Dual Time R\u00e9f\u00e9rence: 26120ST Ann\u00e9e: 2006 Serial :66XX Boite: Beau boitier de 39MM peu polie en bel \u00e9tat.\" \/>\n<meta name=\"robots\" content=\"index, follow, max-snippet:-1, max-image-preview:large, max-video-preview:-1\" \/>\n<link rel=\"canonical\" href=\"https:\/\/www.parisheure.com\/en\/buy-watch\/audemars-piguet-royal-oak-dual-time-ref-26120-st-acier-archives-from-2006\/\" \/>\n<meta property=\"og:locale\" content=\"en_US\" \/>\n<meta property=\"og:type\" content=\"article\" \/>\n<meta property=\"og:title\" content=\"AUDEMARS PIGUET ROYAL OAK DUAL TIME REF 26120 ST + ARCHIVES\" \/>\n<meta property=\"og:description\" content=\"Marque: Audemars Piguet Mod\u00e8le: Royal oak Dual Time R\u00e9f\u00e9rence: 26120ST Ann\u00e9e: 2006 Serial :66XX Boite: Beau boitier de 39MM peu polie en bel \u00e9tat.\" \/>\n<meta property=\"og:url\" content=\"https:\/\/www.parisheure.com\/en\/buy-watch\/audemars-piguet-royal-oak-dual-time-ref-26120-st-acier-archives-from-2006\/\" \/>\n<meta property=\"og:site_name\" content=\"PARIS HEURE\" \/>\n<meta property=\"article:publisher\" content=\"https:\/\/www.facebook.com\/ParisHeure\" \/>\n<meta property=\"article:modified_time\" content=\"2024-10-22T14:42:17+00:00\" \/>\n<meta property=\"og:image\" content=\"https:\/\/www.parisheure.com\/wp-content\/uploads\/2023\/03\/AUDEMARS-PIGUET-ROYAL-OAK-DUAL-TIME-REF-26120-ST-ACIER-ARCHIVES-BOITE-N\u00b0F675xx-621XXX-0065_0020_Calque-4-scaled.jpg\" \/>\n\t<meta property=\"og:image:width\" content=\"2560\" \/>\n\t<meta property=\"og:image:height\" content=\"2560\" \/>\n\t<meta property=\"og:image:type\" content=\"image\/jpeg\" \/>\n<meta name=\"twitter:card\" content=\"summary_large_image\" \/>\n<script type=\"application\/ld+json\" class=\"yoast-schema-graph\">{\"@context\":\"https:\\\/\\\/schema.org\",\"@graph\":[{\"@type\":\"WebPage\",\"@id\":\"https:\\\/\\\/www.parisheure.com\\\/acheter-montre\\\/audemars-piguet-royal-oak-dual-time-ref-26120-st-acier-archives-from-2006\\\/\",\"url\":\"https:\\\/\\\/www.parisheure.com\\\/acheter-montre\\\/audemars-piguet-royal-oak-dual-time-ref-26120-st-acier-archives-from-2006\\\/\",\"name\":\"AUDEMARS PIGUET ROYAL OAK DUAL TIME REF 26120 ST + ARCHIVES\",\"isPartOf\":{\"@id\":\"https:\\\/\\\/www.parisheure.com\\\/#website\"},\"primaryImageOfPage\":{\"@id\":\"https:\\\/\\\/www.parisheure.com\\\/acheter-montre\\\/audemars-piguet-royal-oak-dual-time-ref-26120-st-acier-archives-from-2006\\\/#primaryimage\"},\"image\":{\"@id\":\"https:\\\/\\\/www.parisheure.com\\\/acheter-montre\\\/audemars-piguet-royal-oak-dual-time-ref-26120-st-acier-archives-from-2006\\\/#primaryimage\"},\"thumbnailUrl\":\"https:\\\/\\\/www.parisheure.com\\\/wp-content\\\/uploads\\\/2023\\\/03\\\/AUDEMARS-PIGUET-ROYAL-OAK-DUAL-TIME-REF-26120-ST-ACIER-ARCHIVES-BOITE-N\u00b0F675xx-621XXX-0065_0020_Calque-4-scaled.jpg\",\"datePublished\":\"2023-03-20T15:08:33+00:00\",\"dateModified\":\"2024-10-22T14:42:17+00:00\",\"description\":\"Marque: Audemars Piguet Mod\u00e8le: Royal oak Dual Time R\u00e9f\u00e9rence: 26120ST Ann\u00e9e: 2006 Serial :66XX Boite: Beau boitier de 39MM peu polie en bel \u00e9tat.\",\"breadcrumb\":{\"@id\":\"https:\\\/\\\/www.parisheure.com\\\/acheter-montre\\\/audemars-piguet-royal-oak-dual-time-ref-26120-st-acier-archives-from-2006\\\/#breadcrumb\"},\"inLanguage\":\"en-US\",\"potentialAction\":[{\"@type\":\"ReadAction\",\"target\":[\"https:\\\/\\\/www.parisheure.com\\\/acheter-montre\\\/audemars-piguet-royal-oak-dual-time-ref-26120-st-acier-archives-from-2006\\\/\"]}]},{\"@type\":\"ImageObject\",\"inLanguage\":\"en-US\",\"@id\":\"https:\\\/\\\/www.parisheure.com\\\/acheter-montre\\\/audemars-piguet-royal-oak-dual-time-ref-26120-st-acier-archives-from-2006\\\/#primaryimage\",\"url\":\"https:\\\/\\\/www.parisheure.com\\\/wp-content\\\/uploads\\\/2023\\\/03\\\/AUDEMARS-PIGUET-ROYAL-OAK-DUAL-TIME-REF-26120-ST-ACIER-ARCHIVES-BOITE-N\u00b0F675xx-621XXX-0065_0020_Calque-4-scaled.jpg\",\"contentUrl\":\"https:\\\/\\\/www.parisheure.com\\\/wp-content\\\/uploads\\\/2023\\\/03\\\/AUDEMARS-PIGUET-ROYAL-OAK-DUAL-TIME-REF-26120-ST-ACIER-ARCHIVES-BOITE-N\u00b0F675xx-621XXX-0065_0020_Calque-4-scaled.jpg\",\"width\":2560,\"height\":2560},{\"@type\":\"BreadcrumbList\",\"@id\":\"https:\\\/\\\/www.parisheure.com\\\/acheter-montre\\\/audemars-piguet-royal-oak-dual-time-ref-26120-st-acier-archives-from-2006\\\/#breadcrumb\",\"itemListElement\":[{\"@type\":\"ListItem\",\"position\":1,\"name\":\"Accueil\",\"item\":\"https:\\\/\\\/www.parisheure.com\\\/\"},{\"@type\":\"ListItem\",\"position\":2,\"name\":\"WATCHES\",\"item\":\"https:\\\/\\\/www.parisheure.com\\\/\"},{\"@type\":\"ListItem\",\"position\":3,\"name\":\"AUDEMARS PIGUET ROYAL OAK DUAL TIME REF 26120 ST EN ACIER ARCHIVES from 2006 ( STOCK PARIS HEURE )\"}]},{\"@type\":\"WebSite\",\"@id\":\"https:\\\/\\\/www.parisheure.com\\\/#website\",\"url\":\"https:\\\/\\\/www.parisheure.com\\\/\",\"name\":\"PARIS HEURE\",\"description\":\"Vintage watches Paris\",\"publisher\":{\"@id\":\"https:\\\/\\\/www.parisheure.com\\\/#organization\"},\"potentialAction\":[{\"@type\":\"SearchAction\",\"target\":{\"@type\":\"EntryPoint\",\"urlTemplate\":\"https:\\\/\\\/www.parisheure.com\\\/?s={search_term_string}\"},\"query-input\":{\"@type\":\"PropertyValueSpecification\",\"valueRequired\":true,\"valueName\":\"search_term_string\"}}],\"inLanguage\":\"en-US\"},{\"@type\":\"Organization\",\"@id\":\"https:\\\/\\\/www.parisheure.com\\\/#organization\",\"name\":\"PARIS HEURE\",\"url\":\"https:\\\/\\\/www.parisheure.com\\\/\",\"logo\":{\"@type\":\"ImageObject\",\"inLanguage\":\"en-US\",\"@id\":\"https:\\\/\\\/www.parisheure.com\\\/#\\\/schema\\\/logo\\\/image\\\/\",\"url\":\"https:\\\/\\\/www.parisheure.com\\\/wp-content\\\/uploads\\\/2021\\\/07\\\/cropped-logo-paris-heure.png\",\"contentUrl\":\"https:\\\/\\\/www.parisheure.com\\\/wp-content\\\/uploads\\\/2021\\\/07\\\/cropped-logo-paris-heure.png\",\"width\":512,\"height\":512,\"caption\":\"PARIS HEURE\"},\"image\":{\"@id\":\"https:\\\/\\\/www.parisheure.com\\\/#\\\/schema\\\/logo\\\/image\\\/\"},\"sameAs\":[\"https:\\\/\\\/www.facebook.com\\\/ParisHeure\",\"https:\\\/\\\/www.instagram.com\\\/parisheure\\\/\"]}]}<\/script>\n<!-- \/ Yoast SEO plugin. -->","yoast_head_json":{"title":"AUDEMARS PIGUET ROYAL OAK DUAL TIME REF 26120 ST + ARCHIVES","description":"Marque: Audemars Piguet Mod\u00e8le: Royal oak Dual Time R\u00e9f\u00e9rence: 26120ST Ann\u00e9e: 2006 Serial :66XX Boite: Beau boitier de 39MM peu polie en bel \u00e9tat.","robots":{"index":"index","follow":"follow","max-snippet":"max-snippet:-1","max-image-preview":"max-image-preview:large","max-video-preview":"max-video-preview:-1"},"canonical":"https:\/\/www.parisheure.com\/en\/buy-watch\/audemars-piguet-royal-oak-dual-time-ref-26120-st-acier-archives-from-2006\/","og_locale":"en_US","og_type":"article","og_title":"AUDEMARS PIGUET ROYAL OAK DUAL TIME REF 26120 ST + ARCHIVES","og_description":"Marque: Audemars Piguet Mod\u00e8le: Royal oak Dual Time R\u00e9f\u00e9rence: 26120ST Ann\u00e9e: 2006 Serial :66XX Boite: Beau boitier de 39MM peu polie en bel \u00e9tat.","og_url":"https:\/\/www.parisheure.com\/en\/buy-watch\/audemars-piguet-royal-oak-dual-time-ref-26120-st-acier-archives-from-2006\/","og_site_name":"PARIS HEURE","article_publisher":"https:\/\/www.facebook.com\/ParisHeure","article_modified_time":"2024-10-22T14:42:17+00:00","og_image":[{"width":2560,"height":2560,"url":"https:\/\/www.parisheure.com\/wp-content\/uploads\/2023\/03\/AUDEMARS-PIGUET-ROYAL-OAK-DUAL-TIME-REF-26120-ST-ACIER-ARCHIVES-BOITE-N\u00b0F675xx-621XXX-0065_0020_Calque-4-scaled.jpg","type":"image\/jpeg"}],"twitter_card":"summary_large_image","schema":{"@context":"https:\/\/schema.org","@graph":[{"@type":"WebPage","@id":"https:\/\/www.parisheure.com\/acheter-montre\/audemars-piguet-royal-oak-dual-time-ref-26120-st-acier-archives-from-2006\/","url":"https:\/\/www.parisheure.com\/acheter-montre\/audemars-piguet-royal-oak-dual-time-ref-26120-st-acier-archives-from-2006\/","name":"AUDEMARS PIGUET ROYAL OAK DUAL TIME REF 26120 ST + ARCHIVES","isPartOf":{"@id":"https:\/\/www.parisheure.com\/#website"},"primaryImageOfPage":{"@id":"https:\/\/www.parisheure.com\/acheter-montre\/audemars-piguet-royal-oak-dual-time-ref-26120-st-acier-archives-from-2006\/#primaryimage"},"image":{"@id":"https:\/\/www.parisheure.com\/acheter-montre\/audemars-piguet-royal-oak-dual-time-ref-26120-st-acier-archives-from-2006\/#primaryimage"},"thumbnailUrl":"https:\/\/www.parisheure.com\/wp-content\/uploads\/2023\/03\/AUDEMARS-PIGUET-ROYAL-OAK-DUAL-TIME-REF-26120-ST-ACIER-ARCHIVES-BOITE-N\u00b0F675xx-621XXX-0065_0020_Calque-4-scaled.jpg","datePublished":"2023-03-20T15:08:33+00:00","dateModified":"2024-10-22T14:42:17+00:00","description":"Marque: Audemars Piguet Mod\u00e8le: Royal oak Dual Time R\u00e9f\u00e9rence: 26120ST Ann\u00e9e: 2006 Serial :66XX Boite: Beau boitier de 39MM peu polie en bel \u00e9tat.","breadcrumb":{"@id":"https:\/\/www.parisheure.com\/acheter-montre\/audemars-piguet-royal-oak-dual-time-ref-26120-st-acier-archives-from-2006\/#breadcrumb"},"inLanguage":"en-US","potentialAction":[{"@type":"ReadAction","target":["https:\/\/www.parisheure.com\/acheter-montre\/audemars-piguet-royal-oak-dual-time-ref-26120-st-acier-archives-from-2006\/"]}]},{"@type":"ImageObject","inLanguage":"en-US","@id":"https:\/\/www.parisheure.com\/acheter-montre\/audemars-piguet-royal-oak-dual-time-ref-26120-st-acier-archives-from-2006\/#primaryimage","url":"https:\/\/www.parisheure.com\/wp-content\/uploads\/2023\/03\/AUDEMARS-PIGUET-ROYAL-OAK-DUAL-TIME-REF-26120-ST-ACIER-ARCHIVES-BOITE-N\u00b0F675xx-621XXX-0065_0020_Calque-4-scaled.jpg","contentUrl":"https:\/\/www.parisheure.com\/wp-content\/uploads\/2023\/03\/AUDEMARS-PIGUET-ROYAL-OAK-DUAL-TIME-REF-26120-ST-ACIER-ARCHIVES-BOITE-N\u00b0F675xx-621XXX-0065_0020_Calque-4-scaled.jpg","width":2560,"height":2560},{"@type":"BreadcrumbList","@id":"https:\/\/www.parisheure.com\/acheter-montre\/audemars-piguet-royal-oak-dual-time-ref-26120-st-acier-archives-from-2006\/#breadcrumb","itemListElement":[{"@type":"ListItem","position":1,"name":"Accueil","item":"https:\/\/www.parisheure.com\/"},{"@type":"ListItem","position":2,"name":"WATCHES","item":"https:\/\/www.parisheure.com\/"},{"@type":"ListItem","position":3,"name":"AUDEMARS PIGUET ROYAL OAK DUAL TIME REF 26120 ST EN ACIER ARCHIVES from 2006 ( STOCK PARIS HEURE )"}]},{"@type":"WebSite","@id":"https:\/\/www.parisheure.com\/#website","url":"https:\/\/www.parisheure.com\/","name":"PARIS HEURE","description":"Vintage watches Paris","publisher":{"@id":"https:\/\/www.parisheure.com\/#organization"},"potentialAction":[{"@type":"SearchAction","target":{"@type":"EntryPoint","urlTemplate":"https:\/\/www.parisheure.com\/?s={search_term_string}"},"query-input":{"@type":"PropertyValueSpecification","valueRequired":true,"valueName":"search_term_string"}}],"inLanguage":"en-US"},{"@type":"Organization","@id":"https:\/\/www.parisheure.com\/#organization","name":"PARIS HEURE","url":"https:\/\/www.parisheure.com\/","logo":{"@type":"ImageObject","inLanguage":"en-US","@id":"https:\/\/www.parisheure.com\/#\/schema\/logo\/image\/","url":"https:\/\/www.parisheure.com\/wp-content\/uploads\/2021\/07\/cropped-logo-paris-heure.png","contentUrl":"https:\/\/www.parisheure.com\/wp-content\/uploads\/2021\/07\/cropped-logo-paris-heure.png","width":512,"height":512,"caption":"PARIS HEURE"},"image":{"@id":"https:\/\/www.parisheure.com\/#\/schema\/logo\/image\/"},"sameAs":["https:\/\/www.facebook.com\/ParisHeure","https:\/\/www.instagram.com\/parisheure\/"]}]}},"jetpack_sharing_enabled":true,"brands":[{"id":434,"name":"Audemars Piguet","slug":"audemars-piguet"}],"_links":{"self":[{"href":"https:\/\/www.parisheure.com\/en\/wp-json\/wp\/v2\/product\/12221","targetHints":{"allow":["GET"]}}],"collection":[{"href":"https:\/\/www.parisheure.com\/en\/wp-json\/wp\/v2\/product"}],"about":[{"href":"https:\/\/www.parisheure.com\/en\/wp-json\/wp\/v2\/types\/product"}],"version-history":[{"count":1,"href":"https:\/\/www.parisheure.com\/en\/wp-json\/wp\/v2\/product\/12221\/revisions"}],"predecessor-version":[{"id":14139,"href":"https:\/\/www.parisheure.com\/en\/wp-json\/wp\/v2\/product\/12221\/revisions\/14139"}],"wp:featuredmedia":[{"embeddable":true,"href":"https:\/\/www.parisheure.com\/en\/wp-json\/wp\/v2\/media\/12222"}],"wp:attachment":[{"href":"https:\/\/www.parisheure.com\/en\/wp-json\/wp\/v2\/media?parent=12221"}],"wp:term":[{"taxonomy":"pwb-brand","embeddable":true,"href":"https:\/\/www.parisheure.com\/en\/wp-json\/wp\/v2\/pwb-brand?post=12221"},{"taxonomy":"product_brand","embeddable":true,"href":"https:\/\/www.parisheure.com\/en\/wp-json\/wp\/v2\/product_brand?post=12221"},{"taxonomy":"product_cat","embeddable":true,"href":"https:\/\/www.parisheure.com\/en\/wp-json\/wp\/v2\/product_cat?post=12221"},{"taxonomy":"product_tag","embeddable":true,"href":"https:\/\/www.parisheure.com\/en\/wp-json\/wp\/v2\/product_tag?post=12221"}],"curies":[{"name":"wp","href":"https:\/\/api.w.org\/{rel}","templated":true}]}}