{"id":12262,"date":"2023-03-20T16:29:08","date_gmt":"2023-03-20T15:29:08","guid":{"rendered":"https:\/\/www.parisheure.com\/?post_type=product&#038;p=12262"},"modified":"2025-11-25T18:43:04","modified_gmt":"2025-11-25T17:43:04","slug":"rolex-submariner-rouge-ref-1680-mk4-rare-full-full-set-double-punched-paper-invoice-service-from-1970-stock-paris-heure","status":"publish","type":"product","link":"https:\/\/www.parisheure.com\/en\/buy-watch\/rolex-submariner-rouge-ref-1680-mk4-rare-full-full-set-double-punched-paper-invoice-service-from-1970-stock-paris-heure\/","title":{"rendered":"Rolex submariner rouge ref 1680 mk4 rare full full set double punched paper invoice + service from 1970"},"content":{"rendered":"<p><strong>Our opinion:<\/strong> A sublime example of the vintage Submariner date reference 1680, The Rolex Submariner with date and red writing. A must-have in a Rolex collection, produced until 1975, this watch is part of the first mark IV series of feet first, serial number 265XXXX just after the meter first. The watch is in perfect condition, its original mk4 dial has a superb vanilla-yellow patina with the red clearly visible on white, which is thicker to the eye. The hands are a little lighter than the indexes! A rare watch in this condition, as they were almost all diving watches at the time. A beautiful collector's item in near-new condition, with its original folded oyster bracelet and genuine period full set with double-punched papers, box on box, revisions, sticker, manual, booklet and revision by the same owner in Australia, a museum piece with its complete accessories. A must-have for any fine collection, as so few full sets have survived to the present day.<\/p>","protected":false},"excerpt":{"rendered":"<h4><b>Ultra Rare Rolex Submariner rouge ref 1680 mk4 en full full set\u00a0<\/b><\/h4>\n<p><strong>Movement\u00a0: <\/strong>Auto cal 1570<\/p>\n<p><strong>Reference:<\/strong>\u00a01680<\/p>\n<p><strong>Diameter\u00a0: <\/strong>40mm<\/p>\n<p><strong>Year:<\/strong>\u00a01970<\/p>\n<p><strong>Serial : <\/strong>265XXX<\/p>\n<p><strong>Case:<\/strong>\u00a0Beautiful case, still thick, with PERFECT angles and visible chamfers. The watch has been professionally repolished. Bezel in good condition. Original blue MK3 insert with superb patina. No significant visible shocks. The watch has been polished and has a superb case as original.<\/p>\n<p><strong>Dial:<\/strong>\u00a0Beautiful original MK4 red submariner dial with an even vanilla-yellow patina. Very nice overall. Dial still in good condition with no defects. Series MK4 feet first production submariner in red with feet in front of meters. Hands slightly lighter but original tritium hands not relumined.<\/p>\n<p><strong>Bracelet :<\/strong> Rolex original folded steel ref 9315 endlink 580 engraved 1.70 in very good condition<\/p>\n<p><strong>Accessories: <\/strong>Box, over box double punched papers with serial number and reference punched as well as a Rolex Australia revision in the same name of the 1st owner and UKLTRA RARE original invoice in the same name as the 1st owner of the watch more than complete set almost impossible to find nowadays.<\/p>","protected":false},"featured_media":14899,"template":"","meta":[],"pwb-brand":[432],"product_brand":[],"product_cat":[368,138,90,244],"product_tag":[136,194,301,106,266,298,127,135,101],"class_list":{"0":"post-12262","1":"product","2":"type-product","3":"status-publish","4":"has-post-thumbnail","6":"pwb-brand-rolex","7":"product_cat-montres-ph-watches","8":"product_cat-nouveautes","9":"product_cat-rolex","10":"product_cat-rolex-submariner","11":"product_tag-136","12":"product_tag-194","13":"product_tag-date","14":"product_tag-full-set","15":"product_tag-mk4","16":"product_tag-rare","17":"product_tag-rolex","18":"product_tag-submariner","19":"product_tag-vintage","21":"first","22":"instock","23":"shipping-taxable","24":"purchasable","25":"product-type-simple"},"yoast_head":"<!-- This site is optimized with the Yoast SEO plugin v27.4 - https:\/\/yoast.com\/product\/yoast-seo-wordpress\/ -->\n<title>olex submariner rouge ref 1680 mk4 rare full full set &#8226; PARIS HEURE<\/title>\n<meta name=\"description\" content=\"Rolex Submariner date 1680 red full set Mouvement : Auto cal 1570 R\u00e9f\u00e9rence: 1680 Diam\u00e8tre : 40mm Ann\u00e9e: 1970 Boite: Beau boitier encore \u00e9pais\" \/>\n<meta name=\"robots\" content=\"index, follow, max-snippet:-1, max-image-preview:large, max-video-preview:-1\" \/>\n<link rel=\"canonical\" href=\"https:\/\/www.parisheure.com\/en\/buy-watch\/rolex-submariner-rouge-ref-1680-mk4-rare-full-full-set-double-punched-paper-invoice-service-from-1970-stock-paris-heure\/\" \/>\n<meta property=\"og:locale\" content=\"en_US\" \/>\n<meta property=\"og:type\" content=\"article\" \/>\n<meta property=\"og:title\" content=\"olex submariner rouge ref 1680 mk4 rare full full set &#8226; PARIS HEURE\" \/>\n<meta property=\"og:description\" content=\"Rolex Submariner date 1680 red full set Mouvement : Auto cal 1570 R\u00e9f\u00e9rence: 1680 Diam\u00e8tre : 40mm Ann\u00e9e: 1970 Boite: Beau boitier encore \u00e9pais\" \/>\n<meta property=\"og:url\" content=\"https:\/\/www.parisheure.com\/en\/buy-watch\/rolex-submariner-rouge-ref-1680-mk4-rare-full-full-set-double-punched-paper-invoice-service-from-1970-stock-paris-heure\/\" \/>\n<meta property=\"og:site_name\" content=\"PARIS HEURE\" \/>\n<meta property=\"article:publisher\" content=\"https:\/\/www.facebook.com\/ParisHeure\" \/>\n<meta property=\"article:modified_time\" content=\"2025-11-25T17:43:04+00:00\" \/>\n<meta property=\"og:image\" content=\"https:\/\/www.parisheure.com\/wp-content\/uploads\/2023\/03\/ROLEX-SUBMARINER-REF-1680-RED-MK4-FULL-FULL-SET-FROM-1970-N\u00b02652XXX-MVT-D808XXX-_0025_Calque-3-1-scaled.jpg\" \/>\n\t<meta property=\"og:image:width\" content=\"2560\" \/>\n\t<meta property=\"og:image:height\" content=\"2560\" \/>\n\t<meta property=\"og:image:type\" content=\"image\/jpeg\" \/>\n<meta name=\"twitter:card\" content=\"summary_large_image\" \/>\n<script type=\"application\/ld+json\" class=\"yoast-schema-graph\">{\"@context\":\"https:\\\/\\\/schema.org\",\"@graph\":[{\"@type\":\"WebPage\",\"@id\":\"https:\\\/\\\/www.parisheure.com\\\/acheter-montre\\\/rolex-submariner-rouge-ref-1680-mk4-rare-full-full-set-double-punched-paper-invoice-service-from-1970-stock-paris-heure\\\/\",\"url\":\"https:\\\/\\\/www.parisheure.com\\\/acheter-montre\\\/rolex-submariner-rouge-ref-1680-mk4-rare-full-full-set-double-punched-paper-invoice-service-from-1970-stock-paris-heure\\\/\",\"name\":\"olex submariner rouge ref 1680 mk4 rare full full set &#8226; PARIS HEURE\",\"isPartOf\":{\"@id\":\"https:\\\/\\\/www.parisheure.com\\\/#website\"},\"primaryImageOfPage\":{\"@id\":\"https:\\\/\\\/www.parisheure.com\\\/acheter-montre\\\/rolex-submariner-rouge-ref-1680-mk4-rare-full-full-set-double-punched-paper-invoice-service-from-1970-stock-paris-heure\\\/#primaryimage\"},\"image\":{\"@id\":\"https:\\\/\\\/www.parisheure.com\\\/acheter-montre\\\/rolex-submariner-rouge-ref-1680-mk4-rare-full-full-set-double-punched-paper-invoice-service-from-1970-stock-paris-heure\\\/#primaryimage\"},\"thumbnailUrl\":\"https:\\\/\\\/www.parisheure.com\\\/wp-content\\\/uploads\\\/2023\\\/03\\\/ROLEX-SUBMARINER-REF-1680-RED-MK4-FULL-FULL-SET-FROM-1970-N\u00b02652XXX-MVT-D808XXX-_0025_Calque-3-1-scaled.jpg\",\"datePublished\":\"2023-03-20T15:29:08+00:00\",\"dateModified\":\"2025-11-25T17:43:04+00:00\",\"description\":\"Rolex Submariner date 1680 red full set Mouvement : Auto cal 1570 R\u00e9f\u00e9rence: 1680 Diam\u00e8tre : 40mm Ann\u00e9e: 1970 Boite: Beau boitier encore \u00e9pais\",\"breadcrumb\":{\"@id\":\"https:\\\/\\\/www.parisheure.com\\\/acheter-montre\\\/rolex-submariner-rouge-ref-1680-mk4-rare-full-full-set-double-punched-paper-invoice-service-from-1970-stock-paris-heure\\\/#breadcrumb\"},\"inLanguage\":\"en-US\",\"potentialAction\":[{\"@type\":\"ReadAction\",\"target\":[\"https:\\\/\\\/www.parisheure.com\\\/acheter-montre\\\/rolex-submariner-rouge-ref-1680-mk4-rare-full-full-set-double-punched-paper-invoice-service-from-1970-stock-paris-heure\\\/\"]}]},{\"@type\":\"ImageObject\",\"inLanguage\":\"en-US\",\"@id\":\"https:\\\/\\\/www.parisheure.com\\\/acheter-montre\\\/rolex-submariner-rouge-ref-1680-mk4-rare-full-full-set-double-punched-paper-invoice-service-from-1970-stock-paris-heure\\\/#primaryimage\",\"url\":\"https:\\\/\\\/www.parisheure.com\\\/wp-content\\\/uploads\\\/2023\\\/03\\\/ROLEX-SUBMARINER-REF-1680-RED-MK4-FULL-FULL-SET-FROM-1970-N\u00b02652XXX-MVT-D808XXX-_0025_Calque-3-1-scaled.jpg\",\"contentUrl\":\"https:\\\/\\\/www.parisheure.com\\\/wp-content\\\/uploads\\\/2023\\\/03\\\/ROLEX-SUBMARINER-REF-1680-RED-MK4-FULL-FULL-SET-FROM-1970-N\u00b02652XXX-MVT-D808XXX-_0025_Calque-3-1-scaled.jpg\",\"width\":2560,\"height\":2560},{\"@type\":\"BreadcrumbList\",\"@id\":\"https:\\\/\\\/www.parisheure.com\\\/acheter-montre\\\/rolex-submariner-rouge-ref-1680-mk4-rare-full-full-set-double-punched-paper-invoice-service-from-1970-stock-paris-heure\\\/#breadcrumb\",\"itemListElement\":[{\"@type\":\"ListItem\",\"position\":1,\"name\":\"Accueil\",\"item\":\"https:\\\/\\\/www.parisheure.com\\\/\"},{\"@type\":\"ListItem\",\"position\":2,\"name\":\"WATCHES\",\"item\":\"https:\\\/\\\/www.parisheure.com\\\/\"},{\"@type\":\"ListItem\",\"position\":3,\"name\":\"Rolex submariner rouge ref 1680 mk4 rare full full set double punched paper invoice + service from 1970\"}]},{\"@type\":\"WebSite\",\"@id\":\"https:\\\/\\\/www.parisheure.com\\\/#website\",\"url\":\"https:\\\/\\\/www.parisheure.com\\\/\",\"name\":\"PARIS HEURE\",\"description\":\"Vintage watches Paris\",\"publisher\":{\"@id\":\"https:\\\/\\\/www.parisheure.com\\\/#organization\"},\"potentialAction\":[{\"@type\":\"SearchAction\",\"target\":{\"@type\":\"EntryPoint\",\"urlTemplate\":\"https:\\\/\\\/www.parisheure.com\\\/?s={search_term_string}\"},\"query-input\":{\"@type\":\"PropertyValueSpecification\",\"valueRequired\":true,\"valueName\":\"search_term_string\"}}],\"inLanguage\":\"en-US\"},{\"@type\":\"Organization\",\"@id\":\"https:\\\/\\\/www.parisheure.com\\\/#organization\",\"name\":\"PARIS HEURE\",\"url\":\"https:\\\/\\\/www.parisheure.com\\\/\",\"logo\":{\"@type\":\"ImageObject\",\"inLanguage\":\"en-US\",\"@id\":\"https:\\\/\\\/www.parisheure.com\\\/#\\\/schema\\\/logo\\\/image\\\/\",\"url\":\"https:\\\/\\\/www.parisheure.com\\\/wp-content\\\/uploads\\\/2021\\\/07\\\/cropped-logo-paris-heure.png\",\"contentUrl\":\"https:\\\/\\\/www.parisheure.com\\\/wp-content\\\/uploads\\\/2021\\\/07\\\/cropped-logo-paris-heure.png\",\"width\":512,\"height\":512,\"caption\":\"PARIS HEURE\"},\"image\":{\"@id\":\"https:\\\/\\\/www.parisheure.com\\\/#\\\/schema\\\/logo\\\/image\\\/\"},\"sameAs\":[\"https:\\\/\\\/www.facebook.com\\\/ParisHeure\",\"https:\\\/\\\/www.instagram.com\\\/parisheure\\\/\"]}]}<\/script>\n<!-- \/ Yoast SEO plugin. -->","yoast_head_json":{"title":"olex submariner rouge ref 1680 mk4 rare full full set &#8226; PARIS HEURE","description":"Rolex Submariner date 1680 red full set Mouvement : Auto cal 1570 R\u00e9f\u00e9rence: 1680 Diam\u00e8tre : 40mm Ann\u00e9e: 1970 Boite: Beau boitier encore \u00e9pais","robots":{"index":"index","follow":"follow","max-snippet":"max-snippet:-1","max-image-preview":"max-image-preview:large","max-video-preview":"max-video-preview:-1"},"canonical":"https:\/\/www.parisheure.com\/en\/buy-watch\/rolex-submariner-rouge-ref-1680-mk4-rare-full-full-set-double-punched-paper-invoice-service-from-1970-stock-paris-heure\/","og_locale":"en_US","og_type":"article","og_title":"olex submariner rouge ref 1680 mk4 rare full full set &#8226; PARIS HEURE","og_description":"Rolex Submariner date 1680 red full set Mouvement : Auto cal 1570 R\u00e9f\u00e9rence: 1680 Diam\u00e8tre : 40mm Ann\u00e9e: 1970 Boite: Beau boitier encore \u00e9pais","og_url":"https:\/\/www.parisheure.com\/en\/buy-watch\/rolex-submariner-rouge-ref-1680-mk4-rare-full-full-set-double-punched-paper-invoice-service-from-1970-stock-paris-heure\/","og_site_name":"PARIS HEURE","article_publisher":"https:\/\/www.facebook.com\/ParisHeure","article_modified_time":"2025-11-25T17:43:04+00:00","og_image":[{"width":2560,"height":2560,"url":"https:\/\/www.parisheure.com\/wp-content\/uploads\/2023\/03\/ROLEX-SUBMARINER-REF-1680-RED-MK4-FULL-FULL-SET-FROM-1970-N\u00b02652XXX-MVT-D808XXX-_0025_Calque-3-1-scaled.jpg","type":"image\/jpeg"}],"twitter_card":"summary_large_image","schema":{"@context":"https:\/\/schema.org","@graph":[{"@type":"WebPage","@id":"https:\/\/www.parisheure.com\/acheter-montre\/rolex-submariner-rouge-ref-1680-mk4-rare-full-full-set-double-punched-paper-invoice-service-from-1970-stock-paris-heure\/","url":"https:\/\/www.parisheure.com\/acheter-montre\/rolex-submariner-rouge-ref-1680-mk4-rare-full-full-set-double-punched-paper-invoice-service-from-1970-stock-paris-heure\/","name":"olex submariner rouge ref 1680 mk4 rare full full set &#8226; PARIS HEURE","isPartOf":{"@id":"https:\/\/www.parisheure.com\/#website"},"primaryImageOfPage":{"@id":"https:\/\/www.parisheure.com\/acheter-montre\/rolex-submariner-rouge-ref-1680-mk4-rare-full-full-set-double-punched-paper-invoice-service-from-1970-stock-paris-heure\/#primaryimage"},"image":{"@id":"https:\/\/www.parisheure.com\/acheter-montre\/rolex-submariner-rouge-ref-1680-mk4-rare-full-full-set-double-punched-paper-invoice-service-from-1970-stock-paris-heure\/#primaryimage"},"thumbnailUrl":"https:\/\/www.parisheure.com\/wp-content\/uploads\/2023\/03\/ROLEX-SUBMARINER-REF-1680-RED-MK4-FULL-FULL-SET-FROM-1970-N\u00b02652XXX-MVT-D808XXX-_0025_Calque-3-1-scaled.jpg","datePublished":"2023-03-20T15:29:08+00:00","dateModified":"2025-11-25T17:43:04+00:00","description":"Rolex Submariner date 1680 red full set Mouvement : Auto cal 1570 R\u00e9f\u00e9rence: 1680 Diam\u00e8tre : 40mm Ann\u00e9e: 1970 Boite: Beau boitier encore \u00e9pais","breadcrumb":{"@id":"https:\/\/www.parisheure.com\/acheter-montre\/rolex-submariner-rouge-ref-1680-mk4-rare-full-full-set-double-punched-paper-invoice-service-from-1970-stock-paris-heure\/#breadcrumb"},"inLanguage":"en-US","potentialAction":[{"@type":"ReadAction","target":["https:\/\/www.parisheure.com\/acheter-montre\/rolex-submariner-rouge-ref-1680-mk4-rare-full-full-set-double-punched-paper-invoice-service-from-1970-stock-paris-heure\/"]}]},{"@type":"ImageObject","inLanguage":"en-US","@id":"https:\/\/www.parisheure.com\/acheter-montre\/rolex-submariner-rouge-ref-1680-mk4-rare-full-full-set-double-punched-paper-invoice-service-from-1970-stock-paris-heure\/#primaryimage","url":"https:\/\/www.parisheure.com\/wp-content\/uploads\/2023\/03\/ROLEX-SUBMARINER-REF-1680-RED-MK4-FULL-FULL-SET-FROM-1970-N\u00b02652XXX-MVT-D808XXX-_0025_Calque-3-1-scaled.jpg","contentUrl":"https:\/\/www.parisheure.com\/wp-content\/uploads\/2023\/03\/ROLEX-SUBMARINER-REF-1680-RED-MK4-FULL-FULL-SET-FROM-1970-N\u00b02652XXX-MVT-D808XXX-_0025_Calque-3-1-scaled.jpg","width":2560,"height":2560},{"@type":"BreadcrumbList","@id":"https:\/\/www.parisheure.com\/acheter-montre\/rolex-submariner-rouge-ref-1680-mk4-rare-full-full-set-double-punched-paper-invoice-service-from-1970-stock-paris-heure\/#breadcrumb","itemListElement":[{"@type":"ListItem","position":1,"name":"Accueil","item":"https:\/\/www.parisheure.com\/"},{"@type":"ListItem","position":2,"name":"WATCHES","item":"https:\/\/www.parisheure.com\/"},{"@type":"ListItem","position":3,"name":"Rolex submariner rouge ref 1680 mk4 rare full full set double punched paper invoice + service from 1970"}]},{"@type":"WebSite","@id":"https:\/\/www.parisheure.com\/#website","url":"https:\/\/www.parisheure.com\/","name":"PARIS HEURE","description":"Vintage watches Paris","publisher":{"@id":"https:\/\/www.parisheure.com\/#organization"},"potentialAction":[{"@type":"SearchAction","target":{"@type":"EntryPoint","urlTemplate":"https:\/\/www.parisheure.com\/?s={search_term_string}"},"query-input":{"@type":"PropertyValueSpecification","valueRequired":true,"valueName":"search_term_string"}}],"inLanguage":"en-US"},{"@type":"Organization","@id":"https:\/\/www.parisheure.com\/#organization","name":"PARIS HEURE","url":"https:\/\/www.parisheure.com\/","logo":{"@type":"ImageObject","inLanguage":"en-US","@id":"https:\/\/www.parisheure.com\/#\/schema\/logo\/image\/","url":"https:\/\/www.parisheure.com\/wp-content\/uploads\/2021\/07\/cropped-logo-paris-heure.png","contentUrl":"https:\/\/www.parisheure.com\/wp-content\/uploads\/2021\/07\/cropped-logo-paris-heure.png","width":512,"height":512,"caption":"PARIS HEURE"},"image":{"@id":"https:\/\/www.parisheure.com\/#\/schema\/logo\/image\/"},"sameAs":["https:\/\/www.facebook.com\/ParisHeure","https:\/\/www.instagram.com\/parisheure\/"]}]}},"jetpack_sharing_enabled":true,"brands":[{"id":432,"name":"Rolex","slug":"rolex"}],"_links":{"self":[{"href":"https:\/\/www.parisheure.com\/en\/wp-json\/wp\/v2\/product\/12262","targetHints":{"allow":["GET"]}}],"collection":[{"href":"https:\/\/www.parisheure.com\/en\/wp-json\/wp\/v2\/product"}],"about":[{"href":"https:\/\/www.parisheure.com\/en\/wp-json\/wp\/v2\/types\/product"}],"version-history":[{"count":5,"href":"https:\/\/www.parisheure.com\/en\/wp-json\/wp\/v2\/product\/12262\/revisions"}],"predecessor-version":[{"id":15263,"href":"https:\/\/www.parisheure.com\/en\/wp-json\/wp\/v2\/product\/12262\/revisions\/15263"}],"wp:featuredmedia":[{"embeddable":true,"href":"https:\/\/www.parisheure.com\/en\/wp-json\/wp\/v2\/media\/14899"}],"wp:attachment":[{"href":"https:\/\/www.parisheure.com\/en\/wp-json\/wp\/v2\/media?parent=12262"}],"wp:term":[{"taxonomy":"pwb-brand","embeddable":true,"href":"https:\/\/www.parisheure.com\/en\/wp-json\/wp\/v2\/pwb-brand?post=12262"},{"taxonomy":"product_brand","embeddable":true,"href":"https:\/\/www.parisheure.com\/en\/wp-json\/wp\/v2\/product_brand?post=12262"},{"taxonomy":"product_cat","embeddable":true,"href":"https:\/\/www.parisheure.com\/en\/wp-json\/wp\/v2\/product_cat?post=12262"},{"taxonomy":"product_tag","embeddable":true,"href":"https:\/\/www.parisheure.com\/en\/wp-json\/wp\/v2\/product_tag?post=12262"}],"curies":[{"name":"wp","href":"https:\/\/api.w.org\/{rel}","templated":true}]}}