{"id":12314,"date":"2023-03-21T10:02:10","date_gmt":"2023-03-21T09:02:10","guid":{"rendered":"https:\/\/www.parisheure.com\/?post_type=product&#038;p=12314"},"modified":"2024-10-22T16:37:26","modified_gmt":"2024-10-22T14:37:26","slug":"rolex-datejust-ref-1601-silver-linen-no-lume-dial-acier-t-swiss-t-jubile-from-1972","status":"publish","type":"product","link":"https:\/\/www.parisheure.com\/en\/buy-watch\/rolex-datejust-ref-1601-silver-linen-no-lume-dial-acier-t-swiss-t-jubile-from-1972\/","title":{"rendered":"ROLEX DATEJUST REF 1601 SILVER LINEN NO LUME DIAL ACIER T SWISS T JUBILE from 1972 ( STOCK PARIS HEURE )"},"content":{"rendered":"<p><strong>Our opinion:<\/strong> Une Rolex simple, intemporelle, lunette cannel\u00e9e d\u2019origine r\u00e9f\u00e9rence 1603, classique, increvable, ind\u00e9modable, pouvant aussi bien convenir \u00e0 un homme ou une femme et qui donne la date. Belle datejust vintage des ann\u00e9es 70, mouvement automatique, verre plexi, couronne et fond de boite vis\u00e9s. Cadran silver linen no lume er aiguilles no lume, rare ref 1601 mont\u00e9e sur une lunette en or blanc. Une belle montre vintage moins cher que les modernes en verre saphir !! Livr\u00e9e avec son bracelet jubil\u00e9 pli\u00e9 d\u2019origine.<\/p>","protected":false},"excerpt":{"rendered":"<p><strong>Brand:<\/strong>\u00a0Rolex<\/p>\n<p><strong>Model:<\/strong>\u00a0Day date<\/p>\n<p><strong>Movement\u00a0: <\/strong>Automatic cal 1570<\/p>\n<p><strong>Reference:<\/strong>\u00a01601<\/p>\n<p><strong>Diameter\u00a0: <\/strong>36mm<\/p>\n<p><strong>Year:<\/strong>\u00a01972<\/p>\n<p><strong>Serial : <\/strong>320XXXX<\/p>\n<p><strong>Case:<\/strong>\u00a0Beautiful case, not overly polished, original fluted white gold bezel ref 1601. The corners are not too rounded, no visible shocks. A few micro-scratches from use. The case remains thick and in good general condition. White gold bezel in perfect condition.<\/p>\n<p><strong>Dial:<\/strong>\u00a0Beau cadran silver no lume rare t swiss t en bon \u00e9tat. Rare cadran bleu avec superbe patine. Les aiguilles d\u2019origines remplis de noir no lume aussi matchant parfaitement le cadran\u2026<\/p>\n<p><strong>Bracelet:<\/strong>\u00a0Acier pli\u00e9\u00a0 jubil\u00e9 d\u2019origine ref 62510 H et rare endlink 55.<\/p>\n<p><strong>Accessories: <\/strong>None<\/p>","protected":false},"featured_media":12334,"template":"","meta":[],"pwb-brand":[432],"product_brand":[],"product_cat":[107,367,90,249],"product_tag":[208,131,378,127,377],"class_list":{"0":"post-12314","1":"product","2":"type-product","3":"status-publish","4":"has-post-thumbnail","6":"pwb-brand-rolex","7":"product_cat-archives","8":"product_cat-montres-paris-heure","9":"product_cat-rolex","10":"product_cat-rolex-datejust","11":"product_tag-208","12":"product_tag-datejust","13":"product_tag-no-lume-1972","14":"product_tag-rolex","15":"product_tag-silver-linen","17":"first","18":"outofstock","19":"shipping-taxable","20":"product-type-simple"},"yoast_head":"<!-- This site is optimized with the Yoast SEO plugin v27.4 - https:\/\/yoast.com\/product\/yoast-seo-wordpress\/ -->\n<title>ROLEX DATEJUST REF 1601 SILVER LINEN NO LUME DIAL ACIER<\/title>\n<meta name=\"description\" content=\"Marque: Rolex Mod\u00e8le: Datejust Mouvement : Automatique cal 1570 R\u00e9f\u00e9rence: 1601 Diam\u00e8tre : 36mm Ann\u00e9e: 1972 Serial : 320XXXX Boite: Tr\u00e8s beau boitier peu polie.\" \/>\n<meta name=\"robots\" content=\"index, follow, max-snippet:-1, max-image-preview:large, max-video-preview:-1\" \/>\n<link rel=\"canonical\" href=\"https:\/\/www.parisheure.com\/en\/buy-watch\/rolex-datejust-ref-1601-silver-linen-no-lume-dial-acier-t-swiss-t-jubile-from-1972\/\" \/>\n<meta property=\"og:locale\" content=\"en_US\" \/>\n<meta property=\"og:type\" content=\"article\" \/>\n<meta property=\"og:title\" content=\"ROLEX DATEJUST REF 1601 SILVER LINEN NO LUME DIAL ACIER\" \/>\n<meta property=\"og:description\" content=\"Marque: Rolex Mod\u00e8le: Datejust Mouvement : Automatique cal 1570 R\u00e9f\u00e9rence: 1601 Diam\u00e8tre : 36mm Ann\u00e9e: 1972 Serial : 320XXXX Boite: Tr\u00e8s beau boitier peu polie.\" \/>\n<meta property=\"og:url\" content=\"https:\/\/www.parisheure.com\/en\/buy-watch\/rolex-datejust-ref-1601-silver-linen-no-lume-dial-acier-t-swiss-t-jubile-from-1972\/\" \/>\n<meta property=\"og:site_name\" content=\"PARIS HEURE\" \/>\n<meta property=\"article:publisher\" content=\"https:\/\/www.facebook.com\/ParisHeure\" \/>\n<meta property=\"article:modified_time\" content=\"2024-10-22T14:37:26+00:00\" \/>\n<meta property=\"og:image\" content=\"https:\/\/www.parisheure.com\/wp-content\/uploads\/2023\/03\/ROLEX-DATEJUST-REF-1601-LINEN-NO-LUME-DIAL-FROM-1972-N\u00b0320XXXX-MVT-D259XXX-_0019_Calque-8-scaled.jpg\" \/>\n\t<meta property=\"og:image:width\" content=\"2560\" \/>\n\t<meta property=\"og:image:height\" content=\"2560\" \/>\n\t<meta property=\"og:image:type\" content=\"image\/jpeg\" \/>\n<meta name=\"twitter:card\" content=\"summary_large_image\" \/>\n<script type=\"application\/ld+json\" class=\"yoast-schema-graph\">{\"@context\":\"https:\\\/\\\/schema.org\",\"@graph\":[{\"@type\":\"WebPage\",\"@id\":\"https:\\\/\\\/www.parisheure.com\\\/acheter-montre\\\/rolex-datejust-ref-1601-silver-linen-no-lume-dial-acier-t-swiss-t-jubile-from-1972\\\/\",\"url\":\"https:\\\/\\\/www.parisheure.com\\\/acheter-montre\\\/rolex-datejust-ref-1601-silver-linen-no-lume-dial-acier-t-swiss-t-jubile-from-1972\\\/\",\"name\":\"ROLEX DATEJUST REF 1601 SILVER LINEN NO LUME DIAL ACIER\",\"isPartOf\":{\"@id\":\"https:\\\/\\\/www.parisheure.com\\\/#website\"},\"primaryImageOfPage\":{\"@id\":\"https:\\\/\\\/www.parisheure.com\\\/acheter-montre\\\/rolex-datejust-ref-1601-silver-linen-no-lume-dial-acier-t-swiss-t-jubile-from-1972\\\/#primaryimage\"},\"image\":{\"@id\":\"https:\\\/\\\/www.parisheure.com\\\/acheter-montre\\\/rolex-datejust-ref-1601-silver-linen-no-lume-dial-acier-t-swiss-t-jubile-from-1972\\\/#primaryimage\"},\"thumbnailUrl\":\"https:\\\/\\\/www.parisheure.com\\\/wp-content\\\/uploads\\\/2023\\\/03\\\/ROLEX-DATEJUST-REF-1601-LINEN-NO-LUME-DIAL-FROM-1972-N\u00b0320XXXX-MVT-D259XXX-_0019_Calque-8-scaled.jpg\",\"datePublished\":\"2023-03-21T09:02:10+00:00\",\"dateModified\":\"2024-10-22T14:37:26+00:00\",\"description\":\"Marque: Rolex Mod\u00e8le: Datejust Mouvement : Automatique cal 1570 R\u00e9f\u00e9rence: 1601 Diam\u00e8tre : 36mm Ann\u00e9e: 1972 Serial : 320XXXX Boite: Tr\u00e8s beau boitier peu polie.\",\"breadcrumb\":{\"@id\":\"https:\\\/\\\/www.parisheure.com\\\/acheter-montre\\\/rolex-datejust-ref-1601-silver-linen-no-lume-dial-acier-t-swiss-t-jubile-from-1972\\\/#breadcrumb\"},\"inLanguage\":\"en-US\",\"potentialAction\":[{\"@type\":\"ReadAction\",\"target\":[\"https:\\\/\\\/www.parisheure.com\\\/acheter-montre\\\/rolex-datejust-ref-1601-silver-linen-no-lume-dial-acier-t-swiss-t-jubile-from-1972\\\/\"]}]},{\"@type\":\"ImageObject\",\"inLanguage\":\"en-US\",\"@id\":\"https:\\\/\\\/www.parisheure.com\\\/acheter-montre\\\/rolex-datejust-ref-1601-silver-linen-no-lume-dial-acier-t-swiss-t-jubile-from-1972\\\/#primaryimage\",\"url\":\"https:\\\/\\\/www.parisheure.com\\\/wp-content\\\/uploads\\\/2023\\\/03\\\/ROLEX-DATEJUST-REF-1601-LINEN-NO-LUME-DIAL-FROM-1972-N\u00b0320XXXX-MVT-D259XXX-_0019_Calque-8-scaled.jpg\",\"contentUrl\":\"https:\\\/\\\/www.parisheure.com\\\/wp-content\\\/uploads\\\/2023\\\/03\\\/ROLEX-DATEJUST-REF-1601-LINEN-NO-LUME-DIAL-FROM-1972-N\u00b0320XXXX-MVT-D259XXX-_0019_Calque-8-scaled.jpg\",\"width\":2560,\"height\":2560},{\"@type\":\"BreadcrumbList\",\"@id\":\"https:\\\/\\\/www.parisheure.com\\\/acheter-montre\\\/rolex-datejust-ref-1601-silver-linen-no-lume-dial-acier-t-swiss-t-jubile-from-1972\\\/#breadcrumb\",\"itemListElement\":[{\"@type\":\"ListItem\",\"position\":1,\"name\":\"Accueil\",\"item\":\"https:\\\/\\\/www.parisheure.com\\\/\"},{\"@type\":\"ListItem\",\"position\":2,\"name\":\"WATCHES\",\"item\":\"https:\\\/\\\/www.parisheure.com\\\/\"},{\"@type\":\"ListItem\",\"position\":3,\"name\":\"ROLEX DATEJUST REF 1601 SILVER LINEN NO LUME DIAL ACIER T SWISS T JUBILE from 1972 ( STOCK PARIS HEURE )\"}]},{\"@type\":\"WebSite\",\"@id\":\"https:\\\/\\\/www.parisheure.com\\\/#website\",\"url\":\"https:\\\/\\\/www.parisheure.com\\\/\",\"name\":\"PARIS HEURE\",\"description\":\"Vintage watches Paris\",\"publisher\":{\"@id\":\"https:\\\/\\\/www.parisheure.com\\\/#organization\"},\"potentialAction\":[{\"@type\":\"SearchAction\",\"target\":{\"@type\":\"EntryPoint\",\"urlTemplate\":\"https:\\\/\\\/www.parisheure.com\\\/?s={search_term_string}\"},\"query-input\":{\"@type\":\"PropertyValueSpecification\",\"valueRequired\":true,\"valueName\":\"search_term_string\"}}],\"inLanguage\":\"en-US\"},{\"@type\":\"Organization\",\"@id\":\"https:\\\/\\\/www.parisheure.com\\\/#organization\",\"name\":\"PARIS HEURE\",\"url\":\"https:\\\/\\\/www.parisheure.com\\\/\",\"logo\":{\"@type\":\"ImageObject\",\"inLanguage\":\"en-US\",\"@id\":\"https:\\\/\\\/www.parisheure.com\\\/#\\\/schema\\\/logo\\\/image\\\/\",\"url\":\"https:\\\/\\\/www.parisheure.com\\\/wp-content\\\/uploads\\\/2021\\\/07\\\/cropped-logo-paris-heure.png\",\"contentUrl\":\"https:\\\/\\\/www.parisheure.com\\\/wp-content\\\/uploads\\\/2021\\\/07\\\/cropped-logo-paris-heure.png\",\"width\":512,\"height\":512,\"caption\":\"PARIS HEURE\"},\"image\":{\"@id\":\"https:\\\/\\\/www.parisheure.com\\\/#\\\/schema\\\/logo\\\/image\\\/\"},\"sameAs\":[\"https:\\\/\\\/www.facebook.com\\\/ParisHeure\",\"https:\\\/\\\/www.instagram.com\\\/parisheure\\\/\"]}]}<\/script>\n<!-- \/ Yoast SEO plugin. -->","yoast_head_json":{"title":"ROLEX DATEJUST REF 1601 SILVER LINEN NO LUME DIAL ACIER","description":"Marque: Rolex Mod\u00e8le: Datejust Mouvement : Automatique cal 1570 R\u00e9f\u00e9rence: 1601 Diam\u00e8tre : 36mm Ann\u00e9e: 1972 Serial : 320XXXX Boite: Tr\u00e8s beau boitier peu polie.","robots":{"index":"index","follow":"follow","max-snippet":"max-snippet:-1","max-image-preview":"max-image-preview:large","max-video-preview":"max-video-preview:-1"},"canonical":"https:\/\/www.parisheure.com\/en\/buy-watch\/rolex-datejust-ref-1601-silver-linen-no-lume-dial-acier-t-swiss-t-jubile-from-1972\/","og_locale":"en_US","og_type":"article","og_title":"ROLEX DATEJUST REF 1601 SILVER LINEN NO LUME DIAL ACIER","og_description":"Marque: Rolex Mod\u00e8le: Datejust Mouvement : Automatique cal 1570 R\u00e9f\u00e9rence: 1601 Diam\u00e8tre : 36mm Ann\u00e9e: 1972 Serial : 320XXXX Boite: Tr\u00e8s beau boitier peu polie.","og_url":"https:\/\/www.parisheure.com\/en\/buy-watch\/rolex-datejust-ref-1601-silver-linen-no-lume-dial-acier-t-swiss-t-jubile-from-1972\/","og_site_name":"PARIS HEURE","article_publisher":"https:\/\/www.facebook.com\/ParisHeure","article_modified_time":"2024-10-22T14:37:26+00:00","og_image":[{"width":2560,"height":2560,"url":"https:\/\/www.parisheure.com\/wp-content\/uploads\/2023\/03\/ROLEX-DATEJUST-REF-1601-LINEN-NO-LUME-DIAL-FROM-1972-N\u00b0320XXXX-MVT-D259XXX-_0019_Calque-8-scaled.jpg","type":"image\/jpeg"}],"twitter_card":"summary_large_image","schema":{"@context":"https:\/\/schema.org","@graph":[{"@type":"WebPage","@id":"https:\/\/www.parisheure.com\/acheter-montre\/rolex-datejust-ref-1601-silver-linen-no-lume-dial-acier-t-swiss-t-jubile-from-1972\/","url":"https:\/\/www.parisheure.com\/acheter-montre\/rolex-datejust-ref-1601-silver-linen-no-lume-dial-acier-t-swiss-t-jubile-from-1972\/","name":"ROLEX DATEJUST REF 1601 SILVER LINEN NO LUME DIAL ACIER","isPartOf":{"@id":"https:\/\/www.parisheure.com\/#website"},"primaryImageOfPage":{"@id":"https:\/\/www.parisheure.com\/acheter-montre\/rolex-datejust-ref-1601-silver-linen-no-lume-dial-acier-t-swiss-t-jubile-from-1972\/#primaryimage"},"image":{"@id":"https:\/\/www.parisheure.com\/acheter-montre\/rolex-datejust-ref-1601-silver-linen-no-lume-dial-acier-t-swiss-t-jubile-from-1972\/#primaryimage"},"thumbnailUrl":"https:\/\/www.parisheure.com\/wp-content\/uploads\/2023\/03\/ROLEX-DATEJUST-REF-1601-LINEN-NO-LUME-DIAL-FROM-1972-N\u00b0320XXXX-MVT-D259XXX-_0019_Calque-8-scaled.jpg","datePublished":"2023-03-21T09:02:10+00:00","dateModified":"2024-10-22T14:37:26+00:00","description":"Marque: Rolex Mod\u00e8le: Datejust Mouvement : Automatique cal 1570 R\u00e9f\u00e9rence: 1601 Diam\u00e8tre : 36mm Ann\u00e9e: 1972 Serial : 320XXXX Boite: Tr\u00e8s beau boitier peu polie.","breadcrumb":{"@id":"https:\/\/www.parisheure.com\/acheter-montre\/rolex-datejust-ref-1601-silver-linen-no-lume-dial-acier-t-swiss-t-jubile-from-1972\/#breadcrumb"},"inLanguage":"en-US","potentialAction":[{"@type":"ReadAction","target":["https:\/\/www.parisheure.com\/acheter-montre\/rolex-datejust-ref-1601-silver-linen-no-lume-dial-acier-t-swiss-t-jubile-from-1972\/"]}]},{"@type":"ImageObject","inLanguage":"en-US","@id":"https:\/\/www.parisheure.com\/acheter-montre\/rolex-datejust-ref-1601-silver-linen-no-lume-dial-acier-t-swiss-t-jubile-from-1972\/#primaryimage","url":"https:\/\/www.parisheure.com\/wp-content\/uploads\/2023\/03\/ROLEX-DATEJUST-REF-1601-LINEN-NO-LUME-DIAL-FROM-1972-N\u00b0320XXXX-MVT-D259XXX-_0019_Calque-8-scaled.jpg","contentUrl":"https:\/\/www.parisheure.com\/wp-content\/uploads\/2023\/03\/ROLEX-DATEJUST-REF-1601-LINEN-NO-LUME-DIAL-FROM-1972-N\u00b0320XXXX-MVT-D259XXX-_0019_Calque-8-scaled.jpg","width":2560,"height":2560},{"@type":"BreadcrumbList","@id":"https:\/\/www.parisheure.com\/acheter-montre\/rolex-datejust-ref-1601-silver-linen-no-lume-dial-acier-t-swiss-t-jubile-from-1972\/#breadcrumb","itemListElement":[{"@type":"ListItem","position":1,"name":"Accueil","item":"https:\/\/www.parisheure.com\/"},{"@type":"ListItem","position":2,"name":"WATCHES","item":"https:\/\/www.parisheure.com\/"},{"@type":"ListItem","position":3,"name":"ROLEX DATEJUST REF 1601 SILVER LINEN NO LUME DIAL ACIER T SWISS T JUBILE from 1972 ( STOCK PARIS HEURE )"}]},{"@type":"WebSite","@id":"https:\/\/www.parisheure.com\/#website","url":"https:\/\/www.parisheure.com\/","name":"PARIS HEURE","description":"Vintage watches Paris","publisher":{"@id":"https:\/\/www.parisheure.com\/#organization"},"potentialAction":[{"@type":"SearchAction","target":{"@type":"EntryPoint","urlTemplate":"https:\/\/www.parisheure.com\/?s={search_term_string}"},"query-input":{"@type":"PropertyValueSpecification","valueRequired":true,"valueName":"search_term_string"}}],"inLanguage":"en-US"},{"@type":"Organization","@id":"https:\/\/www.parisheure.com\/#organization","name":"PARIS HEURE","url":"https:\/\/www.parisheure.com\/","logo":{"@type":"ImageObject","inLanguage":"en-US","@id":"https:\/\/www.parisheure.com\/#\/schema\/logo\/image\/","url":"https:\/\/www.parisheure.com\/wp-content\/uploads\/2021\/07\/cropped-logo-paris-heure.png","contentUrl":"https:\/\/www.parisheure.com\/wp-content\/uploads\/2021\/07\/cropped-logo-paris-heure.png","width":512,"height":512,"caption":"PARIS HEURE"},"image":{"@id":"https:\/\/www.parisheure.com\/#\/schema\/logo\/image\/"},"sameAs":["https:\/\/www.facebook.com\/ParisHeure","https:\/\/www.instagram.com\/parisheure\/"]}]}},"jetpack_sharing_enabled":true,"brands":[{"id":432,"name":"Rolex","slug":"rolex"}],"_links":{"self":[{"href":"https:\/\/www.parisheure.com\/en\/wp-json\/wp\/v2\/product\/12314","targetHints":{"allow":["GET"]}}],"collection":[{"href":"https:\/\/www.parisheure.com\/en\/wp-json\/wp\/v2\/product"}],"about":[{"href":"https:\/\/www.parisheure.com\/en\/wp-json\/wp\/v2\/types\/product"}],"version-history":[{"count":1,"href":"https:\/\/www.parisheure.com\/en\/wp-json\/wp\/v2\/product\/12314\/revisions"}],"predecessor-version":[{"id":14131,"href":"https:\/\/www.parisheure.com\/en\/wp-json\/wp\/v2\/product\/12314\/revisions\/14131"}],"wp:featuredmedia":[{"embeddable":true,"href":"https:\/\/www.parisheure.com\/en\/wp-json\/wp\/v2\/media\/12334"}],"wp:attachment":[{"href":"https:\/\/www.parisheure.com\/en\/wp-json\/wp\/v2\/media?parent=12314"}],"wp:term":[{"taxonomy":"pwb-brand","embeddable":true,"href":"https:\/\/www.parisheure.com\/en\/wp-json\/wp\/v2\/pwb-brand?post=12314"},{"taxonomy":"product_brand","embeddable":true,"href":"https:\/\/www.parisheure.com\/en\/wp-json\/wp\/v2\/product_brand?post=12314"},{"taxonomy":"product_cat","embeddable":true,"href":"https:\/\/www.parisheure.com\/en\/wp-json\/wp\/v2\/product_cat?post=12314"},{"taxonomy":"product_tag","embeddable":true,"href":"https:\/\/www.parisheure.com\/en\/wp-json\/wp\/v2\/product_tag?post=12314"}],"curies":[{"name":"wp","href":"https:\/\/api.w.org\/{rel}","templated":true}]}}