{"id":12336,"date":"2023-03-21T10:22:18","date_gmt":"2023-03-21T09:22:18","guid":{"rendered":"https:\/\/www.parisheure.com\/?post_type=product&#038;p=12336"},"modified":"2024-10-22T16:37:13","modified_gmt":"2024-10-22T14:37:13","slug":"rolex-submariner-ref-5513-serif-pumpkin-dial-from-1970","status":"publish","type":"product","link":"https:\/\/www.parisheure.com\/en\/buy-watch\/rolex-submariner-ref-5513-serif-pumpkin-dial-from-1970\/","title":{"rendered":"ROLEX SUBMARINER REF 5513 SERIF PUMPKIN DIAL from 1970 ( STOCK PARIS HEURE )"},"content":{"rendered":"<p><strong>Our opinion:<\/strong> A very nice and rare example of the vintage Submariner reference 5513, very nice dial with a nice PUMPKIN patina, armored steel bracelet and movement in perfect working condition. The watch is in perfect, barely polished condition. Hands and dials matching very sought-after pumkin color. Beautiful long 5 insert.<\/p>","protected":false},"excerpt":{"rendered":"<p><strong>Brand:<\/strong>\u00a0Rolex<\/p>\n<p><strong>Model:<\/strong>\u00a0Submariner<\/p>\n<p><strong>Movement\u00a0: <\/strong>Auto cal 1520<\/p>\n<p><strong>Reference:<\/strong>\u00a05513<\/p>\n<p><strong>Diameter\u00a0: <\/strong>40mm<\/p>\n<p><strong>Year:<\/strong>\u00a01970-1971<\/p>\n<p><strong>Serial : <\/strong>300XXXX<\/p>\n<p><strong>Case:<\/strong>\u00a0Beautiful, thick case with corners that are still very present and chamfers that are perfectly visible. Bezel in perfect condition. Original insert fat font long five very rare. No visible shocks. The watch is in perfect condition.<\/p>\n<p><strong>Dial:<\/strong>\u00a0Beautiful original serif dial with a very nice homogeneous patina turning orange or PUMPKIN. Very nice overall. The dial is in perfect condition, with a slight pitting that gives it a very homogeneous black color. The hands are perfectly matched to the patina of the indexes.<\/p>\n<p><strong>Bracelet :<\/strong> Steel Rolex later ref 93150 endlink 580<\/p>\n<p><strong>Accessories: <\/strong>None<\/p>","protected":false},"featured_media":12954,"template":"","meta":[],"pwb-brand":[432],"product_brand":[],"product_cat":[107,367,90,244],"product_tag":[194,142,127,345,135,101],"class_list":{"0":"post-12336","1":"product","2":"type-product","3":"status-publish","4":"has-post-thumbnail","6":"pwb-brand-rolex","7":"product_cat-archives","8":"product_cat-montres-paris-heure","9":"product_cat-rolex","10":"product_cat-rolex-submariner","11":"product_tag-194","12":"product_tag-142","13":"product_tag-rolex","14":"product_tag-serif-dial","15":"product_tag-submariner","16":"product_tag-vintage","18":"first","19":"outofstock","20":"shipping-taxable","21":"product-type-simple"},"yoast_head":"<!-- This site is optimized with the Yoast SEO plugin v27.5 - https:\/\/yoast.com\/product\/yoast-seo-wordpress\/ -->\n<title>ROLEX SUBMARINER REF 5513 SERIF PUMPKIN DIAL from 1970 ( STOCK PARIS HEURE )<\/title>\n<meta name=\"description\" content=\"Marque: Rolex Mod\u00e8le: Submariner Mouvement : Auto cal 1520 R\u00e9f\u00e9rence: 5513 Diam\u00e8tre : 40mm Ann\u00e9e: 1970-1971 Serial : 300XXXX Boite: Beau boitier tr\u00e8s \u00e9pais\" \/>\n<meta name=\"robots\" content=\"index, follow, max-snippet:-1, max-image-preview:large, max-video-preview:-1\" \/>\n<link rel=\"canonical\" href=\"https:\/\/www.parisheure.com\/en\/buy-watch\/rolex-submariner-ref-5513-serif-pumpkin-dial-from-1970\/\" \/>\n<meta property=\"og:locale\" content=\"en_US\" \/>\n<meta property=\"og:type\" content=\"article\" \/>\n<meta property=\"og:title\" content=\"ROLEX SUBMARINER REF 5513 SERIF PUMPKIN DIAL from 1970 ( STOCK PARIS HEURE )\" \/>\n<meta property=\"og:description\" content=\"Marque: Rolex Mod\u00e8le: Submariner Mouvement : Auto cal 1520 R\u00e9f\u00e9rence: 5513 Diam\u00e8tre : 40mm Ann\u00e9e: 1970-1971 Serial : 300XXXX Boite: Beau boitier tr\u00e8s \u00e9pais\" \/>\n<meta property=\"og:url\" content=\"https:\/\/www.parisheure.com\/en\/buy-watch\/rolex-submariner-ref-5513-serif-pumpkin-dial-from-1970\/\" \/>\n<meta property=\"og:site_name\" content=\"PARIS HEURE\" \/>\n<meta property=\"article:publisher\" content=\"https:\/\/www.facebook.com\/ParisHeure\" \/>\n<meta property=\"article:modified_time\" content=\"2024-10-22T14:37:13+00:00\" \/>\n<meta property=\"og:image\" content=\"https:\/\/www.parisheure.com\/wp-content\/uploads\/2023\/05\/ROLEX-SUBMARINER-REF-5513-SERIF-DIAL-YELOW-PATINA-N\u00b0300XXXX-_0021_Calque-2-scaled.jpg\" \/>\n\t<meta property=\"og:image:width\" content=\"2560\" \/>\n\t<meta property=\"og:image:height\" content=\"2560\" \/>\n\t<meta property=\"og:image:type\" content=\"image\/jpeg\" \/>\n<meta name=\"twitter:card\" content=\"summary_large_image\" \/>\n<script type=\"application\/ld+json\" class=\"yoast-schema-graph\">{\"@context\":\"https:\\\/\\\/schema.org\",\"@graph\":[{\"@type\":\"WebPage\",\"@id\":\"https:\\\/\\\/www.parisheure.com\\\/acheter-montre\\\/rolex-submariner-ref-5513-serif-pumpkin-dial-from-1970\\\/\",\"url\":\"https:\\\/\\\/www.parisheure.com\\\/acheter-montre\\\/rolex-submariner-ref-5513-serif-pumpkin-dial-from-1970\\\/\",\"name\":\"ROLEX SUBMARINER REF 5513 SERIF PUMPKIN DIAL from 1970 ( STOCK PARIS HEURE )\",\"isPartOf\":{\"@id\":\"https:\\\/\\\/www.parisheure.com\\\/#website\"},\"primaryImageOfPage\":{\"@id\":\"https:\\\/\\\/www.parisheure.com\\\/acheter-montre\\\/rolex-submariner-ref-5513-serif-pumpkin-dial-from-1970\\\/#primaryimage\"},\"image\":{\"@id\":\"https:\\\/\\\/www.parisheure.com\\\/acheter-montre\\\/rolex-submariner-ref-5513-serif-pumpkin-dial-from-1970\\\/#primaryimage\"},\"thumbnailUrl\":\"https:\\\/\\\/www.parisheure.com\\\/wp-content\\\/uploads\\\/2023\\\/05\\\/ROLEX-SUBMARINER-REF-5513-SERIF-DIAL-YELOW-PATINA-N\u00b0300XXXX-_0021_Calque-2-scaled.jpg\",\"datePublished\":\"2023-03-21T09:22:18+00:00\",\"dateModified\":\"2024-10-22T14:37:13+00:00\",\"description\":\"Marque: Rolex Mod\u00e8le: Submariner Mouvement : Auto cal 1520 R\u00e9f\u00e9rence: 5513 Diam\u00e8tre : 40mm Ann\u00e9e: 1970-1971 Serial : 300XXXX Boite: Beau boitier tr\u00e8s \u00e9pais\",\"breadcrumb\":{\"@id\":\"https:\\\/\\\/www.parisheure.com\\\/acheter-montre\\\/rolex-submariner-ref-5513-serif-pumpkin-dial-from-1970\\\/#breadcrumb\"},\"inLanguage\":\"en-US\",\"potentialAction\":[{\"@type\":\"ReadAction\",\"target\":[\"https:\\\/\\\/www.parisheure.com\\\/acheter-montre\\\/rolex-submariner-ref-5513-serif-pumpkin-dial-from-1970\\\/\"]}]},{\"@type\":\"ImageObject\",\"inLanguage\":\"en-US\",\"@id\":\"https:\\\/\\\/www.parisheure.com\\\/acheter-montre\\\/rolex-submariner-ref-5513-serif-pumpkin-dial-from-1970\\\/#primaryimage\",\"url\":\"https:\\\/\\\/www.parisheure.com\\\/wp-content\\\/uploads\\\/2023\\\/05\\\/ROLEX-SUBMARINER-REF-5513-SERIF-DIAL-YELOW-PATINA-N\u00b0300XXXX-_0021_Calque-2-scaled.jpg\",\"contentUrl\":\"https:\\\/\\\/www.parisheure.com\\\/wp-content\\\/uploads\\\/2023\\\/05\\\/ROLEX-SUBMARINER-REF-5513-SERIF-DIAL-YELOW-PATINA-N\u00b0300XXXX-_0021_Calque-2-scaled.jpg\",\"width\":2560,\"height\":2560},{\"@type\":\"BreadcrumbList\",\"@id\":\"https:\\\/\\\/www.parisheure.com\\\/acheter-montre\\\/rolex-submariner-ref-5513-serif-pumpkin-dial-from-1970\\\/#breadcrumb\",\"itemListElement\":[{\"@type\":\"ListItem\",\"position\":1,\"name\":\"Accueil\",\"item\":\"https:\\\/\\\/www.parisheure.com\\\/\"},{\"@type\":\"ListItem\",\"position\":2,\"name\":\"WATCHES\",\"item\":\"https:\\\/\\\/www.parisheure.com\\\/\"},{\"@type\":\"ListItem\",\"position\":3,\"name\":\"ROLEX SUBMARINER REF 5513 SERIF PUMPKIN DIAL from 1970 ( STOCK PARIS HEURE )\"}]},{\"@type\":\"WebSite\",\"@id\":\"https:\\\/\\\/www.parisheure.com\\\/#website\",\"url\":\"https:\\\/\\\/www.parisheure.com\\\/\",\"name\":\"PARIS HEURE\",\"description\":\"Vintage watches Paris\",\"publisher\":{\"@id\":\"https:\\\/\\\/www.parisheure.com\\\/#organization\"},\"potentialAction\":[{\"@type\":\"SearchAction\",\"target\":{\"@type\":\"EntryPoint\",\"urlTemplate\":\"https:\\\/\\\/www.parisheure.com\\\/?s={search_term_string}\"},\"query-input\":{\"@type\":\"PropertyValueSpecification\",\"valueRequired\":true,\"valueName\":\"search_term_string\"}}],\"inLanguage\":\"en-US\"},{\"@type\":\"Organization\",\"@id\":\"https:\\\/\\\/www.parisheure.com\\\/#organization\",\"name\":\"PARIS HEURE\",\"url\":\"https:\\\/\\\/www.parisheure.com\\\/\",\"logo\":{\"@type\":\"ImageObject\",\"inLanguage\":\"en-US\",\"@id\":\"https:\\\/\\\/www.parisheure.com\\\/#\\\/schema\\\/logo\\\/image\\\/\",\"url\":\"https:\\\/\\\/www.parisheure.com\\\/wp-content\\\/uploads\\\/2021\\\/07\\\/cropped-logo-paris-heure.png\",\"contentUrl\":\"https:\\\/\\\/www.parisheure.com\\\/wp-content\\\/uploads\\\/2021\\\/07\\\/cropped-logo-paris-heure.png\",\"width\":512,\"height\":512,\"caption\":\"PARIS HEURE\"},\"image\":{\"@id\":\"https:\\\/\\\/www.parisheure.com\\\/#\\\/schema\\\/logo\\\/image\\\/\"},\"sameAs\":[\"https:\\\/\\\/www.facebook.com\\\/ParisHeure\",\"https:\\\/\\\/www.instagram.com\\\/parisheure\\\/\"]}]}<\/script>\n<!-- \/ Yoast SEO plugin. -->","yoast_head_json":{"title":"ROLEX SUBMARINER REF 5513 SERIF PUMPKIN DIAL from 1970 ( STOCK PARIS HEURE )","description":"Marque: Rolex Mod\u00e8le: Submariner Mouvement : Auto cal 1520 R\u00e9f\u00e9rence: 5513 Diam\u00e8tre : 40mm Ann\u00e9e: 1970-1971 Serial : 300XXXX Boite: Beau boitier tr\u00e8s \u00e9pais","robots":{"index":"index","follow":"follow","max-snippet":"max-snippet:-1","max-image-preview":"max-image-preview:large","max-video-preview":"max-video-preview:-1"},"canonical":"https:\/\/www.parisheure.com\/en\/buy-watch\/rolex-submariner-ref-5513-serif-pumpkin-dial-from-1970\/","og_locale":"en_US","og_type":"article","og_title":"ROLEX SUBMARINER REF 5513 SERIF PUMPKIN DIAL from 1970 ( STOCK PARIS HEURE )","og_description":"Marque: Rolex Mod\u00e8le: Submariner Mouvement : Auto cal 1520 R\u00e9f\u00e9rence: 5513 Diam\u00e8tre : 40mm Ann\u00e9e: 1970-1971 Serial : 300XXXX Boite: Beau boitier tr\u00e8s \u00e9pais","og_url":"https:\/\/www.parisheure.com\/en\/buy-watch\/rolex-submariner-ref-5513-serif-pumpkin-dial-from-1970\/","og_site_name":"PARIS HEURE","article_publisher":"https:\/\/www.facebook.com\/ParisHeure","article_modified_time":"2024-10-22T14:37:13+00:00","og_image":[{"width":2560,"height":2560,"url":"https:\/\/www.parisheure.com\/wp-content\/uploads\/2023\/05\/ROLEX-SUBMARINER-REF-5513-SERIF-DIAL-YELOW-PATINA-N\u00b0300XXXX-_0021_Calque-2-scaled.jpg","type":"image\/jpeg"}],"twitter_card":"summary_large_image","schema":{"@context":"https:\/\/schema.org","@graph":[{"@type":"WebPage","@id":"https:\/\/www.parisheure.com\/acheter-montre\/rolex-submariner-ref-5513-serif-pumpkin-dial-from-1970\/","url":"https:\/\/www.parisheure.com\/acheter-montre\/rolex-submariner-ref-5513-serif-pumpkin-dial-from-1970\/","name":"ROLEX SUBMARINER REF 5513 SERIF PUMPKIN DIAL from 1970 ( STOCK PARIS HEURE )","isPartOf":{"@id":"https:\/\/www.parisheure.com\/#website"},"primaryImageOfPage":{"@id":"https:\/\/www.parisheure.com\/acheter-montre\/rolex-submariner-ref-5513-serif-pumpkin-dial-from-1970\/#primaryimage"},"image":{"@id":"https:\/\/www.parisheure.com\/acheter-montre\/rolex-submariner-ref-5513-serif-pumpkin-dial-from-1970\/#primaryimage"},"thumbnailUrl":"https:\/\/www.parisheure.com\/wp-content\/uploads\/2023\/05\/ROLEX-SUBMARINER-REF-5513-SERIF-DIAL-YELOW-PATINA-N\u00b0300XXXX-_0021_Calque-2-scaled.jpg","datePublished":"2023-03-21T09:22:18+00:00","dateModified":"2024-10-22T14:37:13+00:00","description":"Marque: Rolex Mod\u00e8le: Submariner Mouvement : Auto cal 1520 R\u00e9f\u00e9rence: 5513 Diam\u00e8tre : 40mm Ann\u00e9e: 1970-1971 Serial : 300XXXX Boite: Beau boitier tr\u00e8s \u00e9pais","breadcrumb":{"@id":"https:\/\/www.parisheure.com\/acheter-montre\/rolex-submariner-ref-5513-serif-pumpkin-dial-from-1970\/#breadcrumb"},"inLanguage":"en-US","potentialAction":[{"@type":"ReadAction","target":["https:\/\/www.parisheure.com\/acheter-montre\/rolex-submariner-ref-5513-serif-pumpkin-dial-from-1970\/"]}]},{"@type":"ImageObject","inLanguage":"en-US","@id":"https:\/\/www.parisheure.com\/acheter-montre\/rolex-submariner-ref-5513-serif-pumpkin-dial-from-1970\/#primaryimage","url":"https:\/\/www.parisheure.com\/wp-content\/uploads\/2023\/05\/ROLEX-SUBMARINER-REF-5513-SERIF-DIAL-YELOW-PATINA-N\u00b0300XXXX-_0021_Calque-2-scaled.jpg","contentUrl":"https:\/\/www.parisheure.com\/wp-content\/uploads\/2023\/05\/ROLEX-SUBMARINER-REF-5513-SERIF-DIAL-YELOW-PATINA-N\u00b0300XXXX-_0021_Calque-2-scaled.jpg","width":2560,"height":2560},{"@type":"BreadcrumbList","@id":"https:\/\/www.parisheure.com\/acheter-montre\/rolex-submariner-ref-5513-serif-pumpkin-dial-from-1970\/#breadcrumb","itemListElement":[{"@type":"ListItem","position":1,"name":"Accueil","item":"https:\/\/www.parisheure.com\/"},{"@type":"ListItem","position":2,"name":"WATCHES","item":"https:\/\/www.parisheure.com\/"},{"@type":"ListItem","position":3,"name":"ROLEX SUBMARINER REF 5513 SERIF PUMPKIN DIAL from 1970 ( STOCK PARIS HEURE )"}]},{"@type":"WebSite","@id":"https:\/\/www.parisheure.com\/#website","url":"https:\/\/www.parisheure.com\/","name":"PARIS HEURE","description":"Vintage watches Paris","publisher":{"@id":"https:\/\/www.parisheure.com\/#organization"},"potentialAction":[{"@type":"SearchAction","target":{"@type":"EntryPoint","urlTemplate":"https:\/\/www.parisheure.com\/?s={search_term_string}"},"query-input":{"@type":"PropertyValueSpecification","valueRequired":true,"valueName":"search_term_string"}}],"inLanguage":"en-US"},{"@type":"Organization","@id":"https:\/\/www.parisheure.com\/#organization","name":"PARIS HEURE","url":"https:\/\/www.parisheure.com\/","logo":{"@type":"ImageObject","inLanguage":"en-US","@id":"https:\/\/www.parisheure.com\/#\/schema\/logo\/image\/","url":"https:\/\/www.parisheure.com\/wp-content\/uploads\/2021\/07\/cropped-logo-paris-heure.png","contentUrl":"https:\/\/www.parisheure.com\/wp-content\/uploads\/2021\/07\/cropped-logo-paris-heure.png","width":512,"height":512,"caption":"PARIS HEURE"},"image":{"@id":"https:\/\/www.parisheure.com\/#\/schema\/logo\/image\/"},"sameAs":["https:\/\/www.facebook.com\/ParisHeure","https:\/\/www.instagram.com\/parisheure\/"]}]}},"jetpack_sharing_enabled":true,"brands":[{"id":432,"name":"Rolex","slug":"rolex"}],"_links":{"self":[{"href":"https:\/\/www.parisheure.com\/en\/wp-json\/wp\/v2\/product\/12336","targetHints":{"allow":["GET"]}}],"collection":[{"href":"https:\/\/www.parisheure.com\/en\/wp-json\/wp\/v2\/product"}],"about":[{"href":"https:\/\/www.parisheure.com\/en\/wp-json\/wp\/v2\/types\/product"}],"version-history":[{"count":1,"href":"https:\/\/www.parisheure.com\/en\/wp-json\/wp\/v2\/product\/12336\/revisions"}],"predecessor-version":[{"id":14130,"href":"https:\/\/www.parisheure.com\/en\/wp-json\/wp\/v2\/product\/12336\/revisions\/14130"}],"wp:featuredmedia":[{"embeddable":true,"href":"https:\/\/www.parisheure.com\/en\/wp-json\/wp\/v2\/media\/12954"}],"wp:attachment":[{"href":"https:\/\/www.parisheure.com\/en\/wp-json\/wp\/v2\/media?parent=12336"}],"wp:term":[{"taxonomy":"pwb-brand","embeddable":true,"href":"https:\/\/www.parisheure.com\/en\/wp-json\/wp\/v2\/pwb-brand?post=12336"},{"taxonomy":"product_brand","embeddable":true,"href":"https:\/\/www.parisheure.com\/en\/wp-json\/wp\/v2\/product_brand?post=12336"},{"taxonomy":"product_cat","embeddable":true,"href":"https:\/\/www.parisheure.com\/en\/wp-json\/wp\/v2\/product_cat?post=12336"},{"taxonomy":"product_tag","embeddable":true,"href":"https:\/\/www.parisheure.com\/en\/wp-json\/wp\/v2\/product_tag?post=12336"}],"curies":[{"name":"wp","href":"https:\/\/api.w.org\/{rel}","templated":true}]}}