{"id":12632,"date":"2023-04-05T14:38:33","date_gmt":"2023-04-05T12:38:33","guid":{"rendered":"https:\/\/www.parisheure.com\/?post_type=product&#038;p=12632"},"modified":"2026-01-08T18:04:24","modified_gmt":"2026-01-08T17:04:24","slug":"rolex-daydate-ref-1803-gold-linen-dial-or-18k-bracelet-18k-from-1972","status":"publish","type":"product","link":"https:\/\/www.parisheure.com\/en\/buy-watch\/rolex-daydate-ref-1803-gold-linen-dial-or-18k-bracelet-18k-from-1972\/","title":{"rendered":"Rolex daydate ref 1803 gold linen dial or 18k \/ bracelet 18k from 1972"},"content":{"rendered":"<p><strong>Our opinion:<\/strong> La daydate pr\u00e9sident en or18k avec son cadran linen dial sigma est une montre rare, intemporelle et \u00e9l\u00e9gante de la collection Rolex vintage. Tr\u00e8s classe avec ses aiguilles d\u2019origine. Cadran et aiguilles avec tritium d\u2019origine marqu\u00e9 \u00ab\u00a0\u03c3\u00a0t swiss t\u00a0\u03c3\u00a0\u00bb la\u00a0majorit\u00e9 de ceux sont en t swiss t donc plus tardif et non vendue d\u2019origine avec la montre. La montre est dans un \u00e9tat proche du neuf peut \u00eatre jamais polie avec un boitier tr\u00e8s \u00e9pais et un cadran parfait tout d\u2019origine de 1972 ! La montre est mont\u00e9e sur un bracelet pr\u00e9sident en or 18K. Une magnifique montre en or 18k daydate d\u2019origine mais si diff\u00e9rente des autres daydate un vrai model tr\u00e8s sp\u00e9cial et recherch\u00e9e par les collectionneurs au vu de son design incroyable et de sa raret\u00e9. \u00c0 un prix abordable compar\u00e9 aux mod\u00e8les actuels en boutique ! Un vrai collector totalement unisexe.<\/p>","protected":false},"excerpt":{"rendered":"<h4><b>Sublime Rolex Daydate president cadran linen en or 18k parfaite<\/b><\/h4>\n<p><strong>Movement\u00a0: <\/strong>Automatic cal 3175<\/p>\n<p><strong>Reference:<\/strong>\u00a01803 OR JAUNE<\/p>\n<p><strong>Diameter\u00a0: <\/strong>36mm<\/p>\n<p><strong>Year:<\/strong>\u00a01972<\/p>\n<p><strong>Serial :<\/strong> 340XXXX<\/p>\n<p><strong>Case:<\/strong>\u00a0Tr\u00e8s beau boitier tr\u00e8s peu polie en or jaune 18K tr\u00e8s \u00e9pais et avec des angles parfait. Tr\u00e8s lourde au poignet. Lunette cannel\u00e9 parfaite. Les premi\u00e8res daydate avec verre plexi des ann\u00e9es 70.<\/p>\n<p><strong>Dial:<\/strong>\u00a0Beau cadran LINEN DIAL sigma tr\u00e8s rare souvent chang\u00e9 par Rolex en service, en or jaune parfait aucuns d\u00e9fauts et d\u2019origine ultra rare marque \u00ab\u03c3\u00a0t swiss t\u00a0\u03c3 \u00bb. Cadran tr\u00e8s rare et recherch\u00e9e. Dateur en anglais d\u2019origine.<\/p>\n<p><strong>Bracelet:<\/strong>\u00a0Bracelet president Rolex en or jaune 18K 750.<\/p>\n<p><strong>Accessories: <\/strong>None<\/p>","protected":false},"featured_media":12562,"template":"","meta":[],"pwb-brand":[432],"product_brand":[],"product_cat":[107,368,90,250],"product_tag":[147,202,145,355,379,127],"class_list":{"0":"post-12632","1":"product","2":"type-product","3":"status-publish","4":"has-post-thumbnail","6":"pwb-brand-rolex","7":"product_cat-archives","8":"product_cat-montres-ph-watches","9":"product_cat-rolex","10":"product_cat-rolex-daydate","11":"product_tag-147","12":"product_tag-18k","13":"product_tag-daydate","14":"product_tag-gold","15":"product_tag-linen-dial","16":"product_tag-rolex","18":"first","19":"outofstock","20":"shipping-taxable","21":"product-type-simple"},"yoast_head":"<!-- This site is optimized with the Yoast SEO plugin v27.5 - https:\/\/yoast.com\/product\/yoast-seo-wordpress\/ -->\n<title>Rolex daydate ref 1803 gold linen dial full gold from 1972 &#8226; PARIS HEURE<\/title>\n<meta name=\"description\" content=\"Rolex Day Date ref 1803 linen dial Mouvement : Automatique cal R\u00e9f\u00e9rence: 1803 OR JAUNE Diam\u00e8tre : 36mm Ann\u00e9e: 1972 Serial : 340XXX Boite: Tr\u00e8s beau boitier\" \/>\n<meta name=\"robots\" content=\"index, follow, max-snippet:-1, max-image-preview:large, max-video-preview:-1\" \/>\n<link rel=\"canonical\" href=\"https:\/\/www.parisheure.com\/en\/buy-watch\/rolex-daydate-ref-1803-gold-linen-dial-or-18k-bracelet-18k-from-1972\/\" \/>\n<meta property=\"og:locale\" content=\"en_US\" \/>\n<meta property=\"og:type\" content=\"article\" \/>\n<meta property=\"og:title\" content=\"Rolex daydate ref 1803 gold linen dial full gold from 1972 &#8226; PARIS HEURE\" \/>\n<meta property=\"og:description\" content=\"Rolex Day Date ref 1803 linen dial Mouvement : Automatique cal R\u00e9f\u00e9rence: 1803 OR JAUNE Diam\u00e8tre : 36mm Ann\u00e9e: 1972 Serial : 340XXX Boite: Tr\u00e8s beau boitier\" \/>\n<meta property=\"og:url\" content=\"https:\/\/www.parisheure.com\/en\/buy-watch\/rolex-daydate-ref-1803-gold-linen-dial-or-18k-bracelet-18k-from-1972\/\" \/>\n<meta property=\"og:site_name\" content=\"PARIS HEURE\" \/>\n<meta property=\"article:publisher\" content=\"https:\/\/www.facebook.com\/ParisHeure\" \/>\n<meta property=\"article:modified_time\" content=\"2026-01-08T17:04:24+00:00\" \/>\n<meta property=\"og:image\" content=\"https:\/\/www.parisheure.com\/wp-content\/uploads\/2023\/04\/ROLEX-DAYDATE-REF-1803-YELLOW-GOLD-LINEN-SIGMA-DIAL-FULL-GOLD-N\u00b0340xxxx-_0023_Calque-2-scaled.jpg\" \/>\n\t<meta property=\"og:image:width\" content=\"2560\" \/>\n\t<meta property=\"og:image:height\" content=\"2560\" \/>\n\t<meta property=\"og:image:type\" content=\"image\/jpeg\" \/>\n<meta name=\"twitter:card\" content=\"summary_large_image\" \/>\n<script type=\"application\/ld+json\" class=\"yoast-schema-graph\">{\"@context\":\"https:\\\/\\\/schema.org\",\"@graph\":[{\"@type\":\"WebPage\",\"@id\":\"https:\\\/\\\/www.parisheure.com\\\/acheter-montre\\\/rolex-daydate-ref-1803-gold-linen-dial-or-18k-bracelet-18k-from-1972\\\/\",\"url\":\"https:\\\/\\\/www.parisheure.com\\\/acheter-montre\\\/rolex-daydate-ref-1803-gold-linen-dial-or-18k-bracelet-18k-from-1972\\\/\",\"name\":\"Rolex daydate ref 1803 gold linen dial full gold from 1972 &#8226; PARIS HEURE\",\"isPartOf\":{\"@id\":\"https:\\\/\\\/www.parisheure.com\\\/#website\"},\"primaryImageOfPage\":{\"@id\":\"https:\\\/\\\/www.parisheure.com\\\/acheter-montre\\\/rolex-daydate-ref-1803-gold-linen-dial-or-18k-bracelet-18k-from-1972\\\/#primaryimage\"},\"image\":{\"@id\":\"https:\\\/\\\/www.parisheure.com\\\/acheter-montre\\\/rolex-daydate-ref-1803-gold-linen-dial-or-18k-bracelet-18k-from-1972\\\/#primaryimage\"},\"thumbnailUrl\":\"https:\\\/\\\/www.parisheure.com\\\/wp-content\\\/uploads\\\/2023\\\/04\\\/ROLEX-DAYDATE-REF-1803-YELLOW-GOLD-LINEN-SIGMA-DIAL-FULL-GOLD-N\u00b0340xxxx-_0023_Calque-2-scaled.jpg\",\"datePublished\":\"2023-04-05T12:38:33+00:00\",\"dateModified\":\"2026-01-08T17:04:24+00:00\",\"description\":\"Rolex Day Date ref 1803 linen dial Mouvement : Automatique cal R\u00e9f\u00e9rence: 1803 OR JAUNE Diam\u00e8tre : 36mm Ann\u00e9e: 1972 Serial : 340XXX Boite: Tr\u00e8s beau boitier\",\"breadcrumb\":{\"@id\":\"https:\\\/\\\/www.parisheure.com\\\/acheter-montre\\\/rolex-daydate-ref-1803-gold-linen-dial-or-18k-bracelet-18k-from-1972\\\/#breadcrumb\"},\"inLanguage\":\"en-US\",\"potentialAction\":[{\"@type\":\"ReadAction\",\"target\":[\"https:\\\/\\\/www.parisheure.com\\\/acheter-montre\\\/rolex-daydate-ref-1803-gold-linen-dial-or-18k-bracelet-18k-from-1972\\\/\"]}]},{\"@type\":\"ImageObject\",\"inLanguage\":\"en-US\",\"@id\":\"https:\\\/\\\/www.parisheure.com\\\/acheter-montre\\\/rolex-daydate-ref-1803-gold-linen-dial-or-18k-bracelet-18k-from-1972\\\/#primaryimage\",\"url\":\"https:\\\/\\\/www.parisheure.com\\\/wp-content\\\/uploads\\\/2023\\\/04\\\/ROLEX-DAYDATE-REF-1803-YELLOW-GOLD-LINEN-SIGMA-DIAL-FULL-GOLD-N\u00b0340xxxx-_0023_Calque-2-scaled.jpg\",\"contentUrl\":\"https:\\\/\\\/www.parisheure.com\\\/wp-content\\\/uploads\\\/2023\\\/04\\\/ROLEX-DAYDATE-REF-1803-YELLOW-GOLD-LINEN-SIGMA-DIAL-FULL-GOLD-N\u00b0340xxxx-_0023_Calque-2-scaled.jpg\",\"width\":2560,\"height\":2560},{\"@type\":\"BreadcrumbList\",\"@id\":\"https:\\\/\\\/www.parisheure.com\\\/acheter-montre\\\/rolex-daydate-ref-1803-gold-linen-dial-or-18k-bracelet-18k-from-1972\\\/#breadcrumb\",\"itemListElement\":[{\"@type\":\"ListItem\",\"position\":1,\"name\":\"Accueil\",\"item\":\"https:\\\/\\\/www.parisheure.com\\\/\"},{\"@type\":\"ListItem\",\"position\":2,\"name\":\"WATCHES\",\"item\":\"https:\\\/\\\/www.parisheure.com\\\/\"},{\"@type\":\"ListItem\",\"position\":3,\"name\":\"Rolex daydate ref 1803 gold linen dial or 18k \\\/ bracelet 18k from 1972\"}]},{\"@type\":\"WebSite\",\"@id\":\"https:\\\/\\\/www.parisheure.com\\\/#website\",\"url\":\"https:\\\/\\\/www.parisheure.com\\\/\",\"name\":\"PARIS HEURE\",\"description\":\"Vintage watches Paris\",\"publisher\":{\"@id\":\"https:\\\/\\\/www.parisheure.com\\\/#organization\"},\"potentialAction\":[{\"@type\":\"SearchAction\",\"target\":{\"@type\":\"EntryPoint\",\"urlTemplate\":\"https:\\\/\\\/www.parisheure.com\\\/?s={search_term_string}\"},\"query-input\":{\"@type\":\"PropertyValueSpecification\",\"valueRequired\":true,\"valueName\":\"search_term_string\"}}],\"inLanguage\":\"en-US\"},{\"@type\":\"Organization\",\"@id\":\"https:\\\/\\\/www.parisheure.com\\\/#organization\",\"name\":\"PARIS HEURE\",\"url\":\"https:\\\/\\\/www.parisheure.com\\\/\",\"logo\":{\"@type\":\"ImageObject\",\"inLanguage\":\"en-US\",\"@id\":\"https:\\\/\\\/www.parisheure.com\\\/#\\\/schema\\\/logo\\\/image\\\/\",\"url\":\"https:\\\/\\\/www.parisheure.com\\\/wp-content\\\/uploads\\\/2021\\\/07\\\/cropped-logo-paris-heure.png\",\"contentUrl\":\"https:\\\/\\\/www.parisheure.com\\\/wp-content\\\/uploads\\\/2021\\\/07\\\/cropped-logo-paris-heure.png\",\"width\":512,\"height\":512,\"caption\":\"PARIS HEURE\"},\"image\":{\"@id\":\"https:\\\/\\\/www.parisheure.com\\\/#\\\/schema\\\/logo\\\/image\\\/\"},\"sameAs\":[\"https:\\\/\\\/www.facebook.com\\\/ParisHeure\",\"https:\\\/\\\/www.instagram.com\\\/parisheure\\\/\"]}]}<\/script>\n<!-- \/ Yoast SEO plugin. -->","yoast_head_json":{"title":"Rolex daydate ref 1803 gold linen dial full gold from 1972 &#8226; PARIS HEURE","description":"Rolex Day Date ref 1803 linen dial Mouvement : Automatique cal R\u00e9f\u00e9rence: 1803 OR JAUNE Diam\u00e8tre : 36mm Ann\u00e9e: 1972 Serial : 340XXX Boite: Tr\u00e8s beau boitier","robots":{"index":"index","follow":"follow","max-snippet":"max-snippet:-1","max-image-preview":"max-image-preview:large","max-video-preview":"max-video-preview:-1"},"canonical":"https:\/\/www.parisheure.com\/en\/buy-watch\/rolex-daydate-ref-1803-gold-linen-dial-or-18k-bracelet-18k-from-1972\/","og_locale":"en_US","og_type":"article","og_title":"Rolex daydate ref 1803 gold linen dial full gold from 1972 &#8226; PARIS HEURE","og_description":"Rolex Day Date ref 1803 linen dial Mouvement : Automatique cal R\u00e9f\u00e9rence: 1803 OR JAUNE Diam\u00e8tre : 36mm Ann\u00e9e: 1972 Serial : 340XXX Boite: Tr\u00e8s beau boitier","og_url":"https:\/\/www.parisheure.com\/en\/buy-watch\/rolex-daydate-ref-1803-gold-linen-dial-or-18k-bracelet-18k-from-1972\/","og_site_name":"PARIS HEURE","article_publisher":"https:\/\/www.facebook.com\/ParisHeure","article_modified_time":"2026-01-08T17:04:24+00:00","og_image":[{"width":2560,"height":2560,"url":"https:\/\/www.parisheure.com\/wp-content\/uploads\/2023\/04\/ROLEX-DAYDATE-REF-1803-YELLOW-GOLD-LINEN-SIGMA-DIAL-FULL-GOLD-N\u00b0340xxxx-_0023_Calque-2-scaled.jpg","type":"image\/jpeg"}],"twitter_card":"summary_large_image","schema":{"@context":"https:\/\/schema.org","@graph":[{"@type":"WebPage","@id":"https:\/\/www.parisheure.com\/acheter-montre\/rolex-daydate-ref-1803-gold-linen-dial-or-18k-bracelet-18k-from-1972\/","url":"https:\/\/www.parisheure.com\/acheter-montre\/rolex-daydate-ref-1803-gold-linen-dial-or-18k-bracelet-18k-from-1972\/","name":"Rolex daydate ref 1803 gold linen dial full gold from 1972 &#8226; PARIS HEURE","isPartOf":{"@id":"https:\/\/www.parisheure.com\/#website"},"primaryImageOfPage":{"@id":"https:\/\/www.parisheure.com\/acheter-montre\/rolex-daydate-ref-1803-gold-linen-dial-or-18k-bracelet-18k-from-1972\/#primaryimage"},"image":{"@id":"https:\/\/www.parisheure.com\/acheter-montre\/rolex-daydate-ref-1803-gold-linen-dial-or-18k-bracelet-18k-from-1972\/#primaryimage"},"thumbnailUrl":"https:\/\/www.parisheure.com\/wp-content\/uploads\/2023\/04\/ROLEX-DAYDATE-REF-1803-YELLOW-GOLD-LINEN-SIGMA-DIAL-FULL-GOLD-N\u00b0340xxxx-_0023_Calque-2-scaled.jpg","datePublished":"2023-04-05T12:38:33+00:00","dateModified":"2026-01-08T17:04:24+00:00","description":"Rolex Day Date ref 1803 linen dial Mouvement : Automatique cal R\u00e9f\u00e9rence: 1803 OR JAUNE Diam\u00e8tre : 36mm Ann\u00e9e: 1972 Serial : 340XXX Boite: Tr\u00e8s beau boitier","breadcrumb":{"@id":"https:\/\/www.parisheure.com\/acheter-montre\/rolex-daydate-ref-1803-gold-linen-dial-or-18k-bracelet-18k-from-1972\/#breadcrumb"},"inLanguage":"en-US","potentialAction":[{"@type":"ReadAction","target":["https:\/\/www.parisheure.com\/acheter-montre\/rolex-daydate-ref-1803-gold-linen-dial-or-18k-bracelet-18k-from-1972\/"]}]},{"@type":"ImageObject","inLanguage":"en-US","@id":"https:\/\/www.parisheure.com\/acheter-montre\/rolex-daydate-ref-1803-gold-linen-dial-or-18k-bracelet-18k-from-1972\/#primaryimage","url":"https:\/\/www.parisheure.com\/wp-content\/uploads\/2023\/04\/ROLEX-DAYDATE-REF-1803-YELLOW-GOLD-LINEN-SIGMA-DIAL-FULL-GOLD-N\u00b0340xxxx-_0023_Calque-2-scaled.jpg","contentUrl":"https:\/\/www.parisheure.com\/wp-content\/uploads\/2023\/04\/ROLEX-DAYDATE-REF-1803-YELLOW-GOLD-LINEN-SIGMA-DIAL-FULL-GOLD-N\u00b0340xxxx-_0023_Calque-2-scaled.jpg","width":2560,"height":2560},{"@type":"BreadcrumbList","@id":"https:\/\/www.parisheure.com\/acheter-montre\/rolex-daydate-ref-1803-gold-linen-dial-or-18k-bracelet-18k-from-1972\/#breadcrumb","itemListElement":[{"@type":"ListItem","position":1,"name":"Accueil","item":"https:\/\/www.parisheure.com\/"},{"@type":"ListItem","position":2,"name":"WATCHES","item":"https:\/\/www.parisheure.com\/"},{"@type":"ListItem","position":3,"name":"Rolex daydate ref 1803 gold linen dial or 18k \/ bracelet 18k from 1972"}]},{"@type":"WebSite","@id":"https:\/\/www.parisheure.com\/#website","url":"https:\/\/www.parisheure.com\/","name":"PARIS HEURE","description":"Vintage watches Paris","publisher":{"@id":"https:\/\/www.parisheure.com\/#organization"},"potentialAction":[{"@type":"SearchAction","target":{"@type":"EntryPoint","urlTemplate":"https:\/\/www.parisheure.com\/?s={search_term_string}"},"query-input":{"@type":"PropertyValueSpecification","valueRequired":true,"valueName":"search_term_string"}}],"inLanguage":"en-US"},{"@type":"Organization","@id":"https:\/\/www.parisheure.com\/#organization","name":"PARIS HEURE","url":"https:\/\/www.parisheure.com\/","logo":{"@type":"ImageObject","inLanguage":"en-US","@id":"https:\/\/www.parisheure.com\/#\/schema\/logo\/image\/","url":"https:\/\/www.parisheure.com\/wp-content\/uploads\/2021\/07\/cropped-logo-paris-heure.png","contentUrl":"https:\/\/www.parisheure.com\/wp-content\/uploads\/2021\/07\/cropped-logo-paris-heure.png","width":512,"height":512,"caption":"PARIS HEURE"},"image":{"@id":"https:\/\/www.parisheure.com\/#\/schema\/logo\/image\/"},"sameAs":["https:\/\/www.facebook.com\/ParisHeure","https:\/\/www.instagram.com\/parisheure\/"]}]}},"jetpack_sharing_enabled":true,"brands":[{"id":432,"name":"Rolex","slug":"rolex"}],"_links":{"self":[{"href":"https:\/\/www.parisheure.com\/en\/wp-json\/wp\/v2\/product\/12632","targetHints":{"allow":["GET"]}}],"collection":[{"href":"https:\/\/www.parisheure.com\/en\/wp-json\/wp\/v2\/product"}],"about":[{"href":"https:\/\/www.parisheure.com\/en\/wp-json\/wp\/v2\/types\/product"}],"version-history":[{"count":5,"href":"https:\/\/www.parisheure.com\/en\/wp-json\/wp\/v2\/product\/12632\/revisions"}],"predecessor-version":[{"id":15303,"href":"https:\/\/www.parisheure.com\/en\/wp-json\/wp\/v2\/product\/12632\/revisions\/15303"}],"wp:featuredmedia":[{"embeddable":true,"href":"https:\/\/www.parisheure.com\/en\/wp-json\/wp\/v2\/media\/12562"}],"wp:attachment":[{"href":"https:\/\/www.parisheure.com\/en\/wp-json\/wp\/v2\/media?parent=12632"}],"wp:term":[{"taxonomy":"pwb-brand","embeddable":true,"href":"https:\/\/www.parisheure.com\/en\/wp-json\/wp\/v2\/pwb-brand?post=12632"},{"taxonomy":"product_brand","embeddable":true,"href":"https:\/\/www.parisheure.com\/en\/wp-json\/wp\/v2\/product_brand?post=12632"},{"taxonomy":"product_cat","embeddable":true,"href":"https:\/\/www.parisheure.com\/en\/wp-json\/wp\/v2\/product_cat?post=12632"},{"taxonomy":"product_tag","embeddable":true,"href":"https:\/\/www.parisheure.com\/en\/wp-json\/wp\/v2\/product_tag?post=12632"}],"curies":[{"name":"wp","href":"https:\/\/api.w.org\/{rel}","templated":true}]}}