{"id":12641,"date":"2023-04-08T19:27:32","date_gmt":"2023-04-08T17:27:32","guid":{"rendered":"https:\/\/www.parisheure.com\/?post_type=product&#038;p=12641"},"modified":"2026-01-16T14:15:09","modified_gmt":"2026-01-16T13:15:09","slug":"tudor-submariner-ref-7928-ulra-rare-4-lines-gilt-from-1966","status":"publish","type":"product","link":"https:\/\/www.parisheure.com\/en\/buy-watch\/tudor-submariner-ref-7928-ulra-rare-4-lines-gilt-from-1966\/","title":{"rendered":"Tudor submariner ref 7928 ulra rare 4 lines gilt from 1966 ( stock ph watches )"},"content":{"rendered":"<p><strong>Our opinion:<\/strong> A very beautiful and rare example of the vintage Submariner reference 7928, meter first GILT with zinc sulphite, very first and last execution of this gilt dial which has become legendary, very beautiful dial with a beautiful homogeneous patina and very reactive to UV, riveted steel bracelet and movement in perfect working order. The watch is in perfect condition, little polished but generally very well maintained\u2026 Very nice rare long five bluish insert!<\/p>","protected":false},"excerpt":{"rendered":"<h4><b>Super rare Tudor Submariner ref 7828 with real gilt dial from 1966<\/b><\/h4>\n<p><strong>Movement\u00a0: <\/strong>Auto<\/p>\n<p><strong>Reference:<\/strong> 7928<\/p>\n<p><strong>Diameter\u00a0: <\/strong>40mm<\/p>\n<p><strong>Year:<\/strong>\u00a01966<\/p>\n<p><strong>Serial : <\/strong>1569XXX<\/p>\n<p><strong>Back case\u00a0:<\/strong> VI 66\u00a0!!!<\/p>\n<p><strong>Case:<\/strong>\u00a0Beautiful case still thick and with angles still very present and chamfers perfectly visible perhaps never polished. Glasses in perfect condition. Very rare original long five insert. No visible shocks. The watch has been perfectly preserved by time and remains beautiful and consistent.<\/p>\n<p><strong>Dial:<\/strong>\u00a0Beautiful original dial ULTRA RARE meter first zinc sulfite dial and above all THE ONE AND ONLY real gilt like at Rolex lacquered and not satin like all the other Tudor gilts before, with a very beautiful homogeneous patina. This is the very first and last version of the gilt lacquered dial used by TUDOR with the gold minute track and white T SWISS T writing. Very nice overall set. Dial in perfect condition with no defects. The hands perfectly match the patina of the indexes.<\/p>\n<p><strong>Bracelet :<\/strong> Rolex riveted steel from 66 in perfect condition<\/p>\n<p><strong>Accessories: <\/strong>None<\/p>","protected":false},"featured_media":12472,"template":"","meta":[],"pwb-brand":[437],"product_brand":[],"product_cat":[107,368,189],"product_tag":[390,389,329,298,135,190],"class_list":{"0":"post-12641","1":"product","2":"type-product","3":"status-publish","4":"has-post-thumbnail","6":"pwb-brand-tudor","7":"product_cat-archives","8":"product_cat-montres-ph-watches","9":"product_cat-tudor","10":"product_tag-390","11":"product_tag-389","12":"product_tag-gilt","13":"product_tag-rare","14":"product_tag-submariner","15":"product_tag-tudor","17":"first","18":"outofstock","19":"shipping-taxable","20":"product-type-simple"},"yoast_head":"<!-- This site is optimized with the Yoast SEO plugin v27.5 - https:\/\/yoast.com\/product\/yoast-seo-wordpress\/ -->\n<title>Tudor submariner ref 7928 ulra rare 4 lines gilt from 1966 &#8226; PARIS HEURE<\/title>\n<meta name=\"description\" content=\"Marque: Tudor Mod\u00e8le: Submariner Mouvement : Auto R\u00e9f\u00e9rence: 5513 Diam\u00e8tre : 40mm Ann\u00e9e: 1966 Serial : 1569XXX Back case : VI 66 !!! Boite: Beau boitier\" \/>\n<meta name=\"robots\" content=\"index, follow, max-snippet:-1, max-image-preview:large, max-video-preview:-1\" \/>\n<link rel=\"canonical\" href=\"https:\/\/www.parisheure.com\/en\/buy-watch\/tudor-submariner-ref-7928-ulra-rare-4-lines-gilt-from-1966\/\" \/>\n<meta property=\"og:locale\" content=\"en_US\" \/>\n<meta property=\"og:type\" content=\"article\" \/>\n<meta property=\"og:title\" content=\"Tudor submariner ref 7928 ulra rare 4 lines gilt from 1966 &#8226; PARIS HEURE\" \/>\n<meta property=\"og:description\" content=\"Marque: Tudor Mod\u00e8le: Submariner Mouvement : Auto R\u00e9f\u00e9rence: 5513 Diam\u00e8tre : 40mm Ann\u00e9e: 1966 Serial : 1569XXX Back case : VI 66 !!! Boite: Beau boitier\" \/>\n<meta property=\"og:url\" content=\"https:\/\/www.parisheure.com\/en\/buy-watch\/tudor-submariner-ref-7928-ulra-rare-4-lines-gilt-from-1966\/\" \/>\n<meta property=\"og:site_name\" content=\"PARIS HEURE\" \/>\n<meta property=\"article:publisher\" content=\"https:\/\/www.facebook.com\/ParisHeure\" \/>\n<meta property=\"article:modified_time\" content=\"2026-01-16T13:15:09+00:00\" \/>\n<meta property=\"og:image\" content=\"https:\/\/www.parisheure.com\/wp-content\/uploads\/2023\/04\/TUDOR-SUBMARINER-REF-7928-RARE-GILT-FROM-1966-N\u00b0569XXX-_0026_Calque-25-scaled.jpg\" \/>\n\t<meta property=\"og:image:width\" content=\"2560\" \/>\n\t<meta property=\"og:image:height\" content=\"2560\" \/>\n\t<meta property=\"og:image:type\" content=\"image\/jpeg\" \/>\n<meta name=\"twitter:card\" content=\"summary_large_image\" \/>\n<script type=\"application\/ld+json\" class=\"yoast-schema-graph\">{\"@context\":\"https:\\\/\\\/schema.org\",\"@graph\":[{\"@type\":\"WebPage\",\"@id\":\"https:\\\/\\\/www.parisheure.com\\\/acheter-montre\\\/tudor-submariner-ref-7928-ulra-rare-4-lines-gilt-from-1966\\\/\",\"url\":\"https:\\\/\\\/www.parisheure.com\\\/acheter-montre\\\/tudor-submariner-ref-7928-ulra-rare-4-lines-gilt-from-1966\\\/\",\"name\":\"Tudor submariner ref 7928 ulra rare 4 lines gilt from 1966 &#8226; PARIS HEURE\",\"isPartOf\":{\"@id\":\"https:\\\/\\\/www.parisheure.com\\\/#website\"},\"primaryImageOfPage\":{\"@id\":\"https:\\\/\\\/www.parisheure.com\\\/acheter-montre\\\/tudor-submariner-ref-7928-ulra-rare-4-lines-gilt-from-1966\\\/#primaryimage\"},\"image\":{\"@id\":\"https:\\\/\\\/www.parisheure.com\\\/acheter-montre\\\/tudor-submariner-ref-7928-ulra-rare-4-lines-gilt-from-1966\\\/#primaryimage\"},\"thumbnailUrl\":\"https:\\\/\\\/www.parisheure.com\\\/wp-content\\\/uploads\\\/2023\\\/04\\\/TUDOR-SUBMARINER-REF-7928-RARE-GILT-FROM-1966-N\u00b0569XXX-_0026_Calque-25-scaled.jpg\",\"datePublished\":\"2023-04-08T17:27:32+00:00\",\"dateModified\":\"2026-01-16T13:15:09+00:00\",\"description\":\"Marque: Tudor Mod\u00e8le: Submariner Mouvement : Auto R\u00e9f\u00e9rence: 5513 Diam\u00e8tre : 40mm Ann\u00e9e: 1966 Serial : 1569XXX Back case : VI 66 !!! Boite: Beau boitier\",\"breadcrumb\":{\"@id\":\"https:\\\/\\\/www.parisheure.com\\\/acheter-montre\\\/tudor-submariner-ref-7928-ulra-rare-4-lines-gilt-from-1966\\\/#breadcrumb\"},\"inLanguage\":\"en-US\",\"potentialAction\":[{\"@type\":\"ReadAction\",\"target\":[\"https:\\\/\\\/www.parisheure.com\\\/acheter-montre\\\/tudor-submariner-ref-7928-ulra-rare-4-lines-gilt-from-1966\\\/\"]}]},{\"@type\":\"ImageObject\",\"inLanguage\":\"en-US\",\"@id\":\"https:\\\/\\\/www.parisheure.com\\\/acheter-montre\\\/tudor-submariner-ref-7928-ulra-rare-4-lines-gilt-from-1966\\\/#primaryimage\",\"url\":\"https:\\\/\\\/www.parisheure.com\\\/wp-content\\\/uploads\\\/2023\\\/04\\\/TUDOR-SUBMARINER-REF-7928-RARE-GILT-FROM-1966-N\u00b0569XXX-_0026_Calque-25-scaled.jpg\",\"contentUrl\":\"https:\\\/\\\/www.parisheure.com\\\/wp-content\\\/uploads\\\/2023\\\/04\\\/TUDOR-SUBMARINER-REF-7928-RARE-GILT-FROM-1966-N\u00b0569XXX-_0026_Calque-25-scaled.jpg\",\"width\":2560,\"height\":2560},{\"@type\":\"BreadcrumbList\",\"@id\":\"https:\\\/\\\/www.parisheure.com\\\/acheter-montre\\\/tudor-submariner-ref-7928-ulra-rare-4-lines-gilt-from-1966\\\/#breadcrumb\",\"itemListElement\":[{\"@type\":\"ListItem\",\"position\":1,\"name\":\"Accueil\",\"item\":\"https:\\\/\\\/www.parisheure.com\\\/\"},{\"@type\":\"ListItem\",\"position\":2,\"name\":\"WATCHES\",\"item\":\"https:\\\/\\\/www.parisheure.com\\\/\"},{\"@type\":\"ListItem\",\"position\":3,\"name\":\"Tudor submariner ref 7928 ulra rare 4 lines gilt from 1966 ( stock ph watches )\"}]},{\"@type\":\"WebSite\",\"@id\":\"https:\\\/\\\/www.parisheure.com\\\/#website\",\"url\":\"https:\\\/\\\/www.parisheure.com\\\/\",\"name\":\"PARIS HEURE\",\"description\":\"Vintage watches Paris\",\"publisher\":{\"@id\":\"https:\\\/\\\/www.parisheure.com\\\/#organization\"},\"potentialAction\":[{\"@type\":\"SearchAction\",\"target\":{\"@type\":\"EntryPoint\",\"urlTemplate\":\"https:\\\/\\\/www.parisheure.com\\\/?s={search_term_string}\"},\"query-input\":{\"@type\":\"PropertyValueSpecification\",\"valueRequired\":true,\"valueName\":\"search_term_string\"}}],\"inLanguage\":\"en-US\"},{\"@type\":\"Organization\",\"@id\":\"https:\\\/\\\/www.parisheure.com\\\/#organization\",\"name\":\"PARIS HEURE\",\"url\":\"https:\\\/\\\/www.parisheure.com\\\/\",\"logo\":{\"@type\":\"ImageObject\",\"inLanguage\":\"en-US\",\"@id\":\"https:\\\/\\\/www.parisheure.com\\\/#\\\/schema\\\/logo\\\/image\\\/\",\"url\":\"https:\\\/\\\/www.parisheure.com\\\/wp-content\\\/uploads\\\/2021\\\/07\\\/cropped-logo-paris-heure.png\",\"contentUrl\":\"https:\\\/\\\/www.parisheure.com\\\/wp-content\\\/uploads\\\/2021\\\/07\\\/cropped-logo-paris-heure.png\",\"width\":512,\"height\":512,\"caption\":\"PARIS HEURE\"},\"image\":{\"@id\":\"https:\\\/\\\/www.parisheure.com\\\/#\\\/schema\\\/logo\\\/image\\\/\"},\"sameAs\":[\"https:\\\/\\\/www.facebook.com\\\/ParisHeure\",\"https:\\\/\\\/www.instagram.com\\\/parisheure\\\/\"]}]}<\/script>\n<!-- \/ Yoast SEO plugin. -->","yoast_head_json":{"title":"Tudor submariner ref 7928 ulra rare 4 lines gilt from 1966 &#8226; PARIS HEURE","description":"Marque: Tudor Mod\u00e8le: Submariner Mouvement : Auto R\u00e9f\u00e9rence: 5513 Diam\u00e8tre : 40mm Ann\u00e9e: 1966 Serial : 1569XXX Back case : VI 66 !!! Boite: Beau boitier","robots":{"index":"index","follow":"follow","max-snippet":"max-snippet:-1","max-image-preview":"max-image-preview:large","max-video-preview":"max-video-preview:-1"},"canonical":"https:\/\/www.parisheure.com\/en\/buy-watch\/tudor-submariner-ref-7928-ulra-rare-4-lines-gilt-from-1966\/","og_locale":"en_US","og_type":"article","og_title":"Tudor submariner ref 7928 ulra rare 4 lines gilt from 1966 &#8226; PARIS HEURE","og_description":"Marque: Tudor Mod\u00e8le: Submariner Mouvement : Auto R\u00e9f\u00e9rence: 5513 Diam\u00e8tre : 40mm Ann\u00e9e: 1966 Serial : 1569XXX Back case : VI 66 !!! Boite: Beau boitier","og_url":"https:\/\/www.parisheure.com\/en\/buy-watch\/tudor-submariner-ref-7928-ulra-rare-4-lines-gilt-from-1966\/","og_site_name":"PARIS HEURE","article_publisher":"https:\/\/www.facebook.com\/ParisHeure","article_modified_time":"2026-01-16T13:15:09+00:00","og_image":[{"width":2560,"height":2560,"url":"https:\/\/www.parisheure.com\/wp-content\/uploads\/2023\/04\/TUDOR-SUBMARINER-REF-7928-RARE-GILT-FROM-1966-N\u00b0569XXX-_0026_Calque-25-scaled.jpg","type":"image\/jpeg"}],"twitter_card":"summary_large_image","schema":{"@context":"https:\/\/schema.org","@graph":[{"@type":"WebPage","@id":"https:\/\/www.parisheure.com\/acheter-montre\/tudor-submariner-ref-7928-ulra-rare-4-lines-gilt-from-1966\/","url":"https:\/\/www.parisheure.com\/acheter-montre\/tudor-submariner-ref-7928-ulra-rare-4-lines-gilt-from-1966\/","name":"Tudor submariner ref 7928 ulra rare 4 lines gilt from 1966 &#8226; PARIS HEURE","isPartOf":{"@id":"https:\/\/www.parisheure.com\/#website"},"primaryImageOfPage":{"@id":"https:\/\/www.parisheure.com\/acheter-montre\/tudor-submariner-ref-7928-ulra-rare-4-lines-gilt-from-1966\/#primaryimage"},"image":{"@id":"https:\/\/www.parisheure.com\/acheter-montre\/tudor-submariner-ref-7928-ulra-rare-4-lines-gilt-from-1966\/#primaryimage"},"thumbnailUrl":"https:\/\/www.parisheure.com\/wp-content\/uploads\/2023\/04\/TUDOR-SUBMARINER-REF-7928-RARE-GILT-FROM-1966-N\u00b0569XXX-_0026_Calque-25-scaled.jpg","datePublished":"2023-04-08T17:27:32+00:00","dateModified":"2026-01-16T13:15:09+00:00","description":"Marque: Tudor Mod\u00e8le: Submariner Mouvement : Auto R\u00e9f\u00e9rence: 5513 Diam\u00e8tre : 40mm Ann\u00e9e: 1966 Serial : 1569XXX Back case : VI 66 !!! Boite: Beau boitier","breadcrumb":{"@id":"https:\/\/www.parisheure.com\/acheter-montre\/tudor-submariner-ref-7928-ulra-rare-4-lines-gilt-from-1966\/#breadcrumb"},"inLanguage":"en-US","potentialAction":[{"@type":"ReadAction","target":["https:\/\/www.parisheure.com\/acheter-montre\/tudor-submariner-ref-7928-ulra-rare-4-lines-gilt-from-1966\/"]}]},{"@type":"ImageObject","inLanguage":"en-US","@id":"https:\/\/www.parisheure.com\/acheter-montre\/tudor-submariner-ref-7928-ulra-rare-4-lines-gilt-from-1966\/#primaryimage","url":"https:\/\/www.parisheure.com\/wp-content\/uploads\/2023\/04\/TUDOR-SUBMARINER-REF-7928-RARE-GILT-FROM-1966-N\u00b0569XXX-_0026_Calque-25-scaled.jpg","contentUrl":"https:\/\/www.parisheure.com\/wp-content\/uploads\/2023\/04\/TUDOR-SUBMARINER-REF-7928-RARE-GILT-FROM-1966-N\u00b0569XXX-_0026_Calque-25-scaled.jpg","width":2560,"height":2560},{"@type":"BreadcrumbList","@id":"https:\/\/www.parisheure.com\/acheter-montre\/tudor-submariner-ref-7928-ulra-rare-4-lines-gilt-from-1966\/#breadcrumb","itemListElement":[{"@type":"ListItem","position":1,"name":"Accueil","item":"https:\/\/www.parisheure.com\/"},{"@type":"ListItem","position":2,"name":"WATCHES","item":"https:\/\/www.parisheure.com\/"},{"@type":"ListItem","position":3,"name":"Tudor submariner ref 7928 ulra rare 4 lines gilt from 1966 ( stock ph watches )"}]},{"@type":"WebSite","@id":"https:\/\/www.parisheure.com\/#website","url":"https:\/\/www.parisheure.com\/","name":"PARIS HEURE","description":"Vintage watches Paris","publisher":{"@id":"https:\/\/www.parisheure.com\/#organization"},"potentialAction":[{"@type":"SearchAction","target":{"@type":"EntryPoint","urlTemplate":"https:\/\/www.parisheure.com\/?s={search_term_string}"},"query-input":{"@type":"PropertyValueSpecification","valueRequired":true,"valueName":"search_term_string"}}],"inLanguage":"en-US"},{"@type":"Organization","@id":"https:\/\/www.parisheure.com\/#organization","name":"PARIS HEURE","url":"https:\/\/www.parisheure.com\/","logo":{"@type":"ImageObject","inLanguage":"en-US","@id":"https:\/\/www.parisheure.com\/#\/schema\/logo\/image\/","url":"https:\/\/www.parisheure.com\/wp-content\/uploads\/2021\/07\/cropped-logo-paris-heure.png","contentUrl":"https:\/\/www.parisheure.com\/wp-content\/uploads\/2021\/07\/cropped-logo-paris-heure.png","width":512,"height":512,"caption":"PARIS HEURE"},"image":{"@id":"https:\/\/www.parisheure.com\/#\/schema\/logo\/image\/"},"sameAs":["https:\/\/www.facebook.com\/ParisHeure","https:\/\/www.instagram.com\/parisheure\/"]}]}},"jetpack_sharing_enabled":true,"brands":[{"id":437,"name":"Tudor","slug":"tudor"}],"_links":{"self":[{"href":"https:\/\/www.parisheure.com\/en\/wp-json\/wp\/v2\/product\/12641","targetHints":{"allow":["GET"]}}],"collection":[{"href":"https:\/\/www.parisheure.com\/en\/wp-json\/wp\/v2\/product"}],"about":[{"href":"https:\/\/www.parisheure.com\/en\/wp-json\/wp\/v2\/types\/product"}],"version-history":[{"count":5,"href":"https:\/\/www.parisheure.com\/en\/wp-json\/wp\/v2\/product\/12641\/revisions"}],"predecessor-version":[{"id":14759,"href":"https:\/\/www.parisheure.com\/en\/wp-json\/wp\/v2\/product\/12641\/revisions\/14759"}],"wp:featuredmedia":[{"embeddable":true,"href":"https:\/\/www.parisheure.com\/en\/wp-json\/wp\/v2\/media\/12472"}],"wp:attachment":[{"href":"https:\/\/www.parisheure.com\/en\/wp-json\/wp\/v2\/media?parent=12641"}],"wp:term":[{"taxonomy":"pwb-brand","embeddable":true,"href":"https:\/\/www.parisheure.com\/en\/wp-json\/wp\/v2\/pwb-brand?post=12641"},{"taxonomy":"product_brand","embeddable":true,"href":"https:\/\/www.parisheure.com\/en\/wp-json\/wp\/v2\/product_brand?post=12641"},{"taxonomy":"product_cat","embeddable":true,"href":"https:\/\/www.parisheure.com\/en\/wp-json\/wp\/v2\/product_cat?post=12641"},{"taxonomy":"product_tag","embeddable":true,"href":"https:\/\/www.parisheure.com\/en\/wp-json\/wp\/v2\/product_tag?post=12641"}],"curies":[{"name":"wp","href":"https:\/\/api.w.org\/{rel}","templated":true}]}}