{"id":12643,"date":"2023-04-08T19:35:43","date_gmt":"2023-04-08T17:35:43","guid":{"rendered":"https:\/\/www.parisheure.com\/?post_type=product&#038;p=12643"},"modified":"2024-10-22T16:36:36","modified_gmt":"2024-10-22T14:36:36","slug":"rolex-daytona-ref-6263-nice-black-dial-t-swiss-t-from-1974","status":"publish","type":"product","link":"https:\/\/www.parisheure.com\/en\/buy-watch\/rolex-daytona-ref-6263-nice-black-dial-t-swiss-t-from-1974\/","title":{"rendered":"ROLEX DAYTONA REF 6263 NICE BLACK DIAL T SWISS T from 1974 ( STOCK PH WATCHES )"},"content":{"rendered":"<p><strong><em>Our opinion:<\/em><\/strong> The Rolex Cosmograph Daytona is a sports chronograph launched in 1963 by Rolex SA. The Cosmograph Daytona belongs to the category of professional watches within the Rolex range. It was originally designed for racing drivers. Four generations of Daytona were launched in 1963, 1988, 2000 and 2016 respectively. The first was equipped with a manual winding movement, the second with an automatic winding movement, and the third and fourth with a Rolex Manufacture movement. The world auction record is a Rolex Daytona that belonged to Paul Newman and sold at Philips in NYC for $17.75 million in 2017. The original is the 4-digit version, of which this is one. Ours is in a perfect state of preservation, with a dial where the counters are still quite white because they are often blackened by time, and the tritium dots have a superb patina.<\/p>","protected":false},"excerpt":{"rendered":"<p><strong><em>Brand: <\/em><\/strong>ROLEX<\/p>\n<p><strong><em>Model: <\/em><\/strong>DAYTONA<\/p>\n<p><strong><em>Reference: <\/em><\/strong>6263<\/p>\n<p><strong><em>Year:<\/em><\/strong> 1972<\/p>\n<p><strong><em>Serial : <\/em><\/strong>364XXXX<\/p>\n<p><strong><em>Pushers:<\/em><\/strong> Original MK1<\/p>\n<p><strong><em>Movement\u00a0: <\/em><\/strong>MECA VALJOUX 727<\/p>\n<p><strong><em>Case: <\/em><\/strong>Unpolished case retains its original shape with perfect angles. A fine case, well preserved as in the original according to the brand's specifications. The watch must also have been worn very little, with very few signs of wear, shock or loss of material.<\/p>\n<p><strong><em>Dial: <\/em><\/strong>Black dial t swiss t only the first version with a beautiful patina of perfect tritium markers and hands that match well. Virtually no flaws in the white counters, which are still very shiny, and a beautiful orange patina on the tritium markers.<\/p>\n<p><strong><em>Diameter\u00a0: <\/em><\/strong>37mm<\/p>\n<p><strong><em>Bracelet:<\/em><\/strong>Newer armoured bracelet ref 78350 19 and endlink 571 clasp code H.<\/p>\n<p><strong><em>Accessories: <\/em><\/strong>None<\/p>","protected":false},"featured_media":12644,"template":"","meta":[],"pwb-brand":[432],"product_brand":[],"product_cat":[107,368,90,246],"product_tag":[223,342,391,156,127,289],"class_list":{"0":"post-12643","1":"product","2":"type-product","3":"status-publish","4":"has-post-thumbnail","6":"pwb-brand-rolex","7":"product_cat-archives","8":"product_cat-montres-ph-watches","9":"product_cat-rolex","10":"product_cat-rolex-daytona","11":"product_tag-223","12":"product_tag-342","13":"product_tag-blacj-dial","14":"product_tag-daytona","15":"product_tag-rolex","16":"product_tag-t-swiss-t","18":"first","19":"outofstock","20":"shipping-taxable","21":"product-type-simple"},"yoast_head":"<!-- This site is optimized with the Yoast SEO plugin v27.5 - https:\/\/yoast.com\/product\/yoast-seo-wordpress\/ -->\n<title>ROLEX DAYTONA REF 6263 NICE BLACK DIAL T SWISS T from 1974<\/title>\n<meta name=\"description\" content=\"Marque: ROLEX Mod\u00e8le: DAYTONA R\u00e9f\u00e9rence: 6263 Ann\u00e9e: 1972 Serial : 336XXXX Poussoirs: MK1 d\u2019origine Mouvement : MECA VALJOUX 727 Boite: Boitier tr\u00e8s peu polie\" \/>\n<meta name=\"robots\" content=\"index, follow, max-snippet:-1, max-image-preview:large, max-video-preview:-1\" \/>\n<link rel=\"canonical\" href=\"https:\/\/www.parisheure.com\/en\/buy-watch\/rolex-daytona-ref-6263-nice-black-dial-t-swiss-t-from-1974\/\" \/>\n<meta property=\"og:locale\" content=\"en_US\" \/>\n<meta property=\"og:type\" content=\"article\" \/>\n<meta property=\"og:title\" content=\"ROLEX DAYTONA REF 6263 NICE BLACK DIAL T SWISS T from 1974\" \/>\n<meta property=\"og:description\" content=\"Marque: ROLEX Mod\u00e8le: DAYTONA R\u00e9f\u00e9rence: 6263 Ann\u00e9e: 1972 Serial : 336XXXX Poussoirs: MK1 d\u2019origine Mouvement : MECA VALJOUX 727 Boite: Boitier tr\u00e8s peu polie\" \/>\n<meta property=\"og:url\" content=\"https:\/\/www.parisheure.com\/en\/buy-watch\/rolex-daytona-ref-6263-nice-black-dial-t-swiss-t-from-1974\/\" \/>\n<meta property=\"og:site_name\" content=\"PARIS HEURE\" \/>\n<meta property=\"article:publisher\" content=\"https:\/\/www.facebook.com\/ParisHeure\" \/>\n<meta property=\"article:modified_time\" content=\"2024-10-22T14:36:36+00:00\" \/>\n<meta property=\"og:image\" content=\"https:\/\/www.parisheure.com\/wp-content\/uploads\/2023\/04\/ROLEX-DAYTONA-REF-6263-SECOND-SERIE-BLACK-T-SWISS-T-DIAL-N\u00b0336XXXX-_0019_Calque-4-scaled.jpg\" \/>\n\t<meta property=\"og:image:width\" content=\"2560\" \/>\n\t<meta property=\"og:image:height\" content=\"2560\" \/>\n\t<meta property=\"og:image:type\" content=\"image\/jpeg\" \/>\n<meta name=\"twitter:card\" content=\"summary_large_image\" \/>\n<script type=\"application\/ld+json\" class=\"yoast-schema-graph\">{\"@context\":\"https:\\\/\\\/schema.org\",\"@graph\":[{\"@type\":\"WebPage\",\"@id\":\"https:\\\/\\\/www.parisheure.com\\\/acheter-montre\\\/rolex-daytona-ref-6263-nice-black-dial-t-swiss-t-from-1974\\\/\",\"url\":\"https:\\\/\\\/www.parisheure.com\\\/acheter-montre\\\/rolex-daytona-ref-6263-nice-black-dial-t-swiss-t-from-1974\\\/\",\"name\":\"ROLEX DAYTONA REF 6263 NICE BLACK DIAL T SWISS T from 1974\",\"isPartOf\":{\"@id\":\"https:\\\/\\\/www.parisheure.com\\\/#website\"},\"primaryImageOfPage\":{\"@id\":\"https:\\\/\\\/www.parisheure.com\\\/acheter-montre\\\/rolex-daytona-ref-6263-nice-black-dial-t-swiss-t-from-1974\\\/#primaryimage\"},\"image\":{\"@id\":\"https:\\\/\\\/www.parisheure.com\\\/acheter-montre\\\/rolex-daytona-ref-6263-nice-black-dial-t-swiss-t-from-1974\\\/#primaryimage\"},\"thumbnailUrl\":\"https:\\\/\\\/www.parisheure.com\\\/wp-content\\\/uploads\\\/2023\\\/04\\\/ROLEX-DAYTONA-REF-6263-SECOND-SERIE-BLACK-T-SWISS-T-DIAL-N\u00b0336XXXX-_0019_Calque-4-scaled.jpg\",\"datePublished\":\"2023-04-08T17:35:43+00:00\",\"dateModified\":\"2024-10-22T14:36:36+00:00\",\"description\":\"Marque: ROLEX Mod\u00e8le: DAYTONA R\u00e9f\u00e9rence: 6263 Ann\u00e9e: 1972 Serial : 336XXXX Poussoirs: MK1 d\u2019origine Mouvement : MECA VALJOUX 727 Boite: Boitier tr\u00e8s peu polie\",\"breadcrumb\":{\"@id\":\"https:\\\/\\\/www.parisheure.com\\\/acheter-montre\\\/rolex-daytona-ref-6263-nice-black-dial-t-swiss-t-from-1974\\\/#breadcrumb\"},\"inLanguage\":\"en-US\",\"potentialAction\":[{\"@type\":\"ReadAction\",\"target\":[\"https:\\\/\\\/www.parisheure.com\\\/acheter-montre\\\/rolex-daytona-ref-6263-nice-black-dial-t-swiss-t-from-1974\\\/\"]}]},{\"@type\":\"ImageObject\",\"inLanguage\":\"en-US\",\"@id\":\"https:\\\/\\\/www.parisheure.com\\\/acheter-montre\\\/rolex-daytona-ref-6263-nice-black-dial-t-swiss-t-from-1974\\\/#primaryimage\",\"url\":\"https:\\\/\\\/www.parisheure.com\\\/wp-content\\\/uploads\\\/2023\\\/04\\\/ROLEX-DAYTONA-REF-6263-SECOND-SERIE-BLACK-T-SWISS-T-DIAL-N\u00b0336XXXX-_0019_Calque-4-scaled.jpg\",\"contentUrl\":\"https:\\\/\\\/www.parisheure.com\\\/wp-content\\\/uploads\\\/2023\\\/04\\\/ROLEX-DAYTONA-REF-6263-SECOND-SERIE-BLACK-T-SWISS-T-DIAL-N\u00b0336XXXX-_0019_Calque-4-scaled.jpg\",\"width\":2560,\"height\":2560},{\"@type\":\"BreadcrumbList\",\"@id\":\"https:\\\/\\\/www.parisheure.com\\\/acheter-montre\\\/rolex-daytona-ref-6263-nice-black-dial-t-swiss-t-from-1974\\\/#breadcrumb\",\"itemListElement\":[{\"@type\":\"ListItem\",\"position\":1,\"name\":\"Accueil\",\"item\":\"https:\\\/\\\/www.parisheure.com\\\/\"},{\"@type\":\"ListItem\",\"position\":2,\"name\":\"WATCHES\",\"item\":\"https:\\\/\\\/www.parisheure.com\\\/\"},{\"@type\":\"ListItem\",\"position\":3,\"name\":\"ROLEX DAYTONA REF 6263 NICE BLACK DIAL T SWISS T from 1974 ( STOCK PH WATCHES )\"}]},{\"@type\":\"WebSite\",\"@id\":\"https:\\\/\\\/www.parisheure.com\\\/#website\",\"url\":\"https:\\\/\\\/www.parisheure.com\\\/\",\"name\":\"PARIS HEURE\",\"description\":\"Vintage watches Paris\",\"publisher\":{\"@id\":\"https:\\\/\\\/www.parisheure.com\\\/#organization\"},\"potentialAction\":[{\"@type\":\"SearchAction\",\"target\":{\"@type\":\"EntryPoint\",\"urlTemplate\":\"https:\\\/\\\/www.parisheure.com\\\/?s={search_term_string}\"},\"query-input\":{\"@type\":\"PropertyValueSpecification\",\"valueRequired\":true,\"valueName\":\"search_term_string\"}}],\"inLanguage\":\"en-US\"},{\"@type\":\"Organization\",\"@id\":\"https:\\\/\\\/www.parisheure.com\\\/#organization\",\"name\":\"PARIS HEURE\",\"url\":\"https:\\\/\\\/www.parisheure.com\\\/\",\"logo\":{\"@type\":\"ImageObject\",\"inLanguage\":\"en-US\",\"@id\":\"https:\\\/\\\/www.parisheure.com\\\/#\\\/schema\\\/logo\\\/image\\\/\",\"url\":\"https:\\\/\\\/www.parisheure.com\\\/wp-content\\\/uploads\\\/2021\\\/07\\\/cropped-logo-paris-heure.png\",\"contentUrl\":\"https:\\\/\\\/www.parisheure.com\\\/wp-content\\\/uploads\\\/2021\\\/07\\\/cropped-logo-paris-heure.png\",\"width\":512,\"height\":512,\"caption\":\"PARIS HEURE\"},\"image\":{\"@id\":\"https:\\\/\\\/www.parisheure.com\\\/#\\\/schema\\\/logo\\\/image\\\/\"},\"sameAs\":[\"https:\\\/\\\/www.facebook.com\\\/ParisHeure\",\"https:\\\/\\\/www.instagram.com\\\/parisheure\\\/\"]}]}<\/script>\n<!-- \/ Yoast SEO plugin. -->","yoast_head_json":{"title":"ROLEX DAYTONA REF 6263 NICE BLACK DIAL T SWISS T from 1974","description":"Marque: ROLEX Mod\u00e8le: DAYTONA R\u00e9f\u00e9rence: 6263 Ann\u00e9e: 1972 Serial : 336XXXX Poussoirs: MK1 d\u2019origine Mouvement : MECA VALJOUX 727 Boite: Boitier tr\u00e8s peu polie","robots":{"index":"index","follow":"follow","max-snippet":"max-snippet:-1","max-image-preview":"max-image-preview:large","max-video-preview":"max-video-preview:-1"},"canonical":"https:\/\/www.parisheure.com\/en\/buy-watch\/rolex-daytona-ref-6263-nice-black-dial-t-swiss-t-from-1974\/","og_locale":"en_US","og_type":"article","og_title":"ROLEX DAYTONA REF 6263 NICE BLACK DIAL T SWISS T from 1974","og_description":"Marque: ROLEX Mod\u00e8le: DAYTONA R\u00e9f\u00e9rence: 6263 Ann\u00e9e: 1972 Serial : 336XXXX Poussoirs: MK1 d\u2019origine Mouvement : MECA VALJOUX 727 Boite: Boitier tr\u00e8s peu polie","og_url":"https:\/\/www.parisheure.com\/en\/buy-watch\/rolex-daytona-ref-6263-nice-black-dial-t-swiss-t-from-1974\/","og_site_name":"PARIS HEURE","article_publisher":"https:\/\/www.facebook.com\/ParisHeure","article_modified_time":"2024-10-22T14:36:36+00:00","og_image":[{"width":2560,"height":2560,"url":"https:\/\/www.parisheure.com\/wp-content\/uploads\/2023\/04\/ROLEX-DAYTONA-REF-6263-SECOND-SERIE-BLACK-T-SWISS-T-DIAL-N\u00b0336XXXX-_0019_Calque-4-scaled.jpg","type":"image\/jpeg"}],"twitter_card":"summary_large_image","schema":{"@context":"https:\/\/schema.org","@graph":[{"@type":"WebPage","@id":"https:\/\/www.parisheure.com\/acheter-montre\/rolex-daytona-ref-6263-nice-black-dial-t-swiss-t-from-1974\/","url":"https:\/\/www.parisheure.com\/acheter-montre\/rolex-daytona-ref-6263-nice-black-dial-t-swiss-t-from-1974\/","name":"ROLEX DAYTONA REF 6263 NICE BLACK DIAL T SWISS T from 1974","isPartOf":{"@id":"https:\/\/www.parisheure.com\/#website"},"primaryImageOfPage":{"@id":"https:\/\/www.parisheure.com\/acheter-montre\/rolex-daytona-ref-6263-nice-black-dial-t-swiss-t-from-1974\/#primaryimage"},"image":{"@id":"https:\/\/www.parisheure.com\/acheter-montre\/rolex-daytona-ref-6263-nice-black-dial-t-swiss-t-from-1974\/#primaryimage"},"thumbnailUrl":"https:\/\/www.parisheure.com\/wp-content\/uploads\/2023\/04\/ROLEX-DAYTONA-REF-6263-SECOND-SERIE-BLACK-T-SWISS-T-DIAL-N\u00b0336XXXX-_0019_Calque-4-scaled.jpg","datePublished":"2023-04-08T17:35:43+00:00","dateModified":"2024-10-22T14:36:36+00:00","description":"Marque: ROLEX Mod\u00e8le: DAYTONA R\u00e9f\u00e9rence: 6263 Ann\u00e9e: 1972 Serial : 336XXXX Poussoirs: MK1 d\u2019origine Mouvement : MECA VALJOUX 727 Boite: Boitier tr\u00e8s peu polie","breadcrumb":{"@id":"https:\/\/www.parisheure.com\/acheter-montre\/rolex-daytona-ref-6263-nice-black-dial-t-swiss-t-from-1974\/#breadcrumb"},"inLanguage":"en-US","potentialAction":[{"@type":"ReadAction","target":["https:\/\/www.parisheure.com\/acheter-montre\/rolex-daytona-ref-6263-nice-black-dial-t-swiss-t-from-1974\/"]}]},{"@type":"ImageObject","inLanguage":"en-US","@id":"https:\/\/www.parisheure.com\/acheter-montre\/rolex-daytona-ref-6263-nice-black-dial-t-swiss-t-from-1974\/#primaryimage","url":"https:\/\/www.parisheure.com\/wp-content\/uploads\/2023\/04\/ROLEX-DAYTONA-REF-6263-SECOND-SERIE-BLACK-T-SWISS-T-DIAL-N\u00b0336XXXX-_0019_Calque-4-scaled.jpg","contentUrl":"https:\/\/www.parisheure.com\/wp-content\/uploads\/2023\/04\/ROLEX-DAYTONA-REF-6263-SECOND-SERIE-BLACK-T-SWISS-T-DIAL-N\u00b0336XXXX-_0019_Calque-4-scaled.jpg","width":2560,"height":2560},{"@type":"BreadcrumbList","@id":"https:\/\/www.parisheure.com\/acheter-montre\/rolex-daytona-ref-6263-nice-black-dial-t-swiss-t-from-1974\/#breadcrumb","itemListElement":[{"@type":"ListItem","position":1,"name":"Accueil","item":"https:\/\/www.parisheure.com\/"},{"@type":"ListItem","position":2,"name":"WATCHES","item":"https:\/\/www.parisheure.com\/"},{"@type":"ListItem","position":3,"name":"ROLEX DAYTONA REF 6263 NICE BLACK DIAL T SWISS T from 1974 ( STOCK PH WATCHES )"}]},{"@type":"WebSite","@id":"https:\/\/www.parisheure.com\/#website","url":"https:\/\/www.parisheure.com\/","name":"PARIS HEURE","description":"Vintage watches Paris","publisher":{"@id":"https:\/\/www.parisheure.com\/#organization"},"potentialAction":[{"@type":"SearchAction","target":{"@type":"EntryPoint","urlTemplate":"https:\/\/www.parisheure.com\/?s={search_term_string}"},"query-input":{"@type":"PropertyValueSpecification","valueRequired":true,"valueName":"search_term_string"}}],"inLanguage":"en-US"},{"@type":"Organization","@id":"https:\/\/www.parisheure.com\/#organization","name":"PARIS HEURE","url":"https:\/\/www.parisheure.com\/","logo":{"@type":"ImageObject","inLanguage":"en-US","@id":"https:\/\/www.parisheure.com\/#\/schema\/logo\/image\/","url":"https:\/\/www.parisheure.com\/wp-content\/uploads\/2021\/07\/cropped-logo-paris-heure.png","contentUrl":"https:\/\/www.parisheure.com\/wp-content\/uploads\/2021\/07\/cropped-logo-paris-heure.png","width":512,"height":512,"caption":"PARIS HEURE"},"image":{"@id":"https:\/\/www.parisheure.com\/#\/schema\/logo\/image\/"},"sameAs":["https:\/\/www.facebook.com\/ParisHeure","https:\/\/www.instagram.com\/parisheure\/"]}]}},"jetpack_sharing_enabled":true,"brands":[{"id":432,"name":"Rolex","slug":"rolex"}],"_links":{"self":[{"href":"https:\/\/www.parisheure.com\/en\/wp-json\/wp\/v2\/product\/12643","targetHints":{"allow":["GET"]}}],"collection":[{"href":"https:\/\/www.parisheure.com\/en\/wp-json\/wp\/v2\/product"}],"about":[{"href":"https:\/\/www.parisheure.com\/en\/wp-json\/wp\/v2\/types\/product"}],"version-history":[{"count":1,"href":"https:\/\/www.parisheure.com\/en\/wp-json\/wp\/v2\/product\/12643\/revisions"}],"predecessor-version":[{"id":14127,"href":"https:\/\/www.parisheure.com\/en\/wp-json\/wp\/v2\/product\/12643\/revisions\/14127"}],"wp:featuredmedia":[{"embeddable":true,"href":"https:\/\/www.parisheure.com\/en\/wp-json\/wp\/v2\/media\/12644"}],"wp:attachment":[{"href":"https:\/\/www.parisheure.com\/en\/wp-json\/wp\/v2\/media?parent=12643"}],"wp:term":[{"taxonomy":"pwb-brand","embeddable":true,"href":"https:\/\/www.parisheure.com\/en\/wp-json\/wp\/v2\/pwb-brand?post=12643"},{"taxonomy":"product_brand","embeddable":true,"href":"https:\/\/www.parisheure.com\/en\/wp-json\/wp\/v2\/product_brand?post=12643"},{"taxonomy":"product_cat","embeddable":true,"href":"https:\/\/www.parisheure.com\/en\/wp-json\/wp\/v2\/product_cat?post=12643"},{"taxonomy":"product_tag","embeddable":true,"href":"https:\/\/www.parisheure.com\/en\/wp-json\/wp\/v2\/product_tag?post=12643"}],"curies":[{"name":"wp","href":"https:\/\/api.w.org\/{rel}","templated":true}]}}