{"id":13248,"date":"2023-05-19T12:07:41","date_gmt":"2023-05-19T10:07:41","guid":{"rendered":"https:\/\/www.parisheure.com\/?post_type=product&#038;p=13248"},"modified":"2025-11-25T18:43:18","modified_gmt":"2025-11-25T17:43:18","slug":"patek-philippe-oversizecalatrava-ref-570-or-blanc-18k-750-archives-secondes-centrales-from-1966-stock-paris-heure","status":"publish","type":"product","link":"https:\/\/www.parisheure.com\/en\/buy-watch\/patek-philippe-oversizecalatrava-ref-570-or-blanc-18k-750-archives-secondes-centrales-from-1966-stock-paris-heure\/","title":{"rendered":"Patek philippe oversize calatrava ref 570 or blanc archives secondes centrales from 1966"},"content":{"rendered":"<p><strong>Our opinion:<\/strong> Patek Philippe rare Calatrava model in white gold with its beautiful thick lugs and its large diameter clipped case for the time, oversized in 36mm, ref 570 sold on April 23, 1956. Patinated silver dial confirmed by the archives, dauphine hands and stick indexes gold appliqu\u00e9s with pearl minute track and central seconds. Mechanical movement with manual winding Cal. 27SC. Delivered with its archive extract.<\/p>","protected":false},"excerpt":{"rendered":"<h4><strong>Rare and well preserved Patek Philippe Calatrava ref 570 white gold central seconds with archives<\/strong><\/h4>\n<p><strong>Movement :<\/strong> Mechanical manual winding Cal. 27SC<\/p>\n<p><strong>Reference :<\/strong> 570 WG<\/p>\n<p><strong>Diameter :<\/strong> 36 mm<\/p>\n<p><strong>Year:<\/strong> 1966 sold in 1966<\/p>\n<p><strong>Case :<\/strong> Beautiful not so polished white gold case with very special and rare 18k thick lugs and clipped back. Crown with PP logo. Hallmarks in clean condition<\/p>\n<p><strong>Dial:<\/strong> Beautiful silver-white dial of silver origin with very rare central second hand, Dauphine hands and applied stick indexes in gold, pearl minute track and small central seconds.<\/p>\n<p><strong>Bracelet :<\/strong> Patek Philippe leather and buckle in 18k white gold<\/p>\n<p><strong>Accessories:<\/strong> Archives Patek Philippe watch sold in 1966 and produced in 1966.<\/p>","protected":false},"featured_media":13113,"template":"","meta":[],"pwb-brand":[436],"product_brand":[],"product_cat":[368,138,91],"product_tag":[390,386,119,146,387,392,372],"class_list":{"0":"post-13248","1":"product","2":"type-product","3":"status-publish","4":"has-post-thumbnail","6":"pwb-brand-patek-philippe","7":"product_cat-montres-ph-watches","8":"product_cat-nouveautes","9":"product_cat-patek-philippe","10":"product_tag-390","11":"product_tag-386","12":"product_tag-calatrava","13":"product_tag-or-blanc","14":"product_tag-oversize","15":"product_tag-patk","16":"product_tag-white-gold","18":"first","19":"instock","20":"shipping-taxable","21":"purchasable","22":"product-type-simple"},"yoast_head":"<!-- This site is optimized with the Yoast SEO plugin v27.4 - https:\/\/yoast.com\/product\/yoast-seo-wordpress\/ -->\n<title>Patek philippe oversize calatrava ref 570 or blanc archives &#8226; PARIS HEURE<\/title>\n<meta name=\"description\" content=\"Marque : Patek Philippe Mod\u00e8le : Calatrava Mouvement : M\u00e9canique \u00e0 remontage manuel Cal. 27SC R\u00e9f\u00e9rence : 570 WG Diam\u00e8tre : 36 mm Bo\u00eetier : Beau bo\u00eetier\" \/>\n<meta name=\"robots\" content=\"index, follow, max-snippet:-1, max-image-preview:large, max-video-preview:-1\" \/>\n<link rel=\"canonical\" href=\"https:\/\/www.parisheure.com\/en\/buy-watch\/patek-philippe-oversizecalatrava-ref-570-or-blanc-18k-750-archives-secondes-centrales-from-1966-stock-paris-heure\/\" \/>\n<meta property=\"og:locale\" content=\"en_US\" \/>\n<meta property=\"og:type\" content=\"article\" \/>\n<meta property=\"og:title\" content=\"Patek philippe oversize calatrava ref 570 or blanc archives &#8226; PARIS HEURE\" \/>\n<meta property=\"og:description\" content=\"Marque : Patek Philippe Mod\u00e8le : Calatrava Mouvement : M\u00e9canique \u00e0 remontage manuel Cal. 27SC R\u00e9f\u00e9rence : 570 WG Diam\u00e8tre : 36 mm Bo\u00eetier : Beau bo\u00eetier\" \/>\n<meta property=\"og:url\" content=\"https:\/\/www.parisheure.com\/en\/buy-watch\/patek-philippe-oversizecalatrava-ref-570-or-blanc-18k-750-archives-secondes-centrales-from-1966-stock-paris-heure\/\" \/>\n<meta property=\"og:site_name\" content=\"PARIS HEURE\" \/>\n<meta property=\"article:publisher\" content=\"https:\/\/www.facebook.com\/ParisHeure\" \/>\n<meta property=\"article:modified_time\" content=\"2025-11-25T17:43:18+00:00\" \/>\n<meta property=\"og:image\" content=\"https:\/\/www.parisheure.com\/wp-content\/uploads\/2023\/05\/PATEK-CALATRAVA-REF-570-OR-BLANC-18K-CENTER-SECONDS-FROM-1966ARCHIVES-N-MVT-711XXX_-320XXX-_0021_Calque-3-scaled.jpg\" \/>\n\t<meta property=\"og:image:width\" content=\"2560\" \/>\n\t<meta property=\"og:image:height\" content=\"2560\" \/>\n\t<meta property=\"og:image:type\" content=\"image\/jpeg\" \/>\n<meta name=\"twitter:card\" content=\"summary_large_image\" \/>\n<script type=\"application\/ld+json\" class=\"yoast-schema-graph\">{\"@context\":\"https:\\\/\\\/schema.org\",\"@graph\":[{\"@type\":\"WebPage\",\"@id\":\"https:\\\/\\\/www.parisheure.com\\\/acheter-montre\\\/patek-philippe-oversizecalatrava-ref-570-or-blanc-18k-750-archives-secondes-centrales-from-1966-stock-paris-heure\\\/\",\"url\":\"https:\\\/\\\/www.parisheure.com\\\/acheter-montre\\\/patek-philippe-oversizecalatrava-ref-570-or-blanc-18k-750-archives-secondes-centrales-from-1966-stock-paris-heure\\\/\",\"name\":\"Patek philippe oversize calatrava ref 570 or blanc archives &#8226; PARIS HEURE\",\"isPartOf\":{\"@id\":\"https:\\\/\\\/www.parisheure.com\\\/#website\"},\"primaryImageOfPage\":{\"@id\":\"https:\\\/\\\/www.parisheure.com\\\/acheter-montre\\\/patek-philippe-oversizecalatrava-ref-570-or-blanc-18k-750-archives-secondes-centrales-from-1966-stock-paris-heure\\\/#primaryimage\"},\"image\":{\"@id\":\"https:\\\/\\\/www.parisheure.com\\\/acheter-montre\\\/patek-philippe-oversizecalatrava-ref-570-or-blanc-18k-750-archives-secondes-centrales-from-1966-stock-paris-heure\\\/#primaryimage\"},\"thumbnailUrl\":\"https:\\\/\\\/www.parisheure.com\\\/wp-content\\\/uploads\\\/2023\\\/05\\\/PATEK-CALATRAVA-REF-570-OR-BLANC-18K-CENTER-SECONDS-FROM-1966ARCHIVES-N-MVT-711XXX_-320XXX-_0021_Calque-3-scaled.jpg\",\"datePublished\":\"2023-05-19T10:07:41+00:00\",\"dateModified\":\"2025-11-25T17:43:18+00:00\",\"description\":\"Marque : Patek Philippe Mod\u00e8le : Calatrava Mouvement : M\u00e9canique \u00e0 remontage manuel Cal. 27SC R\u00e9f\u00e9rence : 570 WG Diam\u00e8tre : 36 mm Bo\u00eetier : Beau bo\u00eetier\",\"breadcrumb\":{\"@id\":\"https:\\\/\\\/www.parisheure.com\\\/acheter-montre\\\/patek-philippe-oversizecalatrava-ref-570-or-blanc-18k-750-archives-secondes-centrales-from-1966-stock-paris-heure\\\/#breadcrumb\"},\"inLanguage\":\"en-US\",\"potentialAction\":[{\"@type\":\"ReadAction\",\"target\":[\"https:\\\/\\\/www.parisheure.com\\\/acheter-montre\\\/patek-philippe-oversizecalatrava-ref-570-or-blanc-18k-750-archives-secondes-centrales-from-1966-stock-paris-heure\\\/\"]}]},{\"@type\":\"ImageObject\",\"inLanguage\":\"en-US\",\"@id\":\"https:\\\/\\\/www.parisheure.com\\\/acheter-montre\\\/patek-philippe-oversizecalatrava-ref-570-or-blanc-18k-750-archives-secondes-centrales-from-1966-stock-paris-heure\\\/#primaryimage\",\"url\":\"https:\\\/\\\/www.parisheure.com\\\/wp-content\\\/uploads\\\/2023\\\/05\\\/PATEK-CALATRAVA-REF-570-OR-BLANC-18K-CENTER-SECONDS-FROM-1966ARCHIVES-N-MVT-711XXX_-320XXX-_0021_Calque-3-scaled.jpg\",\"contentUrl\":\"https:\\\/\\\/www.parisheure.com\\\/wp-content\\\/uploads\\\/2023\\\/05\\\/PATEK-CALATRAVA-REF-570-OR-BLANC-18K-CENTER-SECONDS-FROM-1966ARCHIVES-N-MVT-711XXX_-320XXX-_0021_Calque-3-scaled.jpg\",\"width\":2560,\"height\":2560},{\"@type\":\"BreadcrumbList\",\"@id\":\"https:\\\/\\\/www.parisheure.com\\\/acheter-montre\\\/patek-philippe-oversizecalatrava-ref-570-or-blanc-18k-750-archives-secondes-centrales-from-1966-stock-paris-heure\\\/#breadcrumb\",\"itemListElement\":[{\"@type\":\"ListItem\",\"position\":1,\"name\":\"Accueil\",\"item\":\"https:\\\/\\\/www.parisheure.com\\\/\"},{\"@type\":\"ListItem\",\"position\":2,\"name\":\"WATCHES\",\"item\":\"https:\\\/\\\/www.parisheure.com\\\/\"},{\"@type\":\"ListItem\",\"position\":3,\"name\":\"Patek philippe oversize calatrava ref 570 or blanc archives secondes centrales from 1966\"}]},{\"@type\":\"WebSite\",\"@id\":\"https:\\\/\\\/www.parisheure.com\\\/#website\",\"url\":\"https:\\\/\\\/www.parisheure.com\\\/\",\"name\":\"PARIS HEURE\",\"description\":\"Vintage watches Paris\",\"publisher\":{\"@id\":\"https:\\\/\\\/www.parisheure.com\\\/#organization\"},\"potentialAction\":[{\"@type\":\"SearchAction\",\"target\":{\"@type\":\"EntryPoint\",\"urlTemplate\":\"https:\\\/\\\/www.parisheure.com\\\/?s={search_term_string}\"},\"query-input\":{\"@type\":\"PropertyValueSpecification\",\"valueRequired\":true,\"valueName\":\"search_term_string\"}}],\"inLanguage\":\"en-US\"},{\"@type\":\"Organization\",\"@id\":\"https:\\\/\\\/www.parisheure.com\\\/#organization\",\"name\":\"PARIS HEURE\",\"url\":\"https:\\\/\\\/www.parisheure.com\\\/\",\"logo\":{\"@type\":\"ImageObject\",\"inLanguage\":\"en-US\",\"@id\":\"https:\\\/\\\/www.parisheure.com\\\/#\\\/schema\\\/logo\\\/image\\\/\",\"url\":\"https:\\\/\\\/www.parisheure.com\\\/wp-content\\\/uploads\\\/2021\\\/07\\\/cropped-logo-paris-heure.png\",\"contentUrl\":\"https:\\\/\\\/www.parisheure.com\\\/wp-content\\\/uploads\\\/2021\\\/07\\\/cropped-logo-paris-heure.png\",\"width\":512,\"height\":512,\"caption\":\"PARIS HEURE\"},\"image\":{\"@id\":\"https:\\\/\\\/www.parisheure.com\\\/#\\\/schema\\\/logo\\\/image\\\/\"},\"sameAs\":[\"https:\\\/\\\/www.facebook.com\\\/ParisHeure\",\"https:\\\/\\\/www.instagram.com\\\/parisheure\\\/\"]}]}<\/script>\n<!-- \/ Yoast SEO plugin. -->","yoast_head_json":{"title":"Patek philippe oversize calatrava ref 570 or blanc archives &#8226; PARIS HEURE","description":"Marque : Patek Philippe Mod\u00e8le : Calatrava Mouvement : M\u00e9canique \u00e0 remontage manuel Cal. 27SC R\u00e9f\u00e9rence : 570 WG Diam\u00e8tre : 36 mm Bo\u00eetier : Beau bo\u00eetier","robots":{"index":"index","follow":"follow","max-snippet":"max-snippet:-1","max-image-preview":"max-image-preview:large","max-video-preview":"max-video-preview:-1"},"canonical":"https:\/\/www.parisheure.com\/en\/buy-watch\/patek-philippe-oversizecalatrava-ref-570-or-blanc-18k-750-archives-secondes-centrales-from-1966-stock-paris-heure\/","og_locale":"en_US","og_type":"article","og_title":"Patek philippe oversize calatrava ref 570 or blanc archives &#8226; PARIS HEURE","og_description":"Marque : Patek Philippe Mod\u00e8le : Calatrava Mouvement : M\u00e9canique \u00e0 remontage manuel Cal. 27SC R\u00e9f\u00e9rence : 570 WG Diam\u00e8tre : 36 mm Bo\u00eetier : Beau bo\u00eetier","og_url":"https:\/\/www.parisheure.com\/en\/buy-watch\/patek-philippe-oversizecalatrava-ref-570-or-blanc-18k-750-archives-secondes-centrales-from-1966-stock-paris-heure\/","og_site_name":"PARIS HEURE","article_publisher":"https:\/\/www.facebook.com\/ParisHeure","article_modified_time":"2025-11-25T17:43:18+00:00","og_image":[{"width":2560,"height":2560,"url":"https:\/\/www.parisheure.com\/wp-content\/uploads\/2023\/05\/PATEK-CALATRAVA-REF-570-OR-BLANC-18K-CENTER-SECONDS-FROM-1966ARCHIVES-N-MVT-711XXX_-320XXX-_0021_Calque-3-scaled.jpg","type":"image\/jpeg"}],"twitter_card":"summary_large_image","schema":{"@context":"https:\/\/schema.org","@graph":[{"@type":"WebPage","@id":"https:\/\/www.parisheure.com\/acheter-montre\/patek-philippe-oversizecalatrava-ref-570-or-blanc-18k-750-archives-secondes-centrales-from-1966-stock-paris-heure\/","url":"https:\/\/www.parisheure.com\/acheter-montre\/patek-philippe-oversizecalatrava-ref-570-or-blanc-18k-750-archives-secondes-centrales-from-1966-stock-paris-heure\/","name":"Patek philippe oversize calatrava ref 570 or blanc archives &#8226; PARIS HEURE","isPartOf":{"@id":"https:\/\/www.parisheure.com\/#website"},"primaryImageOfPage":{"@id":"https:\/\/www.parisheure.com\/acheter-montre\/patek-philippe-oversizecalatrava-ref-570-or-blanc-18k-750-archives-secondes-centrales-from-1966-stock-paris-heure\/#primaryimage"},"image":{"@id":"https:\/\/www.parisheure.com\/acheter-montre\/patek-philippe-oversizecalatrava-ref-570-or-blanc-18k-750-archives-secondes-centrales-from-1966-stock-paris-heure\/#primaryimage"},"thumbnailUrl":"https:\/\/www.parisheure.com\/wp-content\/uploads\/2023\/05\/PATEK-CALATRAVA-REF-570-OR-BLANC-18K-CENTER-SECONDS-FROM-1966ARCHIVES-N-MVT-711XXX_-320XXX-_0021_Calque-3-scaled.jpg","datePublished":"2023-05-19T10:07:41+00:00","dateModified":"2025-11-25T17:43:18+00:00","description":"Marque : Patek Philippe Mod\u00e8le : Calatrava Mouvement : M\u00e9canique \u00e0 remontage manuel Cal. 27SC R\u00e9f\u00e9rence : 570 WG Diam\u00e8tre : 36 mm Bo\u00eetier : Beau bo\u00eetier","breadcrumb":{"@id":"https:\/\/www.parisheure.com\/acheter-montre\/patek-philippe-oversizecalatrava-ref-570-or-blanc-18k-750-archives-secondes-centrales-from-1966-stock-paris-heure\/#breadcrumb"},"inLanguage":"en-US","potentialAction":[{"@type":"ReadAction","target":["https:\/\/www.parisheure.com\/acheter-montre\/patek-philippe-oversizecalatrava-ref-570-or-blanc-18k-750-archives-secondes-centrales-from-1966-stock-paris-heure\/"]}]},{"@type":"ImageObject","inLanguage":"en-US","@id":"https:\/\/www.parisheure.com\/acheter-montre\/patek-philippe-oversizecalatrava-ref-570-or-blanc-18k-750-archives-secondes-centrales-from-1966-stock-paris-heure\/#primaryimage","url":"https:\/\/www.parisheure.com\/wp-content\/uploads\/2023\/05\/PATEK-CALATRAVA-REF-570-OR-BLANC-18K-CENTER-SECONDS-FROM-1966ARCHIVES-N-MVT-711XXX_-320XXX-_0021_Calque-3-scaled.jpg","contentUrl":"https:\/\/www.parisheure.com\/wp-content\/uploads\/2023\/05\/PATEK-CALATRAVA-REF-570-OR-BLANC-18K-CENTER-SECONDS-FROM-1966ARCHIVES-N-MVT-711XXX_-320XXX-_0021_Calque-3-scaled.jpg","width":2560,"height":2560},{"@type":"BreadcrumbList","@id":"https:\/\/www.parisheure.com\/acheter-montre\/patek-philippe-oversizecalatrava-ref-570-or-blanc-18k-750-archives-secondes-centrales-from-1966-stock-paris-heure\/#breadcrumb","itemListElement":[{"@type":"ListItem","position":1,"name":"Accueil","item":"https:\/\/www.parisheure.com\/"},{"@type":"ListItem","position":2,"name":"WATCHES","item":"https:\/\/www.parisheure.com\/"},{"@type":"ListItem","position":3,"name":"Patek philippe oversize calatrava ref 570 or blanc archives secondes centrales from 1966"}]},{"@type":"WebSite","@id":"https:\/\/www.parisheure.com\/#website","url":"https:\/\/www.parisheure.com\/","name":"PARIS HEURE","description":"Vintage watches Paris","publisher":{"@id":"https:\/\/www.parisheure.com\/#organization"},"potentialAction":[{"@type":"SearchAction","target":{"@type":"EntryPoint","urlTemplate":"https:\/\/www.parisheure.com\/?s={search_term_string}"},"query-input":{"@type":"PropertyValueSpecification","valueRequired":true,"valueName":"search_term_string"}}],"inLanguage":"en-US"},{"@type":"Organization","@id":"https:\/\/www.parisheure.com\/#organization","name":"PARIS HEURE","url":"https:\/\/www.parisheure.com\/","logo":{"@type":"ImageObject","inLanguage":"en-US","@id":"https:\/\/www.parisheure.com\/#\/schema\/logo\/image\/","url":"https:\/\/www.parisheure.com\/wp-content\/uploads\/2021\/07\/cropped-logo-paris-heure.png","contentUrl":"https:\/\/www.parisheure.com\/wp-content\/uploads\/2021\/07\/cropped-logo-paris-heure.png","width":512,"height":512,"caption":"PARIS HEURE"},"image":{"@id":"https:\/\/www.parisheure.com\/#\/schema\/logo\/image\/"},"sameAs":["https:\/\/www.facebook.com\/ParisHeure","https:\/\/www.instagram.com\/parisheure\/"]}]}},"jetpack_sharing_enabled":true,"brands":[{"id":436,"name":"Patek Philippe","slug":"patek-philippe"}],"_links":{"self":[{"href":"https:\/\/www.parisheure.com\/en\/wp-json\/wp\/v2\/product\/13248","targetHints":{"allow":["GET"]}}],"collection":[{"href":"https:\/\/www.parisheure.com\/en\/wp-json\/wp\/v2\/product"}],"about":[{"href":"https:\/\/www.parisheure.com\/en\/wp-json\/wp\/v2\/types\/product"}],"version-history":[{"count":5,"href":"https:\/\/www.parisheure.com\/en\/wp-json\/wp\/v2\/product\/13248\/revisions"}],"predecessor-version":[{"id":15264,"href":"https:\/\/www.parisheure.com\/en\/wp-json\/wp\/v2\/product\/13248\/revisions\/15264"}],"wp:featuredmedia":[{"embeddable":true,"href":"https:\/\/www.parisheure.com\/en\/wp-json\/wp\/v2\/media\/13113"}],"wp:attachment":[{"href":"https:\/\/www.parisheure.com\/en\/wp-json\/wp\/v2\/media?parent=13248"}],"wp:term":[{"taxonomy":"pwb-brand","embeddable":true,"href":"https:\/\/www.parisheure.com\/en\/wp-json\/wp\/v2\/pwb-brand?post=13248"},{"taxonomy":"product_brand","embeddable":true,"href":"https:\/\/www.parisheure.com\/en\/wp-json\/wp\/v2\/product_brand?post=13248"},{"taxonomy":"product_cat","embeddable":true,"href":"https:\/\/www.parisheure.com\/en\/wp-json\/wp\/v2\/product_cat?post=13248"},{"taxonomy":"product_tag","embeddable":true,"href":"https:\/\/www.parisheure.com\/en\/wp-json\/wp\/v2\/product_tag?post=13248"}],"curies":[{"name":"wp","href":"https:\/\/api.w.org\/{rel}","templated":true}]}}