{"id":13251,"date":"2023-05-19T12:13:13","date_gmt":"2023-05-19T10:13:13","guid":{"rendered":"https:\/\/www.parisheure.com\/?post_type=product&#038;p=13251"},"modified":"2026-01-16T14:14:32","modified_gmt":"2026-01-16T13:14:32","slug":"rolex-seadweller-great-white-ref-1665-mk5-vanilla-from-1979-stock-ph-watches","status":"publish","type":"product","link":"https:\/\/www.parisheure.com\/en\/buy-watch\/rolex-seadweller-great-white-ref-1665-mk5-vanilla-from-1979-stock-ph-watches\/","title":{"rendered":"Rolex seadweller great white ref 1665 mk5 vanilla from 1979"},"content":{"rendered":"<p><strong>Our opinion:<\/strong> A sublime example of the vintage Seadweller date reference 1665, The Rolex Seadweller with date and white writing. A must have in a Rolex collection, model produced until 1980's, this watch is part of the mark V series, serial number 625XXXX. The watch is in good condition, its mk5 dial has a beautiful vanilla yellow patina. The hands are a little lighter than the indexes! Rare watch in this condition because almost all of them were diving at that time. A very beautiful collector's copy and with its later oyster bracelet. A must have for any beautiful collection.<\/p>","protected":false},"excerpt":{"rendered":"<p><strong>Magnificent Rolex Seadweller ref 1665 great white mk5<\/strong><\/p>\n<p><strong>Movement\u00a0: <\/strong>Auto cal 1570<\/p>\n<p><strong>Reference:<\/strong>\u00a01665<\/p>\n<p><strong>Diameter\u00a0: <\/strong>40mm<\/p>\n<p><strong>Year:<\/strong>\u00a01979<\/p>\n<p><strong>Serial : <\/strong>625XXX<\/p>\n<p><strong>Case:<\/strong>\u00a0Beautiful case, still very thick and with clearly visible angles and chamfers. The watch has been polished but not that much. Glasses in good condition. Beautiful black insert without defects. No significant visible shocks.<\/p>\n<p><strong>Dial:<\/strong>\u00a0Beautiful Seadweller Great White MK5 series dial with a beautiful homogeneous vanilla turning patina. Very nice overall set. Needles slightly lighter.<\/p>\n<p><strong>Bracelet :<\/strong> Rolex oyster steel ref 93150 endlink 585 in good condition<\/p>\n<p><strong>Accessories: <\/strong>None.<\/p>","protected":false},"featured_media":14676,"template":"","meta":[],"pwb-brand":[432],"product_brand":[],"product_cat":[107,368,90,251],"product_tag":[149,222,393,154,127,148],"class_list":{"0":"post-13251","1":"product","2":"type-product","3":"status-publish","4":"has-post-thumbnail","6":"pwb-brand-rolex","7":"product_cat-archives","8":"product_cat-montres-ph-watches","9":"product_cat-rolex","10":"product_cat-rolex-seadweller","11":"product_tag-149","12":"product_tag-222","13":"product_tag-great-white","14":"product_tag-mk5","15":"product_tag-rolex","16":"product_tag-seadweller","18":"first","19":"outofstock","20":"shipping-taxable","21":"product-type-simple"},"yoast_head":"<!-- This site is optimized with the Yoast SEO plugin v27.4 - https:\/\/yoast.com\/product\/yoast-seo-wordpress\/ -->\n<title>Rolex seadweller great white ref 1665 mk5 vanilla from 1979 &#8226; PARIS HEURE<\/title>\n<meta name=\"description\" content=\"Marque: Rolex Mod\u00e8le: Seadweller GREAT WHITE Mouvement : Auto cal 1570 R\u00e9f\u00e9rence: 1665 Diam\u00e8tre : 40mm Ann\u00e9e: 1979 Boite: Beau boitier encore bien \u00e9pais\" \/>\n<meta name=\"robots\" content=\"index, follow, max-snippet:-1, max-image-preview:large, max-video-preview:-1\" \/>\n<link rel=\"canonical\" href=\"https:\/\/www.parisheure.com\/en\/buy-watch\/rolex-seadweller-great-white-ref-1665-mk5-vanilla-from-1979-stock-ph-watches\/\" \/>\n<meta property=\"og:locale\" content=\"en_US\" \/>\n<meta property=\"og:type\" content=\"article\" \/>\n<meta property=\"og:title\" content=\"Rolex seadweller great white ref 1665 mk5 vanilla from 1979 &#8226; PARIS HEURE\" \/>\n<meta property=\"og:description\" content=\"Marque: Rolex Mod\u00e8le: Seadweller GREAT WHITE Mouvement : Auto cal 1570 R\u00e9f\u00e9rence: 1665 Diam\u00e8tre : 40mm Ann\u00e9e: 1979 Boite: Beau boitier encore bien \u00e9pais\" \/>\n<meta property=\"og:url\" content=\"https:\/\/www.parisheure.com\/en\/buy-watch\/rolex-seadweller-great-white-ref-1665-mk5-vanilla-from-1979-stock-ph-watches\/\" \/>\n<meta property=\"og:site_name\" content=\"PARIS HEURE\" \/>\n<meta property=\"article:publisher\" content=\"https:\/\/www.facebook.com\/ParisHeure\" \/>\n<meta property=\"article:modified_time\" content=\"2026-01-16T13:14:32+00:00\" \/>\n<meta property=\"og:image\" content=\"https:\/\/www.parisheure.com\/wp-content\/uploads\/2023\/05\/ROLEX-SEADWELLER-REF-1665-WHITE-MK5-MAT-DIAL-FROM-1980-N\u00b0625XXXX-_0002_Calque-5-scaled.jpg\" \/>\n\t<meta property=\"og:image:width\" content=\"2560\" \/>\n\t<meta property=\"og:image:height\" content=\"2560\" \/>\n\t<meta property=\"og:image:type\" content=\"image\/jpeg\" \/>\n<meta name=\"twitter:card\" content=\"summary_large_image\" \/>\n<script type=\"application\/ld+json\" class=\"yoast-schema-graph\">{\"@context\":\"https:\\\/\\\/schema.org\",\"@graph\":[{\"@type\":\"WebPage\",\"@id\":\"https:\\\/\\\/www.parisheure.com\\\/acheter-montre\\\/rolex-seadweller-great-white-ref-1665-mk5-vanilla-from-1979-stock-ph-watches\\\/\",\"url\":\"https:\\\/\\\/www.parisheure.com\\\/acheter-montre\\\/rolex-seadweller-great-white-ref-1665-mk5-vanilla-from-1979-stock-ph-watches\\\/\",\"name\":\"Rolex seadweller great white ref 1665 mk5 vanilla from 1979 &#8226; PARIS HEURE\",\"isPartOf\":{\"@id\":\"https:\\\/\\\/www.parisheure.com\\\/#website\"},\"primaryImageOfPage\":{\"@id\":\"https:\\\/\\\/www.parisheure.com\\\/acheter-montre\\\/rolex-seadweller-great-white-ref-1665-mk5-vanilla-from-1979-stock-ph-watches\\\/#primaryimage\"},\"image\":{\"@id\":\"https:\\\/\\\/www.parisheure.com\\\/acheter-montre\\\/rolex-seadweller-great-white-ref-1665-mk5-vanilla-from-1979-stock-ph-watches\\\/#primaryimage\"},\"thumbnailUrl\":\"https:\\\/\\\/www.parisheure.com\\\/wp-content\\\/uploads\\\/2023\\\/05\\\/ROLEX-SEADWELLER-REF-1665-WHITE-MK5-MAT-DIAL-FROM-1980-N\u00b0625XXXX-_0002_Calque-5-scaled.jpg\",\"datePublished\":\"2023-05-19T10:13:13+00:00\",\"dateModified\":\"2026-01-16T13:14:32+00:00\",\"description\":\"Marque: Rolex Mod\u00e8le: Seadweller GREAT WHITE Mouvement : Auto cal 1570 R\u00e9f\u00e9rence: 1665 Diam\u00e8tre : 40mm Ann\u00e9e: 1979 Boite: Beau boitier encore bien \u00e9pais\",\"breadcrumb\":{\"@id\":\"https:\\\/\\\/www.parisheure.com\\\/acheter-montre\\\/rolex-seadweller-great-white-ref-1665-mk5-vanilla-from-1979-stock-ph-watches\\\/#breadcrumb\"},\"inLanguage\":\"en-US\",\"potentialAction\":[{\"@type\":\"ReadAction\",\"target\":[\"https:\\\/\\\/www.parisheure.com\\\/acheter-montre\\\/rolex-seadweller-great-white-ref-1665-mk5-vanilla-from-1979-stock-ph-watches\\\/\"]}]},{\"@type\":\"ImageObject\",\"inLanguage\":\"en-US\",\"@id\":\"https:\\\/\\\/www.parisheure.com\\\/acheter-montre\\\/rolex-seadweller-great-white-ref-1665-mk5-vanilla-from-1979-stock-ph-watches\\\/#primaryimage\",\"url\":\"https:\\\/\\\/www.parisheure.com\\\/wp-content\\\/uploads\\\/2023\\\/05\\\/ROLEX-SEADWELLER-REF-1665-WHITE-MK5-MAT-DIAL-FROM-1980-N\u00b0625XXXX-_0002_Calque-5-scaled.jpg\",\"contentUrl\":\"https:\\\/\\\/www.parisheure.com\\\/wp-content\\\/uploads\\\/2023\\\/05\\\/ROLEX-SEADWELLER-REF-1665-WHITE-MK5-MAT-DIAL-FROM-1980-N\u00b0625XXXX-_0002_Calque-5-scaled.jpg\",\"width\":2560,\"height\":2560},{\"@type\":\"BreadcrumbList\",\"@id\":\"https:\\\/\\\/www.parisheure.com\\\/acheter-montre\\\/rolex-seadweller-great-white-ref-1665-mk5-vanilla-from-1979-stock-ph-watches\\\/#breadcrumb\",\"itemListElement\":[{\"@type\":\"ListItem\",\"position\":1,\"name\":\"Accueil\",\"item\":\"https:\\\/\\\/www.parisheure.com\\\/\"},{\"@type\":\"ListItem\",\"position\":2,\"name\":\"WATCHES\",\"item\":\"https:\\\/\\\/www.parisheure.com\\\/\"},{\"@type\":\"ListItem\",\"position\":3,\"name\":\"Rolex seadweller great white ref 1665 mk5 vanilla from 1979\"}]},{\"@type\":\"WebSite\",\"@id\":\"https:\\\/\\\/www.parisheure.com\\\/#website\",\"url\":\"https:\\\/\\\/www.parisheure.com\\\/\",\"name\":\"PARIS HEURE\",\"description\":\"Vintage watches Paris\",\"publisher\":{\"@id\":\"https:\\\/\\\/www.parisheure.com\\\/#organization\"},\"potentialAction\":[{\"@type\":\"SearchAction\",\"target\":{\"@type\":\"EntryPoint\",\"urlTemplate\":\"https:\\\/\\\/www.parisheure.com\\\/?s={search_term_string}\"},\"query-input\":{\"@type\":\"PropertyValueSpecification\",\"valueRequired\":true,\"valueName\":\"search_term_string\"}}],\"inLanguage\":\"en-US\"},{\"@type\":\"Organization\",\"@id\":\"https:\\\/\\\/www.parisheure.com\\\/#organization\",\"name\":\"PARIS HEURE\",\"url\":\"https:\\\/\\\/www.parisheure.com\\\/\",\"logo\":{\"@type\":\"ImageObject\",\"inLanguage\":\"en-US\",\"@id\":\"https:\\\/\\\/www.parisheure.com\\\/#\\\/schema\\\/logo\\\/image\\\/\",\"url\":\"https:\\\/\\\/www.parisheure.com\\\/wp-content\\\/uploads\\\/2021\\\/07\\\/cropped-logo-paris-heure.png\",\"contentUrl\":\"https:\\\/\\\/www.parisheure.com\\\/wp-content\\\/uploads\\\/2021\\\/07\\\/cropped-logo-paris-heure.png\",\"width\":512,\"height\":512,\"caption\":\"PARIS HEURE\"},\"image\":{\"@id\":\"https:\\\/\\\/www.parisheure.com\\\/#\\\/schema\\\/logo\\\/image\\\/\"},\"sameAs\":[\"https:\\\/\\\/www.facebook.com\\\/ParisHeure\",\"https:\\\/\\\/www.instagram.com\\\/parisheure\\\/\"]}]}<\/script>\n<!-- \/ Yoast SEO plugin. -->","yoast_head_json":{"title":"Rolex seadweller great white ref 1665 mk5 vanilla from 1979 &#8226; PARIS HEURE","description":"Marque: Rolex Mod\u00e8le: Seadweller GREAT WHITE Mouvement : Auto cal 1570 R\u00e9f\u00e9rence: 1665 Diam\u00e8tre : 40mm Ann\u00e9e: 1979 Boite: Beau boitier encore bien \u00e9pais","robots":{"index":"index","follow":"follow","max-snippet":"max-snippet:-1","max-image-preview":"max-image-preview:large","max-video-preview":"max-video-preview:-1"},"canonical":"https:\/\/www.parisheure.com\/en\/buy-watch\/rolex-seadweller-great-white-ref-1665-mk5-vanilla-from-1979-stock-ph-watches\/","og_locale":"en_US","og_type":"article","og_title":"Rolex seadweller great white ref 1665 mk5 vanilla from 1979 &#8226; PARIS HEURE","og_description":"Marque: Rolex Mod\u00e8le: Seadweller GREAT WHITE Mouvement : Auto cal 1570 R\u00e9f\u00e9rence: 1665 Diam\u00e8tre : 40mm Ann\u00e9e: 1979 Boite: Beau boitier encore bien \u00e9pais","og_url":"https:\/\/www.parisheure.com\/en\/buy-watch\/rolex-seadweller-great-white-ref-1665-mk5-vanilla-from-1979-stock-ph-watches\/","og_site_name":"PARIS HEURE","article_publisher":"https:\/\/www.facebook.com\/ParisHeure","article_modified_time":"2026-01-16T13:14:32+00:00","og_image":[{"width":2560,"height":2560,"url":"https:\/\/www.parisheure.com\/wp-content\/uploads\/2023\/05\/ROLEX-SEADWELLER-REF-1665-WHITE-MK5-MAT-DIAL-FROM-1980-N\u00b0625XXXX-_0002_Calque-5-scaled.jpg","type":"image\/jpeg"}],"twitter_card":"summary_large_image","schema":{"@context":"https:\/\/schema.org","@graph":[{"@type":"WebPage","@id":"https:\/\/www.parisheure.com\/acheter-montre\/rolex-seadweller-great-white-ref-1665-mk5-vanilla-from-1979-stock-ph-watches\/","url":"https:\/\/www.parisheure.com\/acheter-montre\/rolex-seadweller-great-white-ref-1665-mk5-vanilla-from-1979-stock-ph-watches\/","name":"Rolex seadweller great white ref 1665 mk5 vanilla from 1979 &#8226; PARIS HEURE","isPartOf":{"@id":"https:\/\/www.parisheure.com\/#website"},"primaryImageOfPage":{"@id":"https:\/\/www.parisheure.com\/acheter-montre\/rolex-seadweller-great-white-ref-1665-mk5-vanilla-from-1979-stock-ph-watches\/#primaryimage"},"image":{"@id":"https:\/\/www.parisheure.com\/acheter-montre\/rolex-seadweller-great-white-ref-1665-mk5-vanilla-from-1979-stock-ph-watches\/#primaryimage"},"thumbnailUrl":"https:\/\/www.parisheure.com\/wp-content\/uploads\/2023\/05\/ROLEX-SEADWELLER-REF-1665-WHITE-MK5-MAT-DIAL-FROM-1980-N\u00b0625XXXX-_0002_Calque-5-scaled.jpg","datePublished":"2023-05-19T10:13:13+00:00","dateModified":"2026-01-16T13:14:32+00:00","description":"Marque: Rolex Mod\u00e8le: Seadweller GREAT WHITE Mouvement : Auto cal 1570 R\u00e9f\u00e9rence: 1665 Diam\u00e8tre : 40mm Ann\u00e9e: 1979 Boite: Beau boitier encore bien \u00e9pais","breadcrumb":{"@id":"https:\/\/www.parisheure.com\/acheter-montre\/rolex-seadweller-great-white-ref-1665-mk5-vanilla-from-1979-stock-ph-watches\/#breadcrumb"},"inLanguage":"en-US","potentialAction":[{"@type":"ReadAction","target":["https:\/\/www.parisheure.com\/acheter-montre\/rolex-seadweller-great-white-ref-1665-mk5-vanilla-from-1979-stock-ph-watches\/"]}]},{"@type":"ImageObject","inLanguage":"en-US","@id":"https:\/\/www.parisheure.com\/acheter-montre\/rolex-seadweller-great-white-ref-1665-mk5-vanilla-from-1979-stock-ph-watches\/#primaryimage","url":"https:\/\/www.parisheure.com\/wp-content\/uploads\/2023\/05\/ROLEX-SEADWELLER-REF-1665-WHITE-MK5-MAT-DIAL-FROM-1980-N\u00b0625XXXX-_0002_Calque-5-scaled.jpg","contentUrl":"https:\/\/www.parisheure.com\/wp-content\/uploads\/2023\/05\/ROLEX-SEADWELLER-REF-1665-WHITE-MK5-MAT-DIAL-FROM-1980-N\u00b0625XXXX-_0002_Calque-5-scaled.jpg","width":2560,"height":2560},{"@type":"BreadcrumbList","@id":"https:\/\/www.parisheure.com\/acheter-montre\/rolex-seadweller-great-white-ref-1665-mk5-vanilla-from-1979-stock-ph-watches\/#breadcrumb","itemListElement":[{"@type":"ListItem","position":1,"name":"Accueil","item":"https:\/\/www.parisheure.com\/"},{"@type":"ListItem","position":2,"name":"WATCHES","item":"https:\/\/www.parisheure.com\/"},{"@type":"ListItem","position":3,"name":"Rolex seadweller great white ref 1665 mk5 vanilla from 1979"}]},{"@type":"WebSite","@id":"https:\/\/www.parisheure.com\/#website","url":"https:\/\/www.parisheure.com\/","name":"PARIS HEURE","description":"Vintage watches Paris","publisher":{"@id":"https:\/\/www.parisheure.com\/#organization"},"potentialAction":[{"@type":"SearchAction","target":{"@type":"EntryPoint","urlTemplate":"https:\/\/www.parisheure.com\/?s={search_term_string}"},"query-input":{"@type":"PropertyValueSpecification","valueRequired":true,"valueName":"search_term_string"}}],"inLanguage":"en-US"},{"@type":"Organization","@id":"https:\/\/www.parisheure.com\/#organization","name":"PARIS HEURE","url":"https:\/\/www.parisheure.com\/","logo":{"@type":"ImageObject","inLanguage":"en-US","@id":"https:\/\/www.parisheure.com\/#\/schema\/logo\/image\/","url":"https:\/\/www.parisheure.com\/wp-content\/uploads\/2021\/07\/cropped-logo-paris-heure.png","contentUrl":"https:\/\/www.parisheure.com\/wp-content\/uploads\/2021\/07\/cropped-logo-paris-heure.png","width":512,"height":512,"caption":"PARIS HEURE"},"image":{"@id":"https:\/\/www.parisheure.com\/#\/schema\/logo\/image\/"},"sameAs":["https:\/\/www.facebook.com\/ParisHeure","https:\/\/www.instagram.com\/parisheure\/"]}]}},"jetpack_sharing_enabled":true,"brands":[{"id":432,"name":"Rolex","slug":"rolex"}],"_links":{"self":[{"href":"https:\/\/www.parisheure.com\/en\/wp-json\/wp\/v2\/product\/13251","targetHints":{"allow":["GET"]}}],"collection":[{"href":"https:\/\/www.parisheure.com\/en\/wp-json\/wp\/v2\/product"}],"about":[{"href":"https:\/\/www.parisheure.com\/en\/wp-json\/wp\/v2\/types\/product"}],"version-history":[{"count":6,"href":"https:\/\/www.parisheure.com\/en\/wp-json\/wp\/v2\/product\/13251\/revisions"}],"predecessor-version":[{"id":15314,"href":"https:\/\/www.parisheure.com\/en\/wp-json\/wp\/v2\/product\/13251\/revisions\/15314"}],"wp:featuredmedia":[{"embeddable":true,"href":"https:\/\/www.parisheure.com\/en\/wp-json\/wp\/v2\/media\/14676"}],"wp:attachment":[{"href":"https:\/\/www.parisheure.com\/en\/wp-json\/wp\/v2\/media?parent=13251"}],"wp:term":[{"taxonomy":"pwb-brand","embeddable":true,"href":"https:\/\/www.parisheure.com\/en\/wp-json\/wp\/v2\/pwb-brand?post=13251"},{"taxonomy":"product_brand","embeddable":true,"href":"https:\/\/www.parisheure.com\/en\/wp-json\/wp\/v2\/product_brand?post=13251"},{"taxonomy":"product_cat","embeddable":true,"href":"https:\/\/www.parisheure.com\/en\/wp-json\/wp\/v2\/product_cat?post=13251"},{"taxonomy":"product_tag","embeddable":true,"href":"https:\/\/www.parisheure.com\/en\/wp-json\/wp\/v2\/product_tag?post=13251"}],"curies":[{"name":"wp","href":"https:\/\/api.w.org\/{rel}","templated":true}]}}