{"id":13253,"date":"2023-05-20T11:28:15","date_gmt":"2023-05-20T09:28:15","guid":{"rendered":"https:\/\/www.parisheure.com\/?post_type=product&#038;p=13253"},"modified":"2024-10-22T16:38:13","modified_gmt":"2024-10-22T14:38:13","slug":"rolex-seadweller-double-red-ref-1665-mk4-rare-full-set-from-1975","status":"publish","type":"product","link":"https:\/\/www.parisheure.com\/en\/buy-watch\/rolex-seadweller-double-red-ref-1665-mk4-rare-full-set-from-1975\/","title":{"rendered":"ROLEX SEADWELLER DOUBLE RED REF 1665 MK4 RARE FULL SET from 1975 ( STOCK PARIS HEURE )"},"content":{"rendered":"<p><strong>Our opinion:<\/strong> Un sublime exemplaire de la Seadweller date vintage r\u00e9f\u00e9rence 1665, La Rolex Seadweller avec date et \u00e9criture double rouge. Un must have d\u2019une collection Rolex, mod\u00e8le produit jusqu\u2019en 1977, cette montre fait partie de la s\u00e9rie mark IV de, num\u00e9ro de s\u00e9rie 409XXXX. La montre est en bon \u00e9tat, son cadran d \u2018origine mk4 a une belle patine jaune vanille avec le rouge bien visible. Les aiguilles sont un peu plus fonc\u00e9es que les index ! Montre rare dans cet \u00e9tat car elles plongeaient quasiment toutes \u00e0 cette \u00e9poque. Un tr\u00e8s bel exemplaire collector et avec son bracelet oyster plus tardif et son full set. Un must have de toute belle collection.<\/p>","protected":false},"excerpt":{"rendered":"<p><strong>Brand:<\/strong>\u00a0Rolex<\/p>\n<p><strong>Model:<\/strong>\u00a0Seadweller double red<\/p>\n<p><strong>Movement\u00a0: <\/strong>Auto cal 1570<\/p>\n<p><strong>Reference:<\/strong>\u00a01665<\/p>\n<p><strong>Diameter\u00a0: <\/strong>40mm<\/p>\n<p><strong>Year:<\/strong>\u00a01975<\/p>\n<p><strong>Serial : <\/strong>409XXX<\/p>\n<p><strong>Case:<\/strong>\u00a0Beau boitier encore \u00e9pais et avec des angles et des chanfreins bien visible. La montre a \u00e9t\u00e9 polie mais pas tant que \u00e7a. Lunette ghost en bon \u00e9tat. Insert d\u2019origine MK3 ghost superbe patine. Pas de chocs visibles importants.<\/p>\n<p><strong>Dial:<\/strong>\u00a0Beau cadran d\u2019origine seadweller double rouge MK4 avec une belle patine homog\u00e8ne tournant vanille. Tr\u00e8s bel ensemble g\u00e9n\u00e9ral. Aiguilles l\u00e9g\u00e8rement plus fonc\u00e9 et rellum\u00e9e.<\/p>\n<p><strong>Bracelet :<\/strong> Rolex acier ref 93150 endlink 580 en bon \u00e9tat<\/p>\n<p><strong>Accessories: <\/strong>Boite, surboite papiers anglais \u00e9cris \u00e0 la main avec le num\u00e9ro de s\u00e9rie et une r\u00e9f\u00e9rence ainsi qu\u2019une r\u00e9vision Rolex UK de 2004.<\/p>","protected":false},"featured_media":13208,"template":"","meta":[],"pwb-brand":[432],"product_brand":[],"product_cat":[107,367,90,251],"product_tag":[149,396,394,395,266,127,148],"class_list":{"0":"post-13253","1":"product","2":"type-product","3":"status-publish","4":"has-post-thumbnail","6":"pwb-brand-rolex","7":"product_cat-archives","8":"product_cat-montres-paris-heure","9":"product_cat-rolex","10":"product_cat-rolex-seadweller","11":"product_tag-149","12":"product_tag-396","13":"product_tag-double-rouge","14":"product_tag-drsd","15":"product_tag-mk4","16":"product_tag-rolex","17":"product_tag-seadweller","19":"first","20":"outofstock","21":"shipping-taxable","22":"product-type-simple"},"yoast_head":"<!-- This site is optimized with the Yoast SEO plugin v27.5 - https:\/\/yoast.com\/product\/yoast-seo-wordpress\/ -->\n<title>ROLEX SEADWELLER DOUBLE RED REF 1665 MK4 RARE FULL SET<\/title>\n<meta name=\"description\" content=\"Marque: Rolex Mod\u00e8le: Seadweller double red Mouvement : cal 1570 R\u00e9f\u00e9rence: 1665 Diam\u00e8tre : 40mm Ann\u00e9e: 1975 Serial : 409xxx Boite: Beau boitier encore \u00e9pais\" \/>\n<meta name=\"robots\" content=\"index, follow, max-snippet:-1, max-image-preview:large, max-video-preview:-1\" \/>\n<link rel=\"canonical\" href=\"https:\/\/www.parisheure.com\/en\/buy-watch\/rolex-seadweller-double-red-ref-1665-mk4-rare-full-set-from-1975\/\" \/>\n<meta property=\"og:locale\" content=\"en_US\" \/>\n<meta property=\"og:type\" content=\"article\" \/>\n<meta property=\"og:title\" content=\"ROLEX SEADWELLER DOUBLE RED REF 1665 MK4 RARE FULL SET\" \/>\n<meta property=\"og:description\" content=\"Marque: Rolex Mod\u00e8le: Seadweller double red Mouvement : cal 1570 R\u00e9f\u00e9rence: 1665 Diam\u00e8tre : 40mm Ann\u00e9e: 1975 Serial : 409xxx Boite: Beau boitier encore \u00e9pais\" \/>\n<meta property=\"og:url\" content=\"https:\/\/www.parisheure.com\/en\/buy-watch\/rolex-seadweller-double-red-ref-1665-mk4-rare-full-set-from-1975\/\" \/>\n<meta property=\"og:site_name\" content=\"PARIS HEURE\" \/>\n<meta property=\"article:publisher\" content=\"https:\/\/www.facebook.com\/ParisHeure\" \/>\n<meta property=\"article:modified_time\" content=\"2024-10-22T14:38:13+00:00\" \/>\n<meta property=\"og:image\" content=\"https:\/\/www.parisheure.com\/wp-content\/uploads\/2023\/05\/ROLEX-SEADWELLLER-REF-1665-DOUBLE-ROUGE-MK4-FULL-SET-N\u00b0409XXXX-_0022_Calque-5-scaled.jpg\" \/>\n\t<meta property=\"og:image:width\" content=\"2560\" \/>\n\t<meta property=\"og:image:height\" content=\"2560\" \/>\n\t<meta property=\"og:image:type\" content=\"image\/jpeg\" \/>\n<meta name=\"twitter:card\" content=\"summary_large_image\" \/>\n<script type=\"application\/ld+json\" class=\"yoast-schema-graph\">{\"@context\":\"https:\\\/\\\/schema.org\",\"@graph\":[{\"@type\":\"WebPage\",\"@id\":\"https:\\\/\\\/www.parisheure.com\\\/acheter-montre\\\/rolex-seadweller-double-red-ref-1665-mk4-rare-full-set-from-1975\\\/\",\"url\":\"https:\\\/\\\/www.parisheure.com\\\/acheter-montre\\\/rolex-seadweller-double-red-ref-1665-mk4-rare-full-set-from-1975\\\/\",\"name\":\"ROLEX SEADWELLER DOUBLE RED REF 1665 MK4 RARE FULL SET\",\"isPartOf\":{\"@id\":\"https:\\\/\\\/www.parisheure.com\\\/#website\"},\"primaryImageOfPage\":{\"@id\":\"https:\\\/\\\/www.parisheure.com\\\/acheter-montre\\\/rolex-seadweller-double-red-ref-1665-mk4-rare-full-set-from-1975\\\/#primaryimage\"},\"image\":{\"@id\":\"https:\\\/\\\/www.parisheure.com\\\/acheter-montre\\\/rolex-seadweller-double-red-ref-1665-mk4-rare-full-set-from-1975\\\/#primaryimage\"},\"thumbnailUrl\":\"https:\\\/\\\/www.parisheure.com\\\/wp-content\\\/uploads\\\/2023\\\/05\\\/ROLEX-SEADWELLLER-REF-1665-DOUBLE-ROUGE-MK4-FULL-SET-N\u00b0409XXXX-_0022_Calque-5-scaled.jpg\",\"datePublished\":\"2023-05-20T09:28:15+00:00\",\"dateModified\":\"2024-10-22T14:38:13+00:00\",\"description\":\"Marque: Rolex Mod\u00e8le: Seadweller double red Mouvement : cal 1570 R\u00e9f\u00e9rence: 1665 Diam\u00e8tre : 40mm Ann\u00e9e: 1975 Serial : 409xxx Boite: Beau boitier encore \u00e9pais\",\"breadcrumb\":{\"@id\":\"https:\\\/\\\/www.parisheure.com\\\/acheter-montre\\\/rolex-seadweller-double-red-ref-1665-mk4-rare-full-set-from-1975\\\/#breadcrumb\"},\"inLanguage\":\"en-US\",\"potentialAction\":[{\"@type\":\"ReadAction\",\"target\":[\"https:\\\/\\\/www.parisheure.com\\\/acheter-montre\\\/rolex-seadweller-double-red-ref-1665-mk4-rare-full-set-from-1975\\\/\"]}]},{\"@type\":\"ImageObject\",\"inLanguage\":\"en-US\",\"@id\":\"https:\\\/\\\/www.parisheure.com\\\/acheter-montre\\\/rolex-seadweller-double-red-ref-1665-mk4-rare-full-set-from-1975\\\/#primaryimage\",\"url\":\"https:\\\/\\\/www.parisheure.com\\\/wp-content\\\/uploads\\\/2023\\\/05\\\/ROLEX-SEADWELLLER-REF-1665-DOUBLE-ROUGE-MK4-FULL-SET-N\u00b0409XXXX-_0022_Calque-5-scaled.jpg\",\"contentUrl\":\"https:\\\/\\\/www.parisheure.com\\\/wp-content\\\/uploads\\\/2023\\\/05\\\/ROLEX-SEADWELLLER-REF-1665-DOUBLE-ROUGE-MK4-FULL-SET-N\u00b0409XXXX-_0022_Calque-5-scaled.jpg\",\"width\":2560,\"height\":2560},{\"@type\":\"BreadcrumbList\",\"@id\":\"https:\\\/\\\/www.parisheure.com\\\/acheter-montre\\\/rolex-seadweller-double-red-ref-1665-mk4-rare-full-set-from-1975\\\/#breadcrumb\",\"itemListElement\":[{\"@type\":\"ListItem\",\"position\":1,\"name\":\"Accueil\",\"item\":\"https:\\\/\\\/www.parisheure.com\\\/\"},{\"@type\":\"ListItem\",\"position\":2,\"name\":\"WATCHES\",\"item\":\"https:\\\/\\\/www.parisheure.com\\\/\"},{\"@type\":\"ListItem\",\"position\":3,\"name\":\"ROLEX SEADWELLER DOUBLE RED REF 1665 MK4 RARE FULL SET from 1975 ( STOCK PARIS HEURE )\"}]},{\"@type\":\"WebSite\",\"@id\":\"https:\\\/\\\/www.parisheure.com\\\/#website\",\"url\":\"https:\\\/\\\/www.parisheure.com\\\/\",\"name\":\"PARIS HEURE\",\"description\":\"Vintage watches Paris\",\"publisher\":{\"@id\":\"https:\\\/\\\/www.parisheure.com\\\/#organization\"},\"potentialAction\":[{\"@type\":\"SearchAction\",\"target\":{\"@type\":\"EntryPoint\",\"urlTemplate\":\"https:\\\/\\\/www.parisheure.com\\\/?s={search_term_string}\"},\"query-input\":{\"@type\":\"PropertyValueSpecification\",\"valueRequired\":true,\"valueName\":\"search_term_string\"}}],\"inLanguage\":\"en-US\"},{\"@type\":\"Organization\",\"@id\":\"https:\\\/\\\/www.parisheure.com\\\/#organization\",\"name\":\"PARIS HEURE\",\"url\":\"https:\\\/\\\/www.parisheure.com\\\/\",\"logo\":{\"@type\":\"ImageObject\",\"inLanguage\":\"en-US\",\"@id\":\"https:\\\/\\\/www.parisheure.com\\\/#\\\/schema\\\/logo\\\/image\\\/\",\"url\":\"https:\\\/\\\/www.parisheure.com\\\/wp-content\\\/uploads\\\/2021\\\/07\\\/cropped-logo-paris-heure.png\",\"contentUrl\":\"https:\\\/\\\/www.parisheure.com\\\/wp-content\\\/uploads\\\/2021\\\/07\\\/cropped-logo-paris-heure.png\",\"width\":512,\"height\":512,\"caption\":\"PARIS HEURE\"},\"image\":{\"@id\":\"https:\\\/\\\/www.parisheure.com\\\/#\\\/schema\\\/logo\\\/image\\\/\"},\"sameAs\":[\"https:\\\/\\\/www.facebook.com\\\/ParisHeure\",\"https:\\\/\\\/www.instagram.com\\\/parisheure\\\/\"]}]}<\/script>\n<!-- \/ Yoast SEO plugin. -->","yoast_head_json":{"title":"ROLEX SEADWELLER DOUBLE RED REF 1665 MK4 RARE FULL SET","description":"Marque: Rolex Mod\u00e8le: Seadweller double red Mouvement : cal 1570 R\u00e9f\u00e9rence: 1665 Diam\u00e8tre : 40mm Ann\u00e9e: 1975 Serial : 409xxx Boite: Beau boitier encore \u00e9pais","robots":{"index":"index","follow":"follow","max-snippet":"max-snippet:-1","max-image-preview":"max-image-preview:large","max-video-preview":"max-video-preview:-1"},"canonical":"https:\/\/www.parisheure.com\/en\/buy-watch\/rolex-seadweller-double-red-ref-1665-mk4-rare-full-set-from-1975\/","og_locale":"en_US","og_type":"article","og_title":"ROLEX SEADWELLER DOUBLE RED REF 1665 MK4 RARE FULL SET","og_description":"Marque: Rolex Mod\u00e8le: Seadweller double red Mouvement : cal 1570 R\u00e9f\u00e9rence: 1665 Diam\u00e8tre : 40mm Ann\u00e9e: 1975 Serial : 409xxx Boite: Beau boitier encore \u00e9pais","og_url":"https:\/\/www.parisheure.com\/en\/buy-watch\/rolex-seadweller-double-red-ref-1665-mk4-rare-full-set-from-1975\/","og_site_name":"PARIS HEURE","article_publisher":"https:\/\/www.facebook.com\/ParisHeure","article_modified_time":"2024-10-22T14:38:13+00:00","og_image":[{"width":2560,"height":2560,"url":"https:\/\/www.parisheure.com\/wp-content\/uploads\/2023\/05\/ROLEX-SEADWELLLER-REF-1665-DOUBLE-ROUGE-MK4-FULL-SET-N\u00b0409XXXX-_0022_Calque-5-scaled.jpg","type":"image\/jpeg"}],"twitter_card":"summary_large_image","schema":{"@context":"https:\/\/schema.org","@graph":[{"@type":"WebPage","@id":"https:\/\/www.parisheure.com\/acheter-montre\/rolex-seadweller-double-red-ref-1665-mk4-rare-full-set-from-1975\/","url":"https:\/\/www.parisheure.com\/acheter-montre\/rolex-seadweller-double-red-ref-1665-mk4-rare-full-set-from-1975\/","name":"ROLEX SEADWELLER DOUBLE RED REF 1665 MK4 RARE FULL SET","isPartOf":{"@id":"https:\/\/www.parisheure.com\/#website"},"primaryImageOfPage":{"@id":"https:\/\/www.parisheure.com\/acheter-montre\/rolex-seadweller-double-red-ref-1665-mk4-rare-full-set-from-1975\/#primaryimage"},"image":{"@id":"https:\/\/www.parisheure.com\/acheter-montre\/rolex-seadweller-double-red-ref-1665-mk4-rare-full-set-from-1975\/#primaryimage"},"thumbnailUrl":"https:\/\/www.parisheure.com\/wp-content\/uploads\/2023\/05\/ROLEX-SEADWELLLER-REF-1665-DOUBLE-ROUGE-MK4-FULL-SET-N\u00b0409XXXX-_0022_Calque-5-scaled.jpg","datePublished":"2023-05-20T09:28:15+00:00","dateModified":"2024-10-22T14:38:13+00:00","description":"Marque: Rolex Mod\u00e8le: Seadweller double red Mouvement : cal 1570 R\u00e9f\u00e9rence: 1665 Diam\u00e8tre : 40mm Ann\u00e9e: 1975 Serial : 409xxx Boite: Beau boitier encore \u00e9pais","breadcrumb":{"@id":"https:\/\/www.parisheure.com\/acheter-montre\/rolex-seadweller-double-red-ref-1665-mk4-rare-full-set-from-1975\/#breadcrumb"},"inLanguage":"en-US","potentialAction":[{"@type":"ReadAction","target":["https:\/\/www.parisheure.com\/acheter-montre\/rolex-seadweller-double-red-ref-1665-mk4-rare-full-set-from-1975\/"]}]},{"@type":"ImageObject","inLanguage":"en-US","@id":"https:\/\/www.parisheure.com\/acheter-montre\/rolex-seadweller-double-red-ref-1665-mk4-rare-full-set-from-1975\/#primaryimage","url":"https:\/\/www.parisheure.com\/wp-content\/uploads\/2023\/05\/ROLEX-SEADWELLLER-REF-1665-DOUBLE-ROUGE-MK4-FULL-SET-N\u00b0409XXXX-_0022_Calque-5-scaled.jpg","contentUrl":"https:\/\/www.parisheure.com\/wp-content\/uploads\/2023\/05\/ROLEX-SEADWELLLER-REF-1665-DOUBLE-ROUGE-MK4-FULL-SET-N\u00b0409XXXX-_0022_Calque-5-scaled.jpg","width":2560,"height":2560},{"@type":"BreadcrumbList","@id":"https:\/\/www.parisheure.com\/acheter-montre\/rolex-seadweller-double-red-ref-1665-mk4-rare-full-set-from-1975\/#breadcrumb","itemListElement":[{"@type":"ListItem","position":1,"name":"Accueil","item":"https:\/\/www.parisheure.com\/"},{"@type":"ListItem","position":2,"name":"WATCHES","item":"https:\/\/www.parisheure.com\/"},{"@type":"ListItem","position":3,"name":"ROLEX SEADWELLER DOUBLE RED REF 1665 MK4 RARE FULL SET from 1975 ( STOCK PARIS HEURE )"}]},{"@type":"WebSite","@id":"https:\/\/www.parisheure.com\/#website","url":"https:\/\/www.parisheure.com\/","name":"PARIS HEURE","description":"Vintage watches Paris","publisher":{"@id":"https:\/\/www.parisheure.com\/#organization"},"potentialAction":[{"@type":"SearchAction","target":{"@type":"EntryPoint","urlTemplate":"https:\/\/www.parisheure.com\/?s={search_term_string}"},"query-input":{"@type":"PropertyValueSpecification","valueRequired":true,"valueName":"search_term_string"}}],"inLanguage":"en-US"},{"@type":"Organization","@id":"https:\/\/www.parisheure.com\/#organization","name":"PARIS HEURE","url":"https:\/\/www.parisheure.com\/","logo":{"@type":"ImageObject","inLanguage":"en-US","@id":"https:\/\/www.parisheure.com\/#\/schema\/logo\/image\/","url":"https:\/\/www.parisheure.com\/wp-content\/uploads\/2021\/07\/cropped-logo-paris-heure.png","contentUrl":"https:\/\/www.parisheure.com\/wp-content\/uploads\/2021\/07\/cropped-logo-paris-heure.png","width":512,"height":512,"caption":"PARIS HEURE"},"image":{"@id":"https:\/\/www.parisheure.com\/#\/schema\/logo\/image\/"},"sameAs":["https:\/\/www.facebook.com\/ParisHeure","https:\/\/www.instagram.com\/parisheure\/"]}]}},"jetpack_sharing_enabled":true,"brands":[{"id":432,"name":"Rolex","slug":"rolex"}],"_links":{"self":[{"href":"https:\/\/www.parisheure.com\/en\/wp-json\/wp\/v2\/product\/13253","targetHints":{"allow":["GET"]}}],"collection":[{"href":"https:\/\/www.parisheure.com\/en\/wp-json\/wp\/v2\/product"}],"about":[{"href":"https:\/\/www.parisheure.com\/en\/wp-json\/wp\/v2\/types\/product"}],"version-history":[{"count":1,"href":"https:\/\/www.parisheure.com\/en\/wp-json\/wp\/v2\/product\/13253\/revisions"}],"predecessor-version":[{"id":14135,"href":"https:\/\/www.parisheure.com\/en\/wp-json\/wp\/v2\/product\/13253\/revisions\/14135"}],"wp:featuredmedia":[{"embeddable":true,"href":"https:\/\/www.parisheure.com\/en\/wp-json\/wp\/v2\/media\/13208"}],"wp:attachment":[{"href":"https:\/\/www.parisheure.com\/en\/wp-json\/wp\/v2\/media?parent=13253"}],"wp:term":[{"taxonomy":"pwb-brand","embeddable":true,"href":"https:\/\/www.parisheure.com\/en\/wp-json\/wp\/v2\/pwb-brand?post=13253"},{"taxonomy":"product_brand","embeddable":true,"href":"https:\/\/www.parisheure.com\/en\/wp-json\/wp\/v2\/product_brand?post=13253"},{"taxonomy":"product_cat","embeddable":true,"href":"https:\/\/www.parisheure.com\/en\/wp-json\/wp\/v2\/product_cat?post=13253"},{"taxonomy":"product_tag","embeddable":true,"href":"https:\/\/www.parisheure.com\/en\/wp-json\/wp\/v2\/product_tag?post=13253"}],"curies":[{"name":"wp","href":"https:\/\/api.w.org\/{rel}","templated":true}]}}