{"id":13258,"date":"2023-05-20T11:40:09","date_gmt":"2023-05-20T09:40:09","guid":{"rendered":"https:\/\/www.parisheure.com\/?post_type=product&#038;p=13258"},"modified":"2025-01-06T16:28:56","modified_gmt":"2025-01-06T15:28:56","slug":"rolex-submariner-ref-5513-serif-dial-vanilla-from-1977-stock-ph-watches","status":"publish","type":"product","link":"https:\/\/www.parisheure.com\/en\/buy-watch\/rolex-submariner-ref-5513-serif-dial-vanilla-from-1977-stock-ph-watches\/","title":{"rendered":"Rolex submariner ref 5513 serif dial vanilla from 1977 ( stock ph watches )"},"content":{"rendered":"<p><strong>Our opinion:<\/strong> Un tr\u00e8s beau et rare exemplaire de la Submariner vintage r\u00e9f\u00e9rence 5513, tr\u00e8s beau cadran avec une belle patine VANILLE parfaite, bracelet acier blind\u00e9 et mouvement en parfait \u00e9tat de fonctionnement. La montre est en parfait \u00e9tat a peine polie. Aiguilles et cadrans matching couleur vanille tr\u00e8s recherch\u00e9e. Tr\u00e8s bel insert MK3.<\/p>","protected":false},"excerpt":{"rendered":"<h4><b>Une belle Rolex Submariner ref 5513 mat dial <\/b><\/h4>\n<p><strong>Movement\u00a0: <\/strong>Auto cal 1520<\/p>\n<p><strong>Reference:<\/strong>\u00a05513<\/p>\n<p><strong>Diameter\u00a0: <\/strong>40mm<\/p>\n<p><strong>Year:<\/strong>\u00a01977<\/p>\n<p><strong>Serial : <\/strong>523XXXX<\/p>\n<p><strong>Case:<\/strong>\u00a0Beau boitier tr\u00e8s \u00e9pais et avec des angles encore bien pr\u00e9sents. Lunette en parfait \u00e9tat. Insert d\u2019origine fat font MK3 tr\u00e8s rare belle patine bleut\u00e9e. Aucuns chocs visibles. La montre est en parfait \u00e9tat.<\/p>\n<p><strong>Dial:<\/strong>\u00a0Beau cadran d\u2019origine serif dial avec une tr\u00e8s belle patine homog\u00e8ne tournant a au vanille. Tr\u00e8s bel ensemble g\u00e9n\u00e9ral. Cadran en parfait \u00e9tat. Les aiguilles sont parfaitement matching \u00e0 la patine des indexes.<\/p>\n<p><strong>Bracelet :<\/strong> Steel Rolex later ref 93150 endlink 580<\/p>\n<p><strong>Accessories: <\/strong>None<\/p>","protected":false},"featured_media":13229,"template":"","meta":[],"pwb-brand":[432],"product_brand":[],"product_cat":[107,368,90,244],"product_tag":[397,142,127,345,135,101],"class_list":{"0":"post-13258","1":"product","2":"type-product","3":"status-publish","4":"has-post-thumbnail","6":"pwb-brand-rolex","7":"product_cat-archives","8":"product_cat-montres-ph-watches","9":"product_cat-rolex","10":"product_cat-rolex-submariner","11":"product_tag-397","12":"product_tag-142","13":"product_tag-rolex","14":"product_tag-serif-dial","15":"product_tag-submariner","16":"product_tag-vintage","18":"first","19":"outofstock","20":"shipping-taxable","21":"product-type-simple"},"yoast_head":"<!-- This site is optimized with the Yoast SEO plugin v27.3 - https:\/\/yoast.com\/product\/yoast-seo-wordpress\/ -->\n<title>Rolex submariner ref 5513 serif dial vanilla from 1977 &#8226; PARIS HEURE<\/title>\n<meta name=\"description\" content=\"Marque: Rolex Mod\u00e8le: Submariner Mouvement : Auto cal 1520 R\u00e9f\u00e9rence: 5513 Diam\u00e8tre : 40mm Ann\u00e9e: 1977 Serial : 523XXXX Boite: Beau boitier tr\u00e8s \u00e9pais\" \/>\n<meta name=\"robots\" content=\"index, follow, max-snippet:-1, max-image-preview:large, max-video-preview:-1\" \/>\n<link rel=\"canonical\" href=\"https:\/\/www.parisheure.com\/en\/buy-watch\/rolex-submariner-ref-5513-serif-dial-vanilla-from-1977-stock-ph-watches\/\" \/>\n<meta property=\"og:locale\" content=\"en_US\" \/>\n<meta property=\"og:type\" content=\"article\" \/>\n<meta property=\"og:title\" content=\"Rolex submariner ref 5513 serif dial vanilla from 1977 &#8226; PARIS HEURE\" \/>\n<meta property=\"og:description\" content=\"Marque: Rolex Mod\u00e8le: Submariner Mouvement : Auto cal 1520 R\u00e9f\u00e9rence: 5513 Diam\u00e8tre : 40mm Ann\u00e9e: 1977 Serial : 523XXXX Boite: Beau boitier tr\u00e8s \u00e9pais\" \/>\n<meta property=\"og:url\" content=\"https:\/\/www.parisheure.com\/en\/buy-watch\/rolex-submariner-ref-5513-serif-dial-vanilla-from-1977-stock-ph-watches\/\" \/>\n<meta property=\"og:site_name\" content=\"PARIS HEURE\" \/>\n<meta property=\"article:publisher\" content=\"https:\/\/www.facebook.com\/ParisHeure\" \/>\n<meta property=\"article:modified_time\" content=\"2025-01-06T15:28:56+00:00\" \/>\n<meta property=\"og:image\" content=\"https:\/\/www.parisheure.com\/wp-content\/uploads\/2023\/05\/ROLEX-SUBMARINER-REF-5513-SERIF-DIAL-PERFECT-MK3-FROM-1979-N\u00b0-523XXXX-_0016_Calque-2-scaled.jpg\" \/>\n\t<meta property=\"og:image:width\" content=\"2560\" \/>\n\t<meta property=\"og:image:height\" content=\"2560\" \/>\n\t<meta property=\"og:image:type\" content=\"image\/jpeg\" \/>\n<meta name=\"twitter:card\" content=\"summary_large_image\" \/>\n<script type=\"application\/ld+json\" class=\"yoast-schema-graph\">{\"@context\":\"https:\\\/\\\/schema.org\",\"@graph\":[{\"@type\":\"WebPage\",\"@id\":\"https:\\\/\\\/www.parisheure.com\\\/acheter-montre\\\/rolex-submariner-ref-5513-serif-dial-vanilla-from-1977-stock-ph-watches\\\/\",\"url\":\"https:\\\/\\\/www.parisheure.com\\\/acheter-montre\\\/rolex-submariner-ref-5513-serif-dial-vanilla-from-1977-stock-ph-watches\\\/\",\"name\":\"Rolex submariner ref 5513 serif dial vanilla from 1977 &#8226; PARIS HEURE\",\"isPartOf\":{\"@id\":\"https:\\\/\\\/www.parisheure.com\\\/#website\"},\"primaryImageOfPage\":{\"@id\":\"https:\\\/\\\/www.parisheure.com\\\/acheter-montre\\\/rolex-submariner-ref-5513-serif-dial-vanilla-from-1977-stock-ph-watches\\\/#primaryimage\"},\"image\":{\"@id\":\"https:\\\/\\\/www.parisheure.com\\\/acheter-montre\\\/rolex-submariner-ref-5513-serif-dial-vanilla-from-1977-stock-ph-watches\\\/#primaryimage\"},\"thumbnailUrl\":\"https:\\\/\\\/www.parisheure.com\\\/wp-content\\\/uploads\\\/2023\\\/05\\\/ROLEX-SUBMARINER-REF-5513-SERIF-DIAL-PERFECT-MK3-FROM-1979-N\u00b0-523XXXX-_0016_Calque-2-scaled.jpg\",\"datePublished\":\"2023-05-20T09:40:09+00:00\",\"dateModified\":\"2025-01-06T15:28:56+00:00\",\"description\":\"Marque: Rolex Mod\u00e8le: Submariner Mouvement : Auto cal 1520 R\u00e9f\u00e9rence: 5513 Diam\u00e8tre : 40mm Ann\u00e9e: 1977 Serial : 523XXXX Boite: Beau boitier tr\u00e8s \u00e9pais\",\"breadcrumb\":{\"@id\":\"https:\\\/\\\/www.parisheure.com\\\/acheter-montre\\\/rolex-submariner-ref-5513-serif-dial-vanilla-from-1977-stock-ph-watches\\\/#breadcrumb\"},\"inLanguage\":\"en-US\",\"potentialAction\":[{\"@type\":\"ReadAction\",\"target\":[\"https:\\\/\\\/www.parisheure.com\\\/acheter-montre\\\/rolex-submariner-ref-5513-serif-dial-vanilla-from-1977-stock-ph-watches\\\/\"]}]},{\"@type\":\"ImageObject\",\"inLanguage\":\"en-US\",\"@id\":\"https:\\\/\\\/www.parisheure.com\\\/acheter-montre\\\/rolex-submariner-ref-5513-serif-dial-vanilla-from-1977-stock-ph-watches\\\/#primaryimage\",\"url\":\"https:\\\/\\\/www.parisheure.com\\\/wp-content\\\/uploads\\\/2023\\\/05\\\/ROLEX-SUBMARINER-REF-5513-SERIF-DIAL-PERFECT-MK3-FROM-1979-N\u00b0-523XXXX-_0016_Calque-2-scaled.jpg\",\"contentUrl\":\"https:\\\/\\\/www.parisheure.com\\\/wp-content\\\/uploads\\\/2023\\\/05\\\/ROLEX-SUBMARINER-REF-5513-SERIF-DIAL-PERFECT-MK3-FROM-1979-N\u00b0-523XXXX-_0016_Calque-2-scaled.jpg\",\"width\":2560,\"height\":2560},{\"@type\":\"BreadcrumbList\",\"@id\":\"https:\\\/\\\/www.parisheure.com\\\/acheter-montre\\\/rolex-submariner-ref-5513-serif-dial-vanilla-from-1977-stock-ph-watches\\\/#breadcrumb\",\"itemListElement\":[{\"@type\":\"ListItem\",\"position\":1,\"name\":\"Accueil\",\"item\":\"https:\\\/\\\/www.parisheure.com\\\/\"},{\"@type\":\"ListItem\",\"position\":2,\"name\":\"WATCHES\",\"item\":\"https:\\\/\\\/www.parisheure.com\\\/\"},{\"@type\":\"ListItem\",\"position\":3,\"name\":\"Rolex submariner ref 5513 serif dial vanilla from 1977 ( stock ph watches )\"}]},{\"@type\":\"WebSite\",\"@id\":\"https:\\\/\\\/www.parisheure.com\\\/#website\",\"url\":\"https:\\\/\\\/www.parisheure.com\\\/\",\"name\":\"PARIS HEURE\",\"description\":\"Vintage watches Paris\",\"publisher\":{\"@id\":\"https:\\\/\\\/www.parisheure.com\\\/#organization\"},\"potentialAction\":[{\"@type\":\"SearchAction\",\"target\":{\"@type\":\"EntryPoint\",\"urlTemplate\":\"https:\\\/\\\/www.parisheure.com\\\/?s={search_term_string}\"},\"query-input\":{\"@type\":\"PropertyValueSpecification\",\"valueRequired\":true,\"valueName\":\"search_term_string\"}}],\"inLanguage\":\"en-US\"},{\"@type\":\"Organization\",\"@id\":\"https:\\\/\\\/www.parisheure.com\\\/#organization\",\"name\":\"PARIS HEURE\",\"url\":\"https:\\\/\\\/www.parisheure.com\\\/\",\"logo\":{\"@type\":\"ImageObject\",\"inLanguage\":\"en-US\",\"@id\":\"https:\\\/\\\/www.parisheure.com\\\/#\\\/schema\\\/logo\\\/image\\\/\",\"url\":\"https:\\\/\\\/www.parisheure.com\\\/wp-content\\\/uploads\\\/2021\\\/07\\\/cropped-logo-paris-heure.png\",\"contentUrl\":\"https:\\\/\\\/www.parisheure.com\\\/wp-content\\\/uploads\\\/2021\\\/07\\\/cropped-logo-paris-heure.png\",\"width\":512,\"height\":512,\"caption\":\"PARIS HEURE\"},\"image\":{\"@id\":\"https:\\\/\\\/www.parisheure.com\\\/#\\\/schema\\\/logo\\\/image\\\/\"},\"sameAs\":[\"https:\\\/\\\/www.facebook.com\\\/ParisHeure\",\"https:\\\/\\\/www.instagram.com\\\/parisheure\\\/\"]}]}<\/script>\n<!-- \/ Yoast SEO plugin. -->","yoast_head_json":{"title":"Rolex submariner ref 5513 serif dial vanilla from 1977 &#8226; PARIS HEURE","description":"Marque: Rolex Mod\u00e8le: Submariner Mouvement : Auto cal 1520 R\u00e9f\u00e9rence: 5513 Diam\u00e8tre : 40mm Ann\u00e9e: 1977 Serial : 523XXXX Boite: Beau boitier tr\u00e8s \u00e9pais","robots":{"index":"index","follow":"follow","max-snippet":"max-snippet:-1","max-image-preview":"max-image-preview:large","max-video-preview":"max-video-preview:-1"},"canonical":"https:\/\/www.parisheure.com\/en\/buy-watch\/rolex-submariner-ref-5513-serif-dial-vanilla-from-1977-stock-ph-watches\/","og_locale":"en_US","og_type":"article","og_title":"Rolex submariner ref 5513 serif dial vanilla from 1977 &#8226; PARIS HEURE","og_description":"Marque: Rolex Mod\u00e8le: Submariner Mouvement : Auto cal 1520 R\u00e9f\u00e9rence: 5513 Diam\u00e8tre : 40mm Ann\u00e9e: 1977 Serial : 523XXXX Boite: Beau boitier tr\u00e8s \u00e9pais","og_url":"https:\/\/www.parisheure.com\/en\/buy-watch\/rolex-submariner-ref-5513-serif-dial-vanilla-from-1977-stock-ph-watches\/","og_site_name":"PARIS HEURE","article_publisher":"https:\/\/www.facebook.com\/ParisHeure","article_modified_time":"2025-01-06T15:28:56+00:00","og_image":[{"width":2560,"height":2560,"url":"https:\/\/www.parisheure.com\/wp-content\/uploads\/2023\/05\/ROLEX-SUBMARINER-REF-5513-SERIF-DIAL-PERFECT-MK3-FROM-1979-N\u00b0-523XXXX-_0016_Calque-2-scaled.jpg","type":"image\/jpeg"}],"twitter_card":"summary_large_image","schema":{"@context":"https:\/\/schema.org","@graph":[{"@type":"WebPage","@id":"https:\/\/www.parisheure.com\/acheter-montre\/rolex-submariner-ref-5513-serif-dial-vanilla-from-1977-stock-ph-watches\/","url":"https:\/\/www.parisheure.com\/acheter-montre\/rolex-submariner-ref-5513-serif-dial-vanilla-from-1977-stock-ph-watches\/","name":"Rolex submariner ref 5513 serif dial vanilla from 1977 &#8226; PARIS HEURE","isPartOf":{"@id":"https:\/\/www.parisheure.com\/#website"},"primaryImageOfPage":{"@id":"https:\/\/www.parisheure.com\/acheter-montre\/rolex-submariner-ref-5513-serif-dial-vanilla-from-1977-stock-ph-watches\/#primaryimage"},"image":{"@id":"https:\/\/www.parisheure.com\/acheter-montre\/rolex-submariner-ref-5513-serif-dial-vanilla-from-1977-stock-ph-watches\/#primaryimage"},"thumbnailUrl":"https:\/\/www.parisheure.com\/wp-content\/uploads\/2023\/05\/ROLEX-SUBMARINER-REF-5513-SERIF-DIAL-PERFECT-MK3-FROM-1979-N\u00b0-523XXXX-_0016_Calque-2-scaled.jpg","datePublished":"2023-05-20T09:40:09+00:00","dateModified":"2025-01-06T15:28:56+00:00","description":"Marque: Rolex Mod\u00e8le: Submariner Mouvement : Auto cal 1520 R\u00e9f\u00e9rence: 5513 Diam\u00e8tre : 40mm Ann\u00e9e: 1977 Serial : 523XXXX Boite: Beau boitier tr\u00e8s \u00e9pais","breadcrumb":{"@id":"https:\/\/www.parisheure.com\/acheter-montre\/rolex-submariner-ref-5513-serif-dial-vanilla-from-1977-stock-ph-watches\/#breadcrumb"},"inLanguage":"en-US","potentialAction":[{"@type":"ReadAction","target":["https:\/\/www.parisheure.com\/acheter-montre\/rolex-submariner-ref-5513-serif-dial-vanilla-from-1977-stock-ph-watches\/"]}]},{"@type":"ImageObject","inLanguage":"en-US","@id":"https:\/\/www.parisheure.com\/acheter-montre\/rolex-submariner-ref-5513-serif-dial-vanilla-from-1977-stock-ph-watches\/#primaryimage","url":"https:\/\/www.parisheure.com\/wp-content\/uploads\/2023\/05\/ROLEX-SUBMARINER-REF-5513-SERIF-DIAL-PERFECT-MK3-FROM-1979-N\u00b0-523XXXX-_0016_Calque-2-scaled.jpg","contentUrl":"https:\/\/www.parisheure.com\/wp-content\/uploads\/2023\/05\/ROLEX-SUBMARINER-REF-5513-SERIF-DIAL-PERFECT-MK3-FROM-1979-N\u00b0-523XXXX-_0016_Calque-2-scaled.jpg","width":2560,"height":2560},{"@type":"BreadcrumbList","@id":"https:\/\/www.parisheure.com\/acheter-montre\/rolex-submariner-ref-5513-serif-dial-vanilla-from-1977-stock-ph-watches\/#breadcrumb","itemListElement":[{"@type":"ListItem","position":1,"name":"Accueil","item":"https:\/\/www.parisheure.com\/"},{"@type":"ListItem","position":2,"name":"WATCHES","item":"https:\/\/www.parisheure.com\/"},{"@type":"ListItem","position":3,"name":"Rolex submariner ref 5513 serif dial vanilla from 1977 ( stock ph watches )"}]},{"@type":"WebSite","@id":"https:\/\/www.parisheure.com\/#website","url":"https:\/\/www.parisheure.com\/","name":"PARIS HEURE","description":"Vintage watches Paris","publisher":{"@id":"https:\/\/www.parisheure.com\/#organization"},"potentialAction":[{"@type":"SearchAction","target":{"@type":"EntryPoint","urlTemplate":"https:\/\/www.parisheure.com\/?s={search_term_string}"},"query-input":{"@type":"PropertyValueSpecification","valueRequired":true,"valueName":"search_term_string"}}],"inLanguage":"en-US"},{"@type":"Organization","@id":"https:\/\/www.parisheure.com\/#organization","name":"PARIS HEURE","url":"https:\/\/www.parisheure.com\/","logo":{"@type":"ImageObject","inLanguage":"en-US","@id":"https:\/\/www.parisheure.com\/#\/schema\/logo\/image\/","url":"https:\/\/www.parisheure.com\/wp-content\/uploads\/2021\/07\/cropped-logo-paris-heure.png","contentUrl":"https:\/\/www.parisheure.com\/wp-content\/uploads\/2021\/07\/cropped-logo-paris-heure.png","width":512,"height":512,"caption":"PARIS HEURE"},"image":{"@id":"https:\/\/www.parisheure.com\/#\/schema\/logo\/image\/"},"sameAs":["https:\/\/www.facebook.com\/ParisHeure","https:\/\/www.instagram.com\/parisheure\/"]}]}},"jetpack_sharing_enabled":true,"brands":[{"id":432,"name":"Rolex","slug":"rolex"}],"_links":{"self":[{"href":"https:\/\/www.parisheure.com\/en\/wp-json\/wp\/v2\/product\/13258","targetHints":{"allow":["GET"]}}],"collection":[{"href":"https:\/\/www.parisheure.com\/en\/wp-json\/wp\/v2\/product"}],"about":[{"href":"https:\/\/www.parisheure.com\/en\/wp-json\/wp\/v2\/types\/product"}],"version-history":[{"count":5,"href":"https:\/\/www.parisheure.com\/en\/wp-json\/wp\/v2\/product\/13258\/revisions"}],"predecessor-version":[{"id":14746,"href":"https:\/\/www.parisheure.com\/en\/wp-json\/wp\/v2\/product\/13258\/revisions\/14746"}],"wp:featuredmedia":[{"embeddable":true,"href":"https:\/\/www.parisheure.com\/en\/wp-json\/wp\/v2\/media\/13229"}],"wp:attachment":[{"href":"https:\/\/www.parisheure.com\/en\/wp-json\/wp\/v2\/media?parent=13258"}],"wp:term":[{"taxonomy":"pwb-brand","embeddable":true,"href":"https:\/\/www.parisheure.com\/en\/wp-json\/wp\/v2\/pwb-brand?post=13258"},{"taxonomy":"product_brand","embeddable":true,"href":"https:\/\/www.parisheure.com\/en\/wp-json\/wp\/v2\/product_brand?post=13258"},{"taxonomy":"product_cat","embeddable":true,"href":"https:\/\/www.parisheure.com\/en\/wp-json\/wp\/v2\/product_cat?post=13258"},{"taxonomy":"product_tag","embeddable":true,"href":"https:\/\/www.parisheure.com\/en\/wp-json\/wp\/v2\/product_tag?post=13258"}],"curies":[{"name":"wp","href":"https:\/\/api.w.org\/{rel}","templated":true}]}}