{"id":13262,"date":"2023-05-23T16:16:04","date_gmt":"2023-05-23T14:16:04","guid":{"rendered":"https:\/\/www.parisheure.com\/?post_type=product&#038;p=13262"},"modified":"2024-10-22T16:37:02","modified_gmt":"2024-10-22T14:37:02","slug":"rolex-explorer-ii-ref-1655-mk2-mat-dial-frog-foot-freccione-from-1977","status":"publish","type":"product","link":"https:\/\/www.parisheure.com\/en\/buy-watch\/rolex-explorer-ii-ref-1655-mk2-mat-dial-frog-foot-freccione-from-1977\/","title":{"rendered":"ROLEX EXPLORER II REF 1655 MK2 MAT DIAL FROG FOOT FRECCIONE from 1977 ( STOCK PH WATCHES )"},"content":{"rendered":"<p><strong><em>Our opinion: <\/em><\/strong>The Explorer II, also known as the \"Freccione\" or \"Steeve Mc Queen\", is a fully-fledged watch in the rolex sport range. This watch, dedicated to explorers, has a unique dial with square hour markers for 24-hour timekeeping and rectangular hour markers for 12-hour timekeeping. This legibility system has never been used on any other model by the brand. Another special feature of this model is its orange 24-hour hand. This complication was of little use in an era of tool watches, making it a model that was rarely produced because of low demand, and therefore quite rare today compared to other sport models in the range that are more affordable for the general public. This is also one of the rarest MK2 series, with a beautiful patina and, if sought-after vanilla, its needle has also patinated to a superb vanilla yellow.<\/p>","protected":false},"excerpt":{"rendered":"<p><strong><em>Brand:\u00a0\u00a0 <\/em><\/strong>ROLEX<\/p>\n<p><strong><em>Model:\u00a0<\/em><\/strong>EXPLORER II FRECCIONE<\/p>\n<p><strong><em>Reference:\u00a0<\/em><\/strong>1655<\/p>\n<p><strong><em>Year:\u00a0<\/em><\/strong>1977<\/p>\n<p><strong><em>Serial :\u00a0<\/em><\/strong>539XXXX<\/p>\n<p><strong><em>Diameter\u00a0: <\/em><\/strong>39 MM<\/p>\n<p><strong><em>Bezel: <\/em><\/strong>Magnificent bezel with all its black markings still very much in evidence. A bezel graduated from 2 to 24, quite unique in that it indicates the time over 24 hours thanks to its large orange-turned-yellow hand with a beautiful patina. It indicates the time by turning only once in 24 hours. This hand was used by explorers who could spend several days in caves without natural light, and therefore needed a specific indication to determine whether it was 8 a.m. or 8 p.m., for example. As a result, this bezel is non-directional and fixed.<\/p>\n<p><strong><em>Case:\u00a0<\/em><\/strong>Very nice, almost unpolished case, still very thick, with nice, well-presented chamfers, no major dents or scratches. Chamfers still visible and in perfect condition. Caseback in perfect condition and unoxidized thread engraved 1655.<\/p>\n<p><strong><em>Movement\u00a0:<\/em><\/strong> Automatic calibre 1570<\/p>\n<p><strong><em>Dial:\u00a0<\/em><\/strong>Beautiful original black dial with very specific indexes showing the hours over 12 and 24 hours with a magnificent vanilla yellow patina and hands that match really well. Very rare MK2 series \"T swiss T\" only and frog foot coronet<\/p>","protected":false},"featured_media":13116,"template":"","meta":[],"pwb-brand":[432],"product_brand":[],"product_cat":[107,368,90,245],"product_tag":[283,397,281,398,199,127,101],"class_list":{"0":"post-13262","1":"product","2":"type-product","3":"status-publish","4":"has-post-thumbnail","6":"pwb-brand-rolex","7":"product_cat-archives","8":"product_cat-montres-ph-watches","9":"product_cat-rolex","10":"product_cat-rolex-explorer","11":"product_tag-283","12":"product_tag-397","13":"product_tag-explorer-ii","14":"product_tag-freccione","15":"product_tag-mk2","16":"product_tag-rolex","17":"product_tag-vintage","19":"first","20":"outofstock","21":"shipping-taxable","22":"product-type-simple"},"yoast_head":"<!-- This site is optimized with the Yoast SEO plugin v27.3 - https:\/\/yoast.com\/product\/yoast-seo-wordpress\/ -->\n<title>ROLEX EXPLORER II REF 1655 MK2 MAT DIAL FROG FOOT FRECCIONE<\/title>\n<meta name=\"description\" content=\"Marque: ROLEX Mod\u00e8le: EXPLORER II FRECCIONE R\u00e9f\u00e9rence: 1655 Ann\u00e9e: 1977 Serial : 539XXXX Diam\u00e8tre : 39 MM Boite: Tr\u00e8s beau boitier quasiment pas polie\" \/>\n<meta name=\"robots\" content=\"index, follow, max-snippet:-1, max-image-preview:large, max-video-preview:-1\" \/>\n<link rel=\"canonical\" href=\"https:\/\/www.parisheure.com\/en\/buy-watch\/rolex-explorer-ii-ref-1655-mk2-mat-dial-frog-foot-freccione-from-1977\/\" \/>\n<meta property=\"og:locale\" content=\"en_US\" \/>\n<meta property=\"og:type\" content=\"article\" \/>\n<meta property=\"og:title\" content=\"ROLEX EXPLORER II REF 1655 MK2 MAT DIAL FROG FOOT FRECCIONE\" \/>\n<meta property=\"og:description\" content=\"Marque: ROLEX Mod\u00e8le: EXPLORER II FRECCIONE R\u00e9f\u00e9rence: 1655 Ann\u00e9e: 1977 Serial : 539XXXX Diam\u00e8tre : 39 MM Boite: Tr\u00e8s beau boitier quasiment pas polie\" \/>\n<meta property=\"og:url\" content=\"https:\/\/www.parisheure.com\/en\/buy-watch\/rolex-explorer-ii-ref-1655-mk2-mat-dial-frog-foot-freccione-from-1977\/\" \/>\n<meta property=\"og:site_name\" content=\"PARIS HEURE\" \/>\n<meta property=\"article:publisher\" content=\"https:\/\/www.facebook.com\/ParisHeure\" \/>\n<meta property=\"article:modified_time\" content=\"2024-10-22T14:37:02+00:00\" \/>\n<meta property=\"og:image\" content=\"https:\/\/www.parisheure.com\/wp-content\/uploads\/2023\/05\/ROLEX-EXPLORER-II-REF-1655-MK2-MAT-DIAL-FROG-FOOT-N\u00b0538XXXX-MVT-D081XXXX-_0024_Calque-2-scaled.jpg\" \/>\n\t<meta property=\"og:image:width\" content=\"2560\" \/>\n\t<meta property=\"og:image:height\" content=\"2560\" \/>\n\t<meta property=\"og:image:type\" content=\"image\/jpeg\" \/>\n<meta name=\"twitter:card\" content=\"summary_large_image\" \/>\n<script type=\"application\/ld+json\" class=\"yoast-schema-graph\">{\"@context\":\"https:\\\/\\\/schema.org\",\"@graph\":[{\"@type\":\"WebPage\",\"@id\":\"https:\\\/\\\/www.parisheure.com\\\/acheter-montre\\\/rolex-explorer-ii-ref-1655-mk2-mat-dial-frog-foot-freccione-from-1977\\\/\",\"url\":\"https:\\\/\\\/www.parisheure.com\\\/acheter-montre\\\/rolex-explorer-ii-ref-1655-mk2-mat-dial-frog-foot-freccione-from-1977\\\/\",\"name\":\"ROLEX EXPLORER II REF 1655 MK2 MAT DIAL FROG FOOT FRECCIONE\",\"isPartOf\":{\"@id\":\"https:\\\/\\\/www.parisheure.com\\\/#website\"},\"primaryImageOfPage\":{\"@id\":\"https:\\\/\\\/www.parisheure.com\\\/acheter-montre\\\/rolex-explorer-ii-ref-1655-mk2-mat-dial-frog-foot-freccione-from-1977\\\/#primaryimage\"},\"image\":{\"@id\":\"https:\\\/\\\/www.parisheure.com\\\/acheter-montre\\\/rolex-explorer-ii-ref-1655-mk2-mat-dial-frog-foot-freccione-from-1977\\\/#primaryimage\"},\"thumbnailUrl\":\"https:\\\/\\\/www.parisheure.com\\\/wp-content\\\/uploads\\\/2023\\\/05\\\/ROLEX-EXPLORER-II-REF-1655-MK2-MAT-DIAL-FROG-FOOT-N\u00b0538XXXX-MVT-D081XXXX-_0024_Calque-2-scaled.jpg\",\"datePublished\":\"2023-05-23T14:16:04+00:00\",\"dateModified\":\"2024-10-22T14:37:02+00:00\",\"description\":\"Marque: ROLEX Mod\u00e8le: EXPLORER II FRECCIONE R\u00e9f\u00e9rence: 1655 Ann\u00e9e: 1977 Serial : 539XXXX Diam\u00e8tre : 39 MM Boite: Tr\u00e8s beau boitier quasiment pas polie\",\"breadcrumb\":{\"@id\":\"https:\\\/\\\/www.parisheure.com\\\/acheter-montre\\\/rolex-explorer-ii-ref-1655-mk2-mat-dial-frog-foot-freccione-from-1977\\\/#breadcrumb\"},\"inLanguage\":\"en-US\",\"potentialAction\":[{\"@type\":\"ReadAction\",\"target\":[\"https:\\\/\\\/www.parisheure.com\\\/acheter-montre\\\/rolex-explorer-ii-ref-1655-mk2-mat-dial-frog-foot-freccione-from-1977\\\/\"]}]},{\"@type\":\"ImageObject\",\"inLanguage\":\"en-US\",\"@id\":\"https:\\\/\\\/www.parisheure.com\\\/acheter-montre\\\/rolex-explorer-ii-ref-1655-mk2-mat-dial-frog-foot-freccione-from-1977\\\/#primaryimage\",\"url\":\"https:\\\/\\\/www.parisheure.com\\\/wp-content\\\/uploads\\\/2023\\\/05\\\/ROLEX-EXPLORER-II-REF-1655-MK2-MAT-DIAL-FROG-FOOT-N\u00b0538XXXX-MVT-D081XXXX-_0024_Calque-2-scaled.jpg\",\"contentUrl\":\"https:\\\/\\\/www.parisheure.com\\\/wp-content\\\/uploads\\\/2023\\\/05\\\/ROLEX-EXPLORER-II-REF-1655-MK2-MAT-DIAL-FROG-FOOT-N\u00b0538XXXX-MVT-D081XXXX-_0024_Calque-2-scaled.jpg\",\"width\":2560,\"height\":2560},{\"@type\":\"BreadcrumbList\",\"@id\":\"https:\\\/\\\/www.parisheure.com\\\/acheter-montre\\\/rolex-explorer-ii-ref-1655-mk2-mat-dial-frog-foot-freccione-from-1977\\\/#breadcrumb\",\"itemListElement\":[{\"@type\":\"ListItem\",\"position\":1,\"name\":\"Accueil\",\"item\":\"https:\\\/\\\/www.parisheure.com\\\/\"},{\"@type\":\"ListItem\",\"position\":2,\"name\":\"WATCHES\",\"item\":\"https:\\\/\\\/www.parisheure.com\\\/\"},{\"@type\":\"ListItem\",\"position\":3,\"name\":\"ROLEX EXPLORER II REF 1655 MK2 MAT DIAL FROG FOOT FRECCIONE from 1977 ( STOCK PH WATCHES )\"}]},{\"@type\":\"WebSite\",\"@id\":\"https:\\\/\\\/www.parisheure.com\\\/#website\",\"url\":\"https:\\\/\\\/www.parisheure.com\\\/\",\"name\":\"PARIS HEURE\",\"description\":\"Vintage watches Paris\",\"publisher\":{\"@id\":\"https:\\\/\\\/www.parisheure.com\\\/#organization\"},\"potentialAction\":[{\"@type\":\"SearchAction\",\"target\":{\"@type\":\"EntryPoint\",\"urlTemplate\":\"https:\\\/\\\/www.parisheure.com\\\/?s={search_term_string}\"},\"query-input\":{\"@type\":\"PropertyValueSpecification\",\"valueRequired\":true,\"valueName\":\"search_term_string\"}}],\"inLanguage\":\"en-US\"},{\"@type\":\"Organization\",\"@id\":\"https:\\\/\\\/www.parisheure.com\\\/#organization\",\"name\":\"PARIS HEURE\",\"url\":\"https:\\\/\\\/www.parisheure.com\\\/\",\"logo\":{\"@type\":\"ImageObject\",\"inLanguage\":\"en-US\",\"@id\":\"https:\\\/\\\/www.parisheure.com\\\/#\\\/schema\\\/logo\\\/image\\\/\",\"url\":\"https:\\\/\\\/www.parisheure.com\\\/wp-content\\\/uploads\\\/2021\\\/07\\\/cropped-logo-paris-heure.png\",\"contentUrl\":\"https:\\\/\\\/www.parisheure.com\\\/wp-content\\\/uploads\\\/2021\\\/07\\\/cropped-logo-paris-heure.png\",\"width\":512,\"height\":512,\"caption\":\"PARIS HEURE\"},\"image\":{\"@id\":\"https:\\\/\\\/www.parisheure.com\\\/#\\\/schema\\\/logo\\\/image\\\/\"},\"sameAs\":[\"https:\\\/\\\/www.facebook.com\\\/ParisHeure\",\"https:\\\/\\\/www.instagram.com\\\/parisheure\\\/\"]}]}<\/script>\n<!-- \/ Yoast SEO plugin. -->","yoast_head_json":{"title":"ROLEX EXPLORER II REF 1655 MK2 MAT DIAL FROG FOOT FRECCIONE","description":"Marque: ROLEX Mod\u00e8le: EXPLORER II FRECCIONE R\u00e9f\u00e9rence: 1655 Ann\u00e9e: 1977 Serial : 539XXXX Diam\u00e8tre : 39 MM Boite: Tr\u00e8s beau boitier quasiment pas polie","robots":{"index":"index","follow":"follow","max-snippet":"max-snippet:-1","max-image-preview":"max-image-preview:large","max-video-preview":"max-video-preview:-1"},"canonical":"https:\/\/www.parisheure.com\/en\/buy-watch\/rolex-explorer-ii-ref-1655-mk2-mat-dial-frog-foot-freccione-from-1977\/","og_locale":"en_US","og_type":"article","og_title":"ROLEX EXPLORER II REF 1655 MK2 MAT DIAL FROG FOOT FRECCIONE","og_description":"Marque: ROLEX Mod\u00e8le: EXPLORER II FRECCIONE R\u00e9f\u00e9rence: 1655 Ann\u00e9e: 1977 Serial : 539XXXX Diam\u00e8tre : 39 MM Boite: Tr\u00e8s beau boitier quasiment pas polie","og_url":"https:\/\/www.parisheure.com\/en\/buy-watch\/rolex-explorer-ii-ref-1655-mk2-mat-dial-frog-foot-freccione-from-1977\/","og_site_name":"PARIS HEURE","article_publisher":"https:\/\/www.facebook.com\/ParisHeure","article_modified_time":"2024-10-22T14:37:02+00:00","og_image":[{"width":2560,"height":2560,"url":"https:\/\/www.parisheure.com\/wp-content\/uploads\/2023\/05\/ROLEX-EXPLORER-II-REF-1655-MK2-MAT-DIAL-FROG-FOOT-N\u00b0538XXXX-MVT-D081XXXX-_0024_Calque-2-scaled.jpg","type":"image\/jpeg"}],"twitter_card":"summary_large_image","schema":{"@context":"https:\/\/schema.org","@graph":[{"@type":"WebPage","@id":"https:\/\/www.parisheure.com\/acheter-montre\/rolex-explorer-ii-ref-1655-mk2-mat-dial-frog-foot-freccione-from-1977\/","url":"https:\/\/www.parisheure.com\/acheter-montre\/rolex-explorer-ii-ref-1655-mk2-mat-dial-frog-foot-freccione-from-1977\/","name":"ROLEX EXPLORER II REF 1655 MK2 MAT DIAL FROG FOOT FRECCIONE","isPartOf":{"@id":"https:\/\/www.parisheure.com\/#website"},"primaryImageOfPage":{"@id":"https:\/\/www.parisheure.com\/acheter-montre\/rolex-explorer-ii-ref-1655-mk2-mat-dial-frog-foot-freccione-from-1977\/#primaryimage"},"image":{"@id":"https:\/\/www.parisheure.com\/acheter-montre\/rolex-explorer-ii-ref-1655-mk2-mat-dial-frog-foot-freccione-from-1977\/#primaryimage"},"thumbnailUrl":"https:\/\/www.parisheure.com\/wp-content\/uploads\/2023\/05\/ROLEX-EXPLORER-II-REF-1655-MK2-MAT-DIAL-FROG-FOOT-N\u00b0538XXXX-MVT-D081XXXX-_0024_Calque-2-scaled.jpg","datePublished":"2023-05-23T14:16:04+00:00","dateModified":"2024-10-22T14:37:02+00:00","description":"Marque: ROLEX Mod\u00e8le: EXPLORER II FRECCIONE R\u00e9f\u00e9rence: 1655 Ann\u00e9e: 1977 Serial : 539XXXX Diam\u00e8tre : 39 MM Boite: Tr\u00e8s beau boitier quasiment pas polie","breadcrumb":{"@id":"https:\/\/www.parisheure.com\/acheter-montre\/rolex-explorer-ii-ref-1655-mk2-mat-dial-frog-foot-freccione-from-1977\/#breadcrumb"},"inLanguage":"en-US","potentialAction":[{"@type":"ReadAction","target":["https:\/\/www.parisheure.com\/acheter-montre\/rolex-explorer-ii-ref-1655-mk2-mat-dial-frog-foot-freccione-from-1977\/"]}]},{"@type":"ImageObject","inLanguage":"en-US","@id":"https:\/\/www.parisheure.com\/acheter-montre\/rolex-explorer-ii-ref-1655-mk2-mat-dial-frog-foot-freccione-from-1977\/#primaryimage","url":"https:\/\/www.parisheure.com\/wp-content\/uploads\/2023\/05\/ROLEX-EXPLORER-II-REF-1655-MK2-MAT-DIAL-FROG-FOOT-N\u00b0538XXXX-MVT-D081XXXX-_0024_Calque-2-scaled.jpg","contentUrl":"https:\/\/www.parisheure.com\/wp-content\/uploads\/2023\/05\/ROLEX-EXPLORER-II-REF-1655-MK2-MAT-DIAL-FROG-FOOT-N\u00b0538XXXX-MVT-D081XXXX-_0024_Calque-2-scaled.jpg","width":2560,"height":2560},{"@type":"BreadcrumbList","@id":"https:\/\/www.parisheure.com\/acheter-montre\/rolex-explorer-ii-ref-1655-mk2-mat-dial-frog-foot-freccione-from-1977\/#breadcrumb","itemListElement":[{"@type":"ListItem","position":1,"name":"Accueil","item":"https:\/\/www.parisheure.com\/"},{"@type":"ListItem","position":2,"name":"WATCHES","item":"https:\/\/www.parisheure.com\/"},{"@type":"ListItem","position":3,"name":"ROLEX EXPLORER II REF 1655 MK2 MAT DIAL FROG FOOT FRECCIONE from 1977 ( STOCK PH WATCHES )"}]},{"@type":"WebSite","@id":"https:\/\/www.parisheure.com\/#website","url":"https:\/\/www.parisheure.com\/","name":"PARIS HEURE","description":"Vintage watches Paris","publisher":{"@id":"https:\/\/www.parisheure.com\/#organization"},"potentialAction":[{"@type":"SearchAction","target":{"@type":"EntryPoint","urlTemplate":"https:\/\/www.parisheure.com\/?s={search_term_string}"},"query-input":{"@type":"PropertyValueSpecification","valueRequired":true,"valueName":"search_term_string"}}],"inLanguage":"en-US"},{"@type":"Organization","@id":"https:\/\/www.parisheure.com\/#organization","name":"PARIS HEURE","url":"https:\/\/www.parisheure.com\/","logo":{"@type":"ImageObject","inLanguage":"en-US","@id":"https:\/\/www.parisheure.com\/#\/schema\/logo\/image\/","url":"https:\/\/www.parisheure.com\/wp-content\/uploads\/2021\/07\/cropped-logo-paris-heure.png","contentUrl":"https:\/\/www.parisheure.com\/wp-content\/uploads\/2021\/07\/cropped-logo-paris-heure.png","width":512,"height":512,"caption":"PARIS HEURE"},"image":{"@id":"https:\/\/www.parisheure.com\/#\/schema\/logo\/image\/"},"sameAs":["https:\/\/www.facebook.com\/ParisHeure","https:\/\/www.instagram.com\/parisheure\/"]}]}},"jetpack_sharing_enabled":true,"brands":[{"id":432,"name":"Rolex","slug":"rolex"}],"_links":{"self":[{"href":"https:\/\/www.parisheure.com\/en\/wp-json\/wp\/v2\/product\/13262","targetHints":{"allow":["GET"]}}],"collection":[{"href":"https:\/\/www.parisheure.com\/en\/wp-json\/wp\/v2\/product"}],"about":[{"href":"https:\/\/www.parisheure.com\/en\/wp-json\/wp\/v2\/types\/product"}],"version-history":[{"count":1,"href":"https:\/\/www.parisheure.com\/en\/wp-json\/wp\/v2\/product\/13262\/revisions"}],"predecessor-version":[{"id":14129,"href":"https:\/\/www.parisheure.com\/en\/wp-json\/wp\/v2\/product\/13262\/revisions\/14129"}],"wp:featuredmedia":[{"embeddable":true,"href":"https:\/\/www.parisheure.com\/en\/wp-json\/wp\/v2\/media\/13116"}],"wp:attachment":[{"href":"https:\/\/www.parisheure.com\/en\/wp-json\/wp\/v2\/media?parent=13262"}],"wp:term":[{"taxonomy":"pwb-brand","embeddable":true,"href":"https:\/\/www.parisheure.com\/en\/wp-json\/wp\/v2\/pwb-brand?post=13262"},{"taxonomy":"product_brand","embeddable":true,"href":"https:\/\/www.parisheure.com\/en\/wp-json\/wp\/v2\/product_brand?post=13262"},{"taxonomy":"product_cat","embeddable":true,"href":"https:\/\/www.parisheure.com\/en\/wp-json\/wp\/v2\/product_cat?post=13262"},{"taxonomy":"product_tag","embeddable":true,"href":"https:\/\/www.parisheure.com\/en\/wp-json\/wp\/v2\/product_tag?post=13262"}],"curies":[{"name":"wp","href":"https:\/\/api.w.org\/{rel}","templated":true}]}}