{"id":13268,"date":"2023-05-23T16:52:41","date_gmt":"2023-05-23T14:52:41","guid":{"rendered":"https:\/\/www.parisheure.com\/?post_type=product&#038;p=13268"},"modified":"2026-01-16T14:12:57","modified_gmt":"2026-01-16T13:12:57","slug":"patek-philippe-aquanaut-ref-5065-tritium-archives-from-2003","status":"publish","type":"product","link":"https:\/\/www.parisheure.com\/en\/buy-watch\/patek-philippe-aquanaut-ref-5065-tritium-archives-from-2003\/","title":{"rendered":"Patek Philippe aquanaut ref 5065 tritium archives from 2003"},"content":{"rendered":"<p><strong>Our opinion: <\/strong>Aquanaut model, waterproof sports range from Patek, automatic movement, Patek Philippe caliber 315 SC. The first Jumbo reference ref 5065 from Patek Philippe. They are even cheaper than the modern ones so don't hesitate, the same phenomenon has already happened in the Nautilus and the explosion in the price of old references. This has the particularity of having a tritium dial which has a magnificent, very rare and sought-after orange PUMPKIN patina. A true modern collector's watch in perfect condition! Watch delivered with its archives!<\/p>","protected":false},"excerpt":{"rendered":"<h4><strong>Exceptional Patek Philippe aquanaut ref 5065 tritium archives from 2003<\/strong><\/h4>\n<p><strong>Movement :<\/strong> Automatic 315 SC<\/p>\n<p><strong>Reference :<\/strong> 5065A<\/p>\n<p><strong>Diameter :<\/strong> 38 mm<\/p>\n<p><strong>Year\u00a0:<\/strong> 2003<\/p>\n<p><strong>Case :<\/strong> Beautiful unpolished case in good condition. The angles remain present. The last year of production of the 5065 tritum!!!<\/p>\n<p><strong>Dial:<\/strong> Beautiful original black dial without any defects with a tritium index patina that has turned into a super rare PUMPKIN orange, the hands also match well.<\/p>\n<p><strong>Bracelet: <\/strong>: PP rubber steel folding clasp.<\/p>\n<p><strong>Accessories: <\/strong>Archives certificate.<\/p>","protected":false},"featured_media":12704,"template":"","meta":[],"pwb-brand":[436],"product_brand":[],"product_cat":[107,368,91],"product_tag":[178,226,228,118,193,227,101],"class_list":{"0":"post-13268","1":"product","2":"type-product","3":"status-publish","4":"has-post-thumbnail","6":"pwb-brand-patek-philippe","7":"product_cat-archives","8":"product_cat-montres-ph-watches","9":"product_cat-patek-philippe","10":"product_tag-178","11":"product_tag-226","12":"product_tag-archives","13":"product_tag-patek","14":"product_tag-pumpkin","15":"product_tag-tritium","16":"product_tag-vintage","18":"first","19":"outofstock","20":"shipping-taxable","21":"product-type-simple"},"yoast_head":"<!-- This site is optimized with the Yoast SEO plugin v27.4 - https:\/\/yoast.com\/product\/yoast-seo-wordpress\/ -->\n<title>Patek Philippe aquanaut ref 5065 tritium archives from 2003 &#8226; PARIS HEURE<\/title>\n<meta name=\"description\" content=\"Patek Philippe aquanaut ref 5065 tritium archives from 2003 Mouvement : Auto 315 SC R\u00e9f\u00e9rence : 5065A Diam\u00e8tre : 38 mm Ann\u00e9e : 2003 Boitier : Bel \u00e9tat\" \/>\n<meta name=\"robots\" content=\"index, follow, max-snippet:-1, max-image-preview:large, max-video-preview:-1\" \/>\n<link rel=\"canonical\" href=\"https:\/\/www.parisheure.com\/en\/buy-watch\/patek-philippe-aquanaut-ref-5065-tritium-archives-from-2003\/\" \/>\n<meta property=\"og:locale\" content=\"en_US\" \/>\n<meta property=\"og:type\" content=\"article\" \/>\n<meta property=\"og:title\" content=\"Patek Philippe aquanaut ref 5065 tritium archives from 2003 &#8226; PARIS HEURE\" \/>\n<meta property=\"og:description\" content=\"Patek Philippe aquanaut ref 5065 tritium archives from 2003 Mouvement : Auto 315 SC R\u00e9f\u00e9rence : 5065A Diam\u00e8tre : 38 mm Ann\u00e9e : 2003 Boitier : Bel \u00e9tat\" \/>\n<meta property=\"og:url\" content=\"https:\/\/www.parisheure.com\/en\/buy-watch\/patek-philippe-aquanaut-ref-5065-tritium-archives-from-2003\/\" \/>\n<meta property=\"og:site_name\" content=\"PARIS HEURE\" \/>\n<meta property=\"article:publisher\" content=\"https:\/\/www.facebook.com\/ParisHeure\" \/>\n<meta property=\"article:modified_time\" content=\"2026-01-16T13:12:57+00:00\" \/>\n<meta property=\"og:image\" content=\"https:\/\/www.parisheure.com\/wp-content\/uploads\/2023\/04\/TO-DO-PATEK-AQUANAUT-REF-5065-ARCHIVE-FROM-N\u00b0325XXXX-_-413XXXX-MVT-315SC_0013_Calque-7-scaled.jpg\" \/>\n\t<meta property=\"og:image:width\" content=\"2560\" \/>\n\t<meta property=\"og:image:height\" content=\"2560\" \/>\n\t<meta property=\"og:image:type\" content=\"image\/jpeg\" \/>\n<meta name=\"twitter:card\" content=\"summary_large_image\" \/>\n<script type=\"application\/ld+json\" class=\"yoast-schema-graph\">{\"@context\":\"https:\\\/\\\/schema.org\",\"@graph\":[{\"@type\":\"WebPage\",\"@id\":\"https:\\\/\\\/www.parisheure.com\\\/acheter-montre\\\/patek-philippe-aquanaut-ref-5065-tritium-archives-from-2003\\\/\",\"url\":\"https:\\\/\\\/www.parisheure.com\\\/acheter-montre\\\/patek-philippe-aquanaut-ref-5065-tritium-archives-from-2003\\\/\",\"name\":\"Patek Philippe aquanaut ref 5065 tritium archives from 2003 &#8226; PARIS HEURE\",\"isPartOf\":{\"@id\":\"https:\\\/\\\/www.parisheure.com\\\/#website\"},\"primaryImageOfPage\":{\"@id\":\"https:\\\/\\\/www.parisheure.com\\\/acheter-montre\\\/patek-philippe-aquanaut-ref-5065-tritium-archives-from-2003\\\/#primaryimage\"},\"image\":{\"@id\":\"https:\\\/\\\/www.parisheure.com\\\/acheter-montre\\\/patek-philippe-aquanaut-ref-5065-tritium-archives-from-2003\\\/#primaryimage\"},\"thumbnailUrl\":\"https:\\\/\\\/www.parisheure.com\\\/wp-content\\\/uploads\\\/2023\\\/04\\\/TO-DO-PATEK-AQUANAUT-REF-5065-ARCHIVE-FROM-N\u00b0325XXXX-_-413XXXX-MVT-315SC_0013_Calque-7-scaled.jpg\",\"datePublished\":\"2023-05-23T14:52:41+00:00\",\"dateModified\":\"2026-01-16T13:12:57+00:00\",\"description\":\"Patek Philippe aquanaut ref 5065 tritium archives from 2003 Mouvement : Auto 315 SC R\u00e9f\u00e9rence : 5065A Diam\u00e8tre : 38 mm Ann\u00e9e : 2003 Boitier : Bel \u00e9tat\",\"breadcrumb\":{\"@id\":\"https:\\\/\\\/www.parisheure.com\\\/acheter-montre\\\/patek-philippe-aquanaut-ref-5065-tritium-archives-from-2003\\\/#breadcrumb\"},\"inLanguage\":\"en-US\",\"potentialAction\":[{\"@type\":\"ReadAction\",\"target\":[\"https:\\\/\\\/www.parisheure.com\\\/acheter-montre\\\/patek-philippe-aquanaut-ref-5065-tritium-archives-from-2003\\\/\"]}]},{\"@type\":\"ImageObject\",\"inLanguage\":\"en-US\",\"@id\":\"https:\\\/\\\/www.parisheure.com\\\/acheter-montre\\\/patek-philippe-aquanaut-ref-5065-tritium-archives-from-2003\\\/#primaryimage\",\"url\":\"https:\\\/\\\/www.parisheure.com\\\/wp-content\\\/uploads\\\/2023\\\/04\\\/TO-DO-PATEK-AQUANAUT-REF-5065-ARCHIVE-FROM-N\u00b0325XXXX-_-413XXXX-MVT-315SC_0013_Calque-7-scaled.jpg\",\"contentUrl\":\"https:\\\/\\\/www.parisheure.com\\\/wp-content\\\/uploads\\\/2023\\\/04\\\/TO-DO-PATEK-AQUANAUT-REF-5065-ARCHIVE-FROM-N\u00b0325XXXX-_-413XXXX-MVT-315SC_0013_Calque-7-scaled.jpg\",\"width\":2560,\"height\":2560},{\"@type\":\"BreadcrumbList\",\"@id\":\"https:\\\/\\\/www.parisheure.com\\\/acheter-montre\\\/patek-philippe-aquanaut-ref-5065-tritium-archives-from-2003\\\/#breadcrumb\",\"itemListElement\":[{\"@type\":\"ListItem\",\"position\":1,\"name\":\"Accueil\",\"item\":\"https:\\\/\\\/www.parisheure.com\\\/\"},{\"@type\":\"ListItem\",\"position\":2,\"name\":\"WATCHES\",\"item\":\"https:\\\/\\\/www.parisheure.com\\\/\"},{\"@type\":\"ListItem\",\"position\":3,\"name\":\"Patek Philippe aquanaut ref 5065 tritium archives from 2003\"}]},{\"@type\":\"WebSite\",\"@id\":\"https:\\\/\\\/www.parisheure.com\\\/#website\",\"url\":\"https:\\\/\\\/www.parisheure.com\\\/\",\"name\":\"PARIS HEURE\",\"description\":\"Vintage watches Paris\",\"publisher\":{\"@id\":\"https:\\\/\\\/www.parisheure.com\\\/#organization\"},\"potentialAction\":[{\"@type\":\"SearchAction\",\"target\":{\"@type\":\"EntryPoint\",\"urlTemplate\":\"https:\\\/\\\/www.parisheure.com\\\/?s={search_term_string}\"},\"query-input\":{\"@type\":\"PropertyValueSpecification\",\"valueRequired\":true,\"valueName\":\"search_term_string\"}}],\"inLanguage\":\"en-US\"},{\"@type\":\"Organization\",\"@id\":\"https:\\\/\\\/www.parisheure.com\\\/#organization\",\"name\":\"PARIS HEURE\",\"url\":\"https:\\\/\\\/www.parisheure.com\\\/\",\"logo\":{\"@type\":\"ImageObject\",\"inLanguage\":\"en-US\",\"@id\":\"https:\\\/\\\/www.parisheure.com\\\/#\\\/schema\\\/logo\\\/image\\\/\",\"url\":\"https:\\\/\\\/www.parisheure.com\\\/wp-content\\\/uploads\\\/2021\\\/07\\\/cropped-logo-paris-heure.png\",\"contentUrl\":\"https:\\\/\\\/www.parisheure.com\\\/wp-content\\\/uploads\\\/2021\\\/07\\\/cropped-logo-paris-heure.png\",\"width\":512,\"height\":512,\"caption\":\"PARIS HEURE\"},\"image\":{\"@id\":\"https:\\\/\\\/www.parisheure.com\\\/#\\\/schema\\\/logo\\\/image\\\/\"},\"sameAs\":[\"https:\\\/\\\/www.facebook.com\\\/ParisHeure\",\"https:\\\/\\\/www.instagram.com\\\/parisheure\\\/\"]}]}<\/script>\n<!-- \/ Yoast SEO plugin. -->","yoast_head_json":{"title":"Patek Philippe aquanaut ref 5065 tritium archives from 2003 &#8226; PARIS HEURE","description":"Patek Philippe aquanaut ref 5065 tritium archives from 2003 Mouvement : Auto 315 SC R\u00e9f\u00e9rence : 5065A Diam\u00e8tre : 38 mm Ann\u00e9e : 2003 Boitier : Bel \u00e9tat","robots":{"index":"index","follow":"follow","max-snippet":"max-snippet:-1","max-image-preview":"max-image-preview:large","max-video-preview":"max-video-preview:-1"},"canonical":"https:\/\/www.parisheure.com\/en\/buy-watch\/patek-philippe-aquanaut-ref-5065-tritium-archives-from-2003\/","og_locale":"en_US","og_type":"article","og_title":"Patek Philippe aquanaut ref 5065 tritium archives from 2003 &#8226; PARIS HEURE","og_description":"Patek Philippe aquanaut ref 5065 tritium archives from 2003 Mouvement : Auto 315 SC R\u00e9f\u00e9rence : 5065A Diam\u00e8tre : 38 mm Ann\u00e9e : 2003 Boitier : Bel \u00e9tat","og_url":"https:\/\/www.parisheure.com\/en\/buy-watch\/patek-philippe-aquanaut-ref-5065-tritium-archives-from-2003\/","og_site_name":"PARIS HEURE","article_publisher":"https:\/\/www.facebook.com\/ParisHeure","article_modified_time":"2026-01-16T13:12:57+00:00","og_image":[{"width":2560,"height":2560,"url":"https:\/\/www.parisheure.com\/wp-content\/uploads\/2023\/04\/TO-DO-PATEK-AQUANAUT-REF-5065-ARCHIVE-FROM-N\u00b0325XXXX-_-413XXXX-MVT-315SC_0013_Calque-7-scaled.jpg","type":"image\/jpeg"}],"twitter_card":"summary_large_image","schema":{"@context":"https:\/\/schema.org","@graph":[{"@type":"WebPage","@id":"https:\/\/www.parisheure.com\/acheter-montre\/patek-philippe-aquanaut-ref-5065-tritium-archives-from-2003\/","url":"https:\/\/www.parisheure.com\/acheter-montre\/patek-philippe-aquanaut-ref-5065-tritium-archives-from-2003\/","name":"Patek Philippe aquanaut ref 5065 tritium archives from 2003 &#8226; PARIS HEURE","isPartOf":{"@id":"https:\/\/www.parisheure.com\/#website"},"primaryImageOfPage":{"@id":"https:\/\/www.parisheure.com\/acheter-montre\/patek-philippe-aquanaut-ref-5065-tritium-archives-from-2003\/#primaryimage"},"image":{"@id":"https:\/\/www.parisheure.com\/acheter-montre\/patek-philippe-aquanaut-ref-5065-tritium-archives-from-2003\/#primaryimage"},"thumbnailUrl":"https:\/\/www.parisheure.com\/wp-content\/uploads\/2023\/04\/TO-DO-PATEK-AQUANAUT-REF-5065-ARCHIVE-FROM-N\u00b0325XXXX-_-413XXXX-MVT-315SC_0013_Calque-7-scaled.jpg","datePublished":"2023-05-23T14:52:41+00:00","dateModified":"2026-01-16T13:12:57+00:00","description":"Patek Philippe aquanaut ref 5065 tritium archives from 2003 Mouvement : Auto 315 SC R\u00e9f\u00e9rence : 5065A Diam\u00e8tre : 38 mm Ann\u00e9e : 2003 Boitier : Bel \u00e9tat","breadcrumb":{"@id":"https:\/\/www.parisheure.com\/acheter-montre\/patek-philippe-aquanaut-ref-5065-tritium-archives-from-2003\/#breadcrumb"},"inLanguage":"en-US","potentialAction":[{"@type":"ReadAction","target":["https:\/\/www.parisheure.com\/acheter-montre\/patek-philippe-aquanaut-ref-5065-tritium-archives-from-2003\/"]}]},{"@type":"ImageObject","inLanguage":"en-US","@id":"https:\/\/www.parisheure.com\/acheter-montre\/patek-philippe-aquanaut-ref-5065-tritium-archives-from-2003\/#primaryimage","url":"https:\/\/www.parisheure.com\/wp-content\/uploads\/2023\/04\/TO-DO-PATEK-AQUANAUT-REF-5065-ARCHIVE-FROM-N\u00b0325XXXX-_-413XXXX-MVT-315SC_0013_Calque-7-scaled.jpg","contentUrl":"https:\/\/www.parisheure.com\/wp-content\/uploads\/2023\/04\/TO-DO-PATEK-AQUANAUT-REF-5065-ARCHIVE-FROM-N\u00b0325XXXX-_-413XXXX-MVT-315SC_0013_Calque-7-scaled.jpg","width":2560,"height":2560},{"@type":"BreadcrumbList","@id":"https:\/\/www.parisheure.com\/acheter-montre\/patek-philippe-aquanaut-ref-5065-tritium-archives-from-2003\/#breadcrumb","itemListElement":[{"@type":"ListItem","position":1,"name":"Accueil","item":"https:\/\/www.parisheure.com\/"},{"@type":"ListItem","position":2,"name":"WATCHES","item":"https:\/\/www.parisheure.com\/"},{"@type":"ListItem","position":3,"name":"Patek Philippe aquanaut ref 5065 tritium archives from 2003"}]},{"@type":"WebSite","@id":"https:\/\/www.parisheure.com\/#website","url":"https:\/\/www.parisheure.com\/","name":"PARIS HEURE","description":"Vintage watches Paris","publisher":{"@id":"https:\/\/www.parisheure.com\/#organization"},"potentialAction":[{"@type":"SearchAction","target":{"@type":"EntryPoint","urlTemplate":"https:\/\/www.parisheure.com\/?s={search_term_string}"},"query-input":{"@type":"PropertyValueSpecification","valueRequired":true,"valueName":"search_term_string"}}],"inLanguage":"en-US"},{"@type":"Organization","@id":"https:\/\/www.parisheure.com\/#organization","name":"PARIS HEURE","url":"https:\/\/www.parisheure.com\/","logo":{"@type":"ImageObject","inLanguage":"en-US","@id":"https:\/\/www.parisheure.com\/#\/schema\/logo\/image\/","url":"https:\/\/www.parisheure.com\/wp-content\/uploads\/2021\/07\/cropped-logo-paris-heure.png","contentUrl":"https:\/\/www.parisheure.com\/wp-content\/uploads\/2021\/07\/cropped-logo-paris-heure.png","width":512,"height":512,"caption":"PARIS HEURE"},"image":{"@id":"https:\/\/www.parisheure.com\/#\/schema\/logo\/image\/"},"sameAs":["https:\/\/www.facebook.com\/ParisHeure","https:\/\/www.instagram.com\/parisheure\/"]}]}},"jetpack_sharing_enabled":true,"brands":[{"id":436,"name":"Patek Philippe","slug":"patek-philippe"}],"_links":{"self":[{"href":"https:\/\/www.parisheure.com\/en\/wp-json\/wp\/v2\/product\/13268","targetHints":{"allow":["GET"]}}],"collection":[{"href":"https:\/\/www.parisheure.com\/en\/wp-json\/wp\/v2\/product"}],"about":[{"href":"https:\/\/www.parisheure.com\/en\/wp-json\/wp\/v2\/types\/product"}],"version-history":[{"count":8,"href":"https:\/\/www.parisheure.com\/en\/wp-json\/wp\/v2\/product\/13268\/revisions"}],"predecessor-version":[{"id":15311,"href":"https:\/\/www.parisheure.com\/en\/wp-json\/wp\/v2\/product\/13268\/revisions\/15311"}],"wp:featuredmedia":[{"embeddable":true,"href":"https:\/\/www.parisheure.com\/en\/wp-json\/wp\/v2\/media\/12704"}],"wp:attachment":[{"href":"https:\/\/www.parisheure.com\/en\/wp-json\/wp\/v2\/media?parent=13268"}],"wp:term":[{"taxonomy":"pwb-brand","embeddable":true,"href":"https:\/\/www.parisheure.com\/en\/wp-json\/wp\/v2\/pwb-brand?post=13268"},{"taxonomy":"product_brand","embeddable":true,"href":"https:\/\/www.parisheure.com\/en\/wp-json\/wp\/v2\/product_brand?post=13268"},{"taxonomy":"product_cat","embeddable":true,"href":"https:\/\/www.parisheure.com\/en\/wp-json\/wp\/v2\/product_cat?post=13268"},{"taxonomy":"product_tag","embeddable":true,"href":"https:\/\/www.parisheure.com\/en\/wp-json\/wp\/v2\/product_tag?post=13268"}],"curies":[{"name":"wp","href":"https:\/\/api.w.org\/{rel}","templated":true}]}}